{"id":4725,"date":"2024-12-17T08:01:49","date_gmt":"2024-12-17T07:01:49","guid":{"rendered":"http:\/\/volumec.com\/prodotto\/ccm001-carrello-con-colonna-di-sollevamento\/"},"modified":"2025-04-01T10:25:56","modified_gmt":"2025-04-01T08:25:56","slug":"ccm001-chariot-avec-colonne-de-levage","status":"publish","type":"product","link":"https:\/\/volumec.com\/fr\/prodotto\/ccm001-chariot-avec-colonne-de-levage\/","title":{"rendered":"CCM001 : CHARIOT AVEC COLONNE DE LEVAGE"},"content":{"rendered":"<p>avec 4 roues pivotantes, 2 avec frein, colonne de levage H= 2000 mm.<br \/>\nContr\u00f4l\u00e9 par un tournevis \u00e9lectrique ou pneumatique.<br \/>\nPoids : 220 kg (485 lb)<\/p>\n","protected":false},"excerpt":{"rendered":"<p>avec 4 roues pivotantes, 2 avec frein, colonne de levage H= 2000 mm.<br \/>\nContr\u00f4l\u00e9 par un tournevis \u00e9lectrique ou pneumatique.<br \/>\nPoids : 220 kg (485 lb)<\/p>\n","protected":false},"featured_media":618,"comment_status":"closed","ping_status":"closed","template":"","meta":{"_acf_changed":false,"inline_featured_image":false},"product_brand":[],"product_cat":[175,176,177,178,179,180,181,182,183,184,185,186,187,189,190,191,192],"product_tag":[],"class_list":{"0":"post-4725","1":"product","2":"type-product","3":"status-publish","4":"has-post-thumbnail","6":"product_cat-optional-et-220-fr","7":"product_cat-optional-et-300-fr","8":"product_cat-optional-et-300-2-fr","9":"product_cat-optional-et-500-fr","10":"product_cat-optional-jt2000-fr","11":"product_cat-optional-jt2150-fr","12":"product_cat-optional-jt2500-fr","13":"product_cat-optional-jt3000-fr","14":"product_cat-optional-jt-3150-fr","15":"product_cat-optional-jt3500-fr","16":"product_cat-optional-jt3750-fr","17":"product_cat-optional-jt3750m-fr","18":"product_cat-optional-jt3900-fr","19":"product_cat-optional-vt-512-fr","20":"product_cat-optional-vt-516-fr","21":"product_cat-optional-vt-600-fr","22":"product_cat-optional-vts-1000-fr","23":"entry","24":"has-media","26":"first","27":"instock","28":"shipping-taxable","29":"purchasable","30":"product-type-simple"},"acf":[],"yoast_head":"<!-- This site is optimized with the Yoast SEO plugin v25.1 - https:\/\/yoast.com\/wordpress\/plugins\/seo\/ -->\n<title>CCM001 : CHARIOT AVEC COLONNE DE LEVAGE - Volumec<\/title>\n<meta name=\"robots\" content=\"index, follow, max-snippet:-1, max-image-preview:large, max-video-preview:-1\" \/>\n<link rel=\"canonical\" href=\"https:\/\/volumec.com\/prodotto\/ccm001-carrello-con-colonna-di-sollevamento\/\" \/>\n<meta property=\"og:locale\" content=\"fr_FR\" \/>\n<meta property=\"og:type\" content=\"article\" \/>\n<meta property=\"og:title\" content=\"CCM001 : CHARIOT AVEC COLONNE DE LEVAGE - Volumec\" \/>\n<meta property=\"og:description\" content=\"avec 4 roues pivotantes, 2 avec frein, colonne de levage H= 2000 mm. Contr\u00f4l\u00e9 par un tournevis \u00e9lectrique ou pneumatique. Poids : 220 kg (485 lb)\" \/>\n<meta property=\"og:url\" content=\"https:\/\/volumec.com\/prodotto\/ccm001-carrello-con-colonna-di-sollevamento\/\" \/>\n<meta property=\"og:site_name\" content=\"Volumec\" \/>\n<meta property=\"article:modified_time\" content=\"2025-04-01T08:25:56+00:00\" \/>\n<meta property=\"og:image\" content=\"https:\/\/volumec.com\/wp-content\/uploads\/2024\/12\/ccm001-carrello-con-colonna-di-sollevamento.jpg\" \/>\n\t<meta property=\"og:image:width\" content=\"1128\" \/>\n\t<meta property=\"og:image:height\" content=\"1128\" \/>\n\t<meta property=\"og:image:type\" content=\"image\/jpeg\" \/>\n<meta name=\"twitter:card\" content=\"summary_large_image\" \/>\n<script type=\"application\/ld+json\" class=\"yoast-schema-graph\">{\"@context\":\"https:\/\/schema.org\",\"@graph\":[{\"@type\":\"WebPage\",\"@id\":\"https:\/\/volumec.com\/prodotto\/ccm001-carrello-con-colonna-di-sollevamento\/\",\"url\":\"https:\/\/volumec.com\/prodotto\/ccm001-carrello-con-colonna-di-sollevamento\/\",\"name\":\"CCM001 : CHARIOT AVEC COLONNE DE LEVAGE - Volumec\",\"isPartOf\":{\"@id\":\"https:\/\/www.volumec.com\/en\/#website\"},\"primaryImageOfPage\":{\"@id\":\"https:\/\/volumec.com\/prodotto\/ccm001-carrello-con-colonna-di-sollevamento\/#primaryimage\"},\"image\":{\"@id\":\"https:\/\/volumec.com\/prodotto\/ccm001-carrello-con-colonna-di-sollevamento\/#primaryimage\"},\"thumbnailUrl\":\"https:\/\/volumec.com\/wp-content\/uploads\/2024\/12\/ccm001-carrello-con-colonna-di-sollevamento.jpg\",\"datePublished\":\"2024-12-17T07:01:49+00:00\",\"dateModified\":\"2025-04-01T08:25:56+00:00\",\"breadcrumb\":{\"@id\":\"https:\/\/volumec.com\/prodotto\/ccm001-carrello-con-colonna-di-sollevamento\/#breadcrumb\"},\"inLanguage\":\"fr-FR\",\"potentialAction\":[{\"@type\":\"ReadAction\",\"target\":[\"https:\/\/volumec.com\/prodotto\/ccm001-carrello-con-colonna-di-sollevamento\/\"]}]},{\"@type\":\"ImageObject\",\"inLanguage\":\"fr-FR\",\"@id\":\"https:\/\/volumec.com\/prodotto\/ccm001-carrello-con-colonna-di-sollevamento\/#primaryimage\",\"url\":\"https:\/\/volumec.com\/wp-content\/uploads\/2024\/12\/ccm001-carrello-con-colonna-di-sollevamento.jpg\",\"contentUrl\":\"https:\/\/volumec.com\/wp-content\/uploads\/2024\/12\/ccm001-carrello-con-colonna-di-sollevamento.jpg\",\"width\":1128,\"height\":1128},{\"@type\":\"BreadcrumbList\",\"@id\":\"https:\/\/volumec.com\/prodotto\/ccm001-carrello-con-colonna-di-sollevamento\/#breadcrumb\",\"itemListElement\":[{\"@type\":\"ListItem\",\"position\":1,\"name\":\"Home\",\"item\":\"https:\/\/volumec.com\/fr\/\"},{\"@type\":\"ListItem\",\"position\":2,\"name\":\"Boutique\",\"item\":\"https:\/\/volumec.com\/fr\/boutique\/\"},{\"@type\":\"ListItem\",\"position\":3,\"name\":\"CCM001 : CHARIOT AVEC COLONNE DE LEVAGE\"}]},{\"@type\":\"WebSite\",\"@id\":\"https:\/\/www.volumec.com\/en\/#website\",\"url\":\"https:\/\/www.volumec.com\/en\/\",\"name\":\"Volumec.com\",\"description\":\"\",\"publisher\":{\"@id\":\"https:\/\/www.volumec.com\/en\/#organization\"},\"alternateName\":\"be innovative\",\"potentialAction\":[{\"@type\":\"SearchAction\",\"target\":{\"@type\":\"EntryPoint\",\"urlTemplate\":\"https:\/\/www.volumec.com\/en\/?s={search_term_string}\"},\"query-input\":{\"@type\":\"PropertyValueSpecification\",\"valueRequired\":true,\"valueName\":\"search_term_string\"}}],\"inLanguage\":\"fr-FR\"},{\"@type\":\"Organization\",\"@id\":\"https:\/\/www.volumec.com\/en\/#organization\",\"name\":\"Volumec\",\"url\":\"https:\/\/www.volumec.com\/en\/\",\"logo\":{\"@type\":\"ImageObject\",\"inLanguage\":\"fr-FR\",\"@id\":\"https:\/\/www.volumec.com\/en\/#\/schema\/logo\/image\/\",\"url\":\"https:\/\/volumec.com\/wp-content\/uploads\/2024\/12\/Volumec-logo.png\",\"contentUrl\":\"https:\/\/volumec.com\/wp-content\/uploads\/2024\/12\/Volumec-logo.png\",\"width\":320,\"height\":77,\"caption\":\"Volumec\"},\"image\":{\"@id\":\"https:\/\/www.volumec.com\/en\/#\/schema\/logo\/image\/\"}}]}<\/script>\n<!-- \/ Yoast SEO plugin. -->","yoast_head_json":{"title":"CCM001 : CHARIOT AVEC COLONNE DE LEVAGE - Volumec","robots":{"index":"index","follow":"follow","max-snippet":"max-snippet:-1","max-image-preview":"max-image-preview:large","max-video-preview":"max-video-preview:-1"},"canonical":"https:\/\/volumec.com\/prodotto\/ccm001-carrello-con-colonna-di-sollevamento\/","og_locale":"fr_FR","og_type":"article","og_title":"CCM001 : CHARIOT AVEC COLONNE DE LEVAGE - Volumec","og_description":"avec 4 roues pivotantes, 2 avec frein, colonne de levage H= 2000 mm. Contr\u00f4l\u00e9 par un tournevis \u00e9lectrique ou pneumatique. Poids : 220 kg (485 lb)","og_url":"https:\/\/volumec.com\/prodotto\/ccm001-carrello-con-colonna-di-sollevamento\/","og_site_name":"Volumec","article_modified_time":"2025-04-01T08:25:56+00:00","og_image":[{"width":1128,"height":1128,"url":"https:\/\/volumec.com\/wp-content\/uploads\/2024\/12\/ccm001-carrello-con-colonna-di-sollevamento.jpg","type":"image\/jpeg"}],"twitter_card":"summary_large_image","schema":{"@context":"https:\/\/schema.org","@graph":[{"@type":"WebPage","@id":"https:\/\/volumec.com\/prodotto\/ccm001-carrello-con-colonna-di-sollevamento\/","url":"https:\/\/volumec.com\/prodotto\/ccm001-carrello-con-colonna-di-sollevamento\/","name":"CCM001 : CHARIOT AVEC COLONNE DE LEVAGE - Volumec","isPartOf":{"@id":"https:\/\/www.volumec.com\/en\/#website"},"primaryImageOfPage":{"@id":"https:\/\/volumec.com\/prodotto\/ccm001-carrello-con-colonna-di-sollevamento\/#primaryimage"},"image":{"@id":"https:\/\/volumec.com\/prodotto\/ccm001-carrello-con-colonna-di-sollevamento\/#primaryimage"},"thumbnailUrl":"https:\/\/volumec.com\/wp-content\/uploads\/2024\/12\/ccm001-carrello-con-colonna-di-sollevamento.jpg","datePublished":"2024-12-17T07:01:49+00:00","dateModified":"2025-04-01T08:25:56+00:00","breadcrumb":{"@id":"https:\/\/volumec.com\/prodotto\/ccm001-carrello-con-colonna-di-sollevamento\/#breadcrumb"},"inLanguage":"fr-FR","potentialAction":[{"@type":"ReadAction","target":["https:\/\/volumec.com\/prodotto\/ccm001-carrello-con-colonna-di-sollevamento\/"]}]},{"@type":"ImageObject","inLanguage":"fr-FR","@id":"https:\/\/volumec.com\/prodotto\/ccm001-carrello-con-colonna-di-sollevamento\/#primaryimage","url":"https:\/\/volumec.com\/wp-content\/uploads\/2024\/12\/ccm001-carrello-con-colonna-di-sollevamento.jpg","contentUrl":"https:\/\/volumec.com\/wp-content\/uploads\/2024\/12\/ccm001-carrello-con-colonna-di-sollevamento.jpg","width":1128,"height":1128},{"@type":"BreadcrumbList","@id":"https:\/\/volumec.com\/prodotto\/ccm001-carrello-con-colonna-di-sollevamento\/#breadcrumb","itemListElement":[{"@type":"ListItem","position":1,"name":"Home","item":"https:\/\/volumec.com\/fr\/"},{"@type":"ListItem","position":2,"name":"Boutique","item":"https:\/\/volumec.com\/fr\/boutique\/"},{"@type":"ListItem","position":3,"name":"CCM001 : CHARIOT AVEC COLONNE DE LEVAGE"}]},{"@type":"WebSite","@id":"https:\/\/www.volumec.com\/en\/#website","url":"https:\/\/www.volumec.com\/en\/","name":"Volumec.com","description":"","publisher":{"@id":"https:\/\/www.volumec.com\/en\/#organization"},"alternateName":"be innovative","potentialAction":[{"@type":"SearchAction","target":{"@type":"EntryPoint","urlTemplate":"https:\/\/www.volumec.com\/en\/?s={search_term_string}"},"query-input":{"@type":"PropertyValueSpecification","valueRequired":true,"valueName":"search_term_string"}}],"inLanguage":"fr-FR"},{"@type":"Organization","@id":"https:\/\/www.volumec.com\/en\/#organization","name":"Volumec","url":"https:\/\/www.volumec.com\/en\/","logo":{"@type":"ImageObject","inLanguage":"fr-FR","@id":"https:\/\/www.volumec.com\/en\/#\/schema\/logo\/image\/","url":"https:\/\/volumec.com\/wp-content\/uploads\/2024\/12\/Volumec-logo.png","contentUrl":"https:\/\/volumec.com\/wp-content\/uploads\/2024\/12\/Volumec-logo.png","width":320,"height":77,"caption":"Volumec"},"image":{"@id":"https:\/\/www.volumec.com\/en\/#\/schema\/logo\/image\/"}}]}},"_links":{"self":[{"href":"https:\/\/volumec.com\/fr\/wp-json\/wp\/v2\/product\/4725","targetHints":{"allow":["GET"]}}],"collection":[{"href":"https:\/\/volumec.com\/fr\/wp-json\/wp\/v2\/product"}],"about":[{"href":"https:\/\/volumec.com\/fr\/wp-json\/wp\/v2\/types\/product"}],"replies":[{"embeddable":true,"href":"https:\/\/volumec.com\/fr\/wp-json\/wp\/v2\/comments?post=4725"}],"wp:featuredmedia":[{"embeddable":true,"href":"https:\/\/volumec.com\/fr\/wp-json\/wp\/v2\/media\/618"}],"wp:attachment":[{"href":"https:\/\/volumec.com\/fr\/wp-json\/wp\/v2\/media?parent=4725"}],"wp:term":[{"taxonomy":"product_brand","embeddable":true,"href":"https:\/\/volumec.com\/fr\/wp-json\/wp\/v2\/product_brand?post=4725"},{"taxonomy":"product_cat","embeddable":true,"href":"https:\/\/volumec.com\/fr\/wp-json\/wp\/v2\/product_cat?post=4725"},{"taxonomy":"product_tag","embeddable":true,"href":"https:\/\/volumec.com\/fr\/wp-json\/wp\/v2\/product_tag?post=4725"}],"curies":[{"name":"wp","href":"https:\/\/api.w.org\/{rel}","templated":true}]}}