{"id":3938,"date":"2024-12-17T07:26:55","date_gmt":"2024-12-17T06:26:55","guid":{"rendered":"http:\/\/volumec.com\/prodotto\/lst01-sistema-di-lubrificazione-automatica\/"},"modified":"2025-04-01T10:28:20","modified_gmt":"2025-04-01T08:28:20","slug":"lst01-systeme-de-lubrification-automatique","status":"publish","type":"product","link":"https:\/\/volumec.com\/fr\/prodotto\/lst01-systeme-de-lubrification-automatique\/","title":{"rendered":"LST01 &#8211; SYST\u00c8ME DE LUBRIFICATION AUTOMATIQUE"},"content":{"rendered":"<p>il se d\u00e9marre \u00e0 chaque taraudage en lubrifiant l\u2019outil dans la quanti\u00e9 desir\u00e9e.<\/p>\n","protected":false},"excerpt":{"rendered":"<p>il se d\u00e9marre \u00e0 chaque taraudage en lubrifiant l\u2019outil dans la quanti\u00e9 desir\u00e9e.<\/p>\n","protected":false},"featured_media":571,"comment_status":"closed","ping_status":"closed","template":"","meta":{"_acf_changed":false,"inline_featured_image":false},"product_brand":[],"product_cat":[258,259,260,261],"product_tag":[],"class_list":{"0":"post-3938","1":"product","2":"type-product","3":"status-publish","4":"has-post-thumbnail","6":"product_cat-accessori-et-fr","7":"product_cat-accessori-joytap-3-fr","8":"product_cat-accessori-jt3-3750-e-3900-fr","9":"product_cat-accessori-vt-vts-fr","10":"entry","11":"has-media","13":"first","14":"instock","15":"shipping-taxable","16":"purchasable","17":"product-type-simple"},"acf":[],"yoast_head":"<!-- This site is optimized with the Yoast SEO plugin v25.1 - https:\/\/yoast.com\/wordpress\/plugins\/seo\/ -->\n<title>LST01 - SYST\u00c8ME DE LUBRIFICATION AUTOMATIQUE - Volumec<\/title>\n<meta name=\"robots\" content=\"index, follow, max-snippet:-1, max-image-preview:large, max-video-preview:-1\" \/>\n<link rel=\"canonical\" href=\"https:\/\/volumec.com\/prodotto\/lst01-sistema-di-lubrificazione-automatica\/\" \/>\n<meta property=\"og:locale\" content=\"fr_FR\" \/>\n<meta property=\"og:type\" content=\"article\" \/>\n<meta property=\"og:title\" content=\"LST01 - SYST\u00c8ME DE LUBRIFICATION AUTOMATIQUE - Volumec\" \/>\n<meta property=\"og:description\" content=\"il se d\u00e9marre \u00e0 chaque taraudage en lubrifiant l\u2019outil dans la quanti\u00e9 desir\u00e9e.\" \/>\n<meta property=\"og:url\" content=\"https:\/\/volumec.com\/prodotto\/lst01-sistema-di-lubrificazione-automatica\/\" \/>\n<meta property=\"og:site_name\" content=\"Volumec\" \/>\n<meta property=\"article:modified_time\" content=\"2025-04-01T08:28:20+00:00\" \/>\n<meta property=\"og:image\" content=\"https:\/\/volumec.com\/wp-content\/uploads\/2024\/12\/lst01-sistema-di-lubrificazione-automatica-joytap.jpg\" \/>\n\t<meta property=\"og:image:width\" content=\"800\" \/>\n\t<meta property=\"og:image:height\" content=\"800\" \/>\n\t<meta property=\"og:image:type\" content=\"image\/jpeg\" \/>\n<meta name=\"twitter:card\" content=\"summary_large_image\" \/>\n<script type=\"application\/ld+json\" class=\"yoast-schema-graph\">{\"@context\":\"https:\/\/schema.org\",\"@graph\":[{\"@type\":\"WebPage\",\"@id\":\"https:\/\/volumec.com\/prodotto\/lst01-sistema-di-lubrificazione-automatica\/\",\"url\":\"https:\/\/volumec.com\/prodotto\/lst01-sistema-di-lubrificazione-automatica\/\",\"name\":\"LST01 - SYST\u00c8ME DE LUBRIFICATION AUTOMATIQUE - Volumec\",\"isPartOf\":{\"@id\":\"https:\/\/www.volumec.com\/en\/#website\"},\"primaryImageOfPage\":{\"@id\":\"https:\/\/volumec.com\/prodotto\/lst01-sistema-di-lubrificazione-automatica\/#primaryimage\"},\"image\":{\"@id\":\"https:\/\/volumec.com\/prodotto\/lst01-sistema-di-lubrificazione-automatica\/#primaryimage\"},\"thumbnailUrl\":\"https:\/\/volumec.com\/wp-content\/uploads\/2024\/12\/lst01-sistema-di-lubrificazione-automatica-joytap.jpg\",\"datePublished\":\"2024-12-17T06:26:55+00:00\",\"dateModified\":\"2025-04-01T08:28:20+00:00\",\"breadcrumb\":{\"@id\":\"https:\/\/volumec.com\/prodotto\/lst01-sistema-di-lubrificazione-automatica\/#breadcrumb\"},\"inLanguage\":\"fr-FR\",\"potentialAction\":[{\"@type\":\"ReadAction\",\"target\":[\"https:\/\/volumec.com\/prodotto\/lst01-sistema-di-lubrificazione-automatica\/\"]}]},{\"@type\":\"ImageObject\",\"inLanguage\":\"fr-FR\",\"@id\":\"https:\/\/volumec.com\/prodotto\/lst01-sistema-di-lubrificazione-automatica\/#primaryimage\",\"url\":\"https:\/\/volumec.com\/wp-content\/uploads\/2024\/12\/lst01-sistema-di-lubrificazione-automatica-joytap.jpg\",\"contentUrl\":\"https:\/\/volumec.com\/wp-content\/uploads\/2024\/12\/lst01-sistema-di-lubrificazione-automatica-joytap.jpg\",\"width\":800,\"height\":800},{\"@type\":\"BreadcrumbList\",\"@id\":\"https:\/\/volumec.com\/prodotto\/lst01-sistema-di-lubrificazione-automatica\/#breadcrumb\",\"itemListElement\":[{\"@type\":\"ListItem\",\"position\":1,\"name\":\"Home\",\"item\":\"https:\/\/volumec.com\/fr\/\"},{\"@type\":\"ListItem\",\"position\":2,\"name\":\"Boutique\",\"item\":\"https:\/\/volumec.com\/fr\/boutique\/\"},{\"@type\":\"ListItem\",\"position\":3,\"name\":\"LST01 &#8211; SYST\u00c8ME DE LUBRIFICATION AUTOMATIQUE\"}]},{\"@type\":\"WebSite\",\"@id\":\"https:\/\/www.volumec.com\/en\/#website\",\"url\":\"https:\/\/www.volumec.com\/en\/\",\"name\":\"Volumec.com\",\"description\":\"\",\"publisher\":{\"@id\":\"https:\/\/www.volumec.com\/en\/#organization\"},\"alternateName\":\"be innovative\",\"potentialAction\":[{\"@type\":\"SearchAction\",\"target\":{\"@type\":\"EntryPoint\",\"urlTemplate\":\"https:\/\/www.volumec.com\/en\/?s={search_term_string}\"},\"query-input\":{\"@type\":\"PropertyValueSpecification\",\"valueRequired\":true,\"valueName\":\"search_term_string\"}}],\"inLanguage\":\"fr-FR\"},{\"@type\":\"Organization\",\"@id\":\"https:\/\/www.volumec.com\/en\/#organization\",\"name\":\"Volumec\",\"url\":\"https:\/\/www.volumec.com\/en\/\",\"logo\":{\"@type\":\"ImageObject\",\"inLanguage\":\"fr-FR\",\"@id\":\"https:\/\/www.volumec.com\/en\/#\/schema\/logo\/image\/\",\"url\":\"https:\/\/volumec.com\/wp-content\/uploads\/2024\/12\/Volumec-logo.png\",\"contentUrl\":\"https:\/\/volumec.com\/wp-content\/uploads\/2024\/12\/Volumec-logo.png\",\"width\":320,\"height\":77,\"caption\":\"Volumec\"},\"image\":{\"@id\":\"https:\/\/www.volumec.com\/en\/#\/schema\/logo\/image\/\"}}]}<\/script>\n<!-- \/ Yoast SEO plugin. -->","yoast_head_json":{"title":"LST01 - SYST\u00c8ME DE LUBRIFICATION AUTOMATIQUE - Volumec","robots":{"index":"index","follow":"follow","max-snippet":"max-snippet:-1","max-image-preview":"max-image-preview:large","max-video-preview":"max-video-preview:-1"},"canonical":"https:\/\/volumec.com\/prodotto\/lst01-sistema-di-lubrificazione-automatica\/","og_locale":"fr_FR","og_type":"article","og_title":"LST01 - SYST\u00c8ME DE LUBRIFICATION AUTOMATIQUE - Volumec","og_description":"il se d\u00e9marre \u00e0 chaque taraudage en lubrifiant l\u2019outil dans la quanti\u00e9 desir\u00e9e.","og_url":"https:\/\/volumec.com\/prodotto\/lst01-sistema-di-lubrificazione-automatica\/","og_site_name":"Volumec","article_modified_time":"2025-04-01T08:28:20+00:00","og_image":[{"width":800,"height":800,"url":"https:\/\/volumec.com\/wp-content\/uploads\/2024\/12\/lst01-sistema-di-lubrificazione-automatica-joytap.jpg","type":"image\/jpeg"}],"twitter_card":"summary_large_image","schema":{"@context":"https:\/\/schema.org","@graph":[{"@type":"WebPage","@id":"https:\/\/volumec.com\/prodotto\/lst01-sistema-di-lubrificazione-automatica\/","url":"https:\/\/volumec.com\/prodotto\/lst01-sistema-di-lubrificazione-automatica\/","name":"LST01 - SYST\u00c8ME DE LUBRIFICATION AUTOMATIQUE - Volumec","isPartOf":{"@id":"https:\/\/www.volumec.com\/en\/#website"},"primaryImageOfPage":{"@id":"https:\/\/volumec.com\/prodotto\/lst01-sistema-di-lubrificazione-automatica\/#primaryimage"},"image":{"@id":"https:\/\/volumec.com\/prodotto\/lst01-sistema-di-lubrificazione-automatica\/#primaryimage"},"thumbnailUrl":"https:\/\/volumec.com\/wp-content\/uploads\/2024\/12\/lst01-sistema-di-lubrificazione-automatica-joytap.jpg","datePublished":"2024-12-17T06:26:55+00:00","dateModified":"2025-04-01T08:28:20+00:00","breadcrumb":{"@id":"https:\/\/volumec.com\/prodotto\/lst01-sistema-di-lubrificazione-automatica\/#breadcrumb"},"inLanguage":"fr-FR","potentialAction":[{"@type":"ReadAction","target":["https:\/\/volumec.com\/prodotto\/lst01-sistema-di-lubrificazione-automatica\/"]}]},{"@type":"ImageObject","inLanguage":"fr-FR","@id":"https:\/\/volumec.com\/prodotto\/lst01-sistema-di-lubrificazione-automatica\/#primaryimage","url":"https:\/\/volumec.com\/wp-content\/uploads\/2024\/12\/lst01-sistema-di-lubrificazione-automatica-joytap.jpg","contentUrl":"https:\/\/volumec.com\/wp-content\/uploads\/2024\/12\/lst01-sistema-di-lubrificazione-automatica-joytap.jpg","width":800,"height":800},{"@type":"BreadcrumbList","@id":"https:\/\/volumec.com\/prodotto\/lst01-sistema-di-lubrificazione-automatica\/#breadcrumb","itemListElement":[{"@type":"ListItem","position":1,"name":"Home","item":"https:\/\/volumec.com\/fr\/"},{"@type":"ListItem","position":2,"name":"Boutique","item":"https:\/\/volumec.com\/fr\/boutique\/"},{"@type":"ListItem","position":3,"name":"LST01 &#8211; SYST\u00c8ME DE LUBRIFICATION AUTOMATIQUE"}]},{"@type":"WebSite","@id":"https:\/\/www.volumec.com\/en\/#website","url":"https:\/\/www.volumec.com\/en\/","name":"Volumec.com","description":"","publisher":{"@id":"https:\/\/www.volumec.com\/en\/#organization"},"alternateName":"be innovative","potentialAction":[{"@type":"SearchAction","target":{"@type":"EntryPoint","urlTemplate":"https:\/\/www.volumec.com\/en\/?s={search_term_string}"},"query-input":{"@type":"PropertyValueSpecification","valueRequired":true,"valueName":"search_term_string"}}],"inLanguage":"fr-FR"},{"@type":"Organization","@id":"https:\/\/www.volumec.com\/en\/#organization","name":"Volumec","url":"https:\/\/www.volumec.com\/en\/","logo":{"@type":"ImageObject","inLanguage":"fr-FR","@id":"https:\/\/www.volumec.com\/en\/#\/schema\/logo\/image\/","url":"https:\/\/volumec.com\/wp-content\/uploads\/2024\/12\/Volumec-logo.png","contentUrl":"https:\/\/volumec.com\/wp-content\/uploads\/2024\/12\/Volumec-logo.png","width":320,"height":77,"caption":"Volumec"},"image":{"@id":"https:\/\/www.volumec.com\/en\/#\/schema\/logo\/image\/"}}]}},"_links":{"self":[{"href":"https:\/\/volumec.com\/fr\/wp-json\/wp\/v2\/product\/3938","targetHints":{"allow":["GET"]}}],"collection":[{"href":"https:\/\/volumec.com\/fr\/wp-json\/wp\/v2\/product"}],"about":[{"href":"https:\/\/volumec.com\/fr\/wp-json\/wp\/v2\/types\/product"}],"replies":[{"embeddable":true,"href":"https:\/\/volumec.com\/fr\/wp-json\/wp\/v2\/comments?post=3938"}],"wp:featuredmedia":[{"embeddable":true,"href":"https:\/\/volumec.com\/fr\/wp-json\/wp\/v2\/media\/571"}],"wp:attachment":[{"href":"https:\/\/volumec.com\/fr\/wp-json\/wp\/v2\/media?parent=3938"}],"wp:term":[{"taxonomy":"product_brand","embeddable":true,"href":"https:\/\/volumec.com\/fr\/wp-json\/wp\/v2\/product_brand?post=3938"},{"taxonomy":"product_cat","embeddable":true,"href":"https:\/\/volumec.com\/fr\/wp-json\/wp\/v2\/product_cat?post=3938"},{"taxonomy":"product_tag","embeddable":true,"href":"https:\/\/volumec.com\/fr\/wp-json\/wp\/v2\/product_tag?post=3938"}],"curies":[{"name":"wp","href":"https:\/\/api.w.org\/{rel}","templated":true}]}}