{"id":986,"date":"2025-01-07T17:01:31","date_gmt":"2025-01-07T16:01:31","guid":{"rendered":"http:\/\/volumec.com\/panier\/"},"modified":"2025-05-15T12:53:39","modified_gmt":"2025-05-15T10:53:39","slug":"panier-old","status":"publish","type":"page","link":"https:\/\/volumec.com\/fr\/panier-old\/","title":{"rendered":"Panier"},"content":{"rendered":"<div data-block-name=\"woocommerce\/cart\" class=\"wp-block-woocommerce-cart alignwide is-loading\"><div data-block-name=\"woocommerce\/filled-cart-block\" class=\"wp-block-woocommerce-filled-cart-block\"><div data-block-name=\"woocommerce\/cart-items-block\" class=\"wp-block-woocommerce-cart-items-block\"><div data-block-name=\"woocommerce\/cart-line-items-block\" class=\"wp-block-woocommerce-cart-line-items-block\"><\/div>\r\n\r\n<div data-block-name=\"woocommerce\/cart-cross-sells-block\" class=\"wp-block-woocommerce-cart-cross-sells-block\"><h2 class=\"wp-block-heading has-large-font-size\">Potresti essere interessato anche a\u2026<\/h2>\r\n\r\n<div data-block-name=\"woocommerce\/cart-cross-sells-products-block\" class=\"wp-block-woocommerce-cart-cross-sells-products-block\"><\/div><\/div><\/div>\r\n\r\n<div data-block-name=\"woocommerce\/cart-totals-block\" class=\"wp-block-woocommerce-cart-totals-block\"><div data-block-name=\"woocommerce\/cart-order-summary-block\" class=\"wp-block-woocommerce-cart-order-summary-block\"><div data-block-name=\"woocommerce\/cart-order-summary-heading-block\" class=\"wp-block-woocommerce-cart-order-summary-heading-block\"><\/div>\r\n\r\n<div data-block-name=\"woocommerce\/cart-order-summary-coupon-form-block\" class=\"wp-block-woocommerce-cart-order-summary-coupon-form-block\"><\/div>\r\n\r\n\r\n\r\n\r\n\r\n\r\n\r\n\r\n\r\n<div data-block-name=\"woocommerce\/cart-order-summary-totals-block\" class=\"wp-block-woocommerce-cart-order-summary-totals-block\">\n<div data-block-name=\"woocommerce\/cart-order-summary-subtotal-block\" class=\"wp-block-woocommerce-cart-order-summary-subtotal-block\"><\/div>\n<div data-block-name=\"woocommerce\/cart-order-summary-discount-block\" class=\"wp-block-woocommerce-cart-order-summary-discount-block\"><\/div>\n<div data-block-name=\"woocommerce\/cart-order-summary-fee-block\" class=\"wp-block-woocommerce-cart-order-summary-fee-block\"><\/div>\n<div data-block-name=\"woocommerce\/cart-order-summary-shipping-block\" class=\"wp-block-woocommerce-cart-order-summary-shipping-block\"><\/div>\n<div data-block-name=\"woocommerce\/cart-order-summary-taxes-block\" class=\"wp-block-woocommerce-cart-order-summary-taxes-block\"><\/div><\/div><\/div>\r\n\r\n<div data-block-name=\"woocommerce\/cart-express-payment-block\" class=\"wp-block-woocommerce-cart-express-payment-block\"><\/div>\r\n\r\n<div data-block-name=\"woocommerce\/proceed-to-checkout-block\" class=\"wp-block-woocommerce-proceed-to-checkout-block\"><\/div>\r\n\r\n<div data-block-name=\"woocommerce\/cart-accepted-payment-methods-block\" class=\"wp-block-woocommerce-cart-accepted-payment-methods-block\"><\/div><\/div><\/div>\r\n\r\n<div data-block-name=\"woocommerce\/empty-cart-block\" class=\"wp-block-woocommerce-empty-cart-block\"><h2 class=\"wp-block-heading has-text-align-center with-empty-cart-icon wc-block-cart__empty-cart__title\">Il tuo carrello \u00e8 attualmente vuoto!<\/h2>\r\n\r\n<hr class=\"wp-block-separator has-alpha-channel-opacity is-style-dots\"\/>\r\n\r\n<h2 class=\"wp-block-heading has-text-align-center\">Novit\u00e0 in negozio<\/h2>\r\n\r\n<div data-block-name=\"woocommerce\/product-new\" data-columns=\"4\" data-rows=\"1\" class=\"wc-block-grid wp-block-product-new wp-block-woocommerce-product-new wc-block-product-new has-4-columns\"><ul class=\"wc-block-grid__products\"><li class=\"wc-block-grid__product\">\n\t\t\t\t<a href=\"https:\/\/volumec.com\/fr\/prodotto\/mandrin-et-outil-a-evaser\/\" class=\"wc-block-grid__product-link\">\n\t\t\t\t\t\n\t\t\t\t\t<div class=\"wc-block-grid__product-image\"><img loading=\"lazy\" decoding=\"async\" width=\"800\" height=\"800\" src=\"https:\/\/volumec.com\/wp-content\/uploads\/2024\/12\/mandrino-porta-utensili.jpg\" class=\"attachment-woocommerce_thumbnail size-woocommerce_thumbnail\" alt=\"MANDRIN ET OUTIL \u00c0 \u00c9VASER\" srcset=\"https:\/\/volumec.com\/wp-content\/uploads\/2024\/12\/mandrino-porta-utensili.jpg 800w, https:\/\/volumec.com\/wp-content\/uploads\/2024\/12\/mandrino-porta-utensili-300x300.jpg 300w, https:\/\/volumec.com\/wp-content\/uploads\/2024\/12\/mandrino-porta-utensili-150x150.jpg 150w, https:\/\/volumec.com\/wp-content\/uploads\/2024\/12\/mandrino-porta-utensili-768x768.jpg 768w, https:\/\/volumec.com\/wp-content\/uploads\/2024\/12\/mandrino-porta-utensili-600x600.jpg 600w, https:\/\/volumec.com\/wp-content\/uploads\/2024\/12\/mandrino-porta-utensili-100x100.jpg 100w\" sizes=\"auto, (max-width: 800px) 100vw, 800px\" \/><\/div>\n\t\t\t\t\t<div class=\"wc-block-grid__product-title\">MANDRIN ET OUTIL \u00c0 \u00c9VASER<\/div>\n\t\t\t\t<\/a>\n\t\t\t\t<div class=\"wc-block-grid__product-price price\"><\/div>\n\t\t\t\t\n\t\t\t\t<div class=\"wp-block-button wc-block-grid__product-add-to-cart\"><a href=\"https:\/\/volumec.com\/fr\/prodotto\/mandrin-et-outil-a-evaser\/\" aria-label=\"S\u00e9lectionner les options pour &ldquo;MANDRIN ET OUTIL \u00c0 \u00c9VASER&rdquo;\" data-quantity=\"1\" data-product_id=\"2997\" data-product_sku=\"\" data-price=\"1\" rel=\"nofollow\" class=\"wp-block-button__link  add_to_cart_button\">Ajouter \u00e0 l&#039;offre<\/a><\/div>\n\t\t\t<\/li><li class=\"wc-block-grid__product\">\n\t\t\t\t<a href=\"https:\/\/volumec.com\/fr\/prodotto\/douilles-porte-filiere-gr3\/\" class=\"wc-block-grid__product-link\">\n\t\t\t\t\t\n\t\t\t\t\t<div class=\"wc-block-grid__product-image\"><img loading=\"lazy\" decoding=\"async\" width=\"800\" height=\"800\" src=\"https:\/\/volumec.com\/wp-content\/uploads\/2024\/12\/bussole-portafiliere-m5-m20-1.jpg\" class=\"attachment-woocommerce_thumbnail size-woocommerce_thumbnail\" alt=\"DOUILLES PORTE-FILI\u00c8RE GR3\" srcset=\"https:\/\/volumec.com\/wp-content\/uploads\/2024\/12\/bussole-portafiliere-m5-m20-1.jpg 800w, https:\/\/volumec.com\/wp-content\/uploads\/2024\/12\/bussole-portafiliere-m5-m20-1-300x300.jpg 300w, https:\/\/volumec.com\/wp-content\/uploads\/2024\/12\/bussole-portafiliere-m5-m20-1-150x150.jpg 150w, https:\/\/volumec.com\/wp-content\/uploads\/2024\/12\/bussole-portafiliere-m5-m20-1-768x768.jpg 768w, https:\/\/volumec.com\/wp-content\/uploads\/2024\/12\/bussole-portafiliere-m5-m20-1-600x600.jpg 600w, https:\/\/volumec.com\/wp-content\/uploads\/2024\/12\/bussole-portafiliere-m5-m20-1-100x100.jpg 100w, https:\/\/volumec.com\/wp-content\/uploads\/2024\/12\/bussole-portafiliere-m5-m20-1-460x460.jpg 460w\" sizes=\"auto, (max-width: 800px) 100vw, 800px\" \/><\/div>\n\t\t\t\t\t<div class=\"wc-block-grid__product-title\">DOUILLES PORTE-FILI\u00c8RE GR3<\/div>\n\t\t\t\t<\/a>\n\t\t\t\t<div class=\"wc-block-grid__product-price price\"><\/div>\n\t\t\t\t\n\t\t\t\t<div class=\"wp-block-button wc-block-grid__product-add-to-cart\"><a href=\"https:\/\/volumec.com\/fr\/prodotto\/douilles-porte-filiere-gr3\/\" aria-label=\"S\u00e9lectionner les options pour &ldquo;DOUILLES PORTE-FILI\u00c8RE GR3&rdquo;\" data-quantity=\"1\" data-product_id=\"4072\" data-product_sku=\"\" data-price=\"0\" rel=\"nofollow\" class=\"wp-block-button__link  add_to_cart_button\">Ajouter \u00e0 l&#039;offre<\/a><\/div>\n\t\t\t<\/li><li class=\"wc-block-grid__product\">\n\t\t\t\t<a href=\"https:\/\/volumec.com\/fr\/prodotto\/bussole-portafiliere-gr2\/\" class=\"wc-block-grid__product-link\">\n\t\t\t\t\t\n\t\t\t\t\t<div class=\"wc-block-grid__product-image\"><img loading=\"lazy\" decoding=\"async\" width=\"800\" height=\"800\" src=\"https:\/\/volumec.com\/wp-content\/uploads\/2024\/12\/bussole-portafiliere-m5-m20-1.jpg\" class=\"attachment-woocommerce_thumbnail size-woocommerce_thumbnail\" alt=\"DOUILLES PORTE-FILI\u00c8RE GR2\" srcset=\"https:\/\/volumec.com\/wp-content\/uploads\/2024\/12\/bussole-portafiliere-m5-m20-1.jpg 800w, https:\/\/volumec.com\/wp-content\/uploads\/2024\/12\/bussole-portafiliere-m5-m20-1-300x300.jpg 300w, https:\/\/volumec.com\/wp-content\/uploads\/2024\/12\/bussole-portafiliere-m5-m20-1-150x150.jpg 150w, https:\/\/volumec.com\/wp-content\/uploads\/2024\/12\/bussole-portafiliere-m5-m20-1-768x768.jpg 768w, https:\/\/volumec.com\/wp-content\/uploads\/2024\/12\/bussole-portafiliere-m5-m20-1-600x600.jpg 600w, https:\/\/volumec.com\/wp-content\/uploads\/2024\/12\/bussole-portafiliere-m5-m20-1-100x100.jpg 100w, https:\/\/volumec.com\/wp-content\/uploads\/2024\/12\/bussole-portafiliere-m5-m20-1-460x460.jpg 460w\" sizes=\"auto, (max-width: 800px) 100vw, 800px\" \/><\/div>\n\t\t\t\t\t<div class=\"wc-block-grid__product-title\">DOUILLES PORTE-FILI\u00c8RE GR2<\/div>\n\t\t\t\t<\/a>\n\t\t\t\t<div class=\"wc-block-grid__product-price price\"><\/div>\n\t\t\t\t\n\t\t\t\t<div class=\"wp-block-button wc-block-grid__product-add-to-cart\"><a href=\"https:\/\/volumec.com\/fr\/prodotto\/bussole-portafiliere-gr2\/\" aria-label=\"S\u00e9lectionner les options pour &ldquo;DOUILLES PORTE-FILI\u00c8RE GR2&rdquo;\" data-quantity=\"1\" data-product_id=\"4112\" data-product_sku=\"\" data-price=\"1\" rel=\"nofollow\" class=\"wp-block-button__link  add_to_cart_button\">Ajouter \u00e0 l&#039;offre<\/a><\/div>\n\t\t\t<\/li><li class=\"wc-block-grid__product\">\n\t\t\t\t<a href=\"https:\/\/volumec.com\/fr\/prodotto\/bussole-con-frizione-gr4-m18-m48\/\" class=\"wc-block-grid__product-link\">\n\t\t\t\t\t\n\t\t\t\t\t<div class=\"wc-block-grid__product-image\"><img loading=\"lazy\" decoding=\"async\" width=\"800\" height=\"800\" src=\"https:\/\/volumec.com\/wp-content\/uploads\/2024\/12\/bussole-con-frizione-m3-m30-1.jpg\" class=\"attachment-woocommerce_thumbnail size-woocommerce_thumbnail\" alt=\"DOUILLES AVEC EMBRAYAGE GR4 M18-M48\" srcset=\"https:\/\/volumec.com\/wp-content\/uploads\/2024\/12\/bussole-con-frizione-m3-m30-1.jpg 800w, https:\/\/volumec.com\/wp-content\/uploads\/2024\/12\/bussole-con-frizione-m3-m30-1-300x300.jpg 300w, https:\/\/volumec.com\/wp-content\/uploads\/2024\/12\/bussole-con-frizione-m3-m30-1-150x150.jpg 150w, https:\/\/volumec.com\/wp-content\/uploads\/2024\/12\/bussole-con-frizione-m3-m30-1-768x768.jpg 768w, https:\/\/volumec.com\/wp-content\/uploads\/2024\/12\/bussole-con-frizione-m3-m30-1-600x600.jpg 600w, https:\/\/volumec.com\/wp-content\/uploads\/2024\/12\/bussole-con-frizione-m3-m30-1-100x100.jpg 100w, https:\/\/volumec.com\/wp-content\/uploads\/2024\/12\/bussole-con-frizione-m3-m30-1-460x460.jpg 460w\" sizes=\"auto, (max-width: 800px) 100vw, 800px\" \/><\/div>\n\t\t\t\t\t<div class=\"wc-block-grid__product-title\">DOUILLES AVEC EMBRAYAGE GR4 M18-M48<\/div>\n\t\t\t\t<\/a>\n\t\t\t\t<div class=\"wc-block-grid__product-price price\"><\/div>\n\t\t\t\t\n\t\t\t\t<div class=\"wp-block-button wc-block-grid__product-add-to-cart\"><a href=\"https:\/\/volumec.com\/fr\/prodotto\/bussole-con-frizione-gr4-m18-m48\/\" aria-label=\"S\u00e9lectionner les options pour &ldquo;DOUILLES AVEC EMBRAYAGE GR4 M18-M48&rdquo;\" data-quantity=\"1\" data-product_id=\"4153\" data-product_sku=\"\" data-price=\"1\" rel=\"nofollow\" class=\"wp-block-button__link  add_to_cart_button\">Ajouter \u00e0 l&#039;offre<\/a><\/div>\n\t\t\t<\/li><\/ul><\/div><\/div><\/div>","protected":false},"excerpt":{"rendered":"Potresti essere interessato anche a\u2026 Il tuo carrello \u00e8 attualmente vuoto! Novit\u00e0 in negozio","protected":false},"author":1,"featured_media":0,"parent":0,"menu_order":0,"comment_status":"closed","ping_status":"closed","template":"","meta":{"_acf_changed":false,"inline_featured_image":false,"footnotes":""},"class_list":["post-986","page","type-page","status-publish","hentry","entry","no-media"],"acf":[],"yoast_head":"<!-- This site is optimized with the Yoast SEO plugin v25.1 - https:\/\/yoast.com\/wordpress\/plugins\/seo\/ -->\n<title>Panier - Volumec<\/title>\n<meta name=\"robots\" content=\"index, follow, max-snippet:-1, max-image-preview:large, max-video-preview:-1\" \/>\n<link rel=\"canonical\" href=\"https:\/\/volumec.com\/fr\/panier-old\/\" \/>\n<meta property=\"og:locale\" content=\"fr_FR\" \/>\n<meta property=\"og:type\" content=\"article\" \/>\n<meta property=\"og:title\" content=\"Panier - Volumec\" \/>\n<meta property=\"og:url\" content=\"https:\/\/volumec.com\/fr\/panier-old\/\" \/>\n<meta property=\"og:site_name\" content=\"Volumec\" \/>\n<meta property=\"article:modified_time\" content=\"2025-05-15T10:53:39+00:00\" \/>\n<meta name=\"twitter:card\" content=\"summary_large_image\" \/>\n<script type=\"application\/ld+json\" class=\"yoast-schema-graph\">{\"@context\":\"https:\/\/schema.org\",\"@graph\":[{\"@type\":\"WebPage\",\"@id\":\"https:\/\/volumec.com\/fr\/panier-old\/\",\"url\":\"https:\/\/volumec.com\/fr\/panier-old\/\",\"name\":\"Panier - Volumec\",\"isPartOf\":{\"@id\":\"https:\/\/www.volumec.com\/en\/#website\"},\"datePublished\":\"2025-01-07T16:01:31+00:00\",\"dateModified\":\"2025-05-15T10:53:39+00:00\",\"breadcrumb\":{\"@id\":\"https:\/\/volumec.com\/fr\/panier-old\/#breadcrumb\"},\"inLanguage\":\"fr-FR\",\"potentialAction\":[{\"@type\":\"ReadAction\",\"target\":[\"https:\/\/volumec.com\/fr\/panier-old\/\"]}]},{\"@type\":\"BreadcrumbList\",\"@id\":\"https:\/\/volumec.com\/fr\/panier-old\/#breadcrumb\",\"itemListElement\":[{\"@type\":\"ListItem\",\"position\":1,\"name\":\"Home\",\"item\":\"https:\/\/volumec.com\/fr\/\"},{\"@type\":\"ListItem\",\"position\":2,\"name\":\"Panier\"}]},{\"@type\":\"WebSite\",\"@id\":\"https:\/\/www.volumec.com\/en\/#website\",\"url\":\"https:\/\/www.volumec.com\/en\/\",\"name\":\"Volumec.com\",\"description\":\"\",\"publisher\":{\"@id\":\"https:\/\/www.volumec.com\/en\/#organization\"},\"alternateName\":\"be innovative\",\"potentialAction\":[{\"@type\":\"SearchAction\",\"target\":{\"@type\":\"EntryPoint\",\"urlTemplate\":\"https:\/\/www.volumec.com\/en\/?s={search_term_string}\"},\"query-input\":{\"@type\":\"PropertyValueSpecification\",\"valueRequired\":true,\"valueName\":\"search_term_string\"}}],\"inLanguage\":\"fr-FR\"},{\"@type\":\"Organization\",\"@id\":\"https:\/\/www.volumec.com\/en\/#organization\",\"name\":\"Volumec\",\"url\":\"https:\/\/www.volumec.com\/en\/\",\"logo\":{\"@type\":\"ImageObject\",\"inLanguage\":\"fr-FR\",\"@id\":\"https:\/\/www.volumec.com\/en\/#\/schema\/logo\/image\/\",\"url\":\"https:\/\/volumec.com\/wp-content\/uploads\/2024\/12\/Volumec-logo.png\",\"contentUrl\":\"https:\/\/volumec.com\/wp-content\/uploads\/2024\/12\/Volumec-logo.png\",\"width\":320,\"height\":77,\"caption\":\"Volumec\"},\"image\":{\"@id\":\"https:\/\/www.volumec.com\/en\/#\/schema\/logo\/image\/\"}}]}<\/script>\n<!-- \/ Yoast SEO plugin. -->","yoast_head_json":{"title":"Panier - Volumec","robots":{"index":"index","follow":"follow","max-snippet":"max-snippet:-1","max-image-preview":"max-image-preview:large","max-video-preview":"max-video-preview:-1"},"canonical":"https:\/\/volumec.com\/fr\/panier-old\/","og_locale":"fr_FR","og_type":"article","og_title":"Panier - Volumec","og_url":"https:\/\/volumec.com\/fr\/panier-old\/","og_site_name":"Volumec","article_modified_time":"2025-05-15T10:53:39+00:00","twitter_card":"summary_large_image","schema":{"@context":"https:\/\/schema.org","@graph":[{"@type":"WebPage","@id":"https:\/\/volumec.com\/fr\/panier-old\/","url":"https:\/\/volumec.com\/fr\/panier-old\/","name":"Panier - Volumec","isPartOf":{"@id":"https:\/\/www.volumec.com\/en\/#website"},"datePublished":"2025-01-07T16:01:31+00:00","dateModified":"2025-05-15T10:53:39+00:00","breadcrumb":{"@id":"https:\/\/volumec.com\/fr\/panier-old\/#breadcrumb"},"inLanguage":"fr-FR","potentialAction":[{"@type":"ReadAction","target":["https:\/\/volumec.com\/fr\/panier-old\/"]}]},{"@type":"BreadcrumbList","@id":"https:\/\/volumec.com\/fr\/panier-old\/#breadcrumb","itemListElement":[{"@type":"ListItem","position":1,"name":"Home","item":"https:\/\/volumec.com\/fr\/"},{"@type":"ListItem","position":2,"name":"Panier"}]},{"@type":"WebSite","@id":"https:\/\/www.volumec.com\/en\/#website","url":"https:\/\/www.volumec.com\/en\/","name":"Volumec.com","description":"","publisher":{"@id":"https:\/\/www.volumec.com\/en\/#organization"},"alternateName":"be innovative","potentialAction":[{"@type":"SearchAction","target":{"@type":"EntryPoint","urlTemplate":"https:\/\/www.volumec.com\/en\/?s={search_term_string}"},"query-input":{"@type":"PropertyValueSpecification","valueRequired":true,"valueName":"search_term_string"}}],"inLanguage":"fr-FR"},{"@type":"Organization","@id":"https:\/\/www.volumec.com\/en\/#organization","name":"Volumec","url":"https:\/\/www.volumec.com\/en\/","logo":{"@type":"ImageObject","inLanguage":"fr-FR","@id":"https:\/\/www.volumec.com\/en\/#\/schema\/logo\/image\/","url":"https:\/\/volumec.com\/wp-content\/uploads\/2024\/12\/Volumec-logo.png","contentUrl":"https:\/\/volumec.com\/wp-content\/uploads\/2024\/12\/Volumec-logo.png","width":320,"height":77,"caption":"Volumec"},"image":{"@id":"https:\/\/www.volumec.com\/en\/#\/schema\/logo\/image\/"}}]}},"_links":{"self":[{"href":"https:\/\/volumec.com\/fr\/wp-json\/wp\/v2\/pages\/986","targetHints":{"allow":["GET"]}}],"collection":[{"href":"https:\/\/volumec.com\/fr\/wp-json\/wp\/v2\/pages"}],"about":[{"href":"https:\/\/volumec.com\/fr\/wp-json\/wp\/v2\/types\/page"}],"author":[{"embeddable":true,"href":"https:\/\/volumec.com\/fr\/wp-json\/wp\/v2\/users\/1"}],"replies":[{"embeddable":true,"href":"https:\/\/volumec.com\/fr\/wp-json\/wp\/v2\/comments?post=986"}],"version-history":[{"count":1,"href":"https:\/\/volumec.com\/fr\/wp-json\/wp\/v2\/pages\/986\/revisions"}],"predecessor-version":[{"id":6470,"href":"https:\/\/volumec.com\/fr\/wp-json\/wp\/v2\/pages\/986\/revisions\/6470"}],"wp:attachment":[{"href":"https:\/\/volumec.com\/fr\/wp-json\/wp\/v2\/media?parent=986"}],"curies":[{"name":"wp","href":"https:\/\/api.w.org\/{rel}","templated":true}]}}