{"id":510,"date":"2024-12-09T10:52:48","date_gmt":"2024-12-09T09:52:48","guid":{"rendered":"http:\/\/volumec.com\/?page_id=510"},"modified":"2025-10-24T12:59:00","modified_gmt":"2025-10-24T10:59:00","slug":"unites-robotiques","status":"publish","type":"page","link":"https:\/\/volumec.com\/fr\/unites-robotiques\/","title":{"rendered":"UNIT\u00c9S ROBOTIQUES"},"content":{"rendered":"<div class=\"wpb-content-wrapper\">[vc_row el_class=\u00a0\u00bbptd100 pbd100 ptm50 pbm50&Prime;][vc_column][vc_column_text css=\u00a0\u00bb\u00a0\u00bb]<strong>Les unit\u00e9s pour robots<\/strong> produites par Volumec repr\u00e9sentent une solution id\u00e9ale pour optimiser les processus de per\u00e7age, taraudage et vissage, cr\u00e9ant des stations de travail automatis\u00e9es qui garantissent des \u00e9conomies significatives de temps et de main-d&rsquo;\u0153uvre.[\/vc_column_text][\/vc_column][\/vc_row][vc_row full_width=\u00a0\u00bbstretch_row\u00a0\u00bb gap=\u00a0\u00bb30&Prime; equal_height=\u00a0\u00bbyes\u00a0\u00bb columns_right=\u00a0\u00bbyes\u00a0\u00bb el_class=\u00a0\u00bbprodotti_riga_prodotto ptd130 pbd130 ptm60 pbm60&Prime; css=\u00a0\u00bb.vc_custom_1733471381571{background-color: #F1F1F1 !important;}\u00a0\u00bb][vc_column css_animation=\u00a0\u00bbfadeInRight\u00a0\u00bb width=\u00a0\u00bb1\/2&Prime;][vc_column_text css=\u00a0\u00bb\u00a0\u00bb el_class=\u00a0\u00bbmtd20 mtm20 brm\u00a0\u00bb]\n<h3><strong>Unit\u00e9s pour Robots S\u00c9RIE U et UJ<\/strong><\/h3>\n[\/vc_column_text][vc_column_text css=\u00a0\u00bb\u00a0\u00bb el_class=\u00a0\u00bbmtd20 mtm20&Prime; font_weight=\u00a0\u00bb700&Prime;]Chaque unit\u00e9 de la s\u00e9rie U et UJ est \u00e9quip\u00e9e d&rsquo;un moteur Brushless de nouvelle g\u00e9n\u00e9ration de 750 watts, avec un bo\u00eetier de contr\u00f4le s\u00e9par\u00e9 et une connexion pour le pilotage via des dispositifs externes (PLC). Le mandrin \u00e0 changement rapide permet des changements d&rsquo;outils automatiques.<\/p>\n<p>De plus, le syst\u00e8me de contr\u00f4le VASTC permet de programmer divers param\u00e8tres de traitement tels que la vitesse, la rotation, le couple maximal et la profondeur.[\/vc_column_text]<style>.vcex-button.vcex_69e064bb89c54{border-radius:0px;color:#000000!important;padding:20px;border:2px solid #0b8df1;font-family:Manrope;font-size:16px;font-weight:700;}.vcex-button.vcex_69e064bb89c54:hover{color:#000000!important;}<\/style><div class=\"theme-button-wrap textcenter wpex-clr\"><a href=\"https:\/\/volumec.com\/fr\/unites-robotiques\/unites-robotiques\/\" class=\"vcex-button theme-button outline align-center inline bottone1 mtd30 mtm30 vcex_69e064bb89c54\"><span class=\"vcex-button-inner theme-button-inner wpex-flex wpex-flex-wrap wpex-items-center wpex-justify-center\">EN SAVOIR PLUS<span class=\"vcex-button-icon vcex-icon-wrap theme-button-icon-right\"><span aria-hidden=\"true\" class=\"fas fa-arrow-right\"><\/span><\/span><\/span><\/a><\/div> [\/vc_column][vc_column css_animation=\u00a0\u00bbfadeInLeft\u00a0\u00bb width=\u00a0\u00bb1\/2&Prime;]<figure class=\"vcex-image vcex-module wpex-text-center\"><div class=\"vcex-image-inner wpex-relative wpex-inline-block\"><img width=\"768\" height=\"595\" src=\"https:\/\/volumec.com\/wp-content\/uploads\/2025\/10\/Unite-Robotisee-Unites-Pour-Robots-Serie-U-Et-Uj.jpg\" class=\"vcex-image-img wpex-align-middle\" alt=\"\" loading=\"lazy\" decoding=\"async\" srcset=\"https:\/\/volumec.com\/wp-content\/uploads\/2025\/10\/Unite-Robotisee-Unites-Pour-Robots-Serie-U-Et-Uj.jpg 768w, https:\/\/volumec.com\/wp-content\/uploads\/2025\/10\/Unite-Robotisee-Unites-Pour-Robots-Serie-U-Et-Uj-300x232.jpg 300w, https:\/\/volumec.com\/wp-content\/uploads\/2025\/10\/Unite-Robotisee-Unites-Pour-Robots-Serie-U-Et-Uj-600x465.jpg 600w\" sizes=\"auto, (max-width: 768px) 100vw, 768px\" \/><\/div><\/figure>[\/vc_column][\/vc_row][vc_row css_animation=\u00a0\u00bbfadeIn\u00a0\u00bb full_width=\u00a0\u00bbstretch_row\u00a0\u00bb content_placement=\u00a0\u00bbmiddle\u00a0\u00bb parallax=\u00a0\u00bbcontent-moving\u00a0\u00bb parallax_image=\u00a0\u00bb277&Prime; el_class=\u00a0\u00bbriga_banner ptd30 pbd30 ptm40 pbm40&Prime;][vc_column width=\u00a0\u00bb1\/2&Prime;]<style>.vcex-image.vcex_69e064bb8f7f8 .vcex-image-inner{max-width:600px;}<\/style><figure class=\"vcex-image vcex-module vcex_69e064bb8f7f8\"><div class=\"vcex-image-inner wpex-relative wpex-inline-block\"><img width=\"1000\" height=\"239\" src=\"https:\/\/volumec.com\/wp-content\/uploads\/2024\/12\/logo-Volumec.png\" class=\"vcex-image-img wpex-align-middle\" alt=\"\" loading=\"lazy\" decoding=\"async\" srcset=\"https:\/\/volumec.com\/wp-content\/uploads\/2024\/12\/logo-Volumec.png 1000w, https:\/\/volumec.com\/wp-content\/uploads\/2024\/12\/logo-Volumec-300x72.png 300w, https:\/\/volumec.com\/wp-content\/uploads\/2024\/12\/logo-Volumec-768x184.png 768w, https:\/\/volumec.com\/wp-content\/uploads\/2024\/12\/logo-Volumec-600x143.png 600w\" sizes=\"auto, (max-width: 1000px) 100vw, 1000px\" \/><\/div><\/figure>[\/vc_column][vc_column width=\u00a0\u00bb1\/2&Prime; el_class=\u00a0\u00bbptm40 cm\u00a0\u00bb][vc_column_text css=\u00a0\u00bb\u00a0\u00bb color=\u00a0\u00bb#ffffff\u00a0\u00bb font_size=\u00a0\u00bbd:100px|pl:45px|pp:45px\u00a0\u00bb line_height=\u00a0\u00bb110%\u00a0\u00bb font_weight=\u00a0\u00bb300&Prime;]Be <strong>innovative<\/strong>[\/vc_column_text][\/vc_column][\/vc_row]\n<\/div>","protected":false},"excerpt":{"rendered":"<p>[vc_row el_class=\u00a0\u00bbptd100 pbd100 ptm50 pbm50&Prime;][vc_column][vc_column_text css=\u00a0\u00bb\u00a0\u00bb]Les unit\u00e9s pour robots produites par Volumec repr\u00e9sentent une solution id\u00e9ale pour optimiser les processus de per\u00e7age, taraudage et vissage, cr\u00e9ant des stations de travail automatis\u00e9es qui garantissent des \u00e9conomies significatives de temps et de main-d&rsquo;\u0153uvre.[\/vc_column_text][\/vc_column][\/vc_row][vc_row full_width=\u00a0\u00bbstretch_row\u00a0\u00bb gap=\u00a0\u00bb30&Prime; equal_height=\u00a0\u00bbyes\u00a0\u00bb columns_right=\u00a0\u00bbyes\u00a0\u00bb el_class=\u00a0\u00bbprodotti_riga_prodotto ptd130 pbd130 ptm60 pbm60&Prime; css=\u00a0\u00bb.vc_custom_1733471381571{background-color: #F1F1F1 !important;}\u00a0\u00bb][vc_column css_animation=\u00a0\u00bbfadeInRight\u00a0\u00bb width=\u00a0\u00bb1\/2&Prime;][vc_column_text&hellip;<\/p>\n","protected":false},"author":1,"featured_media":0,"parent":0,"menu_order":0,"comment_status":"closed","ping_status":"closed","template":"","meta":{"_acf_changed":false,"inline_featured_image":false,"footnotes":""},"class_list":["post-510","page","type-page","status-publish","hentry","entry","no-media"],"acf":[],"yoast_head":"<!-- This site is optimized with the Yoast SEO plugin v25.1 - https:\/\/yoast.com\/wordpress\/plugins\/seo\/ -->\n<title>Unit\u00e9s pour Robots - Volumec<\/title>\n<meta name=\"description\" content=\"Les unit\u00e9s robotiques produites par Volumec repr\u00e9sentent une solution id\u00e9ale pour optimiser les processus de per\u00e7age, de taraudage et de vissage.\" \/>\n<meta name=\"robots\" content=\"index, follow, max-snippet:-1, max-image-preview:large, max-video-preview:-1\" \/>\n<link rel=\"canonical\" href=\"https:\/\/volumec.com\/fr\/unites-robotiques\/\" \/>\n<meta property=\"og:locale\" content=\"fr_FR\" \/>\n<meta property=\"og:type\" content=\"article\" \/>\n<meta property=\"og:title\" content=\"Unit\u00e9s pour Robots - Volumec\" \/>\n<meta property=\"og:description\" content=\"Les unit\u00e9s robotiques produites par Volumec repr\u00e9sentent une solution id\u00e9ale pour optimiser les processus de per\u00e7age, de taraudage et de vissage.\" \/>\n<meta property=\"og:url\" content=\"https:\/\/volumec.com\/fr\/unites-robotiques\/\" \/>\n<meta property=\"og:site_name\" content=\"Volumec\" \/>\n<meta property=\"article:modified_time\" content=\"2025-10-24T10:59:00+00:00\" \/>\n<meta name=\"twitter:card\" content=\"summary_large_image\" \/>\n<meta name=\"twitter:label1\" content=\"Dur\u00e9e de lecture estim\u00e9e\" \/>\n\t<meta name=\"twitter:data1\" content=\"2 minutes\" \/>\n<script type=\"application\/ld+json\" class=\"yoast-schema-graph\">{\"@context\":\"https:\/\/schema.org\",\"@graph\":[{\"@type\":\"WebPage\",\"@id\":\"https:\/\/volumec.com\/fr\/unites-robotiques\/\",\"url\":\"https:\/\/volumec.com\/fr\/unites-robotiques\/\",\"name\":\"Unit\u00e9s pour Robots - Volumec\",\"isPartOf\":{\"@id\":\"https:\/\/www.volumec.com\/en\/#website\"},\"datePublished\":\"2024-12-09T09:52:48+00:00\",\"dateModified\":\"2025-10-24T10:59:00+00:00\",\"description\":\"Les unit\u00e9s robotiques produites par Volumec repr\u00e9sentent une solution id\u00e9ale pour optimiser les processus de per\u00e7age, de taraudage et de vissage.\",\"breadcrumb\":{\"@id\":\"https:\/\/volumec.com\/fr\/unites-robotiques\/#breadcrumb\"},\"inLanguage\":\"fr-FR\",\"potentialAction\":[{\"@type\":\"ReadAction\",\"target\":[\"https:\/\/volumec.com\/fr\/unites-robotiques\/\"]}]},{\"@type\":\"BreadcrumbList\",\"@id\":\"https:\/\/volumec.com\/fr\/unites-robotiques\/#breadcrumb\",\"itemListElement\":[{\"@type\":\"ListItem\",\"position\":1,\"name\":\"Home\",\"item\":\"https:\/\/volumec.com\/fr\/\"},{\"@type\":\"ListItem\",\"position\":2,\"name\":\"UNIT\u00c9S ROBOTIQUES\"}]},{\"@type\":\"WebSite\",\"@id\":\"https:\/\/www.volumec.com\/en\/#website\",\"url\":\"https:\/\/www.volumec.com\/en\/\",\"name\":\"Volumec.com\",\"description\":\"\",\"publisher\":{\"@id\":\"https:\/\/www.volumec.com\/en\/#organization\"},\"alternateName\":\"be innovative\",\"potentialAction\":[{\"@type\":\"SearchAction\",\"target\":{\"@type\":\"EntryPoint\",\"urlTemplate\":\"https:\/\/www.volumec.com\/en\/?s={search_term_string}\"},\"query-input\":{\"@type\":\"PropertyValueSpecification\",\"valueRequired\":true,\"valueName\":\"search_term_string\"}}],\"inLanguage\":\"fr-FR\"},{\"@type\":\"Organization\",\"@id\":\"https:\/\/www.volumec.com\/en\/#organization\",\"name\":\"Volumec\",\"url\":\"https:\/\/www.volumec.com\/en\/\",\"logo\":{\"@type\":\"ImageObject\",\"inLanguage\":\"fr-FR\",\"@id\":\"https:\/\/www.volumec.com\/en\/#\/schema\/logo\/image\/\",\"url\":\"https:\/\/volumec.com\/wp-content\/uploads\/2024\/12\/Volumec-logo.png\",\"contentUrl\":\"https:\/\/volumec.com\/wp-content\/uploads\/2024\/12\/Volumec-logo.png\",\"width\":320,\"height\":77,\"caption\":\"Volumec\"},\"image\":{\"@id\":\"https:\/\/www.volumec.com\/en\/#\/schema\/logo\/image\/\"}}]}<\/script>\n<!-- \/ Yoast SEO plugin. -->","yoast_head_json":{"title":"Unit\u00e9s pour Robots - Volumec","description":"Les unit\u00e9s robotiques produites par Volumec repr\u00e9sentent une solution id\u00e9ale pour optimiser les processus de per\u00e7age, de taraudage et de vissage.","robots":{"index":"index","follow":"follow","max-snippet":"max-snippet:-1","max-image-preview":"max-image-preview:large","max-video-preview":"max-video-preview:-1"},"canonical":"https:\/\/volumec.com\/fr\/unites-robotiques\/","og_locale":"fr_FR","og_type":"article","og_title":"Unit\u00e9s pour Robots - Volumec","og_description":"Les unit\u00e9s robotiques produites par Volumec repr\u00e9sentent une solution id\u00e9ale pour optimiser les processus de per\u00e7age, de taraudage et de vissage.","og_url":"https:\/\/volumec.com\/fr\/unites-robotiques\/","og_site_name":"Volumec","article_modified_time":"2025-10-24T10:59:00+00:00","twitter_card":"summary_large_image","twitter_misc":{"Dur\u00e9e de lecture estim\u00e9e":"2 minutes"},"schema":{"@context":"https:\/\/schema.org","@graph":[{"@type":"WebPage","@id":"https:\/\/volumec.com\/fr\/unites-robotiques\/","url":"https:\/\/volumec.com\/fr\/unites-robotiques\/","name":"Unit\u00e9s pour Robots - Volumec","isPartOf":{"@id":"https:\/\/www.volumec.com\/en\/#website"},"datePublished":"2024-12-09T09:52:48+00:00","dateModified":"2025-10-24T10:59:00+00:00","description":"Les unit\u00e9s robotiques produites par Volumec repr\u00e9sentent une solution id\u00e9ale pour optimiser les processus de per\u00e7age, de taraudage et de vissage.","breadcrumb":{"@id":"https:\/\/volumec.com\/fr\/unites-robotiques\/#breadcrumb"},"inLanguage":"fr-FR","potentialAction":[{"@type":"ReadAction","target":["https:\/\/volumec.com\/fr\/unites-robotiques\/"]}]},{"@type":"BreadcrumbList","@id":"https:\/\/volumec.com\/fr\/unites-robotiques\/#breadcrumb","itemListElement":[{"@type":"ListItem","position":1,"name":"Home","item":"https:\/\/volumec.com\/fr\/"},{"@type":"ListItem","position":2,"name":"UNIT\u00c9S ROBOTIQUES"}]},{"@type":"WebSite","@id":"https:\/\/www.volumec.com\/en\/#website","url":"https:\/\/www.volumec.com\/en\/","name":"Volumec.com","description":"","publisher":{"@id":"https:\/\/www.volumec.com\/en\/#organization"},"alternateName":"be innovative","potentialAction":[{"@type":"SearchAction","target":{"@type":"EntryPoint","urlTemplate":"https:\/\/www.volumec.com\/en\/?s={search_term_string}"},"query-input":{"@type":"PropertyValueSpecification","valueRequired":true,"valueName":"search_term_string"}}],"inLanguage":"fr-FR"},{"@type":"Organization","@id":"https:\/\/www.volumec.com\/en\/#organization","name":"Volumec","url":"https:\/\/www.volumec.com\/en\/","logo":{"@type":"ImageObject","inLanguage":"fr-FR","@id":"https:\/\/www.volumec.com\/en\/#\/schema\/logo\/image\/","url":"https:\/\/volumec.com\/wp-content\/uploads\/2024\/12\/Volumec-logo.png","contentUrl":"https:\/\/volumec.com\/wp-content\/uploads\/2024\/12\/Volumec-logo.png","width":320,"height":77,"caption":"Volumec"},"image":{"@id":"https:\/\/www.volumec.com\/en\/#\/schema\/logo\/image\/"}}]}},"_links":{"self":[{"href":"https:\/\/volumec.com\/fr\/wp-json\/wp\/v2\/pages\/510","targetHints":{"allow":["GET"]}}],"collection":[{"href":"https:\/\/volumec.com\/fr\/wp-json\/wp\/v2\/pages"}],"about":[{"href":"https:\/\/volumec.com\/fr\/wp-json\/wp\/v2\/types\/page"}],"author":[{"embeddable":true,"href":"https:\/\/volumec.com\/fr\/wp-json\/wp\/v2\/users\/1"}],"replies":[{"embeddable":true,"href":"https:\/\/volumec.com\/fr\/wp-json\/wp\/v2\/comments?post=510"}],"version-history":[{"count":9,"href":"https:\/\/volumec.com\/fr\/wp-json\/wp\/v2\/pages\/510\/revisions"}],"predecessor-version":[{"id":8476,"href":"https:\/\/volumec.com\/fr\/wp-json\/wp\/v2\/pages\/510\/revisions\/8476"}],"wp:attachment":[{"href":"https:\/\/volumec.com\/fr\/wp-json\/wp\/v2\/media?parent=510"}],"curies":[{"name":"wp","href":"https:\/\/api.w.org\/{rel}","templated":true}]}}