{"id":502,"date":"2024-12-09T10:52:13","date_gmt":"2024-12-09T09:52:13","guid":{"rendered":"http:\/\/volumec.com\/?page_id=502"},"modified":"2025-10-24T12:55:29","modified_gmt":"2025-10-24T10:55:29","slug":"bras-taraudeurs-pneumatiques","status":"publish","type":"page","link":"https:\/\/volumec.com\/fr\/bras-taraudeurs-pneumatiques\/","title":{"rendered":"Bras taraudeurs pneumatiques"},"content":{"rendered":"<div class=\"wpb-content-wrapper\">[vc_row el_class=\u00a0\u00bbptd100 pbd100 ptm50 pbm50&Prime;][vc_column][vc_column_text css=\u00a0\u00bb\u00a0\u00bb]<strong>Les taraudeuses pneumatiques <\/strong>sont des outils fonctionnant avec un syst\u00e8me pneumatique utilisant de l&rsquo;air comprim\u00e9, destin\u00e9s \u00e0 effectuer des op\u00e9rations de taraudage, c&rsquo;est-\u00e0-dire \u00e0 cr\u00e9er des filetages dans les domaines industriels et artisanaux.<\/p>\n<p>Nos <strong>taraudeuses pneumatiques <\/strong>se caract\u00e9risent par une structure avec un bras articul\u00e9 \u00e9quilibr\u00e9 en aluminium avec une t\u00eate r\u00e9glable standard qui permet un filetage sous n&rsquo;importe quel angle.[\/vc_column_text][\/vc_column][\/vc_row][vc_row full_width=\u00a0\u00bbstretch_row\u00a0\u00bb el_class=\u00a0\u00bbprodotto_riga_configuratore ptd70 pbd90 ptm50 pbm60&Prime; css=\u00a0\u00bb.vc_custom_1733737463239{background-image: url(http:\/\/volumec.com\/wp-content\/uploads\/2024\/12\/configuratore-bg.jpg?id=401) !important;}\u00a0\u00bb][vc_column][vc_column_text css_animation=\u00a0\u00bbfadeInUp\u00a0\u00bb css=\u00a0\u00bb\u00a0\u00bb text_align=\u00a0\u00bbcenter\u00a0\u00bb font_weight=\u00a0\u00bb700&Prime; color=\u00a0\u00bb#ffffff\u00a0\u00bb]\n<h2>Vous ne savez pas quel produit choisir ?<br \/>\nUtilisez notre configurateur<\/h2>\n[\/vc_column_text]<style>.vcex-button.vcex_69e0794c6dad1{border-radius:0px;color:#ffffff!important;padding:20px;border:2px solid #0b8df1;font-family:Manrope;font-size:16px;font-weight:700;}.vcex-button.vcex_69e0794c6dad1:hover{color:#ffffff!important;}<\/style><div class=\"theme-button-wrap textcenter wpex-clr\"><a href=\"https:\/\/volumec.com\/fr\/configurateur-de-taraudeuse\/\" class=\"vcex-button theme-button outline align-center inline bottone1 mtd45 mtm30 vcex_69e0794c6dad1\"><span class=\"vcex-button-inner theme-button-inner wpex-flex wpex-flex-wrap wpex-items-center wpex-justify-center\">ACC\u00c9DER AU CONFIGURATEUR<span class=\"vcex-button-icon vcex-icon-wrap theme-button-icon-right\"><span aria-hidden=\"true\" class=\"fas fa-arrow-right\"><\/span><\/span><\/span><\/a><\/div> [\/vc_column][\/vc_row][vc_row el_class=\u00a0\u00bbptd100 pbd100 ptm50 pbm50&Prime;][vc_column][vc_column_text css=\u00a0\u00bb\u00a0\u00bb]\n<h2><strong>Taraudeuses pneumatiques Volumec.<\/strong><\/h2>\n<p>Au fil des ann\u00e9es, Volumec a d\u00e9velopp\u00e9 deux types de <strong>taraudeuses pneumatiques <\/strong>(mod. ET et mod. VT\/VTS) qui garantissent pr\u00e9cision et l\u00e9g\u00e8ret\u00e9 dans chaque processus avec un rayon de travail allant jusqu&rsquo;\u00e0 1900 mm et une capacit\u00e9 de filetage maximale de M30.[\/vc_column_text][\/vc_column][\/vc_row][vc_row full_width=\u00a0\u00bbstretch_row\u00a0\u00bb gap=\u00a0\u00bb30&Prime; equal_height=\u00a0\u00bbyes\u00a0\u00bb columns_right=\u00a0\u00bbyes\u00a0\u00bb el_class=\u00a0\u00bbprodotti_riga_prodotto ptd130 pbd130 ptm60 pbm60&Prime; css=\u00a0\u00bb.vc_custom_1733471381571{background-color: #F1F1F1 !important;}\u00a0\u00bb][vc_column css_animation=\u00a0\u00bbfadeInRight\u00a0\u00bb width=\u00a0\u00bb1\/2&Prime;][vc_column_text css=\u00a0\u00bb\u00a0\u00bb el_class=\u00a0\u00bbmtd20 mtm20 brm\u00a0\u00bb]\n<h3>ET<\/h3>\n[\/vc_column_text][vc_column_text css=\u00a0\u00bb.vc_custom_1734601359503{margin-top: 10px !important;}\u00a0\u00bb font_weight=\u00a0\u00bb700&Prime; font_size=\u00a0\u00bb28px\u00a0\u00bb line_height=\u00a0\u00bb120%\u00a0\u00bb]<strong>Rayon maximum 1280 mm, <\/strong><strong>jusqu&rsquo;\u00e0 M16<\/strong>[\/vc_column_text][vc_column_text css=\u00a0\u00bb\u00a0\u00bb el_class=\u00a0\u00bbmtd20 mtm20&Prime;]Caract\u00e9ristiques techniques :<\/p>\n<ul>\n<li>Syst\u00e8me \u00e9quilibr\u00e9 \u00e0 double bras articul\u00e9 enti\u00e8rement en aluminium sp\u00e9cial qui garantit un alignement rapide et pr\u00e9cis sur les trous, rayon maximum 1280 mm.<\/li>\n<li>T\u00eate multidirectionnelle en standard sur toutes les machines qui permet un filetage dans n&rsquo;importe quelle position jusqu&rsquo;\u00e0 M16<\/li>\n<li>Aimant de positionnement pour un alignement rapide de la broche.<\/li>\n<li>\u00c9quilibrage et fluidit\u00e9 des mouvements garantis par des v\u00e9rins \u00e0 gaz r\u00e9glables et des articulations mont\u00e9es sur roulements \u00e0 billes<\/li>\n<li>Moteur pneumatique ne n\u00e9cessitant pas de modules de vitesse suppl\u00e9mentaires<\/li>\n<li>Possibilit\u00e9 de filetage de trous borgnes et d\u00e9bouchants gr\u00e2ce aux embrayages r\u00e9glables<\/li>\n<li>Groupe filtrant avec r\u00e9gulateur de pression et lubrificateur<\/li>\n<\/ul>\n[\/vc_column_text]<style>.vcex-button.vcex_69e0794c708df{border-radius:0px;color:#000000!important;padding:20px;border:2px solid #0b8df1;font-family:Manrope;font-size:16px;font-weight:700;}.vcex-button.vcex_69e0794c708df:hover{color:#000000!important;}<\/style><div class=\"theme-button-wrap textcenter wpex-clr\"><a href=\"https:\/\/volumec.com\/fr\/bras-taraudeurs-pneumatiques\/et\/\" class=\"vcex-button theme-button outline align-center inline bottone1 mtd30 mtm30 vcex_69e0794c708df\"><span class=\"vcex-button-inner theme-button-inner wpex-flex wpex-flex-wrap wpex-items-center wpex-justify-center\">EN SAVOIR PLUS<span class=\"vcex-button-icon vcex-icon-wrap theme-button-icon-right\"><span aria-hidden=\"true\" class=\"fas fa-arrow-right\"><\/span><\/span><\/span><\/a><\/div> [\/vc_column][vc_column css_animation=\u00a0\u00bbfadeInLeft\u00a0\u00bb width=\u00a0\u00bb1\/2&Prime;]<figure class=\"vcex-image vcex-module wpex-text-center\"><div class=\"vcex-image-inner wpex-relative wpex-inline-block\"><img width=\"768\" height=\"595\" src=\"https:\/\/volumec.com\/wp-content\/uploads\/2025\/10\/Bras-Taraudeuses-Pneumatiques-Et.jpg\" class=\"vcex-image-img wpex-align-middle\" alt=\"\" loading=\"lazy\" decoding=\"async\" srcset=\"https:\/\/volumec.com\/wp-content\/uploads\/2025\/10\/Bras-Taraudeuses-Pneumatiques-Et.jpg 768w, https:\/\/volumec.com\/wp-content\/uploads\/2025\/10\/Bras-Taraudeuses-Pneumatiques-Et-300x232.jpg 300w, https:\/\/volumec.com\/wp-content\/uploads\/2025\/10\/Bras-Taraudeuses-Pneumatiques-Et-600x465.jpg 600w\" sizes=\"auto, (max-width: 768px) 100vw, 768px\" \/><\/div><\/figure>[\/vc_column][\/vc_row][vc_row full_width=\u00a0\u00bbstretch_row\u00a0\u00bb gap=\u00a0\u00bb30&Prime; equal_height=\u00a0\u00bbyes\u00a0\u00bb el_class=\u00a0\u00bbprodotti_riga_prodotto ptd130 pbd130 ptm60 pbm60&Prime;][vc_column css_animation=\u00a0\u00bbfadeInLeft\u00a0\u00bb width=\u00a0\u00bb1\/2&Prime;][vc_column_text css=\u00a0\u00bb\u00a0\u00bb el_class=\u00a0\u00bbmtd20 mtm20 brm\u00a0\u00bb]\n<h3><strong>VT\/VTS<\/strong><\/h3>\n[\/vc_column_text][vc_column_text css=\u00a0\u00bb.vc_custom_1734601407497{margin-top: 10px !important;}\u00a0\u00bb font_weight=\u00a0\u00bb700&Prime; font_size=\u00a0\u00bb28px\u00a0\u00bb line_height=\u00a0\u00bb120%\u00a0\u00bb]<strong>Rayon maximum 1900 mm, jusqu&rsquo;\u00e0 M30<\/strong>[\/vc_column_text][vc_column_text css=\u00a0\u00bb\u00a0\u00bb el_class=\u00a0\u00bbmtd20 mtm20&Prime;]Caract\u00e9ristiques techniques :<\/p>\n<ul>\n<li>Syst\u00e8me de bras articul\u00e9s triple \u00e9quilibr\u00e9 enti\u00e8rement en aluminium sp\u00e9cial qui garantit un alignement rapide et pr\u00e9cis sur les trous, rayon maximum 1900 mm.<\/li>\n<li>T\u00eate multidirectionnelle en standard sur toutes les machines qui permet un filetage dans n&rsquo;importe quelle position jusqu&rsquo;\u00e0 M30<\/li>\n<li>Aimant de positionnement pour un alignement rapide de la broche.<\/li>\n<li>\u00c9quilibrage et fluidit\u00e9 des mouvements garantis par des v\u00e9rins \u00e0 gaz r\u00e9glables et des articulations mont\u00e9es sur roulements \u00e0 billes<\/li>\n<li>Moteur pneumatique ne n\u00e9cessitant pas de modules de vitesse suppl\u00e9mentaires<\/li>\n<li>Possibilit\u00e9 de filetage de trous borgnes et d\u00e9bouchants gr\u00e2ce aux embrayages r\u00e9glables<\/li>\n<li>Groupe filtrant avec r\u00e9gulateur de pression et lubrificateur<\/li>\n<\/ul>\n[\/vc_column_text]<style>.vcex-button.vcex_69e0794c76841{border-radius:0px;color:#000000!important;padding:20px;border:2px solid #0b8df1;font-family:Manrope;font-size:16px;font-weight:700;}.vcex-button.vcex_69e0794c76841:hover{color:#000000!important;}<\/style><div class=\"theme-button-wrap textcenter wpex-clr\"><a href=\"https:\/\/volumec.com\/fr\/bras-taraudeurs-pneumatiques\/vt-vts\/\" class=\"vcex-button theme-button outline align-center inline bottone1 mtd30 mtm30 vcex_69e0794c76841\"><span class=\"vcex-button-inner theme-button-inner wpex-flex wpex-flex-wrap wpex-items-center wpex-justify-center\">EN SAVOIR PLUS<span class=\"vcex-button-icon vcex-icon-wrap theme-button-icon-right\"><span aria-hidden=\"true\" class=\"fas fa-arrow-right\"><\/span><\/span><\/span><\/a><\/div> [\/vc_column][vc_column css_animation=\u00a0\u00bbfadeInRight\u00a0\u00bb width=\u00a0\u00bb1\/2&Prime;]<figure class=\"vcex-image vcex-module wpex-text-center\"><div class=\"vcex-image-inner wpex-relative wpex-inline-block\"><img width=\"768\" height=\"595\" src=\"https:\/\/volumec.com\/wp-content\/uploads\/2025\/10\/Bras-Taraudeuses-Pneumatiques-Vt-Vts.jpg\" class=\"vcex-image-img wpex-align-middle\" alt=\"\" loading=\"lazy\" decoding=\"async\" srcset=\"https:\/\/volumec.com\/wp-content\/uploads\/2025\/10\/Bras-Taraudeuses-Pneumatiques-Vt-Vts.jpg 768w, https:\/\/volumec.com\/wp-content\/uploads\/2025\/10\/Bras-Taraudeuses-Pneumatiques-Vt-Vts-300x232.jpg 300w, https:\/\/volumec.com\/wp-content\/uploads\/2025\/10\/Bras-Taraudeuses-Pneumatiques-Vt-Vts-600x465.jpg 600w\" sizes=\"auto, (max-width: 768px) 100vw, 768px\" \/><\/div><\/figure>[\/vc_column][\/vc_row][vc_row css_animation=\u00a0\u00bbfadeIn\u00a0\u00bb full_width=\u00a0\u00bbstretch_row\u00a0\u00bb content_placement=\u00a0\u00bbmiddle\u00a0\u00bb parallax=\u00a0\u00bbcontent-moving\u00a0\u00bb parallax_image=\u00a0\u00bb277&Prime; el_class=\u00a0\u00bbriga_banner ptd30 pbd30 ptm40 pbm40&Prime;][vc_column width=\u00a0\u00bb1\/2&Prime;]<style>.vcex-image.vcex_69e0794c79acb .vcex-image-inner{max-width:600px;}<\/style><figure class=\"vcex-image vcex-module vcex_69e0794c79acb\"><div class=\"vcex-image-inner wpex-relative wpex-inline-block\"><img width=\"1000\" height=\"239\" src=\"https:\/\/volumec.com\/wp-content\/uploads\/2024\/12\/logo-Volumec.png\" class=\"vcex-image-img wpex-align-middle\" alt=\"\" loading=\"lazy\" decoding=\"async\" srcset=\"https:\/\/volumec.com\/wp-content\/uploads\/2024\/12\/logo-Volumec.png 1000w, https:\/\/volumec.com\/wp-content\/uploads\/2024\/12\/logo-Volumec-300x72.png 300w, https:\/\/volumec.com\/wp-content\/uploads\/2024\/12\/logo-Volumec-768x184.png 768w, https:\/\/volumec.com\/wp-content\/uploads\/2024\/12\/logo-Volumec-600x143.png 600w\" sizes=\"auto, (max-width: 1000px) 100vw, 1000px\" \/><\/div><\/figure>[\/vc_column][vc_column width=\u00a0\u00bb1\/2&Prime; el_class=\u00a0\u00bbptm40 cm\u00a0\u00bb][vc_column_text css=\u00a0\u00bb\u00a0\u00bb color=\u00a0\u00bb#ffffff\u00a0\u00bb font_size=\u00a0\u00bbd:100px|pl:45px|pp:45px\u00a0\u00bb line_height=\u00a0\u00bb110%\u00a0\u00bb font_weight=\u00a0\u00bb300&Prime;]Be <strong>innovative<\/strong>[\/vc_column_text][\/vc_column][\/vc_row]\n<\/div>","protected":false},"excerpt":{"rendered":"<p>[vc_row el_class=\u00a0\u00bbptd100 pbd100 ptm50 pbm50&Prime;][vc_column][vc_column_text css=\u00a0\u00bb\u00a0\u00bb]Les taraudeuses pneumatiques sont des outils fonctionnant avec un syst\u00e8me pneumatique utilisant de l&rsquo;air comprim\u00e9, destin\u00e9s \u00e0 effectuer des op\u00e9rations de taraudage, c&rsquo;est-\u00e0-dire \u00e0 cr\u00e9er des filetages dans les domaines industriels et artisanaux. Nos taraudeuses pneumatiques se caract\u00e9risent par une structure avec un bras articul\u00e9 \u00e9quilibr\u00e9 en aluminium avec une&hellip;<\/p>\n","protected":false},"author":1,"featured_media":0,"parent":0,"menu_order":0,"comment_status":"closed","ping_status":"closed","template":"","meta":{"_acf_changed":false,"inline_featured_image":false,"footnotes":""},"class_list":["post-502","page","type-page","status-publish","hentry","entry","no-media"],"acf":[],"yoast_head":"<!-- This site is optimized with the Yoast SEO plugin v25.1 - https:\/\/yoast.com\/wordpress\/plugins\/seo\/ -->\n<title>Bras taraudeurs pneumatiques - Volumec<\/title>\n<meta name=\"description\" content=\"Les taraudeuses pneumatiques (ET et VT\/VTS) offrent pr\u00e9cision et l\u00e9g\u00e8ret\u00e9. Rayon de travail jusqu&#039;\u00e0 1900 mm et filetage jusqu&#039;\u00e0 M30.\" \/>\n<meta name=\"robots\" content=\"index, follow, max-snippet:-1, max-image-preview:large, max-video-preview:-1\" \/>\n<link rel=\"canonical\" href=\"https:\/\/volumec.com\/fr\/bras-taraudeurs-pneumatiques\/\" \/>\n<meta property=\"og:locale\" content=\"fr_FR\" \/>\n<meta property=\"og:type\" content=\"article\" \/>\n<meta property=\"og:title\" content=\"Bras taraudeurs pneumatiques - Volumec\" \/>\n<meta property=\"og:description\" content=\"Les taraudeuses pneumatiques (ET et VT\/VTS) offrent pr\u00e9cision et l\u00e9g\u00e8ret\u00e9. Rayon de travail jusqu&#039;\u00e0 1900 mm et filetage jusqu&#039;\u00e0 M30.\" \/>\n<meta property=\"og:url\" content=\"https:\/\/volumec.com\/fr\/bras-taraudeurs-pneumatiques\/\" \/>\n<meta property=\"og:site_name\" content=\"Volumec\" \/>\n<meta property=\"article:modified_time\" content=\"2025-10-24T10:55:29+00:00\" \/>\n<meta name=\"twitter:card\" content=\"summary_large_image\" \/>\n<meta name=\"twitter:label1\" content=\"Dur\u00e9e de lecture estim\u00e9e\" \/>\n\t<meta name=\"twitter:data1\" content=\"4 minutes\" \/>\n<script type=\"application\/ld+json\" class=\"yoast-schema-graph\">{\"@context\":\"https:\/\/schema.org\",\"@graph\":[{\"@type\":\"WebPage\",\"@id\":\"https:\/\/volumec.com\/fr\/bras-taraudeurs-pneumatiques\/\",\"url\":\"https:\/\/volumec.com\/fr\/bras-taraudeurs-pneumatiques\/\",\"name\":\"Bras taraudeurs pneumatiques - Volumec\",\"isPartOf\":{\"@id\":\"https:\/\/www.volumec.com\/en\/#website\"},\"datePublished\":\"2024-12-09T09:52:13+00:00\",\"dateModified\":\"2025-10-24T10:55:29+00:00\",\"description\":\"Les taraudeuses pneumatiques (ET et VT\/VTS) offrent pr\u00e9cision et l\u00e9g\u00e8ret\u00e9. Rayon de travail jusqu'\u00e0 1900 mm et filetage jusqu'\u00e0 M30.\",\"breadcrumb\":{\"@id\":\"https:\/\/volumec.com\/fr\/bras-taraudeurs-pneumatiques\/#breadcrumb\"},\"inLanguage\":\"fr-FR\",\"potentialAction\":[{\"@type\":\"ReadAction\",\"target\":[\"https:\/\/volumec.com\/fr\/bras-taraudeurs-pneumatiques\/\"]}]},{\"@type\":\"BreadcrumbList\",\"@id\":\"https:\/\/volumec.com\/fr\/bras-taraudeurs-pneumatiques\/#breadcrumb\",\"itemListElement\":[{\"@type\":\"ListItem\",\"position\":1,\"name\":\"Home\",\"item\":\"https:\/\/volumec.com\/fr\/\"},{\"@type\":\"ListItem\",\"position\":2,\"name\":\"Bras taraudeurs pneumatiques\"}]},{\"@type\":\"WebSite\",\"@id\":\"https:\/\/www.volumec.com\/en\/#website\",\"url\":\"https:\/\/www.volumec.com\/en\/\",\"name\":\"Volumec.com\",\"description\":\"\",\"publisher\":{\"@id\":\"https:\/\/www.volumec.com\/en\/#organization\"},\"alternateName\":\"be innovative\",\"potentialAction\":[{\"@type\":\"SearchAction\",\"target\":{\"@type\":\"EntryPoint\",\"urlTemplate\":\"https:\/\/www.volumec.com\/en\/?s={search_term_string}\"},\"query-input\":{\"@type\":\"PropertyValueSpecification\",\"valueRequired\":true,\"valueName\":\"search_term_string\"}}],\"inLanguage\":\"fr-FR\"},{\"@type\":\"Organization\",\"@id\":\"https:\/\/www.volumec.com\/en\/#organization\",\"name\":\"Volumec\",\"url\":\"https:\/\/www.volumec.com\/en\/\",\"logo\":{\"@type\":\"ImageObject\",\"inLanguage\":\"fr-FR\",\"@id\":\"https:\/\/www.volumec.com\/en\/#\/schema\/logo\/image\/\",\"url\":\"https:\/\/volumec.com\/wp-content\/uploads\/2024\/12\/Volumec-logo.png\",\"contentUrl\":\"https:\/\/volumec.com\/wp-content\/uploads\/2024\/12\/Volumec-logo.png\",\"width\":320,\"height\":77,\"caption\":\"Volumec\"},\"image\":{\"@id\":\"https:\/\/www.volumec.com\/en\/#\/schema\/logo\/image\/\"}}]}<\/script>\n<!-- \/ Yoast SEO plugin. -->","yoast_head_json":{"title":"Bras taraudeurs pneumatiques - Volumec","description":"Les taraudeuses pneumatiques (ET et VT\/VTS) offrent pr\u00e9cision et l\u00e9g\u00e8ret\u00e9. Rayon de travail jusqu'\u00e0 1900 mm et filetage jusqu'\u00e0 M30.","robots":{"index":"index","follow":"follow","max-snippet":"max-snippet:-1","max-image-preview":"max-image-preview:large","max-video-preview":"max-video-preview:-1"},"canonical":"https:\/\/volumec.com\/fr\/bras-taraudeurs-pneumatiques\/","og_locale":"fr_FR","og_type":"article","og_title":"Bras taraudeurs pneumatiques - Volumec","og_description":"Les taraudeuses pneumatiques (ET et VT\/VTS) offrent pr\u00e9cision et l\u00e9g\u00e8ret\u00e9. Rayon de travail jusqu'\u00e0 1900 mm et filetage jusqu'\u00e0 M30.","og_url":"https:\/\/volumec.com\/fr\/bras-taraudeurs-pneumatiques\/","og_site_name":"Volumec","article_modified_time":"2025-10-24T10:55:29+00:00","twitter_card":"summary_large_image","twitter_misc":{"Dur\u00e9e de lecture estim\u00e9e":"4 minutes"},"schema":{"@context":"https:\/\/schema.org","@graph":[{"@type":"WebPage","@id":"https:\/\/volumec.com\/fr\/bras-taraudeurs-pneumatiques\/","url":"https:\/\/volumec.com\/fr\/bras-taraudeurs-pneumatiques\/","name":"Bras taraudeurs pneumatiques - Volumec","isPartOf":{"@id":"https:\/\/www.volumec.com\/en\/#website"},"datePublished":"2024-12-09T09:52:13+00:00","dateModified":"2025-10-24T10:55:29+00:00","description":"Les taraudeuses pneumatiques (ET et VT\/VTS) offrent pr\u00e9cision et l\u00e9g\u00e8ret\u00e9. Rayon de travail jusqu'\u00e0 1900 mm et filetage jusqu'\u00e0 M30.","breadcrumb":{"@id":"https:\/\/volumec.com\/fr\/bras-taraudeurs-pneumatiques\/#breadcrumb"},"inLanguage":"fr-FR","potentialAction":[{"@type":"ReadAction","target":["https:\/\/volumec.com\/fr\/bras-taraudeurs-pneumatiques\/"]}]},{"@type":"BreadcrumbList","@id":"https:\/\/volumec.com\/fr\/bras-taraudeurs-pneumatiques\/#breadcrumb","itemListElement":[{"@type":"ListItem","position":1,"name":"Home","item":"https:\/\/volumec.com\/fr\/"},{"@type":"ListItem","position":2,"name":"Bras taraudeurs pneumatiques"}]},{"@type":"WebSite","@id":"https:\/\/www.volumec.com\/en\/#website","url":"https:\/\/www.volumec.com\/en\/","name":"Volumec.com","description":"","publisher":{"@id":"https:\/\/www.volumec.com\/en\/#organization"},"alternateName":"be innovative","potentialAction":[{"@type":"SearchAction","target":{"@type":"EntryPoint","urlTemplate":"https:\/\/www.volumec.com\/en\/?s={search_term_string}"},"query-input":{"@type":"PropertyValueSpecification","valueRequired":true,"valueName":"search_term_string"}}],"inLanguage":"fr-FR"},{"@type":"Organization","@id":"https:\/\/www.volumec.com\/en\/#organization","name":"Volumec","url":"https:\/\/www.volumec.com\/en\/","logo":{"@type":"ImageObject","inLanguage":"fr-FR","@id":"https:\/\/www.volumec.com\/en\/#\/schema\/logo\/image\/","url":"https:\/\/volumec.com\/wp-content\/uploads\/2024\/12\/Volumec-logo.png","contentUrl":"https:\/\/volumec.com\/wp-content\/uploads\/2024\/12\/Volumec-logo.png","width":320,"height":77,"caption":"Volumec"},"image":{"@id":"https:\/\/www.volumec.com\/en\/#\/schema\/logo\/image\/"}}]}},"_links":{"self":[{"href":"https:\/\/volumec.com\/fr\/wp-json\/wp\/v2\/pages\/502","targetHints":{"allow":["GET"]}}],"collection":[{"href":"https:\/\/volumec.com\/fr\/wp-json\/wp\/v2\/pages"}],"about":[{"href":"https:\/\/volumec.com\/fr\/wp-json\/wp\/v2\/types\/page"}],"author":[{"embeddable":true,"href":"https:\/\/volumec.com\/fr\/wp-json\/wp\/v2\/users\/1"}],"replies":[{"embeddable":true,"href":"https:\/\/volumec.com\/fr\/wp-json\/wp\/v2\/comments?post=502"}],"version-history":[{"count":8,"href":"https:\/\/volumec.com\/fr\/wp-json\/wp\/v2\/pages\/502\/revisions"}],"predecessor-version":[{"id":8473,"href":"https:\/\/volumec.com\/fr\/wp-json\/wp\/v2\/pages\/502\/revisions\/8473"}],"wp:attachment":[{"href":"https:\/\/volumec.com\/fr\/wp-json\/wp\/v2\/media?parent=502"}],"curies":[{"name":"wp","href":"https:\/\/api.w.org\/{rel}","templated":true}]}}