{"id":494,"date":"2024-12-05T12:16:08","date_gmt":"2024-12-05T11:16:08","guid":{"rendered":"http:\/\/volumec.com\/?page_id=494"},"modified":"2025-10-24T12:53:06","modified_gmt":"2025-10-24T10:53:06","slug":"taraudeuse-electrique","status":"publish","type":"page","link":"https:\/\/volumec.com\/fr\/taraudeuse-electrique\/","title":{"rendered":"Taraudeuse electrique"},"content":{"rendered":"<div class=\"wpb-content-wrapper\">[vc_row el_class=\u00a0\u00bbptd100 pbd100 ptm50 pbm50&Prime;][vc_column][vc_column_text css=\u00a0\u00bb\u00a0\u00bb]Les <strong>taraudeuses \u00e9lectriques <\/strong>sont des machines utilis\u00e9es dans les domaines industriels et artisanaux pour r\u00e9aliser des filetages sur des composants m\u00e9talliques ou d&rsquo;autres mat\u00e9riaux, fonctionnant avec une alimentation \u00e9lectrique normale.<\/p>\n<p>Nos <strong>taraudeuses \u00e9lectriques <\/strong>sont caract\u00e9ris\u00e9es par un bras articul\u00e9 sp\u00e9cial \u00e9quilibr\u00e9 en aluminium qui, en plus de bloquer les couples dus \u00e0 l&rsquo;usinage, garantit un alignement rapide et pr\u00e9cis de l&rsquo;outil.[\/vc_column_text][\/vc_column][\/vc_row][vc_row full_width=\u00a0\u00bbstretch_row\u00a0\u00bb el_class=\u00a0\u00bbprodotto_riga_configuratore ptd70 pbd90 ptm50 pbm60&Prime; css=\u00a0\u00bb.vc_custom_1733737463239{background-image: url(http:\/\/volumec.com\/wp-content\/uploads\/2024\/12\/configuratore-bg.jpg?id=401) !important;}\u00a0\u00bb][vc_column][vc_column_text css_animation=\u00a0\u00bbfadeInUp\u00a0\u00bb css=\u00a0\u00bb\u00a0\u00bb text_align=\u00a0\u00bbcenter\u00a0\u00bb font_weight=\u00a0\u00bb700&Prime; color=\u00a0\u00bb#ffffff\u00a0\u00bb]\n<h2>Vous ne savez pas quel produit choisir ?<br \/>\nUtilisez notre configurateur<\/h2>\n[\/vc_column_text]<style>.vcex-button.vcex_69e079534c1f6{border-radius:0px;color:#ffffff!important;padding:20px;border:2px solid #0b8df1;font-family:Manrope;font-size:16px;font-weight:700;}.vcex-button.vcex_69e079534c1f6:hover{color:#ffffff!important;}<\/style><div class=\"theme-button-wrap textcenter wpex-clr\"><a href=\"https:\/\/volumec.com\/fr\/configurateur-de-taraudeuse\/\" class=\"vcex-button theme-button outline align-center inline bottone1 mtd45 mtm30 vcex_69e079534c1f6\"><span class=\"vcex-button-inner theme-button-inner wpex-flex wpex-flex-wrap wpex-items-center wpex-justify-center\">ACC\u00c9DER AU CONFIGURATEUR<span class=\"vcex-button-icon vcex-icon-wrap theme-button-icon-right\"><span aria-hidden=\"true\" class=\"fas fa-arrow-right\"><\/span><\/span><\/span><\/a><\/div> [\/vc_column][\/vc_row][vc_row el_class=\u00a0\u00bbptd100 pbd100 ptm50 pbm50&Prime;][vc_column][vc_column_text css=\u00a0\u00bb\u00a0\u00bb]\n<h2><strong>Choisissez le meilleur mod\u00e8le et la meilleure configuration pour votre travail<\/strong><\/h2>\n[\/vc_column_text]<div class=\"vcex-spacing wpex-w-100 wpex-clear\" style=\"height:30px;\"><\/div>[vc_column_text css=\u00a0\u00bb\u00a0\u00bb color=\u00a0\u00bb#000000&Prime;]<strong>Les taraudeuses \u00e9lectriques<\/strong> Joytap d\u00e9velopp\u00e9es et produites par Volumec sont con\u00e7ues pour r\u00e9pondre au mieux aux besoins sp\u00e9cifiques de filetage et de vissage des entreprises qui souhaitent des machines fiables, performantes mais faciles \u00e0 utiliser. Diff\u00e9rents mod\u00e8les disponibles, bas\u00e9s sur des applications du M2 au M48. Toutes nos taraudeuses \u00e9lectriques Joytap et Sniper sont \u00e9quip\u00e9es de moteurs brushless nouvelle g\u00e9n\u00e9ration et de bras articul\u00e9s fiables et robustes m\u00eame pour un usage intensif.<\/p>\n<p><strong>PAS SEULEMENT TARAUDER<\/strong><\/p>\n<p>les mod\u00e8les Joytap \u00e9quip\u00e9s du syst\u00e8me de contr\u00f4le VASTC peuvent \u00eatre programm\u00e9s pour le filetage automatique, le vissage \u00e0 couple contr\u00f4l\u00e9 et le placement des inserts.[\/vc_column_text][\/vc_column][\/vc_row][vc_row full_width=\u00a0\u00bbstretch_row\u00a0\u00bb gap=\u00a0\u00bb30&Prime; equal_height=\u00a0\u00bbyes\u00a0\u00bb columns_right=\u00a0\u00bbyes\u00a0\u00bb el_class=\u00a0\u00bbprodotti_riga_prodotto ptd130 pbd130 ptm60 pbm60&Prime; css=\u00a0\u00bb.vc_custom_1733471381571{background-color: #F1F1F1 !important;}\u00a0\u00bb][vc_column css_animation=\u00a0\u00bbfadeInRight\u00a0\u00bb width=\u00a0\u00bb1\/2&Prime;][vc_column_text css=\u00a0\u00bb\u00a0\u00bb el_class=\u00a0\u00bbmtd20 mtm20 brm\u00a0\u00bb]\n<h3><strong>Joytap3 Evo2<\/strong><\/h3>\n[\/vc_column_text][vc_column_text css=\u00a0\u00bb.vc_custom_1734597766237{margin-top: 10px !important;}\u00a0\u00bb font_weight=\u00a0\u00bb700&Prime; font_size=\u00a0\u00bb28px\u00a0\u00bb line_height=\u00a0\u00bb120%\u00a0\u00bb]<strong>Rayon 2000 mm <\/strong><strong>jusqu&rsquo;\u00e0 M48 &#8211; vissage jusqu&rsquo;\u00e0 400Nm<\/strong>[\/vc_column_text][vc_column_text css=\u00a0\u00bb\u00a0\u00bb el_class=\u00a0\u00bbmtd20 mtm20&Prime; font_weight=\u00a0\u00bb700&Prime;]Joytap est la taraudeuse \u00e9lectrique qui repr\u00e9sente une certitude de performance, de qualit\u00e9 et de faible consommation. Ses caract\u00e9ristiques techniques uniques, fruit d&rsquo;ann\u00e9es de d\u00e9veloppement, permettent d&rsquo;effectuer avec la m\u00eame machine les op\u00e9rations suivantes : taraudage, vissage avec contr\u00f4le de couple, pose insert\/ h\u00e9lico\u00efdal , fraisage et al\u00e9sage.[\/vc_column_text][vc_column_text css=\u00a0\u00bb\u00a0\u00bb el_class=\u00a0\u00bbmtd20 mtm20&Prime;]Caract\u00e9ristiques<\/p>\n<ul>\n<li>Nouvelle structure en aluminium avec triple bras articul\u00e9 d\u00e9velopp\u00e9 avec le profil exclusif Volumec qui garantit pr\u00e9cision et rigidit\u00e9 dans l&rsquo;usinage<\/li>\n<li>Id\u00e9al pour les filetages verticaux, horizontaux et \u00e0 angle interm\u00e9diaire<\/li>\n<li>M\u00e9canique des bras articul\u00e9s am\u00e9lior\u00e9e pour plus de fluidit\u00e9 et de solidit\u00e9<\/li>\n<li>Moteur brushless du \u00e0 750 Watt de nouvelle g\u00e9n\u00e9ration (G2) aux performances et \u00e0 la fiabilit\u00e9 in\u00e9gal\u00e9es<\/li>\n<li>C\u00e2blage blind\u00e9 int\u00e9gr\u00e9 qui ne n\u00e9cessite pas de r\u00e9glages difficiles lors des mouvements<\/li>\n<li>Panneau-le touch VASTC, le plus avanc\u00e9 du march\u00e9 pour le vissage\/taraudage automatique avec contr\u00f4le du couple, d\u00e9chargement des copeaux et bien d&rsquo;autres nouvelles fonctions et avec couple (Nm), sauvegarde des programmes d&rsquo;usinage m\u00eame \u00e0 distance<\/li>\n<li>T\u00eate multidirectionnelle \u00e9galement incluse avec recherche automatique d&rsquo;alignement des pi\u00e8ces de 0 \u00e0 90\u00b0<\/li>\n<li>Consommation r\u00e9duite et bruit minimal<\/li>\n<\/ul>\n[\/vc_column_text]<style>.vcex-button.vcex_69e079534f2e5{border-radius:0px;color:#000000!important;padding:20px;border:2px solid #0b8df1;font-family:Manrope;font-size:16px;font-weight:700;}.vcex-button.vcex_69e079534f2e5:hover{color:#000000!important;}<\/style><div class=\"theme-button-wrap textcenter wpex-clr\"><a href=\"https:\/\/volumec.com\/fr\/taraudeuse-electrique\/joytap-3\/\" class=\"vcex-button theme-button outline align-center inline bottone1 mtd30 mtm30 vcex_69e079534f2e5\"><span class=\"vcex-button-inner theme-button-inner wpex-flex wpex-flex-wrap wpex-items-center wpex-justify-center\">EN SAVOIR PLUS<span class=\"vcex-button-icon vcex-icon-wrap theme-button-icon-right\"><span aria-hidden=\"true\" class=\"fas fa-arrow-right\"><\/span><\/span><\/span><\/a><\/div> [\/vc_column][vc_column css_animation=\u00a0\u00bbfadeInLeft\u00a0\u00bb width=\u00a0\u00bb1\/2&Prime;]<figure class=\"vcex-image vcex-module wpex-text-center\"><div class=\"vcex-image-inner wpex-relative wpex-inline-block\"><img width=\"768\" height=\"595\" src=\"https:\/\/volumec.com\/wp-content\/uploads\/2025\/10\/Bras-Taraudeuses-Electriques-Joytap-3-Evo2.jpg\" class=\"vcex-image-img wpex-align-middle\" alt=\"\" loading=\"lazy\" decoding=\"async\" srcset=\"https:\/\/volumec.com\/wp-content\/uploads\/2025\/10\/Bras-Taraudeuses-Electriques-Joytap-3-Evo2.jpg 768w, https:\/\/volumec.com\/wp-content\/uploads\/2025\/10\/Bras-Taraudeuses-Electriques-Joytap-3-Evo2-300x232.jpg 300w, https:\/\/volumec.com\/wp-content\/uploads\/2025\/10\/Bras-Taraudeuses-Electriques-Joytap-3-Evo2-600x465.jpg 600w\" sizes=\"auto, (max-width: 768px) 100vw, 768px\" \/><\/div><\/figure>[\/vc_column][\/vc_row][vc_row full_width=\u00a0\u00bbstretch_row\u00a0\u00bb gap=\u00a0\u00bb30&Prime; equal_height=\u00a0\u00bbyes\u00a0\u00bb el_class=\u00a0\u00bbprodotti_riga_prodotto ptd130 pbd130 ptm60 pbm60&Prime;][vc_column css_animation=\u00a0\u00bbfadeInLeft\u00a0\u00bb width=\u00a0\u00bb1\/2&Prime;][vc_column_text css=\u00a0\u00bb\u00a0\u00bb el_class=\u00a0\u00bbmtd20 mtm20 brm\u00a0\u00bb]\n<h3><strong>Joytap2 Evo2<\/strong><\/h3>\n[\/vc_column_text][vc_column_text css=\u00a0\u00bb.vc_custom_1734597693878{margin-top: 10px !important;}\u00a0\u00bb font_weight=\u00a0\u00bb700&Prime; font_size=\u00a0\u00bb28px\u00a0\u00bb line_height=\u00a0\u00bb120%\u00a0\u00bb]<strong>Rayon 1370 mm\u00a0<\/strong><strong>jusqu&rsquo;\u00e0 M24 &#8211; vissage jusqu&rsquo;\u00e0 180Nm<\/strong>[\/vc_column_text][vc_column_text css=\u00a0\u00bb\u00a0\u00bb el_class=\u00a0\u00bbmtd20 mtm20&Prime; font_weight=\u00a0\u00bb700&Prime;]Joytap est la taraudeuse \u00e9lectrique qui repr\u00e9sente une certitude de performance, de qualit\u00e9 et de faible consommation. Ses caract\u00e9ristiques techniques uniques, fruit d&rsquo;ann\u00e9es de d\u00e9veloppement, permettent d&rsquo;effectuer avec la m\u00eame machine les op\u00e9rations suivantes : taraudage, vissage avec contr\u00f4le de couple, pose insert\/ h\u00e9lico\u00efdal , fraisage et al\u00e9sage.[\/vc_column_text][vc_column_text css=\u00a0\u00bb\u00a0\u00bb el_class=\u00a0\u00bbmtd20 mtm20&Prime;]Caract\u00e9ristiques<\/p>\n<ul>\n<li>Nouvelle structure en aluminium avec double bras articul\u00e9 d\u00e9velopp\u00e9e avec un profil volum\u00e9trique exclusif qui donne une plus grande rigidit\u00e9 et pr\u00e9cision par rapport aux autres mod\u00e8les<\/li>\n<li>Large r\u00e9glage de la vitesse de travail avec couple constant<\/li>\n<li>M\u00e9canique des bras articul\u00e9s am\u00e9lior\u00e9e pour plus de fluidit\u00e9 et de solidit\u00e9<\/li>\n<li>Moteur brushless du \u00e0 750 Watt de nouvelle g\u00e9n\u00e9ration (G2) aux performances et \u00e0 la fiabilit\u00e9 in\u00e9gal\u00e9es<\/li>\n<li>T\u00eate multidirectionnelle \u00e9galement incluse avec recherche automatique d&rsquo;alignement des pi\u00e8ces de 0 \u00e0 90\u00b0<\/li>\n<li>C\u00e2blage blind\u00e9 int\u00e9gr\u00e9 qui ne n\u00e9cessite pas de r\u00e9glages difficiles lors des mouvements<\/li>\n<li>Panneau-le touche Vastc , le plus avanc\u00e9 du march\u00e9 pour le vissage\/taraudage automatique avec contr\u00f4le du couple, d\u00e9chargement des copeaux et bien d&rsquo;autres nouvelles fonctions et avec couple (Nm), sauvegarde des programmes d&rsquo;usinage m\u00eame \u00e0 distance<\/li>\n<li>Consommation r\u00e9duite et bruit minimal<\/li>\n<\/ul>\n[\/vc_column_text]<style>.vcex-button.vcex_69e0795355314{border-radius:0px;color:#000000!important;padding:20px;border:2px solid #0b8df1;font-family:Manrope;font-size:16px;font-weight:700;}.vcex-button.vcex_69e0795355314:hover{color:#000000!important;}<\/style><div class=\"theme-button-wrap textcenter wpex-clr\"><a href=\"https:\/\/volumec.com\/fr\/taraudeuse-electrique\/joytap-2\/\" class=\"vcex-button theme-button outline align-center inline bottone1 mtd30 mtm30 vcex_69e0795355314\"><span class=\"vcex-button-inner theme-button-inner wpex-flex wpex-flex-wrap wpex-items-center wpex-justify-center\">EN SAVOIR PLUS<span class=\"vcex-button-icon vcex-icon-wrap theme-button-icon-right\"><span aria-hidden=\"true\" class=\"fas fa-arrow-right\"><\/span><\/span><\/span><\/a><\/div> [\/vc_column][vc_column css_animation=\u00a0\u00bbfadeInRight\u00a0\u00bb width=\u00a0\u00bb1\/2&Prime;]<figure class=\"vcex-image vcex-module wpex-text-center\"><div class=\"vcex-image-inner wpex-relative wpex-inline-block\"><img width=\"768\" height=\"595\" src=\"https:\/\/volumec.com\/wp-content\/uploads\/2025\/10\/Bras-Taraudeuses-Electriques-Joytap-2-Evo2.jpg\" class=\"vcex-image-img wpex-align-middle\" alt=\"\" loading=\"lazy\" decoding=\"async\" srcset=\"https:\/\/volumec.com\/wp-content\/uploads\/2025\/10\/Bras-Taraudeuses-Electriques-Joytap-2-Evo2.jpg 768w, https:\/\/volumec.com\/wp-content\/uploads\/2025\/10\/Bras-Taraudeuses-Electriques-Joytap-2-Evo2-300x232.jpg 300w, https:\/\/volumec.com\/wp-content\/uploads\/2025\/10\/Bras-Taraudeuses-Electriques-Joytap-2-Evo2-600x465.jpg 600w\" sizes=\"auto, (max-width: 768px) 100vw, 768px\" \/><\/div><\/figure>[\/vc_column][\/vc_row][vc_row full_width=\u00a0\u00bbstretch_row\u00a0\u00bb gap=\u00a0\u00bb30&Prime; equal_height=\u00a0\u00bbyes\u00a0\u00bb columns_right=\u00a0\u00bbyes\u00a0\u00bb el_class=\u00a0\u00bbprodotti_riga_prodotto ptd130 pbd130 ptm60 pbm60&Prime; css=\u00a0\u00bb.vc_custom_1733471381571{background-color: #F1F1F1 !important;}\u00a0\u00bb][vc_column css_animation=\u00a0\u00bbfadeInRight\u00a0\u00bb width=\u00a0\u00bb1\/2&Prime;][vc_column_text css=\u00a0\u00bb\u00a0\u00bb el_class=\u00a0\u00bbmtd20 mtm20 brm\u00a0\u00bb]\n<h3><strong>Sniper SNP400<\/strong><\/h3>\n[\/vc_column_text][vc_column_text css=\u00a0\u00bb.vc_custom_1734597620393{margin-top: 10px !important;}\u00a0\u00bb font_weight=\u00a0\u00bb700&Prime; font_size=\u00a0\u00bb28px\u00a0\u00bb line_height=\u00a0\u00bb120%\u00a0\u00bb]Rayon 1100 mm jusqu&rsquo;\u00e0 M16.[\/vc_column_text][vc_column_text css=\u00a0\u00bb\u00a0\u00bb el_class=\u00a0\u00bbmtd20 mtm20&Prime; font_weight=\u00a0\u00bb700&Prime;]Compacte et maniable gr\u00e2ce \u00e0 sa structure en aluminium, la Sniper est une taraudeuse \u00e9lectrique dot\u00e9e d&rsquo;un moteur brushless de 400 Watts qui permet une large gamme de taraudages sur tout type de mat\u00e9riau. L&rsquo;unit\u00e9 de commande est compl\u00e8tement int\u00e9gr\u00e9e \u00e0 l&rsquo;int\u00e9rieur du bras articul\u00e9.[\/vc_column_text][vc_column_text css=\u00a0\u00bb\u00a0\u00bb el_class=\u00a0\u00bbmtd20 mtm20&Prime;]Caract\u00e9ristiques techniques :<\/p>\n<ul>\n<li>Syst\u00e8me de bras articul\u00e9s \u00e9quilibr\u00e9s, enti\u00e8rement r\u00e9alis\u00e9s en aluminium sp\u00e9cial qui garantit un alignement rapide et pr\u00e9cis sur les trous.<\/li>\n<li>Moteur sans balais de 400 W (220 V) enti\u00e8rement int\u00e9gr\u00e9 au bras avec des performances \u00e9lev\u00e9es, un bruit minimal et une faible consommation<\/li>\n<li>Large r\u00e9glage de la vitesse de taraudage sans utilisation de modules<\/li>\n<li>Vitesse maximale dans le sens inverse des aiguilles d&rsquo;une montre pour une sortie rapide de l&rsquo;outil.<\/li>\n<li>Bras articul\u00e9 avec balance r\u00e9glable<\/li>\n<li>Possibilit\u00e9 de filetage de trous borgnes et d\u00e9bouchants gr\u00e2ce aux embrayages r\u00e9glables et au capteur de profondeur (En option)<\/li>\n<\/ul>\n[\/vc_column_text]<style>.vcex-button.vcex_69e0795359375{border-radius:0px;color:#000000!important;padding:20px;border:2px solid #0b8df1;font-family:Manrope;font-size:16px;font-weight:700;}.vcex-button.vcex_69e0795359375:hover{color:#000000!important;}<\/style><div class=\"theme-button-wrap textcenter wpex-clr\"><a href=\"https:\/\/volumec.com\/fr\/taraudeuse-electrique\/sniper-snp400\/\" class=\"vcex-button theme-button outline align-center inline bottone1 mtd30 mtm30 vcex_69e0795359375\"><span class=\"vcex-button-inner theme-button-inner wpex-flex wpex-flex-wrap wpex-items-center wpex-justify-center\">EN SAVOIR PLUS<span class=\"vcex-button-icon vcex-icon-wrap theme-button-icon-right\"><span aria-hidden=\"true\" class=\"fas fa-arrow-right\"><\/span><\/span><\/span><\/a><\/div> [\/vc_column][vc_column css_animation=\u00a0\u00bbfadeInLeft\u00a0\u00bb width=\u00a0\u00bb1\/2&Prime;]<figure class=\"vcex-image vcex-module wpex-text-center\"><div class=\"vcex-image-inner wpex-relative wpex-inline-block\"><img width=\"768\" height=\"595\" src=\"https:\/\/volumec.com\/wp-content\/uploads\/2025\/10\/Bras-Taraudeuses-Electriques-Sniper-Snp400.jpg\" class=\"vcex-image-img wpex-align-middle\" alt=\"\" loading=\"lazy\" decoding=\"async\" srcset=\"https:\/\/volumec.com\/wp-content\/uploads\/2025\/10\/Bras-Taraudeuses-Electriques-Sniper-Snp400.jpg 768w, https:\/\/volumec.com\/wp-content\/uploads\/2025\/10\/Bras-Taraudeuses-Electriques-Sniper-Snp400-300x232.jpg 300w, https:\/\/volumec.com\/wp-content\/uploads\/2025\/10\/Bras-Taraudeuses-Electriques-Sniper-Snp400-600x465.jpg 600w\" sizes=\"auto, (max-width: 768px) 100vw, 768px\" \/><\/div><\/figure>[\/vc_column][\/vc_row][vc_row css_animation=\u00a0\u00bbfadeIn\u00a0\u00bb full_width=\u00a0\u00bbstretch_row\u00a0\u00bb content_placement=\u00a0\u00bbmiddle\u00a0\u00bb parallax=\u00a0\u00bbcontent-moving\u00a0\u00bb parallax_image=\u00a0\u00bb277&Prime; el_class=\u00a0\u00bbriga_banner ptd30 pbd30 ptm40 pbm40&Prime;][vc_column width=\u00a0\u00bb1\/2&Prime;]<style>.vcex-image.vcex_69e079535c648 .vcex-image-inner{max-width:600px;}<\/style><figure class=\"vcex-image vcex-module vcex_69e079535c648\"><div class=\"vcex-image-inner wpex-relative wpex-inline-block\"><img width=\"1000\" height=\"239\" src=\"https:\/\/volumec.com\/wp-content\/uploads\/2024\/12\/logo-Volumec.png\" class=\"vcex-image-img wpex-align-middle\" alt=\"\" loading=\"lazy\" decoding=\"async\" srcset=\"https:\/\/volumec.com\/wp-content\/uploads\/2024\/12\/logo-Volumec.png 1000w, https:\/\/volumec.com\/wp-content\/uploads\/2024\/12\/logo-Volumec-300x72.png 300w, https:\/\/volumec.com\/wp-content\/uploads\/2024\/12\/logo-Volumec-768x184.png 768w, https:\/\/volumec.com\/wp-content\/uploads\/2024\/12\/logo-Volumec-600x143.png 600w\" sizes=\"auto, (max-width: 1000px) 100vw, 1000px\" \/><\/div><\/figure>[\/vc_column][vc_column width=\u00a0\u00bb1\/2&Prime; el_class=\u00a0\u00bbptm40 cm\u00a0\u00bb][vc_column_text css=\u00a0\u00bb\u00a0\u00bb color=\u00a0\u00bb#ffffff\u00a0\u00bb font_size=\u00a0\u00bbd:100px|pl:45px|pp:45px\u00a0\u00bb line_height=\u00a0\u00bb110%\u00a0\u00bb font_weight=\u00a0\u00bb300&Prime;]Be <strong>innovative<\/strong>[\/vc_column_text][\/vc_column][\/vc_row]\n<\/div>","protected":false},"excerpt":{"rendered":"<p>[vc_row el_class=\u00a0\u00bbptd100 pbd100 ptm50 pbm50&Prime;][vc_column][vc_column_text css=\u00a0\u00bb\u00a0\u00bb]Les taraudeuses \u00e9lectriques sont des machines utilis\u00e9es dans les domaines industriels et artisanaux pour r\u00e9aliser des filetages sur des composants m\u00e9talliques ou d&rsquo;autres mat\u00e9riaux, fonctionnant avec une alimentation \u00e9lectrique normale. Nos taraudeuses \u00e9lectriques sont caract\u00e9ris\u00e9es par un bras articul\u00e9 sp\u00e9cial \u00e9quilibr\u00e9 en aluminium qui, en plus de bloquer les couples&hellip;<\/p>\n","protected":false},"author":1,"featured_media":0,"parent":0,"menu_order":0,"comment_status":"closed","ping_status":"closed","template":"","meta":{"_acf_changed":false,"inline_featured_image":false,"footnotes":""},"class_list":["post-494","page","type-page","status-publish","hentry","entry","no-media"],"acf":[],"yoast_head":"<!-- This site is optimized with the Yoast SEO plugin v25.1 - https:\/\/yoast.com\/wordpress\/plugins\/seo\/ -->\n<title>Taraudeuse electrique - Volumec<\/title>\n<meta name=\"description\" content=\"Les taraudeuses \u00e9lectriques sont des machines utilis\u00e9es dans les domaines industriel et artisanal pour r\u00e9aliser des filetages sur des composants m\u00e9talliques ou d&#039;autres mat\u00e9riaux.\" \/>\n<meta name=\"robots\" content=\"index, follow, max-snippet:-1, max-image-preview:large, max-video-preview:-1\" \/>\n<link rel=\"canonical\" href=\"https:\/\/volumec.com\/fr\/taraudeuse-electrique\/\" \/>\n<meta property=\"og:locale\" content=\"fr_FR\" \/>\n<meta property=\"og:type\" content=\"article\" \/>\n<meta property=\"og:title\" content=\"Taraudeuse electrique - Volumec\" \/>\n<meta property=\"og:description\" content=\"Les taraudeuses \u00e9lectriques sont des machines utilis\u00e9es dans les domaines industriel et artisanal pour r\u00e9aliser des filetages sur des composants m\u00e9talliques ou d&#039;autres mat\u00e9riaux.\" \/>\n<meta property=\"og:url\" content=\"https:\/\/volumec.com\/fr\/taraudeuse-electrique\/\" \/>\n<meta property=\"og:site_name\" content=\"Volumec\" \/>\n<meta property=\"article:modified_time\" content=\"2025-10-24T10:53:06+00:00\" \/>\n<meta name=\"twitter:card\" content=\"summary_large_image\" \/>\n<meta name=\"twitter:label1\" content=\"Dur\u00e9e de lecture estim\u00e9e\" \/>\n\t<meta name=\"twitter:data1\" content=\"8 minutes\" \/>\n<script type=\"application\/ld+json\" class=\"yoast-schema-graph\">{\"@context\":\"https:\/\/schema.org\",\"@graph\":[{\"@type\":\"WebPage\",\"@id\":\"https:\/\/volumec.com\/fr\/taraudeuse-electrique\/\",\"url\":\"https:\/\/volumec.com\/fr\/taraudeuse-electrique\/\",\"name\":\"Taraudeuse electrique - Volumec\",\"isPartOf\":{\"@id\":\"https:\/\/www.volumec.com\/en\/#website\"},\"datePublished\":\"2024-12-05T11:16:08+00:00\",\"dateModified\":\"2025-10-24T10:53:06+00:00\",\"description\":\"Les taraudeuses \u00e9lectriques sont des machines utilis\u00e9es dans les domaines industriel et artisanal pour r\u00e9aliser des filetages sur des composants m\u00e9talliques ou d'autres mat\u00e9riaux.\",\"breadcrumb\":{\"@id\":\"https:\/\/volumec.com\/fr\/taraudeuse-electrique\/#breadcrumb\"},\"inLanguage\":\"fr-FR\",\"potentialAction\":[{\"@type\":\"ReadAction\",\"target\":[\"https:\/\/volumec.com\/fr\/taraudeuse-electrique\/\"]}]},{\"@type\":\"BreadcrumbList\",\"@id\":\"https:\/\/volumec.com\/fr\/taraudeuse-electrique\/#breadcrumb\",\"itemListElement\":[{\"@type\":\"ListItem\",\"position\":1,\"name\":\"Home\",\"item\":\"https:\/\/volumec.com\/fr\/\"},{\"@type\":\"ListItem\",\"position\":2,\"name\":\"Taraudeuse electrique\"}]},{\"@type\":\"WebSite\",\"@id\":\"https:\/\/www.volumec.com\/en\/#website\",\"url\":\"https:\/\/www.volumec.com\/en\/\",\"name\":\"Volumec.com\",\"description\":\"\",\"publisher\":{\"@id\":\"https:\/\/www.volumec.com\/en\/#organization\"},\"alternateName\":\"be innovative\",\"potentialAction\":[{\"@type\":\"SearchAction\",\"target\":{\"@type\":\"EntryPoint\",\"urlTemplate\":\"https:\/\/www.volumec.com\/en\/?s={search_term_string}\"},\"query-input\":{\"@type\":\"PropertyValueSpecification\",\"valueRequired\":true,\"valueName\":\"search_term_string\"}}],\"inLanguage\":\"fr-FR\"},{\"@type\":\"Organization\",\"@id\":\"https:\/\/www.volumec.com\/en\/#organization\",\"name\":\"Volumec\",\"url\":\"https:\/\/www.volumec.com\/en\/\",\"logo\":{\"@type\":\"ImageObject\",\"inLanguage\":\"fr-FR\",\"@id\":\"https:\/\/www.volumec.com\/en\/#\/schema\/logo\/image\/\",\"url\":\"https:\/\/volumec.com\/wp-content\/uploads\/2024\/12\/Volumec-logo.png\",\"contentUrl\":\"https:\/\/volumec.com\/wp-content\/uploads\/2024\/12\/Volumec-logo.png\",\"width\":320,\"height\":77,\"caption\":\"Volumec\"},\"image\":{\"@id\":\"https:\/\/www.volumec.com\/en\/#\/schema\/logo\/image\/\"}}]}<\/script>\n<!-- \/ Yoast SEO plugin. -->","yoast_head_json":{"title":"Taraudeuse electrique - Volumec","description":"Les taraudeuses \u00e9lectriques sont des machines utilis\u00e9es dans les domaines industriel et artisanal pour r\u00e9aliser des filetages sur des composants m\u00e9talliques ou d'autres mat\u00e9riaux.","robots":{"index":"index","follow":"follow","max-snippet":"max-snippet:-1","max-image-preview":"max-image-preview:large","max-video-preview":"max-video-preview:-1"},"canonical":"https:\/\/volumec.com\/fr\/taraudeuse-electrique\/","og_locale":"fr_FR","og_type":"article","og_title":"Taraudeuse electrique - Volumec","og_description":"Les taraudeuses \u00e9lectriques sont des machines utilis\u00e9es dans les domaines industriel et artisanal pour r\u00e9aliser des filetages sur des composants m\u00e9talliques ou d'autres mat\u00e9riaux.","og_url":"https:\/\/volumec.com\/fr\/taraudeuse-electrique\/","og_site_name":"Volumec","article_modified_time":"2025-10-24T10:53:06+00:00","twitter_card":"summary_large_image","twitter_misc":{"Dur\u00e9e de lecture estim\u00e9e":"8 minutes"},"schema":{"@context":"https:\/\/schema.org","@graph":[{"@type":"WebPage","@id":"https:\/\/volumec.com\/fr\/taraudeuse-electrique\/","url":"https:\/\/volumec.com\/fr\/taraudeuse-electrique\/","name":"Taraudeuse electrique - Volumec","isPartOf":{"@id":"https:\/\/www.volumec.com\/en\/#website"},"datePublished":"2024-12-05T11:16:08+00:00","dateModified":"2025-10-24T10:53:06+00:00","description":"Les taraudeuses \u00e9lectriques sont des machines utilis\u00e9es dans les domaines industriel et artisanal pour r\u00e9aliser des filetages sur des composants m\u00e9talliques ou d'autres mat\u00e9riaux.","breadcrumb":{"@id":"https:\/\/volumec.com\/fr\/taraudeuse-electrique\/#breadcrumb"},"inLanguage":"fr-FR","potentialAction":[{"@type":"ReadAction","target":["https:\/\/volumec.com\/fr\/taraudeuse-electrique\/"]}]},{"@type":"BreadcrumbList","@id":"https:\/\/volumec.com\/fr\/taraudeuse-electrique\/#breadcrumb","itemListElement":[{"@type":"ListItem","position":1,"name":"Home","item":"https:\/\/volumec.com\/fr\/"},{"@type":"ListItem","position":2,"name":"Taraudeuse electrique"}]},{"@type":"WebSite","@id":"https:\/\/www.volumec.com\/en\/#website","url":"https:\/\/www.volumec.com\/en\/","name":"Volumec.com","description":"","publisher":{"@id":"https:\/\/www.volumec.com\/en\/#organization"},"alternateName":"be innovative","potentialAction":[{"@type":"SearchAction","target":{"@type":"EntryPoint","urlTemplate":"https:\/\/www.volumec.com\/en\/?s={search_term_string}"},"query-input":{"@type":"PropertyValueSpecification","valueRequired":true,"valueName":"search_term_string"}}],"inLanguage":"fr-FR"},{"@type":"Organization","@id":"https:\/\/www.volumec.com\/en\/#organization","name":"Volumec","url":"https:\/\/www.volumec.com\/en\/","logo":{"@type":"ImageObject","inLanguage":"fr-FR","@id":"https:\/\/www.volumec.com\/en\/#\/schema\/logo\/image\/","url":"https:\/\/volumec.com\/wp-content\/uploads\/2024\/12\/Volumec-logo.png","contentUrl":"https:\/\/volumec.com\/wp-content\/uploads\/2024\/12\/Volumec-logo.png","width":320,"height":77,"caption":"Volumec"},"image":{"@id":"https:\/\/www.volumec.com\/en\/#\/schema\/logo\/image\/"}}]}},"_links":{"self":[{"href":"https:\/\/volumec.com\/fr\/wp-json\/wp\/v2\/pages\/494","targetHints":{"allow":["GET"]}}],"collection":[{"href":"https:\/\/volumec.com\/fr\/wp-json\/wp\/v2\/pages"}],"about":[{"href":"https:\/\/volumec.com\/fr\/wp-json\/wp\/v2\/types\/page"}],"author":[{"embeddable":true,"href":"https:\/\/volumec.com\/fr\/wp-json\/wp\/v2\/users\/1"}],"replies":[{"embeddable":true,"href":"https:\/\/volumec.com\/fr\/wp-json\/wp\/v2\/comments?post=494"}],"version-history":[{"count":20,"href":"https:\/\/volumec.com\/fr\/wp-json\/wp\/v2\/pages\/494\/revisions"}],"predecessor-version":[{"id":8472,"href":"https:\/\/volumec.com\/fr\/wp-json\/wp\/v2\/pages\/494\/revisions\/8472"}],"wp:attachment":[{"href":"https:\/\/volumec.com\/fr\/wp-json\/wp\/v2\/media?parent=494"}],"curies":[{"name":"wp","href":"https:\/\/api.w.org\/{rel}","templated":true}]}}