{"id":486,"date":"2024-12-05T12:16:57","date_gmt":"2024-12-05T11:16:57","guid":{"rendered":"http:\/\/volumec.com\/?page_id=486"},"modified":"2025-10-24T13:02:45","modified_gmt":"2025-10-24T11:02:45","slug":"bras-manipulateur-mobile","status":"publish","type":"page","link":"https:\/\/volumec.com\/fr\/bras-manipulateur-mobile\/","title":{"rendered":"Bras manipulateur mobile"},"content":{"rendered":"<div class=\"wpb-content-wrapper\">[vc_row el_class=\u00a0\u00bbptd100 pbd100 ptm50 pbm50&Prime;][vc_column][vc_column_text css=\u00a0\u00bb\u00a0\u00bb]<strong>Les manipulateurs mobiles RM01, RM02 et EAM<\/strong> sont des syst\u00e8mes de bras ergonomiques qui permettent <strong>de manipuler des charges allant jusqu&rsquo;\u00e0 100 kg<\/strong>. Gr\u00e2ce \u00e0 leur base mobile, ils peuvent \u00eatre facilement transport\u00e9s dans diff\u00e9rentes zones de production et gr\u00e2ce au syst\u00e8me de pr\u00e9hension modulaire, ils peuvent s&rsquo;adapter \u00e0 diff\u00e9rentes. formes et pi\u00e8ces \u00e0 manipuler.<\/p>\n<p>Nos manipulateurs mobiles Rover et Easyarm Les manipulateurs sont une combinaison d&rsquo;ergonomie et de polyvalence, con\u00e7us pour am\u00e9liorer la productivit\u00e9 et la s\u00e9curit\u00e9 des op\u00e9rateurs dans les op\u00e9rations d&rsquo;assemblage, de logistique et de manutention, en garantissant pr\u00e9cision et adaptabilit\u00e9.[\/vc_column_text][\/vc_column][\/vc_row][vc_row full_width=\u00a0\u00bbstretch_row\u00a0\u00bb el_class=\u00a0\u00bbprodotto_riga_configuratore ptd70 pbd90 ptm50 pbm60&Prime; css=\u00a0\u00bb.vc_custom_1733737463239{background-image: url(http:\/\/volumec.com\/wp-content\/uploads\/2024\/12\/configuratore-bg.jpg?id=401) !important;}\u00a0\u00bb][vc_column][vc_column_text css=\u00a0\u00bb\u00a0\u00bb]\n<h2 style=\"text-align: center;\"><strong>Rover ou Easyarm manipulateur:un manipulateur mobile que vous placez o\u00f9 vous voulez.<\/strong><\/h2>\n[\/vc_column_text][\/vc_column][\/vc_row][vc_row full_width=\u00a0\u00bbstretch_row\u00a0\u00bb gap=\u00a0\u00bb30&Prime; equal_height=\u00a0\u00bbyes\u00a0\u00bb columns_right=\u00a0\u00bbyes\u00a0\u00bb el_class=\u00a0\u00bbprodotti_riga_prodotto ptd130 pbd130 ptm60 pbm60&Prime; css=\u00a0\u00bb.vc_custom_1733471381571{background-color: #F1F1F1 !important;}\u00a0\u00bb][vc_column css_animation=\u00a0\u00bbfadeInRight\u00a0\u00bb width=\u00a0\u00bb1\/2&Prime;][vc_column_text css=\u00a0\u00bb\u00a0\u00bb el_class=\u00a0\u00bbmtd20 mtm20 brm\u00a0\u00bb]\n<h3><strong>Manipulateur Rover RM01<\/strong><\/h3>\n[\/vc_column_text][vc_column_text css=\u00a0\u00bb\u00a0\u00bb el_class=\u00a0\u00bbmtd20 mtm20&Prime;]Caract\u00e9ristiques techniques<\/p>\n<p><strong>Le Rover Manipulator RM01 a une capacit\u00e9 de charge maximale de 100 kg <\/strong>et un syst\u00e8me de pr\u00e9hension interchangeable en fonction de diff\u00e9rents besoins ou types de pi\u00e8ces.\u00a0La t\u00eate peut \u00eatre tourn\u00e9e manuellement ou motoris\u00e9e sur plusieurs axes, donc capable de faire tourner automatiquement les pi\u00e8ces pendant la phase de levage.<\/p>\n<p>Le Rover RM01 devient un manipulateur mobile s&rsquo;il est \u00e9quip\u00e9 du chariot CSM001 et CSM002 mais peut \u00e9galement \u00eatre fix\u00e9 au sol ou au plafond.[\/vc_column_text]<style>.vcex-button.vcex_69e04d84944bb{border-radius:0px;color:#000000!important;padding:20px;border:2px solid #0b8df1;font-family:Manrope;font-size:16px;font-weight:700;}.vcex-button.vcex_69e04d84944bb:hover{color:#000000!important;}<\/style><div class=\"theme-button-wrap textcenter wpex-clr\"><a href=\"https:\/\/volumec.com\/fr\/bras-manipulateur-mobile\/rover-manipulateur-rm01\/\" class=\"vcex-button theme-button outline align-center inline bottone1 mtd30 mtm30 vcex_69e04d84944bb\"><span class=\"vcex-button-inner theme-button-inner wpex-flex wpex-flex-wrap wpex-items-center wpex-justify-center\">EN SAVOIR PLUS<span class=\"vcex-button-icon vcex-icon-wrap theme-button-icon-right\"><span aria-hidden=\"true\" class=\"fas fa-arrow-right\"><\/span><\/span><\/span><\/a><\/div> [\/vc_column][vc_column css_animation=\u00a0\u00bbfadeInLeft\u00a0\u00bb width=\u00a0\u00bb1\/2&Prime;]<figure class=\"vcex-image vcex-module wpex-text-center\"><div class=\"vcex-image-inner wpex-relative wpex-inline-block\"><img width=\"768\" height=\"595\" src=\"https:\/\/volumec.com\/wp-content\/uploads\/2025\/10\/Bras-Manipulateurs-Mobiles-Rover-Manipulator-Rm01.jpg\" class=\"vcex-image-img wpex-align-middle\" alt=\"\" loading=\"lazy\" decoding=\"async\" srcset=\"https:\/\/volumec.com\/wp-content\/uploads\/2025\/10\/Bras-Manipulateurs-Mobiles-Rover-Manipulator-Rm01.jpg 768w, https:\/\/volumec.com\/wp-content\/uploads\/2025\/10\/Bras-Manipulateurs-Mobiles-Rover-Manipulator-Rm01-300x232.jpg 300w, https:\/\/volumec.com\/wp-content\/uploads\/2025\/10\/Bras-Manipulateurs-Mobiles-Rover-Manipulator-Rm01-600x465.jpg 600w\" sizes=\"auto, (max-width: 768px) 100vw, 768px\" \/><\/div><\/figure>[\/vc_column][\/vc_row][vc_row full_width=\u00a0\u00bbstretch_row\u00a0\u00bb gap=\u00a0\u00bb30&Prime; equal_height=\u00a0\u00bbyes\u00a0\u00bb el_class=\u00a0\u00bbprodotti_riga_prodotto ptd130 pbd130 ptm60 pbm60&Prime;][vc_column css_animation=\u00a0\u00bbfadeInLeft\u00a0\u00bb width=\u00a0\u00bb1\/2&Prime;][vc_column_text css=\u00a0\u00bb\u00a0\u00bb el_class=\u00a0\u00bbmtd20 mtm20 brm\u00a0\u00bb]\n<h3><strong>Manipulateur Rover RM02<\/strong><\/h3>\n[\/vc_column_text][vc_column_text css=\u00a0\u00bb\u00a0\u00bb el_class=\u00a0\u00bbmtd20 mtm20&Prime;]Caract\u00e9ristiques techniques<\/p>\n<p><strong>Le Rover Manipulator RM02 a une capacit\u00e9 de charge maximale de 50 kg <\/strong>et un syst\u00e8me de pr\u00e9hension interchangeable en fonction de diff\u00e9rents besoins ou types de pi\u00e8ces.\u00a0La double articulation repr\u00e9sente une solution unique qui permet de r\u00e9gler la hauteur du syst\u00e8me de pr\u00e9hension avant d&rsquo;effectuer la manipulation.<\/p>\n<p>Le Rover RM02 devient un <strong>manipulateur mobile<\/strong> s&rsquo;il est \u00e9quip\u00e9 du chariot CSM001 et CSM002 mais peut \u00e9galement \u00eatre fix\u00e9 au sol ou au plafond.[\/vc_column_text]<style>.vcex-button.vcex_69e04d849add7{border-radius:0px;color:#000000!important;padding:20px;border:2px solid #0b8df1;font-family:Manrope;font-size:16px;font-weight:700;}.vcex-button.vcex_69e04d849add7:hover{color:#000000!important;}<\/style><div class=\"theme-button-wrap textcenter wpex-clr\"><a href=\"https:\/\/volumec.com\/fr\/bras-manipulateur-mobile\/rover-manipulateur-rm02\/\" class=\"vcex-button theme-button outline align-center inline bottone1 mtd30 mtm30 vcex_69e04d849add7\"><span class=\"vcex-button-inner theme-button-inner wpex-flex wpex-flex-wrap wpex-items-center wpex-justify-center\">EN SAVOIR PLUS<span class=\"vcex-button-icon vcex-icon-wrap theme-button-icon-right\"><span aria-hidden=\"true\" class=\"fas fa-arrow-right\"><\/span><\/span><\/span><\/a><\/div> [\/vc_column][vc_column css_animation=\u00a0\u00bbfadeInRight\u00a0\u00bb width=\u00a0\u00bb1\/2&Prime;]<figure class=\"vcex-image vcex-module wpex-text-center\"><div class=\"vcex-image-inner wpex-relative wpex-inline-block\"><img width=\"768\" height=\"595\" src=\"https:\/\/volumec.com\/wp-content\/uploads\/2025\/10\/Bras-Manipulateurs-Mobiles-Rover-Manipulator-Rm02.jpg\" class=\"vcex-image-img wpex-align-middle\" alt=\"\" loading=\"lazy\" decoding=\"async\" srcset=\"https:\/\/volumec.com\/wp-content\/uploads\/2025\/10\/Bras-Manipulateurs-Mobiles-Rover-Manipulator-Rm02.jpg 768w, https:\/\/volumec.com\/wp-content\/uploads\/2025\/10\/Bras-Manipulateurs-Mobiles-Rover-Manipulator-Rm02-300x232.jpg 300w, https:\/\/volumec.com\/wp-content\/uploads\/2025\/10\/Bras-Manipulateurs-Mobiles-Rover-Manipulator-Rm02-600x465.jpg 600w\" sizes=\"auto, (max-width: 768px) 100vw, 768px\" \/><\/div><\/figure>[\/vc_column][\/vc_row][vc_row full_width=\u00a0\u00bbstretch_row\u00a0\u00bb gap=\u00a0\u00bb30&Prime; equal_height=\u00a0\u00bbyes\u00a0\u00bb columns_right=\u00a0\u00bbyes\u00a0\u00bb el_class=\u00a0\u00bbprodotti_riga_prodotto ptd130 pbd130 ptm60 pbm60&Prime; css=\u00a0\u00bb.vc_custom_1733471381571{background-color: #F1F1F1 !important;}\u00a0\u00bb][vc_column css_animation=\u00a0\u00bbfadeInRight\u00a0\u00bb width=\u00a0\u00bb1\/2&Prime;][vc_column_text css=\u00a0\u00bb\u00a0\u00bb el_class=\u00a0\u00bbmtd20 mtm20 brm\u00a0\u00bb]\n<h3><strong>EASYARM \u00a0Manipulateur EAM2 \/EAM3<\/strong><\/h3>\n[\/vc_column_text][vc_column_text css=\u00a0\u00bb\u00a0\u00bb el_class=\u00a0\u00bbmtd20 mtm20&Prime;]Caract\u00e9ristiques techniques<\/p>\n<p><strong>EAM est un manipulateur con\u00e7u pour \u00eatre agile et rapide pour manipuler des charges allant jusqu&rsquo;\u00e0 30 kg<\/strong>. C&rsquo;est un manipulateur facilement transportable gr\u00e2ce au chariot \u00e0 roulettes et peut atteindre une hauteur de levage de plus de 2 m\u00e8tres, ce qui le rend id\u00e9al pour une vari\u00e9t\u00e9 d&rsquo;applications.<\/p>\n<p>Le syst\u00e8me de pr\u00e9hension modulaire offre des options polyvalentes, notamment des aimants pneumatiques, des ventouses et des crochets, lui permettant de s&rsquo;adapter \u00e0 diff\u00e9rents mat\u00e9riaux et formes. Cette polyvalence le rend parfait pour des t\u00e2ches telles que l&rsquo;assemblage, la logistique et la manutention, garantissant pr\u00e9cision et adaptabilit\u00e9.<\/p>\n<p>La conception robuste du <strong>manipulateur<\/strong> garantit une fiabilit\u00e9 et une s\u00e9curit\u00e9 \u00e9lev\u00e9es lors de l&rsquo;utilisation. Par cons\u00e9quent, l\u2019EAM repr\u00e9sente une solution efficace pour am\u00e9liorer la productivit\u00e9 et l\u2019efficacit\u00e9 op\u00e9rationnelle dans les industries modernes.[\/vc_column_text]<style>.vcex-button.vcex_69e04d849ee92{border-radius:0px;color:#000000!important;padding:20px;border:2px solid #0b8df1;font-family:Manrope;font-size:16px;font-weight:700;}.vcex-button.vcex_69e04d849ee92:hover{color:#000000!important;}<\/style><div class=\"theme-button-wrap textcenter wpex-clr\"><a href=\"https:\/\/volumec.com\/fr\/bras-manipulateur-mobile\/easyarm-manipulator-eam2-eam3\/\" class=\"vcex-button theme-button outline align-center inline bottone1 mtd30 mtm30 vcex_69e04d849ee92\"><span class=\"vcex-button-inner theme-button-inner wpex-flex wpex-flex-wrap wpex-items-center wpex-justify-center\">EN SAVOIR PLUS<span class=\"vcex-button-icon vcex-icon-wrap theme-button-icon-right\"><span aria-hidden=\"true\" class=\"fas fa-arrow-right\"><\/span><\/span><\/span><\/a><\/div> [\/vc_column][vc_column css_animation=\u00a0\u00bbfadeInLeft\u00a0\u00bb width=\u00a0\u00bb1\/2&Prime;]<figure class=\"vcex-image vcex-module wpex-text-center\"><div class=\"vcex-image-inner wpex-relative wpex-inline-block\"><img width=\"768\" height=\"595\" src=\"https:\/\/volumec.com\/wp-content\/uploads\/2025\/10\/Bras-Manipulateurs-Mobiles-Easyarm-Eam2-Eam3.jpg\" class=\"vcex-image-img wpex-align-middle\" alt=\"\" loading=\"lazy\" decoding=\"async\" srcset=\"https:\/\/volumec.com\/wp-content\/uploads\/2025\/10\/Bras-Manipulateurs-Mobiles-Easyarm-Eam2-Eam3.jpg 768w, https:\/\/volumec.com\/wp-content\/uploads\/2025\/10\/Bras-Manipulateurs-Mobiles-Easyarm-Eam2-Eam3-300x232.jpg 300w, https:\/\/volumec.com\/wp-content\/uploads\/2025\/10\/Bras-Manipulateurs-Mobiles-Easyarm-Eam2-Eam3-600x465.jpg 600w\" sizes=\"auto, (max-width: 768px) 100vw, 768px\" \/><\/div><\/figure>[\/vc_column][\/vc_row][vc_row css_animation=\u00a0\u00bbfadeIn\u00a0\u00bb full_width=\u00a0\u00bbstretch_row\u00a0\u00bb content_placement=\u00a0\u00bbmiddle\u00a0\u00bb parallax=\u00a0\u00bbcontent-moving\u00a0\u00bb parallax_image=\u00a0\u00bb277&Prime; el_class=\u00a0\u00bbriga_banner ptd30 pbd30 ptm40 pbm40&Prime;][vc_column width=\u00a0\u00bb1\/2&Prime;]<style>.vcex-image.vcex_69e04d84a21f2 .vcex-image-inner{max-width:600px;}<\/style><figure class=\"vcex-image vcex-module vcex_69e04d84a21f2\"><div class=\"vcex-image-inner wpex-relative wpex-inline-block\"><img width=\"1000\" height=\"239\" src=\"https:\/\/volumec.com\/wp-content\/uploads\/2024\/12\/logo-Volumec.png\" class=\"vcex-image-img wpex-align-middle\" alt=\"\" loading=\"lazy\" decoding=\"async\" srcset=\"https:\/\/volumec.com\/wp-content\/uploads\/2024\/12\/logo-Volumec.png 1000w, https:\/\/volumec.com\/wp-content\/uploads\/2024\/12\/logo-Volumec-300x72.png 300w, https:\/\/volumec.com\/wp-content\/uploads\/2024\/12\/logo-Volumec-768x184.png 768w, https:\/\/volumec.com\/wp-content\/uploads\/2024\/12\/logo-Volumec-600x143.png 600w\" sizes=\"auto, (max-width: 1000px) 100vw, 1000px\" \/><\/div><\/figure>[\/vc_column][vc_column width=\u00a0\u00bb1\/2&Prime; el_class=\u00a0\u00bbptm40 cm\u00a0\u00bb][vc_column_text css=\u00a0\u00bb\u00a0\u00bb color=\u00a0\u00bb#ffffff\u00a0\u00bb font_size=\u00a0\u00bbd:100px|pl:45px|pp:45px\u00a0\u00bb line_height=\u00a0\u00bb110%\u00a0\u00bb font_weight=\u00a0\u00bb300&Prime;]Be <strong>innovative<\/strong>[\/vc_column_text][\/vc_column][\/vc_row]\n<\/div>","protected":false},"excerpt":{"rendered":"<p>[vc_row el_class=\u00a0\u00bbptd100 pbd100 ptm50 pbm50&Prime;][vc_column][vc_column_text css=\u00a0\u00bb\u00a0\u00bb]Les manipulateurs mobiles RM01, RM02 et EAM sont des syst\u00e8mes de bras ergonomiques qui permettent de manipuler des charges allant jusqu&rsquo;\u00e0 100 kg. Gr\u00e2ce \u00e0 leur base mobile, ils peuvent \u00eatre facilement transport\u00e9s dans diff\u00e9rentes zones de production et gr\u00e2ce au syst\u00e8me de pr\u00e9hension modulaire, ils peuvent s&rsquo;adapter \u00e0 diff\u00e9rentes.&hellip;<\/p>\n","protected":false},"author":1,"featured_media":0,"parent":0,"menu_order":0,"comment_status":"closed","ping_status":"closed","template":"","meta":{"_acf_changed":false,"inline_featured_image":false,"footnotes":""},"class_list":["post-486","page","type-page","status-publish","hentry","entry","no-media"],"acf":[],"yoast_head":"<!-- This site is optimized with the Yoast SEO plugin v25.1 - https:\/\/yoast.com\/wordpress\/plugins\/seo\/ -->\n<title>Bras manipulateur mobile - Volumec<\/title>\n<meta name=\"description\" content=\"Nos manipulateurs mobiles permettent de manipuler jusqu&#039;\u00e0 100 kg tout en am\u00e9liorant la productivit\u00e9 et la s\u00e9curit\u00e9.\" \/>\n<meta name=\"robots\" content=\"index, follow, max-snippet:-1, max-image-preview:large, max-video-preview:-1\" \/>\n<link rel=\"canonical\" href=\"https:\/\/volumec.com\/fr\/bras-manipulateur-mobile\/\" \/>\n<meta property=\"og:locale\" content=\"fr_FR\" \/>\n<meta property=\"og:type\" content=\"article\" \/>\n<meta property=\"og:title\" content=\"Bras manipulateur mobile - Volumec\" \/>\n<meta property=\"og:description\" content=\"Nos manipulateurs mobiles permettent de manipuler jusqu&#039;\u00e0 100 kg tout en am\u00e9liorant la productivit\u00e9 et la s\u00e9curit\u00e9.\" \/>\n<meta property=\"og:url\" content=\"https:\/\/volumec.com\/fr\/bras-manipulateur-mobile\/\" \/>\n<meta property=\"og:site_name\" content=\"Volumec\" \/>\n<meta property=\"article:modified_time\" content=\"2025-10-24T11:02:45+00:00\" \/>\n<meta name=\"twitter:card\" content=\"summary_large_image\" \/>\n<meta name=\"twitter:label1\" content=\"Dur\u00e9e de lecture estim\u00e9e\" \/>\n\t<meta name=\"twitter:data1\" content=\"5 minutes\" \/>\n<script type=\"application\/ld+json\" class=\"yoast-schema-graph\">{\"@context\":\"https:\/\/schema.org\",\"@graph\":[{\"@type\":\"WebPage\",\"@id\":\"https:\/\/volumec.com\/fr\/bras-manipulateur-mobile\/\",\"url\":\"https:\/\/volumec.com\/fr\/bras-manipulateur-mobile\/\",\"name\":\"Bras manipulateur mobile - Volumec\",\"isPartOf\":{\"@id\":\"https:\/\/www.volumec.com\/en\/#website\"},\"datePublished\":\"2024-12-05T11:16:57+00:00\",\"dateModified\":\"2025-10-24T11:02:45+00:00\",\"description\":\"Nos manipulateurs mobiles permettent de manipuler jusqu'\u00e0 100 kg tout en am\u00e9liorant la productivit\u00e9 et la s\u00e9curit\u00e9.\",\"breadcrumb\":{\"@id\":\"https:\/\/volumec.com\/fr\/bras-manipulateur-mobile\/#breadcrumb\"},\"inLanguage\":\"fr-FR\",\"potentialAction\":[{\"@type\":\"ReadAction\",\"target\":[\"https:\/\/volumec.com\/fr\/bras-manipulateur-mobile\/\"]}]},{\"@type\":\"BreadcrumbList\",\"@id\":\"https:\/\/volumec.com\/fr\/bras-manipulateur-mobile\/#breadcrumb\",\"itemListElement\":[{\"@type\":\"ListItem\",\"position\":1,\"name\":\"Home\",\"item\":\"https:\/\/volumec.com\/fr\/\"},{\"@type\":\"ListItem\",\"position\":2,\"name\":\"Bras manipulateur mobile\"}]},{\"@type\":\"WebSite\",\"@id\":\"https:\/\/www.volumec.com\/en\/#website\",\"url\":\"https:\/\/www.volumec.com\/en\/\",\"name\":\"Volumec.com\",\"description\":\"\",\"publisher\":{\"@id\":\"https:\/\/www.volumec.com\/en\/#organization\"},\"alternateName\":\"be innovative\",\"potentialAction\":[{\"@type\":\"SearchAction\",\"target\":{\"@type\":\"EntryPoint\",\"urlTemplate\":\"https:\/\/www.volumec.com\/en\/?s={search_term_string}\"},\"query-input\":{\"@type\":\"PropertyValueSpecification\",\"valueRequired\":true,\"valueName\":\"search_term_string\"}}],\"inLanguage\":\"fr-FR\"},{\"@type\":\"Organization\",\"@id\":\"https:\/\/www.volumec.com\/en\/#organization\",\"name\":\"Volumec\",\"url\":\"https:\/\/www.volumec.com\/en\/\",\"logo\":{\"@type\":\"ImageObject\",\"inLanguage\":\"fr-FR\",\"@id\":\"https:\/\/www.volumec.com\/en\/#\/schema\/logo\/image\/\",\"url\":\"https:\/\/volumec.com\/wp-content\/uploads\/2024\/12\/Volumec-logo.png\",\"contentUrl\":\"https:\/\/volumec.com\/wp-content\/uploads\/2024\/12\/Volumec-logo.png\",\"width\":320,\"height\":77,\"caption\":\"Volumec\"},\"image\":{\"@id\":\"https:\/\/www.volumec.com\/en\/#\/schema\/logo\/image\/\"}}]}<\/script>\n<!-- \/ Yoast SEO plugin. -->","yoast_head_json":{"title":"Bras manipulateur mobile - Volumec","description":"Nos manipulateurs mobiles permettent de manipuler jusqu'\u00e0 100 kg tout en am\u00e9liorant la productivit\u00e9 et la s\u00e9curit\u00e9.","robots":{"index":"index","follow":"follow","max-snippet":"max-snippet:-1","max-image-preview":"max-image-preview:large","max-video-preview":"max-video-preview:-1"},"canonical":"https:\/\/volumec.com\/fr\/bras-manipulateur-mobile\/","og_locale":"fr_FR","og_type":"article","og_title":"Bras manipulateur mobile - Volumec","og_description":"Nos manipulateurs mobiles permettent de manipuler jusqu'\u00e0 100 kg tout en am\u00e9liorant la productivit\u00e9 et la s\u00e9curit\u00e9.","og_url":"https:\/\/volumec.com\/fr\/bras-manipulateur-mobile\/","og_site_name":"Volumec","article_modified_time":"2025-10-24T11:02:45+00:00","twitter_card":"summary_large_image","twitter_misc":{"Dur\u00e9e de lecture estim\u00e9e":"5 minutes"},"schema":{"@context":"https:\/\/schema.org","@graph":[{"@type":"WebPage","@id":"https:\/\/volumec.com\/fr\/bras-manipulateur-mobile\/","url":"https:\/\/volumec.com\/fr\/bras-manipulateur-mobile\/","name":"Bras manipulateur mobile - Volumec","isPartOf":{"@id":"https:\/\/www.volumec.com\/en\/#website"},"datePublished":"2024-12-05T11:16:57+00:00","dateModified":"2025-10-24T11:02:45+00:00","description":"Nos manipulateurs mobiles permettent de manipuler jusqu'\u00e0 100 kg tout en am\u00e9liorant la productivit\u00e9 et la s\u00e9curit\u00e9.","breadcrumb":{"@id":"https:\/\/volumec.com\/fr\/bras-manipulateur-mobile\/#breadcrumb"},"inLanguage":"fr-FR","potentialAction":[{"@type":"ReadAction","target":["https:\/\/volumec.com\/fr\/bras-manipulateur-mobile\/"]}]},{"@type":"BreadcrumbList","@id":"https:\/\/volumec.com\/fr\/bras-manipulateur-mobile\/#breadcrumb","itemListElement":[{"@type":"ListItem","position":1,"name":"Home","item":"https:\/\/volumec.com\/fr\/"},{"@type":"ListItem","position":2,"name":"Bras manipulateur mobile"}]},{"@type":"WebSite","@id":"https:\/\/www.volumec.com\/en\/#website","url":"https:\/\/www.volumec.com\/en\/","name":"Volumec.com","description":"","publisher":{"@id":"https:\/\/www.volumec.com\/en\/#organization"},"alternateName":"be innovative","potentialAction":[{"@type":"SearchAction","target":{"@type":"EntryPoint","urlTemplate":"https:\/\/www.volumec.com\/en\/?s={search_term_string}"},"query-input":{"@type":"PropertyValueSpecification","valueRequired":true,"valueName":"search_term_string"}}],"inLanguage":"fr-FR"},{"@type":"Organization","@id":"https:\/\/www.volumec.com\/en\/#organization","name":"Volumec","url":"https:\/\/www.volumec.com\/en\/","logo":{"@type":"ImageObject","inLanguage":"fr-FR","@id":"https:\/\/www.volumec.com\/en\/#\/schema\/logo\/image\/","url":"https:\/\/volumec.com\/wp-content\/uploads\/2024\/12\/Volumec-logo.png","contentUrl":"https:\/\/volumec.com\/wp-content\/uploads\/2024\/12\/Volumec-logo.png","width":320,"height":77,"caption":"Volumec"},"image":{"@id":"https:\/\/www.volumec.com\/en\/#\/schema\/logo\/image\/"}}]}},"_links":{"self":[{"href":"https:\/\/volumec.com\/fr\/wp-json\/wp\/v2\/pages\/486","targetHints":{"allow":["GET"]}}],"collection":[{"href":"https:\/\/volumec.com\/fr\/wp-json\/wp\/v2\/pages"}],"about":[{"href":"https:\/\/volumec.com\/fr\/wp-json\/wp\/v2\/types\/page"}],"author":[{"embeddable":true,"href":"https:\/\/volumec.com\/fr\/wp-json\/wp\/v2\/users\/1"}],"replies":[{"embeddable":true,"href":"https:\/\/volumec.com\/fr\/wp-json\/wp\/v2\/comments?post=486"}],"version-history":[{"count":13,"href":"https:\/\/volumec.com\/fr\/wp-json\/wp\/v2\/pages\/486\/revisions"}],"predecessor-version":[{"id":8478,"href":"https:\/\/volumec.com\/fr\/wp-json\/wp\/v2\/pages\/486\/revisions\/8478"}],"wp:attachment":[{"href":"https:\/\/volumec.com\/fr\/wp-json\/wp\/v2\/media?parent=486"}],"curies":[{"name":"wp","href":"https:\/\/api.w.org\/{rel}","templated":true}]}}