{"id":478,"date":"2024-12-09T10:52:30","date_gmt":"2024-12-09T09:52:30","guid":{"rendered":"http:\/\/volumec.com\/?page_id=478"},"modified":"2025-10-24T12:57:09","modified_gmt":"2025-10-24T10:57:09","slug":"bras-de-vissage-et-installation-des-inserts","status":"publish","type":"page","link":"https:\/\/volumec.com\/fr\/bras-de-vissage-et-installation-des-inserts\/","title":{"rendered":"Bras de vissage et installation des inserts"},"content":{"rendered":"<div class=\"wpb-content-wrapper\">[vc_row el_class=\u00a0\u00bbptd100 pbd100 ptm50 pbm50&Prime;][vc_column][vc_column_text css=\u00a0\u00bb\u00a0\u00bb]Les mod\u00e8les Joytap Evo2 , gr\u00e2ce au syst\u00e8me de contr\u00f4le VASTC le plus avanc\u00e9, peuvent r\u00e9aliser aussi bien des op\u00e9rations de vissage avec contr\u00f4le de couple, de taraudage mais aussi la pose d&rsquo;inserts et d&rsquo;h\u00e9lico\u00efdaux sur tout type de mat\u00e9riau.<\/p>\n<p>Le syst\u00e8me de contr\u00f4le peut \u00eatre facilement programm\u00e9 en cr\u00e9ant diff\u00e9rentes recettes en fonction du type de vissage, du mat\u00e9riau et de l&rsquo;outil utilis\u00e9.[\/vc_column_text][\/vc_column][\/vc_row][vc_row full_width=\u00a0\u00bbstretch_row\u00a0\u00bb el_class=\u00a0\u00bbprodotto_riga_configuratore ptd70 pbd90 ptm50 pbm60&Prime; css=\u00a0\u00bb.vc_custom_1733737463239{background-image: url(http:\/\/volumec.com\/wp-content\/uploads\/2024\/12\/configuratore-bg.jpg?id=401) !important;}\u00a0\u00bb][vc_column][vc_column_text css_animation=\u00a0\u00bbfadeInUp\u00a0\u00bb css=\u00a0\u00bb\u00a0\u00bb text_align=\u00a0\u00bbcenter\u00a0\u00bb font_weight=\u00a0\u00bb700&Prime; color=\u00a0\u00bb#ffffff\u00a0\u00bb]\n<h2>Vous ne savez pas quel produit choisir ?<br \/>\nUtilisez notre configurateur<\/h2>\n[\/vc_column_text]<style>.vcex-button.vcex_69ee33c918e14{border-radius:0px;color:#ffffff!important;padding:20px;border:2px solid #0b8df1;font-family:Manrope;font-size:16px;font-weight:700;}.vcex-button.vcex_69ee33c918e14:hover{color:#ffffff!important;}<\/style><div class=\"theme-button-wrap textcenter wpex-clr\"><a href=\"#\" class=\"vcex-button theme-button outline align-center inline bottone1 mtd45 mtm30 vcex_69ee33c918e14\"><span class=\"vcex-button-inner theme-button-inner wpex-flex wpex-flex-wrap wpex-items-center wpex-justify-center\">ACC\u00c9DER AU CONFIGURATEUR<span class=\"vcex-button-icon vcex-icon-wrap theme-button-icon-right\"><span aria-hidden=\"true\" class=\"fas fa-arrow-right\"><\/span><\/span><\/span><\/a><\/div> [\/vc_column][\/vc_row][vc_row el_class=\u00a0\u00bbptd100 pbd100 ptm50 pbm50&Prime;][vc_column][vc_column_text css=\u00a0\u00bb\u00a0\u00bb]\n<h4><strong>Vastc-scanner\u00a0: rapide &#8211; rapide et pr\u00e9cis<\/strong><\/h4>\n<p>Volumec pr\u00e9sente le VASTC-SCANNER, un syst\u00e8me innovant \u00e9quip\u00e9 d&rsquo;un lecteur QR int\u00e9gr\u00e9, con\u00e7u pour simplifier et acc\u00e9l\u00e9rer les op\u00e9rations de filetage et de vissage.<\/p>\n<p>Gr\u00e2ce \u00e0 cette technologie, l&rsquo;op\u00e9rateur peut simplement scanner le code QR associ\u00e9 \u00e0 la broche (MPA-MPI), et la machine chargera automatiquement les bons r\u00e9glages, r\u00e9duisant consid\u00e9rablement les marges d&rsquo;erreur et les temps d&rsquo;usinage.<\/p>\n<p>&nbsp;<\/p>\n<p>&nbsp;<\/p>\n<h2><strong>Choisissez le meilleur mod\u00e8le et la meilleure configuration pour votre travail<\/strong><\/h2>\n<p><strong>\u00a0<\/strong>Les nouveaux Joytap Evo2 sont \u00e9quip\u00e9s d&rsquo;un bras articul\u00e9 sp\u00e9cial avec \u00e9quilibre r\u00e9glable qui offre une ergonomie maximale dans les mouvements ainsi que vitesse et pr\u00e9cision pendant les op\u00e9rations. La t\u00eate multidirectionnelle permet de travailler facilement dans toutes les directions, m\u00eame pour les op\u00e9rateurs inexp\u00e9riment\u00e9s. En corr\u00e9lation avec la vaste gamme de mandrins \u00e0 serrage rapide, MPA pour le vissage, MPI pour le placement des inserts et douilles avec embrayage pour le taraudage, Volumec vous propose une solution compl\u00e8te et efficace pour mieux optimiser votre travail.[\/vc_column_text][\/vc_column][\/vc_row][vc_row full_width=\u00a0\u00bbstretch_row\u00a0\u00bb gap=\u00a0\u00bb30&Prime; equal_height=\u00a0\u00bbyes\u00a0\u00bb columns_right=\u00a0\u00bbyes\u00a0\u00bb el_class=\u00a0\u00bbprodotti_riga_prodotto ptd130 pbd130 ptm60 pbm60&Prime; css=\u00a0\u00bb.vc_custom_1733471381571{background-color: #F1F1F1 !important;}\u00a0\u00bb][vc_column css_animation=\u00a0\u00bbfadeInRight\u00a0\u00bb width=\u00a0\u00bb1\/2&Prime;][vc_column_text css=\u00a0\u00bb\u00a0\u00bb el_class=\u00a0\u00bbmtd20 mtm20 brm\u00a0\u00bb]\n<h3><strong>Joytap2 Evo2<\/strong><\/h3>\n[\/vc_column_text][vc_column_text css=\u00a0\u00bb.vc_custom_1734605661949{margin-top: 10px !important;}\u00a0\u00bb font_weight=\u00a0\u00bb700&Prime; font_size=\u00a0\u00bb28px\u00a0\u00bb line_height=\u00a0\u00bb120%\u00a0\u00bb]<strong>Rayon maximum 1370 mm <\/strong><strong>vissage jusqu&rsquo;\u00e0 180 Nm<\/strong>[\/vc_column_text][vc_column_text css=\u00a0\u00bb\u00a0\u00bb el_class=\u00a0\u00bbmtd20 mtm20&Prime; font_weight=\u00a0\u00bb700&Prime;]Joytap 2 est la taraudeuse \u00e9lectrique qui repr\u00e9sente une certitude de performance, de qualit\u00e9 et de faible consommation. Ses caract\u00e9ristiques techniques uniques, fruit d&rsquo;ann\u00e9es de d\u00e9veloppement, permettent d&rsquo;effectuer avec la m\u00eame machine les op\u00e9rations suivantes: taraudage, vissage avec contr\u00f4le de couple, pose insert\/ h\u00e9lico\u00efdal, fraisage et al\u00e9sage.[\/vc_column_text][vc_column_text css=\u00a0\u00bb\u00a0\u00bb el_class=\u00a0\u00bbmtd20 mtm20&Prime;]Caract\u00e9ristiques<\/p>\n<ul>\n<li>Nouvelle structure en aluminium avec double bras articul\u00e9 d\u00e9velopp\u00e9e avec un profil volum\u00e9trique exclusif qui donne une plus grande rigidit\u00e9 et pr\u00e9cision par rapport aux autres mod\u00e8les<\/li>\n<li>Large r\u00e9glage de la vitesse de travail avec couple constant<\/li>\n<li>M\u00e9canique des bras articul\u00e9s am\u00e9lior\u00e9e pour plus de fluidit\u00e9 et de solidit\u00e9<\/li>\n<li>Moteur brushless de nouvelle g\u00e9n\u00e9ration (G2) aux performances et \u00e0 la fiabilit\u00e9 in\u00e9gal\u00e9es<\/li>\n<li>T\u00eate multidirectionnelle \u00e9galement incluse avec recherche automatique d&rsquo;alignement des pi\u00e8ces de 0 \u00e0 90\u00b0<\/li>\n<li>C\u00e2blage blind\u00e9 int\u00e9gr\u00e9 qui ne n\u00e9cessite pas de r\u00e9glages difficiles lors des mouvements<\/li>\n<li>P annel touche Vastc , le plus avanc\u00e9 du march\u00e9 pour le vissage\/taraudage automatique avec contr\u00f4le du couple, d\u00e9chargement des copeaux et bien d&rsquo;autres nouvelles fonctions et avec couple (Nm), sauvegarde des programmes d&rsquo;usinage m\u00eame \u00e0 distance<\/li>\n<li>Consommation r\u00e9duite et bruit minimal<\/li>\n<\/ul>\n[\/vc_column_text]<style>.vcex-button.vcex_69ee33c91bbe7{border-radius:0px;color:#000000!important;padding:20px;border:2px solid #0b8df1;font-family:Manrope;font-size:16px;font-weight:700;}.vcex-button.vcex_69ee33c91bbe7:hover{color:#000000!important;}<\/style><div class=\"theme-button-wrap textcenter wpex-clr\"><a href=\"https:\/\/volumec.com\/fr\/bras-de-vissage-et-installation-des-inserts\/joytap-2\/\" class=\"vcex-button theme-button outline align-center inline bottone1 mtd30 mtm30 vcex_69ee33c91bbe7\"><span class=\"vcex-button-inner theme-button-inner wpex-flex wpex-flex-wrap wpex-items-center wpex-justify-center\">EN SAVOIR PLUS<span class=\"vcex-button-icon vcex-icon-wrap theme-button-icon-right\"><span aria-hidden=\"true\" class=\"fas fa-arrow-right\"><\/span><\/span><\/span><\/a><\/div> [\/vc_column][vc_column css_animation=\u00a0\u00bbfadeInLeft\u00a0\u00bb width=\u00a0\u00bb1\/2&Prime;]<figure class=\"vcex-image vcex-module wpex-text-center\"><div class=\"vcex-image-inner wpex-relative wpex-inline-block\"><img width=\"768\" height=\"595\" src=\"https:\/\/volumec.com\/wp-content\/uploads\/2025\/10\/Bras-De-Vissage-Et-Installation-De-Inserts-Joytap-2-Evo2.jpg\" class=\"vcex-image-img wpex-align-middle\" alt=\"\" loading=\"lazy\" decoding=\"async\" srcset=\"https:\/\/volumec.com\/wp-content\/uploads\/2025\/10\/Bras-De-Vissage-Et-Installation-De-Inserts-Joytap-2-Evo2.jpg 768w, https:\/\/volumec.com\/wp-content\/uploads\/2025\/10\/Bras-De-Vissage-Et-Installation-De-Inserts-Joytap-2-Evo2-300x232.jpg 300w, https:\/\/volumec.com\/wp-content\/uploads\/2025\/10\/Bras-De-Vissage-Et-Installation-De-Inserts-Joytap-2-Evo2-600x465.jpg 600w\" sizes=\"auto, (max-width: 768px) 100vw, 768px\" \/><\/div><\/figure>[\/vc_column][\/vc_row][vc_row full_width=\u00a0\u00bbstretch_row\u00a0\u00bb gap=\u00a0\u00bb30&Prime; equal_height=\u00a0\u00bbyes\u00a0\u00bb el_class=\u00a0\u00bbprodotti_riga_prodotto ptd130 pbd130 ptm60 pbm60&Prime;][vc_column css_animation=\u00a0\u00bbfadeInLeft\u00a0\u00bb width=\u00a0\u00bb1\/2&Prime;][vc_column_text css=\u00a0\u00bb\u00a0\u00bb el_class=\u00a0\u00bbmtd20 mtm20 brm\u00a0\u00bb]\n<h3><strong>Joytap3 Evo2<\/strong><\/h3>\n[\/vc_column_text][vc_column_text css=\u00a0\u00bb.vc_custom_1734605744762{margin-top: 10px !important;}\u00a0\u00bb font_weight=\u00a0\u00bb700&Prime; font_size=\u00a0\u00bb28px\u00a0\u00bb line_height=\u00a0\u00bb120%\u00a0\u00bb]<strong>Rayon maximum 2000 mm <\/strong><strong>vissage jusqu&rsquo;\u00e0 400 Nm<\/strong>[\/vc_column_text][vc_column_text css=\u00a0\u00bb\u00a0\u00bb el_class=\u00a0\u00bbmtd20 mtm20&Prime;]Caract\u00e9ristiques<\/p>\n<ul>\n<li>Nouvelle structure en aluminium avec triple bras articul\u00e9 d\u00e9velopp\u00e9 avec le profil exclusif Volumec qui garantit pr\u00e9cision et rigidit\u00e9 dans l&rsquo;usinage<\/li>\n<li>Id\u00e9al pour les filetages verticaux, horizontaux et \u00e0 angle interm\u00e9diaire<\/li>\n<li>M\u00e9canique des bras articul\u00e9s am\u00e9lior\u00e9e pour plus de fluidit\u00e9 et de solidit\u00e9<\/li>\n<li>Moteur brushless de nouvelle g\u00e9n\u00e9ration (G2) aux performances et \u00e0 la fiabilit\u00e9 in\u00e9gal\u00e9es<\/li>\n<li>C\u00e2blage blind\u00e9 int\u00e9gr\u00e9 qui ne n\u00e9cessite pas de r\u00e9glages difficiles lors des mouvements<\/li>\n<li>Panneau-le touch VASTC, le plus avanc\u00e9 du march\u00e9 pour le vissage\/taraudage automatique avec contr\u00f4le du couple, d\u00e9chargement des copeaux et bien d&rsquo;autres nouvelles fonctions et avec couple (Nm), sauvegarde des programmes d&rsquo;usinage m\u00eame \u00e0 distance<\/li>\n<li>T\u00eate multidirectionnelle \u00e9galement incluse avec recherche automatique d&rsquo;alignement des pi\u00e8ces de 0 \u00e0 90\u00b0<\/li>\n<li>Consommation r\u00e9duite et bruit minimal<\/li>\n<\/ul>\n[\/vc_column_text]<style>.vcex-button.vcex_69ee33c921c19{border-radius:0px;color:#000000!important;padding:20px;border:2px solid #0b8df1;font-family:Manrope;font-size:16px;font-weight:700;}.vcex-button.vcex_69ee33c921c19:hover{color:#000000!important;}<\/style><div class=\"theme-button-wrap textcenter wpex-clr\"><a href=\"https:\/\/volumec.com\/fr\/bras-de-vissage-et-installation-des-inserts\/joytap-3\/\" class=\"vcex-button theme-button outline align-center inline bottone1 mtd30 mtm30 vcex_69ee33c921c19\"><span class=\"vcex-button-inner theme-button-inner wpex-flex wpex-flex-wrap wpex-items-center wpex-justify-center\">EN SAVOIR PLUS<span class=\"vcex-button-icon vcex-icon-wrap theme-button-icon-right\"><span aria-hidden=\"true\" class=\"fas fa-arrow-right\"><\/span><\/span><\/span><\/a><\/div> [\/vc_column][vc_column css_animation=\u00a0\u00bbfadeInRight\u00a0\u00bb width=\u00a0\u00bb1\/2&Prime;]<figure class=\"vcex-image vcex-module wpex-text-center\"><div class=\"vcex-image-inner wpex-relative wpex-inline-block\"><img width=\"768\" height=\"595\" src=\"https:\/\/volumec.com\/wp-content\/uploads\/2025\/10\/Bras-De-Vissage-Et-Installation-De-Inserts-Joytap-3-Evo2.jpg\" class=\"vcex-image-img wpex-align-middle\" alt=\"\" loading=\"lazy\" decoding=\"async\" srcset=\"https:\/\/volumec.com\/wp-content\/uploads\/2025\/10\/Bras-De-Vissage-Et-Installation-De-Inserts-Joytap-3-Evo2.jpg 768w, https:\/\/volumec.com\/wp-content\/uploads\/2025\/10\/Bras-De-Vissage-Et-Installation-De-Inserts-Joytap-3-Evo2-300x232.jpg 300w, https:\/\/volumec.com\/wp-content\/uploads\/2025\/10\/Bras-De-Vissage-Et-Installation-De-Inserts-Joytap-3-Evo2-600x465.jpg 600w\" sizes=\"auto, (max-width: 768px) 100vw, 768px\" \/><\/div><\/figure>[\/vc_column][\/vc_row][vc_row css_animation=\u00a0\u00bbfadeIn\u00a0\u00bb full_width=\u00a0\u00bbstretch_row\u00a0\u00bb content_placement=\u00a0\u00bbmiddle\u00a0\u00bb parallax=\u00a0\u00bbcontent-moving\u00a0\u00bb parallax_image=\u00a0\u00bb277&Prime; el_class=\u00a0\u00bbriga_banner ptd30 pbd30 ptm40 pbm40&Prime;][vc_column width=\u00a0\u00bb1\/2&Prime;]<style>.vcex-image.vcex_69ee33c924f83 .vcex-image-inner{max-width:600px;}<\/style><figure class=\"vcex-image vcex-module vcex_69ee33c924f83\"><div class=\"vcex-image-inner wpex-relative wpex-inline-block\"><img width=\"1000\" height=\"239\" src=\"https:\/\/volumec.com\/wp-content\/uploads\/2024\/12\/logo-Volumec.png\" class=\"vcex-image-img wpex-align-middle\" alt=\"\" loading=\"lazy\" decoding=\"async\" srcset=\"https:\/\/volumec.com\/wp-content\/uploads\/2024\/12\/logo-Volumec.png 1000w, https:\/\/volumec.com\/wp-content\/uploads\/2024\/12\/logo-Volumec-300x72.png 300w, https:\/\/volumec.com\/wp-content\/uploads\/2024\/12\/logo-Volumec-768x184.png 768w, https:\/\/volumec.com\/wp-content\/uploads\/2024\/12\/logo-Volumec-600x143.png 600w\" sizes=\"auto, (max-width: 1000px) 100vw, 1000px\" \/><\/div><\/figure>[\/vc_column][vc_column width=\u00a0\u00bb1\/2&Prime; el_class=\u00a0\u00bbptm40 cm\u00a0\u00bb][vc_column_text css=\u00a0\u00bb\u00a0\u00bb color=\u00a0\u00bb#ffffff\u00a0\u00bb font_size=\u00a0\u00bbd:100px|pl:45px|pp:45px\u00a0\u00bb line_height=\u00a0\u00bb110%\u00a0\u00bb font_weight=\u00a0\u00bb300&Prime;]Be <strong>innovative<\/strong>[\/vc_column_text][\/vc_column][\/vc_row]\n<\/div>","protected":false},"excerpt":{"rendered":"<p>[vc_row el_class=\u00a0\u00bbptd100 pbd100 ptm50 pbm50&Prime;][vc_column][vc_column_text css=\u00a0\u00bb\u00a0\u00bb]Les mod\u00e8les Joytap Evo2 , gr\u00e2ce au syst\u00e8me de contr\u00f4le VASTC le plus avanc\u00e9, peuvent r\u00e9aliser aussi bien des op\u00e9rations de vissage avec contr\u00f4le de couple, de taraudage mais aussi la pose d&rsquo;inserts et d&rsquo;h\u00e9lico\u00efdaux sur tout type de mat\u00e9riau. Le syst\u00e8me de contr\u00f4le peut \u00eatre facilement programm\u00e9 en cr\u00e9ant&hellip;<\/p>\n","protected":false},"author":1,"featured_media":0,"parent":0,"menu_order":0,"comment_status":"closed","ping_status":"closed","template":"","meta":{"_acf_changed":false,"inline_featured_image":false,"footnotes":""},"class_list":["post-478","page","type-page","status-publish","hentry","entry","no-media"],"acf":[],"yoast_head":"<!-- This site is optimized with the Yoast SEO plugin v25.1 - https:\/\/yoast.com\/wordpress\/plugins\/seo\/ -->\n<title>Bras de vissage et installation des inserts - Volumec<\/title>\n<meta name=\"description\" content=\"Bras de vissage et de pose d&#039;inserts Volumec avec un rayon de man\u0153uvre allant jusqu&#039;\u00e0 2000 mm et un couple de vissage allant jusqu&#039;\u00e0 400 Nm.\" \/>\n<meta name=\"robots\" content=\"index, follow, max-snippet:-1, max-image-preview:large, max-video-preview:-1\" \/>\n<link rel=\"canonical\" href=\"https:\/\/volumec.com\/fr\/bras-de-vissage-et-installation-des-inserts\/\" \/>\n<meta property=\"og:locale\" content=\"fr_FR\" \/>\n<meta property=\"og:type\" content=\"article\" \/>\n<meta property=\"og:title\" content=\"Bras de vissage et installation des inserts - Volumec\" \/>\n<meta property=\"og:description\" content=\"Bras de vissage et de pose d&#039;inserts Volumec avec un rayon de man\u0153uvre allant jusqu&#039;\u00e0 2000 mm et un couple de vissage allant jusqu&#039;\u00e0 400 Nm.\" \/>\n<meta property=\"og:url\" content=\"https:\/\/volumec.com\/fr\/bras-de-vissage-et-installation-des-inserts\/\" \/>\n<meta property=\"og:site_name\" content=\"Volumec\" \/>\n<meta property=\"article:modified_time\" content=\"2025-10-24T10:57:09+00:00\" \/>\n<meta name=\"twitter:card\" content=\"summary_large_image\" \/>\n<meta name=\"twitter:label1\" content=\"Dur\u00e9e de lecture estim\u00e9e\" \/>\n\t<meta name=\"twitter:data1\" content=\"6 minutes\" \/>\n<script type=\"application\/ld+json\" class=\"yoast-schema-graph\">{\"@context\":\"https:\/\/schema.org\",\"@graph\":[{\"@type\":\"WebPage\",\"@id\":\"https:\/\/volumec.com\/fr\/bras-de-vissage-et-installation-des-inserts\/\",\"url\":\"https:\/\/volumec.com\/fr\/bras-de-vissage-et-installation-des-inserts\/\",\"name\":\"Bras de vissage et installation des inserts - Volumec\",\"isPartOf\":{\"@id\":\"https:\/\/www.volumec.com\/en\/#website\"},\"datePublished\":\"2024-12-09T09:52:30+00:00\",\"dateModified\":\"2025-10-24T10:57:09+00:00\",\"description\":\"Bras de vissage et de pose d'inserts Volumec avec un rayon de man\u0153uvre allant jusqu'\u00e0 2000 mm et un couple de vissage allant jusqu'\u00e0 400 Nm.\",\"breadcrumb\":{\"@id\":\"https:\/\/volumec.com\/fr\/bras-de-vissage-et-installation-des-inserts\/#breadcrumb\"},\"inLanguage\":\"fr-FR\",\"potentialAction\":[{\"@type\":\"ReadAction\",\"target\":[\"https:\/\/volumec.com\/fr\/bras-de-vissage-et-installation-des-inserts\/\"]}]},{\"@type\":\"BreadcrumbList\",\"@id\":\"https:\/\/volumec.com\/fr\/bras-de-vissage-et-installation-des-inserts\/#breadcrumb\",\"itemListElement\":[{\"@type\":\"ListItem\",\"position\":1,\"name\":\"Home\",\"item\":\"https:\/\/volumec.com\/fr\/\"},{\"@type\":\"ListItem\",\"position\":2,\"name\":\"Bras de vissage et installation des inserts\"}]},{\"@type\":\"WebSite\",\"@id\":\"https:\/\/www.volumec.com\/en\/#website\",\"url\":\"https:\/\/www.volumec.com\/en\/\",\"name\":\"Volumec.com\",\"description\":\"\",\"publisher\":{\"@id\":\"https:\/\/www.volumec.com\/en\/#organization\"},\"alternateName\":\"be innovative\",\"potentialAction\":[{\"@type\":\"SearchAction\",\"target\":{\"@type\":\"EntryPoint\",\"urlTemplate\":\"https:\/\/www.volumec.com\/en\/?s={search_term_string}\"},\"query-input\":{\"@type\":\"PropertyValueSpecification\",\"valueRequired\":true,\"valueName\":\"search_term_string\"}}],\"inLanguage\":\"fr-FR\"},{\"@type\":\"Organization\",\"@id\":\"https:\/\/www.volumec.com\/en\/#organization\",\"name\":\"Volumec\",\"url\":\"https:\/\/www.volumec.com\/en\/\",\"logo\":{\"@type\":\"ImageObject\",\"inLanguage\":\"fr-FR\",\"@id\":\"https:\/\/www.volumec.com\/en\/#\/schema\/logo\/image\/\",\"url\":\"https:\/\/volumec.com\/wp-content\/uploads\/2024\/12\/Volumec-logo.png\",\"contentUrl\":\"https:\/\/volumec.com\/wp-content\/uploads\/2024\/12\/Volumec-logo.png\",\"width\":320,\"height\":77,\"caption\":\"Volumec\"},\"image\":{\"@id\":\"https:\/\/www.volumec.com\/en\/#\/schema\/logo\/image\/\"}}]}<\/script>\n<!-- \/ Yoast SEO plugin. -->","yoast_head_json":{"title":"Bras de vissage et installation des inserts - Volumec","description":"Bras de vissage et de pose d'inserts Volumec avec un rayon de man\u0153uvre allant jusqu'\u00e0 2000 mm et un couple de vissage allant jusqu'\u00e0 400 Nm.","robots":{"index":"index","follow":"follow","max-snippet":"max-snippet:-1","max-image-preview":"max-image-preview:large","max-video-preview":"max-video-preview:-1"},"canonical":"https:\/\/volumec.com\/fr\/bras-de-vissage-et-installation-des-inserts\/","og_locale":"fr_FR","og_type":"article","og_title":"Bras de vissage et installation des inserts - Volumec","og_description":"Bras de vissage et de pose d'inserts Volumec avec un rayon de man\u0153uvre allant jusqu'\u00e0 2000 mm et un couple de vissage allant jusqu'\u00e0 400 Nm.","og_url":"https:\/\/volumec.com\/fr\/bras-de-vissage-et-installation-des-inserts\/","og_site_name":"Volumec","article_modified_time":"2025-10-24T10:57:09+00:00","twitter_card":"summary_large_image","twitter_misc":{"Dur\u00e9e de lecture estim\u00e9e":"6 minutes"},"schema":{"@context":"https:\/\/schema.org","@graph":[{"@type":"WebPage","@id":"https:\/\/volumec.com\/fr\/bras-de-vissage-et-installation-des-inserts\/","url":"https:\/\/volumec.com\/fr\/bras-de-vissage-et-installation-des-inserts\/","name":"Bras de vissage et installation des inserts - Volumec","isPartOf":{"@id":"https:\/\/www.volumec.com\/en\/#website"},"datePublished":"2024-12-09T09:52:30+00:00","dateModified":"2025-10-24T10:57:09+00:00","description":"Bras de vissage et de pose d'inserts Volumec avec un rayon de man\u0153uvre allant jusqu'\u00e0 2000 mm et un couple de vissage allant jusqu'\u00e0 400 Nm.","breadcrumb":{"@id":"https:\/\/volumec.com\/fr\/bras-de-vissage-et-installation-des-inserts\/#breadcrumb"},"inLanguage":"fr-FR","potentialAction":[{"@type":"ReadAction","target":["https:\/\/volumec.com\/fr\/bras-de-vissage-et-installation-des-inserts\/"]}]},{"@type":"BreadcrumbList","@id":"https:\/\/volumec.com\/fr\/bras-de-vissage-et-installation-des-inserts\/#breadcrumb","itemListElement":[{"@type":"ListItem","position":1,"name":"Home","item":"https:\/\/volumec.com\/fr\/"},{"@type":"ListItem","position":2,"name":"Bras de vissage et installation des inserts"}]},{"@type":"WebSite","@id":"https:\/\/www.volumec.com\/en\/#website","url":"https:\/\/www.volumec.com\/en\/","name":"Volumec.com","description":"","publisher":{"@id":"https:\/\/www.volumec.com\/en\/#organization"},"alternateName":"be innovative","potentialAction":[{"@type":"SearchAction","target":{"@type":"EntryPoint","urlTemplate":"https:\/\/www.volumec.com\/en\/?s={search_term_string}"},"query-input":{"@type":"PropertyValueSpecification","valueRequired":true,"valueName":"search_term_string"}}],"inLanguage":"fr-FR"},{"@type":"Organization","@id":"https:\/\/www.volumec.com\/en\/#organization","name":"Volumec","url":"https:\/\/www.volumec.com\/en\/","logo":{"@type":"ImageObject","inLanguage":"fr-FR","@id":"https:\/\/www.volumec.com\/en\/#\/schema\/logo\/image\/","url":"https:\/\/volumec.com\/wp-content\/uploads\/2024\/12\/Volumec-logo.png","contentUrl":"https:\/\/volumec.com\/wp-content\/uploads\/2024\/12\/Volumec-logo.png","width":320,"height":77,"caption":"Volumec"},"image":{"@id":"https:\/\/www.volumec.com\/en\/#\/schema\/logo\/image\/"}}]}},"_links":{"self":[{"href":"https:\/\/volumec.com\/fr\/wp-json\/wp\/v2\/pages\/478","targetHints":{"allow":["GET"]}}],"collection":[{"href":"https:\/\/volumec.com\/fr\/wp-json\/wp\/v2\/pages"}],"about":[{"href":"https:\/\/volumec.com\/fr\/wp-json\/wp\/v2\/types\/page"}],"author":[{"embeddable":true,"href":"https:\/\/volumec.com\/fr\/wp-json\/wp\/v2\/users\/1"}],"replies":[{"embeddable":true,"href":"https:\/\/volumec.com\/fr\/wp-json\/wp\/v2\/comments?post=478"}],"version-history":[{"count":14,"href":"https:\/\/volumec.com\/fr\/wp-json\/wp\/v2\/pages\/478\/revisions"}],"predecessor-version":[{"id":8475,"href":"https:\/\/volumec.com\/fr\/wp-json\/wp\/v2\/pages\/478\/revisions\/8475"}],"wp:attachment":[{"href":"https:\/\/volumec.com\/fr\/wp-json\/wp\/v2\/media?parent=478"}],"curies":[{"name":"wp","href":"https:\/\/api.w.org\/{rel}","templated":true}]}}