{"id":470,"date":"2024-12-05T12:16:27","date_gmt":"2024-12-05T11:16:27","guid":{"rendered":"http:\/\/volumec.com\/?page_id=470"},"modified":"2025-10-24T12:26:28","modified_gmt":"2025-10-24T10:26:28","slug":"bras-de-percage","status":"publish","type":"page","link":"https:\/\/volumec.com\/fr\/bras-de-percage\/","title":{"rendered":"Bras de per\u00e7age"},"content":{"rendered":"<div class=\"wpb-content-wrapper\">[vc_row el_class=\u00a0\u00bbptd100 pbd100 ptm50 pbm50&Prime;][vc_column][vc_column_text css=\u00a0\u00bb\u00a0\u00bb]Les <strong>bras de per\u00e7age Drilltronic <\/strong>\u00a0sont des outils essentiels dans de nombreux secteurs industriels, de la production m\u00e9canique au traitement des mat\u00e9riaux. Nos <strong>bras de per\u00e7age<\/strong> sont con\u00e7us pour offrir une flexibilit\u00e9 maximale en mati\u00e8re d&rsquo;usinage, permettant d&rsquo;effectuer des per\u00e7ages pr\u00e9cis sur diff\u00e9rentes surfaces et mat\u00e9riaux, r\u00e9duisant les marges d&rsquo;erreur et am\u00e9liorant la productivit\u00e9.<\/p>\n<p>Les <strong>bras de per\u00e7age<\/strong> Volumec sont con\u00e7us pour assurer une fluidit\u00e9 et une rapidit\u00e9 de positionnement, garantissant rigidit\u00e9 et pr\u00e9cision lors des op\u00e9rations de per\u00e7age. Drilltronic n&rsquo;est pas seulement l&rsquo;\u00e9volution du per\u00e7age traditionnel ou radial, mais un bras adapt\u00e9 \u00e0 la production en petites et grandes s\u00e9ries dans plusieurs secteurs industriels, de la production m\u00e9canique au traitement des mat\u00e9riaux.<\/p>\n<p>Nos bras de per\u00e7age ont \u00e9t\u00e9 d\u00e9velopp\u00e9s pour offrir une flexibilit\u00e9 maximale de traitement, permettant un per\u00e7age pr\u00e9cis sur diff\u00e9rentes surfaces et mat\u00e9riaux, simplifiant les op\u00e9rations et am\u00e9liorant la productivit\u00e9.<\/p>\n<p><strong>Les bras de per\u00e7age Drilltronic<\/strong> sont con\u00e7us pour \u00eatre utilis\u00e9s par des op\u00e9rateurs sans connaissance en programmation CAO-FAO, en mode manuel, semi-automatique ou enti\u00e8rement automatique (CNC).<\/p>\n<p>La fluidit\u00e9 et la rapidit\u00e9 dans le positionnement sont garanties par une m\u00e9canique de haute qualit\u00e9 qui assure \u00e9galement rigidit\u00e9 et pr\u00e9cision lors des op\u00e9rations de per\u00e7age-taraudage, d&rsquo;\u00e9bavurage.[\/vc_column_text][\/vc_column][\/vc_row][vc_row full_width=\u00a0\u00bbstretch_row\u00a0\u00bb el_class=\u00a0\u00bbprodotto_riga_configuratore ptd70 pbd90 ptm50 pbm60&Prime; css=\u00a0\u00bb.vc_custom_1733737463239{background-image: url(http:\/\/volumec.com\/wp-content\/uploads\/2024\/12\/configuratore-bg.jpg?id=401) !important;}\u00a0\u00bb][vc_column][vc_column_text css=\u00a0\u00bb\u00a0\u00bb color=\u00a0\u00bb#ffffff\u00a0\u00bb]\n<h2><strong>Types de Bras de Per\u00e7age: caract\u00e9ristiques et Utilisations<\/strong><\/h2>\n[\/vc_column_text]<div class=\"vcex-spacing wpex-w-100 wpex-clear\" style=\"height:20px;\"><\/div>[vc_column_text css=\u00a0\u00bb\u00a0\u00bb color=\u00a0\u00bb#ffffff\u00a0\u00bb]Choisir les <strong>bras de per\u00e7age<\/strong> adapt\u00e9s \u00e0 vos besoins signifie investir dans un processus de fabrication optimis\u00e9, o\u00f9 la pr\u00e9cision et la s\u00e9curit\u00e9 sont toujours garanties. Selon vos besoins, vous pouvez choisir d&rsquo;acheter votre station avec un bras de per\u00e7age en version manuelle, semi-automatique ou automatique CNC.[\/vc_column_text][\/vc_column][\/vc_row][vc_row full_width=\u00a0\u00bbstretch_row\u00a0\u00bb gap=\u00a0\u00bb30&Prime; equal_height=\u00a0\u00bbyes\u00a0\u00bb columns_right=\u00a0\u00bbyes\u00a0\u00bb el_class=\u00a0\u00bbprodotti_riga_prodotto ptd130 pbd130 ptm60 pbm60&Prime; css=\u00a0\u00bb.vc_custom_1733471381571{background-color: #F1F1F1 !important;}\u00a0\u00bb][vc_column css_animation=\u00a0\u00bbfadeInRight\u00a0\u00bb width=\u00a0\u00bb1\/2&Prime;][vc_column_text css=\u00a0\u00bb\u00a0\u00bb el_class=\u00a0\u00bbmtd20 mtm20 brm\u00a0\u00bb]\n<h3><strong>Bras de Per\u00e7age Manuel<\/strong><\/h3>\n[\/vc_column_text][vc_column_text css=\u00a0\u00bb\u00a0\u00bb el_class=\u00a0\u00bbmtd20 mtm20&Prime; font_weight=\u00a0\u00bb700&Prime;]D\u00e9placement et verrouillage manuel (x\/y) du bras, avec une avance de per\u00e7age manuelle (z).[\/vc_column_text]<style>.vcex-button.vcex_69e062ee39c6b{border-radius:0px;color:#000000!important;padding:20px;border:2px solid #0b8df1;font-family:Manrope;font-size:16px;font-weight:700;}.vcex-button.vcex_69e062ee39c6b:hover{color:#000000!important;}<\/style><div class=\"theme-button-wrap textcenter wpex-clr\"><a href=\"https:\/\/volumec.com\/fr\/bras-de-percage\/bras-de-percage-manuel\/\" class=\"vcex-button theme-button outline align-center inline bottone1 mtd30 mtm30 vcex_69e062ee39c6b\"><span class=\"vcex-button-inner theme-button-inner wpex-flex wpex-flex-wrap wpex-items-center wpex-justify-center\">EN SAVOIR PLUS<span class=\"vcex-button-icon vcex-icon-wrap theme-button-icon-right\"><span aria-hidden=\"true\" class=\"fas fa-arrow-right\"><\/span><\/span><\/span><\/a><\/div> [\/vc_column][vc_column css_animation=\u00a0\u00bbfadeInLeft\u00a0\u00bb width=\u00a0\u00bb1\/2&Prime;]<figure class=\"vcex-image vcex-module wpex-text-center\"><div class=\"vcex-image-inner wpex-relative wpex-inline-block\"><img width=\"768\" height=\"595\" src=\"https:\/\/volumec.com\/wp-content\/uploads\/2025\/10\/Bras-De-Percage-Bras-De-Percage-Manuel.jpg\" class=\"vcex-image-img wpex-align-middle\" alt=\"\" loading=\"lazy\" decoding=\"async\" srcset=\"https:\/\/volumec.com\/wp-content\/uploads\/2025\/10\/Bras-De-Percage-Bras-De-Percage-Manuel.jpg 768w, https:\/\/volumec.com\/wp-content\/uploads\/2025\/10\/Bras-De-Percage-Bras-De-Percage-Manuel-300x232.jpg 300w, https:\/\/volumec.com\/wp-content\/uploads\/2025\/10\/Bras-De-Percage-Bras-De-Percage-Manuel-600x465.jpg 600w\" sizes=\"auto, (max-width: 768px) 100vw, 768px\" \/><\/div><\/figure>[\/vc_column][\/vc_row][vc_row full_width=\u00a0\u00bbstretch_row\u00a0\u00bb gap=\u00a0\u00bb30&Prime; equal_height=\u00a0\u00bbyes\u00a0\u00bb el_class=\u00a0\u00bbprodotti_riga_prodotto ptd130 pbd130 ptm60 pbm60&Prime;][vc_column css_animation=\u00a0\u00bbfadeInLeft\u00a0\u00bb width=\u00a0\u00bb1\/2&Prime;][vc_column_text css=\u00a0\u00bb\u00a0\u00bb el_class=\u00a0\u00bbmtd20 mtm20 brm\u00a0\u00bb]\n<h3><strong>Bras de Per\u00e7age Semi-Automatique<\/strong><\/h3>\n[\/vc_column_text][vc_column_text css=\u00a0\u00bb\u00a0\u00bb el_class=\u00a0\u00bbmtd20 mtm20&Prime; font_weight=\u00a0\u00bb700&Prime;]Programmation des coordonn\u00e9es de travail (x\/y) avec verrouillage automatique du bras via le syst\u00e8me de contr\u00f4le VAPS, avec une avance automatique pour le per\u00e7age et le taraudage (VAPS-Z).[\/vc_column_text]<style>.vcex-button.vcex_69e062ee40459{border-radius:0px;color:#000000!important;padding:20px;border:2px solid #0b8df1;font-family:Manrope;font-size:16px;font-weight:700;}.vcex-button.vcex_69e062ee40459:hover{color:#000000!important;}<\/style><div class=\"theme-button-wrap textcenter wpex-clr\"><a href=\"https:\/\/volumec.com\/fr\/bras-de-percage\/drilltronic-semi-automatique\/\" class=\"vcex-button theme-button outline align-center inline bottone1 mtd30 mtm30 vcex_69e062ee40459\"><span class=\"vcex-button-inner theme-button-inner wpex-flex wpex-flex-wrap wpex-items-center wpex-justify-center\">EN SAVOIR PLUS<span class=\"vcex-button-icon vcex-icon-wrap theme-button-icon-right\"><span aria-hidden=\"true\" class=\"fas fa-arrow-right\"><\/span><\/span><\/span><\/a><\/div> [\/vc_column][vc_column css_animation=\u00a0\u00bbfadeInRight\u00a0\u00bb width=\u00a0\u00bb1\/2&Prime;]<figure class=\"vcex-image vcex-module wpex-text-center\"><div class=\"vcex-image-inner wpex-relative wpex-inline-block\"><img width=\"768\" height=\"595\" src=\"https:\/\/volumec.com\/wp-content\/uploads\/2025\/10\/Bras-De-Percage-Bras-De-Percage-Semi-Automatique.jpg\" class=\"vcex-image-img wpex-align-middle\" alt=\"\" loading=\"lazy\" decoding=\"async\" srcset=\"https:\/\/volumec.com\/wp-content\/uploads\/2025\/10\/Bras-De-Percage-Bras-De-Percage-Semi-Automatique.jpg 768w, https:\/\/volumec.com\/wp-content\/uploads\/2025\/10\/Bras-De-Percage-Bras-De-Percage-Semi-Automatique-300x232.jpg 300w, https:\/\/volumec.com\/wp-content\/uploads\/2025\/10\/Bras-De-Percage-Bras-De-Percage-Semi-Automatique-600x465.jpg 600w\" sizes=\"auto, (max-width: 768px) 100vw, 768px\" \/><\/div><\/figure>[\/vc_column][\/vc_row][vc_row full_width=\u00a0\u00bbstretch_row\u00a0\u00bb gap=\u00a0\u00bb30&Prime; equal_height=\u00a0\u00bbyes\u00a0\u00bb columns_right=\u00a0\u00bbyes\u00a0\u00bb el_class=\u00a0\u00bbprodotti_riga_prodotto ptd130 pbd130 ptm60 pbm60&Prime; css=\u00a0\u00bb.vc_custom_1733471381571{background-color: #F1F1F1 !important;}\u00a0\u00bb][vc_column css_animation=\u00a0\u00bbfadeInRight\u00a0\u00bb width=\u00a0\u00bb1\/2&Prime;][vc_column_text css=\u00a0\u00bb\u00a0\u00bb el_class=\u00a0\u00bbmtd20 mtm20 brm\u00a0\u00bb]\n<h3><strong>Bras de Per\u00e7age Automatique \u2013 Full Auto CNC<\/strong><\/h3>\n[\/vc_column_text][vc_column_text css=\u00a0\u00bb\u00a0\u00bb el_class=\u00a0\u00bbmtd20 mtm20&Prime;]Syst\u00e8me de positionnement et de per\u00e7age enti\u00e8rement automatique et programmable (x\/y\/z) via le syst\u00e8me de contr\u00f4le VAPS CNC.<\/p>\n<p>Le nouveau syst\u00e8me de contr\u00f4le VAPS (Volumec\u00ae Assisted Positioning System), avec interface op\u00e9rateur \u00e0 \u00e9cran tactile, permet d&rsquo;effectuer des op\u00e9rations de per\u00e7age et de taraudage aux cotes pr\u00e9d\u00e9finies, sans besoin de tra\u00e7age manuel comme avec les perceuses traditionnelles.[\/vc_column_text]<style>.vcex-button.vcex_69e062ee444fd{border-radius:0px;color:#000000!important;padding:20px;border:2px solid #0b8df1;font-family:Manrope;font-size:16px;font-weight:700;}.vcex-button.vcex_69e062ee444fd:hover{color:#000000!important;}<\/style><div class=\"theme-button-wrap textcenter wpex-clr\"><a href=\"https:\/\/volumec.com\/fr\/bras-de-percage\/drilltronic-cnc-automatique\/\" class=\"vcex-button theme-button outline align-center inline bottone1 mtd30 mtm30 vcex_69e062ee444fd\"><span class=\"vcex-button-inner theme-button-inner wpex-flex wpex-flex-wrap wpex-items-center wpex-justify-center\">EN SAVOIR PLUS<span class=\"vcex-button-icon vcex-icon-wrap theme-button-icon-right\"><span aria-hidden=\"true\" class=\"fas fa-arrow-right\"><\/span><\/span><\/span><\/a><\/div> [\/vc_column][vc_column css_animation=\u00a0\u00bbfadeInLeft\u00a0\u00bb width=\u00a0\u00bb1\/2&Prime;]<figure class=\"vcex-image vcex-module wpex-text-center\"><div class=\"vcex-image-inner wpex-relative wpex-inline-block\"><img width=\"768\" height=\"595\" src=\"https:\/\/volumec.com\/wp-content\/uploads\/2025\/10\/Bras-De-Percage-Bras-De-Percage-Automatique-\u2013-Full-Auto-Cnc.jpg\" class=\"vcex-image-img wpex-align-middle\" alt=\"\" loading=\"lazy\" decoding=\"async\" srcset=\"https:\/\/volumec.com\/wp-content\/uploads\/2025\/10\/Bras-De-Percage-Bras-De-Percage-Automatique-\u2013-Full-Auto-Cnc.jpg 768w, https:\/\/volumec.com\/wp-content\/uploads\/2025\/10\/Bras-De-Percage-Bras-De-Percage-Automatique-\u2013-Full-Auto-Cnc-300x232.jpg 300w, https:\/\/volumec.com\/wp-content\/uploads\/2025\/10\/Bras-De-Percage-Bras-De-Percage-Automatique-\u2013-Full-Auto-Cnc-600x465.jpg 600w\" sizes=\"auto, (max-width: 768px) 100vw, 768px\" \/><\/div><\/figure>[\/vc_column][\/vc_row][vc_row css_animation=\u00a0\u00bbfadeIn\u00a0\u00bb full_width=\u00a0\u00bbstretch_row\u00a0\u00bb content_placement=\u00a0\u00bbmiddle\u00a0\u00bb parallax=\u00a0\u00bbcontent-moving\u00a0\u00bb parallax_image=\u00a0\u00bb277&Prime; el_class=\u00a0\u00bbriga_banner ptd30 pbd30 ptm40 pbm40&Prime;][vc_column width=\u00a0\u00bb1\/2&Prime;]<style>.vcex-image.vcex_69e062ee47822 .vcex-image-inner{max-width:600px;}<\/style><figure class=\"vcex-image vcex-module vcex_69e062ee47822\"><div class=\"vcex-image-inner wpex-relative wpex-inline-block\"><img width=\"1000\" height=\"239\" src=\"https:\/\/volumec.com\/wp-content\/uploads\/2024\/12\/logo-Volumec.png\" class=\"vcex-image-img wpex-align-middle\" alt=\"\" loading=\"lazy\" decoding=\"async\" srcset=\"https:\/\/volumec.com\/wp-content\/uploads\/2024\/12\/logo-Volumec.png 1000w, https:\/\/volumec.com\/wp-content\/uploads\/2024\/12\/logo-Volumec-300x72.png 300w, https:\/\/volumec.com\/wp-content\/uploads\/2024\/12\/logo-Volumec-768x184.png 768w, https:\/\/volumec.com\/wp-content\/uploads\/2024\/12\/logo-Volumec-600x143.png 600w\" sizes=\"auto, (max-width: 1000px) 100vw, 1000px\" \/><\/div><\/figure>[\/vc_column][vc_column width=\u00a0\u00bb1\/2&Prime; el_class=\u00a0\u00bbptm40 cm\u00a0\u00bb][vc_column_text css=\u00a0\u00bb\u00a0\u00bb color=\u00a0\u00bb#ffffff\u00a0\u00bb font_size=\u00a0\u00bbd:100px|pl:45px|pp:45px\u00a0\u00bb line_height=\u00a0\u00bb110%\u00a0\u00bb font_weight=\u00a0\u00bb300&Prime;]Be <strong>innovative<\/strong>[\/vc_column_text][\/vc_column][\/vc_row]\n<\/div>","protected":false},"excerpt":{"rendered":"<p>[vc_row el_class=\u00a0\u00bbptd100 pbd100 ptm50 pbm50&Prime;][vc_column][vc_column_text css=\u00a0\u00bb\u00a0\u00bb]Les bras de per\u00e7age Drilltronic \u00a0sont des outils essentiels dans de nombreux secteurs industriels, de la production m\u00e9canique au traitement des mat\u00e9riaux. Nos bras de per\u00e7age sont con\u00e7us pour offrir une flexibilit\u00e9 maximale en mati\u00e8re d&rsquo;usinage, permettant d&rsquo;effectuer des per\u00e7ages pr\u00e9cis sur diff\u00e9rentes surfaces et mat\u00e9riaux, r\u00e9duisant les marges d&rsquo;erreur&hellip;<\/p>\n","protected":false},"author":1,"featured_media":0,"parent":0,"menu_order":0,"comment_status":"closed","ping_status":"closed","template":"","meta":{"_acf_changed":false,"inline_featured_image":false,"footnotes":""},"class_list":["post-470","page","type-page","status-publish","hentry","entry","no-media"],"acf":[],"yoast_head":"<!-- This site is optimized with the Yoast SEO plugin v25.1 - https:\/\/yoast.com\/wordpress\/plugins\/seo\/ -->\n<title>Bras de Per\u00e7age - Volumec<\/title>\n<meta name=\"description\" content=\"Drilltronic est un bras de per\u00e7age radial qui permet d&#039;effectuer le per\u00e7age, le taraudage et le fraisage sur diff\u00e9rents types de mat\u00e9riaux.\" \/>\n<meta name=\"robots\" content=\"index, follow, max-snippet:-1, max-image-preview:large, max-video-preview:-1\" \/>\n<link rel=\"canonical\" href=\"https:\/\/volumec.com\/prodotti\/bracci-di-foratura\/\" \/>\n<meta property=\"og:locale\" content=\"fr_FR\" \/>\n<meta property=\"og:type\" content=\"article\" \/>\n<meta property=\"og:title\" content=\"Bras de Per\u00e7age - Volumec\" \/>\n<meta property=\"og:description\" content=\"Drilltronic est un bras de per\u00e7age radial qui permet d&#039;effectuer le per\u00e7age, le taraudage et le fraisage sur diff\u00e9rents types de mat\u00e9riaux.\" \/>\n<meta property=\"og:url\" content=\"https:\/\/volumec.com\/prodotti\/bracci-di-foratura\/\" \/>\n<meta property=\"og:site_name\" content=\"Volumec\" \/>\n<meta property=\"article:modified_time\" content=\"2025-10-24T10:26:28+00:00\" \/>\n<meta name=\"twitter:card\" content=\"summary_large_image\" \/>\n<meta name=\"twitter:label1\" content=\"Dur\u00e9e de lecture estim\u00e9e\" \/>\n\t<meta name=\"twitter:data1\" content=\"5 minutes\" \/>\n<script type=\"application\/ld+json\" class=\"yoast-schema-graph\">{\"@context\":\"https:\/\/schema.org\",\"@graph\":[{\"@type\":\"WebPage\",\"@id\":\"https:\/\/volumec.com\/prodotti\/bracci-di-foratura\/\",\"url\":\"https:\/\/volumec.com\/prodotti\/bracci-di-foratura\/\",\"name\":\"Bras de Per\u00e7age - Volumec\",\"isPartOf\":{\"@id\":\"https:\/\/www.volumec.com\/en\/#website\"},\"datePublished\":\"2024-12-05T11:16:27+00:00\",\"dateModified\":\"2025-10-24T10:26:28+00:00\",\"description\":\"Drilltronic est un bras de per\u00e7age radial qui permet d'effectuer le per\u00e7age, le taraudage et le fraisage sur diff\u00e9rents types de mat\u00e9riaux.\",\"breadcrumb\":{\"@id\":\"https:\/\/volumec.com\/prodotti\/bracci-di-foratura\/#breadcrumb\"},\"inLanguage\":\"fr-FR\",\"potentialAction\":[{\"@type\":\"ReadAction\",\"target\":[\"https:\/\/volumec.com\/prodotti\/bracci-di-foratura\/\"]}]},{\"@type\":\"BreadcrumbList\",\"@id\":\"https:\/\/volumec.com\/prodotti\/bracci-di-foratura\/#breadcrumb\",\"itemListElement\":[{\"@type\":\"ListItem\",\"position\":1,\"name\":\"Home\",\"item\":\"https:\/\/volumec.com\/fr\/\"},{\"@type\":\"ListItem\",\"position\":2,\"name\":\"Bras de per\u00e7age\"}]},{\"@type\":\"WebSite\",\"@id\":\"https:\/\/www.volumec.com\/en\/#website\",\"url\":\"https:\/\/www.volumec.com\/en\/\",\"name\":\"Volumec.com\",\"description\":\"\",\"publisher\":{\"@id\":\"https:\/\/www.volumec.com\/en\/#organization\"},\"alternateName\":\"be innovative\",\"potentialAction\":[{\"@type\":\"SearchAction\",\"target\":{\"@type\":\"EntryPoint\",\"urlTemplate\":\"https:\/\/www.volumec.com\/en\/?s={search_term_string}\"},\"query-input\":{\"@type\":\"PropertyValueSpecification\",\"valueRequired\":true,\"valueName\":\"search_term_string\"}}],\"inLanguage\":\"fr-FR\"},{\"@type\":\"Organization\",\"@id\":\"https:\/\/www.volumec.com\/en\/#organization\",\"name\":\"Volumec\",\"url\":\"https:\/\/www.volumec.com\/en\/\",\"logo\":{\"@type\":\"ImageObject\",\"inLanguage\":\"fr-FR\",\"@id\":\"https:\/\/www.volumec.com\/en\/#\/schema\/logo\/image\/\",\"url\":\"https:\/\/volumec.com\/wp-content\/uploads\/2024\/12\/Volumec-logo.png\",\"contentUrl\":\"https:\/\/volumec.com\/wp-content\/uploads\/2024\/12\/Volumec-logo.png\",\"width\":320,\"height\":77,\"caption\":\"Volumec\"},\"image\":{\"@id\":\"https:\/\/www.volumec.com\/en\/#\/schema\/logo\/image\/\"}}]}<\/script>\n<!-- \/ Yoast SEO plugin. -->","yoast_head_json":{"title":"Bras de Per\u00e7age - Volumec","description":"Drilltronic est un bras de per\u00e7age radial qui permet d'effectuer le per\u00e7age, le taraudage et le fraisage sur diff\u00e9rents types de mat\u00e9riaux.","robots":{"index":"index","follow":"follow","max-snippet":"max-snippet:-1","max-image-preview":"max-image-preview:large","max-video-preview":"max-video-preview:-1"},"canonical":"https:\/\/volumec.com\/prodotti\/bracci-di-foratura\/","og_locale":"fr_FR","og_type":"article","og_title":"Bras de Per\u00e7age - Volumec","og_description":"Drilltronic est un bras de per\u00e7age radial qui permet d'effectuer le per\u00e7age, le taraudage et le fraisage sur diff\u00e9rents types de mat\u00e9riaux.","og_url":"https:\/\/volumec.com\/prodotti\/bracci-di-foratura\/","og_site_name":"Volumec","article_modified_time":"2025-10-24T10:26:28+00:00","twitter_card":"summary_large_image","twitter_misc":{"Dur\u00e9e de lecture estim\u00e9e":"5 minutes"},"schema":{"@context":"https:\/\/schema.org","@graph":[{"@type":"WebPage","@id":"https:\/\/volumec.com\/prodotti\/bracci-di-foratura\/","url":"https:\/\/volumec.com\/prodotti\/bracci-di-foratura\/","name":"Bras de Per\u00e7age - Volumec","isPartOf":{"@id":"https:\/\/www.volumec.com\/en\/#website"},"datePublished":"2024-12-05T11:16:27+00:00","dateModified":"2025-10-24T10:26:28+00:00","description":"Drilltronic est un bras de per\u00e7age radial qui permet d'effectuer le per\u00e7age, le taraudage et le fraisage sur diff\u00e9rents types de mat\u00e9riaux.","breadcrumb":{"@id":"https:\/\/volumec.com\/prodotti\/bracci-di-foratura\/#breadcrumb"},"inLanguage":"fr-FR","potentialAction":[{"@type":"ReadAction","target":["https:\/\/volumec.com\/prodotti\/bracci-di-foratura\/"]}]},{"@type":"BreadcrumbList","@id":"https:\/\/volumec.com\/prodotti\/bracci-di-foratura\/#breadcrumb","itemListElement":[{"@type":"ListItem","position":1,"name":"Home","item":"https:\/\/volumec.com\/fr\/"},{"@type":"ListItem","position":2,"name":"Bras de per\u00e7age"}]},{"@type":"WebSite","@id":"https:\/\/www.volumec.com\/en\/#website","url":"https:\/\/www.volumec.com\/en\/","name":"Volumec.com","description":"","publisher":{"@id":"https:\/\/www.volumec.com\/en\/#organization"},"alternateName":"be innovative","potentialAction":[{"@type":"SearchAction","target":{"@type":"EntryPoint","urlTemplate":"https:\/\/www.volumec.com\/en\/?s={search_term_string}"},"query-input":{"@type":"PropertyValueSpecification","valueRequired":true,"valueName":"search_term_string"}}],"inLanguage":"fr-FR"},{"@type":"Organization","@id":"https:\/\/www.volumec.com\/en\/#organization","name":"Volumec","url":"https:\/\/www.volumec.com\/en\/","logo":{"@type":"ImageObject","inLanguage":"fr-FR","@id":"https:\/\/www.volumec.com\/en\/#\/schema\/logo\/image\/","url":"https:\/\/volumec.com\/wp-content\/uploads\/2024\/12\/Volumec-logo.png","contentUrl":"https:\/\/volumec.com\/wp-content\/uploads\/2024\/12\/Volumec-logo.png","width":320,"height":77,"caption":"Volumec"},"image":{"@id":"https:\/\/www.volumec.com\/en\/#\/schema\/logo\/image\/"}}]}},"_links":{"self":[{"href":"https:\/\/volumec.com\/fr\/wp-json\/wp\/v2\/pages\/470","targetHints":{"allow":["GET"]}}],"collection":[{"href":"https:\/\/volumec.com\/fr\/wp-json\/wp\/v2\/pages"}],"about":[{"href":"https:\/\/volumec.com\/fr\/wp-json\/wp\/v2\/types\/page"}],"author":[{"embeddable":true,"href":"https:\/\/volumec.com\/fr\/wp-json\/wp\/v2\/users\/1"}],"replies":[{"embeddable":true,"href":"https:\/\/volumec.com\/fr\/wp-json\/wp\/v2\/comments?post=470"}],"version-history":[{"count":13,"href":"https:\/\/volumec.com\/fr\/wp-json\/wp\/v2\/pages\/470\/revisions"}],"predecessor-version":[{"id":5031,"href":"https:\/\/volumec.com\/fr\/wp-json\/wp\/v2\/pages\/470\/revisions\/5031"}],"wp:attachment":[{"href":"https:\/\/volumec.com\/fr\/wp-json\/wp\/v2\/media?parent=470"}],"curies":[{"name":"wp","href":"https:\/\/api.w.org\/{rel}","templated":true}]}}