{"id":452,"date":"2024-12-09T10:53:06","date_gmt":"2024-12-09T09:53:06","guid":{"rendered":"http:\/\/volumec.com\/?page_id=452"},"modified":"2025-10-24T12:31:58","modified_gmt":"2025-10-24T10:31:58","slug":"butee-de-longueur","status":"publish","type":"page","link":"https:\/\/volumec.com\/fr\/butee-de-longueur\/","title":{"rendered":"But\u00e9e de longueur"},"content":{"rendered":"<div class=\"wpb-content-wrapper\">[vc_row el_class=\u00a0\u00bbptd100 pbd100 ptm50 pbm50&Prime;][vc_column][vc_column_text css=\u00a0\u00bb\u00a0\u00bb]Les <strong>but\u00e9es de longueur<\/strong> sont des dispositifs con\u00e7us pour r\u00e9gler la mesure des pi\u00e8ces avant le traitement, aussi bien en mode manuel qu&rsquo;en mode automatique (par exemple, d\u00e9coupe avec une scie). Le syst\u00e8me comprend un convoyeur \u00e0 rouleaux et un axe lin\u00e9aire int\u00e9gr\u00e9, qui positionnent la r\u00e9f\u00e9rence \u00e0 la mesure souhait\u00e9e, garantissant un gain de temps important et une plus grande pr\u00e9cision par rapport \u00e0 la mesure manuelle.[\/vc_column_text][\/vc_column][\/vc_row][vc_row el_class=\u00a0\u00bbptd100 pbd100 ptm50 pbm50&Prime;][vc_column][vc_column_text css=\u00a0\u00bb\u00a0\u00bb]\n<h2><strong>Mod\u00e8les disponibles <\/strong><\/h2>\n<p>Volumec produit <strong>but\u00e9e de longueur<\/strong> WMA \u00e0 mouvement manuel et <strong>but\u00e9e de longueur<\/strong> WMO \u00e0 fonctionnement motoris\u00e9 automatique.[\/vc_column_text][\/vc_column][\/vc_row][vc_row full_width=\u00a0\u00bbstretch_row\u00a0\u00bb gap=\u00a0\u00bb30&Prime; equal_height=\u00a0\u00bbyes\u00a0\u00bb columns_right=\u00a0\u00bbyes\u00a0\u00bb el_class=\u00a0\u00bbprodotti_riga_prodotto ptd130 pbd130 ptm60 pbm60&Prime; css=\u00a0\u00bb.vc_custom_1733471381571{background-color: #F1F1F1 !important;}\u00a0\u00bb][vc_column css_animation=\u00a0\u00bbfadeInRight\u00a0\u00bb width=\u00a0\u00bb1\/2&Prime;][vc_column_text css=\u00a0\u00bb\u00a0\u00bb el_class=\u00a0\u00bbmtd20 mtm20 brm\u00a0\u00bb]\n<h3>WMA<\/h3>\n[\/vc_column_text][vc_column_text css=\u00a0\u00bb.vc_custom_1734037897419{margin-top: 10px !important;}\u00a0\u00bb font_weight=\u00a0\u00bb700&Prime; font_size=\u00a0\u00bb28px\u00a0\u00bb line_height=\u00a0\u00bb120%\u00a0\u00bb]But\u00e9e de longueur manuelles[\/vc_column_text][vc_column_text css=\u00a0\u00bb\u00a0\u00bb el_class=\u00a0\u00bbmtd20 mtm20&Prime;]<strong>But\u00e9e de longueur<\/strong> compos\u00e9e d&rsquo;un convoyeur \u00e0 rouleaux + axe lin\u00e9aire avec transmission par courroie, but\u00e9e de retour \u00e0 d\u00e9placement manuel avec affichage num\u00e9rique. Les longueurs disponibles de 1000 mm \u00e0 6000 mm peuvent \u00eatre combin\u00e9es avec des scies, des d\u00e9coupeuses, des perceuses, des cisailles et des cintreuses. Capacit\u00e9 100 Kg\/m et largeur de surface d&rsquo;appui 265 mm.[\/vc_column_text]<style>.vcex-button.vcex_69e064ab3eb26{border-radius:0px;color:#000000!important;padding:20px;border:2px solid #0b8df1;font-family:Manrope;font-size:16px;font-weight:700;}.vcex-button.vcex_69e064ab3eb26:hover{color:#000000!important;}<\/style><div class=\"theme-button-wrap textcenter wpex-clr\"><a href=\"https:\/\/volumec.com\/fr\/butee-de-longueur\/wma\/\" class=\"vcex-button theme-button outline align-center inline bottone1 mtd30 mtm30 vcex_69e064ab3eb26\"><span class=\"vcex-button-inner theme-button-inner wpex-flex wpex-flex-wrap wpex-items-center wpex-justify-center\">EN SAVOIR PLUS<span class=\"vcex-button-icon vcex-icon-wrap theme-button-icon-right\"><span aria-hidden=\"true\" class=\"fas fa-arrow-right\"><\/span><\/span><\/span><\/a><\/div> [\/vc_column][vc_column css_animation=\u00a0\u00bbfadeInLeft\u00a0\u00bb width=\u00a0\u00bb1\/2&Prime;]<figure class=\"vcex-image vcex-module wpex-text-center\"><div class=\"vcex-image-inner wpex-relative wpex-inline-block\"><img width=\"768\" height=\"595\" src=\"https:\/\/volumec.com\/wp-content\/uploads\/2025\/10\/Butees-De-Longueur-Wma.jpg\" class=\"vcex-image-img wpex-align-middle\" alt=\"\" loading=\"lazy\" decoding=\"async\" srcset=\"https:\/\/volumec.com\/wp-content\/uploads\/2025\/10\/Butees-De-Longueur-Wma.jpg 768w, https:\/\/volumec.com\/wp-content\/uploads\/2025\/10\/Butees-De-Longueur-Wma-300x232.jpg 300w, https:\/\/volumec.com\/wp-content\/uploads\/2025\/10\/Butees-De-Longueur-Wma-600x465.jpg 600w\" sizes=\"auto, (max-width: 768px) 100vw, 768px\" \/><\/div><\/figure>[\/vc_column][\/vc_row][vc_row full_width=\u00a0\u00bbstretch_row\u00a0\u00bb gap=\u00a0\u00bb30&Prime; equal_height=\u00a0\u00bbyes\u00a0\u00bb el_class=\u00a0\u00bbprodotti_riga_prodotto ptd130 pbd130 ptm60 pbm60&Prime;][vc_column css_animation=\u00a0\u00bbfadeInLeft\u00a0\u00bb width=\u00a0\u00bb1\/2&Prime;][vc_column_text css=\u00a0\u00bb\u00a0\u00bb el_class=\u00a0\u00bbmtd20 mtm20 brm\u00a0\u00bb]\n<h3>WMO<\/h3>\n[\/vc_column_text][vc_column_text css=\u00a0\u00bb.vc_custom_1736416286490{margin-top: 10px !important;}\u00a0\u00bb font_weight=\u00a0\u00bb700&Prime; font_size=\u00a0\u00bb28px\u00a0\u00bb line_height=\u00a0\u00bb120%\u00a0\u00bb]But\u00e9e de longueur motoris\u00e9es[\/vc_column_text][vc_column_text css=\u00a0\u00bb\u00a0\u00bb el_class=\u00a0\u00bbmtd20 mtm20&Prime;]<strong>But\u00e9e de longueur<\/strong> compos\u00e9e d&rsquo;un convoyeur \u00e0 rouleaux + axe lin\u00e9aire motoris\u00e9 par moteur brushless et mesure par encodeur, syst\u00e8me de contr\u00f4le programmable \u00e0 \u00e9cran tactile pr\u00eat \u00e0 s&rsquo;interfacer avec des scies, des d\u00e9coupeuses, des perceuses, des cisailles et des cintreuses. Mod\u00e8les disponibles en diff\u00e9rentes longueurs, de 1000 mm \u00e0 6000 mm.<br \/>\nCapacit\u00e9 100 Kg\/m et largeur de surface d&rsquo;appui 265 mm[\/vc_column_text]<style>.vcex-button.vcex_69e064ab453da{border-radius:0px;color:#000000!important;padding:20px;border:2px solid #0b8df1;font-family:Manrope;font-size:16px;font-weight:700;}.vcex-button.vcex_69e064ab453da:hover{color:#000000!important;}<\/style><div class=\"theme-button-wrap textcenter wpex-clr\"><a href=\"https:\/\/volumec.com\/fr\/butee-de-longueur\/wmo\/\" class=\"vcex-button theme-button outline align-center inline bottone1 mtd30 mtm30 vcex_69e064ab453da\"><span class=\"vcex-button-inner theme-button-inner wpex-flex wpex-flex-wrap wpex-items-center wpex-justify-center\">EN SAVOIR PLUS<span class=\"vcex-button-icon vcex-icon-wrap theme-button-icon-right\"><span aria-hidden=\"true\" class=\"fas fa-arrow-right\"><\/span><\/span><\/span><\/a><\/div> [\/vc_column][vc_column css_animation=\u00a0\u00bbfadeInRight\u00a0\u00bb width=\u00a0\u00bb1\/2&Prime;]<figure class=\"vcex-image vcex-module wpex-text-center\"><div class=\"vcex-image-inner wpex-relative wpex-inline-block\"><img width=\"768\" height=\"595\" src=\"https:\/\/volumec.com\/wp-content\/uploads\/2025\/10\/Butees-De-Longueur-Wmo.jpg\" class=\"vcex-image-img wpex-align-middle\" alt=\"\" loading=\"lazy\" decoding=\"async\" srcset=\"https:\/\/volumec.com\/wp-content\/uploads\/2025\/10\/Butees-De-Longueur-Wmo.jpg 768w, https:\/\/volumec.com\/wp-content\/uploads\/2025\/10\/Butees-De-Longueur-Wmo-300x232.jpg 300w, https:\/\/volumec.com\/wp-content\/uploads\/2025\/10\/Butees-De-Longueur-Wmo-600x465.jpg 600w\" sizes=\"auto, (max-width: 768px) 100vw, 768px\" \/><\/div><\/figure>[\/vc_column][\/vc_row][vc_row css_animation=\u00a0\u00bbfadeIn\u00a0\u00bb full_width=\u00a0\u00bbstretch_row\u00a0\u00bb content_placement=\u00a0\u00bbmiddle\u00a0\u00bb parallax=\u00a0\u00bbcontent-moving\u00a0\u00bb parallax_image=\u00a0\u00bb277&Prime; el_class=\u00a0\u00bbriga_banner ptd30 pbd30 ptm40 pbm40&Prime;][vc_column width=\u00a0\u00bb1\/2&Prime;]<style>.vcex-image.vcex_69e064ab48799 .vcex-image-inner{max-width:600px;}<\/style><figure class=\"vcex-image vcex-module vcex_69e064ab48799\"><div class=\"vcex-image-inner wpex-relative wpex-inline-block\"><img width=\"1000\" height=\"239\" src=\"https:\/\/volumec.com\/wp-content\/uploads\/2024\/12\/logo-Volumec.png\" class=\"vcex-image-img wpex-align-middle\" alt=\"\" loading=\"lazy\" decoding=\"async\" srcset=\"https:\/\/volumec.com\/wp-content\/uploads\/2024\/12\/logo-Volumec.png 1000w, https:\/\/volumec.com\/wp-content\/uploads\/2024\/12\/logo-Volumec-300x72.png 300w, https:\/\/volumec.com\/wp-content\/uploads\/2024\/12\/logo-Volumec-768x184.png 768w, https:\/\/volumec.com\/wp-content\/uploads\/2024\/12\/logo-Volumec-600x143.png 600w\" sizes=\"auto, (max-width: 1000px) 100vw, 1000px\" \/><\/div><\/figure>[\/vc_column][vc_column width=\u00a0\u00bb1\/2&Prime; el_class=\u00a0\u00bbptm40 cm\u00a0\u00bb][vc_column_text css=\u00a0\u00bb\u00a0\u00bb color=\u00a0\u00bb#ffffff\u00a0\u00bb font_size=\u00a0\u00bbd:100px|pl:45px|pp:45px\u00a0\u00bb line_height=\u00a0\u00bb110%\u00a0\u00bb font_weight=\u00a0\u00bb300&Prime;]Be <strong>innovative<\/strong>[\/vc_column_text][\/vc_column][\/vc_row]\n<\/div>","protected":false},"excerpt":{"rendered":"<p>[vc_row el_class=\u00a0\u00bbptd100 pbd100 ptm50 pbm50&Prime;][vc_column][vc_column_text css=\u00a0\u00bb\u00a0\u00bb]Les but\u00e9es de longueur sont des dispositifs con\u00e7us pour r\u00e9gler la mesure des pi\u00e8ces avant le traitement, aussi bien en mode manuel qu&rsquo;en mode automatique (par exemple, d\u00e9coupe avec une scie). Le syst\u00e8me comprend un convoyeur \u00e0 rouleaux et un axe lin\u00e9aire int\u00e9gr\u00e9, qui positionnent la r\u00e9f\u00e9rence \u00e0 la mesure&hellip;<\/p>\n","protected":false},"author":1,"featured_media":0,"parent":0,"menu_order":0,"comment_status":"closed","ping_status":"closed","template":"","meta":{"_acf_changed":false,"inline_featured_image":false,"footnotes":""},"class_list":["post-452","page","type-page","status-publish","hentry","entry","no-media"],"acf":[],"yoast_head":"<!-- This site is optimized with the Yoast SEO plugin v25.1 - https:\/\/yoast.com\/wordpress\/plugins\/seo\/ -->\n<title>But\u00e9e de longueur - Volumec<\/title>\n<meta name=\"description\" content=\"But\u00e9es de r\u00e9glage manuelles ou motoris\u00e9es avec rouleaux et axe lin\u00e9aire de 1000 \u00e0 6000 mm. Capacit\u00e9 de charge de 100 kg\/m et largeur de surface d&#039;appui de 265 mm.\" \/>\n<meta name=\"robots\" content=\"index, follow, max-snippet:-1, max-image-preview:large, max-video-preview:-1\" \/>\n<link rel=\"canonical\" href=\"https:\/\/volumec.com\/prodotti\/battute-di-riscontro\/\" \/>\n<meta property=\"og:locale\" content=\"fr_FR\" \/>\n<meta property=\"og:type\" content=\"article\" \/>\n<meta property=\"og:title\" content=\"But\u00e9e de longueur - Volumec\" \/>\n<meta property=\"og:description\" content=\"But\u00e9es de r\u00e9glage manuelles ou motoris\u00e9es avec rouleaux et axe lin\u00e9aire de 1000 \u00e0 6000 mm. Capacit\u00e9 de charge de 100 kg\/m et largeur de surface d&#039;appui de 265 mm.\" \/>\n<meta property=\"og:url\" content=\"https:\/\/volumec.com\/prodotti\/battute-di-riscontro\/\" \/>\n<meta property=\"og:site_name\" content=\"Volumec\" \/>\n<meta property=\"article:modified_time\" content=\"2025-10-24T10:31:58+00:00\" \/>\n<meta name=\"twitter:card\" content=\"summary_large_image\" \/>\n<meta name=\"twitter:label1\" content=\"Dur\u00e9e de lecture estim\u00e9e\" \/>\n\t<meta name=\"twitter:data1\" content=\"3 minutes\" \/>\n<script type=\"application\/ld+json\" class=\"yoast-schema-graph\">{\"@context\":\"https:\/\/schema.org\",\"@graph\":[{\"@type\":\"WebPage\",\"@id\":\"https:\/\/volumec.com\/prodotti\/battute-di-riscontro\/\",\"url\":\"https:\/\/volumec.com\/prodotti\/battute-di-riscontro\/\",\"name\":\"But\u00e9e de longueur - Volumec\",\"isPartOf\":{\"@id\":\"https:\/\/www.volumec.com\/en\/#website\"},\"datePublished\":\"2024-12-09T09:53:06+00:00\",\"dateModified\":\"2025-10-24T10:31:58+00:00\",\"description\":\"But\u00e9es de r\u00e9glage manuelles ou motoris\u00e9es avec rouleaux et axe lin\u00e9aire de 1000 \u00e0 6000 mm. Capacit\u00e9 de charge de 100 kg\/m et largeur de surface d'appui de 265 mm.\",\"breadcrumb\":{\"@id\":\"https:\/\/volumec.com\/prodotti\/battute-di-riscontro\/#breadcrumb\"},\"inLanguage\":\"fr-FR\",\"potentialAction\":[{\"@type\":\"ReadAction\",\"target\":[\"https:\/\/volumec.com\/prodotti\/battute-di-riscontro\/\"]}]},{\"@type\":\"BreadcrumbList\",\"@id\":\"https:\/\/volumec.com\/prodotti\/battute-di-riscontro\/#breadcrumb\",\"itemListElement\":[{\"@type\":\"ListItem\",\"position\":1,\"name\":\"Home\",\"item\":\"https:\/\/volumec.com\/fr\/\"},{\"@type\":\"ListItem\",\"position\":2,\"name\":\"But\u00e9e de longueur\"}]},{\"@type\":\"WebSite\",\"@id\":\"https:\/\/www.volumec.com\/en\/#website\",\"url\":\"https:\/\/www.volumec.com\/en\/\",\"name\":\"Volumec.com\",\"description\":\"\",\"publisher\":{\"@id\":\"https:\/\/www.volumec.com\/en\/#organization\"},\"alternateName\":\"be innovative\",\"potentialAction\":[{\"@type\":\"SearchAction\",\"target\":{\"@type\":\"EntryPoint\",\"urlTemplate\":\"https:\/\/www.volumec.com\/en\/?s={search_term_string}\"},\"query-input\":{\"@type\":\"PropertyValueSpecification\",\"valueRequired\":true,\"valueName\":\"search_term_string\"}}],\"inLanguage\":\"fr-FR\"},{\"@type\":\"Organization\",\"@id\":\"https:\/\/www.volumec.com\/en\/#organization\",\"name\":\"Volumec\",\"url\":\"https:\/\/www.volumec.com\/en\/\",\"logo\":{\"@type\":\"ImageObject\",\"inLanguage\":\"fr-FR\",\"@id\":\"https:\/\/www.volumec.com\/en\/#\/schema\/logo\/image\/\",\"url\":\"https:\/\/volumec.com\/wp-content\/uploads\/2024\/12\/Volumec-logo.png\",\"contentUrl\":\"https:\/\/volumec.com\/wp-content\/uploads\/2024\/12\/Volumec-logo.png\",\"width\":320,\"height\":77,\"caption\":\"Volumec\"},\"image\":{\"@id\":\"https:\/\/www.volumec.com\/en\/#\/schema\/logo\/image\/\"}}]}<\/script>\n<!-- \/ Yoast SEO plugin. -->","yoast_head_json":{"title":"But\u00e9e de longueur - Volumec","description":"But\u00e9es de r\u00e9glage manuelles ou motoris\u00e9es avec rouleaux et axe lin\u00e9aire de 1000 \u00e0 6000 mm. Capacit\u00e9 de charge de 100 kg\/m et largeur de surface d'appui de 265 mm.","robots":{"index":"index","follow":"follow","max-snippet":"max-snippet:-1","max-image-preview":"max-image-preview:large","max-video-preview":"max-video-preview:-1"},"canonical":"https:\/\/volumec.com\/prodotti\/battute-di-riscontro\/","og_locale":"fr_FR","og_type":"article","og_title":"But\u00e9e de longueur - Volumec","og_description":"But\u00e9es de r\u00e9glage manuelles ou motoris\u00e9es avec rouleaux et axe lin\u00e9aire de 1000 \u00e0 6000 mm. Capacit\u00e9 de charge de 100 kg\/m et largeur de surface d'appui de 265 mm.","og_url":"https:\/\/volumec.com\/prodotti\/battute-di-riscontro\/","og_site_name":"Volumec","article_modified_time":"2025-10-24T10:31:58+00:00","twitter_card":"summary_large_image","twitter_misc":{"Dur\u00e9e de lecture estim\u00e9e":"3 minutes"},"schema":{"@context":"https:\/\/schema.org","@graph":[{"@type":"WebPage","@id":"https:\/\/volumec.com\/prodotti\/battute-di-riscontro\/","url":"https:\/\/volumec.com\/prodotti\/battute-di-riscontro\/","name":"But\u00e9e de longueur - Volumec","isPartOf":{"@id":"https:\/\/www.volumec.com\/en\/#website"},"datePublished":"2024-12-09T09:53:06+00:00","dateModified":"2025-10-24T10:31:58+00:00","description":"But\u00e9es de r\u00e9glage manuelles ou motoris\u00e9es avec rouleaux et axe lin\u00e9aire de 1000 \u00e0 6000 mm. Capacit\u00e9 de charge de 100 kg\/m et largeur de surface d'appui de 265 mm.","breadcrumb":{"@id":"https:\/\/volumec.com\/prodotti\/battute-di-riscontro\/#breadcrumb"},"inLanguage":"fr-FR","potentialAction":[{"@type":"ReadAction","target":["https:\/\/volumec.com\/prodotti\/battute-di-riscontro\/"]}]},{"@type":"BreadcrumbList","@id":"https:\/\/volumec.com\/prodotti\/battute-di-riscontro\/#breadcrumb","itemListElement":[{"@type":"ListItem","position":1,"name":"Home","item":"https:\/\/volumec.com\/fr\/"},{"@type":"ListItem","position":2,"name":"But\u00e9e de longueur"}]},{"@type":"WebSite","@id":"https:\/\/www.volumec.com\/en\/#website","url":"https:\/\/www.volumec.com\/en\/","name":"Volumec.com","description":"","publisher":{"@id":"https:\/\/www.volumec.com\/en\/#organization"},"alternateName":"be innovative","potentialAction":[{"@type":"SearchAction","target":{"@type":"EntryPoint","urlTemplate":"https:\/\/www.volumec.com\/en\/?s={search_term_string}"},"query-input":{"@type":"PropertyValueSpecification","valueRequired":true,"valueName":"search_term_string"}}],"inLanguage":"fr-FR"},{"@type":"Organization","@id":"https:\/\/www.volumec.com\/en\/#organization","name":"Volumec","url":"https:\/\/www.volumec.com\/en\/","logo":{"@type":"ImageObject","inLanguage":"fr-FR","@id":"https:\/\/www.volumec.com\/en\/#\/schema\/logo\/image\/","url":"https:\/\/volumec.com\/wp-content\/uploads\/2024\/12\/Volumec-logo.png","contentUrl":"https:\/\/volumec.com\/wp-content\/uploads\/2024\/12\/Volumec-logo.png","width":320,"height":77,"caption":"Volumec"},"image":{"@id":"https:\/\/www.volumec.com\/en\/#\/schema\/logo\/image\/"}}]}},"_links":{"self":[{"href":"https:\/\/volumec.com\/fr\/wp-json\/wp\/v2\/pages\/452","targetHints":{"allow":["GET"]}}],"collection":[{"href":"https:\/\/volumec.com\/fr\/wp-json\/wp\/v2\/pages"}],"about":[{"href":"https:\/\/volumec.com\/fr\/wp-json\/wp\/v2\/types\/page"}],"author":[{"embeddable":true,"href":"https:\/\/volumec.com\/fr\/wp-json\/wp\/v2\/users\/1"}],"replies":[{"embeddable":true,"href":"https:\/\/volumec.com\/fr\/wp-json\/wp\/v2\/comments?post=452"}],"version-history":[{"count":14,"href":"https:\/\/volumec.com\/fr\/wp-json\/wp\/v2\/pages\/452\/revisions"}],"predecessor-version":[{"id":8454,"href":"https:\/\/volumec.com\/fr\/wp-json\/wp\/v2\/pages\/452\/revisions\/8454"}],"wp:attachment":[{"href":"https:\/\/volumec.com\/fr\/wp-json\/wp\/v2\/media?parent=452"}],"curies":[{"name":"wp","href":"https:\/\/api.w.org\/{rel}","templated":true}]}}