{"id":436,"date":"2021-08-24T14:55:13","date_gmt":"2021-08-24T12:55:13","guid":{"rendered":"http:\/\/volumec.com\/?page_id=436"},"modified":"2025-05-14T14:26:43","modified_gmt":"2025-05-14T12:26:43","slug":"home","status":"publish","type":"page","link":"https:\/\/volumec.com\/fr\/","title":{"rendered":"Home"},"content":{"rendered":"<div class=\"wpb-content-wrapper\">[vc_row css_animation=\u00a0\u00bbfadeInUp\u00a0\u00bb el_class=\u00a0\u00bbptd100 pbd200 ptm50 pbm100&Prime;][vc_column][vc_column_text css=\u00a0\u00bb\u00a0\u00bb text_align=\u00a0\u00bbcenter\u00a0\u00bb]\n<h2>La <strong>technologie<\/strong> qui transforme le temps en <strong>valeur<\/strong><\/h2>\n[\/vc_column_text][vc_column_text css=\u00a0\u00bb\u00a0\u00bb el_class=\u00a0\u00bbmtd50 mtm40&Prime; text_align=\u00a0\u00bbcenter\u00a0\u00bb]Volumec\u00ae est une entreprise italienne qui vise \u00e0 am\u00e9liorer la productivit\u00e9 de nos clients et \u00e0 faciliter le travail des op\u00e9rateurs de production \u00e0 travers sa gamme de machines et bras ergonomiques.[\/vc_column_text][\/vc_column][\/vc_row][vc_row full_width=\u00a0\u00bbstretch_row\u00a0\u00bb content_placement=\u00a0\u00bbmiddle\u00a0\u00bb el_class=\u00a0\u00bbptd70 pbd70 ptm50 pbm50&Prime; css=\u00a0\u00bb.vc_custom_1733391809404{background-color: #131A1F !important;}\u00a0\u00bb][vc_column css_animation=\u00a0\u00bbfadeInLeft\u00a0\u00bb width=\u00a0\u00bb5\/12&Prime;][vc_column_text css=\u00a0\u00bb\u00a0\u00bb color=\u00a0\u00bb#0c8df2&Prime; font_size=\u00a0\u00bb18px\u00a0\u00bb]Notre fa\u00e7on de travailler[\/vc_column_text][vc_column_text css=\u00a0\u00bb\u00a0\u00bb el_class=\u00a0\u00bbmtd20 mtm20 brm\u00a0\u00bb color=\u00a0\u00bb#ffffff\u00a0\u00bb]\n<h3>Voici comment nous d\u00e9veloppons nos produits<\/h3>\n[\/vc_column_text][vc_separator color=\u00a0\u00bbcustom\u00a0\u00bb css=\u00a0\u00bb\u00a0\u00bb accent_color=\u00a0\u00bb#FFFFFF75&Prime; el_class=\u00a0\u00bbmtd50 mtm40&Prime;]<style>.vcex-icon-box.vcex_69e062d205bfb .vcex-icon-box-heading{margin-bottom:0px;color:#ffffff;font-weight:700;}.vcex-icon-box.vcex_69e062d205bfb .vcex-icon-box-icon{color:#ffffff;}<\/style><div class=\"vcex-module vcex-icon-box vcex-icon-box-one wpex-flex wpex-items-center wpex-text-left mtd30 mbd30 mtm20 mbm20 vcex_69e062d205bfb\"><div class=\"vcex-icon-box-symbol vcex-icon-box-symbol--icon wpex-flex-shrink-0 wpex-mr-25\"><div class=\"vcex-icon-box-icon wpex-items-center wpex-justify-center wpex-child-inherit-color wpex-text-center wpex-leading-none wpex-flex wpex-text-1\"><span class=\"fa-light fa-arrow-down-right\" aria-hidden=\"true\"><\/span><\/div><\/div><div class=\"vcex-icon-box-text wpex-flex-grow\"><span class=\"vcex-icon-box-heading wpex-heading wpex-text-md\">Recherche et D\u00e9veloppement<\/span><\/div><\/div>[vc_separator color=\u00a0\u00bbcustom\u00a0\u00bb css=\u00a0\u00bb\u00a0\u00bb accent_color=\u00a0\u00bb#FFFFFF75&Prime;]<style>.vcex-icon-box.vcex_69e062d208acd .vcex-icon-box-heading{margin-bottom:0px;color:#ffffff;font-weight:700;}.vcex-icon-box.vcex_69e062d208acd .vcex-icon-box-icon{color:#ffffff;}<\/style><div class=\"vcex-module vcex-icon-box vcex-icon-box-one wpex-flex wpex-items-center wpex-text-left mtd30 mbd30 mtm20 mbm20 vcex_69e062d208acd\"><div class=\"vcex-icon-box-symbol vcex-icon-box-symbol--icon wpex-flex-shrink-0 wpex-mr-25\"><div class=\"vcex-icon-box-icon wpex-items-center wpex-justify-center wpex-child-inherit-color wpex-text-center wpex-leading-none wpex-flex wpex-text-1\"><span class=\"fa-light fa-arrow-down-right\" aria-hidden=\"true\"><\/span><\/div><\/div><div class=\"vcex-icon-box-text wpex-flex-grow\"><span class=\"vcex-icon-box-heading wpex-heading wpex-text-md\">\u00c9tude et conception de l\u2019id\u00e9e<\/span><\/div><\/div>[vc_separator color=\u00a0\u00bbcustom\u00a0\u00bb css=\u00a0\u00bb\u00a0\u00bb accent_color=\u00a0\u00bb#FFFFFF75&Prime;]<style>.vcex-icon-box.vcex_69e062d20b5ec .vcex-icon-box-heading{margin-bottom:0px;color:#ffffff;font-weight:700;}.vcex-icon-box.vcex_69e062d20b5ec .vcex-icon-box-icon{color:#ffffff;}<\/style><div class=\"vcex-module vcex-icon-box vcex-icon-box-one wpex-flex wpex-items-center wpex-text-left mtd30 mbd30 mtm20 mbm20 vcex_69e062d20b5ec\"><div class=\"vcex-icon-box-symbol vcex-icon-box-symbol--icon wpex-flex-shrink-0 wpex-mr-25\"><div class=\"vcex-icon-box-icon wpex-items-center wpex-justify-center wpex-child-inherit-color wpex-text-center wpex-leading-none wpex-flex wpex-text-1\"><span class=\"fa-light fa-arrow-down-right\" aria-hidden=\"true\"><\/span><\/div><\/div><div class=\"vcex-icon-box-text wpex-flex-grow\"><span class=\"vcex-icon-box-heading wpex-heading wpex-text-md\">Production et r\u00e9alisation<\/span><\/div><\/div>[vc_separator color=\u00a0\u00bbcustom\u00a0\u00bb css=\u00a0\u00bb\u00a0\u00bb accent_color=\u00a0\u00bb#FFFFFF75&Prime;]<style>.vcex-button.vcex_69e062d20fe42{border-radius:0px;color:#0b8df1!important;padding-block:12px;font-family:Manrope;font-size:16px;font-weight:700;}.vcex-button.vcex_69e062d20fe42:hover{color:#0b8df1!important;}<\/style><a href=\"http:\/\/volumec.com\/fr\/entreprise\/\" class=\"vcex-button theme-txt-link wpex-inline-block inline bottone2 mtd45 mtm30 vcex_69e062d20fe42\"><span class=\"vcex-button-inner theme-button-inner wpex-flex wpex-flex-wrap wpex-items-center wpex-justify-center\">EN SAVOIR PLUS<span class=\"vcex-button-icon vcex-icon-wrap theme-button-icon-right\"><span aria-hidden=\"true\" class=\"fas fa-arrow-down\"><\/span><\/span><\/span><\/a> [\/vc_column][vc_column css_animation=\u00a0\u00bbfadeInRight\u00a0\u00bb width=\u00a0\u00bb7\/12&Prime; el_class=\u00a0\u00bbmtm40&Prime;]<figure class=\"vcex-image vcex-module\"><div class=\"vcex-image-inner wpex-relative wpex-inline-block\"><img width=\"913\" height=\"577\" src=\"https:\/\/volumec.com\/wp-content\/uploads\/2024\/12\/Ecco-come-sviluppiamo-i-nostri-prodotti.jpg\" class=\"vcex-image-img wpex-align-middle\" alt=\"\" loading=\"lazy\" decoding=\"async\" srcset=\"https:\/\/volumec.com\/wp-content\/uploads\/2024\/12\/Ecco-come-sviluppiamo-i-nostri-prodotti.jpg 913w, https:\/\/volumec.com\/wp-content\/uploads\/2024\/12\/Ecco-come-sviluppiamo-i-nostri-prodotti-300x190.jpg 300w, https:\/\/volumec.com\/wp-content\/uploads\/2024\/12\/Ecco-come-sviluppiamo-i-nostri-prodotti-768x485.jpg 768w, https:\/\/volumec.com\/wp-content\/uploads\/2024\/12\/Ecco-come-sviluppiamo-i-nostri-prodotti-600x379.jpg 600w\" sizes=\"auto, (max-width: 913px) 100vw, 913px\" \/><\/div><\/figure>[\/vc_column][\/vc_row][vc_row el_class=\u00a0\u00bbptd100 pbd100 ptm50 pbm50&Prime;][vc_column][vc_column_text css_animation=\u00a0\u00bbfadeInUp\u00a0\u00bb css=\u00a0\u00bb\u00a0\u00bb text_align=\u00a0\u00bbcenter\u00a0\u00bb]\n<h2>Nos <strong>produits<\/strong><\/h2>\n[\/vc_column_text][\/vc_column][\/vc_row][vc_row full_width=\u00a0\u00bbstretch_row\u00a0\u00bb equal_height=\u00a0\u00bbyes\u00a0\u00bb columns_right=\u00a0\u00bbyes\u00a0\u00bb el_class=\u00a0\u00bbhome_riga_prodotti\u00a0\u00bb css=\u00a0\u00bb.vc_custom_1733393227510{background-color: #F1F1F1 !important;}\u00a0\u00bb][vc_column css_animation=\u00a0\u00bbfadeInRight\u00a0\u00bb width=\u00a0\u00bb1\/2&Prime; el_class=\u00a0\u00bbhome_riga_prodotti_col1 rd\u00a0\u00bb][vc_column_text css=\u00a0\u00bb\u00a0\u00bb el_class=\u00a0\u00bbmtd20 mtm20 brm\u00a0\u00bb]\n<h3>Taraudeuses \u00e9lectriques<\/h3>\n[\/vc_column_text][vc_column_text css=\u00a0\u00bb\u00a0\u00bb el_class=\u00a0\u00bbmtd20 mtm20&Prime;]Les\u00a0<strong>taraudeuses \u00e9lectriques\u00a0<\/strong>sont des machines utilis\u00e9es dans les domaines industriels et artisanaux pour r\u00e9aliser des filetages sur des composants m\u00e9talliques ou d\u2019autres mat\u00e9riaux, fonctionnant avec une alimentation \u00e9lectrique normale.[\/vc_column_text]<style>.vcex-button.vcex_69e062d21641a{border-radius:0px;color:#000000!important;padding:20px;border:2px solid #0b8df1;font-family:Manrope;font-size:16px;font-weight:700;}.vcex-button.vcex_69e062d21641a:hover{color:#000000!important;}<\/style><a href=\"http:\/\/volumec.com\/fr\/taraudeuse-electrique\/\" class=\"vcex-button theme-button outline inline bottone1 mtd45 mtm30 vcex_69e062d21641a\"><span class=\"vcex-button-inner theme-button-inner wpex-flex wpex-flex-wrap wpex-items-center wpex-justify-center\">EN SAVOIR PLUS<span class=\"vcex-button-icon vcex-icon-wrap theme-button-icon-right\"><span aria-hidden=\"true\" class=\"fas fa-arrow-right\"><\/span><\/span><\/span><\/a> [\/vc_column][vc_column css_animation=\u00a0\u00bbfadeInLeft\u00a0\u00bb width=\u00a0\u00bb1\/2&Prime; el_class=\u00a0\u00bbhome_riga_prodotti_col2&Prime; css=\u00a0\u00bb.vc_custom_1742229123784{background-image: url(http:\/\/volumec.com\/wp-content\/uploads\/2025\/03\/maschiatrici-elettriche.jpg?id=3201) !important;}\u00a0\u00bb][\/vc_column][\/vc_row][vc_row full_width=\u00a0\u00bbstretch_row\u00a0\u00bb equal_height=\u00a0\u00bbyes\u00a0\u00bb el_class=\u00a0\u00bbhome_riga_prodotti\u00a0\u00bb css=\u00a0\u00bb.vc_custom_1733393944895{background-color: #F1F1F1 !important;}\u00a0\u00bb][vc_column css_animation=\u00a0\u00bbfadeInLeft\u00a0\u00bb width=\u00a0\u00bb1\/2&Prime; el_class=\u00a0\u00bbhome_riga_prodotti_col1&Prime;][vc_column_text css=\u00a0\u00bb\u00a0\u00bb el_class=\u00a0\u00bbmtd20 mtm20 brm\u00a0\u00bb]\n<h3>Bras de per\u00e7age<\/h3>\n[\/vc_column_text][vc_column_text css=\u00a0\u00bb\u00a0\u00bb el_class=\u00a0\u00bbmtd20 mtm20&Prime;]Les\u00a0<strong>bras de per\u00e7age Drilltronic\u00a0<\/strong> sont des outils essentiels dans de nombreux secteurs industriels, de la production m\u00e9canique au traitement des mat\u00e9riaux.[\/vc_column_text]<style>.vcex-button.vcex_69e062d21896d{border-radius:0px;color:#000000!important;padding:20px;border:2px solid #0b8df1;font-family:Manrope;font-size:16px;font-weight:700;}.vcex-button.vcex_69e062d21896d:hover{color:#000000!important;}<\/style><a href=\"http:\/\/volumec.com\/fr\/bras-de-percage\/\" class=\"vcex-button theme-button outline inline bottone1 mtd45 mtm30 vcex_69e062d21896d\"><span class=\"vcex-button-inner theme-button-inner wpex-flex wpex-flex-wrap wpex-items-center wpex-justify-center\">EN SAVOIR PLUS<span class=\"vcex-button-icon vcex-icon-wrap theme-button-icon-right\"><span aria-hidden=\"true\" class=\"fas fa-arrow-right\"><\/span><\/span><\/span><\/a> [\/vc_column][vc_column css_animation=\u00a0\u00bbfadeInRight\u00a0\u00bb width=\u00a0\u00bb1\/2&Prime; el_class=\u00a0\u00bbhome_riga_prodotti_col2&Prime; css=\u00a0\u00bb.vc_custom_1742229267913{background-image: url(http:\/\/volumec.com\/wp-content\/uploads\/2025\/03\/bracci-di-foratura.jpg?id=3214) !important;}\u00a0\u00bb][\/vc_column][\/vc_row][vc_row full_width=\u00a0\u00bbstretch_row\u00a0\u00bb equal_height=\u00a0\u00bbyes\u00a0\u00bb columns_right=\u00a0\u00bbyes\u00a0\u00bb el_class=\u00a0\u00bbhome_riga_prodotti\u00a0\u00bb css=\u00a0\u00bb.vc_custom_1733393967274{background-color: #F1F1F1 !important;}\u00a0\u00bb][vc_column css_animation=\u00a0\u00bbfadeInRight\u00a0\u00bb width=\u00a0\u00bb1\/2&Prime; el_class=\u00a0\u00bbhome_riga_prodotti_col1 rd\u00a0\u00bb][vc_column_text css=\u00a0\u00bb\u00a0\u00bb el_class=\u00a0\u00bbmtd20 mtm20 brm\u00a0\u00bb]\n<h3>Bras articul\u00e9s equilibres<\/h3>\n[\/vc_column_text][vc_column_text css=\u00a0\u00bb\u00a0\u00bb el_class=\u00a0\u00bbmtd20 mtm20&Prime;]Volumec \u00ae cr\u00e9e une nouvelle gamme de\u00a0<strong>bras articul\u00e9s<\/strong>\u00a0Easyarm Evo2, con\u00e7u pour \u00e9quilibrer des \u00e9quipements ou des outils pesant entre 1 et 40 kg.[\/vc_column_text]<style>.vcex-button.vcex_69e062d21aec3{border-radius:0px;color:#000000!important;padding:20px;border:2px solid #0b8df1;font-family:Manrope;font-size:16px;font-weight:700;}.vcex-button.vcex_69e062d21aec3:hover{color:#000000!important;}<\/style><a href=\"http:\/\/volumec.com\/fr\/bras-articules-equilibres\/\" class=\"vcex-button theme-button outline inline bottone1 mtd45 mtm30 vcex_69e062d21aec3\"><span class=\"vcex-button-inner theme-button-inner wpex-flex wpex-flex-wrap wpex-items-center wpex-justify-center\">EN SAVOIR PLUS<span class=\"vcex-button-icon vcex-icon-wrap theme-button-icon-right\"><span aria-hidden=\"true\" class=\"fas fa-arrow-right\"><\/span><\/span><\/span><\/a> [\/vc_column][vc_column css_animation=\u00a0\u00bbfadeInLeft\u00a0\u00bb width=\u00a0\u00bb1\/2&Prime; el_class=\u00a0\u00bbhome_riga_prodotti_col2&Prime; css=\u00a0\u00bb.vc_custom_1742229665430{background-image: url(http:\/\/volumec.com\/wp-content\/uploads\/2025\/03\/bracci-articolati-bilanciati.jpg?id=3220) !important;}\u00a0\u00bb][\/vc_column][\/vc_row][vc_row full_width=\u00a0\u00bbstretch_row\u00a0\u00bb equal_height=\u00a0\u00bbyes\u00a0\u00bb el_class=\u00a0\u00bbhome_riga_prodotti pbm20&Prime; css=\u00a0\u00bb.vc_custom_1733394541831{background-color: #F1F1F1 !important;}\u00a0\u00bb][vc_column css_animation=\u00a0\u00bbfadeInLeft\u00a0\u00bb width=\u00a0\u00bb1\/2&Prime; el_class=\u00a0\u00bbhome_riga_prodotti_col1&Prime;][vc_column_text css=\u00a0\u00bb\u00a0\u00bb el_class=\u00a0\u00bbmtd20 mtm20 brm\u00a0\u00bb]\n<h3>Bras manipulateurs mobile<\/h3>\n[\/vc_column_text][vc_column_text css=\u00a0\u00bb\u00a0\u00bb el_class=\u00a0\u00bbmtd20 mtm20&Prime;]<strong>Les manipulateurs mobiles RM01, RM02 et EAM<\/strong>\u00a0sont des syst\u00e8mes de bras ergonomiques qui permettent\u00a0<strong>de manipuler des charges allant jusqu\u2019\u00e0 100 kg<\/strong>.[\/vc_column_text]<style>.vcex-button.vcex_69e062d21d3ec{border-radius:0px;color:#000000!important;padding:20px;border:2px solid #0b8df1;font-family:Manrope;font-size:16px;font-weight:700;}.vcex-button.vcex_69e062d21d3ec:hover{color:#000000!important;}<\/style><a href=\"http:\/\/volumec.com\/fr\/bras-manipulateur-mobile\/\" class=\"vcex-button theme-button outline inline bottone1 mtd45 mtm30 vcex_69e062d21d3ec\"><span class=\"vcex-button-inner theme-button-inner wpex-flex wpex-flex-wrap wpex-items-center wpex-justify-center\">EN SAVOIR PLUS<span class=\"vcex-button-icon vcex-icon-wrap theme-button-icon-right\"><span aria-hidden=\"true\" class=\"fas fa-arrow-right\"><\/span><\/span><\/span><\/a> [\/vc_column][vc_column css_animation=\u00a0\u00bbfadeInRight\u00a0\u00bb width=\u00a0\u00bb1\/2&Prime; el_class=\u00a0\u00bbhome_riga_prodotti_col2&Prime; css=\u00a0\u00bb.vc_custom_1742229731858{background-image: url(http:\/\/volumec.com\/wp-content\/uploads\/2025\/03\/manipolatori.jpg?id=3225) !important;}\u00a0\u00bb][\/vc_column][\/vc_row][vc_row el_class=\u00a0\u00bbptd80 pbd80 ptm50 pbm50&Prime;][vc_column]<style>.vcex-button.vcex_69e062d21f91e{border-radius:0px;color:#000000!important;padding:20px;border:2px solid #0b8df1;font-family:Manrope;font-size:16px;font-weight:700;}.vcex-button.vcex_69e062d21f91e:hover{color:#000000!important;}<\/style><div class=\"theme-button-wrap textcenter wpex-clr\"><a href=\"#\" class=\"vcex-button theme-button outline align-center inline bottone1 mtd45 mtm30  wpb_animate_when_almost_visible wpb_fadeInUp fadeInUp vcex_69e062d21f91e\"><span class=\"vcex-button-inner theme-button-inner wpex-flex wpex-flex-wrap wpex-items-center wpex-justify-center\">VOIR TOUT<span class=\"vcex-button-icon vcex-icon-wrap theme-button-icon-right\"><span aria-hidden=\"true\" class=\"fas fa-arrow-right\"><\/span><\/span><\/span><\/a><\/div> [\/vc_column][\/vc_row][vc_row css_animation=\u00a0\u00bbfadeIn\u00a0\u00bb full_width=\u00a0\u00bbstretch_row\u00a0\u00bb content_placement=\u00a0\u00bbmiddle\u00a0\u00bb parallax=\u00a0\u00bbcontent-moving\u00a0\u00bb parallax_image=\u00a0\u00bb277&Prime; el_class=\u00a0\u00bbriga_banner ptd30 pbd30 ptm40 pbm40&Prime;][vc_column width=\u00a0\u00bb1\/2&Prime;]<style>.vcex-image.vcex_69e062d221187 .vcex-image-inner{max-width:600px;}<\/style><figure class=\"vcex-image vcex-module vcex_69e062d221187\"><div class=\"vcex-image-inner wpex-relative wpex-inline-block\"><img width=\"1000\" height=\"239\" src=\"https:\/\/volumec.com\/wp-content\/uploads\/2024\/12\/logo-Volumec.png\" class=\"vcex-image-img wpex-align-middle\" alt=\"\" loading=\"lazy\" decoding=\"async\" srcset=\"https:\/\/volumec.com\/wp-content\/uploads\/2024\/12\/logo-Volumec.png 1000w, https:\/\/volumec.com\/wp-content\/uploads\/2024\/12\/logo-Volumec-300x72.png 300w, https:\/\/volumec.com\/wp-content\/uploads\/2024\/12\/logo-Volumec-768x184.png 768w, https:\/\/volumec.com\/wp-content\/uploads\/2024\/12\/logo-Volumec-600x143.png 600w\" sizes=\"auto, (max-width: 1000px) 100vw, 1000px\" \/><\/div><\/figure>[\/vc_column][vc_column width=\u00a0\u00bb1\/2&Prime; el_class=\u00a0\u00bbptm40 cm\u00a0\u00bb][vc_column_text css=\u00a0\u00bb\u00a0\u00bb color=\u00a0\u00bb#ffffff\u00a0\u00bb font_size=\u00a0\u00bbd:100px|pl:45px|pp:45px\u00a0\u00bb line_height=\u00a0\u00bb110%\u00a0\u00bb font_weight=\u00a0\u00bb300&Prime;]Be <strong>innovative<\/strong>[\/vc_column_text][\/vc_column][\/vc_row][vc_row full_width=\u00a0\u00bbstretch_row\u00a0\u00bb el_class=\u00a0\u00bbptd100 pbd130 ptm50 pbm60&Prime; css=\u00a0\u00bb.vc_custom_1733395221913{background-color: #F1F1F1 !important;}\u00a0\u00bb][vc_column][vc_column_text css_animation=\u00a0\u00bbfadeInUp\u00a0\u00bb css=\u00a0\u00bb\u00a0\u00bb text_align=\u00a0\u00bbcenter\u00a0\u00bb]\n<h2>Nos derni\u00e8res <strong>actualit\u00e9s<\/strong><\/h2>\n[\/vc_column_text][vc_basic_grid post_type=\u00a0\u00bbpost\u00a0\u00bb max_items=\u00a0\u00bb3&Prime; gap=\u00a0\u00bb35&Prime; item=\u00a0\u00bb347&Prime; css=\u00a0\u00bb\u00a0\u00bb grid_id=\u00a0\u00bbvc_gid:1747225592987-392627a4-06c1-9&Prime; el_class=\u00a0\u00bbmtd90 mtm50&Prime;][\/vc_column][\/vc_row]\n<\/div>","protected":false},"excerpt":{"rendered":"<p>[vc_row css_animation=\u00a0\u00bbfadeInUp\u00a0\u00bb el_class=\u00a0\u00bbptd100 pbd200 ptm50 pbm100&Prime;][vc_column][vc_column_text css=\u00a0\u00bb\u00a0\u00bb text_align=\u00a0\u00bbcenter\u00a0\u00bb] La technologie qui transforme le temps en valeur [\/vc_column_text][vc_column_text css=\u00a0\u00bb\u00a0\u00bb el_class=\u00a0\u00bbmtd50 mtm40&Prime; text_align=\u00a0\u00bbcenter\u00a0\u00bb]Volumec\u00ae est une entreprise italienne qui vise \u00e0 am\u00e9liorer la productivit\u00e9 de nos clients et \u00e0 faciliter le travail des op\u00e9rateurs de production \u00e0 travers sa gamme de machines et bras ergonomiques.[\/vc_column_text][\/vc_column][\/vc_row][vc_row full_width=\u00a0\u00bbstretch_row\u00a0\u00bb content_placement=\u00a0\u00bbmiddle\u00a0\u00bb el_class=\u00a0\u00bbptd70&hellip;<\/p>\n","protected":false},"author":1,"featured_media":0,"parent":0,"menu_order":0,"comment_status":"closed","ping_status":"closed","template":"","meta":{"_acf_changed":false,"inline_featured_image":false,"footnotes":""},"class_list":["post-436","page","type-page","status-publish","hentry","entry","no-media"],"acf":[],"yoast_head":"<!-- This site is optimized with the Yoast SEO plugin v25.1 - https:\/\/yoast.com\/wordpress\/plugins\/seo\/ -->\n<title>Home - Volumec<\/title>\n<meta name=\"robots\" content=\"index, follow, max-snippet:-1, max-image-preview:large, max-video-preview:-1\" \/>\n<link rel=\"canonical\" href=\"https:\/\/volumec.com\/fr\/\" \/>\n<meta property=\"og:locale\" content=\"fr_FR\" \/>\n<meta property=\"og:type\" content=\"article\" \/>\n<meta property=\"og:title\" content=\"Home - Volumec\" \/>\n<meta property=\"og:description\" content=\"[vc_row css_animation=\u00a0\u00bbfadeInUp\u00a0\u00bb el_class=\u00a0\u00bbptd100 pbd200 ptm50 pbm100&Prime;][vc_column][vc_column_text css=\u00a0\u00bb\u00a0\u00bb text_align=\u00a0\u00bbcenter\u00a0\u00bb] La technologie qui transforme le temps en valeur [\/vc_column_text][vc_column_text css=\u00a0\u00bb\u00a0\u00bb el_class=\u00a0\u00bbmtd50 mtm40&Prime; text_align=\u00a0\u00bbcenter\u00a0\u00bb]Volumec\u00ae est une entreprise italienne qui vise \u00e0 am\u00e9liorer la productivit\u00e9 de nos clients et \u00e0 faciliter le travail des op\u00e9rateurs de production \u00e0 travers sa gamme de machines et bras ergonomiques.[\/vc_column_text][\/vc_column][\/vc_row][vc_row full_width=\u00a0\u00bbstretch_row\u00a0\u00bb content_placement=\u00a0\u00bbmiddle\u00a0\u00bb el_class=\u00a0\u00bbptd70&hellip;\" \/>\n<meta property=\"og:url\" content=\"https:\/\/volumec.com\/fr\/\" \/>\n<meta property=\"og:site_name\" content=\"Volumec\" \/>\n<meta property=\"article:modified_time\" content=\"2025-05-14T12:26:43+00:00\" \/>\n<meta name=\"twitter:card\" content=\"summary_large_image\" \/>\n<meta name=\"twitter:label1\" content=\"Dur\u00e9e de lecture estim\u00e9e\" \/>\n\t<meta name=\"twitter:data1\" content=\"7 minutes\" \/>\n<script type=\"application\/ld+json\" class=\"yoast-schema-graph\">{\"@context\":\"https:\/\/schema.org\",\"@graph\":[{\"@type\":\"WebPage\",\"@id\":\"https:\/\/volumec.com\/fr\/\",\"url\":\"https:\/\/volumec.com\/fr\/\",\"name\":\"Home - Volumec\",\"isPartOf\":{\"@id\":\"https:\/\/www.volumec.com\/en\/#website\"},\"datePublished\":\"2021-08-24T12:55:13+00:00\",\"dateModified\":\"2025-05-14T12:26:43+00:00\",\"breadcrumb\":{\"@id\":\"https:\/\/volumec.com\/fr\/#breadcrumb\"},\"inLanguage\":\"fr-FR\",\"potentialAction\":[{\"@type\":\"ReadAction\",\"target\":[\"https:\/\/volumec.com\/fr\/\"]}]},{\"@type\":\"BreadcrumbList\",\"@id\":\"https:\/\/volumec.com\/fr\/#breadcrumb\",\"itemListElement\":[{\"@type\":\"ListItem\",\"position\":1,\"name\":\"Home\",\"item\":\"https:\/\/volumec.com\/fr\/\"},{\"@type\":\"ListItem\",\"position\":2,\"name\":\"Home\"}]},{\"@type\":\"WebSite\",\"@id\":\"https:\/\/www.volumec.com\/en\/#website\",\"url\":\"https:\/\/www.volumec.com\/en\/\",\"name\":\"Volumec.com\",\"description\":\"\",\"publisher\":{\"@id\":\"https:\/\/www.volumec.com\/en\/#organization\"},\"alternateName\":\"be innovative\",\"potentialAction\":[{\"@type\":\"SearchAction\",\"target\":{\"@type\":\"EntryPoint\",\"urlTemplate\":\"https:\/\/www.volumec.com\/en\/?s={search_term_string}\"},\"query-input\":{\"@type\":\"PropertyValueSpecification\",\"valueRequired\":true,\"valueName\":\"search_term_string\"}}],\"inLanguage\":\"fr-FR\"},{\"@type\":\"Organization\",\"@id\":\"https:\/\/www.volumec.com\/en\/#organization\",\"name\":\"Volumec\",\"url\":\"https:\/\/www.volumec.com\/en\/\",\"logo\":{\"@type\":\"ImageObject\",\"inLanguage\":\"fr-FR\",\"@id\":\"https:\/\/www.volumec.com\/en\/#\/schema\/logo\/image\/\",\"url\":\"https:\/\/volumec.com\/wp-content\/uploads\/2024\/12\/Volumec-logo.png\",\"contentUrl\":\"https:\/\/volumec.com\/wp-content\/uploads\/2024\/12\/Volumec-logo.png\",\"width\":320,\"height\":77,\"caption\":\"Volumec\"},\"image\":{\"@id\":\"https:\/\/www.volumec.com\/en\/#\/schema\/logo\/image\/\"}}]}<\/script>\n<!-- \/ Yoast SEO plugin. -->","yoast_head_json":{"title":"Home - Volumec","robots":{"index":"index","follow":"follow","max-snippet":"max-snippet:-1","max-image-preview":"max-image-preview:large","max-video-preview":"max-video-preview:-1"},"canonical":"https:\/\/volumec.com\/fr\/","og_locale":"fr_FR","og_type":"article","og_title":"Home - Volumec","og_description":"[vc_row css_animation=\u00a0\u00bbfadeInUp\u00a0\u00bb el_class=\u00a0\u00bbptd100 pbd200 ptm50 pbm100&Prime;][vc_column][vc_column_text css=\u00a0\u00bb\u00a0\u00bb text_align=\u00a0\u00bbcenter\u00a0\u00bb] La technologie qui transforme le temps en valeur [\/vc_column_text][vc_column_text css=\u00a0\u00bb\u00a0\u00bb el_class=\u00a0\u00bbmtd50 mtm40&Prime; text_align=\u00a0\u00bbcenter\u00a0\u00bb]Volumec\u00ae est une entreprise italienne qui vise \u00e0 am\u00e9liorer la productivit\u00e9 de nos clients et \u00e0 faciliter le travail des op\u00e9rateurs de production \u00e0 travers sa gamme de machines et bras ergonomiques.[\/vc_column_text][\/vc_column][\/vc_row][vc_row full_width=\u00a0\u00bbstretch_row\u00a0\u00bb content_placement=\u00a0\u00bbmiddle\u00a0\u00bb el_class=\u00a0\u00bbptd70&hellip;","og_url":"https:\/\/volumec.com\/fr\/","og_site_name":"Volumec","article_modified_time":"2025-05-14T12:26:43+00:00","twitter_card":"summary_large_image","twitter_misc":{"Dur\u00e9e de lecture estim\u00e9e":"7 minutes"},"schema":{"@context":"https:\/\/schema.org","@graph":[{"@type":"WebPage","@id":"https:\/\/volumec.com\/fr\/","url":"https:\/\/volumec.com\/fr\/","name":"Home - Volumec","isPartOf":{"@id":"https:\/\/www.volumec.com\/en\/#website"},"datePublished":"2021-08-24T12:55:13+00:00","dateModified":"2025-05-14T12:26:43+00:00","breadcrumb":{"@id":"https:\/\/volumec.com\/fr\/#breadcrumb"},"inLanguage":"fr-FR","potentialAction":[{"@type":"ReadAction","target":["https:\/\/volumec.com\/fr\/"]}]},{"@type":"BreadcrumbList","@id":"https:\/\/volumec.com\/fr\/#breadcrumb","itemListElement":[{"@type":"ListItem","position":1,"name":"Home","item":"https:\/\/volumec.com\/fr\/"},{"@type":"ListItem","position":2,"name":"Home"}]},{"@type":"WebSite","@id":"https:\/\/www.volumec.com\/en\/#website","url":"https:\/\/www.volumec.com\/en\/","name":"Volumec.com","description":"","publisher":{"@id":"https:\/\/www.volumec.com\/en\/#organization"},"alternateName":"be innovative","potentialAction":[{"@type":"SearchAction","target":{"@type":"EntryPoint","urlTemplate":"https:\/\/www.volumec.com\/en\/?s={search_term_string}"},"query-input":{"@type":"PropertyValueSpecification","valueRequired":true,"valueName":"search_term_string"}}],"inLanguage":"fr-FR"},{"@type":"Organization","@id":"https:\/\/www.volumec.com\/en\/#organization","name":"Volumec","url":"https:\/\/www.volumec.com\/en\/","logo":{"@type":"ImageObject","inLanguage":"fr-FR","@id":"https:\/\/www.volumec.com\/en\/#\/schema\/logo\/image\/","url":"https:\/\/volumec.com\/wp-content\/uploads\/2024\/12\/Volumec-logo.png","contentUrl":"https:\/\/volumec.com\/wp-content\/uploads\/2024\/12\/Volumec-logo.png","width":320,"height":77,"caption":"Volumec"},"image":{"@id":"https:\/\/www.volumec.com\/en\/#\/schema\/logo\/image\/"}}]}},"_links":{"self":[{"href":"https:\/\/volumec.com\/fr\/wp-json\/wp\/v2\/pages\/436","targetHints":{"allow":["GET"]}}],"collection":[{"href":"https:\/\/volumec.com\/fr\/wp-json\/wp\/v2\/pages"}],"about":[{"href":"https:\/\/volumec.com\/fr\/wp-json\/wp\/v2\/types\/page"}],"author":[{"embeddable":true,"href":"https:\/\/volumec.com\/fr\/wp-json\/wp\/v2\/users\/1"}],"replies":[{"embeddable":true,"href":"https:\/\/volumec.com\/fr\/wp-json\/wp\/v2\/comments?post=436"}],"version-history":[{"count":12,"href":"https:\/\/volumec.com\/fr\/wp-json\/wp\/v2\/pages\/436\/revisions"}],"predecessor-version":[{"id":6285,"href":"https:\/\/volumec.com\/fr\/wp-json\/wp\/v2\/pages\/436\/revisions\/6285"}],"wp:attachment":[{"href":"https:\/\/volumec.com\/fr\/wp-json\/wp\/v2\/media?parent=436"}],"curies":[{"name":"wp","href":"https:\/\/api.w.org\/{rel}","templated":true}]}}