{"id":3914,"date":"2025-03-04T11:25:39","date_gmt":"2025-03-04T10:25:39","guid":{"rendered":"http:\/\/volumec.com\/butee-de-longueur\/wma\/"},"modified":"2025-11-05T09:30:25","modified_gmt":"2025-11-05T08:30:25","slug":"wma","status":"publish","type":"page","link":"https:\/\/volumec.com\/fr\/butee-de-longueur\/wma\/","title":{"rendered":"WMA"},"content":{"rendered":"<div class=\"wpb-content-wrapper\">[vc_row full_width=\u00a0\u00bbstretch_row\u00a0\u00bb css=\u00a0\u00bb.vc_custom_1741128493743{padding-top: 70px !important;padding-bottom: 70px !important;background: #13212E url(http:\/\/volumec.com\/wp-content\/uploads\/2024\/12\/Be-innovative.jpg?id=277) !important;}\u00a0\u00bb][vc_column][vc_column_text css=\u00a0\u00bb\u00a0\u00bb text_align=\u00a0\u00bbcenter\u00a0\u00bb color=\u00a0\u00bb#ffffff\u00a0\u00bb]\n<h1>WMA<\/h1>\n[\/vc_column_text]<style>.vcex-breadcrumbs.vcex_69ee3682c8076 .sep{color:#ffffff;}.vcex-breadcrumbs.vcex_69ee3682c8076{text-align:center;color:#ffffff;--wpex-link-color:#ffffff;}<\/style><nav class=\"vcex-breadcrumbs vcex-breadcrumbs--links-inherit-color vcex-breadcrumbs--custom-color vcex_69ee3682c8076\"><span><span><a href=\"https:\/\/volumec.com\/fr\/\">Home<\/a><\/span><\/span><\/nav>[\/vc_column][\/vc_row][vc_row full_width=\u00a0\u00bbstretch_row\u00a0\u00bb el_class=\u00a0\u00bbptd80 pbd80 ptm40 pbm40&Prime;][vc_column width=\u00a0\u00bb1\/2&Prime;][vc_column_text css=\u00a0\u00bb\u00a0\u00bb text_transform=\u00a0\u00bbuppercase\u00a0\u00bb]\n<h2><strong>Arr\u00eat de contr\u00f4le manuel<br \/>\n<\/strong><\/h2>\n[\/vc_column_text][vc_column_text css=\u00a0\u00bb\u00a0\u00bb el_class=\u00a0\u00bbmtd50 mtm40 mbd40 mbm30&Prime;]Dispositif de but\u00e9e compos\u00e9 d&rsquo;une rouleuse + axe lin\u00e9aire avec transmission par courroie, but\u00e9e \u00e0 d\u00e9placement manuel avec afficheur num\u00e9rique. Longueurs disponibles de 1000 mm \u00e0 6000 mm, pouvant \u00eatre associ\u00e9es \u00e0 des scies, tron\u00e7onneuses, perceuses, cisailles et plieuses. Charge maximale 100 kg\/m et largeur de la table de support 265 mm[\/vc_column_text][\/vc_column][vc_column width=\u00a0\u00bb1\/2&Prime; el_class=\u00a0\u00bbmtm20&Prime;]<div class=\"wpex-slider-preloaderimg wpex-relative\"><img width=\"800\" height=\"616\" src=\"https:\/\/volumec.com\/wp-content\/uploads\/2025\/11\/Butee-de-longueur-WMA.png\" class=\"skip-lazy\" alt=\"\" data-no-lazy=\"1\" srcset=\"https:\/\/volumec.com\/wp-content\/uploads\/2025\/11\/Butee-de-longueur-WMA.png 800w, https:\/\/volumec.com\/wp-content\/uploads\/2025\/11\/Butee-de-longueur-WMA-300x231.png 300w, https:\/\/volumec.com\/wp-content\/uploads\/2025\/11\/Butee-de-longueur-WMA-768x591.png 768w, https:\/\/volumec.com\/wp-content\/uploads\/2025\/11\/Butee-de-longueur-WMA-600x462.png 600w\" sizes=\"(max-width: 800px) 100vw, 800px\" \/><\/div><div class=\"vcex-image-slider vcex-module wpex-slider slider-pro wpex-clr\" data-loop=\"true\" data-auto-play-delay=\"5000\" data-animation-speed=\"600\" data-height-animation-duration=\"500\" data-thumbnail-height=\"70\" data-thumbnail-width=\"70\" data-reach-video-action=\"none\"><div class=\"wpex-slider-slides sp-slides\"><div class=\"wpex-slider-slide sp-slide\"><div class=\"wpex-slider-media wpex-relative\"><img width=\"800\" height=\"616\" src=\"https:\/\/volumec.com\/wp-content\/uploads\/2025\/11\/Butee-de-longueur-WMA.png\" class=\"skip-lazy\" alt=\"\" data-no-lazy=\"1\" srcset=\"https:\/\/volumec.com\/wp-content\/uploads\/2025\/11\/Butee-de-longueur-WMA.png 800w, https:\/\/volumec.com\/wp-content\/uploads\/2025\/11\/Butee-de-longueur-WMA-300x231.png 300w, https:\/\/volumec.com\/wp-content\/uploads\/2025\/11\/Butee-de-longueur-WMA-768x591.png 768w, https:\/\/volumec.com\/wp-content\/uploads\/2025\/11\/Butee-de-longueur-WMA-600x462.png 600w\" sizes=\"(max-width: 800px) 100vw, 800px\" \/><\/div><\/div><\/div><\/div>[\/vc_column][\/vc_row][vc_row el_class=\u00a0\u00bbmtd20 mtm20&Prime; css=\u00a0\u00bb.vc_custom_1741447873884{margin-bottom: 50px !important;}\u00a0\u00bb][vc_column el_class=\u00a0\u00bbcd cm\u00a0\u00bb css=\u00a0\u00bb.vc_custom_1740949684561{padding-bottom: 35px !important;}\u00a0\u00bb]<style>.vcex-button.vcex_69ee3682d18be{border-radius:0px;color:#000000!important;padding:20px;border:2px solid #0b8df1;font-family:Manrope;font-size:16px;font-weight:700;}.vcex-button.vcex_69ee3682d18be:hover{color:#000000!important;}<\/style><div class=\"theme-button-wrap textcenter wpex-clr\"><a href=\"http:\/\/volumec.com\/fr\/demander-informations\/\" class=\"vcex-button theme-button outline align-center inline bottone1 mtd30 mtm30 vcex_69ee3682d18be\"><span class=\"vcex-button-inner theme-button-inner wpex-flex wpex-flex-wrap wpex-items-center wpex-justify-center\">DEMANDER DES INFORMATIONS<span class=\"vcex-button-icon vcex-icon-wrap theme-button-icon-right\"><span aria-hidden=\"true\" class=\"fas fa-arrow-right\"><\/span><\/span><\/span><\/a><\/div> [\/vc_column][\/vc_row][vc_row full_width=\u00a0\u00bbstretch_row\u00a0\u00bb el_class=\u00a0\u00bbptd70 ptm50&Prime; css=\u00a0\u00bb.vc_custom_1734433790933{background-color: #F1F1F1 !important;}\u00a0\u00bb][vc_column]<div class=\"vcex-spacing wpex-w-100 wpex-clear\" style=\"height:50px;\"><\/div><div class=\"cq-datatable   cq-datatable-medium cq-datatable-gray\"><div class=\"cq-datatable-row cq-datatable-header cq-datatable-bg-customized\" style=\"background:#121A1E\"><div class=\"cq-datatable-cell\" data-title=\"Mod\u00e8le\"> Mod\u00e8le <\/div><div class=\"cq-datatable-cell\" data-title=\"Longueur (mm)\"> Longueur (mm) <\/div><\/div><div class=\"cq-datatable-row cq-datatable-data\"><div class=\"cq-datatable-cell\"> WMA1000 <\/div><div class=\"cq-datatable-cell\"> 1000 <\/div><\/div><div class=\"cq-datatable-row cq-datatable-data\"><div class=\"cq-datatable-cell\"> WMA2000 <\/div><div class=\"cq-datatable-cell\"> 2000 <\/div><\/div><div class=\"cq-datatable-row cq-datatable-data\"><div class=\"cq-datatable-cell\"> WMA3000 <\/div><div class=\"cq-datatable-cell\"> 3000 <\/div><\/div><div class=\"cq-datatable-row cq-datatable-data\"><div class=\"cq-datatable-cell\"> WMA4000 <\/div><div class=\"cq-datatable-cell\"> 4000 <\/div><\/div><div class=\"cq-datatable-row cq-datatable-data\"><div class=\"cq-datatable-cell\"> WMA4000 <\/div><div class=\"cq-datatable-cell\"> 4000 <\/div><\/div><div class=\"cq-datatable-row cq-datatable-data\"><div class=\"cq-datatable-cell\"> WMA6000 <\/div><div class=\"cq-datatable-cell\"> 6000 <\/div><\/div><div class=\"cq-datatable-row cq-datatable-data\"><div class=\"cq-datatable-cell\"> OLTRE <\/div><\/div>\n<\/div>[\/vc_column][\/vc_row][vc_row el_class=\u00a0\u00bbptd50 pbd50 ptm50 pbm50&Prime;][vc_column][vc_column_text css=\u00a0\u00bb\u00a0\u00bb font_weight=\u00a0\u00bb700&Prime;]\n<h2 style=\"text-align: center;\"><strong>VIDEO<\/strong><\/h2>\n[\/vc_column_text][vc_row_inner][vc_column_inner][vc_video link=\u00a0\u00bbhttps:\/\/youtu.be\/OENhgEEYBNQ\u00a0\u00bb align=\u00a0\u00bbcenter\u00a0\u00bb css=\u00a0\u00bb\u00a0\u00bb el_class=\u00a0\u00bbmtd30 mtm30&Prime;][\/vc_column_inner][\/vc_row_inner][\/vc_column][\/vc_row][vc_row full_width=\u00a0\u00bbstretch_row\u00a0\u00bb local_scroll_id=\u00a0\u00bbinfo\u00a0\u00bb css=\u00a0\u00bb.vc_custom_1740392980023{margin-bottom: -35px !important;background-color: #F1F1F1 !important;}\u00a0\u00bb el_class=\u00a0\u00bbptd50 ptm50 pbd50 pbm50&Prime;][vc_column][vc_column_text css=\u00a0\u00bb\u00a0\u00bb]\n<h2 style=\"text-align: center;\"><strong>OPTIONNEL<\/strong><\/h2>\n[\/vc_column_text][\/vc_column][\/vc_row][vc_row full_width=\u00a0\u00bbstretch_row\u00a0\u00bb el_class=\u00a0\u00bbptd40 mtm40&Prime; css=\u00a0\u00bb.vc_custom_1740932706502{padding-bottom: 50px !important;background-color: #F1F1F1 !important;}\u00a0\u00bb][vc_column width=\u00a0\u00bb1\/3&Prime;]<style>.vcex-image.vcex_69ee3682d5580 .vcex-image-img{border-radius:0px;border-color:#00000042;}<\/style><figure class=\"vcex-image vcex-module wpex-text-center vcex_69ee3682d5580\"><div class=\"vcex-image-inner wpex-relative wpex-inline-block\"><a href=\"https:\/\/volumec.com\/wp-content\/uploads\/2025\/03\/fermo-di-stazionamento-pneumatico-.jpg\" class=\"wpex-lightbox\"><img width=\"800\" height=\"800\" src=\"https:\/\/volumec.com\/wp-content\/uploads\/2025\/03\/fermo-di-stazionamento-pneumatico-.jpg\" class=\"vcex-image-img wpex-align-middle wpex-border wpex-border-solid\" alt=\"\" loading=\"lazy\" decoding=\"async\" srcset=\"https:\/\/volumec.com\/wp-content\/uploads\/2025\/03\/fermo-di-stazionamento-pneumatico-.jpg 800w, https:\/\/volumec.com\/wp-content\/uploads\/2025\/03\/fermo-di-stazionamento-pneumatico--300x300.jpg 300w, https:\/\/volumec.com\/wp-content\/uploads\/2025\/03\/fermo-di-stazionamento-pneumatico--150x150.jpg 150w, https:\/\/volumec.com\/wp-content\/uploads\/2025\/03\/fermo-di-stazionamento-pneumatico--768x768.jpg 768w, https:\/\/volumec.com\/wp-content\/uploads\/2025\/03\/fermo-di-stazionamento-pneumatico--600x600.jpg 600w, https:\/\/volumec.com\/wp-content\/uploads\/2025\/03\/fermo-di-stazionamento-pneumatico--100x100.jpg 100w, https:\/\/volumec.com\/wp-content\/uploads\/2025\/03\/fermo-di-stazionamento-pneumatico--460x460.jpg 460w\" sizes=\"auto, (max-width: 800px) 100vw, 800px\" \/><\/a><\/div><\/figure>[vc_column_text css=\u00a0\u00bb\u00a0\u00bb font_size=\u00a0\u00bb19px\u00a0\u00bb line_height=\u00a0\u00bb100%\u00a0\u00bb font_weight=\u00a0\u00bb700&Prime; el_class=\u00a0\u00bbmtd20 mtm20&Prime;]\n<p class=\"mb-2\">LOQUET DE STATIONNEMENT POUR PNEU<\/p>\n[\/vc_column_text][\/vc_column][vc_column width=\u00a0\u00bb1\/3&Prime; el_class=\u00a0\u00bbmtm40&Prime;]<style>.vcex-image.vcex_69ee3682d7ca1 .vcex-image-img{border-radius:0px;border-color:#00000042;}<\/style><figure class=\"vcex-image vcex-module wpex-text-center vcex_69ee3682d7ca1\"><div class=\"vcex-image-inner wpex-relative wpex-inline-block\"><a href=\"https:\/\/volumec.com\/wp-content\/uploads\/2025\/03\/battuta-con-assorbimento-urti.jpg\" class=\"wpex-lightbox\"><img width=\"800\" height=\"800\" src=\"https:\/\/volumec.com\/wp-content\/uploads\/2025\/03\/battuta-con-assorbimento-urti.jpg\" class=\"vcex-image-img wpex-align-middle wpex-border wpex-border-solid\" alt=\"\" loading=\"lazy\" decoding=\"async\" srcset=\"https:\/\/volumec.com\/wp-content\/uploads\/2025\/03\/battuta-con-assorbimento-urti.jpg 800w, https:\/\/volumec.com\/wp-content\/uploads\/2025\/03\/battuta-con-assorbimento-urti-300x300.jpg 300w, https:\/\/volumec.com\/wp-content\/uploads\/2025\/03\/battuta-con-assorbimento-urti-150x150.jpg 150w, https:\/\/volumec.com\/wp-content\/uploads\/2025\/03\/battuta-con-assorbimento-urti-768x768.jpg 768w, https:\/\/volumec.com\/wp-content\/uploads\/2025\/03\/battuta-con-assorbimento-urti-600x600.jpg 600w, https:\/\/volumec.com\/wp-content\/uploads\/2025\/03\/battuta-con-assorbimento-urti-100x100.jpg 100w, https:\/\/volumec.com\/wp-content\/uploads\/2025\/03\/battuta-con-assorbimento-urti-460x460.jpg 460w\" sizes=\"auto, (max-width: 800px) 100vw, 800px\" \/><\/a><\/div><\/figure>[vc_column_text css=\u00a0\u00bb\u00a0\u00bb font_size=\u00a0\u00bb19px\u00a0\u00bb line_height=\u00a0\u00bb100%\u00a0\u00bb font_weight=\u00a0\u00bb700&Prime; el_class=\u00a0\u00bbmtd20 mtm20&Prime;]BATTERIE AVEC ABSORPTION DES CHOCS[\/vc_column_text][\/vc_column][vc_column width=\u00a0\u00bb1\/3&Prime; el_class=\u00a0\u00bbmtm40&Prime;]<style>.vcex-image.vcex_69ee3682d99f0 .vcex-image-img{border-radius:0px;border-color:#00000042;}<\/style><figure class=\"vcex-image vcex-module wpex-text-center vcex_69ee3682d99f0\"><div class=\"vcex-image-inner wpex-relative wpex-inline-block\"><a href=\"https:\/\/volumec.com\/wp-content\/uploads\/2025\/03\/battuta-con-disimpegno-rulliera.jpg\" class=\"wpex-lightbox\"><img width=\"800\" height=\"800\" src=\"https:\/\/volumec.com\/wp-content\/uploads\/2025\/03\/battuta-con-disimpegno-rulliera.jpg\" class=\"vcex-image-img wpex-align-middle wpex-border wpex-border-solid\" alt=\"\" loading=\"lazy\" decoding=\"async\" srcset=\"https:\/\/volumec.com\/wp-content\/uploads\/2025\/03\/battuta-con-disimpegno-rulliera.jpg 800w, https:\/\/volumec.com\/wp-content\/uploads\/2025\/03\/battuta-con-disimpegno-rulliera-300x300.jpg 300w, https:\/\/volumec.com\/wp-content\/uploads\/2025\/03\/battuta-con-disimpegno-rulliera-150x150.jpg 150w, https:\/\/volumec.com\/wp-content\/uploads\/2025\/03\/battuta-con-disimpegno-rulliera-768x768.jpg 768w, https:\/\/volumec.com\/wp-content\/uploads\/2025\/03\/battuta-con-disimpegno-rulliera-600x600.jpg 600w, https:\/\/volumec.com\/wp-content\/uploads\/2025\/03\/battuta-con-disimpegno-rulliera-100x100.jpg 100w, https:\/\/volumec.com\/wp-content\/uploads\/2025\/03\/battuta-con-disimpegno-rulliera-460x460.jpg 460w\" sizes=\"auto, (max-width: 800px) 100vw, 800px\" \/><\/a><\/div><\/figure>[vc_column_text css=\u00a0\u00bb\u00a0\u00bb font_size=\u00a0\u00bb19px\u00a0\u00bb line_height=\u00a0\u00bb100%\u00a0\u00bb font_weight=\u00a0\u00bb700&Prime; el_class=\u00a0\u00bbmtd20 mtm20&Prime;]\n<p class=\"mb-2\">ARR\u00caT AVEC D\u00c9BLOCAGE \u00c0 ROULEAU<\/p>\n[\/vc_column_text][\/vc_column][\/vc_row][vc_row css_animation=\u00a0\u00bbfadeIn\u00a0\u00bb full_width=\u00a0\u00bbstretch_row\u00a0\u00bb content_placement=\u00a0\u00bbmiddle\u00a0\u00bb parallax=\u00a0\u00bbcontent-moving\u00a0\u00bb parallax_image=\u00a0\u00bb277&Prime; el_class=\u00a0\u00bbriga_banner ptd30 pbd30 ptm40 pbm40&Prime;][vc_column width=\u00a0\u00bb1\/2&Prime;]<style>.vcex-image.vcex_69ee3682db765 .vcex-image-inner{max-width:600px;}<\/style><figure class=\"vcex-image vcex-module vcex_69ee3682db765\"><div class=\"vcex-image-inner wpex-relative wpex-inline-block\"><img width=\"1000\" height=\"239\" src=\"https:\/\/volumec.com\/wp-content\/uploads\/2024\/12\/logo-Volumec.png\" class=\"vcex-image-img wpex-align-middle\" alt=\"\" loading=\"lazy\" decoding=\"async\" srcset=\"https:\/\/volumec.com\/wp-content\/uploads\/2024\/12\/logo-Volumec.png 1000w, https:\/\/volumec.com\/wp-content\/uploads\/2024\/12\/logo-Volumec-300x72.png 300w, https:\/\/volumec.com\/wp-content\/uploads\/2024\/12\/logo-Volumec-768x184.png 768w, https:\/\/volumec.com\/wp-content\/uploads\/2024\/12\/logo-Volumec-600x143.png 600w\" sizes=\"auto, (max-width: 1000px) 100vw, 1000px\" \/><\/div><\/figure>[\/vc_column][vc_column width=\u00a0\u00bb1\/2&Prime; el_class=\u00a0\u00bbptm40 cm\u00a0\u00bb][vc_column_text css=\u00a0\u00bb\u00a0\u00bb color=\u00a0\u00bb#ffffff\u00a0\u00bb font_size=\u00a0\u00bbd:100px|pl:45px|pp:45px\u00a0\u00bb line_height=\u00a0\u00bb110%\u00a0\u00bb font_weight=\u00a0\u00bb300&Prime;]Be <strong>innovative<\/strong>[\/vc_column_text][\/vc_column][\/vc_row]\n<\/div>","protected":false},"excerpt":{"rendered":"<p>[vc_row full_width=\u00a0\u00bbstretch_row\u00a0\u00bb css=\u00a0\u00bb.vc_custom_1741128493743{padding-top: 70px !important;padding-bottom: 70px !important;background: #13212E url(http:\/\/volumec.com\/wp-content\/uploads\/2024\/12\/Be-innovative.jpg?id=277) !important;}\u00a0\u00bb][vc_column][vc_column_text css=\u00a0\u00bb\u00a0\u00bb text_align=\u00a0\u00bbcenter\u00a0\u00bb color=\u00a0\u00bb#ffffff\u00a0\u00bb] WMA [\/vc_column_text][\/vc_column][\/vc_row][vc_row full_width=\u00a0\u00bbstretch_row\u00a0\u00bb el_class=\u00a0\u00bbptd80 pbd80 ptm40 pbm40&Prime;][vc_column width=\u00a0\u00bb1\/2&Prime;][vc_column_text css=\u00a0\u00bb\u00a0\u00bb text_transform=\u00a0\u00bbuppercase\u00a0\u00bb] Arr\u00eat de contr\u00f4le manuel [\/vc_column_text][vc_column_text css=\u00a0\u00bb\u00a0\u00bb el_class=\u00a0\u00bbmtd50 mtm40 mbd40 mbm30&Prime;]Dispositif de but\u00e9e compos\u00e9 d&rsquo;une rouleuse + axe lin\u00e9aire avec transmission par courroie, but\u00e9e \u00e0 d\u00e9placement manuel avec afficheur num\u00e9rique. Longueurs disponibles de&hellip;<\/p>\n","protected":false},"author":3,"featured_media":0,"parent":452,"menu_order":0,"comment_status":"closed","ping_status":"closed","template":"","meta":{"_acf_changed":false,"inline_featured_image":false,"footnotes":""},"class_list":["post-3914","page","type-page","status-publish","hentry","entry","no-media"],"acf":[],"yoast_head":"<!-- This site is optimized with the Yoast SEO plugin v25.1 - https:\/\/yoast.com\/wordpress\/plugins\/seo\/ -->\n<title>WMA - Volumec<\/title>\n<meta name=\"robots\" content=\"index, follow, max-snippet:-1, max-image-preview:large, max-video-preview:-1\" \/>\n<link rel=\"canonical\" href=\"https:\/\/volumec.com\/fr\/butee-de-longueur\/wma\/\" \/>\n<meta property=\"og:locale\" content=\"fr_FR\" \/>\n<meta property=\"og:type\" content=\"article\" \/>\n<meta property=\"og:title\" content=\"WMA - Volumec\" \/>\n<meta property=\"og:description\" content=\"[vc_row full_width=\u00a0\u00bbstretch_row\u00a0\u00bb css=\u00a0\u00bb.vc_custom_1741128493743{padding-top: 70px !important;padding-bottom: 70px !important;background: #13212E url(http:\/\/volumec.com\/wp-content\/uploads\/2024\/12\/Be-innovative.jpg?id=277) !important;}\u00a0\u00bb][vc_column][vc_column_text css=\u00a0\u00bb\u00a0\u00bb text_align=\u00a0\u00bbcenter\u00a0\u00bb color=\u00a0\u00bb#ffffff\u00a0\u00bb] WMA [\/vc_column_text][\/vc_column][\/vc_row][vc_row full_width=\u00a0\u00bbstretch_row\u00a0\u00bb el_class=\u00a0\u00bbptd80 pbd80 ptm40 pbm40&Prime;][vc_column width=\u00a0\u00bb1\/2&Prime;][vc_column_text css=\u00a0\u00bb\u00a0\u00bb text_transform=\u00a0\u00bbuppercase\u00a0\u00bb] Arr\u00eat de contr\u00f4le manuel [\/vc_column_text][vc_column_text css=\u00a0\u00bb\u00a0\u00bb el_class=\u00a0\u00bbmtd50 mtm40 mbd40 mbm30&Prime;]Dispositif de but\u00e9e compos\u00e9 d&rsquo;une rouleuse + axe lin\u00e9aire avec transmission par courroie, but\u00e9e \u00e0 d\u00e9placement manuel avec afficheur num\u00e9rique. Longueurs disponibles de&hellip;\" \/>\n<meta property=\"og:url\" content=\"https:\/\/volumec.com\/fr\/butee-de-longueur\/wma\/\" \/>\n<meta property=\"og:site_name\" content=\"Volumec\" \/>\n<meta property=\"article:modified_time\" content=\"2025-11-05T08:30:25+00:00\" \/>\n<meta name=\"twitter:card\" content=\"summary_large_image\" \/>\n<meta name=\"twitter:label1\" content=\"Dur\u00e9e de lecture estim\u00e9e\" \/>\n\t<meta name=\"twitter:data1\" content=\"3 minutes\" \/>\n<script type=\"application\/ld+json\" class=\"yoast-schema-graph\">{\"@context\":\"https:\/\/schema.org\",\"@graph\":[{\"@type\":\"WebPage\",\"@id\":\"https:\/\/volumec.com\/fr\/butee-de-longueur\/wma\/\",\"url\":\"https:\/\/volumec.com\/fr\/butee-de-longueur\/wma\/\",\"name\":\"WMA - Volumec\",\"isPartOf\":{\"@id\":\"https:\/\/www.volumec.com\/en\/#website\"},\"datePublished\":\"2025-03-04T10:25:39+00:00\",\"dateModified\":\"2025-11-05T08:30:25+00:00\",\"breadcrumb\":{\"@id\":\"https:\/\/volumec.com\/fr\/butee-de-longueur\/wma\/#breadcrumb\"},\"inLanguage\":\"fr-FR\",\"potentialAction\":[{\"@type\":\"ReadAction\",\"target\":[\"https:\/\/volumec.com\/fr\/butee-de-longueur\/wma\/\"]}]},{\"@type\":\"BreadcrumbList\",\"@id\":\"https:\/\/volumec.com\/fr\/butee-de-longueur\/wma\/#breadcrumb\",\"itemListElement\":[{\"@type\":\"ListItem\",\"position\":1,\"name\":\"Home\",\"item\":\"https:\/\/volumec.com\/fr\/\"},{\"@type\":\"ListItem\",\"position\":2,\"name\":\"But\u00e9e de longueur\",\"item\":\"https:\/\/volumec.com\/prodotti\/battute-di-riscontro\/\"},{\"@type\":\"ListItem\",\"position\":3,\"name\":\"WMA\"}]},{\"@type\":\"WebSite\",\"@id\":\"https:\/\/www.volumec.com\/en\/#website\",\"url\":\"https:\/\/www.volumec.com\/en\/\",\"name\":\"Volumec.com\",\"description\":\"\",\"publisher\":{\"@id\":\"https:\/\/www.volumec.com\/en\/#organization\"},\"alternateName\":\"be innovative\",\"potentialAction\":[{\"@type\":\"SearchAction\",\"target\":{\"@type\":\"EntryPoint\",\"urlTemplate\":\"https:\/\/www.volumec.com\/en\/?s={search_term_string}\"},\"query-input\":{\"@type\":\"PropertyValueSpecification\",\"valueRequired\":true,\"valueName\":\"search_term_string\"}}],\"inLanguage\":\"fr-FR\"},{\"@type\":\"Organization\",\"@id\":\"https:\/\/www.volumec.com\/en\/#organization\",\"name\":\"Volumec\",\"url\":\"https:\/\/www.volumec.com\/en\/\",\"logo\":{\"@type\":\"ImageObject\",\"inLanguage\":\"fr-FR\",\"@id\":\"https:\/\/www.volumec.com\/en\/#\/schema\/logo\/image\/\",\"url\":\"https:\/\/volumec.com\/wp-content\/uploads\/2024\/12\/Volumec-logo.png\",\"contentUrl\":\"https:\/\/volumec.com\/wp-content\/uploads\/2024\/12\/Volumec-logo.png\",\"width\":320,\"height\":77,\"caption\":\"Volumec\"},\"image\":{\"@id\":\"https:\/\/www.volumec.com\/en\/#\/schema\/logo\/image\/\"}}]}<\/script>\n<!-- \/ Yoast SEO plugin. -->","yoast_head_json":{"title":"WMA - Volumec","robots":{"index":"index","follow":"follow","max-snippet":"max-snippet:-1","max-image-preview":"max-image-preview:large","max-video-preview":"max-video-preview:-1"},"canonical":"https:\/\/volumec.com\/fr\/butee-de-longueur\/wma\/","og_locale":"fr_FR","og_type":"article","og_title":"WMA - Volumec","og_description":"[vc_row full_width=\u00a0\u00bbstretch_row\u00a0\u00bb css=\u00a0\u00bb.vc_custom_1741128493743{padding-top: 70px !important;padding-bottom: 70px !important;background: #13212E url(http:\/\/volumec.com\/wp-content\/uploads\/2024\/12\/Be-innovative.jpg?id=277) !important;}\u00a0\u00bb][vc_column][vc_column_text css=\u00a0\u00bb\u00a0\u00bb text_align=\u00a0\u00bbcenter\u00a0\u00bb color=\u00a0\u00bb#ffffff\u00a0\u00bb] WMA [\/vc_column_text][\/vc_column][\/vc_row][vc_row full_width=\u00a0\u00bbstretch_row\u00a0\u00bb el_class=\u00a0\u00bbptd80 pbd80 ptm40 pbm40&Prime;][vc_column width=\u00a0\u00bb1\/2&Prime;][vc_column_text css=\u00a0\u00bb\u00a0\u00bb text_transform=\u00a0\u00bbuppercase\u00a0\u00bb] Arr\u00eat de contr\u00f4le manuel [\/vc_column_text][vc_column_text css=\u00a0\u00bb\u00a0\u00bb el_class=\u00a0\u00bbmtd50 mtm40 mbd40 mbm30&Prime;]Dispositif de but\u00e9e compos\u00e9 d&rsquo;une rouleuse + axe lin\u00e9aire avec transmission par courroie, but\u00e9e \u00e0 d\u00e9placement manuel avec afficheur num\u00e9rique. Longueurs disponibles de&hellip;","og_url":"https:\/\/volumec.com\/fr\/butee-de-longueur\/wma\/","og_site_name":"Volumec","article_modified_time":"2025-11-05T08:30:25+00:00","twitter_card":"summary_large_image","twitter_misc":{"Dur\u00e9e de lecture estim\u00e9e":"3 minutes"},"schema":{"@context":"https:\/\/schema.org","@graph":[{"@type":"WebPage","@id":"https:\/\/volumec.com\/fr\/butee-de-longueur\/wma\/","url":"https:\/\/volumec.com\/fr\/butee-de-longueur\/wma\/","name":"WMA - Volumec","isPartOf":{"@id":"https:\/\/www.volumec.com\/en\/#website"},"datePublished":"2025-03-04T10:25:39+00:00","dateModified":"2025-11-05T08:30:25+00:00","breadcrumb":{"@id":"https:\/\/volumec.com\/fr\/butee-de-longueur\/wma\/#breadcrumb"},"inLanguage":"fr-FR","potentialAction":[{"@type":"ReadAction","target":["https:\/\/volumec.com\/fr\/butee-de-longueur\/wma\/"]}]},{"@type":"BreadcrumbList","@id":"https:\/\/volumec.com\/fr\/butee-de-longueur\/wma\/#breadcrumb","itemListElement":[{"@type":"ListItem","position":1,"name":"Home","item":"https:\/\/volumec.com\/fr\/"},{"@type":"ListItem","position":2,"name":"But\u00e9e de longueur","item":"https:\/\/volumec.com\/prodotti\/battute-di-riscontro\/"},{"@type":"ListItem","position":3,"name":"WMA"}]},{"@type":"WebSite","@id":"https:\/\/www.volumec.com\/en\/#website","url":"https:\/\/www.volumec.com\/en\/","name":"Volumec.com","description":"","publisher":{"@id":"https:\/\/www.volumec.com\/en\/#organization"},"alternateName":"be innovative","potentialAction":[{"@type":"SearchAction","target":{"@type":"EntryPoint","urlTemplate":"https:\/\/www.volumec.com\/en\/?s={search_term_string}"},"query-input":{"@type":"PropertyValueSpecification","valueRequired":true,"valueName":"search_term_string"}}],"inLanguage":"fr-FR"},{"@type":"Organization","@id":"https:\/\/www.volumec.com\/en\/#organization","name":"Volumec","url":"https:\/\/www.volumec.com\/en\/","logo":{"@type":"ImageObject","inLanguage":"fr-FR","@id":"https:\/\/www.volumec.com\/en\/#\/schema\/logo\/image\/","url":"https:\/\/volumec.com\/wp-content\/uploads\/2024\/12\/Volumec-logo.png","contentUrl":"https:\/\/volumec.com\/wp-content\/uploads\/2024\/12\/Volumec-logo.png","width":320,"height":77,"caption":"Volumec"},"image":{"@id":"https:\/\/www.volumec.com\/en\/#\/schema\/logo\/image\/"}}]}},"_links":{"self":[{"href":"https:\/\/volumec.com\/fr\/wp-json\/wp\/v2\/pages\/3914","targetHints":{"allow":["GET"]}}],"collection":[{"href":"https:\/\/volumec.com\/fr\/wp-json\/wp\/v2\/pages"}],"about":[{"href":"https:\/\/volumec.com\/fr\/wp-json\/wp\/v2\/types\/page"}],"author":[{"embeddable":true,"href":"https:\/\/volumec.com\/fr\/wp-json\/wp\/v2\/users\/3"}],"replies":[{"embeddable":true,"href":"https:\/\/volumec.com\/fr\/wp-json\/wp\/v2\/comments?post=3914"}],"version-history":[{"count":5,"href":"https:\/\/volumec.com\/fr\/wp-json\/wp\/v2\/pages\/3914\/revisions"}],"predecessor-version":[{"id":9839,"href":"https:\/\/volumec.com\/fr\/wp-json\/wp\/v2\/pages\/3914\/revisions\/9839"}],"up":[{"embeddable":true,"href":"https:\/\/volumec.com\/fr\/wp-json\/wp\/v2\/pages\/452"}],"wp:attachment":[{"href":"https:\/\/volumec.com\/fr\/wp-json\/wp\/v2\/media?parent=3914"}],"curies":[{"name":"wp","href":"https:\/\/api.w.org\/{rel}","templated":true}]}}