{"id":1055,"date":"2024-12-05T10:36:19","date_gmt":"2024-12-05T09:36:19","guid":{"rendered":"http:\/\/volumec.com\/?page_id=1055"},"modified":"2025-03-18T17:29:15","modified_gmt":"2025-03-18T16:29:15","slug":"entreprise","status":"publish","type":"page","link":"https:\/\/volumec.com\/fr\/entreprise\/","title":{"rendered":"Entreprise"},"content":{"rendered":"<div class=\"wpb-content-wrapper\">[vc_row full_width=\u00a0\u00bbstretch_row\u00a0\u00bb css=\u00a0\u00bb.vc_custom_1741126917731{padding-top: 70px !important;padding-bottom: 70px !important;background: #13212E url(http:\/\/volumec.com\/wp-content\/uploads\/2024\/12\/Be-innovative.jpg?id=277) !important;}\u00a0\u00bb][vc_column][vc_column_text css=\u00a0\u00bb\u00a0\u00bb text_align=\u00a0\u00bbcenter\u00a0\u00bb color=\u00a0\u00bb#ffffff\u00a0\u00bb]\n<h1>ENTREPRISE<\/h1>\n[\/vc_column_text]<style>.vcex-breadcrumbs.vcex_69e062ebc507a .sep{color:#ffffff;}.vcex-breadcrumbs.vcex_69e062ebc507a{text-align:center;color:#ffffff;--wpex-link-color:#ffffff;}<\/style><nav class=\"vcex-breadcrumbs vcex-breadcrumbs--links-inherit-color vcex-breadcrumbs--custom-color vcex_69e062ebc507a\"><span><span><a href=\"https:\/\/volumec.com\/fr\/\">Home<\/a><\/span><\/span><\/nav>[\/vc_column][\/vc_row][vc_row][vc_column]<div class=\"vcex-spacing wpex-w-100 wpex-clear\" style=\"height:50px;\"><\/div><figure class=\"vcex-image vcex-module wpex-text-center\"><div class=\"vcex-image-inner wpex-relative wpex-inline-block\"><img width=\"1280\" height=\"360\" src=\"https:\/\/volumec.com\/wp-content\/uploads\/2025\/03\/volumec-azienda-FR.jpg\" class=\"vcex-image-img wpex-align-middle\" alt=\"\" loading=\"lazy\" decoding=\"async\" srcset=\"https:\/\/volumec.com\/wp-content\/uploads\/2025\/03\/volumec-azienda-FR.jpg 1280w, https:\/\/volumec.com\/wp-content\/uploads\/2025\/03\/volumec-azienda-FR-300x84.jpg 300w, https:\/\/volumec.com\/wp-content\/uploads\/2025\/03\/volumec-azienda-FR-1024x288.jpg 1024w, https:\/\/volumec.com\/wp-content\/uploads\/2025\/03\/volumec-azienda-FR-768x216.jpg 768w, https:\/\/volumec.com\/wp-content\/uploads\/2025\/03\/volumec-azienda-FR-600x169.jpg 600w\" sizes=\"auto, (max-width: 1280px) 100vw, 1280px\" \/><\/div><\/figure><div class=\"vcex-spacing wpex-w-100 wpex-clear\" style=\"height:50px;\"><\/div>[vc_column_text css=\u00a0\u00bb\u00a0\u00bb]Volumec\u00ae est une entreprise italienne qui vise \u00e0 am\u00e9liorer la productivit\u00e9 de nos clients et \u00e0 faciliter le travail des op\u00e9rateurs de production \u00e0 travers sa gamme de machines et bras ergonomiques. Depuis 2003, Volumec a initi\u00e9 un programme intensif de recherche et de d\u00e9veloppement conduisant \u00e0 la cr\u00e9ation d&rsquo;une gamme de syst\u00e8mes \u00e0 bras articul\u00e9s utilis\u00e9s dans des op\u00e9rations de filetage, de per\u00e7age et de vissage.<\/p>\n<p>Pour r\u00e9pondre aux nouvelles exigences en mati\u00e8re de production et de s\u00e9curit\u00e9, Volumec\u00ae a lanc\u00e9 EASYARM, une ligne de bras articul\u00e9s \u00ab\u00a0z\u00e9ro gravit\u00e9\u00a0\u00bb con\u00e7ue pour r\u00e9duire l&rsquo;effort physique de l&rsquo;op\u00e9rateur et am\u00e9liorer la s\u00e9curit\u00e9 dans les phases de production. De plus, la gamme comprend les manipulateurs ROVER et EAM qui, gr\u00e2ce \u00e0 leur base mobile, peuvent \u00eatre facilement transport\u00e9s dans diff\u00e9rentes zones de production. Avec un syst\u00e8me de pr\u00e9hension modulaire, ils peuvent s&rsquo;adapter \u00e0 diff\u00e9rentes formes, pi\u00e8ces et mat\u00e9riaux \u00e0 manipuler.<\/p>\n<p>Gr\u00e2ce \u00e0 une innovation continue et un engagement envers la satisfaction du client, Volumec\u00ae se distingue par sa capacit\u00e9 \u00e0 offrir des produits de haute qualit\u00e9 adapt\u00e9s \u00e0 une large gamme de secteurs industriels, tels que la robotique, la m\u00e9canique, l&rsquo;automatisation, l&rsquo;a\u00e9rospatiale, l&rsquo;automobile, et bien d&rsquo;autres. Avec des produits comme Sniper, Drilltronic, JoyTap, EasyArm et Rover, Volumec s&rsquo;engage \u00e0 d\u00e9passer les attentes des clients et \u00e0 fournir des solutions avanc\u00e9es et flexibles pour les besoins de production modernes.[\/vc_column_text]<div class=\"vcex-spacing wpex-w-100 wpex-clear\" style=\"height:50px;\"><\/div>[\/vc_column][\/vc_row][vc_row css_animation=\u00a0\u00bbfadeIn\u00a0\u00bb full_width=\u00a0\u00bbstretch_row\u00a0\u00bb content_placement=\u00a0\u00bbmiddle\u00a0\u00bb parallax=\u00a0\u00bbcontent-moving\u00a0\u00bb parallax_image=\u00a0\u00bb277&Prime; el_class=\u00a0\u00bbriga_banner ptd30 pbd30 ptm40 pbm40&Prime;][vc_column width=\u00a0\u00bb1\/2&Prime;]<style>.vcex-image.vcex_69e062ebcb7b9 .vcex-image-inner{max-width:600px;}<\/style><figure class=\"vcex-image vcex-module vcex_69e062ebcb7b9\"><div class=\"vcex-image-inner wpex-relative wpex-inline-block\"><img width=\"1000\" height=\"239\" src=\"https:\/\/volumec.com\/wp-content\/uploads\/2024\/12\/logo-Volumec.png\" class=\"vcex-image-img wpex-align-middle\" alt=\"\" loading=\"lazy\" decoding=\"async\" srcset=\"https:\/\/volumec.com\/wp-content\/uploads\/2024\/12\/logo-Volumec.png 1000w, https:\/\/volumec.com\/wp-content\/uploads\/2024\/12\/logo-Volumec-300x72.png 300w, https:\/\/volumec.com\/wp-content\/uploads\/2024\/12\/logo-Volumec-768x184.png 768w, https:\/\/volumec.com\/wp-content\/uploads\/2024\/12\/logo-Volumec-600x143.png 600w\" sizes=\"auto, (max-width: 1000px) 100vw, 1000px\" \/><\/div><\/figure>[\/vc_column][vc_column width=\u00a0\u00bb1\/2&Prime; el_class=\u00a0\u00bbptm40 cm\u00a0\u00bb][vc_column_text css=\u00a0\u00bb\u00a0\u00bb color=\u00a0\u00bb#ffffff\u00a0\u00bb font_size=\u00a0\u00bbd:100px|pl:45px|pp:45px\u00a0\u00bb line_height=\u00a0\u00bb110%\u00a0\u00bb font_weight=\u00a0\u00bb300&Prime;]Be <strong>innovative<\/strong>[\/vc_column_text][\/vc_column][\/vc_row]\n<\/div>","protected":false},"excerpt":{"rendered":"<p>[vc_row full_width=\u00a0\u00bbstretch_row\u00a0\u00bb css=\u00a0\u00bb.vc_custom_1741126917731{padding-top: 70px !important;padding-bottom: 70px !important;background: #13212E url(http:\/\/volumec.com\/wp-content\/uploads\/2024\/12\/Be-innovative.jpg?id=277) !important;}\u00a0\u00bb][vc_column][vc_column_text css=\u00a0\u00bb\u00a0\u00bb text_align=\u00a0\u00bbcenter\u00a0\u00bb color=\u00a0\u00bb#ffffff\u00a0\u00bb] ENTREPRISE [\/vc_column_text][\/vc_column][\/vc_row][vc_row][vc_column][vc_column_text css=\u00a0\u00bb\u00a0\u00bb]Volumec\u00ae est une entreprise italienne qui vise \u00e0 am\u00e9liorer la productivit\u00e9 de nos clients et \u00e0 faciliter le travail des op\u00e9rateurs de production \u00e0 travers sa gamme de machines et bras ergonomiques. Depuis 2003, Volumec a initi\u00e9 un programme intensif&hellip;<\/p>\n","protected":false},"author":1,"featured_media":0,"parent":0,"menu_order":0,"comment_status":"closed","ping_status":"closed","template":"","meta":{"_acf_changed":false,"inline_featured_image":false,"footnotes":""},"class_list":["post-1055","page","type-page","status-publish","hentry","entry","no-media"],"acf":[],"yoast_head":"<!-- This site is optimized with the Yoast SEO plugin v25.1 - https:\/\/yoast.com\/wordpress\/plugins\/seo\/ -->\n<title>Entreprise - Volumec<\/title>\n<meta name=\"robots\" content=\"index, follow, max-snippet:-1, max-image-preview:large, max-video-preview:-1\" \/>\n<link rel=\"canonical\" href=\"https:\/\/volumec.com\/azienda\/\" \/>\n<meta property=\"og:locale\" content=\"fr_FR\" \/>\n<meta property=\"og:type\" content=\"article\" \/>\n<meta property=\"og:title\" content=\"Entreprise - Volumec\" \/>\n<meta property=\"og:description\" content=\"[vc_row full_width=\u00a0\u00bbstretch_row\u00a0\u00bb css=\u00a0\u00bb.vc_custom_1741126917731{padding-top: 70px !important;padding-bottom: 70px !important;background: #13212E url(http:\/\/volumec.com\/wp-content\/uploads\/2024\/12\/Be-innovative.jpg?id=277) !important;}\u00a0\u00bb][vc_column][vc_column_text css=\u00a0\u00bb\u00a0\u00bb text_align=\u00a0\u00bbcenter\u00a0\u00bb color=\u00a0\u00bb#ffffff\u00a0\u00bb] ENTREPRISE [\/vc_column_text][\/vc_column][\/vc_row][vc_row][vc_column][vc_column_text css=\u00a0\u00bb\u00a0\u00bb]Volumec\u00ae est une entreprise italienne qui vise \u00e0 am\u00e9liorer la productivit\u00e9 de nos clients et \u00e0 faciliter le travail des op\u00e9rateurs de production \u00e0 travers sa gamme de machines et bras ergonomiques. Depuis 2003, Volumec a initi\u00e9 un programme intensif&hellip;\" \/>\n<meta property=\"og:url\" content=\"https:\/\/volumec.com\/azienda\/\" \/>\n<meta property=\"og:site_name\" content=\"Volumec\" \/>\n<meta property=\"article:modified_time\" content=\"2025-03-18T16:29:15+00:00\" \/>\n<meta name=\"twitter:card\" content=\"summary_large_image\" \/>\n<meta name=\"twitter:label1\" content=\"Dur\u00e9e de lecture estim\u00e9e\" \/>\n\t<meta name=\"twitter:data1\" content=\"2 minutes\" \/>\n<script type=\"application\/ld+json\" class=\"yoast-schema-graph\">{\"@context\":\"https:\/\/schema.org\",\"@graph\":[{\"@type\":\"WebPage\",\"@id\":\"https:\/\/volumec.com\/azienda\/\",\"url\":\"https:\/\/volumec.com\/azienda\/\",\"name\":\"Entreprise - Volumec\",\"isPartOf\":{\"@id\":\"https:\/\/www.volumec.com\/en\/#website\"},\"datePublished\":\"2024-12-05T09:36:19+00:00\",\"dateModified\":\"2025-03-18T16:29:15+00:00\",\"breadcrumb\":{\"@id\":\"https:\/\/volumec.com\/azienda\/#breadcrumb\"},\"inLanguage\":\"fr-FR\",\"potentialAction\":[{\"@type\":\"ReadAction\",\"target\":[\"https:\/\/volumec.com\/azienda\/\"]}]},{\"@type\":\"BreadcrumbList\",\"@id\":\"https:\/\/volumec.com\/azienda\/#breadcrumb\",\"itemListElement\":[{\"@type\":\"ListItem\",\"position\":1,\"name\":\"Home\",\"item\":\"https:\/\/volumec.com\/fr\/\"},{\"@type\":\"ListItem\",\"position\":2,\"name\":\"Entreprise\"}]},{\"@type\":\"WebSite\",\"@id\":\"https:\/\/www.volumec.com\/en\/#website\",\"url\":\"https:\/\/www.volumec.com\/en\/\",\"name\":\"Volumec.com\",\"description\":\"\",\"publisher\":{\"@id\":\"https:\/\/www.volumec.com\/en\/#organization\"},\"alternateName\":\"be innovative\",\"potentialAction\":[{\"@type\":\"SearchAction\",\"target\":{\"@type\":\"EntryPoint\",\"urlTemplate\":\"https:\/\/www.volumec.com\/en\/?s={search_term_string}\"},\"query-input\":{\"@type\":\"PropertyValueSpecification\",\"valueRequired\":true,\"valueName\":\"search_term_string\"}}],\"inLanguage\":\"fr-FR\"},{\"@type\":\"Organization\",\"@id\":\"https:\/\/www.volumec.com\/en\/#organization\",\"name\":\"Volumec\",\"url\":\"https:\/\/www.volumec.com\/en\/\",\"logo\":{\"@type\":\"ImageObject\",\"inLanguage\":\"fr-FR\",\"@id\":\"https:\/\/www.volumec.com\/en\/#\/schema\/logo\/image\/\",\"url\":\"https:\/\/volumec.com\/wp-content\/uploads\/2024\/12\/Volumec-logo.png\",\"contentUrl\":\"https:\/\/volumec.com\/wp-content\/uploads\/2024\/12\/Volumec-logo.png\",\"width\":320,\"height\":77,\"caption\":\"Volumec\"},\"image\":{\"@id\":\"https:\/\/www.volumec.com\/en\/#\/schema\/logo\/image\/\"}}]}<\/script>\n<!-- \/ Yoast SEO plugin. -->","yoast_head_json":{"title":"Entreprise - Volumec","robots":{"index":"index","follow":"follow","max-snippet":"max-snippet:-1","max-image-preview":"max-image-preview:large","max-video-preview":"max-video-preview:-1"},"canonical":"https:\/\/volumec.com\/azienda\/","og_locale":"fr_FR","og_type":"article","og_title":"Entreprise - Volumec","og_description":"[vc_row full_width=\u00a0\u00bbstretch_row\u00a0\u00bb css=\u00a0\u00bb.vc_custom_1741126917731{padding-top: 70px !important;padding-bottom: 70px !important;background: #13212E url(http:\/\/volumec.com\/wp-content\/uploads\/2024\/12\/Be-innovative.jpg?id=277) !important;}\u00a0\u00bb][vc_column][vc_column_text css=\u00a0\u00bb\u00a0\u00bb text_align=\u00a0\u00bbcenter\u00a0\u00bb color=\u00a0\u00bb#ffffff\u00a0\u00bb] ENTREPRISE [\/vc_column_text][\/vc_column][\/vc_row][vc_row][vc_column][vc_column_text css=\u00a0\u00bb\u00a0\u00bb]Volumec\u00ae est une entreprise italienne qui vise \u00e0 am\u00e9liorer la productivit\u00e9 de nos clients et \u00e0 faciliter le travail des op\u00e9rateurs de production \u00e0 travers sa gamme de machines et bras ergonomiques. Depuis 2003, Volumec a initi\u00e9 un programme intensif&hellip;","og_url":"https:\/\/volumec.com\/azienda\/","og_site_name":"Volumec","article_modified_time":"2025-03-18T16:29:15+00:00","twitter_card":"summary_large_image","twitter_misc":{"Dur\u00e9e de lecture estim\u00e9e":"2 minutes"},"schema":{"@context":"https:\/\/schema.org","@graph":[{"@type":"WebPage","@id":"https:\/\/volumec.com\/azienda\/","url":"https:\/\/volumec.com\/azienda\/","name":"Entreprise - Volumec","isPartOf":{"@id":"https:\/\/www.volumec.com\/en\/#website"},"datePublished":"2024-12-05T09:36:19+00:00","dateModified":"2025-03-18T16:29:15+00:00","breadcrumb":{"@id":"https:\/\/volumec.com\/azienda\/#breadcrumb"},"inLanguage":"fr-FR","potentialAction":[{"@type":"ReadAction","target":["https:\/\/volumec.com\/azienda\/"]}]},{"@type":"BreadcrumbList","@id":"https:\/\/volumec.com\/azienda\/#breadcrumb","itemListElement":[{"@type":"ListItem","position":1,"name":"Home","item":"https:\/\/volumec.com\/fr\/"},{"@type":"ListItem","position":2,"name":"Entreprise"}]},{"@type":"WebSite","@id":"https:\/\/www.volumec.com\/en\/#website","url":"https:\/\/www.volumec.com\/en\/","name":"Volumec.com","description":"","publisher":{"@id":"https:\/\/www.volumec.com\/en\/#organization"},"alternateName":"be innovative","potentialAction":[{"@type":"SearchAction","target":{"@type":"EntryPoint","urlTemplate":"https:\/\/www.volumec.com\/en\/?s={search_term_string}"},"query-input":{"@type":"PropertyValueSpecification","valueRequired":true,"valueName":"search_term_string"}}],"inLanguage":"fr-FR"},{"@type":"Organization","@id":"https:\/\/www.volumec.com\/en\/#organization","name":"Volumec","url":"https:\/\/www.volumec.com\/en\/","logo":{"@type":"ImageObject","inLanguage":"fr-FR","@id":"https:\/\/www.volumec.com\/en\/#\/schema\/logo\/image\/","url":"https:\/\/volumec.com\/wp-content\/uploads\/2024\/12\/Volumec-logo.png","contentUrl":"https:\/\/volumec.com\/wp-content\/uploads\/2024\/12\/Volumec-logo.png","width":320,"height":77,"caption":"Volumec"},"image":{"@id":"https:\/\/www.volumec.com\/en\/#\/schema\/logo\/image\/"}}]}},"_links":{"self":[{"href":"https:\/\/volumec.com\/fr\/wp-json\/wp\/v2\/pages\/1055","targetHints":{"allow":["GET"]}}],"collection":[{"href":"https:\/\/volumec.com\/fr\/wp-json\/wp\/v2\/pages"}],"about":[{"href":"https:\/\/volumec.com\/fr\/wp-json\/wp\/v2\/types\/page"}],"author":[{"embeddable":true,"href":"https:\/\/volumec.com\/fr\/wp-json\/wp\/v2\/users\/1"}],"replies":[{"embeddable":true,"href":"https:\/\/volumec.com\/fr\/wp-json\/wp\/v2\/comments?post=1055"}],"version-history":[{"count":5,"href":"https:\/\/volumec.com\/fr\/wp-json\/wp\/v2\/pages\/1055\/revisions"}],"predecessor-version":[{"id":3616,"href":"https:\/\/volumec.com\/fr\/wp-json\/wp\/v2\/pages\/1055\/revisions\/3616"}],"wp:attachment":[{"href":"https:\/\/volumec.com\/fr\/wp-json\/wp\/v2\/media?parent=1055"}],"curies":[{"name":"wp","href":"https:\/\/api.w.org\/{rel}","templated":true}]}}