{"id":3007,"date":"2025-02-26T16:21:07","date_gmt":"2025-02-26T15:21:07","guid":{"rendered":"http:\/\/volumec.com\/prodotto\/mandrino-porta-utensili\/"},"modified":"2025-04-04T10:35:31","modified_gmt":"2025-04-04T08:35:31","slug":"mandrino-portaherramientas","status":"publish","type":"product","link":"https:\/\/volumec.com\/es\/prodotto\/mandrino-portaherramientas\/","title":{"rendered":"MANDRINO PORTAHERRAMIENTAS"},"content":{"rendered":"<p>MPS10GR1 ( \u00d819 mm) para herramientas \u00d8 0,5 a \u00d8 10 mm<br \/>\nMPS10GR2 ( \u00d831 mm) para herramientas \u00d8 0,5 a \u00d8 10 mm<br \/>\nMPS13GR2 ( \u00d831 mm) para herramientas \u00d8 1 a \u00d8 13 mm<\/p>\n","protected":false},"excerpt":{"rendered":"<p>MPS10GR1 ( \u00d819 mm) para herramientas \u00d8 0,5 a \u00d8 10 mm<br \/>\nMPS10GR2 ( \u00d831 mm) para herramientas \u00d8 0,5 a \u00d8 10 mm<br \/>\nMPS13GR2 ( \u00d831 mm) para herramientas \u00d8 1 a \u00d8 13 mm<\/p>\n","protected":false},"featured_media":683,"comment_status":"closed","ping_status":"closed","template":"","meta":{"_acf_changed":false,"inline_featured_image":false},"product_brand":[],"product_cat":[211,212,213,214,215,216,217,218,219,220,221,222,223,224,225,226,227,228],"product_tag":[],"class_list":{"0":"post-3007","1":"product","2":"type-product","3":"status-publish","4":"has-post-thumbnail","6":"product_cat-optional-et-220-es","7":"product_cat-optional-et-300-es","8":"product_cat-optional-et-300-2-es","9":"product_cat-optional-et-500-es","10":"product_cat-optional-jt2000-es","11":"product_cat-optional-jt2150-es","12":"product_cat-optional-jt2500-es","13":"product_cat-optional-jt3000-es","14":"product_cat-optional-jt-3150-es","15":"product_cat-optional-jt3500-es","16":"product_cat-optional-jt3750-es","17":"product_cat-optional-jt3750m-es","18":"product_cat-optional-jt3900-es","19":"product_cat-optional-sniper-es","20":"product_cat-optional-vt-512-es","21":"product_cat-optional-vt-516-es","22":"product_cat-optional-vt-600-es","23":"product_cat-optional-vts-1000-es","24":"entry","25":"has-media","27":"first","28":"instock","29":"shipping-taxable","30":"purchasable","31":"product-type-variable"},"acf":[],"yoast_head":"<!-- This site is optimized with the Yoast SEO plugin v25.1 - https:\/\/yoast.com\/wordpress\/plugins\/seo\/ -->\n<title>MANDRINO PORTAHERRAMIENTAS - Volumec<\/title>\n<meta name=\"robots\" content=\"index, follow, max-snippet:-1, max-image-preview:large, max-video-preview:-1\" \/>\n<link rel=\"canonical\" href=\"https:\/\/volumec.com\/prodotto\/mandrino-porta-utensili\/\" \/>\n<meta property=\"og:locale\" content=\"es_ES\" \/>\n<meta property=\"og:type\" content=\"article\" \/>\n<meta property=\"og:title\" content=\"MANDRINO PORTAHERRAMIENTAS - Volumec\" \/>\n<meta property=\"og:description\" content=\"MPS10GR1 ( \u00d819 mm) para herramientas \u00d8 0,5 a \u00d8 10 mm MPS10GR2 ( \u00d831 mm) para herramientas \u00d8 0,5 a \u00d8 10 mm MPS13GR2 ( \u00d831 mm) para herramientas \u00d8 1 a \u00d8 13 mm\" \/>\n<meta property=\"og:url\" content=\"https:\/\/volumec.com\/prodotto\/mandrino-porta-utensili\/\" \/>\n<meta property=\"og:site_name\" content=\"Volumec\" \/>\n<meta property=\"article:modified_time\" content=\"2025-04-04T08:35:31+00:00\" \/>\n<meta property=\"og:image\" content=\"https:\/\/volumec.com\/wp-content\/uploads\/2024\/12\/mandrino-porta-utensili.jpg\" \/>\n\t<meta property=\"og:image:width\" content=\"800\" \/>\n\t<meta property=\"og:image:height\" content=\"800\" \/>\n\t<meta property=\"og:image:type\" content=\"image\/jpeg\" \/>\n<meta name=\"twitter:card\" content=\"summary_large_image\" \/>\n<script type=\"application\/ld+json\" class=\"yoast-schema-graph\">{\"@context\":\"https:\/\/schema.org\",\"@graph\":[{\"@type\":\"WebPage\",\"@id\":\"https:\/\/volumec.com\/prodotto\/mandrino-porta-utensili\/\",\"url\":\"https:\/\/volumec.com\/prodotto\/mandrino-porta-utensili\/\",\"name\":\"MANDRINO PORTAHERRAMIENTAS - Volumec\",\"isPartOf\":{\"@id\":\"https:\/\/www.volumec.com\/en\/#website\"},\"primaryImageOfPage\":{\"@id\":\"https:\/\/volumec.com\/prodotto\/mandrino-porta-utensili\/#primaryimage\"},\"image\":{\"@id\":\"https:\/\/volumec.com\/prodotto\/mandrino-porta-utensili\/#primaryimage\"},\"thumbnailUrl\":\"https:\/\/volumec.com\/wp-content\/uploads\/2024\/12\/mandrino-porta-utensili.jpg\",\"datePublished\":\"2025-02-26T15:21:07+00:00\",\"dateModified\":\"2025-04-04T08:35:31+00:00\",\"breadcrumb\":{\"@id\":\"https:\/\/volumec.com\/prodotto\/mandrino-porta-utensili\/#breadcrumb\"},\"inLanguage\":\"es\",\"potentialAction\":[{\"@type\":\"ReadAction\",\"target\":[\"https:\/\/volumec.com\/prodotto\/mandrino-porta-utensili\/\"]}]},{\"@type\":\"ImageObject\",\"inLanguage\":\"es\",\"@id\":\"https:\/\/volumec.com\/prodotto\/mandrino-porta-utensili\/#primaryimage\",\"url\":\"https:\/\/volumec.com\/wp-content\/uploads\/2024\/12\/mandrino-porta-utensili.jpg\",\"contentUrl\":\"https:\/\/volumec.com\/wp-content\/uploads\/2024\/12\/mandrino-porta-utensili.jpg\",\"width\":800,\"height\":800},{\"@type\":\"BreadcrumbList\",\"@id\":\"https:\/\/volumec.com\/prodotto\/mandrino-porta-utensili\/#breadcrumb\",\"itemListElement\":[{\"@type\":\"ListItem\",\"position\":1,\"name\":\"Home\",\"item\":\"https:\/\/volumec.com\/es\/\"},{\"@type\":\"ListItem\",\"position\":2,\"name\":\"Tienda\",\"item\":\"https:\/\/volumec.com\/es\/tienda\/\"},{\"@type\":\"ListItem\",\"position\":3,\"name\":\"MANDRINO PORTAHERRAMIENTAS\"}]},{\"@type\":\"WebSite\",\"@id\":\"https:\/\/www.volumec.com\/en\/#website\",\"url\":\"https:\/\/www.volumec.com\/en\/\",\"name\":\"Volumec.com\",\"description\":\"\",\"publisher\":{\"@id\":\"https:\/\/www.volumec.com\/en\/#organization\"},\"alternateName\":\"be innovative\",\"potentialAction\":[{\"@type\":\"SearchAction\",\"target\":{\"@type\":\"EntryPoint\",\"urlTemplate\":\"https:\/\/www.volumec.com\/en\/?s={search_term_string}\"},\"query-input\":{\"@type\":\"PropertyValueSpecification\",\"valueRequired\":true,\"valueName\":\"search_term_string\"}}],\"inLanguage\":\"es\"},{\"@type\":\"Organization\",\"@id\":\"https:\/\/www.volumec.com\/en\/#organization\",\"name\":\"Volumec\",\"url\":\"https:\/\/www.volumec.com\/en\/\",\"logo\":{\"@type\":\"ImageObject\",\"inLanguage\":\"es\",\"@id\":\"https:\/\/www.volumec.com\/en\/#\/schema\/logo\/image\/\",\"url\":\"https:\/\/volumec.com\/wp-content\/uploads\/2024\/12\/Volumec-logo.png\",\"contentUrl\":\"https:\/\/volumec.com\/wp-content\/uploads\/2024\/12\/Volumec-logo.png\",\"width\":320,\"height\":77,\"caption\":\"Volumec\"},\"image\":{\"@id\":\"https:\/\/www.volumec.com\/en\/#\/schema\/logo\/image\/\"}}]}<\/script>\n<!-- \/ Yoast SEO plugin. -->","yoast_head_json":{"title":"MANDRINO PORTAHERRAMIENTAS - Volumec","robots":{"index":"index","follow":"follow","max-snippet":"max-snippet:-1","max-image-preview":"max-image-preview:large","max-video-preview":"max-video-preview:-1"},"canonical":"https:\/\/volumec.com\/prodotto\/mandrino-porta-utensili\/","og_locale":"es_ES","og_type":"article","og_title":"MANDRINO PORTAHERRAMIENTAS - Volumec","og_description":"MPS10GR1 ( \u00d819 mm) para herramientas \u00d8 0,5 a \u00d8 10 mm MPS10GR2 ( \u00d831 mm) para herramientas \u00d8 0,5 a \u00d8 10 mm MPS13GR2 ( \u00d831 mm) para herramientas \u00d8 1 a \u00d8 13 mm","og_url":"https:\/\/volumec.com\/prodotto\/mandrino-porta-utensili\/","og_site_name":"Volumec","article_modified_time":"2025-04-04T08:35:31+00:00","og_image":[{"width":800,"height":800,"url":"https:\/\/volumec.com\/wp-content\/uploads\/2024\/12\/mandrino-porta-utensili.jpg","type":"image\/jpeg"}],"twitter_card":"summary_large_image","schema":{"@context":"https:\/\/schema.org","@graph":[{"@type":"WebPage","@id":"https:\/\/volumec.com\/prodotto\/mandrino-porta-utensili\/","url":"https:\/\/volumec.com\/prodotto\/mandrino-porta-utensili\/","name":"MANDRINO PORTAHERRAMIENTAS - Volumec","isPartOf":{"@id":"https:\/\/www.volumec.com\/en\/#website"},"primaryImageOfPage":{"@id":"https:\/\/volumec.com\/prodotto\/mandrino-porta-utensili\/#primaryimage"},"image":{"@id":"https:\/\/volumec.com\/prodotto\/mandrino-porta-utensili\/#primaryimage"},"thumbnailUrl":"https:\/\/volumec.com\/wp-content\/uploads\/2024\/12\/mandrino-porta-utensili.jpg","datePublished":"2025-02-26T15:21:07+00:00","dateModified":"2025-04-04T08:35:31+00:00","breadcrumb":{"@id":"https:\/\/volumec.com\/prodotto\/mandrino-porta-utensili\/#breadcrumb"},"inLanguage":"es","potentialAction":[{"@type":"ReadAction","target":["https:\/\/volumec.com\/prodotto\/mandrino-porta-utensili\/"]}]},{"@type":"ImageObject","inLanguage":"es","@id":"https:\/\/volumec.com\/prodotto\/mandrino-porta-utensili\/#primaryimage","url":"https:\/\/volumec.com\/wp-content\/uploads\/2024\/12\/mandrino-porta-utensili.jpg","contentUrl":"https:\/\/volumec.com\/wp-content\/uploads\/2024\/12\/mandrino-porta-utensili.jpg","width":800,"height":800},{"@type":"BreadcrumbList","@id":"https:\/\/volumec.com\/prodotto\/mandrino-porta-utensili\/#breadcrumb","itemListElement":[{"@type":"ListItem","position":1,"name":"Home","item":"https:\/\/volumec.com\/es\/"},{"@type":"ListItem","position":2,"name":"Tienda","item":"https:\/\/volumec.com\/es\/tienda\/"},{"@type":"ListItem","position":3,"name":"MANDRINO PORTAHERRAMIENTAS"}]},{"@type":"WebSite","@id":"https:\/\/www.volumec.com\/en\/#website","url":"https:\/\/www.volumec.com\/en\/","name":"Volumec.com","description":"","publisher":{"@id":"https:\/\/www.volumec.com\/en\/#organization"},"alternateName":"be innovative","potentialAction":[{"@type":"SearchAction","target":{"@type":"EntryPoint","urlTemplate":"https:\/\/www.volumec.com\/en\/?s={search_term_string}"},"query-input":{"@type":"PropertyValueSpecification","valueRequired":true,"valueName":"search_term_string"}}],"inLanguage":"es"},{"@type":"Organization","@id":"https:\/\/www.volumec.com\/en\/#organization","name":"Volumec","url":"https:\/\/www.volumec.com\/en\/","logo":{"@type":"ImageObject","inLanguage":"es","@id":"https:\/\/www.volumec.com\/en\/#\/schema\/logo\/image\/","url":"https:\/\/volumec.com\/wp-content\/uploads\/2024\/12\/Volumec-logo.png","contentUrl":"https:\/\/volumec.com\/wp-content\/uploads\/2024\/12\/Volumec-logo.png","width":320,"height":77,"caption":"Volumec"},"image":{"@id":"https:\/\/www.volumec.com\/en\/#\/schema\/logo\/image\/"}}]}},"_links":{"self":[{"href":"https:\/\/volumec.com\/es\/wp-json\/wp\/v2\/product\/3007","targetHints":{"allow":["GET"]}}],"collection":[{"href":"https:\/\/volumec.com\/es\/wp-json\/wp\/v2\/product"}],"about":[{"href":"https:\/\/volumec.com\/es\/wp-json\/wp\/v2\/types\/product"}],"replies":[{"embeddable":true,"href":"https:\/\/volumec.com\/es\/wp-json\/wp\/v2\/comments?post=3007"}],"wp:featuredmedia":[{"embeddable":true,"href":"https:\/\/volumec.com\/es\/wp-json\/wp\/v2\/media\/683"}],"wp:attachment":[{"href":"https:\/\/volumec.com\/es\/wp-json\/wp\/v2\/media?parent=3007"}],"wp:term":[{"taxonomy":"product_brand","embeddable":true,"href":"https:\/\/volumec.com\/es\/wp-json\/wp\/v2\/product_brand?post=3007"},{"taxonomy":"product_cat","embeddable":true,"href":"https:\/\/volumec.com\/es\/wp-json\/wp\/v2\/product_cat?post=3007"},{"taxonomy":"product_tag","embeddable":true,"href":"https:\/\/volumec.com\/es\/wp-json\/wp\/v2\/product_tag?post=3007"}],"curies":[{"name":"wp","href":"https:\/\/api.w.org\/{rel}","templated":true}]}}