{"id":514,"date":"2024-12-09T10:52:48","date_gmt":"2024-12-09T09:52:48","guid":{"rendered":"http:\/\/volumec.com\/?page_id=514"},"modified":"2025-10-15T11:49:39","modified_gmt":"2025-10-15T09:49:39","slug":"unidades-roboticas","status":"publish","type":"page","link":"https:\/\/volumec.com\/es\/unidades-roboticas\/","title":{"rendered":"Unidades rob\u00f3ticas"},"content":{"rendered":"<div class=\"wpb-content-wrapper\">[vc_row el_class=\u00bbptd100 pbd100 ptm50 pbm50&#8243;][vc_column][vc_column_text css=\u00bb\u00bb]<strong>Las unidades para robots<\/strong> producidas por Volumec son una <strong>soluci\u00f3n ideal para optimizar los procesos de perforaci\u00f3n, roscado y atornillado<\/strong>, creando estaciones de trabajo automatizadas que garantizan un ahorro significativo de tiempo y mano de obra.[\/vc_column_text][\/vc_column][\/vc_row][vc_row full_width=\u00bbstretch_row\u00bb gap=\u00bb30&#8243; equal_height=\u00bbyes\u00bb columns_right=\u00bbyes\u00bb el_class=\u00bbprodotti_riga_prodotto ptd130 pbd130 ptm60 pbm60&#8243; css=\u00bb.vc_custom_1733471381571{background-color: #F1F1F1 !important;}\u00bb][vc_column css_animation=\u00bbfadeInRight\u00bb width=\u00bb1\/2&#8243;][vc_column_text css=\u00bb\u00bb el_class=\u00bbmtd20 mtm20 brm\u00bb]\n<h3><strong>Unidades para Robots SERIE U y UJ<\/strong><\/h3>\n[\/vc_column_text][vc_column_text css=\u00bb\u00bb el_class=\u00bbmtd20 mtm20&#8243;]Cada unidad de la serie U y UJ est\u00e1 equipada con un motor Brushless de nueva generaci\u00f3n de 750 vatios, con un cuadro de control separado y conexi\u00f3n para el control a trav\u00e9s de dispositivos externos (PLC). El mandril de cambio r\u00e1pido permite un cambio autom\u00e1tico de herramientas.<\/p>\n<p>Adem\u00e1s, el sistema de control VASTC permite programar varios par\u00e1metros de procesamiento, como velocidad, rotaci\u00f3n, par m\u00e1ximo y profundidad.[\/vc_column_text]<style>.vcex-button.vcex_69e062d577ff3{border-radius:0px;color:#000000!important;padding:20px;border:2px solid #0b8df1;font-family:Manrope;font-size:16px;font-weight:700;}.vcex-button.vcex_69e062d577ff3:hover{color:#000000!important;}<\/style><div class=\"theme-button-wrap textcenter wpex-clr\"><a href=\"http:\/\/volumec.com\/es\/unidades-roboticas\/unidades-roboticas-serie-u-e-uj\/\" class=\"vcex-button theme-button outline align-center inline bottone1 mtd30 mtm30 vcex_69e062d577ff3\"><span class=\"vcex-button-inner theme-button-inner wpex-flex wpex-flex-wrap wpex-items-center wpex-justify-center\">DESCUBRE M\u00c1S<span class=\"vcex-button-icon vcex-icon-wrap theme-button-icon-right\"><span aria-hidden=\"true\" class=\"fas fa-arrow-right\"><\/span><\/span><\/span><\/a><\/div> [\/vc_column][vc_column css_animation=\u00bbfadeInLeft\u00bb width=\u00bb1\/2&#8243;]<figure class=\"vcex-image vcex-module wpex-text-center\"><div class=\"vcex-image-inner wpex-relative wpex-inline-block\"><img width=\"768\" height=\"595\" src=\"https:\/\/volumec.com\/wp-content\/uploads\/2025\/10\/Unidades-Para-Robots-Unidades-Para-Robots-Serie-U-Y-Uj.jpg\" class=\"vcex-image-img wpex-align-middle\" alt=\"\" loading=\"lazy\" decoding=\"async\" srcset=\"https:\/\/volumec.com\/wp-content\/uploads\/2025\/10\/Unidades-Para-Robots-Unidades-Para-Robots-Serie-U-Y-Uj.jpg 768w, https:\/\/volumec.com\/wp-content\/uploads\/2025\/10\/Unidades-Para-Robots-Unidades-Para-Robots-Serie-U-Y-Uj-300x232.jpg 300w, https:\/\/volumec.com\/wp-content\/uploads\/2025\/10\/Unidades-Para-Robots-Unidades-Para-Robots-Serie-U-Y-Uj-600x465.jpg 600w\" sizes=\"auto, (max-width: 768px) 100vw, 768px\" \/><\/div><\/figure>[\/vc_column][\/vc_row][vc_row css_animation=\u00bbfadeIn\u00bb full_width=\u00bbstretch_row\u00bb content_placement=\u00bbmiddle\u00bb parallax=\u00bbcontent-moving\u00bb parallax_image=\u00bb277&#8243; el_class=\u00bbriga_banner ptd30 pbd30 ptm40 pbm40&#8243;][vc_column width=\u00bb1\/2&#8243;]<style>.vcex-image.vcex_69e062d57dac1 .vcex-image-inner{max-width:600px;}<\/style><figure class=\"vcex-image vcex-module vcex_69e062d57dac1\"><div class=\"vcex-image-inner wpex-relative wpex-inline-block\"><img width=\"1000\" height=\"239\" src=\"https:\/\/volumec.com\/wp-content\/uploads\/2024\/12\/logo-Volumec.png\" class=\"vcex-image-img wpex-align-middle\" alt=\"\" loading=\"lazy\" decoding=\"async\" srcset=\"https:\/\/volumec.com\/wp-content\/uploads\/2024\/12\/logo-Volumec.png 1000w, https:\/\/volumec.com\/wp-content\/uploads\/2024\/12\/logo-Volumec-300x72.png 300w, https:\/\/volumec.com\/wp-content\/uploads\/2024\/12\/logo-Volumec-768x184.png 768w, https:\/\/volumec.com\/wp-content\/uploads\/2024\/12\/logo-Volumec-600x143.png 600w\" sizes=\"auto, (max-width: 1000px) 100vw, 1000px\" \/><\/div><\/figure>[\/vc_column][vc_column width=\u00bb1\/2&#8243; el_class=\u00bbptm40 cm\u00bb][vc_column_text css=\u00bb\u00bb color=\u00bb#ffffff\u00bb font_size=\u00bbd:100px|pl:45px|pp:45px\u00bb line_height=\u00bb110%\u00bb font_weight=\u00bb300&#8243;]Be <strong>innovative<\/strong>[\/vc_column_text][\/vc_column][\/vc_row]\n<\/div>","protected":false},"excerpt":{"rendered":"<p>[vc_row el_class=\u00bbptd100 pbd100 ptm50 pbm50&#8243;][vc_column][vc_column_text css=\u00bb\u00bb]Las unidades para robots producidas por Volumec son una soluci\u00f3n ideal para optimizar los procesos de perforaci\u00f3n, roscado y atornillado, creando estaciones de trabajo automatizadas que garantizan un ahorro significativo de tiempo y mano de obra.[\/vc_column_text][\/vc_column][\/vc_row][vc_row full_width=\u00bbstretch_row\u00bb gap=\u00bb30&#8243; equal_height=\u00bbyes\u00bb columns_right=\u00bbyes\u00bb el_class=\u00bbprodotti_riga_prodotto ptd130 pbd130 ptm60 pbm60&#8243; css=\u00bb.vc_custom_1733471381571{background-color: #F1F1F1 !important;}\u00bb][vc_column css_animation=\u00bbfadeInRight\u00bb width=\u00bb1\/2&#8243;][vc_column_text&hellip;<\/p>\n","protected":false},"author":1,"featured_media":0,"parent":0,"menu_order":0,"comment_status":"closed","ping_status":"closed","template":"","meta":{"_acf_changed":false,"inline_featured_image":false,"footnotes":""},"class_list":["post-514","page","type-page","status-publish","hentry","entry","no-media"],"acf":[],"yoast_head":"<!-- This site is optimized with the Yoast SEO plugin v25.1 - https:\/\/yoast.com\/wordpress\/plugins\/seo\/ -->\n<title>Unidades para Robots - Volumec<\/title>\n<meta name=\"description\" content=\"Las unidades rob\u00f3ticas producidas por Volumec representan una soluci\u00f3n ideal para optimizar los procesos de perforaci\u00f3n, roscado y atornillado.\" \/>\n<meta name=\"robots\" content=\"index, follow, max-snippet:-1, max-image-preview:large, max-video-preview:-1\" \/>\n<link rel=\"canonical\" href=\"https:\/\/volumec.com\/es\/unidades-roboticas\/\" \/>\n<meta property=\"og:locale\" content=\"es_ES\" \/>\n<meta property=\"og:type\" content=\"article\" \/>\n<meta property=\"og:title\" content=\"Unidades para Robots - Volumec\" \/>\n<meta property=\"og:description\" content=\"Las unidades rob\u00f3ticas producidas por Volumec representan una soluci\u00f3n ideal para optimizar los procesos de perforaci\u00f3n, roscado y atornillado.\" \/>\n<meta property=\"og:url\" content=\"https:\/\/volumec.com\/es\/unidades-roboticas\/\" \/>\n<meta property=\"og:site_name\" content=\"Volumec\" \/>\n<meta property=\"article:modified_time\" content=\"2025-10-15T09:49:39+00:00\" \/>\n<meta name=\"twitter:card\" content=\"summary_large_image\" \/>\n<meta name=\"twitter:label1\" content=\"Tiempo de lectura\" \/>\n\t<meta name=\"twitter:data1\" content=\"2 minutos\" \/>\n<script type=\"application\/ld+json\" class=\"yoast-schema-graph\">{\"@context\":\"https:\/\/schema.org\",\"@graph\":[{\"@type\":\"WebPage\",\"@id\":\"https:\/\/volumec.com\/es\/unidades-roboticas\/\",\"url\":\"https:\/\/volumec.com\/es\/unidades-roboticas\/\",\"name\":\"Unidades para Robots - Volumec\",\"isPartOf\":{\"@id\":\"https:\/\/www.volumec.com\/en\/#website\"},\"datePublished\":\"2024-12-09T09:52:48+00:00\",\"dateModified\":\"2025-10-15T09:49:39+00:00\",\"description\":\"Las unidades rob\u00f3ticas producidas por Volumec representan una soluci\u00f3n ideal para optimizar los procesos de perforaci\u00f3n, roscado y atornillado.\",\"breadcrumb\":{\"@id\":\"https:\/\/volumec.com\/es\/unidades-roboticas\/#breadcrumb\"},\"inLanguage\":\"es\",\"potentialAction\":[{\"@type\":\"ReadAction\",\"target\":[\"https:\/\/volumec.com\/es\/unidades-roboticas\/\"]}]},{\"@type\":\"BreadcrumbList\",\"@id\":\"https:\/\/volumec.com\/es\/unidades-roboticas\/#breadcrumb\",\"itemListElement\":[{\"@type\":\"ListItem\",\"position\":1,\"name\":\"Home\",\"item\":\"https:\/\/volumec.com\/es\/\"},{\"@type\":\"ListItem\",\"position\":2,\"name\":\"Unidades rob\u00f3ticas\"}]},{\"@type\":\"WebSite\",\"@id\":\"https:\/\/www.volumec.com\/en\/#website\",\"url\":\"https:\/\/www.volumec.com\/en\/\",\"name\":\"Volumec.com\",\"description\":\"\",\"publisher\":{\"@id\":\"https:\/\/www.volumec.com\/en\/#organization\"},\"alternateName\":\"be innovative\",\"potentialAction\":[{\"@type\":\"SearchAction\",\"target\":{\"@type\":\"EntryPoint\",\"urlTemplate\":\"https:\/\/www.volumec.com\/en\/?s={search_term_string}\"},\"query-input\":{\"@type\":\"PropertyValueSpecification\",\"valueRequired\":true,\"valueName\":\"search_term_string\"}}],\"inLanguage\":\"es\"},{\"@type\":\"Organization\",\"@id\":\"https:\/\/www.volumec.com\/en\/#organization\",\"name\":\"Volumec\",\"url\":\"https:\/\/www.volumec.com\/en\/\",\"logo\":{\"@type\":\"ImageObject\",\"inLanguage\":\"es\",\"@id\":\"https:\/\/www.volumec.com\/en\/#\/schema\/logo\/image\/\",\"url\":\"https:\/\/volumec.com\/wp-content\/uploads\/2024\/12\/Volumec-logo.png\",\"contentUrl\":\"https:\/\/volumec.com\/wp-content\/uploads\/2024\/12\/Volumec-logo.png\",\"width\":320,\"height\":77,\"caption\":\"Volumec\"},\"image\":{\"@id\":\"https:\/\/www.volumec.com\/en\/#\/schema\/logo\/image\/\"}}]}<\/script>\n<!-- \/ Yoast SEO plugin. -->","yoast_head_json":{"title":"Unidades para Robots - Volumec","description":"Las unidades rob\u00f3ticas producidas por Volumec representan una soluci\u00f3n ideal para optimizar los procesos de perforaci\u00f3n, roscado y atornillado.","robots":{"index":"index","follow":"follow","max-snippet":"max-snippet:-1","max-image-preview":"max-image-preview:large","max-video-preview":"max-video-preview:-1"},"canonical":"https:\/\/volumec.com\/es\/unidades-roboticas\/","og_locale":"es_ES","og_type":"article","og_title":"Unidades para Robots - Volumec","og_description":"Las unidades rob\u00f3ticas producidas por Volumec representan una soluci\u00f3n ideal para optimizar los procesos de perforaci\u00f3n, roscado y atornillado.","og_url":"https:\/\/volumec.com\/es\/unidades-roboticas\/","og_site_name":"Volumec","article_modified_time":"2025-10-15T09:49:39+00:00","twitter_card":"summary_large_image","twitter_misc":{"Tiempo de lectura":"2 minutos"},"schema":{"@context":"https:\/\/schema.org","@graph":[{"@type":"WebPage","@id":"https:\/\/volumec.com\/es\/unidades-roboticas\/","url":"https:\/\/volumec.com\/es\/unidades-roboticas\/","name":"Unidades para Robots - Volumec","isPartOf":{"@id":"https:\/\/www.volumec.com\/en\/#website"},"datePublished":"2024-12-09T09:52:48+00:00","dateModified":"2025-10-15T09:49:39+00:00","description":"Las unidades rob\u00f3ticas producidas por Volumec representan una soluci\u00f3n ideal para optimizar los procesos de perforaci\u00f3n, roscado y atornillado.","breadcrumb":{"@id":"https:\/\/volumec.com\/es\/unidades-roboticas\/#breadcrumb"},"inLanguage":"es","potentialAction":[{"@type":"ReadAction","target":["https:\/\/volumec.com\/es\/unidades-roboticas\/"]}]},{"@type":"BreadcrumbList","@id":"https:\/\/volumec.com\/es\/unidades-roboticas\/#breadcrumb","itemListElement":[{"@type":"ListItem","position":1,"name":"Home","item":"https:\/\/volumec.com\/es\/"},{"@type":"ListItem","position":2,"name":"Unidades rob\u00f3ticas"}]},{"@type":"WebSite","@id":"https:\/\/www.volumec.com\/en\/#website","url":"https:\/\/www.volumec.com\/en\/","name":"Volumec.com","description":"","publisher":{"@id":"https:\/\/www.volumec.com\/en\/#organization"},"alternateName":"be innovative","potentialAction":[{"@type":"SearchAction","target":{"@type":"EntryPoint","urlTemplate":"https:\/\/www.volumec.com\/en\/?s={search_term_string}"},"query-input":{"@type":"PropertyValueSpecification","valueRequired":true,"valueName":"search_term_string"}}],"inLanguage":"es"},{"@type":"Organization","@id":"https:\/\/www.volumec.com\/en\/#organization","name":"Volumec","url":"https:\/\/www.volumec.com\/en\/","logo":{"@type":"ImageObject","inLanguage":"es","@id":"https:\/\/www.volumec.com\/en\/#\/schema\/logo\/image\/","url":"https:\/\/volumec.com\/wp-content\/uploads\/2024\/12\/Volumec-logo.png","contentUrl":"https:\/\/volumec.com\/wp-content\/uploads\/2024\/12\/Volumec-logo.png","width":320,"height":77,"caption":"Volumec"},"image":{"@id":"https:\/\/www.volumec.com\/en\/#\/schema\/logo\/image\/"}}]}},"_links":{"self":[{"href":"https:\/\/volumec.com\/es\/wp-json\/wp\/v2\/pages\/514","targetHints":{"allow":["GET"]}}],"collection":[{"href":"https:\/\/volumec.com\/es\/wp-json\/wp\/v2\/pages"}],"about":[{"href":"https:\/\/volumec.com\/es\/wp-json\/wp\/v2\/types\/page"}],"author":[{"embeddable":true,"href":"https:\/\/volumec.com\/es\/wp-json\/wp\/v2\/users\/1"}],"replies":[{"embeddable":true,"href":"https:\/\/volumec.com\/es\/wp-json\/wp\/v2\/comments?post=514"}],"version-history":[{"count":8,"href":"https:\/\/volumec.com\/es\/wp-json\/wp\/v2\/pages\/514\/revisions"}],"predecessor-version":[{"id":8139,"href":"https:\/\/volumec.com\/es\/wp-json\/wp\/v2\/pages\/514\/revisions\/8139"}],"wp:attachment":[{"href":"https:\/\/volumec.com\/es\/wp-json\/wp\/v2\/media?parent=514"}],"curies":[{"name":"wp","href":"https:\/\/api.w.org\/{rel}","templated":true}]}}