{"id":506,"date":"2024-12-09T10:52:13","date_gmt":"2024-12-09T09:52:13","guid":{"rendered":"http:\/\/volumec.com\/?page_id=506"},"modified":"2025-10-15T11:21:03","modified_gmt":"2025-10-15T09:21:03","slug":"roscadoras-neumaticos","status":"publish","type":"page","link":"https:\/\/volumec.com\/es\/roscadoras-neumaticos\/","title":{"rendered":"Roscadoras Neum\u00e1ticos"},"content":{"rendered":"<div class=\"wpb-content-wrapper\">[vc_row el_class=\u00bbptd100 pbd100 ptm50 pbm50&#8243;][vc_column][vc_column_text css=\u00bb\u00bb]<strong>Las roscadoras neum\u00e1ticas <\/strong>son herramientas que funcionan con un sistema neum\u00e1tico que utiliza aire comprimido, dise\u00f1adas para realizar operaciones de roscado, es decir, para crear roscas en el \u00e1mbito industrial y artesanal.<\/p>\n<p>Nuestras <strong>roscadoras neum\u00e1ticas <\/strong>se caracterizan por una estructura con un brazo articulado equilibrado de aluminio con cabezal regulable de serie que permite roscar en cualquier \u00e1ngulo.[\/vc_column_text][\/vc_column][\/vc_row][vc_row full_width=\u00bbstretch_row\u00bb el_class=\u00bbprodotto_riga_configuratore ptd70 pbd90 ptm50 pbm60&#8243; css=\u00bb.vc_custom_1733737463239{background-image: url(http:\/\/volumec.com\/wp-content\/uploads\/2024\/12\/configuratore-bg.jpg?id=401) !important;}\u00bb][vc_column][vc_column_text css_animation=\u00bbfadeInUp\u00bb css=\u00bb\u00bb text_align=\u00bbcenter\u00bb font_weight=\u00bb700&#8243; color=\u00bb#ffffff\u00bb]\n<h2>\u00bfNo sabes qu\u00e9 producto elegir?<br \/>\nUtilice nuestro configurador<\/h2>\n[\/vc_column_text]<style>.vcex-button.vcex_69e34836879cd{border-radius:0px;color:#ffffff!important;padding:20px;border:2px solid #0b8df1;font-family:Manrope;font-size:16px;font-weight:700;}.vcex-button.vcex_69e34836879cd:hover{color:#ffffff!important;}<\/style><div class=\"theme-button-wrap textcenter wpex-clr\"><a href=\"http:\/\/volumec.com\/es\/configurador-de-roscadoras\/\" class=\"vcex-button theme-button outline align-center inline bottone1 mtd45 mtm30 vcex_69e34836879cd\"><span class=\"vcex-button-inner theme-button-inner wpex-flex wpex-flex-wrap wpex-items-center wpex-justify-center\">ENTRA AL CONFIGURADOR<span class=\"vcex-button-icon vcex-icon-wrap theme-button-icon-right\"><span aria-hidden=\"true\" class=\"fas fa-arrow-right\"><\/span><\/span><\/span><\/a><\/div> [\/vc_column][\/vc_row][vc_row el_class=\u00bbptd100 pbd100 ptm50 pbm50&#8243;][vc_column][vc_column_text css=\u00bb\u00bb]\n<h2><strong>Roscadoras neum\u00e1ticas Volumec<\/strong><\/h2>\n<p>A lo largo de los a\u00f1os, Volumec ha desarrollado dos tipos de <strong>roscadoras neum\u00e1ticas <\/strong>(mod. ET y mod. VT\/VTS) que garantizan precisi\u00f3n y ligereza en cada proceso con un radio de trabajo de hasta 1900 mm y una capacidad m\u00e1xima de roscado de M30.[\/vc_column_text][\/vc_column][\/vc_row][vc_row full_width=\u00bbstretch_row\u00bb gap=\u00bb30&#8243; equal_height=\u00bbyes\u00bb columns_right=\u00bbyes\u00bb el_class=\u00bbprodotti_riga_prodotto ptd130 pbd130 ptm60 pbm60&#8243; css=\u00bb.vc_custom_1733471381571{background-color: #F1F1F1 !important;}\u00bb][vc_column css_animation=\u00bbfadeInRight\u00bb width=\u00bb1\/2&#8243;][vc_column_text css=\u00bb\u00bb el_class=\u00bbmtd20 mtm20 brm\u00bb]\n<h3>ET<\/h3>\n[\/vc_column_text][vc_column_text css=\u00bb.vc_custom_1734601015683{margin-top: 10px !important;}\u00bb font_weight=\u00bb700&#8243; font_size=\u00bb28px\u00bb line_height=\u00bb120%\u00bb]<strong>Radio m\u00e1ximo 1280 mm, <\/strong><strong>hasta M16<\/strong>[\/vc_column_text][vc_column_text css=\u00bb\u00bb el_class=\u00bbmtd20 mtm20&#8243;]Caracter\u00edsticas t\u00e9cnicas:<\/p>\n<ul>\n<li>Sistema de doble brazo articulado equilibrado \u00edntegramente en aluminio especial que garantiza una alineaci\u00f3n r\u00e1pida y precisa de los agujeros, radio m\u00e1ximo 1280 mm.<\/li>\n<li>Cabezal multidireccional de serie en todas las m\u00e1quinas que permite roscar en cualquier posici\u00f3n hasta M16<\/li>\n<li>Im\u00e1n de posicionamiento para una r\u00e1pida alineaci\u00f3n del husillo.<\/li>\n<li>Equilibrio y fluidez en los movimientos garantizados mediante resortes de gas regulables y articulaciones montadas sobre rodamientos de bolas.<\/li>\n<li>Motor neum\u00e1tico que no requiere m\u00f3dulos de velocidad adicionales.<\/li>\n<li>Posibilidad de roscar agujeros ciegos y pasantes gracias a los embragues regulables.<\/li>\n<li>Grupo filtrante con regulador de presi\u00f3n y lubricador.<\/li>\n<\/ul>\n[\/vc_column_text]<style>.vcex-button.vcex_69e348368a785{border-radius:0px;color:#000000!important;padding:20px;border:2px solid #0b8df1;font-family:Manrope;font-size:16px;font-weight:700;}.vcex-button.vcex_69e348368a785:hover{color:#000000!important;}<\/style><div class=\"theme-button-wrap textcenter wpex-clr\"><a href=\"http:\/\/volumec.com\/es\/roscadoras-neumaticos\/et\/\" class=\"vcex-button theme-button outline align-center inline bottone1 mtd30 mtm30 vcex_69e348368a785\"><span class=\"vcex-button-inner theme-button-inner wpex-flex wpex-flex-wrap wpex-items-center wpex-justify-center\">DESCUBRE M\u00c1S<span class=\"vcex-button-icon vcex-icon-wrap theme-button-icon-right\"><span aria-hidden=\"true\" class=\"fas fa-arrow-right\"><\/span><\/span><\/span><\/a><\/div> [\/vc_column][vc_column css_animation=\u00bbfadeInLeft\u00bb width=\u00bb1\/2&#8243;]<figure class=\"vcex-image vcex-module wpex-text-center\"><div class=\"vcex-image-inner wpex-relative wpex-inline-block\"><img width=\"768\" height=\"595\" src=\"https:\/\/volumec.com\/wp-content\/uploads\/2025\/10\/Roscadoras-Neumaticas-Et.jpg\" class=\"vcex-image-img wpex-align-middle\" alt=\"\" loading=\"lazy\" decoding=\"async\" srcset=\"https:\/\/volumec.com\/wp-content\/uploads\/2025\/10\/Roscadoras-Neumaticas-Et.jpg 768w, https:\/\/volumec.com\/wp-content\/uploads\/2025\/10\/Roscadoras-Neumaticas-Et-300x232.jpg 300w, https:\/\/volumec.com\/wp-content\/uploads\/2025\/10\/Roscadoras-Neumaticas-Et-600x465.jpg 600w\" sizes=\"auto, (max-width: 768px) 100vw, 768px\" \/><\/div><\/figure>[\/vc_column][\/vc_row][vc_row full_width=\u00bbstretch_row\u00bb gap=\u00bb30&#8243; equal_height=\u00bbyes\u00bb el_class=\u00bbprodotti_riga_prodotto ptd130 pbd130 ptm60 pbm60&#8243;][vc_column css_animation=\u00bbfadeInLeft\u00bb width=\u00bb1\/2&#8243;][vc_column_text css=\u00bb\u00bb el_class=\u00bbmtd20 mtm20 brm\u00bb]\n<h3><strong>VT\/VTS<\/strong><\/h3>\n[\/vc_column_text][vc_column_text css=\u00bb.vc_custom_1734601066570{margin-top: 10px !important;}\u00bb font_weight=\u00bb700&#8243; font_size=\u00bb28px\u00bb line_height=\u00bb120%\u00bb]<strong>Radio m\u00e1ximo 1900 mm, hasta M30<\/strong>[\/vc_column_text][vc_column_text css=\u00bb\u00bb el_class=\u00bbmtd20 mtm20&#8243;]Caracter\u00edsticas t\u00e9cnicas:<\/p>\n<ul>\n<li>Sistema de triple brazo articulado equilibrado \u00edntegramente en aluminio especial que garantiza una alineaci\u00f3n r\u00e1pida y precisa de los agujeros, radio m\u00e1ximo 1900 mm.<\/li>\n<li>Cabezal multidireccional de serie en todas las m\u00e1quinas que permite roscar en cualquier posici\u00f3n hasta M30<\/li>\n<li>Im\u00e1n de posicionamiento para una r\u00e1pida alineaci\u00f3n del husillo.<\/li>\n<li>Equilibrio y fluidez en los movimientos garantizados mediante resortes de gas regulables y articulaciones montadas sobre rodamientos de bolas.<\/li>\n<li>Motor neum\u00e1tico que no requiere m\u00f3dulos de velocidad adicionales.<\/li>\n<li>Posibilidad de roscar agujeros ciegos y pasantes gracias a los embragues regulables.<\/li>\n<li>Grupo filtrante con regulador de presi\u00f3n y lubricador.<\/li>\n<\/ul>\n[\/vc_column_text]<style>.vcex-button.vcex_69e348369066d{border-radius:0px;color:#000000!important;padding:20px;border:2px solid #0b8df1;font-family:Manrope;font-size:16px;font-weight:700;}.vcex-button.vcex_69e348369066d:hover{color:#000000!important;}<\/style><div class=\"theme-button-wrap textcenter wpex-clr\"><a href=\"http:\/\/volumec.com\/es\/roscadoras-neumaticos\/vt-vts\/\" class=\"vcex-button theme-button outline align-center inline bottone1 mtd30 mtm30 vcex_69e348369066d\"><span class=\"vcex-button-inner theme-button-inner wpex-flex wpex-flex-wrap wpex-items-center wpex-justify-center\">DESCUBRE M\u00c1S<span class=\"vcex-button-icon vcex-icon-wrap theme-button-icon-right\"><span aria-hidden=\"true\" class=\"fas fa-arrow-right\"><\/span><\/span><\/span><\/a><\/div> [\/vc_column][vc_column css_animation=\u00bbfadeInRight\u00bb width=\u00bb1\/2&#8243;]<figure class=\"vcex-image vcex-module wpex-text-center\"><div class=\"vcex-image-inner wpex-relative wpex-inline-block\"><img width=\"768\" height=\"595\" src=\"https:\/\/volumec.com\/wp-content\/uploads\/2025\/10\/Roscadoras-Neumaticas-Vt-Vts.jpg\" class=\"vcex-image-img wpex-align-middle\" alt=\"\" loading=\"lazy\" decoding=\"async\" srcset=\"https:\/\/volumec.com\/wp-content\/uploads\/2025\/10\/Roscadoras-Neumaticas-Vt-Vts.jpg 768w, https:\/\/volumec.com\/wp-content\/uploads\/2025\/10\/Roscadoras-Neumaticas-Vt-Vts-300x232.jpg 300w, https:\/\/volumec.com\/wp-content\/uploads\/2025\/10\/Roscadoras-Neumaticas-Vt-Vts-600x465.jpg 600w\" sizes=\"auto, (max-width: 768px) 100vw, 768px\" \/><\/div><\/figure>[\/vc_column][\/vc_row][vc_row css_animation=\u00bbfadeIn\u00bb full_width=\u00bbstretch_row\u00bb content_placement=\u00bbmiddle\u00bb parallax=\u00bbcontent-moving\u00bb parallax_image=\u00bb277&#8243; el_class=\u00bbriga_banner ptd30 pbd30 ptm40 pbm40&#8243;][vc_column width=\u00bb1\/2&#8243;]<style>.vcex-image.vcex_69e34836938da .vcex-image-inner{max-width:600px;}<\/style><figure class=\"vcex-image vcex-module vcex_69e34836938da\"><div class=\"vcex-image-inner wpex-relative wpex-inline-block\"><img width=\"1000\" height=\"239\" src=\"https:\/\/volumec.com\/wp-content\/uploads\/2024\/12\/logo-Volumec.png\" class=\"vcex-image-img wpex-align-middle\" alt=\"\" loading=\"lazy\" decoding=\"async\" srcset=\"https:\/\/volumec.com\/wp-content\/uploads\/2024\/12\/logo-Volumec.png 1000w, https:\/\/volumec.com\/wp-content\/uploads\/2024\/12\/logo-Volumec-300x72.png 300w, https:\/\/volumec.com\/wp-content\/uploads\/2024\/12\/logo-Volumec-768x184.png 768w, https:\/\/volumec.com\/wp-content\/uploads\/2024\/12\/logo-Volumec-600x143.png 600w\" sizes=\"auto, (max-width: 1000px) 100vw, 1000px\" \/><\/div><\/figure>[\/vc_column][vc_column width=\u00bb1\/2&#8243; el_class=\u00bbptm40 cm\u00bb][vc_column_text css=\u00bb\u00bb color=\u00bb#ffffff\u00bb font_size=\u00bbd:100px|pl:45px|pp:45px\u00bb line_height=\u00bb110%\u00bb font_weight=\u00bb300&#8243;]Be <strong>innovative<\/strong>[\/vc_column_text][\/vc_column][\/vc_row]\n<\/div>","protected":false},"excerpt":{"rendered":"<p>[vc_row el_class=\u00bbptd100 pbd100 ptm50 pbm50&#8243;][vc_column][vc_column_text css=\u00bb\u00bb]Las roscadoras neum\u00e1ticas son herramientas que funcionan con un sistema neum\u00e1tico que utiliza aire comprimido, dise\u00f1adas para realizar operaciones de roscado, es decir, para crear roscas en el \u00e1mbito industrial y artesanal. Nuestras roscadoras neum\u00e1ticas se caracterizan por una estructura con un brazo articulado equilibrado de aluminio con cabezal regulable&hellip;<\/p>\n","protected":false},"author":1,"featured_media":0,"parent":0,"menu_order":0,"comment_status":"closed","ping_status":"closed","template":"","meta":{"_acf_changed":false,"inline_featured_image":false,"footnotes":""},"class_list":["post-506","page","type-page","status-publish","hentry","entry","no-media"],"acf":[],"yoast_head":"<!-- This site is optimized with the Yoast SEO plugin v25.1 - https:\/\/yoast.com\/wordpress\/plugins\/seo\/ -->\n<title>Roscadoras neum\u00e1ticas - Volumec<\/title>\n<meta name=\"description\" content=\"Las m\u00e1quinas roscadoras neum\u00e1ticas (ET y VT\/VTS) ofrecen precisi\u00f3n y ligereza. Radio de trabajo de hasta 1900 mm y roscado hasta M30.\" \/>\n<meta name=\"robots\" content=\"index, follow, max-snippet:-1, max-image-preview:large, max-video-preview:-1\" \/>\n<link rel=\"canonical\" href=\"https:\/\/volumec.com\/es\/roscadoras-neumaticos\/\" \/>\n<meta property=\"og:locale\" content=\"es_ES\" \/>\n<meta property=\"og:type\" content=\"article\" \/>\n<meta property=\"og:title\" content=\"Roscadoras neum\u00e1ticas - Volumec\" \/>\n<meta property=\"og:description\" content=\"Las m\u00e1quinas roscadoras neum\u00e1ticas (ET y VT\/VTS) ofrecen precisi\u00f3n y ligereza. Radio de trabajo de hasta 1900 mm y roscado hasta M30.\" \/>\n<meta property=\"og:url\" content=\"https:\/\/volumec.com\/es\/roscadoras-neumaticos\/\" \/>\n<meta property=\"og:site_name\" content=\"Volumec\" \/>\n<meta property=\"article:modified_time\" content=\"2025-10-15T09:21:03+00:00\" \/>\n<meta name=\"twitter:card\" content=\"summary_large_image\" \/>\n<meta name=\"twitter:label1\" content=\"Tiempo de lectura\" \/>\n\t<meta name=\"twitter:data1\" content=\"4 minutos\" \/>\n<script type=\"application\/ld+json\" class=\"yoast-schema-graph\">{\"@context\":\"https:\/\/schema.org\",\"@graph\":[{\"@type\":\"WebPage\",\"@id\":\"https:\/\/volumec.com\/es\/roscadoras-neumaticos\/\",\"url\":\"https:\/\/volumec.com\/es\/roscadoras-neumaticos\/\",\"name\":\"Roscadoras neum\u00e1ticas - Volumec\",\"isPartOf\":{\"@id\":\"https:\/\/www.volumec.com\/en\/#website\"},\"datePublished\":\"2024-12-09T09:52:13+00:00\",\"dateModified\":\"2025-10-15T09:21:03+00:00\",\"description\":\"Las m\u00e1quinas roscadoras neum\u00e1ticas (ET y VT\/VTS) ofrecen precisi\u00f3n y ligereza. Radio de trabajo de hasta 1900 mm y roscado hasta M30.\",\"breadcrumb\":{\"@id\":\"https:\/\/volumec.com\/es\/roscadoras-neumaticos\/#breadcrumb\"},\"inLanguage\":\"es\",\"potentialAction\":[{\"@type\":\"ReadAction\",\"target\":[\"https:\/\/volumec.com\/es\/roscadoras-neumaticos\/\"]}]},{\"@type\":\"BreadcrumbList\",\"@id\":\"https:\/\/volumec.com\/es\/roscadoras-neumaticos\/#breadcrumb\",\"itemListElement\":[{\"@type\":\"ListItem\",\"position\":1,\"name\":\"Home\",\"item\":\"https:\/\/volumec.com\/es\/\"},{\"@type\":\"ListItem\",\"position\":2,\"name\":\"Roscadoras Neum\u00e1ticos\"}]},{\"@type\":\"WebSite\",\"@id\":\"https:\/\/www.volumec.com\/en\/#website\",\"url\":\"https:\/\/www.volumec.com\/en\/\",\"name\":\"Volumec.com\",\"description\":\"\",\"publisher\":{\"@id\":\"https:\/\/www.volumec.com\/en\/#organization\"},\"alternateName\":\"be innovative\",\"potentialAction\":[{\"@type\":\"SearchAction\",\"target\":{\"@type\":\"EntryPoint\",\"urlTemplate\":\"https:\/\/www.volumec.com\/en\/?s={search_term_string}\"},\"query-input\":{\"@type\":\"PropertyValueSpecification\",\"valueRequired\":true,\"valueName\":\"search_term_string\"}}],\"inLanguage\":\"es\"},{\"@type\":\"Organization\",\"@id\":\"https:\/\/www.volumec.com\/en\/#organization\",\"name\":\"Volumec\",\"url\":\"https:\/\/www.volumec.com\/en\/\",\"logo\":{\"@type\":\"ImageObject\",\"inLanguage\":\"es\",\"@id\":\"https:\/\/www.volumec.com\/en\/#\/schema\/logo\/image\/\",\"url\":\"https:\/\/volumec.com\/wp-content\/uploads\/2024\/12\/Volumec-logo.png\",\"contentUrl\":\"https:\/\/volumec.com\/wp-content\/uploads\/2024\/12\/Volumec-logo.png\",\"width\":320,\"height\":77,\"caption\":\"Volumec\"},\"image\":{\"@id\":\"https:\/\/www.volumec.com\/en\/#\/schema\/logo\/image\/\"}}]}<\/script>\n<!-- \/ Yoast SEO plugin. -->","yoast_head_json":{"title":"Roscadoras neum\u00e1ticas - Volumec","description":"Las m\u00e1quinas roscadoras neum\u00e1ticas (ET y VT\/VTS) ofrecen precisi\u00f3n y ligereza. Radio de trabajo de hasta 1900 mm y roscado hasta M30.","robots":{"index":"index","follow":"follow","max-snippet":"max-snippet:-1","max-image-preview":"max-image-preview:large","max-video-preview":"max-video-preview:-1"},"canonical":"https:\/\/volumec.com\/es\/roscadoras-neumaticos\/","og_locale":"es_ES","og_type":"article","og_title":"Roscadoras neum\u00e1ticas - Volumec","og_description":"Las m\u00e1quinas roscadoras neum\u00e1ticas (ET y VT\/VTS) ofrecen precisi\u00f3n y ligereza. Radio de trabajo de hasta 1900 mm y roscado hasta M30.","og_url":"https:\/\/volumec.com\/es\/roscadoras-neumaticos\/","og_site_name":"Volumec","article_modified_time":"2025-10-15T09:21:03+00:00","twitter_card":"summary_large_image","twitter_misc":{"Tiempo de lectura":"4 minutos"},"schema":{"@context":"https:\/\/schema.org","@graph":[{"@type":"WebPage","@id":"https:\/\/volumec.com\/es\/roscadoras-neumaticos\/","url":"https:\/\/volumec.com\/es\/roscadoras-neumaticos\/","name":"Roscadoras neum\u00e1ticas - Volumec","isPartOf":{"@id":"https:\/\/www.volumec.com\/en\/#website"},"datePublished":"2024-12-09T09:52:13+00:00","dateModified":"2025-10-15T09:21:03+00:00","description":"Las m\u00e1quinas roscadoras neum\u00e1ticas (ET y VT\/VTS) ofrecen precisi\u00f3n y ligereza. Radio de trabajo de hasta 1900 mm y roscado hasta M30.","breadcrumb":{"@id":"https:\/\/volumec.com\/es\/roscadoras-neumaticos\/#breadcrumb"},"inLanguage":"es","potentialAction":[{"@type":"ReadAction","target":["https:\/\/volumec.com\/es\/roscadoras-neumaticos\/"]}]},{"@type":"BreadcrumbList","@id":"https:\/\/volumec.com\/es\/roscadoras-neumaticos\/#breadcrumb","itemListElement":[{"@type":"ListItem","position":1,"name":"Home","item":"https:\/\/volumec.com\/es\/"},{"@type":"ListItem","position":2,"name":"Roscadoras Neum\u00e1ticos"}]},{"@type":"WebSite","@id":"https:\/\/www.volumec.com\/en\/#website","url":"https:\/\/www.volumec.com\/en\/","name":"Volumec.com","description":"","publisher":{"@id":"https:\/\/www.volumec.com\/en\/#organization"},"alternateName":"be innovative","potentialAction":[{"@type":"SearchAction","target":{"@type":"EntryPoint","urlTemplate":"https:\/\/www.volumec.com\/en\/?s={search_term_string}"},"query-input":{"@type":"PropertyValueSpecification","valueRequired":true,"valueName":"search_term_string"}}],"inLanguage":"es"},{"@type":"Organization","@id":"https:\/\/www.volumec.com\/en\/#organization","name":"Volumec","url":"https:\/\/www.volumec.com\/en\/","logo":{"@type":"ImageObject","inLanguage":"es","@id":"https:\/\/www.volumec.com\/en\/#\/schema\/logo\/image\/","url":"https:\/\/volumec.com\/wp-content\/uploads\/2024\/12\/Volumec-logo.png","contentUrl":"https:\/\/volumec.com\/wp-content\/uploads\/2024\/12\/Volumec-logo.png","width":320,"height":77,"caption":"Volumec"},"image":{"@id":"https:\/\/www.volumec.com\/en\/#\/schema\/logo\/image\/"}}]}},"_links":{"self":[{"href":"https:\/\/volumec.com\/es\/wp-json\/wp\/v2\/pages\/506","targetHints":{"allow":["GET"]}}],"collection":[{"href":"https:\/\/volumec.com\/es\/wp-json\/wp\/v2\/pages"}],"about":[{"href":"https:\/\/volumec.com\/es\/wp-json\/wp\/v2\/types\/page"}],"author":[{"embeddable":true,"href":"https:\/\/volumec.com\/es\/wp-json\/wp\/v2\/users\/1"}],"replies":[{"embeddable":true,"href":"https:\/\/volumec.com\/es\/wp-json\/wp\/v2\/comments?post=506"}],"version-history":[{"count":10,"href":"https:\/\/volumec.com\/es\/wp-json\/wp\/v2\/pages\/506\/revisions"}],"predecessor-version":[{"id":8049,"href":"https:\/\/volumec.com\/es\/wp-json\/wp\/v2\/pages\/506\/revisions\/8049"}],"wp:attachment":[{"href":"https:\/\/volumec.com\/es\/wp-json\/wp\/v2\/media?parent=506"}],"curies":[{"name":"wp","href":"https:\/\/api.w.org\/{rel}","templated":true}]}}