{"id":498,"date":"2024-12-05T12:16:08","date_gmt":"2024-12-05T11:16:08","guid":{"rendered":"http:\/\/volumec.com\/?page_id=498"},"modified":"2025-10-15T11:06:19","modified_gmt":"2025-10-15T09:06:19","slug":"brazo-roscador-electrico","status":"publish","type":"page","link":"https:\/\/volumec.com\/es\/brazo-roscador-electrico\/","title":{"rendered":"Brazo roscador el\u00e9ctrico"},"content":{"rendered":"<div class=\"wpb-content-wrapper\">[vc_row el_class=\u00bbptd100 pbd100 ptm50 pbm50&#8243;][vc_column][vc_column_text css=\u00bb\u00bb]<strong>Las roscadoras el\u00e9ctricas <\/strong>son m\u00e1quinas utilizadas en el \u00e1mbito industrial y artesanal para realizar roscas en componentes met\u00e1licos u otros materiales, funcionando con energ\u00eda el\u00e9ctrica normal.<\/p>\n<p>Nuestras <strong>roscadoras el\u00e9ctricas <\/strong>se caracterizan por un especial brazo articulado equilibrado de aluminio que, adem\u00e1s de bloquear los pares debidos al procesamiento, garantiza una alineaci\u00f3n r\u00e1pida y precisa de las herramientas.[\/vc_column_text][\/vc_column][\/vc_row][vc_row full_width=\u00bbstretch_row\u00bb el_class=\u00bbprodotto_riga_configuratore ptd70 pbd90 ptm50 pbm60&#8243; css=\u00bb.vc_custom_1733737463239{background-image: url(http:\/\/volumec.com\/wp-content\/uploads\/2024\/12\/configuratore-bg.jpg?id=401) !important;}\u00bb][vc_column][vc_column_text css_animation=\u00bbfadeInUp\u00bb css=\u00bb\u00bb text_align=\u00bbcenter\u00bb font_weight=\u00bb700&#8243; color=\u00bb#ffffff\u00bb]\n<h2>\u00bfNo sabes qu\u00e9 producto elegir?<br \/>\nUtilice nuestro configurador<\/h2>\n[\/vc_column_text]<style>.vcex-button.vcex_69e35d55420be{border-radius:0px;color:#ffffff!important;padding:20px;border:2px solid #0b8df1;font-family:Manrope;font-size:16px;font-weight:700;}.vcex-button.vcex_69e35d55420be:hover{color:#ffffff!important;}<\/style><div class=\"theme-button-wrap textcenter wpex-clr\"><a href=\"http:\/\/volumec.com\/es\/configurador-de-roscadoras\/\" class=\"vcex-button theme-button outline align-center inline bottone1 mtd45 mtm30 vcex_69e35d55420be\"><span class=\"vcex-button-inner theme-button-inner wpex-flex wpex-flex-wrap wpex-items-center wpex-justify-center\">ENTRA AL CONFIGURADOR<span class=\"vcex-button-icon vcex-icon-wrap theme-button-icon-right\"><span aria-hidden=\"true\" class=\"fas fa-arrow-right\"><\/span><\/span><\/span><\/a><\/div> [\/vc_column][\/vc_row][vc_row el_class=\u00bbptd100 pbd100 ptm50 pbm50&#8243;][vc_column][vc_column_text css=\u00bb\u00bb]\n<h2><strong>Elige el mejor modelo y configuraci\u00f3n para tu trabajo<\/strong><\/h2>\n<p>&nbsp;<\/p>\n<p><strong>Las roscadoras el\u00e9ctricas Joytap<\/strong> desarrolladas y producidas por Volumec est\u00e1n dise\u00f1adas para satisfacer mejor las necesidades espec\u00edficas de roscado y atornillado de empresas que desean m\u00e1quinas confiables, de alto rendimiento pero f\u00e1ciles de usar. Diferentes modelos disponibles, basados en aplicaciones desde M2 hasta M48. Todas nuestras roscadoras el\u00e9ctricas Joytap y Sniper est\u00e1n equipadas con motores brushless de nueva generaci\u00f3n y brazos articulados fiables y robustos incluso para un uso intensivo.<\/p>\n<p><strong>NO S\u00d3LO PARA ROSCADO<\/strong><\/p>\n<p>los modelos Joytap equipados con el sistema de control VASTC se pueden programar para roscado autom\u00e1tico, atornillado con par controlado y colocaci\u00f3n de insertos.[\/vc_column_text][\/vc_column][\/vc_row][vc_row full_width=\u00bbstretch_row\u00bb gap=\u00bb30&#8243; equal_height=\u00bbyes\u00bb columns_right=\u00bbyes\u00bb el_class=\u00bbprodotti_riga_prodotto ptd130 pbd130 ptm60 pbm60&#8243; css=\u00bb.vc_custom_1733471381571{background-color: #F1F1F1 !important;}\u00bb][vc_column css_animation=\u00bbfadeInRight\u00bb width=\u00bb1\/2&#8243;][vc_column_text css=\u00bb\u00bb el_class=\u00bbmtd20 mtm20 brm\u00bb]\n<h3><strong>Joytap 3 Evo2<\/strong><\/h3>\n[\/vc_column_text][vc_column_text css=\u00bb.vc_custom_1734598133849{margin-top: 10px !important;}\u00bb font_weight=\u00bb700&#8243; font_size=\u00bb28px\u00bb line_height=\u00bb120%\u00bb]<strong>Radio 2000 mm <\/strong><strong>hasta M48 &#8211; atornillado hasta 400Nm<\/strong>[\/vc_column_text][vc_column_text css=\u00bb\u00bb el_class=\u00bbmtd20 mtm20&#8243; font_weight=\u00bb700&#8243;]Joytap es la roscadora el\u00e9ctrica que representa certeza de rendimiento, calidad y bajo consumo. Sus caracter\u00edsticas t\u00e9cnicas \u00fanicas, fruto de a\u00f1os de desarrollo, permiten realizar con una misma m\u00e1quina las siguientes operaciones: roscado, atornillado con control de par, instalaci\u00f3n de inserto\/ helicoil , avellanado y escariado.[\/vc_column_text][vc_column_text css=\u00bb\u00bb el_class=\u00bbmtd20 mtm20&#8243;]Caracter\u00edsticas<\/p>\n<ul>\n<li>Nueva estructura de aluminio con triple brazo articulado desarrollada con perfil exclusivo Volumec que garantiza precisi\u00f3n y rigidez en el procesamiento.<\/li>\n<li>Ideal para roscas verticales, horizontales y de \u00e1ngulo intermedio.<\/li>\n<li>Mec\u00e1nica mejorada del brazo articulado para mayor fluidez y fuerza.<\/li>\n<li>Motor sin escobillas (G2) desde a 750 Watt de nueva generaci\u00f3n con rendimiento y fiabilidad inigualables<\/li>\n<li>Cableado blindado integrado que no requiere ajustes inc\u00f3modos durante los movimientos<\/li>\n<li>Panelelo touch VASTC, el m\u00e1s avanzado del mercado para atornillado\/roscado autom\u00e1tico con control de par, descarga de viruta y muchas otras funciones nuevas y con par (Nm), guardando programas de mecanizado incluso a distancia<\/li>\n<li>Cabezal multidireccional tambi\u00e9n incluido con b\u00fasqueda autom\u00e1tica de alineaci\u00f3n de piezas de 0-90\u00b0<\/li>\n<li>Consumo reducido y m\u00ednimo ruido.<\/li>\n<\/ul>\n[\/vc_column_text]<style>.vcex-button.vcex_69e35d5544f0e{border-radius:0px;color:#000000!important;padding:20px;border:2px solid #0b8df1;font-family:Manrope;font-size:16px;font-weight:700;}.vcex-button.vcex_69e35d5544f0e:hover{color:#000000!important;}<\/style><div class=\"theme-button-wrap textcenter wpex-clr\"><a href=\"http:\/\/volumec.com\/es\/brazo-roscador-electrico\/joytap-3\/\" class=\"vcex-button theme-button outline align-center inline bottone1 mtd30 mtm30 vcex_69e35d5544f0e\"><span class=\"vcex-button-inner theme-button-inner wpex-flex wpex-flex-wrap wpex-items-center wpex-justify-center\">DESCUBRE M\u00c1S<span class=\"vcex-button-icon vcex-icon-wrap theme-button-icon-right\"><span aria-hidden=\"true\" class=\"fas fa-arrow-right\"><\/span><\/span><\/span><\/a><\/div> [\/vc_column][vc_column css_animation=\u00bbfadeInLeft\u00bb width=\u00bb1\/2&#8243;]<figure class=\"vcex-image vcex-module wpex-text-center\"><div class=\"vcex-image-inner wpex-relative wpex-inline-block\"><img width=\"768\" height=\"595\" src=\"https:\/\/volumec.com\/wp-content\/uploads\/2025\/10\/Roscadoras-Electricas-Joytap-3-Evo2.jpg\" class=\"vcex-image-img wpex-align-middle\" alt=\"\" loading=\"lazy\" decoding=\"async\" srcset=\"https:\/\/volumec.com\/wp-content\/uploads\/2025\/10\/Roscadoras-Electricas-Joytap-3-Evo2.jpg 768w, https:\/\/volumec.com\/wp-content\/uploads\/2025\/10\/Roscadoras-Electricas-Joytap-3-Evo2-300x232.jpg 300w, https:\/\/volumec.com\/wp-content\/uploads\/2025\/10\/Roscadoras-Electricas-Joytap-3-Evo2-600x465.jpg 600w\" sizes=\"auto, (max-width: 768px) 100vw, 768px\" \/><\/div><\/figure>[\/vc_column][\/vc_row][vc_row full_width=\u00bbstretch_row\u00bb gap=\u00bb30&#8243; equal_height=\u00bbyes\u00bb el_class=\u00bbprodotti_riga_prodotto ptd130 pbd130 ptm60 pbm60&#8243;][vc_column css_animation=\u00bbfadeInLeft\u00bb width=\u00bb1\/2&#8243;][vc_column_text css=\u00bb\u00bb el_class=\u00bbmtd20 mtm20 brm\u00bb]\n<h3><strong>Joytap 2 Evo2<\/strong><\/h3>\n[\/vc_column_text][vc_column_text css=\u00bb.vc_custom_1734598070328{margin-top: 10px !important;}\u00bb font_weight=\u00bb700&#8243; font_size=\u00bb28px\u00bb line_height=\u00bb120%\u00bb]<strong>Radio 1370 mm <\/strong><strong>hasta M24 &#8211; atornillado hasta 180Nm<\/strong>[\/vc_column_text][vc_column_text css=\u00bb\u00bb el_class=\u00bbmtd20 mtm20&#8243; font_weight=\u00bb700&#8243;]Joytap es la roscadora el\u00e9ctrica que representa certeza de rendimiento, calidad y bajo consumo. Sus caracter\u00edsticas t\u00e9cnicas \u00fanicas, fruto de a\u00f1os de desarrollo, permiten realizar con una misma m\u00e1quina las siguientes operaciones: roscado, atornillado con control de par, instalaci\u00f3n de inserto\/ helicoil , avellanado y escariado.[\/vc_column_text][vc_column_text css=\u00bb\u00bb el_class=\u00bbmtd20 mtm20&#8243;]Caracter\u00edsticas<\/p>\n<ul>\n<li>Nueva estructura de aluminio con doble brazo articulado desarrollada con exclusivo perfil volum\u00e9trico que aporta mayor rigidez y precisi\u00f3n respecto a otros modelos.<\/li>\n<li>Amplio ajuste de la velocidad de trabajo con par constante.<\/li>\n<li>Mec\u00e1nica mejorada del brazo articulado para mayor fluidez y fuerza.<\/li>\n<li>Motor sin escobillas (G2) desde a 750 Watt de nueva generaci\u00f3n con rendimiento y fiabilidad inigualables<\/li>\n<li>Cabezal multidireccional tambi\u00e9n incluido con b\u00fasqueda autom\u00e1tica de alineaci\u00f3n de piezas de 0-90\u00b0<\/li>\n<li>Cableado blindado integrado que no requiere ajustes inc\u00f3modos durante los movimientos<\/li>\n<li>Panelelo tocar vastc , el m\u00e1s avanzado del mercado para atornillado\/roscado autom\u00e1tico con control de par, descarga de viruta y muchas otras funciones nuevas y con par (Nm), guardando programas de mecanizado incluso a distancia<\/li>\n<li>Consumo reducido y m\u00ednimo ruido.<\/li>\n<\/ul>\n[\/vc_column_text]<style>.vcex-button.vcex_69e35d554af6a{border-radius:0px;color:#000000!important;padding:20px;border:2px solid #0b8df1;font-family:Manrope;font-size:16px;font-weight:700;}.vcex-button.vcex_69e35d554af6a:hover{color:#000000!important;}<\/style><div class=\"theme-button-wrap textcenter wpex-clr\"><a href=\"http:\/\/volumec.com\/es\/brazo-roscador-electrico\/joytap-2\/\" class=\"vcex-button theme-button outline align-center inline bottone1 mtd30 mtm30 vcex_69e35d554af6a\"><span class=\"vcex-button-inner theme-button-inner wpex-flex wpex-flex-wrap wpex-items-center wpex-justify-center\">DESCUBRE M\u00c1S<span class=\"vcex-button-icon vcex-icon-wrap theme-button-icon-right\"><span aria-hidden=\"true\" class=\"fas fa-arrow-right\"><\/span><\/span><\/span><\/a><\/div> [\/vc_column][vc_column css_animation=\u00bbfadeInRight\u00bb width=\u00bb1\/2&#8243;]<figure class=\"vcex-image vcex-module wpex-text-center\"><div class=\"vcex-image-inner wpex-relative wpex-inline-block\"><img width=\"768\" height=\"595\" src=\"https:\/\/volumec.com\/wp-content\/uploads\/2025\/10\/Roscadoras-Electricas-Joytap-2-Evo2.jpg\" class=\"vcex-image-img wpex-align-middle\" alt=\"\" loading=\"lazy\" decoding=\"async\" srcset=\"https:\/\/volumec.com\/wp-content\/uploads\/2025\/10\/Roscadoras-Electricas-Joytap-2-Evo2.jpg 768w, https:\/\/volumec.com\/wp-content\/uploads\/2025\/10\/Roscadoras-Electricas-Joytap-2-Evo2-300x232.jpg 300w, https:\/\/volumec.com\/wp-content\/uploads\/2025\/10\/Roscadoras-Electricas-Joytap-2-Evo2-600x465.jpg 600w\" sizes=\"auto, (max-width: 768px) 100vw, 768px\" \/><\/div><\/figure>[\/vc_column][\/vc_row][vc_row full_width=\u00bbstretch_row\u00bb gap=\u00bb30&#8243; equal_height=\u00bbyes\u00bb columns_right=\u00bbyes\u00bb el_class=\u00bbprodotti_riga_prodotto ptd130 pbd130 ptm60 pbm60&#8243; css=\u00bb.vc_custom_1733471381571{background-color: #F1F1F1 !important;}\u00bb][vc_column css_animation=\u00bbfadeInRight\u00bb width=\u00bb1\/2&#8243;][vc_column_text css=\u00bb\u00bb el_class=\u00bbmtd20 mtm20 brm\u00bb]\n<h3><strong>Sniper SNP400<\/strong><\/h3>\n[\/vc_column_text][vc_column_text css=\u00bb.vc_custom_1734598002780{margin-top: 10px !important;}\u00bb font_weight=\u00bb700&#8243; font_size=\u00bb28px\u00bb line_height=\u00bb120%\u00bb]Radio 1100 mm hasta M16.[\/vc_column_text][vc_column_text css=\u00bb\u00bb el_class=\u00bbmtd20 mtm20&#8243; font_weight=\u00bb700&#8243;]Compacta y f\u00e1cil de manejar gracias a su estructura de aluminio, la Sniper es una roscadora el\u00e9ctrica con motor Brushless de 400 Watts que permite una amplia gama de roscados sobre cualquier tipo de material. La unidad de control est\u00e1 completamente integrada dentro del brazo articulado.[\/vc_column_text][vc_column_text css=\u00bb\u00bb el_class=\u00bbmtd20 mtm20&#8243;]Caracter\u00edsticas t\u00e9cnicas:<\/p>\n<ul>\n<li>Sistema de brazo articulado equilibrado, fabricado \u00edntegramente en aluminio especial que garantiza una alineaci\u00f3n r\u00e1pida y precisa de los agujeros.<\/li>\n<li>Motor Brushless de 400 W (220 V) totalmente integrado en el brazo de alto rendimiento, m\u00ednimo ruido y bajo consumo.<\/li>\n<li>Amplio ajuste de la velocidad de roscado sin el uso de m\u00f3dulos.<\/li>\n<li>Velocidad m\u00e1xima en sentido antihorario para una salida r\u00e1pida de la herramienta.<\/li>\n<li>Brazo articulado con equilibrio ajustable.<\/li>\n<li>Posibilidad de roscar agujeros ciegos y pasantes gracias a los embragues regulables y al sensor de profundidad (Opcional)<\/li>\n<\/ul>\n[\/vc_column_text]<style>.vcex-button.vcex_69e35d554efee{border-radius:0px;color:#000000!important;padding:20px;border:2px solid #0b8df1;font-family:Manrope;font-size:16px;font-weight:700;}.vcex-button.vcex_69e35d554efee:hover{color:#000000!important;}<\/style><div class=\"theme-button-wrap textcenter wpex-clr\"><a href=\"http:\/\/volumec.com\/es\/brazo-roscador-electrico\/sniper-snp400\/\" class=\"vcex-button theme-button outline align-center inline bottone1 mtd30 mtm30 vcex_69e35d554efee\"><span class=\"vcex-button-inner theme-button-inner wpex-flex wpex-flex-wrap wpex-items-center wpex-justify-center\">DESCUBRE M\u00c1S<span class=\"vcex-button-icon vcex-icon-wrap theme-button-icon-right\"><span aria-hidden=\"true\" class=\"fas fa-arrow-right\"><\/span><\/span><\/span><\/a><\/div> [\/vc_column][vc_column css_animation=\u00bbfadeInLeft\u00bb width=\u00bb1\/2&#8243;]<figure class=\"vcex-image vcex-module wpex-text-center\"><div class=\"vcex-image-inner wpex-relative wpex-inline-block\"><img width=\"768\" height=\"595\" src=\"https:\/\/volumec.com\/wp-content\/uploads\/2025\/10\/Roscadoras-Electricas-Sniper-Snp400.jpg\" class=\"vcex-image-img wpex-align-middle\" alt=\"\" loading=\"lazy\" decoding=\"async\" srcset=\"https:\/\/volumec.com\/wp-content\/uploads\/2025\/10\/Roscadoras-Electricas-Sniper-Snp400.jpg 768w, https:\/\/volumec.com\/wp-content\/uploads\/2025\/10\/Roscadoras-Electricas-Sniper-Snp400-300x232.jpg 300w, https:\/\/volumec.com\/wp-content\/uploads\/2025\/10\/Roscadoras-Electricas-Sniper-Snp400-600x465.jpg 600w\" sizes=\"auto, (max-width: 768px) 100vw, 768px\" \/><\/div><\/figure>[\/vc_column][\/vc_row][vc_row css_animation=\u00bbfadeIn\u00bb full_width=\u00bbstretch_row\u00bb content_placement=\u00bbmiddle\u00bb parallax=\u00bbcontent-moving\u00bb parallax_image=\u00bb277&#8243; el_class=\u00bbriga_banner ptd30 pbd30 ptm40 pbm40&#8243;][vc_column width=\u00bb1\/2&#8243;]<style>.vcex-image.vcex_69e35d555236c .vcex-image-inner{max-width:600px;}<\/style><figure class=\"vcex-image vcex-module vcex_69e35d555236c\"><div class=\"vcex-image-inner wpex-relative wpex-inline-block\"><img width=\"1000\" height=\"239\" src=\"https:\/\/volumec.com\/wp-content\/uploads\/2024\/12\/logo-Volumec.png\" class=\"vcex-image-img wpex-align-middle\" alt=\"\" loading=\"lazy\" decoding=\"async\" srcset=\"https:\/\/volumec.com\/wp-content\/uploads\/2024\/12\/logo-Volumec.png 1000w, https:\/\/volumec.com\/wp-content\/uploads\/2024\/12\/logo-Volumec-300x72.png 300w, https:\/\/volumec.com\/wp-content\/uploads\/2024\/12\/logo-Volumec-768x184.png 768w, https:\/\/volumec.com\/wp-content\/uploads\/2024\/12\/logo-Volumec-600x143.png 600w\" sizes=\"auto, (max-width: 1000px) 100vw, 1000px\" \/><\/div><\/figure>[\/vc_column][vc_column width=\u00bb1\/2&#8243; el_class=\u00bbptm40 cm\u00bb][vc_column_text css=\u00bb\u00bb color=\u00bb#ffffff\u00bb font_size=\u00bbd:100px|pl:45px|pp:45px\u00bb line_height=\u00bb110%\u00bb font_weight=\u00bb300&#8243;]Be <strong>innovative<\/strong>[\/vc_column_text][\/vc_column][\/vc_row]\n<\/div>","protected":false},"excerpt":{"rendered":"<p>[vc_row el_class=\u00bbptd100 pbd100 ptm50 pbm50&#8243;][vc_column][vc_column_text css=\u00bb\u00bb]Las roscadoras el\u00e9ctricas son m\u00e1quinas utilizadas en el \u00e1mbito industrial y artesanal para realizar roscas en componentes met\u00e1licos u otros materiales, funcionando con energ\u00eda el\u00e9ctrica normal. Nuestras roscadoras el\u00e9ctricas se caracterizan por un especial brazo articulado equilibrado de aluminio que, adem\u00e1s de bloquear los pares debidos al procesamiento, garantiza una&hellip;<\/p>\n","protected":false},"author":1,"featured_media":0,"parent":0,"menu_order":0,"comment_status":"closed","ping_status":"closed","template":"","meta":{"_acf_changed":false,"inline_featured_image":false,"footnotes":""},"class_list":["post-498","page","type-page","status-publish","hentry","entry","no-media"],"acf":[],"yoast_head":"<!-- This site is optimized with the Yoast SEO plugin v25.1 - https:\/\/yoast.com\/wordpress\/plugins\/seo\/ -->\n<title>Brazo roscador el\u00e9ctrico - Volumec<\/title>\n<meta name=\"description\" content=\"Las m\u00e1quinas roscadoras el\u00e9ctricas son m\u00e1quinas utilizadas en el \u00e1mbito industrial y artesanal para realizar roscados en componentes met\u00e1licos o en otros materiales.\" \/>\n<meta name=\"robots\" content=\"index, follow, max-snippet:-1, max-image-preview:large, max-video-preview:-1\" \/>\n<link rel=\"canonical\" href=\"https:\/\/volumec.com\/es\/brazo-roscador-electrico\/\" \/>\n<meta property=\"og:locale\" content=\"es_ES\" \/>\n<meta property=\"og:type\" content=\"article\" \/>\n<meta property=\"og:title\" content=\"Brazo roscador el\u00e9ctrico - Volumec\" \/>\n<meta property=\"og:description\" content=\"Las m\u00e1quinas roscadoras el\u00e9ctricas son m\u00e1quinas utilizadas en el \u00e1mbito industrial y artesanal para realizar roscados en componentes met\u00e1licos o en otros materiales.\" \/>\n<meta property=\"og:url\" content=\"https:\/\/volumec.com\/es\/brazo-roscador-electrico\/\" \/>\n<meta property=\"og:site_name\" content=\"Volumec\" \/>\n<meta property=\"article:modified_time\" content=\"2025-10-15T09:06:19+00:00\" \/>\n<meta name=\"twitter:card\" content=\"summary_large_image\" \/>\n<meta name=\"twitter:label1\" content=\"Tiempo de lectura\" \/>\n\t<meta name=\"twitter:data1\" content=\"7 minutos\" \/>\n<script type=\"application\/ld+json\" class=\"yoast-schema-graph\">{\"@context\":\"https:\/\/schema.org\",\"@graph\":[{\"@type\":\"WebPage\",\"@id\":\"https:\/\/volumec.com\/es\/brazo-roscador-electrico\/\",\"url\":\"https:\/\/volumec.com\/es\/brazo-roscador-electrico\/\",\"name\":\"Brazo roscador el\u00e9ctrico - Volumec\",\"isPartOf\":{\"@id\":\"https:\/\/www.volumec.com\/en\/#website\"},\"datePublished\":\"2024-12-05T11:16:08+00:00\",\"dateModified\":\"2025-10-15T09:06:19+00:00\",\"description\":\"Las m\u00e1quinas roscadoras el\u00e9ctricas son m\u00e1quinas utilizadas en el \u00e1mbito industrial y artesanal para realizar roscados en componentes met\u00e1licos o en otros materiales.\",\"breadcrumb\":{\"@id\":\"https:\/\/volumec.com\/es\/brazo-roscador-electrico\/#breadcrumb\"},\"inLanguage\":\"es\",\"potentialAction\":[{\"@type\":\"ReadAction\",\"target\":[\"https:\/\/volumec.com\/es\/brazo-roscador-electrico\/\"]}]},{\"@type\":\"BreadcrumbList\",\"@id\":\"https:\/\/volumec.com\/es\/brazo-roscador-electrico\/#breadcrumb\",\"itemListElement\":[{\"@type\":\"ListItem\",\"position\":1,\"name\":\"Home\",\"item\":\"https:\/\/volumec.com\/es\/\"},{\"@type\":\"ListItem\",\"position\":2,\"name\":\"Brazo roscador el\u00e9ctrico\"}]},{\"@type\":\"WebSite\",\"@id\":\"https:\/\/www.volumec.com\/en\/#website\",\"url\":\"https:\/\/www.volumec.com\/en\/\",\"name\":\"Volumec.com\",\"description\":\"\",\"publisher\":{\"@id\":\"https:\/\/www.volumec.com\/en\/#organization\"},\"alternateName\":\"be innovative\",\"potentialAction\":[{\"@type\":\"SearchAction\",\"target\":{\"@type\":\"EntryPoint\",\"urlTemplate\":\"https:\/\/www.volumec.com\/en\/?s={search_term_string}\"},\"query-input\":{\"@type\":\"PropertyValueSpecification\",\"valueRequired\":true,\"valueName\":\"search_term_string\"}}],\"inLanguage\":\"es\"},{\"@type\":\"Organization\",\"@id\":\"https:\/\/www.volumec.com\/en\/#organization\",\"name\":\"Volumec\",\"url\":\"https:\/\/www.volumec.com\/en\/\",\"logo\":{\"@type\":\"ImageObject\",\"inLanguage\":\"es\",\"@id\":\"https:\/\/www.volumec.com\/en\/#\/schema\/logo\/image\/\",\"url\":\"https:\/\/volumec.com\/wp-content\/uploads\/2024\/12\/Volumec-logo.png\",\"contentUrl\":\"https:\/\/volumec.com\/wp-content\/uploads\/2024\/12\/Volumec-logo.png\",\"width\":320,\"height\":77,\"caption\":\"Volumec\"},\"image\":{\"@id\":\"https:\/\/www.volumec.com\/en\/#\/schema\/logo\/image\/\"}}]}<\/script>\n<!-- \/ Yoast SEO plugin. -->","yoast_head_json":{"title":"Brazo roscador el\u00e9ctrico - Volumec","description":"Las m\u00e1quinas roscadoras el\u00e9ctricas son m\u00e1quinas utilizadas en el \u00e1mbito industrial y artesanal para realizar roscados en componentes met\u00e1licos o en otros materiales.","robots":{"index":"index","follow":"follow","max-snippet":"max-snippet:-1","max-image-preview":"max-image-preview:large","max-video-preview":"max-video-preview:-1"},"canonical":"https:\/\/volumec.com\/es\/brazo-roscador-electrico\/","og_locale":"es_ES","og_type":"article","og_title":"Brazo roscador el\u00e9ctrico - Volumec","og_description":"Las m\u00e1quinas roscadoras el\u00e9ctricas son m\u00e1quinas utilizadas en el \u00e1mbito industrial y artesanal para realizar roscados en componentes met\u00e1licos o en otros materiales.","og_url":"https:\/\/volumec.com\/es\/brazo-roscador-electrico\/","og_site_name":"Volumec","article_modified_time":"2025-10-15T09:06:19+00:00","twitter_card":"summary_large_image","twitter_misc":{"Tiempo de lectura":"7 minutos"},"schema":{"@context":"https:\/\/schema.org","@graph":[{"@type":"WebPage","@id":"https:\/\/volumec.com\/es\/brazo-roscador-electrico\/","url":"https:\/\/volumec.com\/es\/brazo-roscador-electrico\/","name":"Brazo roscador el\u00e9ctrico - Volumec","isPartOf":{"@id":"https:\/\/www.volumec.com\/en\/#website"},"datePublished":"2024-12-05T11:16:08+00:00","dateModified":"2025-10-15T09:06:19+00:00","description":"Las m\u00e1quinas roscadoras el\u00e9ctricas son m\u00e1quinas utilizadas en el \u00e1mbito industrial y artesanal para realizar roscados en componentes met\u00e1licos o en otros materiales.","breadcrumb":{"@id":"https:\/\/volumec.com\/es\/brazo-roscador-electrico\/#breadcrumb"},"inLanguage":"es","potentialAction":[{"@type":"ReadAction","target":["https:\/\/volumec.com\/es\/brazo-roscador-electrico\/"]}]},{"@type":"BreadcrumbList","@id":"https:\/\/volumec.com\/es\/brazo-roscador-electrico\/#breadcrumb","itemListElement":[{"@type":"ListItem","position":1,"name":"Home","item":"https:\/\/volumec.com\/es\/"},{"@type":"ListItem","position":2,"name":"Brazo roscador el\u00e9ctrico"}]},{"@type":"WebSite","@id":"https:\/\/www.volumec.com\/en\/#website","url":"https:\/\/www.volumec.com\/en\/","name":"Volumec.com","description":"","publisher":{"@id":"https:\/\/www.volumec.com\/en\/#organization"},"alternateName":"be innovative","potentialAction":[{"@type":"SearchAction","target":{"@type":"EntryPoint","urlTemplate":"https:\/\/www.volumec.com\/en\/?s={search_term_string}"},"query-input":{"@type":"PropertyValueSpecification","valueRequired":true,"valueName":"search_term_string"}}],"inLanguage":"es"},{"@type":"Organization","@id":"https:\/\/www.volumec.com\/en\/#organization","name":"Volumec","url":"https:\/\/www.volumec.com\/en\/","logo":{"@type":"ImageObject","inLanguage":"es","@id":"https:\/\/www.volumec.com\/en\/#\/schema\/logo\/image\/","url":"https:\/\/volumec.com\/wp-content\/uploads\/2024\/12\/Volumec-logo.png","contentUrl":"https:\/\/volumec.com\/wp-content\/uploads\/2024\/12\/Volumec-logo.png","width":320,"height":77,"caption":"Volumec"},"image":{"@id":"https:\/\/www.volumec.com\/en\/#\/schema\/logo\/image\/"}}]}},"_links":{"self":[{"href":"https:\/\/volumec.com\/es\/wp-json\/wp\/v2\/pages\/498","targetHints":{"allow":["GET"]}}],"collection":[{"href":"https:\/\/volumec.com\/es\/wp-json\/wp\/v2\/pages"}],"about":[{"href":"https:\/\/volumec.com\/es\/wp-json\/wp\/v2\/types\/page"}],"author":[{"embeddable":true,"href":"https:\/\/volumec.com\/es\/wp-json\/wp\/v2\/users\/1"}],"replies":[{"embeddable":true,"href":"https:\/\/volumec.com\/es\/wp-json\/wp\/v2\/comments?post=498"}],"version-history":[{"count":16,"href":"https:\/\/volumec.com\/es\/wp-json\/wp\/v2\/pages\/498\/revisions"}],"predecessor-version":[{"id":7990,"href":"https:\/\/volumec.com\/es\/wp-json\/wp\/v2\/pages\/498\/revisions\/7990"}],"wp:attachment":[{"href":"https:\/\/volumec.com\/es\/wp-json\/wp\/v2\/media?parent=498"}],"curies":[{"name":"wp","href":"https:\/\/api.w.org\/{rel}","templated":true}]}}