{"id":490,"date":"2024-12-05T12:16:57","date_gmt":"2024-12-05T11:16:57","guid":{"rendered":"http:\/\/volumec.com\/?page_id=490"},"modified":"2025-10-24T12:38:21","modified_gmt":"2025-10-24T10:38:21","slug":"manipulador-movil","status":"publish","type":"page","link":"https:\/\/volumec.com\/es\/manipulador-movil\/","title":{"rendered":"Manipulador m\u00f3vil"},"content":{"rendered":"<div class=\"wpb-content-wrapper\">[vc_row el_class=\u00bbptd100 pbd100 ptm50 pbm50&#8243;][vc_column][vc_column_text css=\u00bb\u00bb]<strong>Los manipuladores m\u00f3viles RM01, RM02 y EAM son sistemas de brazos ergon\u00f3micos que permiten manipular cargas de hasta 100 kg<\/strong>. Gracias a su base m\u00f3vil se pueden transportar f\u00e1cilmente a diferentes zonas de producci\u00f3n y con el sistema de agarre modular se pueden adaptar a diferentes. formas y piezas a manipular.<\/p>\n<p>Nuestros manipuladores m\u00f3viles Rover y Easyarm Los manipuladores son una combinaci\u00f3n de ergonom\u00eda y versatilidad, dise\u00f1ados para mejorar la productividad y seguridad de los operadores en operaciones de montaje, log\u00edstica y manipulaci\u00f3n de materiales, garantizando precisi\u00f3n y adaptabilidad.[\/vc_column_text][\/vc_column][\/vc_row][vc_row full_width=\u00bbstretch_row\u00bb el_class=\u00bbprodotto_riga_configuratore ptd70 pbd90 ptm50 pbm60&#8243; css=\u00bb.vc_custom_1733737463239{background-image: url(http:\/\/volumec.com\/wp-content\/uploads\/2024\/12\/configuratore-bg.jpg?id=401) !important;}\u00bb][vc_column][vc_column_text css_animation=\u00bbfadeInUp\u00bb css=\u00bb\u00bb text_align=\u00bbcenter\u00bb font_weight=\u00bb700&#8243; color=\u00bb#ffffff\u00bb]\n<h2><strong>Rover o Easyarm Manipulador: un manipulador m\u00f3vil que colocas donde quieras.<\/strong><\/h2>\n[\/vc_column_text][\/vc_column][\/vc_row][vc_row full_width=\u00bbstretch_row\u00bb gap=\u00bb30&#8243; equal_height=\u00bbyes\u00bb columns_right=\u00bbyes\u00bb el_class=\u00bbprodotti_riga_prodotto ptd130 pbd130 ptm60 pbm60&#8243; css=\u00bb.vc_custom_1733471381571{background-color: #F1F1F1 !important;}\u00bb][vc_column css_animation=\u00bbfadeInRight\u00bb width=\u00bb1\/2&#8243;][vc_column_text css=\u00bb\u00bb el_class=\u00bbmtd20 mtm20 brm\u00bb]\n<h3><strong>Manipulador m\u00f3vil RM01<\/strong><\/h3>\n[\/vc_column_text][vc_column_text css=\u00bb\u00bb el_class=\u00bbmtd20 mtm20&#8243;]Caracter\u00edsticas t\u00e9cnicas<\/p>\n<p><strong>El Manipulador Rover RM01 tiene una capacidad de carga m\u00e1xima de 100 kg <\/strong>y un sistema de agarre intercambiable en funci\u00f3n de diferentes necesidades o tipos de piezas.\u00a0El cabezal puede girarse manualmente o motorizarse en m\u00faltiples ejes, por lo que es capaz de girar autom\u00e1ticamente las piezas durante la fase de elevaci\u00f3n.<\/p>\n<p>El Rover RM01 se convierte en un manipulador m\u00f3vil si est\u00e1 equipado con el carro CSM001 y CSM002, pero tambi\u00e9n se puede fijar al suelo o al techo.[\/vc_column_text]<style>.vcex-button.vcex_69e06294e0ae8{border-radius:0px;color:#000000!important;padding:20px;border:2px solid #0b8df1;font-family:Manrope;font-size:16px;font-weight:700;}.vcex-button.vcex_69e06294e0ae8:hover{color:#000000!important;}<\/style><div class=\"theme-button-wrap textcenter wpex-clr\"><a href=\"https:\/\/volumec.com\/es\/manipulador-movil\/rover-manipulator-rm01\/\" class=\"vcex-button theme-button outline align-center inline bottone1 mtd30 mtm30 vcex_69e06294e0ae8\"><span class=\"vcex-button-inner theme-button-inner wpex-flex wpex-flex-wrap wpex-items-center wpex-justify-center\">DESCUBRE M\u00c1S<span class=\"vcex-button-icon vcex-icon-wrap theme-button-icon-right\"><span aria-hidden=\"true\" class=\"fas fa-arrow-right\"><\/span><\/span><\/span><\/a><\/div> [\/vc_column][vc_column css_animation=\u00bbfadeInLeft\u00bb width=\u00bb1\/2&#8243;]<figure class=\"vcex-image vcex-module wpex-text-center\"><div class=\"vcex-image-inner wpex-relative wpex-inline-block\"><img width=\"768\" height=\"595\" src=\"https:\/\/volumec.com\/wp-content\/uploads\/2025\/10\/Manipuladores-Moviles-Rover-Manipulator-Rm01.jpg\" class=\"vcex-image-img wpex-align-middle\" alt=\"\" loading=\"lazy\" decoding=\"async\" srcset=\"https:\/\/volumec.com\/wp-content\/uploads\/2025\/10\/Manipuladores-Moviles-Rover-Manipulator-Rm01.jpg 768w, https:\/\/volumec.com\/wp-content\/uploads\/2025\/10\/Manipuladores-Moviles-Rover-Manipulator-Rm01-300x232.jpg 300w, https:\/\/volumec.com\/wp-content\/uploads\/2025\/10\/Manipuladores-Moviles-Rover-Manipulator-Rm01-600x465.jpg 600w\" sizes=\"auto, (max-width: 768px) 100vw, 768px\" \/><\/div><\/figure>[\/vc_column][\/vc_row][vc_row full_width=\u00bbstretch_row\u00bb gap=\u00bb30&#8243; equal_height=\u00bbyes\u00bb el_class=\u00bbprodotti_riga_prodotto ptd130 pbd130 ptm60 pbm60&#8243;][vc_column css_animation=\u00bbfadeInLeft\u00bb width=\u00bb1\/2&#8243;][vc_column_text css=\u00bb\u00bb el_class=\u00bbmtd20 mtm20 brm\u00bb]\n<h3><strong>Manipulador m\u00f3vil RM02<\/strong><\/h3>\n[\/vc_column_text][vc_column_text css=\u00bb\u00bb el_class=\u00bbmtd20 mtm20&#8243;]Caracter\u00edsticas t\u00e9cnicas<\/p>\n<p><strong>Manipulador Rover RM02, tiene una capacidad de carga m\u00e1xima de 50 kg <\/strong>y un sistema de agarre intercambiable en funci\u00f3n de diferentes necesidades o tipos de piezas.\u00a0La doble articulaci\u00f3n representa una soluci\u00f3n \u00fanica que permite ajustar la altura del sistema de agarre antes de realizar la manipulaci\u00f3n.<\/p>\n<p>El Rover RM02 se convierte en un manipulador m\u00f3vil si est\u00e1 equipado con el carro CSM001 y CSM002 pero tambi\u00e9n se puede fijar al suelo o al techo.[\/vc_column_text]<style>.vcex-button.vcex_69e06294e72a9{border-radius:0px;color:#000000!important;padding:20px;border:2px solid #0b8df1;font-family:Manrope;font-size:16px;font-weight:700;}.vcex-button.vcex_69e06294e72a9:hover{color:#000000!important;}<\/style><div class=\"theme-button-wrap textcenter wpex-clr\"><a href=\"https:\/\/volumec.com\/es\/manipulador-movil\/rover-manipolatore-rm02\/\" class=\"vcex-button theme-button outline align-center inline bottone1 mtd30 mtm30 vcex_69e06294e72a9\"><span class=\"vcex-button-inner theme-button-inner wpex-flex wpex-flex-wrap wpex-items-center wpex-justify-center\">DESCUBRE M\u00c1S<span class=\"vcex-button-icon vcex-icon-wrap theme-button-icon-right\"><span aria-hidden=\"true\" class=\"fas fa-arrow-right\"><\/span><\/span><\/span><\/a><\/div> [\/vc_column][vc_column css_animation=\u00bbfadeInRight\u00bb width=\u00bb1\/2&#8243;]<figure class=\"vcex-image vcex-module wpex-text-center\"><div class=\"vcex-image-inner wpex-relative wpex-inline-block\"><img width=\"768\" height=\"595\" src=\"https:\/\/volumec.com\/wp-content\/uploads\/2025\/10\/Manipuladores-Moviles-Rover-Manipulator-Rm02.jpg\" class=\"vcex-image-img wpex-align-middle\" alt=\"\" loading=\"lazy\" decoding=\"async\" srcset=\"https:\/\/volumec.com\/wp-content\/uploads\/2025\/10\/Manipuladores-Moviles-Rover-Manipulator-Rm02.jpg 768w, https:\/\/volumec.com\/wp-content\/uploads\/2025\/10\/Manipuladores-Moviles-Rover-Manipulator-Rm02-300x232.jpg 300w, https:\/\/volumec.com\/wp-content\/uploads\/2025\/10\/Manipuladores-Moviles-Rover-Manipulator-Rm02-600x465.jpg 600w\" sizes=\"auto, (max-width: 768px) 100vw, 768px\" \/><\/div><\/figure>[\/vc_column][\/vc_row][vc_row full_width=\u00bbstretch_row\u00bb gap=\u00bb30&#8243; equal_height=\u00bbyes\u00bb columns_right=\u00bbyes\u00bb el_class=\u00bbprodotti_riga_prodotto ptd130 pbd130 ptm60 pbm60&#8243; css=\u00bb.vc_custom_1733471381571{background-color: #F1F1F1 !important;}\u00bb][vc_column css_animation=\u00bbfadeInRight\u00bb width=\u00bb1\/2&#8243;][vc_column_text css=\u00bb\u00bb el_class=\u00bbmtd20 mtm20 brm\u00bb]\n<h3><strong>EASYARM Manipulador EAM2 \/EAM3<\/strong><\/h3>\n[\/vc_column_text][vc_column_text css=\u00bb\u00bb el_class=\u00bbmtd20 mtm20&#8243;]Caracter\u00edsticas t\u00e9cnicas<\/p>\n<p><strong>EAM es un manipulador dise\u00f1ado para ser \u00e1gil y r\u00e1pido en la manipulaci\u00f3n de cargas de hasta 30 kg<\/strong>. Es un manipulador f\u00e1cilmente transportable gracias al carro con ruedas y puede alcanzar una altura de elevaci\u00f3n de m\u00e1s de 2 metros, lo que lo hace ideal para una variedad de aplicaciones.<\/p>\n<p>El sistema de agarre modular ofrece opciones vers\u00e1tiles, que incluyen imanes neum\u00e1ticos, ventosas y ganchos, lo que le permite adaptarse a diferentes materiales y formas. Esta versatilidad lo hace perfecto para tareas como montaje, log\u00edstica y manipulaci\u00f3n de materiales, asegurando precisi\u00f3n y adaptabilidad.\u00a0El dise\u00f1o robusto del manipulador garantiza una alta fiabilidad y seguridad durante su uso.<\/p>\n<p>Por tanto, EAM representa una soluci\u00f3n eficaz para mejorar la productividad y la eficiencia operativa en las industrias modernas.[\/vc_column_text]<style>.vcex-button.vcex_69e06294eb386{border-radius:0px;color:#000000!important;padding:20px;border:2px solid #0b8df1;font-family:Manrope;font-size:16px;font-weight:700;}.vcex-button.vcex_69e06294eb386:hover{color:#000000!important;}<\/style><div class=\"theme-button-wrap textcenter wpex-clr\"><a href=\"https:\/\/volumec.com\/es\/manipulador-movil\/easyarm-manipulator-eam2-eam3\/\" class=\"vcex-button theme-button outline align-center inline bottone1 mtd30 mtm30 vcex_69e06294eb386\"><span class=\"vcex-button-inner theme-button-inner wpex-flex wpex-flex-wrap wpex-items-center wpex-justify-center\">DESCUBRE M\u00c1S<span class=\"vcex-button-icon vcex-icon-wrap theme-button-icon-right\"><span aria-hidden=\"true\" class=\"fas fa-arrow-right\"><\/span><\/span><\/span><\/a><\/div> [\/vc_column][vc_column css_animation=\u00bbfadeInLeft\u00bb width=\u00bb1\/2&#8243;]<figure class=\"vcex-image vcex-module wpex-text-center\"><div class=\"vcex-image-inner wpex-relative wpex-inline-block\"><img width=\"768\" height=\"595\" src=\"https:\/\/volumec.com\/wp-content\/uploads\/2025\/10\/Manipuladores-Moviles-Easyarm-Eam2-Eam3.jpg\" class=\"vcex-image-img wpex-align-middle\" alt=\"\" loading=\"lazy\" decoding=\"async\" srcset=\"https:\/\/volumec.com\/wp-content\/uploads\/2025\/10\/Manipuladores-Moviles-Easyarm-Eam2-Eam3.jpg 768w, https:\/\/volumec.com\/wp-content\/uploads\/2025\/10\/Manipuladores-Moviles-Easyarm-Eam2-Eam3-300x232.jpg 300w, https:\/\/volumec.com\/wp-content\/uploads\/2025\/10\/Manipuladores-Moviles-Easyarm-Eam2-Eam3-600x465.jpg 600w\" sizes=\"auto, (max-width: 768px) 100vw, 768px\" \/><\/div><\/figure>[\/vc_column][\/vc_row][vc_row css_animation=\u00bbfadeIn\u00bb full_width=\u00bbstretch_row\u00bb content_placement=\u00bbmiddle\u00bb parallax=\u00bbcontent-moving\u00bb parallax_image=\u00bb277&#8243; el_class=\u00bbriga_banner ptd30 pbd30 ptm40 pbm40&#8243;][vc_column width=\u00bb1\/2&#8243;]<style>.vcex-image.vcex_69e06294ee6fc .vcex-image-inner{max-width:600px;}<\/style><figure class=\"vcex-image vcex-module vcex_69e06294ee6fc\"><div class=\"vcex-image-inner wpex-relative wpex-inline-block\"><img width=\"1000\" height=\"239\" src=\"https:\/\/volumec.com\/wp-content\/uploads\/2024\/12\/logo-Volumec.png\" class=\"vcex-image-img wpex-align-middle\" alt=\"\" loading=\"lazy\" decoding=\"async\" srcset=\"https:\/\/volumec.com\/wp-content\/uploads\/2024\/12\/logo-Volumec.png 1000w, https:\/\/volumec.com\/wp-content\/uploads\/2024\/12\/logo-Volumec-300x72.png 300w, https:\/\/volumec.com\/wp-content\/uploads\/2024\/12\/logo-Volumec-768x184.png 768w, https:\/\/volumec.com\/wp-content\/uploads\/2024\/12\/logo-Volumec-600x143.png 600w\" sizes=\"auto, (max-width: 1000px) 100vw, 1000px\" \/><\/div><\/figure>[\/vc_column][vc_column width=\u00bb1\/2&#8243; el_class=\u00bbptm40 cm\u00bb][vc_column_text css=\u00bb\u00bb color=\u00bb#ffffff\u00bb font_size=\u00bbd:100px|pl:45px|pp:45px\u00bb line_height=\u00bb110%\u00bb font_weight=\u00bb300&#8243;]Be <strong>innovative<\/strong>[\/vc_column_text][\/vc_column][\/vc_row]\n<\/div>","protected":false},"excerpt":{"rendered":"<p>[vc_row el_class=\u00bbptd100 pbd100 ptm50 pbm50&#8243;][vc_column][vc_column_text css=\u00bb\u00bb]Los manipuladores m\u00f3viles RM01, RM02 y EAM son sistemas de brazos ergon\u00f3micos que permiten manipular cargas de hasta 100 kg. Gracias a su base m\u00f3vil se pueden transportar f\u00e1cilmente a diferentes zonas de producci\u00f3n y con el sistema de agarre modular se pueden adaptar a diferentes. formas y piezas a&hellip;<\/p>\n","protected":false},"author":1,"featured_media":0,"parent":0,"menu_order":0,"comment_status":"closed","ping_status":"closed","template":"","meta":{"_acf_changed":false,"inline_featured_image":false,"footnotes":""},"class_list":["post-490","page","type-page","status-publish","hentry","entry","no-media"],"acf":[],"yoast_head":"<!-- This site is optimized with the Yoast SEO plugin v25.1 - https:\/\/yoast.com\/wordpress\/plugins\/seo\/ -->\n<title>Manipulador m\u00f3vil - Volumec<\/title>\n<meta name=\"description\" content=\"Nuestros manipuladores m\u00f3viles permiten manejar hasta 100 kg, mejorando la productividad y la seguridad.\" \/>\n<meta name=\"robots\" content=\"index, follow, max-snippet:-1, max-image-preview:large, max-video-preview:-1\" \/>\n<link rel=\"canonical\" href=\"https:\/\/volumec.com\/prodotti\/manipolatori\/\" \/>\n<meta property=\"og:locale\" content=\"es_ES\" \/>\n<meta property=\"og:type\" content=\"article\" \/>\n<meta property=\"og:title\" content=\"Manipulador m\u00f3vil - Volumec\" \/>\n<meta property=\"og:description\" content=\"Nuestros manipuladores m\u00f3viles permiten manejar hasta 100 kg, mejorando la productividad y la seguridad.\" \/>\n<meta property=\"og:url\" content=\"https:\/\/volumec.com\/prodotti\/manipolatori\/\" \/>\n<meta property=\"og:site_name\" content=\"Volumec\" \/>\n<meta property=\"article:modified_time\" content=\"2025-10-24T10:38:21+00:00\" \/>\n<meta name=\"twitter:card\" content=\"summary_large_image\" \/>\n<meta name=\"twitter:label1\" content=\"Tiempo de lectura\" \/>\n\t<meta name=\"twitter:data1\" content=\"5 minutos\" \/>\n<script type=\"application\/ld+json\" class=\"yoast-schema-graph\">{\"@context\":\"https:\/\/schema.org\",\"@graph\":[{\"@type\":\"WebPage\",\"@id\":\"https:\/\/volumec.com\/prodotti\/manipolatori\/\",\"url\":\"https:\/\/volumec.com\/prodotti\/manipolatori\/\",\"name\":\"Manipulador m\u00f3vil - Volumec\",\"isPartOf\":{\"@id\":\"https:\/\/www.volumec.com\/en\/#website\"},\"datePublished\":\"2024-12-05T11:16:57+00:00\",\"dateModified\":\"2025-10-24T10:38:21+00:00\",\"description\":\"Nuestros manipuladores m\u00f3viles permiten manejar hasta 100 kg, mejorando la productividad y la seguridad.\",\"breadcrumb\":{\"@id\":\"https:\/\/volumec.com\/prodotti\/manipolatori\/#breadcrumb\"},\"inLanguage\":\"es\",\"potentialAction\":[{\"@type\":\"ReadAction\",\"target\":[\"https:\/\/volumec.com\/prodotti\/manipolatori\/\"]}]},{\"@type\":\"BreadcrumbList\",\"@id\":\"https:\/\/volumec.com\/prodotti\/manipolatori\/#breadcrumb\",\"itemListElement\":[{\"@type\":\"ListItem\",\"position\":1,\"name\":\"Home\",\"item\":\"https:\/\/volumec.com\/es\/\"},{\"@type\":\"ListItem\",\"position\":2,\"name\":\"Manipulador m\u00f3vil\"}]},{\"@type\":\"WebSite\",\"@id\":\"https:\/\/www.volumec.com\/en\/#website\",\"url\":\"https:\/\/www.volumec.com\/en\/\",\"name\":\"Volumec.com\",\"description\":\"\",\"publisher\":{\"@id\":\"https:\/\/www.volumec.com\/en\/#organization\"},\"alternateName\":\"be innovative\",\"potentialAction\":[{\"@type\":\"SearchAction\",\"target\":{\"@type\":\"EntryPoint\",\"urlTemplate\":\"https:\/\/www.volumec.com\/en\/?s={search_term_string}\"},\"query-input\":{\"@type\":\"PropertyValueSpecification\",\"valueRequired\":true,\"valueName\":\"search_term_string\"}}],\"inLanguage\":\"es\"},{\"@type\":\"Organization\",\"@id\":\"https:\/\/www.volumec.com\/en\/#organization\",\"name\":\"Volumec\",\"url\":\"https:\/\/www.volumec.com\/en\/\",\"logo\":{\"@type\":\"ImageObject\",\"inLanguage\":\"es\",\"@id\":\"https:\/\/www.volumec.com\/en\/#\/schema\/logo\/image\/\",\"url\":\"https:\/\/volumec.com\/wp-content\/uploads\/2024\/12\/Volumec-logo.png\",\"contentUrl\":\"https:\/\/volumec.com\/wp-content\/uploads\/2024\/12\/Volumec-logo.png\",\"width\":320,\"height\":77,\"caption\":\"Volumec\"},\"image\":{\"@id\":\"https:\/\/www.volumec.com\/en\/#\/schema\/logo\/image\/\"}}]}<\/script>\n<!-- \/ Yoast SEO plugin. -->","yoast_head_json":{"title":"Manipulador m\u00f3vil - Volumec","description":"Nuestros manipuladores m\u00f3viles permiten manejar hasta 100 kg, mejorando la productividad y la seguridad.","robots":{"index":"index","follow":"follow","max-snippet":"max-snippet:-1","max-image-preview":"max-image-preview:large","max-video-preview":"max-video-preview:-1"},"canonical":"https:\/\/volumec.com\/prodotti\/manipolatori\/","og_locale":"es_ES","og_type":"article","og_title":"Manipulador m\u00f3vil - Volumec","og_description":"Nuestros manipuladores m\u00f3viles permiten manejar hasta 100 kg, mejorando la productividad y la seguridad.","og_url":"https:\/\/volumec.com\/prodotti\/manipolatori\/","og_site_name":"Volumec","article_modified_time":"2025-10-24T10:38:21+00:00","twitter_card":"summary_large_image","twitter_misc":{"Tiempo de lectura":"5 minutos"},"schema":{"@context":"https:\/\/schema.org","@graph":[{"@type":"WebPage","@id":"https:\/\/volumec.com\/prodotti\/manipolatori\/","url":"https:\/\/volumec.com\/prodotti\/manipolatori\/","name":"Manipulador m\u00f3vil - Volumec","isPartOf":{"@id":"https:\/\/www.volumec.com\/en\/#website"},"datePublished":"2024-12-05T11:16:57+00:00","dateModified":"2025-10-24T10:38:21+00:00","description":"Nuestros manipuladores m\u00f3viles permiten manejar hasta 100 kg, mejorando la productividad y la seguridad.","breadcrumb":{"@id":"https:\/\/volumec.com\/prodotti\/manipolatori\/#breadcrumb"},"inLanguage":"es","potentialAction":[{"@type":"ReadAction","target":["https:\/\/volumec.com\/prodotti\/manipolatori\/"]}]},{"@type":"BreadcrumbList","@id":"https:\/\/volumec.com\/prodotti\/manipolatori\/#breadcrumb","itemListElement":[{"@type":"ListItem","position":1,"name":"Home","item":"https:\/\/volumec.com\/es\/"},{"@type":"ListItem","position":2,"name":"Manipulador m\u00f3vil"}]},{"@type":"WebSite","@id":"https:\/\/www.volumec.com\/en\/#website","url":"https:\/\/www.volumec.com\/en\/","name":"Volumec.com","description":"","publisher":{"@id":"https:\/\/www.volumec.com\/en\/#organization"},"alternateName":"be innovative","potentialAction":[{"@type":"SearchAction","target":{"@type":"EntryPoint","urlTemplate":"https:\/\/www.volumec.com\/en\/?s={search_term_string}"},"query-input":{"@type":"PropertyValueSpecification","valueRequired":true,"valueName":"search_term_string"}}],"inLanguage":"es"},{"@type":"Organization","@id":"https:\/\/www.volumec.com\/en\/#organization","name":"Volumec","url":"https:\/\/www.volumec.com\/en\/","logo":{"@type":"ImageObject","inLanguage":"es","@id":"https:\/\/www.volumec.com\/en\/#\/schema\/logo\/image\/","url":"https:\/\/volumec.com\/wp-content\/uploads\/2024\/12\/Volumec-logo.png","contentUrl":"https:\/\/volumec.com\/wp-content\/uploads\/2024\/12\/Volumec-logo.png","width":320,"height":77,"caption":"Volumec"},"image":{"@id":"https:\/\/www.volumec.com\/en\/#\/schema\/logo\/image\/"}}]}},"_links":{"self":[{"href":"https:\/\/volumec.com\/es\/wp-json\/wp\/v2\/pages\/490","targetHints":{"allow":["GET"]}}],"collection":[{"href":"https:\/\/volumec.com\/es\/wp-json\/wp\/v2\/pages"}],"about":[{"href":"https:\/\/volumec.com\/es\/wp-json\/wp\/v2\/types\/page"}],"author":[{"embeddable":true,"href":"https:\/\/volumec.com\/es\/wp-json\/wp\/v2\/users\/1"}],"replies":[{"embeddable":true,"href":"https:\/\/volumec.com\/es\/wp-json\/wp\/v2\/comments?post=490"}],"version-history":[{"count":11,"href":"https:\/\/volumec.com\/es\/wp-json\/wp\/v2\/pages\/490\/revisions"}],"predecessor-version":[{"id":8463,"href":"https:\/\/volumec.com\/es\/wp-json\/wp\/v2\/pages\/490\/revisions\/8463"}],"wp:attachment":[{"href":"https:\/\/volumec.com\/es\/wp-json\/wp\/v2\/media?parent=490"}],"curies":[{"name":"wp","href":"https:\/\/api.w.org\/{rel}","templated":true}]}}