{"id":482,"date":"2024-12-09T10:52:30","date_gmt":"2024-12-09T09:52:30","guid":{"rendered":"http:\/\/volumec.com\/?page_id=482"},"modified":"2025-10-15T11:38:46","modified_gmt":"2025-10-15T09:38:46","slug":"brazo-de-atornillado-y-instalacion-de-insertos","status":"publish","type":"page","link":"https:\/\/volumec.com\/es\/brazo-de-atornillado-y-instalacion-de-insertos\/","title":{"rendered":"Brazo de atornillado y  instalaci\u00f3n de insertos"},"content":{"rendered":"<div class=\"wpb-content-wrapper\">[vc_row el_class=\u00bbptd100 pbd100 ptm50 pbm50&#8243;][vc_column][vc_column_text css=\u00bb\u00bb]<strong>Los modelos Joytap Evo2, gracias al m\u00e1s avanzado sistema de control VASTC,<\/strong> pueden realizar tanto operaciones de atornillado y roscado controlados por par, como el posicionamiento de insertos y helicoidales en cualquier tipo de material.<\/p>\n<p>El sistema de control se puede programar f\u00e1cilmente creando diferentes recetas en funci\u00f3n del tipo de atornillado, material y herramienta utilizada.[\/vc_column_text][\/vc_column][\/vc_row][vc_row full_width=\u00bbstretch_row\u00bb el_class=\u00bbprodotto_riga_configuratore ptd70 pbd90 ptm50 pbm60&#8243; css=\u00bb.vc_custom_1733737463239{background-image: url(http:\/\/volumec.com\/wp-content\/uploads\/2024\/12\/configuratore-bg.jpg?id=401) !important;}\u00bb][vc_column][vc_column_text css_animation=\u00bbfadeInUp\u00bb css=\u00bb\u00bb text_align=\u00bbcenter\u00bb font_weight=\u00bb700&#8243; color=\u00bb#ffffff\u00bb]\n<h2>\u00bfNo sabes qu\u00e9 producto elegir?<br \/>\nUtilice nuestro configurador<\/h2>\n[\/vc_column_text]<style>.vcex-button.vcex_69ee3682c9286{border-radius:0px;color:#ffffff!important;padding:20px;border:2px solid #0b8df1;font-family:Manrope;font-size:16px;font-weight:700;}.vcex-button.vcex_69ee3682c9286:hover{color:#ffffff!important;}<\/style><div class=\"theme-button-wrap textcenter wpex-clr\"><a href=\"#\" class=\"vcex-button theme-button outline align-center inline bottone1 mtd45 mtm30 vcex_69ee3682c9286\"><span class=\"vcex-button-inner theme-button-inner wpex-flex wpex-flex-wrap wpex-items-center wpex-justify-center\">ENTRA AL CONFIGURADOR<span class=\"vcex-button-icon vcex-icon-wrap theme-button-icon-right\"><span aria-hidden=\"true\" class=\"fas fa-arrow-right\"><\/span><\/span><\/span><\/a><\/div> [\/vc_column][\/vc_row][vc_row el_class=\u00bbptd100 pbd100 ptm50 pbm50&#8243;][vc_column][vc_column_text css=\u00bb\u00bb]\n<h4><strong>Vastc-scanner: r\u00e1pido &#8211; r\u00e1pido y preciso<\/strong><\/h4>\n<p>Volumec presenta el VASTC-SCANNER, un innovador sistema equipado con un lector QR integrado, dise\u00f1ado para simplificar y agilizar las operaciones de roscado y atornillado.<\/p>\n<p>Gracias a esta tecnolog\u00eda, el operario puede simplemente escanear el c\u00f3digo QR asociado al husillo (MPA-MPI), y la m\u00e1quina cargar\u00e1 autom\u00e1ticamente los ajustes correctos, reduciendo significativamente los m\u00e1rgenes de error y los tiempos de mecanizado.<\/p>\n<p>&nbsp;<\/p>\n<h2><strong>Elige el mejor modelo y configuraci\u00f3n para tu trabajo<\/strong><\/h2>\n<p>Los nuevos Joytap Evo2 est\u00e1n equipados con un brazo articulado especial con equilibrio regulable que ofrece m\u00e1xima ergonom\u00eda en los movimientos y rapidez y precisi\u00f3n durante las operaciones. El cabezal multidireccional permite trabajar en cualquier direcci\u00f3n con facilidad incluso para operarios inexpertos. Junto a la amplia gama de mandriles de enganche r\u00e1pido, MPA para atornillado, MPI para colocaci\u00f3n de plaquitas y casquillos con embrague para roscado, Volumec te ofrece una soluci\u00f3n completa y eficaz para optimizar al m\u00e1ximo tu trabajo.[\/vc_column_text][\/vc_column][\/vc_row][vc_row full_width=\u00bbstretch_row\u00bb gap=\u00bb30&#8243; equal_height=\u00bbyes\u00bb el_class=\u00bbprodotti_riga_prodotto ptd130 pbd130 ptm60 pbm60&#8243;][vc_column css_animation=\u00bbfadeInRight\u00bb width=\u00bb1\/2&#8243;]<figure class=\"vcex-image vcex-module\"><div class=\"vcex-image-inner wpex-relative wpex-inline-block\"><img width=\"768\" height=\"595\" src=\"https:\/\/volumec.com\/wp-content\/uploads\/2025\/10\/Brazo-De-Atornillado-Y-Instalacion-De-Insertos-Joytap-3-Evo2.jpg\" class=\"vcex-image-img wpex-align-middle\" alt=\"\" loading=\"lazy\" decoding=\"async\" srcset=\"https:\/\/volumec.com\/wp-content\/uploads\/2025\/10\/Brazo-De-Atornillado-Y-Instalacion-De-Insertos-Joytap-3-Evo2.jpg 768w, https:\/\/volumec.com\/wp-content\/uploads\/2025\/10\/Brazo-De-Atornillado-Y-Instalacion-De-Insertos-Joytap-3-Evo2-300x232.jpg 300w, https:\/\/volumec.com\/wp-content\/uploads\/2025\/10\/Brazo-De-Atornillado-Y-Instalacion-De-Insertos-Joytap-3-Evo2-600x465.jpg 600w\" sizes=\"auto, (max-width: 768px) 100vw, 768px\" \/><\/div><\/figure>[\/vc_column][vc_column css_animation=\u00bbfadeInLeft\u00bb width=\u00bb1\/2&#8243;][vc_column_text css=\u00bb\u00bb el_class=\u00bbmtd20 mtm20 brm\u00bb]\n<h3><strong>JoyTap 3 Evo2<\/strong><\/h3>\n[\/vc_column_text][vc_column_text css=\u00bb.vc_custom_1734606519572{margin-top: 10px !important;}\u00bb font_weight=\u00bb700&#8243; font_size=\u00bb28px\u00bb line_height=\u00bb120%\u00bb]<strong>Radio m\u00e1ximo 2000 mm <\/strong><strong>Atornillado hasta 400 Nm<\/strong>[\/vc_column_text][vc_column_text css=\u00bb\u00bb el_class=\u00bbmtd20 mtm20&#8243;]Caracter\u00edsticas<\/p>\n<ul>\n<li>Nueva estructura de aluminio de triple brazo articulado desarrollada con el exclusivo perfil Volumec que garantiza precisi\u00f3n y rigidez en el mecanizado.<\/li>\n<li>Ideal para roscas verticales, horizontales y de \u00e1ngulo intermedio.<\/li>\n<li>Mec\u00e1nica de brazo articulado mejorada para mayor suavidad y resistencia.<\/li>\n<li>Motor sin escobillas de nueva generaci\u00f3n (G2) con un rendimiento y una fiabilidad inigualables<\/li>\n<li>El cableado blindado integrado elimina los ajustes inc\u00f3modos durante el movimiento.<\/li>\n<li>Panel t\u00e1ctil VASTC, el m\u00e1s avanzado del mercado para atornillado\/roscado autom\u00e1tico con control de par, descarga de viruta y muchas otras nuevas funciones y con par (Nm), ahorro de programas de mecanizado incluso a distancia<\/li>\n<li>Cabezal multidireccional tambi\u00e9n incluido con b\u00fasqueda autom\u00e1tica de alineaci\u00f3n de piezas de 0 a 90\u00b0<\/li>\n<li>Bajo consumo y m\u00ednimo ruido.<\/li>\n<\/ul>\n[\/vc_column_text]<style>.vcex-button.vcex_69ee3682cfde0{border-radius:0px;color:#000000!important;padding:20px;border:2px solid #0b8df1;font-family:Manrope;font-size:16px;font-weight:700;}.vcex-button.vcex_69ee3682cfde0:hover{color:#000000!important;}<\/style><div class=\"theme-button-wrap textcenter wpex-clr\"><a href=\"http:\/\/volumec.com\/es\/brazo-de-atornillado-y-instalacion-de-insertos\/joytap-3\/\" class=\"vcex-button theme-button outline align-center inline bottone1 mtd30 mtm30 vcex_69ee3682cfde0\"><span class=\"vcex-button-inner theme-button-inner wpex-flex wpex-flex-wrap wpex-items-center wpex-justify-center\">DESCUBRE M\u00c1S<span class=\"vcex-button-icon vcex-icon-wrap theme-button-icon-right\"><span aria-hidden=\"true\" class=\"fas fa-arrow-right\"><\/span><\/span><\/span><\/a><\/div> [\/vc_column][\/vc_row][vc_row full_width=\u00bbstretch_row\u00bb gap=\u00bb30&#8243; equal_height=\u00bbyes\u00bb columns_right=\u00bbyes\u00bb el_class=\u00bbprodotti_riga_prodotto ptd130 pbd130 ptm60 pbm60&#8243; css=\u00bb.vc_custom_1733471381571{background-color: #F1F1F1 !important;}\u00bb][vc_column css_animation=\u00bbfadeInLeft\u00bb width=\u00bb1\/2&#8243;]<figure class=\"vcex-image vcex-module wpex-text-center\"><div class=\"vcex-image-inner wpex-relative wpex-inline-block\"><img width=\"768\" height=\"595\" src=\"https:\/\/volumec.com\/wp-content\/uploads\/2025\/10\/Brazo-De-Atornillado-Y-Instalacion-De-Insertos-Joytap-2-Evo2.jpg\" class=\"vcex-image-img wpex-align-middle\" alt=\"\" loading=\"lazy\" decoding=\"async\" srcset=\"https:\/\/volumec.com\/wp-content\/uploads\/2025\/10\/Brazo-De-Atornillado-Y-Instalacion-De-Insertos-Joytap-2-Evo2.jpg 768w, https:\/\/volumec.com\/wp-content\/uploads\/2025\/10\/Brazo-De-Atornillado-Y-Instalacion-De-Insertos-Joytap-2-Evo2-300x232.jpg 300w, https:\/\/volumec.com\/wp-content\/uploads\/2025\/10\/Brazo-De-Atornillado-Y-Instalacion-De-Insertos-Joytap-2-Evo2-600x465.jpg 600w\" sizes=\"auto, (max-width: 768px) 100vw, 768px\" \/><\/div><\/figure>[\/vc_column][vc_column css_animation=\u00bbfadeInRight\u00bb width=\u00bb1\/2&#8243;][vc_column_text css=\u00bb\u00bb el_class=\u00bbmtd20 mtm20 brm\u00bb]\n<h3><strong>JoyTap 2 Evo2<\/strong><\/h3>\n[\/vc_column_text][vc_column_text css=\u00bb.vc_custom_1734606439188{margin-top: 10px !important;}\u00bb font_weight=\u00bb700&#8243; font_size=\u00bb28px\u00bb line_height=\u00bb120%\u00bb]<strong>Radio m\u00e1ximo 1370 mm <\/strong><strong>Atornillado hasta 180 Nm<\/strong>[\/vc_column_text][vc_column_text css=\u00bb\u00bb el_class=\u00bbmtd20 mtm20&#8243; font_weight=\u00bb700&#8243;]Joytap 2 es la roscadora el\u00e9ctrica que representa una garant\u00eda de rendimiento, calidad y bajo consumo. Sus caracter\u00edsticas t\u00e9cnicas \u00fanicas, fruto de a\u00f1os de desarrollo, permiten realizar con la misma m\u00e1quina las siguientes operaciones: roscado, atornillado con par controlado, posicionamiento de insertos\/ helicoil , avellanado y mandrilado.[\/vc_column_text][vc_column_text css=\u00bb\u00bb el_class=\u00bbmtd20 mtm20&#8243;]Caracter\u00edsticas<\/p>\n<ul>\n<li>Nueva estructura de aluminio de doble brazo articulado desarrollada con exclusivo perfil volum\u00e9trico que proporciona mayor rigidez y precisi\u00f3n respecto a otros modelos.<\/li>\n<li>Amplio ajuste de velocidad con par constante<\/li>\n<li>Mec\u00e1nica de brazo articulado mejorada para mayor suavidad y durabilidad.<\/li>\n<li>Motor sin escobillas (G2) con un rendimiento y una fiabilidad inigualables<\/li>\n<li>Cabezal multidireccional tambi\u00e9n incluido con b\u00fasqueda autom\u00e1tica de alineaci\u00f3n de piezas de 0 a 90\u00b0<\/li>\n<li>El cableado blindado integrado elimina los ajustes inc\u00f3modos durante el movimiento.<\/li>\n<li>Panel t\u00e1ctil vastc , el m\u00e1s avanzado del mercado para atornillado\/roscado autom\u00e1tico con control de par, descarga de viruta y muchas otras nuevas funciones y con par (Nm), ahorro de programas de mecanizado incluso a distancia<\/li>\n<li>Bajo consumo y m\u00ednimo ruido.<\/li>\n<\/ul>\n[\/vc_column_text]<style>.vcex-button.vcex_69ee3682d4083{border-radius:0px;color:#000000!important;padding:20px;border:2px solid #0b8df1;font-family:Manrope;font-size:16px;font-weight:700;}.vcex-button.vcex_69ee3682d4083:hover{color:#000000!important;}<\/style><div class=\"theme-button-wrap textcenter wpex-clr\"><a href=\"http:\/\/volumec.com\/es\/brazo-de-atornillado-y-instalacion-de-insertos\/joytap-2\/\" class=\"vcex-button theme-button outline align-center inline bottone1 mtd30 mtm30 vcex_69ee3682d4083\"><span class=\"vcex-button-inner theme-button-inner wpex-flex wpex-flex-wrap wpex-items-center wpex-justify-center\">DESCUBRE M\u00c1S<span class=\"vcex-button-icon vcex-icon-wrap theme-button-icon-right\"><span aria-hidden=\"true\" class=\"fas fa-arrow-right\"><\/span><\/span><\/span><\/a><\/div> [\/vc_column][\/vc_row][vc_row css_animation=\u00bbfadeIn\u00bb full_width=\u00bbstretch_row\u00bb content_placement=\u00bbmiddle\u00bb parallax=\u00bbcontent-moving\u00bb parallax_image=\u00bb277&#8243; el_class=\u00bbriga_banner ptd30 pbd30 ptm40 pbm40&#8243;][vc_column width=\u00bb1\/2&#8243;]<style>.vcex-image.vcex_69ee3682d5974 .vcex-image-inner{max-width:600px;}<\/style><figure class=\"vcex-image vcex-module vcex_69ee3682d5974\"><div class=\"vcex-image-inner wpex-relative wpex-inline-block\"><img width=\"1000\" height=\"239\" src=\"https:\/\/volumec.com\/wp-content\/uploads\/2024\/12\/logo-Volumec.png\" class=\"vcex-image-img wpex-align-middle\" alt=\"\" loading=\"lazy\" decoding=\"async\" srcset=\"https:\/\/volumec.com\/wp-content\/uploads\/2024\/12\/logo-Volumec.png 1000w, https:\/\/volumec.com\/wp-content\/uploads\/2024\/12\/logo-Volumec-300x72.png 300w, https:\/\/volumec.com\/wp-content\/uploads\/2024\/12\/logo-Volumec-768x184.png 768w, https:\/\/volumec.com\/wp-content\/uploads\/2024\/12\/logo-Volumec-600x143.png 600w\" sizes=\"auto, (max-width: 1000px) 100vw, 1000px\" \/><\/div><\/figure>[\/vc_column][vc_column width=\u00bb1\/2&#8243; el_class=\u00bbptm40 cm\u00bb][vc_column_text css=\u00bb\u00bb color=\u00bb#ffffff\u00bb font_size=\u00bbd:100px|pl:45px|pp:45px\u00bb line_height=\u00bb110%\u00bb font_weight=\u00bb300&#8243;]Be <strong>innovative<\/strong>[\/vc_column_text][\/vc_column][\/vc_row]\n<\/div>","protected":false},"excerpt":{"rendered":"<p>[vc_row el_class=\u00bbptd100 pbd100 ptm50 pbm50&#8243;][vc_column][vc_column_text css=\u00bb\u00bb]Los modelos Joytap Evo2, gracias al m\u00e1s avanzado sistema de control VASTC, pueden realizar tanto operaciones de atornillado y roscado controlados por par, como el posicionamiento de insertos y helicoidales en cualquier tipo de material. El sistema de control se puede programar f\u00e1cilmente creando diferentes recetas en funci\u00f3n del tipo&hellip;<\/p>\n","protected":false},"author":1,"featured_media":0,"parent":0,"menu_order":0,"comment_status":"closed","ping_status":"closed","template":"","meta":{"_acf_changed":false,"inline_featured_image":false,"footnotes":""},"class_list":["post-482","page","type-page","status-publish","hentry","entry","no-media"],"acf":[],"yoast_head":"<!-- This site is optimized with the Yoast SEO plugin v25.1 - https:\/\/yoast.com\/wordpress\/plugins\/seo\/ -->\n<title>Brazo de atornillado y instalaci\u00f3n de insertos- Volumec<\/title>\n<meta name=\"description\" content=\"Brazos de atornillado y colocaci\u00f3n de insertos Volumec con un radio de maniobra de hasta 2000 mm y un par de atornillado de hasta 400 Nm.\" \/>\n<meta name=\"robots\" content=\"index, follow, max-snippet:-1, max-image-preview:large, max-video-preview:-1\" \/>\n<link rel=\"canonical\" href=\"https:\/\/volumec.com\/es\/brazo-de-atornillado-y-instalacion-de-insertos\/\" \/>\n<meta property=\"og:locale\" content=\"es_ES\" \/>\n<meta property=\"og:type\" content=\"article\" \/>\n<meta property=\"og:title\" content=\"Brazo de atornillado y instalaci\u00f3n de insertos- Volumec\" \/>\n<meta property=\"og:description\" content=\"Brazos de atornillado y colocaci\u00f3n de insertos Volumec con un radio de maniobra de hasta 2000 mm y un par de atornillado de hasta 400 Nm.\" \/>\n<meta property=\"og:url\" content=\"https:\/\/volumec.com\/es\/brazo-de-atornillado-y-instalacion-de-insertos\/\" \/>\n<meta property=\"og:site_name\" content=\"Volumec\" \/>\n<meta property=\"article:modified_time\" content=\"2025-10-15T09:38:46+00:00\" \/>\n<meta name=\"twitter:card\" content=\"summary_large_image\" \/>\n<meta name=\"twitter:label1\" content=\"Tiempo de lectura\" \/>\n\t<meta name=\"twitter:data1\" content=\"5 minutos\" \/>\n<script type=\"application\/ld+json\" class=\"yoast-schema-graph\">{\"@context\":\"https:\/\/schema.org\",\"@graph\":[{\"@type\":\"WebPage\",\"@id\":\"https:\/\/volumec.com\/es\/brazo-de-atornillado-y-instalacion-de-insertos\/\",\"url\":\"https:\/\/volumec.com\/es\/brazo-de-atornillado-y-instalacion-de-insertos\/\",\"name\":\"Brazo de atornillado y instalaci\u00f3n de insertos- Volumec\",\"isPartOf\":{\"@id\":\"https:\/\/www.volumec.com\/en\/#website\"},\"datePublished\":\"2024-12-09T09:52:30+00:00\",\"dateModified\":\"2025-10-15T09:38:46+00:00\",\"description\":\"Brazos de atornillado y colocaci\u00f3n de insertos Volumec con un radio de maniobra de hasta 2000 mm y un par de atornillado de hasta 400 Nm.\",\"breadcrumb\":{\"@id\":\"https:\/\/volumec.com\/es\/brazo-de-atornillado-y-instalacion-de-insertos\/#breadcrumb\"},\"inLanguage\":\"es\",\"potentialAction\":[{\"@type\":\"ReadAction\",\"target\":[\"https:\/\/volumec.com\/es\/brazo-de-atornillado-y-instalacion-de-insertos\/\"]}]},{\"@type\":\"BreadcrumbList\",\"@id\":\"https:\/\/volumec.com\/es\/brazo-de-atornillado-y-instalacion-de-insertos\/#breadcrumb\",\"itemListElement\":[{\"@type\":\"ListItem\",\"position\":1,\"name\":\"Home\",\"item\":\"https:\/\/volumec.com\/es\/\"},{\"@type\":\"ListItem\",\"position\":2,\"name\":\"Brazo de atornillado y instalaci\u00f3n de insertos\"}]},{\"@type\":\"WebSite\",\"@id\":\"https:\/\/www.volumec.com\/en\/#website\",\"url\":\"https:\/\/www.volumec.com\/en\/\",\"name\":\"Volumec.com\",\"description\":\"\",\"publisher\":{\"@id\":\"https:\/\/www.volumec.com\/en\/#organization\"},\"alternateName\":\"be innovative\",\"potentialAction\":[{\"@type\":\"SearchAction\",\"target\":{\"@type\":\"EntryPoint\",\"urlTemplate\":\"https:\/\/www.volumec.com\/en\/?s={search_term_string}\"},\"query-input\":{\"@type\":\"PropertyValueSpecification\",\"valueRequired\":true,\"valueName\":\"search_term_string\"}}],\"inLanguage\":\"es\"},{\"@type\":\"Organization\",\"@id\":\"https:\/\/www.volumec.com\/en\/#organization\",\"name\":\"Volumec\",\"url\":\"https:\/\/www.volumec.com\/en\/\",\"logo\":{\"@type\":\"ImageObject\",\"inLanguage\":\"es\",\"@id\":\"https:\/\/www.volumec.com\/en\/#\/schema\/logo\/image\/\",\"url\":\"https:\/\/volumec.com\/wp-content\/uploads\/2024\/12\/Volumec-logo.png\",\"contentUrl\":\"https:\/\/volumec.com\/wp-content\/uploads\/2024\/12\/Volumec-logo.png\",\"width\":320,\"height\":77,\"caption\":\"Volumec\"},\"image\":{\"@id\":\"https:\/\/www.volumec.com\/en\/#\/schema\/logo\/image\/\"}}]}<\/script>\n<!-- \/ Yoast SEO plugin. -->","yoast_head_json":{"title":"Brazo de atornillado y instalaci\u00f3n de insertos- Volumec","description":"Brazos de atornillado y colocaci\u00f3n de insertos Volumec con un radio de maniobra de hasta 2000 mm y un par de atornillado de hasta 400 Nm.","robots":{"index":"index","follow":"follow","max-snippet":"max-snippet:-1","max-image-preview":"max-image-preview:large","max-video-preview":"max-video-preview:-1"},"canonical":"https:\/\/volumec.com\/es\/brazo-de-atornillado-y-instalacion-de-insertos\/","og_locale":"es_ES","og_type":"article","og_title":"Brazo de atornillado y instalaci\u00f3n de insertos- Volumec","og_description":"Brazos de atornillado y colocaci\u00f3n de insertos Volumec con un radio de maniobra de hasta 2000 mm y un par de atornillado de hasta 400 Nm.","og_url":"https:\/\/volumec.com\/es\/brazo-de-atornillado-y-instalacion-de-insertos\/","og_site_name":"Volumec","article_modified_time":"2025-10-15T09:38:46+00:00","twitter_card":"summary_large_image","twitter_misc":{"Tiempo de lectura":"5 minutos"},"schema":{"@context":"https:\/\/schema.org","@graph":[{"@type":"WebPage","@id":"https:\/\/volumec.com\/es\/brazo-de-atornillado-y-instalacion-de-insertos\/","url":"https:\/\/volumec.com\/es\/brazo-de-atornillado-y-instalacion-de-insertos\/","name":"Brazo de atornillado y instalaci\u00f3n de insertos- Volumec","isPartOf":{"@id":"https:\/\/www.volumec.com\/en\/#website"},"datePublished":"2024-12-09T09:52:30+00:00","dateModified":"2025-10-15T09:38:46+00:00","description":"Brazos de atornillado y colocaci\u00f3n de insertos Volumec con un radio de maniobra de hasta 2000 mm y un par de atornillado de hasta 400 Nm.","breadcrumb":{"@id":"https:\/\/volumec.com\/es\/brazo-de-atornillado-y-instalacion-de-insertos\/#breadcrumb"},"inLanguage":"es","potentialAction":[{"@type":"ReadAction","target":["https:\/\/volumec.com\/es\/brazo-de-atornillado-y-instalacion-de-insertos\/"]}]},{"@type":"BreadcrumbList","@id":"https:\/\/volumec.com\/es\/brazo-de-atornillado-y-instalacion-de-insertos\/#breadcrumb","itemListElement":[{"@type":"ListItem","position":1,"name":"Home","item":"https:\/\/volumec.com\/es\/"},{"@type":"ListItem","position":2,"name":"Brazo de atornillado y instalaci\u00f3n de insertos"}]},{"@type":"WebSite","@id":"https:\/\/www.volumec.com\/en\/#website","url":"https:\/\/www.volumec.com\/en\/","name":"Volumec.com","description":"","publisher":{"@id":"https:\/\/www.volumec.com\/en\/#organization"},"alternateName":"be innovative","potentialAction":[{"@type":"SearchAction","target":{"@type":"EntryPoint","urlTemplate":"https:\/\/www.volumec.com\/en\/?s={search_term_string}"},"query-input":{"@type":"PropertyValueSpecification","valueRequired":true,"valueName":"search_term_string"}}],"inLanguage":"es"},{"@type":"Organization","@id":"https:\/\/www.volumec.com\/en\/#organization","name":"Volumec","url":"https:\/\/www.volumec.com\/en\/","logo":{"@type":"ImageObject","inLanguage":"es","@id":"https:\/\/www.volumec.com\/en\/#\/schema\/logo\/image\/","url":"https:\/\/volumec.com\/wp-content\/uploads\/2024\/12\/Volumec-logo.png","contentUrl":"https:\/\/volumec.com\/wp-content\/uploads\/2024\/12\/Volumec-logo.png","width":320,"height":77,"caption":"Volumec"},"image":{"@id":"https:\/\/www.volumec.com\/en\/#\/schema\/logo\/image\/"}}]}},"_links":{"self":[{"href":"https:\/\/volumec.com\/es\/wp-json\/wp\/v2\/pages\/482","targetHints":{"allow":["GET"]}}],"collection":[{"href":"https:\/\/volumec.com\/es\/wp-json\/wp\/v2\/pages"}],"about":[{"href":"https:\/\/volumec.com\/es\/wp-json\/wp\/v2\/types\/page"}],"author":[{"embeddable":true,"href":"https:\/\/volumec.com\/es\/wp-json\/wp\/v2\/users\/1"}],"replies":[{"embeddable":true,"href":"https:\/\/volumec.com\/es\/wp-json\/wp\/v2\/comments?post=482"}],"version-history":[{"count":14,"href":"https:\/\/volumec.com\/es\/wp-json\/wp\/v2\/pages\/482\/revisions"}],"predecessor-version":[{"id":8108,"href":"https:\/\/volumec.com\/es\/wp-json\/wp\/v2\/pages\/482\/revisions\/8108"}],"wp:attachment":[{"href":"https:\/\/volumec.com\/es\/wp-json\/wp\/v2\/media?parent=482"}],"curies":[{"name":"wp","href":"https:\/\/api.w.org\/{rel}","templated":true}]}}