{"id":474,"date":"2024-12-05T12:16:27","date_gmt":"2024-12-05T11:16:27","guid":{"rendered":"http:\/\/volumec.com\/?page_id=474"},"modified":"2025-10-24T12:28:00","modified_gmt":"2025-10-24T10:28:00","slug":"brazo-de-taladro","status":"publish","type":"page","link":"https:\/\/volumec.com\/es\/brazo-de-taladro\/","title":{"rendered":"Brazo de taladro"},"content":{"rendered":"<div class=\"wpb-content-wrapper\">[vc_row el_class=\u00bbptd100 pbd100 ptm50 pbm50&#8243;][vc_column][vc_column_text css=\u00bb\u00bb]Los <strong>brazos de taladro<\/strong> Drilltronic \u00a0son herramientas esenciales en m\u00faltiples sectores industriales, desde la producci\u00f3n mec\u00e1nica hasta el procesamiento de materiales.\u00a0Un innovador sistema de brazo radial que permite realizar r\u00e1pidamente <strong>operaciones de taladrado, roscado y avellanado<\/strong> en diferentes tipos de materiales. \u00a0Nuestros brazos de taladro est\u00e1n dise\u00f1ados para proporcionar la m\u00e1xima flexibilidad en el trabajo, permitiendo realizar perforaciones precisas en diferentes superficies y materiales, reduciendo los m\u00e1rgenes de error y mejorando la productividad. Los brazos de taladro de Volumec est\u00e1n dise\u00f1ados para asegurar fluidez y rapidez en el posicionamiento, garantizando rigidez y precisi\u00f3n durante las operaciones de perforaci\u00f3n.<\/p>\n<p>Drilltronic no es solo la evoluci\u00f3n del taladro tradicional o radial, sino un brazo adecuado para la producci\u00f3n en peque\u00f1as y grandes cantidades en m\u00faltiples sectores industriales, desde la producci\u00f3n mec\u00e1nica hasta el procesamiento de materiales.<\/p>\n<p>Los <strong>brazos de taladrado Drilltronic<\/strong> est\u00e1n dise\u00f1ados para ser utilizados por operarios sin conocimientos de programaci\u00f3n CAD-CAM, en modo manual, semiautom\u00e1tico o completamente autom\u00e1tico (CNC).<\/p>\n<p>La fluidez y rapidez en el posicionamiento est\u00e1n garantizadas por una mec\u00e1nica de alta calidad que tambi\u00e9n asegura rigidez y precisi\u00f3n durante las operaciones de taladrado-roscado, avellanado.[\/vc_column_text][\/vc_column][\/vc_row][vc_row full_width=\u00bbstretch_row\u00bb el_class=\u00bbprodotto_riga_configuratore ptd70 pbd90 ptm50 pbm60&#8243; css=\u00bb.vc_custom_1733737463239{background-image: url(http:\/\/volumec.com\/wp-content\/uploads\/2024\/12\/configuratore-bg.jpg?id=401) !important;}\u00bb][vc_column][vc_column_text css=\u00bb\u00bb el_class=\u00bbmtd20 mtm20 brm\u00bb]\n<h2 style=\"text-align: center;\"><strong>Tipos de Brazos de Taladro: Caracter\u00edsticas y Usos<\/strong><\/h2>\n[\/vc_column_text][vc_column_text css=\u00bb.vc_custom_1742310078536{margin-top: 25px !important;}\u00bb color=\u00bb#ffffff\u00bb]\n<p style=\"text-align: center;\">Elegir los brazos de taladro adecuados para sus necesidades significa invertir en un proceso de trabajo optimizado, donde la precisi\u00f3n y la seguridad siempre est\u00e1n garantizadas. Dependiendo de sus necesidades, puede elegir adquirir su estaci\u00f3n con brazo de taladro en versi\u00f3n manual, semiautom\u00e1tica o autom\u00e1tica CNC.<\/p>\n[\/vc_column_text][\/vc_column][\/vc_row][vc_row full_width=\u00bbstretch_row\u00bb gap=\u00bb30&#8243; equal_height=\u00bbyes\u00bb columns_right=\u00bbyes\u00bb el_class=\u00bbprodotti_riga_prodotto ptd130 pbd130 ptm60 pbm60&#8243; css=\u00bb.vc_custom_1733471381571{background-color: #F1F1F1 !important;}\u00bb][vc_column css_animation=\u00bbfadeInRight\u00bb width=\u00bb1\/2&#8243;][vc_column_text css=\u00bb\u00bb el_class=\u00bbmtd20 mtm20 brm\u00bb]\n<h3><strong>Brazos de taladro manuales<\/strong><\/h3>\n[\/vc_column_text][vc_column_text css=\u00bb\u00bb el_class=\u00bbmtd20 mtm20&#8243; font_weight=\u00bbnormal\u00bb]Movimiento y bloqueo manual (x\/y) del brazo, con avance de perforaci\u00f3n manual (z).[\/vc_column_text]<style>.vcex-button.vcex_69e06583df68b{border-radius:0px;color:#000000!important;padding:20px;border:2px solid #0b8df1;font-family:Manrope;font-size:16px;font-weight:700;}.vcex-button.vcex_69e06583df68b:hover{color:#000000!important;}<\/style><div class=\"theme-button-wrap textcenter wpex-clr\"><a href=\"https:\/\/volumec.com\/es\/brazo-de-taladro\/brazos-de-taladro-manuales\/\" class=\"vcex-button theme-button outline align-center inline bottone1 mtd30 mtm30 vcex_69e06583df68b\"><span class=\"vcex-button-inner theme-button-inner wpex-flex wpex-flex-wrap wpex-items-center wpex-justify-center\">DESCUBRE M\u00c1S<span class=\"vcex-button-icon vcex-icon-wrap theme-button-icon-right\"><span aria-hidden=\"true\" class=\"fas fa-arrow-right\"><\/span><\/span><\/span><\/a><\/div> [\/vc_column][vc_column css_animation=\u00bbfadeInLeft\u00bb width=\u00bb1\/2&#8243;]<figure class=\"vcex-image vcex-module\"><div class=\"vcex-image-inner wpex-relative wpex-inline-block\"><img width=\"768\" height=\"595\" src=\"https:\/\/volumec.com\/wp-content\/uploads\/2025\/10\/Brazos-De-Taladro-Brazos-De-Taladro-Manuales.jpg\" class=\"vcex-image-img wpex-align-middle\" alt=\"\" loading=\"lazy\" decoding=\"async\" srcset=\"https:\/\/volumec.com\/wp-content\/uploads\/2025\/10\/Brazos-De-Taladro-Brazos-De-Taladro-Manuales.jpg 768w, https:\/\/volumec.com\/wp-content\/uploads\/2025\/10\/Brazos-De-Taladro-Brazos-De-Taladro-Manuales-300x232.jpg 300w, https:\/\/volumec.com\/wp-content\/uploads\/2025\/10\/Brazos-De-Taladro-Brazos-De-Taladro-Manuales-600x465.jpg 600w\" sizes=\"auto, (max-width: 768px) 100vw, 768px\" \/><\/div><\/figure>[\/vc_column][\/vc_row][vc_row full_width=\u00bbstretch_row\u00bb gap=\u00bb30&#8243; equal_height=\u00bbyes\u00bb el_class=\u00bbprodotti_riga_prodotto ptd130 pbd130 ptm60 pbm60&#8243;][vc_column css_animation=\u00bbfadeInLeft\u00bb width=\u00bb1\/2&#8243;][vc_column_text css=\u00bb\u00bb el_class=\u00bbmtd20 mtm20 brm\u00bb]\n<h2><strong>Brazos de Taladro Semiautom\u00e1ticos<\/strong><\/h2>\n[\/vc_column_text][vc_column_text css=\u00bb\u00bb el_class=\u00bbmtd20 mtm20&#8243; font_weight=\u00bbnormal\u00bb]Programaci\u00f3n de las coordenadas de trabajo (x\/y) con bloqueo autom\u00e1tico del brazo mediante el sistema de control VAPS, con avance autom\u00e1tico para perforaci\u00f3n y roscado (VAPS-Z).[\/vc_column_text]<style>.vcex-button.vcex_69e06583e5e6d{border-radius:0px;color:#000000!important;padding:20px;border:2px solid #0b8df1;font-family:Manrope;font-size:16px;font-weight:700;}.vcex-button.vcex_69e06583e5e6d:hover{color:#000000!important;}<\/style><div class=\"theme-button-wrap textcenter wpex-clr\"><a href=\"https:\/\/volumec.com\/es\/brazo-de-taladro\/brazos-de-taladro-semi-auto\/\" class=\"vcex-button theme-button outline align-center inline bottone1 mtd30 mtm30 vcex_69e06583e5e6d\"><span class=\"vcex-button-inner theme-button-inner wpex-flex wpex-flex-wrap wpex-items-center wpex-justify-center\">DESCUBRE M\u00c1S<span class=\"vcex-button-icon vcex-icon-wrap theme-button-icon-right\"><span aria-hidden=\"true\" class=\"fas fa-arrow-right\"><\/span><\/span><\/span><\/a><\/div> [\/vc_column][vc_column css_animation=\u00bbfadeInRight\u00bb width=\u00bb1\/2&#8243;]<figure class=\"vcex-image vcex-module wpex-text-center\"><div class=\"vcex-image-inner wpex-relative wpex-inline-block\"><img width=\"768\" height=\"595\" src=\"https:\/\/volumec.com\/wp-content\/uploads\/2025\/10\/Brazos-De-Taladro-Brazos-De-Taladro-Semiautomaticos.jpg\" class=\"vcex-image-img wpex-align-middle\" alt=\"\" loading=\"lazy\" decoding=\"async\" srcset=\"https:\/\/volumec.com\/wp-content\/uploads\/2025\/10\/Brazos-De-Taladro-Brazos-De-Taladro-Semiautomaticos.jpg 768w, https:\/\/volumec.com\/wp-content\/uploads\/2025\/10\/Brazos-De-Taladro-Brazos-De-Taladro-Semiautomaticos-300x232.jpg 300w, https:\/\/volumec.com\/wp-content\/uploads\/2025\/10\/Brazos-De-Taladro-Brazos-De-Taladro-Semiautomaticos-600x465.jpg 600w\" sizes=\"auto, (max-width: 768px) 100vw, 768px\" \/><\/div><\/figure>[\/vc_column][\/vc_row][vc_row full_width=\u00bbstretch_row\u00bb gap=\u00bb30&#8243; equal_height=\u00bbyes\u00bb columns_right=\u00bbyes\u00bb el_class=\u00bbprodotti_riga_prodotto ptd130 pbd130 ptm60 pbm60&#8243; css=\u00bb.vc_custom_1733471381571{background-color: #F1F1F1 !important;}\u00bb][vc_column css_animation=\u00bbfadeInRight\u00bb width=\u00bb1\/2&#8243;][vc_column_text css=\u00bb\u00bb el_class=\u00bbmtd20 mtm20 brm\u00bb]\n<h3><strong>Brazos de Taladro Autom\u00e1ticos \u2013 Full Auto CNC<\/strong><\/h3>\n[\/vc_column_text][vc_column_text css=\u00bb\u00bb el_class=\u00bbmtd20 mtm20&#8243; font_weight=\u00bbnormal\u00bb]Sistema de posicionamiento y perforaci\u00f3n totalmente autom\u00e1tico y programable (x\/y\/z) mediante el sistema de control VAPS CNC. El nuevo sistema de control VAPS (Volumec\u00ae Assisted Positioning System), con interfaz de operador t\u00e1ctil, permite realizar operaciones de perforaci\u00f3n y roscado en puntos predeterminados, eliminando la necesidad de trazado manual como en los taladros tradicionales.[\/vc_column_text]<style>.vcex-button.vcex_69e06583e9edf{border-radius:0px;color:#000000!important;padding:20px;border:2px solid #0b8df1;font-family:Manrope;font-size:16px;font-weight:700;}.vcex-button.vcex_69e06583e9edf:hover{color:#000000!important;}<\/style><div class=\"theme-button-wrap textcenter wpex-clr\"><a href=\"https:\/\/volumec.com\/es\/brazo-de-taladro\/brazos-de-taladro-automatic-cnc\/\" class=\"vcex-button theme-button outline align-center inline bottone1 mtd30 mtm30 vcex_69e06583e9edf\"><span class=\"vcex-button-inner theme-button-inner wpex-flex wpex-flex-wrap wpex-items-center wpex-justify-center\">DESCUBRE M\u00c1S<span class=\"vcex-button-icon vcex-icon-wrap theme-button-icon-right\"><span aria-hidden=\"true\" class=\"fas fa-arrow-right\"><\/span><\/span><\/span><\/a><\/div> [\/vc_column][vc_column css_animation=\u00bbfadeInLeft\u00bb width=\u00bb1\/2&#8243;]<figure class=\"vcex-image vcex-module wpex-text-center\"><div class=\"vcex-image-inner wpex-relative wpex-inline-block\"><img width=\"768\" height=\"595\" src=\"https:\/\/volumec.com\/wp-content\/uploads\/2025\/10\/Brazos-De-Taladro-Brazos-De-Taladro-Automaticos-\u2013-Full-Auto-Cnc.jpg\" class=\"vcex-image-img wpex-align-middle\" alt=\"\" loading=\"lazy\" decoding=\"async\" srcset=\"https:\/\/volumec.com\/wp-content\/uploads\/2025\/10\/Brazos-De-Taladro-Brazos-De-Taladro-Automaticos-\u2013-Full-Auto-Cnc.jpg 768w, https:\/\/volumec.com\/wp-content\/uploads\/2025\/10\/Brazos-De-Taladro-Brazos-De-Taladro-Automaticos-\u2013-Full-Auto-Cnc-300x232.jpg 300w, https:\/\/volumec.com\/wp-content\/uploads\/2025\/10\/Brazos-De-Taladro-Brazos-De-Taladro-Automaticos-\u2013-Full-Auto-Cnc-600x465.jpg 600w\" sizes=\"auto, (max-width: 768px) 100vw, 768px\" \/><\/div><\/figure>[\/vc_column][\/vc_row][vc_row css_animation=\u00bbfadeIn\u00bb full_width=\u00bbstretch_row\u00bb content_placement=\u00bbmiddle\u00bb parallax=\u00bbcontent-moving\u00bb parallax_image=\u00bb277&#8243; el_class=\u00bbriga_banner ptd30 pbd30 ptm40 pbm40&#8243;][vc_column width=\u00bb1\/2&#8243;]<style>.vcex-image.vcex_69e06583ed276 .vcex-image-inner{max-width:600px;}<\/style><figure class=\"vcex-image vcex-module vcex_69e06583ed276\"><div class=\"vcex-image-inner wpex-relative wpex-inline-block\"><img width=\"1000\" height=\"239\" src=\"https:\/\/volumec.com\/wp-content\/uploads\/2024\/12\/logo-Volumec.png\" class=\"vcex-image-img wpex-align-middle\" alt=\"\" loading=\"lazy\" decoding=\"async\" srcset=\"https:\/\/volumec.com\/wp-content\/uploads\/2024\/12\/logo-Volumec.png 1000w, https:\/\/volumec.com\/wp-content\/uploads\/2024\/12\/logo-Volumec-300x72.png 300w, https:\/\/volumec.com\/wp-content\/uploads\/2024\/12\/logo-Volumec-768x184.png 768w, https:\/\/volumec.com\/wp-content\/uploads\/2024\/12\/logo-Volumec-600x143.png 600w\" sizes=\"auto, (max-width: 1000px) 100vw, 1000px\" \/><\/div><\/figure>[\/vc_column][vc_column width=\u00bb1\/2&#8243; el_class=\u00bbptm40 cm\u00bb][vc_column_text css=\u00bb\u00bb color=\u00bb#ffffff\u00bb font_size=\u00bbd:100px|pl:45px|pp:45px\u00bb line_height=\u00bb110%\u00bb font_weight=\u00bb300&#8243;]Be <strong>innovative<\/strong>[\/vc_column_text][\/vc_column][\/vc_row]\n<\/div>","protected":false},"excerpt":{"rendered":"<p>[vc_row el_class=\u00bbptd100 pbd100 ptm50 pbm50&#8243;][vc_column][vc_column_text css=\u00bb\u00bb]Los brazos de taladro Drilltronic \u00a0son herramientas esenciales en m\u00faltiples sectores industriales, desde la producci\u00f3n mec\u00e1nica hasta el procesamiento de materiales.\u00a0Un innovador sistema de brazo radial que permite realizar r\u00e1pidamente operaciones de taladrado, roscado y avellanado en diferentes tipos de materiales. \u00a0Nuestros brazos de taladro est\u00e1n dise\u00f1ados para proporcionar la&hellip;<\/p>\n","protected":false},"author":1,"featured_media":0,"parent":0,"menu_order":0,"comment_status":"closed","ping_status":"closed","template":"","meta":{"_acf_changed":false,"inline_featured_image":false,"footnotes":""},"class_list":["post-474","page","type-page","status-publish","hentry","entry","no-media"],"acf":[],"yoast_head":"<!-- This site is optimized with the Yoast SEO plugin v25.1 - https:\/\/yoast.com\/wordpress\/plugins\/seo\/ -->\n<title>Brazo de Taladro - Volumec<\/title>\n<meta name=\"description\" content=\"Drilltronic es un brazo de Taladro radial que permite realizar perforaci\u00f3n, roscado y avellanado en diferentes tipos de materiales.\" \/>\n<meta name=\"robots\" content=\"index, follow, max-snippet:-1, max-image-preview:large, max-video-preview:-1\" \/>\n<link rel=\"canonical\" href=\"https:\/\/volumec.com\/prodotti\/bracci-di-foratura\/\" \/>\n<meta property=\"og:locale\" content=\"es_ES\" \/>\n<meta property=\"og:type\" content=\"article\" \/>\n<meta property=\"og:title\" content=\"Brazo de Taladro - Volumec\" \/>\n<meta property=\"og:description\" content=\"Drilltronic es un brazo de Taladro radial que permite realizar perforaci\u00f3n, roscado y avellanado en diferentes tipos de materiales.\" \/>\n<meta property=\"og:url\" content=\"https:\/\/volumec.com\/prodotti\/bracci-di-foratura\/\" \/>\n<meta property=\"og:site_name\" content=\"Volumec\" \/>\n<meta property=\"article:modified_time\" content=\"2025-10-24T10:28:00+00:00\" \/>\n<meta name=\"twitter:card\" content=\"summary_large_image\" \/>\n<meta name=\"twitter:label1\" content=\"Tiempo de lectura\" \/>\n\t<meta name=\"twitter:data1\" content=\"5 minutos\" \/>\n<script type=\"application\/ld+json\" class=\"yoast-schema-graph\">{\"@context\":\"https:\/\/schema.org\",\"@graph\":[{\"@type\":\"WebPage\",\"@id\":\"https:\/\/volumec.com\/prodotti\/bracci-di-foratura\/\",\"url\":\"https:\/\/volumec.com\/prodotti\/bracci-di-foratura\/\",\"name\":\"Brazo de Taladro - Volumec\",\"isPartOf\":{\"@id\":\"https:\/\/www.volumec.com\/en\/#website\"},\"datePublished\":\"2024-12-05T11:16:27+00:00\",\"dateModified\":\"2025-10-24T10:28:00+00:00\",\"description\":\"Drilltronic es un brazo de Taladro radial que permite realizar perforaci\u00f3n, roscado y avellanado en diferentes tipos de materiales.\",\"breadcrumb\":{\"@id\":\"https:\/\/volumec.com\/prodotti\/bracci-di-foratura\/#breadcrumb\"},\"inLanguage\":\"es\",\"potentialAction\":[{\"@type\":\"ReadAction\",\"target\":[\"https:\/\/volumec.com\/prodotti\/bracci-di-foratura\/\"]}]},{\"@type\":\"BreadcrumbList\",\"@id\":\"https:\/\/volumec.com\/prodotti\/bracci-di-foratura\/#breadcrumb\",\"itemListElement\":[{\"@type\":\"ListItem\",\"position\":1,\"name\":\"Home\",\"item\":\"https:\/\/volumec.com\/es\/\"},{\"@type\":\"ListItem\",\"position\":2,\"name\":\"Brazo de taladro\"}]},{\"@type\":\"WebSite\",\"@id\":\"https:\/\/www.volumec.com\/en\/#website\",\"url\":\"https:\/\/www.volumec.com\/en\/\",\"name\":\"Volumec.com\",\"description\":\"\",\"publisher\":{\"@id\":\"https:\/\/www.volumec.com\/en\/#organization\"},\"alternateName\":\"be innovative\",\"potentialAction\":[{\"@type\":\"SearchAction\",\"target\":{\"@type\":\"EntryPoint\",\"urlTemplate\":\"https:\/\/www.volumec.com\/en\/?s={search_term_string}\"},\"query-input\":{\"@type\":\"PropertyValueSpecification\",\"valueRequired\":true,\"valueName\":\"search_term_string\"}}],\"inLanguage\":\"es\"},{\"@type\":\"Organization\",\"@id\":\"https:\/\/www.volumec.com\/en\/#organization\",\"name\":\"Volumec\",\"url\":\"https:\/\/www.volumec.com\/en\/\",\"logo\":{\"@type\":\"ImageObject\",\"inLanguage\":\"es\",\"@id\":\"https:\/\/www.volumec.com\/en\/#\/schema\/logo\/image\/\",\"url\":\"https:\/\/volumec.com\/wp-content\/uploads\/2024\/12\/Volumec-logo.png\",\"contentUrl\":\"https:\/\/volumec.com\/wp-content\/uploads\/2024\/12\/Volumec-logo.png\",\"width\":320,\"height\":77,\"caption\":\"Volumec\"},\"image\":{\"@id\":\"https:\/\/www.volumec.com\/en\/#\/schema\/logo\/image\/\"}}]}<\/script>\n<!-- \/ Yoast SEO plugin. -->","yoast_head_json":{"title":"Brazo de Taladro - Volumec","description":"Drilltronic es un brazo de Taladro radial que permite realizar perforaci\u00f3n, roscado y avellanado en diferentes tipos de materiales.","robots":{"index":"index","follow":"follow","max-snippet":"max-snippet:-1","max-image-preview":"max-image-preview:large","max-video-preview":"max-video-preview:-1"},"canonical":"https:\/\/volumec.com\/prodotti\/bracci-di-foratura\/","og_locale":"es_ES","og_type":"article","og_title":"Brazo de Taladro - Volumec","og_description":"Drilltronic es un brazo de Taladro radial que permite realizar perforaci\u00f3n, roscado y avellanado en diferentes tipos de materiales.","og_url":"https:\/\/volumec.com\/prodotti\/bracci-di-foratura\/","og_site_name":"Volumec","article_modified_time":"2025-10-24T10:28:00+00:00","twitter_card":"summary_large_image","twitter_misc":{"Tiempo de lectura":"5 minutos"},"schema":{"@context":"https:\/\/schema.org","@graph":[{"@type":"WebPage","@id":"https:\/\/volumec.com\/prodotti\/bracci-di-foratura\/","url":"https:\/\/volumec.com\/prodotti\/bracci-di-foratura\/","name":"Brazo de Taladro - Volumec","isPartOf":{"@id":"https:\/\/www.volumec.com\/en\/#website"},"datePublished":"2024-12-05T11:16:27+00:00","dateModified":"2025-10-24T10:28:00+00:00","description":"Drilltronic es un brazo de Taladro radial que permite realizar perforaci\u00f3n, roscado y avellanado en diferentes tipos de materiales.","breadcrumb":{"@id":"https:\/\/volumec.com\/prodotti\/bracci-di-foratura\/#breadcrumb"},"inLanguage":"es","potentialAction":[{"@type":"ReadAction","target":["https:\/\/volumec.com\/prodotti\/bracci-di-foratura\/"]}]},{"@type":"BreadcrumbList","@id":"https:\/\/volumec.com\/prodotti\/bracci-di-foratura\/#breadcrumb","itemListElement":[{"@type":"ListItem","position":1,"name":"Home","item":"https:\/\/volumec.com\/es\/"},{"@type":"ListItem","position":2,"name":"Brazo de taladro"}]},{"@type":"WebSite","@id":"https:\/\/www.volumec.com\/en\/#website","url":"https:\/\/www.volumec.com\/en\/","name":"Volumec.com","description":"","publisher":{"@id":"https:\/\/www.volumec.com\/en\/#organization"},"alternateName":"be innovative","potentialAction":[{"@type":"SearchAction","target":{"@type":"EntryPoint","urlTemplate":"https:\/\/www.volumec.com\/en\/?s={search_term_string}"},"query-input":{"@type":"PropertyValueSpecification","valueRequired":true,"valueName":"search_term_string"}}],"inLanguage":"es"},{"@type":"Organization","@id":"https:\/\/www.volumec.com\/en\/#organization","name":"Volumec","url":"https:\/\/www.volumec.com\/en\/","logo":{"@type":"ImageObject","inLanguage":"es","@id":"https:\/\/www.volumec.com\/en\/#\/schema\/logo\/image\/","url":"https:\/\/volumec.com\/wp-content\/uploads\/2024\/12\/Volumec-logo.png","contentUrl":"https:\/\/volumec.com\/wp-content\/uploads\/2024\/12\/Volumec-logo.png","width":320,"height":77,"caption":"Volumec"},"image":{"@id":"https:\/\/www.volumec.com\/en\/#\/schema\/logo\/image\/"}}]}},"_links":{"self":[{"href":"https:\/\/volumec.com\/es\/wp-json\/wp\/v2\/pages\/474","targetHints":{"allow":["GET"]}}],"collection":[{"href":"https:\/\/volumec.com\/es\/wp-json\/wp\/v2\/pages"}],"about":[{"href":"https:\/\/volumec.com\/es\/wp-json\/wp\/v2\/types\/page"}],"author":[{"embeddable":true,"href":"https:\/\/volumec.com\/es\/wp-json\/wp\/v2\/users\/1"}],"replies":[{"embeddable":true,"href":"https:\/\/volumec.com\/es\/wp-json\/wp\/v2\/comments?post=474"}],"version-history":[{"count":12,"href":"https:\/\/volumec.com\/es\/wp-json\/wp\/v2\/pages\/474\/revisions"}],"predecessor-version":[{"id":8448,"href":"https:\/\/volumec.com\/es\/wp-json\/wp\/v2\/pages\/474\/revisions\/8448"}],"wp:attachment":[{"href":"https:\/\/volumec.com\/es\/wp-json\/wp\/v2\/media?parent=474"}],"curies":[{"name":"wp","href":"https:\/\/api.w.org\/{rel}","templated":true}]}}