{"id":456,"date":"2024-12-09T10:53:06","date_gmt":"2024-12-09T09:53:06","guid":{"rendered":"http:\/\/volumec.com\/?page_id=456"},"modified":"2025-10-24T12:33:00","modified_gmt":"2025-10-24T10:33:00","slug":"tope-de-longitud","status":"publish","type":"page","link":"https:\/\/volumec.com\/es\/tope-de-longitud\/","title":{"rendered":"Tope de longitud"},"content":{"rendered":"<div class=\"wpb-content-wrapper\">[vc_row el_class=\u00bbptd100 pbd100 ptm50 pbm50&#8243;][vc_column][vc_column_text css=\u00bb\u00bb]\n<p class=\"p1\">Los <span class=\"s1\"><b>topes de longitud <\/b><\/span>son dispositivos dise\u00f1ados para fijar la medida de las piezas antes del procesamiento, tanto en modo manual como autom\u00e1tico (por ejemplo, corte con sierra).<\/p>\n<p class=\"p1\">El sistema incluye un transportador de rodillos y un eje lineal integrado, que posicionan la referencia en la medida deseada, asegurando un importante ahorro de tiempo y una mayor precisi\u00f3n en comparaci\u00f3n con la medici\u00f3n manual.<\/p>\n[\/vc_column_text][\/vc_column][\/vc_row][vc_row el_class=\u00bbptd100 pbd100 ptm50 pbm50&#8243;][vc_column][vc_column_text css=\u00bb\u00bb]\n<h2><strong>Modelos disponibles<\/strong><\/h2>\n<p class=\"p1\">Volumec produce <b>Tope de apoyo WMA <\/b>con movimiento manual y <b>Tope de apoyo WMO <\/b>con funcionamiento motorizado autom\u00e1tico.<\/p>\n[\/vc_column_text][\/vc_column][\/vc_row][vc_row full_width=\u00bbstretch_row\u00bb gap=\u00bb30&#8243; equal_height=\u00bbyes\u00bb columns_right=\u00bbyes\u00bb el_class=\u00bbprodotti_riga_prodotto ptd130 pbd130 ptm60 pbm60&#8243; css=\u00bb.vc_custom_1733471381571{background-color: #F1F1F1 !important;}\u00bb][vc_column css_animation=\u00bbfadeInRight\u00bb width=\u00bb1\/2&#8243;][vc_column_text css=\u00bb\u00bb el_class=\u00bbmtd20 mtm20 brm\u00bb]\n<h3>WMA<\/h3>\n[\/vc_column_text][vc_column_text css=\u00bb.vc_custom_1736542038690{margin-top: 10px !important;}\u00bb font_weight=\u00bb700&#8243; font_size=\u00bb28px\u00bb line_height=\u00bb120%\u00bb]\n<p class=\"p1\">Tope de longitud manuales<\/p>\n[\/vc_column_text][vc_column_text css=\u00bb\u00bb el_class=\u00bbmtd20 mtm20&#8243;]\n<p class=\"p1\"><span class=\"s1\"><b>Tope de longitud <\/b><\/span>compuesto por transportador de rodillos + eje lineal con transmisi\u00f3n por correa, tope de retorno de movimiento manual con pantalla digital.<\/p>\n<p class=\"p1\">Longitudes disponibles de 1000 mm a 6000 mm, combinables con sierras, cortadoras, taladros, cizallas y plegadoras.<\/p>\n<p class=\"p1\">Capacidad 100 Kg\/m y ancho de superficie de apoyo 265 mm<\/p>\n[\/vc_column_text]<style>.vcex-button.vcex_69e062d3d37b6{border-radius:0px;color:#000000!important;padding:20px;border:2px solid #0b8df1;font-family:Manrope;font-size:16px;font-weight:700;}.vcex-button.vcex_69e062d3d37b6:hover{color:#000000!important;}<\/style><div class=\"theme-button-wrap textcenter wpex-clr\"><a href=\"https:\/\/volumec.com\/es\/tope-de-longitud\/wma\/\" class=\"vcex-button theme-button outline align-center inline bottone1 mtd30 mtm30 vcex_69e062d3d37b6\"><span class=\"vcex-button-inner theme-button-inner wpex-flex wpex-flex-wrap wpex-items-center wpex-justify-center\">DESCUBRE M\u00c1S<span class=\"vcex-button-icon vcex-icon-wrap theme-button-icon-right\"><span aria-hidden=\"true\" class=\"fas fa-arrow-right\"><\/span><\/span><\/span><\/a><\/div> [\/vc_column][vc_column css_animation=\u00bbfadeInLeft\u00bb width=\u00bb1\/2&#8243;]<figure class=\"vcex-image vcex-module wpex-text-center\"><div class=\"vcex-image-inner wpex-relative wpex-inline-block\"><img width=\"768\" height=\"595\" src=\"https:\/\/volumec.com\/wp-content\/uploads\/2025\/10\/Topes-De-Longitud-Wma.jpg\" class=\"vcex-image-img wpex-align-middle\" alt=\"\" loading=\"lazy\" decoding=\"async\" srcset=\"https:\/\/volumec.com\/wp-content\/uploads\/2025\/10\/Topes-De-Longitud-Wma.jpg 768w, https:\/\/volumec.com\/wp-content\/uploads\/2025\/10\/Topes-De-Longitud-Wma-300x232.jpg 300w, https:\/\/volumec.com\/wp-content\/uploads\/2025\/10\/Topes-De-Longitud-Wma-600x465.jpg 600w\" sizes=\"auto, (max-width: 768px) 100vw, 768px\" \/><\/div><\/figure>[\/vc_column][\/vc_row][vc_row full_width=\u00bbstretch_row\u00bb gap=\u00bb30&#8243; equal_height=\u00bbyes\u00bb el_class=\u00bbprodotti_riga_prodotto ptd130 pbd130 ptm60 pbm60&#8243;][vc_column css_animation=\u00bbfadeInLeft\u00bb width=\u00bb1\/2&#8243;][vc_column_text css=\u00bb\u00bb el_class=\u00bbmtd20 mtm20 brm\u00bb]\n<h3>WMO<\/h3>\n[\/vc_column_text][vc_column_text css=\u00bb.vc_custom_1736542131172{margin-top: 10px !important;}\u00bb font_weight=\u00bb700&#8243; font_size=\u00bb28px\u00bb line_height=\u00bb120%\u00bb]\n<p class=\"p1\">Tope de longitud motorizados<\/p>\n[\/vc_column_text][vc_column_text css=\u00bb\u00bb el_class=\u00bbmtd20 mtm20&#8243;]\n<p class=\"p1\"><span class=\"s1\"><b>Tope de longitud <\/b><\/span>compuesto por transportador de rodillos + eje lineal motorizado por motor brushless y medici\u00f3n por encoder, sistema de control con pantalla t\u00e1ctil programable listo para interactuar con sierras, cortadoras, taladros, cizallas y plegadoras.<\/p>\n<p class=\"p1\">Modelos disponibles en varias longitudes, desde 1000 mm hasta 6000 mm.<\/p>\n<p class=\"p1\">Capacidad 100 Kg\/m y ancho de superficie de apoyo 265 mm<\/p>\n[\/vc_column_text]<style>.vcex-button.vcex_69e062d3d9ebe{border-radius:0px;color:#000000!important;padding:20px;border:2px solid #0b8df1;font-family:Manrope;font-size:16px;font-weight:700;}.vcex-button.vcex_69e062d3d9ebe:hover{color:#000000!important;}<\/style><div class=\"theme-button-wrap textcenter wpex-clr\"><a href=\"https:\/\/volumec.com\/es\/tope-de-longitud\/wmo\/\" class=\"vcex-button theme-button outline align-center inline bottone1 mtd30 mtm30 vcex_69e062d3d9ebe\"><span class=\"vcex-button-inner theme-button-inner wpex-flex wpex-flex-wrap wpex-items-center wpex-justify-center\">DESCUBRE M\u00c1S<span class=\"vcex-button-icon vcex-icon-wrap theme-button-icon-right\"><span aria-hidden=\"true\" class=\"fas fa-arrow-right\"><\/span><\/span><\/span><\/a><\/div> [\/vc_column][vc_column css_animation=\u00bbfadeInRight\u00bb width=\u00bb1\/2&#8243;]<figure class=\"vcex-image vcex-module wpex-text-center\"><div class=\"vcex-image-inner wpex-relative wpex-inline-block\"><img width=\"768\" height=\"595\" src=\"https:\/\/volumec.com\/wp-content\/uploads\/2025\/10\/Topes-De-Longitud-Wmo.jpg\" class=\"vcex-image-img wpex-align-middle\" alt=\"\" loading=\"lazy\" decoding=\"async\" srcset=\"https:\/\/volumec.com\/wp-content\/uploads\/2025\/10\/Topes-De-Longitud-Wmo.jpg 768w, https:\/\/volumec.com\/wp-content\/uploads\/2025\/10\/Topes-De-Longitud-Wmo-300x232.jpg 300w, https:\/\/volumec.com\/wp-content\/uploads\/2025\/10\/Topes-De-Longitud-Wmo-600x465.jpg 600w\" sizes=\"auto, (max-width: 768px) 100vw, 768px\" \/><\/div><\/figure>[\/vc_column][\/vc_row][vc_row css_animation=\u00bbfadeIn\u00bb full_width=\u00bbstretch_row\u00bb content_placement=\u00bbmiddle\u00bb parallax=\u00bbcontent-moving\u00bb parallax_image=\u00bb277&#8243; el_class=\u00bbriga_banner ptd30 pbd30 ptm40 pbm40&#8243;][vc_column width=\u00bb1\/2&#8243;]<style>.vcex-image.vcex_69e062d3dd16c .vcex-image-inner{max-width:600px;}<\/style><figure class=\"vcex-image vcex-module vcex_69e062d3dd16c\"><div class=\"vcex-image-inner wpex-relative wpex-inline-block\"><img width=\"1000\" height=\"239\" src=\"https:\/\/volumec.com\/wp-content\/uploads\/2024\/12\/logo-Volumec.png\" class=\"vcex-image-img wpex-align-middle\" alt=\"\" loading=\"lazy\" decoding=\"async\" srcset=\"https:\/\/volumec.com\/wp-content\/uploads\/2024\/12\/logo-Volumec.png 1000w, https:\/\/volumec.com\/wp-content\/uploads\/2024\/12\/logo-Volumec-300x72.png 300w, https:\/\/volumec.com\/wp-content\/uploads\/2024\/12\/logo-Volumec-768x184.png 768w, https:\/\/volumec.com\/wp-content\/uploads\/2024\/12\/logo-Volumec-600x143.png 600w\" sizes=\"auto, (max-width: 1000px) 100vw, 1000px\" \/><\/div><\/figure>[\/vc_column][vc_column width=\u00bb1\/2&#8243; el_class=\u00bbptm40 cm\u00bb][vc_column_text css=\u00bb\u00bb color=\u00bb#ffffff\u00bb font_size=\u00bbd:100px|pl:45px|pp:45px\u00bb line_height=\u00bb110%\u00bb font_weight=\u00bb300&#8243;]Be <strong>innovative<\/strong>[\/vc_column_text][\/vc_column][\/vc_row]\n<\/div>","protected":false},"excerpt":{"rendered":"<p>[vc_row el_class=\u00bbptd100 pbd100 ptm50 pbm50&#8243;][vc_column][vc_column_text css=\u00bb\u00bb] Los topes de longitud son dispositivos dise\u00f1ados para fijar la medida de las piezas antes del procesamiento, tanto en modo manual como autom\u00e1tico (por ejemplo, corte con sierra). El sistema incluye un transportador de rodillos y un eje lineal integrado, que posicionan la referencia en la medida deseada, asegurando&hellip;<\/p>\n","protected":false},"author":1,"featured_media":0,"parent":0,"menu_order":0,"comment_status":"closed","ping_status":"closed","template":"","meta":{"_acf_changed":false,"inline_featured_image":false,"footnotes":""},"class_list":["post-456","page","type-page","status-publish","hentry","entry","no-media"],"acf":[],"yoast_head":"<!-- This site is optimized with the Yoast SEO plugin v25.1 - https:\/\/yoast.com\/wordpress\/plugins\/seo\/ -->\n<title>Tope de longitud - Volumec<\/title>\n<meta name=\"description\" content=\"Topes de ajuste manuales o motorizados con rodillos y eje lineal de 1000 a 6000 mm. Capacidad de carga de 100 kg\/m y ancho de la superficie de apoyo de 265 mm.\" \/>\n<meta name=\"robots\" content=\"index, follow, max-snippet:-1, max-image-preview:large, max-video-preview:-1\" \/>\n<link rel=\"canonical\" href=\"https:\/\/volumec.com\/prodotti\/battute-di-riscontro\/\" \/>\n<meta property=\"og:locale\" content=\"es_ES\" \/>\n<meta property=\"og:type\" content=\"article\" \/>\n<meta property=\"og:title\" content=\"Tope de longitud - Volumec\" \/>\n<meta property=\"og:description\" content=\"Topes de ajuste manuales o motorizados con rodillos y eje lineal de 1000 a 6000 mm. Capacidad de carga de 100 kg\/m y ancho de la superficie de apoyo de 265 mm.\" \/>\n<meta property=\"og:url\" content=\"https:\/\/volumec.com\/prodotti\/battute-di-riscontro\/\" \/>\n<meta property=\"og:site_name\" content=\"Volumec\" \/>\n<meta property=\"article:modified_time\" content=\"2025-10-24T10:33:00+00:00\" \/>\n<meta name=\"twitter:card\" content=\"summary_large_image\" \/>\n<meta name=\"twitter:label1\" content=\"Tiempo de lectura\" \/>\n\t<meta name=\"twitter:data1\" content=\"3 minutos\" \/>\n<script type=\"application\/ld+json\" class=\"yoast-schema-graph\">{\"@context\":\"https:\/\/schema.org\",\"@graph\":[{\"@type\":\"WebPage\",\"@id\":\"https:\/\/volumec.com\/prodotti\/battute-di-riscontro\/\",\"url\":\"https:\/\/volumec.com\/prodotti\/battute-di-riscontro\/\",\"name\":\"Tope de longitud - Volumec\",\"isPartOf\":{\"@id\":\"https:\/\/www.volumec.com\/en\/#website\"},\"datePublished\":\"2024-12-09T09:53:06+00:00\",\"dateModified\":\"2025-10-24T10:33:00+00:00\",\"description\":\"Topes de ajuste manuales o motorizados con rodillos y eje lineal de 1000 a 6000 mm. Capacidad de carga de 100 kg\/m y ancho de la superficie de apoyo de 265 mm.\",\"breadcrumb\":{\"@id\":\"https:\/\/volumec.com\/prodotti\/battute-di-riscontro\/#breadcrumb\"},\"inLanguage\":\"es\",\"potentialAction\":[{\"@type\":\"ReadAction\",\"target\":[\"https:\/\/volumec.com\/prodotti\/battute-di-riscontro\/\"]}]},{\"@type\":\"BreadcrumbList\",\"@id\":\"https:\/\/volumec.com\/prodotti\/battute-di-riscontro\/#breadcrumb\",\"itemListElement\":[{\"@type\":\"ListItem\",\"position\":1,\"name\":\"Home\",\"item\":\"https:\/\/volumec.com\/es\/\"},{\"@type\":\"ListItem\",\"position\":2,\"name\":\"Tope de longitud\"}]},{\"@type\":\"WebSite\",\"@id\":\"https:\/\/www.volumec.com\/en\/#website\",\"url\":\"https:\/\/www.volumec.com\/en\/\",\"name\":\"Volumec.com\",\"description\":\"\",\"publisher\":{\"@id\":\"https:\/\/www.volumec.com\/en\/#organization\"},\"alternateName\":\"be innovative\",\"potentialAction\":[{\"@type\":\"SearchAction\",\"target\":{\"@type\":\"EntryPoint\",\"urlTemplate\":\"https:\/\/www.volumec.com\/en\/?s={search_term_string}\"},\"query-input\":{\"@type\":\"PropertyValueSpecification\",\"valueRequired\":true,\"valueName\":\"search_term_string\"}}],\"inLanguage\":\"es\"},{\"@type\":\"Organization\",\"@id\":\"https:\/\/www.volumec.com\/en\/#organization\",\"name\":\"Volumec\",\"url\":\"https:\/\/www.volumec.com\/en\/\",\"logo\":{\"@type\":\"ImageObject\",\"inLanguage\":\"es\",\"@id\":\"https:\/\/www.volumec.com\/en\/#\/schema\/logo\/image\/\",\"url\":\"https:\/\/volumec.com\/wp-content\/uploads\/2024\/12\/Volumec-logo.png\",\"contentUrl\":\"https:\/\/volumec.com\/wp-content\/uploads\/2024\/12\/Volumec-logo.png\",\"width\":320,\"height\":77,\"caption\":\"Volumec\"},\"image\":{\"@id\":\"https:\/\/www.volumec.com\/en\/#\/schema\/logo\/image\/\"}}]}<\/script>\n<!-- \/ Yoast SEO plugin. -->","yoast_head_json":{"title":"Tope de longitud - Volumec","description":"Topes de ajuste manuales o motorizados con rodillos y eje lineal de 1000 a 6000 mm. Capacidad de carga de 100 kg\/m y ancho de la superficie de apoyo de 265 mm.","robots":{"index":"index","follow":"follow","max-snippet":"max-snippet:-1","max-image-preview":"max-image-preview:large","max-video-preview":"max-video-preview:-1"},"canonical":"https:\/\/volumec.com\/prodotti\/battute-di-riscontro\/","og_locale":"es_ES","og_type":"article","og_title":"Tope de longitud - Volumec","og_description":"Topes de ajuste manuales o motorizados con rodillos y eje lineal de 1000 a 6000 mm. Capacidad de carga de 100 kg\/m y ancho de la superficie de apoyo de 265 mm.","og_url":"https:\/\/volumec.com\/prodotti\/battute-di-riscontro\/","og_site_name":"Volumec","article_modified_time":"2025-10-24T10:33:00+00:00","twitter_card":"summary_large_image","twitter_misc":{"Tiempo de lectura":"3 minutos"},"schema":{"@context":"https:\/\/schema.org","@graph":[{"@type":"WebPage","@id":"https:\/\/volumec.com\/prodotti\/battute-di-riscontro\/","url":"https:\/\/volumec.com\/prodotti\/battute-di-riscontro\/","name":"Tope de longitud - Volumec","isPartOf":{"@id":"https:\/\/www.volumec.com\/en\/#website"},"datePublished":"2024-12-09T09:53:06+00:00","dateModified":"2025-10-24T10:33:00+00:00","description":"Topes de ajuste manuales o motorizados con rodillos y eje lineal de 1000 a 6000 mm. Capacidad de carga de 100 kg\/m y ancho de la superficie de apoyo de 265 mm.","breadcrumb":{"@id":"https:\/\/volumec.com\/prodotti\/battute-di-riscontro\/#breadcrumb"},"inLanguage":"es","potentialAction":[{"@type":"ReadAction","target":["https:\/\/volumec.com\/prodotti\/battute-di-riscontro\/"]}]},{"@type":"BreadcrumbList","@id":"https:\/\/volumec.com\/prodotti\/battute-di-riscontro\/#breadcrumb","itemListElement":[{"@type":"ListItem","position":1,"name":"Home","item":"https:\/\/volumec.com\/es\/"},{"@type":"ListItem","position":2,"name":"Tope de longitud"}]},{"@type":"WebSite","@id":"https:\/\/www.volumec.com\/en\/#website","url":"https:\/\/www.volumec.com\/en\/","name":"Volumec.com","description":"","publisher":{"@id":"https:\/\/www.volumec.com\/en\/#organization"},"alternateName":"be innovative","potentialAction":[{"@type":"SearchAction","target":{"@type":"EntryPoint","urlTemplate":"https:\/\/www.volumec.com\/en\/?s={search_term_string}"},"query-input":{"@type":"PropertyValueSpecification","valueRequired":true,"valueName":"search_term_string"}}],"inLanguage":"es"},{"@type":"Organization","@id":"https:\/\/www.volumec.com\/en\/#organization","name":"Volumec","url":"https:\/\/www.volumec.com\/en\/","logo":{"@type":"ImageObject","inLanguage":"es","@id":"https:\/\/www.volumec.com\/en\/#\/schema\/logo\/image\/","url":"https:\/\/volumec.com\/wp-content\/uploads\/2024\/12\/Volumec-logo.png","contentUrl":"https:\/\/volumec.com\/wp-content\/uploads\/2024\/12\/Volumec-logo.png","width":320,"height":77,"caption":"Volumec"},"image":{"@id":"https:\/\/www.volumec.com\/en\/#\/schema\/logo\/image\/"}}]}},"_links":{"self":[{"href":"https:\/\/volumec.com\/es\/wp-json\/wp\/v2\/pages\/456","targetHints":{"allow":["GET"]}}],"collection":[{"href":"https:\/\/volumec.com\/es\/wp-json\/wp\/v2\/pages"}],"about":[{"href":"https:\/\/volumec.com\/es\/wp-json\/wp\/v2\/types\/page"}],"author":[{"embeddable":true,"href":"https:\/\/volumec.com\/es\/wp-json\/wp\/v2\/users\/1"}],"replies":[{"embeddable":true,"href":"https:\/\/volumec.com\/es\/wp-json\/wp\/v2\/comments?post=456"}],"version-history":[{"count":8,"href":"https:\/\/volumec.com\/es\/wp-json\/wp\/v2\/pages\/456\/revisions"}],"predecessor-version":[{"id":8456,"href":"https:\/\/volumec.com\/es\/wp-json\/wp\/v2\/pages\/456\/revisions\/8456"}],"wp:attachment":[{"href":"https:\/\/volumec.com\/es\/wp-json\/wp\/v2\/media?parent=456"}],"curies":[{"name":"wp","href":"https:\/\/api.w.org\/{rel}","templated":true}]}}