{"id":440,"date":"2021-08-24T14:55:13","date_gmt":"2021-08-24T12:55:13","guid":{"rendered":"http:\/\/volumec.com\/?page_id=440"},"modified":"2025-05-14T14:27:20","modified_gmt":"2025-05-14T12:27:20","slug":"home","status":"publish","type":"page","link":"https:\/\/volumec.com\/es\/","title":{"rendered":"Home"},"content":{"rendered":"<div class=\"wpb-content-wrapper\">[vc_row css_animation=\u00bbfadeInUp\u00bb el_class=\u00bbptd100 pbd200 ptm50 pbm100&#8243;][vc_column][vc_column_text css=\u00bb\u00bb text_align=\u00bbcenter\u00bb]\n<h2>La <strong>tecnolog\u00eda <\/strong>que transforma el tiempo en<strong> valor<\/strong><\/h2>\n[\/vc_column_text][vc_column_text css=\u00bb\u00bb el_class=\u00bbmtd50 mtm40&#8243; text_align=\u00bbcenter\u00bb]Volumec\u00ae es una empresa italiana que tiene como objetivo mejorar la productividad de nuestros clientes y facilitar el trabajo de los operarios de producci\u00f3n a trav\u00e9s de su gama de m\u00e1quinas y brazos ergon\u00f3micos.<\/p>\n[\/vc_column_text][\/vc_column][\/vc_row][vc_row full_width=\u00bbstretch_row\u00bb content_placement=\u00bbmiddle\u00bb el_class=\u00bbptd70 pbd70 ptm50 pbm50&#8243; css=\u00bb.vc_custom_1733391809404{background-color: #131A1F !important;}\u00bb][vc_column css_animation=\u00bbfadeInLeft\u00bb width=\u00bb5\/12&#8243;][vc_column_text css=\u00bb\u00bb color=\u00bb#0c8df2&#8243; font_size=\u00bb18px\u00bb]C\u00f3mo trabajamos[\/vc_column_text][vc_column_text css=\u00bb\u00bb el_class=\u00bbmtd20 mtm20 brm\u00bb color=\u00bb#ffffff\u00bb]\n<h3>As\u00ed nos desarrollamos<br \/>\nnuestros productos<\/h3>\n[\/vc_column_text][vc_separator color=\u00bbcustom\u00bb css=\u00bb\u00bb accent_color=\u00bb#FFFFFF75&#8243; el_class=\u00bbmtd50 mtm40&#8243;]<style>.vcex-icon-box.vcex_69e067deef3db .vcex-icon-box-heading{margin-bottom:0px;color:#ffffff;font-weight:700;}.vcex-icon-box.vcex_69e067deef3db .vcex-icon-box-icon{color:#ffffff;}<\/style><div class=\"vcex-module vcex-icon-box vcex-icon-box-one wpex-flex wpex-items-center wpex-text-left mtd30 mbd30 mtm20 mbm20 vcex_69e067deef3db\"><div class=\"vcex-icon-box-symbol vcex-icon-box-symbol--icon wpex-flex-shrink-0 wpex-mr-25\"><div class=\"vcex-icon-box-icon wpex-items-center wpex-justify-center wpex-child-inherit-color wpex-text-center wpex-leading-none wpex-flex wpex-text-1\"><span class=\"fa-light fa-arrow-down-right\" aria-hidden=\"true\"><\/span><\/div><\/div><div class=\"vcex-icon-box-text wpex-flex-grow\"><span class=\"vcex-icon-box-heading wpex-heading wpex-text-md\">Investigaci\u00f3n y desarrollo<\/span><\/div><\/div>[vc_separator color=\u00bbcustom\u00bb css=\u00bb\u00bb accent_color=\u00bb#FFFFFF75&#8243;]<style>.vcex-icon-box.vcex_69e067def226b .vcex-icon-box-heading{margin-bottom:0px;color:#ffffff;font-weight:700;}.vcex-icon-box.vcex_69e067def226b .vcex-icon-box-icon{color:#ffffff;}<\/style><div class=\"vcex-module vcex-icon-box vcex-icon-box-one wpex-flex wpex-items-center wpex-text-left mtd30 mbd30 mtm20 mbm20 vcex_69e067def226b\"><div class=\"vcex-icon-box-symbol vcex-icon-box-symbol--icon wpex-flex-shrink-0 wpex-mr-25\"><div class=\"vcex-icon-box-icon wpex-items-center wpex-justify-center wpex-child-inherit-color wpex-text-center wpex-leading-none wpex-flex wpex-text-1\"><span class=\"fa-light fa-arrow-down-right\" aria-hidden=\"true\"><\/span><\/div><\/div><div class=\"vcex-icon-box-text wpex-flex-grow\"><span class=\"vcex-icon-box-heading wpex-heading wpex-text-md\">Estudio y planificaci\u00f3n de la idea.<\/span><\/div><\/div>[vc_separator color=\u00bbcustom\u00bb css=\u00bb\u00bb accent_color=\u00bb#FFFFFF75&#8243;]<style>.vcex-icon-box.vcex_69e067df00b81 .vcex-icon-box-heading{margin-bottom:0px;color:#ffffff;font-weight:700;}.vcex-icon-box.vcex_69e067df00b81 .vcex-icon-box-icon{color:#ffffff;}<\/style><div class=\"vcex-module vcex-icon-box vcex-icon-box-one wpex-flex wpex-items-center wpex-text-left mtd30 mbd30 mtm20 mbm20 vcex_69e067df00b81\"><div class=\"vcex-icon-box-symbol vcex-icon-box-symbol--icon wpex-flex-shrink-0 wpex-mr-25\"><div class=\"vcex-icon-box-icon wpex-items-center wpex-justify-center wpex-child-inherit-color wpex-text-center wpex-leading-none wpex-flex wpex-text-1\"><span class=\"fa-light fa-arrow-down-right\" aria-hidden=\"true\"><\/span><\/div><\/div><div class=\"vcex-icon-box-text wpex-flex-grow\"><span class=\"vcex-icon-box-heading wpex-heading wpex-text-md\">Producci\u00f3n e implementaci\u00f3n<\/span><\/div><\/div>[vc_separator color=\u00bbcustom\u00bb css=\u00bb\u00bb accent_color=\u00bb#FFFFFF75&#8243;]<style>.vcex-button.vcex_69e067df0546d{border-radius:0px;color:#0b8df1!important;padding-block:12px;font-family:Manrope;font-size:16px;font-weight:700;}.vcex-button.vcex_69e067df0546d:hover{color:#0b8df1!important;}<\/style><a href=\"http:\/\/volumec.com\/es\/empresa\/\" class=\"vcex-button theme-txt-link wpex-inline-block inline bottone2 mtd45 mtm30 vcex_69e067df0546d\"><span class=\"vcex-button-inner theme-button-inner wpex-flex wpex-flex-wrap wpex-items-center wpex-justify-center\">DESCUBRE M\u00c1S<span class=\"vcex-button-icon vcex-icon-wrap theme-button-icon-right\"><span aria-hidden=\"true\" class=\"fas fa-arrow-down\"><\/span><\/span><\/span><\/a> [\/vc_column][vc_column css_animation=\u00bbfadeInRight\u00bb width=\u00bb7\/12&#8243; el_class=\u00bbmtm40&#8243;]<figure class=\"vcex-image vcex-module\"><div class=\"vcex-image-inner wpex-relative wpex-inline-block\"><img width=\"913\" height=\"577\" src=\"https:\/\/volumec.com\/wp-content\/uploads\/2024\/12\/Ecco-come-sviluppiamo-i-nostri-prodotti.jpg\" class=\"vcex-image-img wpex-align-middle\" alt=\"\" loading=\"lazy\" decoding=\"async\" srcset=\"https:\/\/volumec.com\/wp-content\/uploads\/2024\/12\/Ecco-come-sviluppiamo-i-nostri-prodotti.jpg 913w, https:\/\/volumec.com\/wp-content\/uploads\/2024\/12\/Ecco-come-sviluppiamo-i-nostri-prodotti-300x190.jpg 300w, https:\/\/volumec.com\/wp-content\/uploads\/2024\/12\/Ecco-come-sviluppiamo-i-nostri-prodotti-768x485.jpg 768w, https:\/\/volumec.com\/wp-content\/uploads\/2024\/12\/Ecco-come-sviluppiamo-i-nostri-prodotti-600x379.jpg 600w\" sizes=\"auto, (max-width: 913px) 100vw, 913px\" \/><\/div><\/figure>[\/vc_column][\/vc_row][vc_row el_class=\u00bbptd100 pbd100 ptm50 pbm50&#8243;][vc_column][vc_column_text css_animation=\u00bbfadeInUp\u00bb css=\u00bb\u00bb text_align=\u00bbcenter\u00bb]\n<h2>Nuestros<strong> productos<\/strong><\/h2>\n[\/vc_column_text][\/vc_column][\/vc_row][vc_row full_width=\u00bbstretch_row\u00bb equal_height=\u00bbyes\u00bb columns_right=\u00bbyes\u00bb el_class=\u00bbhome_riga_prodotti\u00bb css=\u00bb.vc_custom_1733393227510{background-color: #F1F1F1 !important;}\u00bb][vc_column css_animation=\u00bbfadeInRight\u00bb width=\u00bb1\/2&#8243; el_class=\u00bbhome_riga_prodotti_col1 rd\u00bb][vc_column_text css=\u00bb\u00bb el_class=\u00bbmtd20 mtm20 brm\u00bb]\n<h3>Roscadoras el\u00e9ctricas<\/h3>\n[\/vc_column_text][vc_column_text css=\u00bb\u00bb el_class=\u00bbmtd20 mtm20&#8243;]\n<p style=\"text-align: left;\"><strong>Las roscadoras el\u00e9ctricas <\/strong>son m\u00e1quinas utilizadas en el \u00e1mbito industrial y artesanal para realizar roscas en componentes met\u00e1licos u otros materiales, funcionando con energ\u00eda el\u00e9ctrica normal.<\/p>\n[\/vc_column_text]<style>.vcex-button.vcex_69e067df0b9d1{border-radius:0px;color:#000000!important;padding:20px;border:2px solid #0b8df1;font-family:Manrope;font-size:16px;font-weight:700;}.vcex-button.vcex_69e067df0b9d1:hover{color:#000000!important;}<\/style><a href=\"http:\/\/volumec.com\/es\/brazo-roscador-electrico\/\" class=\"vcex-button theme-button outline inline bottone1 mtd45 mtm30 vcex_69e067df0b9d1\"><span class=\"vcex-button-inner theme-button-inner wpex-flex wpex-flex-wrap wpex-items-center wpex-justify-center\">DESCUBRE M\u00c1S<span class=\"vcex-button-icon vcex-icon-wrap theme-button-icon-right\"><span aria-hidden=\"true\" class=\"fas fa-arrow-right\"><\/span><\/span><\/span><\/a> [\/vc_column][vc_column css_animation=\u00bbfadeInLeft\u00bb width=\u00bb1\/2&#8243; el_class=\u00bbhome_riga_prodotti_col2&#8243; css=\u00bb.vc_custom_1742231160041{background-image: url(http:\/\/volumec.com\/wp-content\/uploads\/2025\/03\/maschiatrici-elettriche.jpg?id=3203) !important;}\u00bb][\/vc_column][\/vc_row][vc_row full_width=\u00bbstretch_row\u00bb equal_height=\u00bbyes\u00bb el_class=\u00bbhome_riga_prodotti\u00bb css=\u00bb.vc_custom_1733393944895{background-color: #F1F1F1 !important;}\u00bb][vc_column css_animation=\u00bbfadeInLeft\u00bb width=\u00bb1\/2&#8243; el_class=\u00bbhome_riga_prodotti_col1&#8243;][vc_column_text css=\u00bb\u00bb el_class=\u00bbmtd20 mtm20 brm\u00bb]\n<h3>Brazos de taladro<\/h3>\n[\/vc_column_text][vc_column_text css=\u00bb\u00bb el_class=\u00bbmtd20 mtm20&#8243;]Los <strong>brazos de taladro<\/strong> Drilltronic \u00a0son herramientas esenciales en m\u00faltiples sectores industriales, desde la producci\u00f3n mec\u00e1nica hasta el procesamiento de materiales.[\/vc_column_text]<style>.vcex-button.vcex_69e067df0dea3{border-radius:0px;color:#000000!important;padding:20px;border:2px solid #0b8df1;font-family:Manrope;font-size:16px;font-weight:700;}.vcex-button.vcex_69e067df0dea3:hover{color:#000000!important;}<\/style><a href=\"http:\/\/volumec.com\/es\/brazo-de-taladro\/\" class=\"vcex-button theme-button outline inline bottone1 mtd45 mtm30 vcex_69e067df0dea3\"><span class=\"vcex-button-inner theme-button-inner wpex-flex wpex-flex-wrap wpex-items-center wpex-justify-center\">DESCUBRE M\u00c1S<span class=\"vcex-button-icon vcex-icon-wrap theme-button-icon-right\"><span aria-hidden=\"true\" class=\"fas fa-arrow-right\"><\/span><\/span><\/span><\/a> [\/vc_column][vc_column css_animation=\u00bbfadeInRight\u00bb width=\u00bb1\/2&#8243; el_class=\u00bbhome_riga_prodotti_col2&#8243; css=\u00bb.vc_custom_1742231118993{background-image: url(http:\/\/volumec.com\/wp-content\/uploads\/2025\/03\/bracci-di-foratura.jpg?id=3216) !important;}\u00bb][\/vc_column][\/vc_row][vc_row full_width=\u00bbstretch_row\u00bb equal_height=\u00bbyes\u00bb columns_right=\u00bbyes\u00bb el_class=\u00bbhome_riga_prodotti\u00bb css=\u00bb.vc_custom_1733393967274{background-color: #F1F1F1 !important;}\u00bb][vc_column css_animation=\u00bbfadeInRight\u00bb width=\u00bb1\/2&#8243; el_class=\u00bbhome_riga_prodotti_col1 rd\u00bb][vc_column_text css=\u00bb\u00bb el_class=\u00bbmtd20 mtm20 brm\u00bb]\n<h3>Brazos articulados equilibrados<\/h3>\n[\/vc_column_text][vc_column_text css=\u00bb\u00bb el_class=\u00bbmtd20 mtm20&#8243;]Volumec <span class=\"s1\">\u00ae <\/span>crea una nueva gama de <b>brazos articulados<\/b> Easyarm Evo2, dise\u00f1ado para equilibrar equipos o herramientas con un peso entre 1 y 40 kg.[\/vc_column_text]<style>.vcex-button.vcex_69e067df1035d{border-radius:0px;color:#000000!important;padding:20px;border:2px solid #0b8df1;font-family:Manrope;font-size:16px;font-weight:700;}.vcex-button.vcex_69e067df1035d:hover{color:#000000!important;}<\/style><a href=\"http:\/\/volumec.com\/es\/bracci-articolati-bilanciati\/\" class=\"vcex-button theme-button outline inline bottone1 mtd45 mtm30 vcex_69e067df1035d\"><span class=\"vcex-button-inner theme-button-inner wpex-flex wpex-flex-wrap wpex-items-center wpex-justify-center\">DESCUBRE M\u00c1S<span class=\"vcex-button-icon vcex-icon-wrap theme-button-icon-right\"><span aria-hidden=\"true\" class=\"fas fa-arrow-right\"><\/span><\/span><\/span><\/a> [\/vc_column][vc_column css_animation=\u00bbfadeInLeft\u00bb width=\u00bb1\/2&#8243; el_class=\u00bbhome_riga_prodotti_col2&#8243; css=\u00bb.vc_custom_1742231240185{background-image: url(http:\/\/volumec.com\/wp-content\/uploads\/2025\/03\/bracci-articolati-bilanciati.jpg?id=3222) !important;}\u00bb][\/vc_column][\/vc_row][vc_row full_width=\u00bbstretch_row\u00bb equal_height=\u00bbyes\u00bb el_class=\u00bbhome_riga_prodotti pbm20&#8243; css=\u00bb.vc_custom_1733394541831{background-color: #F1F1F1 !important;}\u00bb][vc_column css_animation=\u00bbfadeInLeft\u00bb width=\u00bb1\/2&#8243; el_class=\u00bbhome_riga_prodotti_col1&#8243;][vc_column_text css=\u00bb\u00bb el_class=\u00bbmtd20 mtm20 brm\u00bb]\n<h3>Manipulador m\u00f3vil<\/h3>\n[\/vc_column_text][vc_column_text css=\u00bb\u00bb el_class=\u00bbmtd20 mtm20&#8243;]Los <strong>manipuladores m\u00f3viles RM01, RM02 <\/strong>y<strong> EAM <\/strong>son sistemas de brazos ergon\u00f3micos que permiten manipular cargas de hasta <strong>100 kg<\/strong>.[\/vc_column_text]<style>.vcex-button.vcex_69e067df12838{border-radius:0px;color:#000000!important;padding:20px;border:2px solid #0b8df1;font-family:Manrope;font-size:16px;font-weight:700;}.vcex-button.vcex_69e067df12838:hover{color:#000000!important;}<\/style><a href=\"http:\/\/volumec.com\/es\/manipulador-movil\/\" class=\"vcex-button theme-button outline inline bottone1 mtd45 mtm30 vcex_69e067df12838\"><span class=\"vcex-button-inner theme-button-inner wpex-flex wpex-flex-wrap wpex-items-center wpex-justify-center\">DESCUBRE M\u00c1S<span class=\"vcex-button-icon vcex-icon-wrap theme-button-icon-right\"><span aria-hidden=\"true\" class=\"fas fa-arrow-right\"><\/span><\/span><\/span><\/a> [\/vc_column][vc_column css_animation=\u00bbfadeInRight\u00bb width=\u00bb1\/2&#8243; el_class=\u00bbhome_riga_prodotti_col2&#8243; css=\u00bb.vc_custom_1742231262675{background-image: url(http:\/\/volumec.com\/wp-content\/uploads\/2025\/03\/manipolatori.jpg?id=3227) !important;}\u00bb][\/vc_column][\/vc_row][vc_row el_class=\u00bbptd80 pbd80 ptm50 pbm50&#8243;][vc_column]<style>.vcex-button.vcex_69e067df14ce3{border-radius:0px;color:#000000!important;padding:20px;border:2px solid #0b8df1;font-family:Manrope;font-size:16px;font-weight:700;}.vcex-button.vcex_69e067df14ce3:hover{color:#000000!important;}<\/style><div class=\"theme-button-wrap textcenter wpex-clr\"><a href=\"#\" class=\"vcex-button theme-button outline align-center inline bottone1 mtd45 mtm30  wpb_animate_when_almost_visible wpb_fadeInUp fadeInUp vcex_69e067df14ce3\"><span class=\"vcex-button-inner theme-button-inner wpex-flex wpex-flex-wrap wpex-items-center wpex-justify-center\">VER TODO<span class=\"vcex-button-icon vcex-icon-wrap theme-button-icon-right\"><span aria-hidden=\"true\" class=\"fas fa-arrow-right\"><\/span><\/span><\/span><\/a><\/div> [\/vc_column][\/vc_row][vc_row css_animation=\u00bbfadeIn\u00bb full_width=\u00bbstretch_row\u00bb content_placement=\u00bbmiddle\u00bb parallax=\u00bbcontent-moving\u00bb parallax_image=\u00bb277&#8243; el_class=\u00bbriga_banner ptd30 pbd30 ptm40 pbm40&#8243;][vc_column width=\u00bb1\/2&#8243;]<style>.vcex-image.vcex_69e067df16508 .vcex-image-inner{max-width:600px;}<\/style><figure class=\"vcex-image vcex-module vcex_69e067df16508\"><div class=\"vcex-image-inner wpex-relative wpex-inline-block\"><img width=\"1000\" height=\"239\" src=\"https:\/\/volumec.com\/wp-content\/uploads\/2024\/12\/logo-Volumec.png\" class=\"vcex-image-img wpex-align-middle\" alt=\"\" loading=\"lazy\" decoding=\"async\" srcset=\"https:\/\/volumec.com\/wp-content\/uploads\/2024\/12\/logo-Volumec.png 1000w, https:\/\/volumec.com\/wp-content\/uploads\/2024\/12\/logo-Volumec-300x72.png 300w, https:\/\/volumec.com\/wp-content\/uploads\/2024\/12\/logo-Volumec-768x184.png 768w, https:\/\/volumec.com\/wp-content\/uploads\/2024\/12\/logo-Volumec-600x143.png 600w\" sizes=\"auto, (max-width: 1000px) 100vw, 1000px\" \/><\/div><\/figure>[\/vc_column][vc_column width=\u00bb1\/2&#8243; el_class=\u00bbptm40 cm\u00bb][vc_column_text css=\u00bb\u00bb color=\u00bb#ffffff\u00bb font_size=\u00bbd:100px|pl:45px|pp:45px\u00bb line_height=\u00bb110%\u00bb font_weight=\u00bb300&#8243;]Be <strong>innovative<\/strong>[\/vc_column_text][\/vc_column][\/vc_row][vc_row full_width=\u00bbstretch_row\u00bb el_class=\u00bbptd100 pbd130 ptm50 pbm60&#8243; css=\u00bb.vc_custom_1733395221913{background-color: #F1F1F1 !important;}\u00bb][vc_column][vc_column_text css_animation=\u00bbfadeInUp\u00bb css=\u00bb\u00bb text_align=\u00bbcenter\u00bb]\n<h2>Nuestras <strong>\u00faltimas noticias<\/strong><\/h2>\n[\/vc_column_text][vc_basic_grid post_type=\u00bbpost\u00bb max_items=\u00bb3&#8243; gap=\u00bb35&#8243; item=\u00bb347&#8243; css=\u00bb\u00bb grid_id=\u00bbvc_gid:1747225633293-736eb1e0-4ea8-7&#8243; el_class=\u00bbmtd90 mtm50&#8243;][\/vc_column][\/vc_row]\n<\/div>","protected":false},"excerpt":{"rendered":"<p>[vc_row css_animation=\u00bbfadeInUp\u00bb el_class=\u00bbptd100 pbd200 ptm50 pbm100&#8243;][vc_column][vc_column_text css=\u00bb\u00bb text_align=\u00bbcenter\u00bb] La tecnolog\u00eda que transforma el tiempo en valor [\/vc_column_text][vc_column_text css=\u00bb\u00bb el_class=\u00bbmtd50 mtm40&#8243; text_align=\u00bbcenter\u00bb]Volumec\u00ae es una empresa italiana que tiene como objetivo mejorar la productividad de nuestros clientes y facilitar el trabajo de los operarios de producci\u00f3n a trav\u00e9s de su gama de m\u00e1quinas y brazos ergon\u00f3micos. [\/vc_column_text][\/vc_column][\/vc_row][vc_row&hellip;<\/p>\n","protected":false},"author":1,"featured_media":0,"parent":0,"menu_order":0,"comment_status":"closed","ping_status":"closed","template":"","meta":{"_acf_changed":false,"inline_featured_image":false,"footnotes":""},"class_list":["post-440","page","type-page","status-publish","hentry","entry","no-media"],"acf":[],"yoast_head":"<!-- This site is optimized with the Yoast SEO plugin v25.1 - https:\/\/yoast.com\/wordpress\/plugins\/seo\/ -->\n<title>Home - Volumec<\/title>\n<meta name=\"robots\" content=\"index, follow, max-snippet:-1, max-image-preview:large, max-video-preview:-1\" \/>\n<link rel=\"canonical\" href=\"https:\/\/volumec.com\/es\/\" \/>\n<meta property=\"og:locale\" content=\"es_ES\" \/>\n<meta property=\"og:type\" content=\"article\" \/>\n<meta property=\"og:title\" content=\"Home - Volumec\" \/>\n<meta property=\"og:description\" content=\"[vc_row css_animation=\u00bbfadeInUp\u00bb el_class=\u00bbptd100 pbd200 ptm50 pbm100&#8243;][vc_column][vc_column_text css=\u00bb\u00bb text_align=\u00bbcenter\u00bb] La tecnolog\u00eda que transforma el tiempo en valor [\/vc_column_text][vc_column_text css=\u00bb\u00bb el_class=\u00bbmtd50 mtm40&#8243; text_align=\u00bbcenter\u00bb]Volumec\u00ae es una empresa italiana que tiene como objetivo mejorar la productividad de nuestros clientes y facilitar el trabajo de los operarios de producci\u00f3n a trav\u00e9s de su gama de m\u00e1quinas y brazos ergon\u00f3micos. [\/vc_column_text][\/vc_column][\/vc_row][vc_row&hellip;\" \/>\n<meta property=\"og:url\" content=\"https:\/\/volumec.com\/es\/\" \/>\n<meta property=\"og:site_name\" content=\"Volumec\" \/>\n<meta property=\"article:modified_time\" content=\"2025-05-14T12:27:20+00:00\" \/>\n<meta name=\"twitter:card\" content=\"summary_large_image\" \/>\n<meta name=\"twitter:label1\" content=\"Tiempo de lectura\" \/>\n\t<meta name=\"twitter:data1\" content=\"7 minutos\" \/>\n<script type=\"application\/ld+json\" class=\"yoast-schema-graph\">{\"@context\":\"https:\/\/schema.org\",\"@graph\":[{\"@type\":\"WebPage\",\"@id\":\"https:\/\/volumec.com\/es\/\",\"url\":\"https:\/\/volumec.com\/es\/\",\"name\":\"Home - Volumec\",\"isPartOf\":{\"@id\":\"https:\/\/www.volumec.com\/en\/#website\"},\"datePublished\":\"2021-08-24T12:55:13+00:00\",\"dateModified\":\"2025-05-14T12:27:20+00:00\",\"breadcrumb\":{\"@id\":\"https:\/\/volumec.com\/es\/#breadcrumb\"},\"inLanguage\":\"es\",\"potentialAction\":[{\"@type\":\"ReadAction\",\"target\":[\"https:\/\/volumec.com\/es\/\"]}]},{\"@type\":\"BreadcrumbList\",\"@id\":\"https:\/\/volumec.com\/es\/#breadcrumb\",\"itemListElement\":[{\"@type\":\"ListItem\",\"position\":1,\"name\":\"Home\",\"item\":\"https:\/\/volumec.com\/es\/\"},{\"@type\":\"ListItem\",\"position\":2,\"name\":\"Home\"}]},{\"@type\":\"WebSite\",\"@id\":\"https:\/\/www.volumec.com\/en\/#website\",\"url\":\"https:\/\/www.volumec.com\/en\/\",\"name\":\"Volumec.com\",\"description\":\"\",\"publisher\":{\"@id\":\"https:\/\/www.volumec.com\/en\/#organization\"},\"alternateName\":\"be innovative\",\"potentialAction\":[{\"@type\":\"SearchAction\",\"target\":{\"@type\":\"EntryPoint\",\"urlTemplate\":\"https:\/\/www.volumec.com\/en\/?s={search_term_string}\"},\"query-input\":{\"@type\":\"PropertyValueSpecification\",\"valueRequired\":true,\"valueName\":\"search_term_string\"}}],\"inLanguage\":\"es\"},{\"@type\":\"Organization\",\"@id\":\"https:\/\/www.volumec.com\/en\/#organization\",\"name\":\"Volumec\",\"url\":\"https:\/\/www.volumec.com\/en\/\",\"logo\":{\"@type\":\"ImageObject\",\"inLanguage\":\"es\",\"@id\":\"https:\/\/www.volumec.com\/en\/#\/schema\/logo\/image\/\",\"url\":\"https:\/\/volumec.com\/wp-content\/uploads\/2024\/12\/Volumec-logo.png\",\"contentUrl\":\"https:\/\/volumec.com\/wp-content\/uploads\/2024\/12\/Volumec-logo.png\",\"width\":320,\"height\":77,\"caption\":\"Volumec\"},\"image\":{\"@id\":\"https:\/\/www.volumec.com\/en\/#\/schema\/logo\/image\/\"}}]}<\/script>\n<!-- \/ Yoast SEO plugin. -->","yoast_head_json":{"title":"Home - Volumec","robots":{"index":"index","follow":"follow","max-snippet":"max-snippet:-1","max-image-preview":"max-image-preview:large","max-video-preview":"max-video-preview:-1"},"canonical":"https:\/\/volumec.com\/es\/","og_locale":"es_ES","og_type":"article","og_title":"Home - Volumec","og_description":"[vc_row css_animation=\u00bbfadeInUp\u00bb el_class=\u00bbptd100 pbd200 ptm50 pbm100&#8243;][vc_column][vc_column_text css=\u00bb\u00bb text_align=\u00bbcenter\u00bb] La tecnolog\u00eda que transforma el tiempo en valor [\/vc_column_text][vc_column_text css=\u00bb\u00bb el_class=\u00bbmtd50 mtm40&#8243; text_align=\u00bbcenter\u00bb]Volumec\u00ae es una empresa italiana que tiene como objetivo mejorar la productividad de nuestros clientes y facilitar el trabajo de los operarios de producci\u00f3n a trav\u00e9s de su gama de m\u00e1quinas y brazos ergon\u00f3micos. [\/vc_column_text][\/vc_column][\/vc_row][vc_row&hellip;","og_url":"https:\/\/volumec.com\/es\/","og_site_name":"Volumec","article_modified_time":"2025-05-14T12:27:20+00:00","twitter_card":"summary_large_image","twitter_misc":{"Tiempo de lectura":"7 minutos"},"schema":{"@context":"https:\/\/schema.org","@graph":[{"@type":"WebPage","@id":"https:\/\/volumec.com\/es\/","url":"https:\/\/volumec.com\/es\/","name":"Home - Volumec","isPartOf":{"@id":"https:\/\/www.volumec.com\/en\/#website"},"datePublished":"2021-08-24T12:55:13+00:00","dateModified":"2025-05-14T12:27:20+00:00","breadcrumb":{"@id":"https:\/\/volumec.com\/es\/#breadcrumb"},"inLanguage":"es","potentialAction":[{"@type":"ReadAction","target":["https:\/\/volumec.com\/es\/"]}]},{"@type":"BreadcrumbList","@id":"https:\/\/volumec.com\/es\/#breadcrumb","itemListElement":[{"@type":"ListItem","position":1,"name":"Home","item":"https:\/\/volumec.com\/es\/"},{"@type":"ListItem","position":2,"name":"Home"}]},{"@type":"WebSite","@id":"https:\/\/www.volumec.com\/en\/#website","url":"https:\/\/www.volumec.com\/en\/","name":"Volumec.com","description":"","publisher":{"@id":"https:\/\/www.volumec.com\/en\/#organization"},"alternateName":"be innovative","potentialAction":[{"@type":"SearchAction","target":{"@type":"EntryPoint","urlTemplate":"https:\/\/www.volumec.com\/en\/?s={search_term_string}"},"query-input":{"@type":"PropertyValueSpecification","valueRequired":true,"valueName":"search_term_string"}}],"inLanguage":"es"},{"@type":"Organization","@id":"https:\/\/www.volumec.com\/en\/#organization","name":"Volumec","url":"https:\/\/www.volumec.com\/en\/","logo":{"@type":"ImageObject","inLanguage":"es","@id":"https:\/\/www.volumec.com\/en\/#\/schema\/logo\/image\/","url":"https:\/\/volumec.com\/wp-content\/uploads\/2024\/12\/Volumec-logo.png","contentUrl":"https:\/\/volumec.com\/wp-content\/uploads\/2024\/12\/Volumec-logo.png","width":320,"height":77,"caption":"Volumec"},"image":{"@id":"https:\/\/www.volumec.com\/en\/#\/schema\/logo\/image\/"}}]}},"_links":{"self":[{"href":"https:\/\/volumec.com\/es\/wp-json\/wp\/v2\/pages\/440","targetHints":{"allow":["GET"]}}],"collection":[{"href":"https:\/\/volumec.com\/es\/wp-json\/wp\/v2\/pages"}],"about":[{"href":"https:\/\/volumec.com\/es\/wp-json\/wp\/v2\/types\/page"}],"author":[{"embeddable":true,"href":"https:\/\/volumec.com\/es\/wp-json\/wp\/v2\/users\/1"}],"replies":[{"embeddable":true,"href":"https:\/\/volumec.com\/es\/wp-json\/wp\/v2\/comments?post=440"}],"version-history":[{"count":13,"href":"https:\/\/volumec.com\/es\/wp-json\/wp\/v2\/pages\/440\/revisions"}],"predecessor-version":[{"id":6287,"href":"https:\/\/volumec.com\/es\/wp-json\/wp\/v2\/pages\/440\/revisions\/6287"}],"wp:attachment":[{"href":"https:\/\/volumec.com\/es\/wp-json\/wp\/v2\/media?parent=440"}],"curies":[{"name":"wp","href":"https:\/\/api.w.org\/{rel}","templated":true}]}}