{"id":3922,"date":"2025-03-04T11:50:46","date_gmt":"2025-03-04T10:50:46","guid":{"rendered":"http:\/\/volumec.com\/tope-de-longitud\/wmo\/"},"modified":"2025-11-05T09:37:33","modified_gmt":"2025-11-05T08:37:33","slug":"wmo","status":"publish","type":"page","link":"https:\/\/volumec.com\/es\/tope-de-longitud\/wmo\/","title":{"rendered":"WMO"},"content":{"rendered":"<div class=\"wpb-content-wrapper\">[vc_row full_width=\u00bbstretch_row\u00bb css=\u00bb.vc_custom_1741128513633{padding-top: 70px !important;padding-bottom: 70px !important;background: #13212E url(http:\/\/volumec.com\/wp-content\/uploads\/2024\/12\/Be-innovative.jpg?id=277) !important;}\u00bb][vc_column][vc_column_text css=\u00bb\u00bb text_align=\u00bbcenter\u00bb color=\u00bb#ffffff\u00bb]\n<h1>WMO<\/h1>\n[\/vc_column_text]<style>.vcex-breadcrumbs.vcex_69ee3a61acf7a .sep{color:#ffffff;}.vcex-breadcrumbs.vcex_69ee3a61acf7a{text-align:center;color:#ffffff;--wpex-link-color:#ffffff;}<\/style><nav class=\"vcex-breadcrumbs vcex-breadcrumbs--links-inherit-color vcex-breadcrumbs--custom-color vcex_69ee3a61acf7a\"><span><span><a href=\"https:\/\/volumec.com\/es\/\">Home<\/a><\/span><\/span><\/nav>[\/vc_column][\/vc_row][vc_row full_width=\u00bbstretch_row\u00bb el_class=\u00bbptd80 pbd80 ptm40 pbm40&#8243;][vc_column width=\u00bb1\/2&#8243;][vc_column_text css=\u00bb\u00bb text_transform=\u00bbuppercase\u00bb]\n<h2><strong>Cerradero motorizado<\/strong><\/h2>\n[\/vc_column_text][vc_column_text css=\u00bb\u00bb el_class=\u00bbmtd50 mtm40 mbd40 mbm30&#8243;]Barras de golpeo compuestas por transportador de rodillos + eje lineal motorizado por motor brushless y medici\u00f3n por encoder, sistema de control por pantalla t\u00e1ctil programable preparado para la interconexi\u00f3n con sierras, tronzadoras, taladros, cizallas y plegadoras. Modelos disponibles en varias longitudes, desde 1000 mm hasta 6000 mm. Capacidad de carga 100 kg\/mt y ancho de mesa 265 mm.[\/vc_column_text][\/vc_column][vc_column width=\u00bb1\/2&#8243; el_class=\u00bbmtm20&#8243;]<div class=\"wpex-slider-preloaderimg wpex-relative\"><img width=\"800\" height=\"616\" src=\"https:\/\/volumec.com\/wp-content\/uploads\/2025\/11\/Tope-de-longitud-WMO.png\" class=\"skip-lazy\" alt=\"\" data-no-lazy=\"1\" srcset=\"https:\/\/volumec.com\/wp-content\/uploads\/2025\/11\/Tope-de-longitud-WMO.png 800w, https:\/\/volumec.com\/wp-content\/uploads\/2025\/11\/Tope-de-longitud-WMO-300x231.png 300w, https:\/\/volumec.com\/wp-content\/uploads\/2025\/11\/Tope-de-longitud-WMO-768x591.png 768w, https:\/\/volumec.com\/wp-content\/uploads\/2025\/11\/Tope-de-longitud-WMO-600x462.png 600w\" sizes=\"(max-width: 800px) 100vw, 800px\" \/><\/div><div class=\"vcex-image-slider vcex-module wpex-slider slider-pro wpex-clr\" data-loop=\"true\" data-auto-play-delay=\"5000\" data-animation-speed=\"600\" data-height-animation-duration=\"500\" data-thumbnail-height=\"70\" data-thumbnail-width=\"70\" data-reach-video-action=\"none\"><div class=\"wpex-slider-slides sp-slides\"><div class=\"wpex-slider-slide sp-slide\"><div class=\"wpex-slider-media wpex-relative\"><img width=\"800\" height=\"616\" src=\"https:\/\/volumec.com\/wp-content\/uploads\/2025\/11\/Tope-de-longitud-WMO.png\" class=\"skip-lazy\" alt=\"\" data-no-lazy=\"1\" srcset=\"https:\/\/volumec.com\/wp-content\/uploads\/2025\/11\/Tope-de-longitud-WMO.png 800w, https:\/\/volumec.com\/wp-content\/uploads\/2025\/11\/Tope-de-longitud-WMO-300x231.png 300w, https:\/\/volumec.com\/wp-content\/uploads\/2025\/11\/Tope-de-longitud-WMO-768x591.png 768w, https:\/\/volumec.com\/wp-content\/uploads\/2025\/11\/Tope-de-longitud-WMO-600x462.png 600w\" sizes=\"(max-width: 800px) 100vw, 800px\" \/><\/div><\/div><\/div><\/div>[\/vc_column][\/vc_row][vc_row el_class=\u00bbmtd20 mtm20&#8243; css=\u00bb.vc_custom_1741447882504{margin-bottom: 50px !important;}\u00bb][vc_column el_class=\u00bbcd cm\u00bb css=\u00bb.vc_custom_1740949684561{padding-bottom: 35px !important;}\u00bb]<style>.vcex-button.vcex_69ee3a61b6572{border-radius:0px;color:#000000!important;padding:20px;border:2px solid #0b8df1;font-family:Manrope;font-size:16px;font-weight:700;}.vcex-button.vcex_69ee3a61b6572:hover{color:#000000!important;}<\/style><div class=\"theme-button-wrap textcenter wpex-clr\"><a href=\"http:\/\/volumec.com\/es\/solicitas-informacion\/\" class=\"vcex-button theme-button outline align-center inline bottone1 mtd30 mtm30 vcex_69ee3a61b6572\"><span class=\"vcex-button-inner theme-button-inner wpex-flex wpex-flex-wrap wpex-items-center wpex-justify-center\">SOLICITE INFORMACI\u00d3N<span class=\"vcex-button-icon vcex-icon-wrap theme-button-icon-right\"><span aria-hidden=\"true\" class=\"fas fa-arrow-right\"><\/span><\/span><\/span><\/a><\/div> [\/vc_column][\/vc_row][vc_row full_width=\u00bbstretch_row\u00bb el_class=\u00bbptd70 ptm50&#8243; css=\u00bb.vc_custom_1734433790933{background-color: #F1F1F1 !important;}\u00bb][vc_column]<div class=\"vcex-spacing wpex-w-100 wpex-clear\" style=\"height:50px;\"><\/div><div class=\"cq-datatable   cq-datatable-medium cq-datatable-gray\"><div class=\"cq-datatable-row cq-datatable-header cq-datatable-bg-customized\" style=\"background:#121A1E\"><div class=\"cq-datatable-cell\" data-title=\"Modelo\"> Modelo <\/div><div class=\"cq-datatable-cell\" data-title=\"Longitud (mm)\"> Longitud (mm) <\/div><\/div><div class=\"cq-datatable-row cq-datatable-data\"><div class=\"cq-datatable-cell\"> WMO1000 <\/div><div class=\"cq-datatable-cell\"> 1000 <\/div><\/div><div class=\"cq-datatable-row cq-datatable-data\"><div class=\"cq-datatable-cell\"> WMO2000 <\/div><div class=\"cq-datatable-cell\"> 2000 <\/div><\/div><div class=\"cq-datatable-row cq-datatable-data\"><div class=\"cq-datatable-cell\"> WMO3000 <\/div><div class=\"cq-datatable-cell\"> 3000 <\/div><\/div><div class=\"cq-datatable-row cq-datatable-data\"><div class=\"cq-datatable-cell\"> WMO4000 <\/div><div class=\"cq-datatable-cell\"> 4000 <\/div><\/div><div class=\"cq-datatable-row cq-datatable-data\"><div class=\"cq-datatable-cell\"> WMO4000 <\/div><div class=\"cq-datatable-cell\"> 4000 <\/div><\/div><div class=\"cq-datatable-row cq-datatable-data\"><div class=\"cq-datatable-cell\"> WMO6000 <\/div><div class=\"cq-datatable-cell\"> 6000 <\/div><\/div><div class=\"cq-datatable-row cq-datatable-data\"><div class=\"cq-datatable-cell\"> OLTRE <\/div><\/div>\n<\/div>[\/vc_column][\/vc_row][vc_row full_width=\u00bbstretch_row\u00bb local_scroll_id=\u00bbinfo\u00bb css=\u00bb.vc_custom_1740392980023{margin-bottom: -35px !important;background-color: #F1F1F1 !important;}\u00bb el_class=\u00bbptd50 ptm50 pbd50 pbm50&#8243;][vc_column][vc_column_text css=\u00bb\u00bb]\n<h2 style=\"text-align: center;\"><strong>OPCIONAL<\/strong><\/h2>\n[\/vc_column_text][\/vc_column][\/vc_row][vc_row full_width=\u00bbstretch_row\u00bb el_class=\u00bbptd40 mtm40&#8243; css=\u00bb.vc_custom_1740932706502{padding-bottom: 50px !important;background-color: #F1F1F1 !important;}\u00bb][vc_column width=\u00bb1\/3&#8243;]<style>.vcex-image.vcex_69ee3a61ba0bb .vcex-image-img{border-radius:0px;border-color:#00000042;}<\/style><figure class=\"vcex-image vcex-module wpex-text-center vcex_69ee3a61ba0bb\"><div class=\"vcex-image-inner wpex-relative wpex-inline-block\"><a href=\"https:\/\/volumec.com\/wp-content\/uploads\/2025\/03\/fermo-di-stazionamento-pneumatico-.jpg\" class=\"wpex-lightbox\"><img width=\"800\" height=\"800\" src=\"https:\/\/volumec.com\/wp-content\/uploads\/2025\/03\/fermo-di-stazionamento-pneumatico-.jpg\" class=\"vcex-image-img wpex-align-middle wpex-border wpex-border-solid\" alt=\"\" loading=\"lazy\" decoding=\"async\" srcset=\"https:\/\/volumec.com\/wp-content\/uploads\/2025\/03\/fermo-di-stazionamento-pneumatico-.jpg 800w, https:\/\/volumec.com\/wp-content\/uploads\/2025\/03\/fermo-di-stazionamento-pneumatico--300x300.jpg 300w, https:\/\/volumec.com\/wp-content\/uploads\/2025\/03\/fermo-di-stazionamento-pneumatico--150x150.jpg 150w, https:\/\/volumec.com\/wp-content\/uploads\/2025\/03\/fermo-di-stazionamento-pneumatico--768x768.jpg 768w, https:\/\/volumec.com\/wp-content\/uploads\/2025\/03\/fermo-di-stazionamento-pneumatico--600x600.jpg 600w, https:\/\/volumec.com\/wp-content\/uploads\/2025\/03\/fermo-di-stazionamento-pneumatico--100x100.jpg 100w, https:\/\/volumec.com\/wp-content\/uploads\/2025\/03\/fermo-di-stazionamento-pneumatico--460x460.jpg 460w\" sizes=\"auto, (max-width: 800px) 100vw, 800px\" \/><\/a><\/div><\/figure>[vc_column_text css=\u00bb\u00bb font_size=\u00bb19px\u00bb line_height=\u00bb100%\u00bb font_weight=\u00bb700&#8243; el_class=\u00bbmtd20 mtm20&#8243;]\n<p class=\"mb-2\">FRENO DE ESTACIONAMIENTO NEUM\u00c1TICO<\/p>\n[\/vc_column_text][\/vc_column][vc_column width=\u00bb1\/3&#8243; el_class=\u00bbmtm40&#8243;]<style>.vcex-image.vcex_69ee3a61bc99e .vcex-image-img{border-radius:0px;border-color:#00000042;}<\/style><figure class=\"vcex-image vcex-module wpex-text-center vcex_69ee3a61bc99e\"><div class=\"vcex-image-inner wpex-relative wpex-inline-block\"><a href=\"https:\/\/volumec.com\/wp-content\/uploads\/2025\/03\/battuta-con-assorbimento-urti.jpg\" class=\"wpex-lightbox\"><img width=\"800\" height=\"800\" src=\"https:\/\/volumec.com\/wp-content\/uploads\/2025\/03\/battuta-con-assorbimento-urti.jpg\" class=\"vcex-image-img wpex-align-middle wpex-border wpex-border-solid\" alt=\"\" loading=\"lazy\" decoding=\"async\" srcset=\"https:\/\/volumec.com\/wp-content\/uploads\/2025\/03\/battuta-con-assorbimento-urti.jpg 800w, https:\/\/volumec.com\/wp-content\/uploads\/2025\/03\/battuta-con-assorbimento-urti-300x300.jpg 300w, https:\/\/volumec.com\/wp-content\/uploads\/2025\/03\/battuta-con-assorbimento-urti-150x150.jpg 150w, https:\/\/volumec.com\/wp-content\/uploads\/2025\/03\/battuta-con-assorbimento-urti-768x768.jpg 768w, https:\/\/volumec.com\/wp-content\/uploads\/2025\/03\/battuta-con-assorbimento-urti-600x600.jpg 600w, https:\/\/volumec.com\/wp-content\/uploads\/2025\/03\/battuta-con-assorbimento-urti-100x100.jpg 100w, https:\/\/volumec.com\/wp-content\/uploads\/2025\/03\/battuta-con-assorbimento-urti-460x460.jpg 460w\" sizes=\"auto, (max-width: 800px) 100vw, 800px\" \/><\/a><\/div><\/figure>[vc_column_text css=\u00bb\u00bb font_size=\u00bb19px\u00bb line_height=\u00bb100%\u00bb font_weight=\u00bb700&#8243; el_class=\u00bbmtd20 mtm20&#8243;]REBAJA CON AMORTIGUACI\u00d3N[\/vc_column_text][\/vc_column][vc_column width=\u00bb1\/3&#8243; el_class=\u00bbmtm40&#8243;]<style>.vcex-image.vcex_69ee3a61be6ed .vcex-image-img{border-radius:0px;border-color:#00000042;}<\/style><figure class=\"vcex-image vcex-module wpex-text-center vcex_69ee3a61be6ed\"><div class=\"vcex-image-inner wpex-relative wpex-inline-block\"><a href=\"https:\/\/volumec.com\/wp-content\/uploads\/2025\/03\/battuta-con-disimpegno-rulliera.jpg\" class=\"wpex-lightbox\"><img width=\"800\" height=\"800\" src=\"https:\/\/volumec.com\/wp-content\/uploads\/2025\/03\/battuta-con-disimpegno-rulliera.jpg\" class=\"vcex-image-img wpex-align-middle wpex-border wpex-border-solid\" alt=\"\" loading=\"lazy\" decoding=\"async\" srcset=\"https:\/\/volumec.com\/wp-content\/uploads\/2025\/03\/battuta-con-disimpegno-rulliera.jpg 800w, https:\/\/volumec.com\/wp-content\/uploads\/2025\/03\/battuta-con-disimpegno-rulliera-300x300.jpg 300w, https:\/\/volumec.com\/wp-content\/uploads\/2025\/03\/battuta-con-disimpegno-rulliera-150x150.jpg 150w, https:\/\/volumec.com\/wp-content\/uploads\/2025\/03\/battuta-con-disimpegno-rulliera-768x768.jpg 768w, https:\/\/volumec.com\/wp-content\/uploads\/2025\/03\/battuta-con-disimpegno-rulliera-600x600.jpg 600w, https:\/\/volumec.com\/wp-content\/uploads\/2025\/03\/battuta-con-disimpegno-rulliera-100x100.jpg 100w, https:\/\/volumec.com\/wp-content\/uploads\/2025\/03\/battuta-con-disimpegno-rulliera-460x460.jpg 460w\" sizes=\"auto, (max-width: 800px) 100vw, 800px\" \/><\/a><\/div><\/figure>[vc_column_text css=\u00bb\u00bb font_size=\u00bb19px\u00bb line_height=\u00bb100%\u00bb font_weight=\u00bb700&#8243; el_class=\u00bbmtd20 mtm20&#8243;]\n<p class=\"mb-2\">PARADA CON DESENGANCHE DEL TRANSPORTADOR DE RODILLOS<\/p>\n[\/vc_column_text][\/vc_column][\/vc_row][vc_row css_animation=\u00bbfadeIn\u00bb full_width=\u00bbstretch_row\u00bb content_placement=\u00bbmiddle\u00bb parallax=\u00bbcontent-moving\u00bb parallax_image=\u00bb277&#8243; el_class=\u00bbriga_banner ptd30 pbd30 ptm40 pbm40&#8243;][vc_column width=\u00bb1\/2&#8243;]<style>.vcex-image.vcex_69ee3a61c0435 .vcex-image-inner{max-width:600px;}<\/style><figure class=\"vcex-image vcex-module vcex_69ee3a61c0435\"><div class=\"vcex-image-inner wpex-relative wpex-inline-block\"><img width=\"1000\" height=\"239\" src=\"https:\/\/volumec.com\/wp-content\/uploads\/2024\/12\/logo-Volumec.png\" class=\"vcex-image-img wpex-align-middle\" alt=\"\" loading=\"lazy\" decoding=\"async\" srcset=\"https:\/\/volumec.com\/wp-content\/uploads\/2024\/12\/logo-Volumec.png 1000w, https:\/\/volumec.com\/wp-content\/uploads\/2024\/12\/logo-Volumec-300x72.png 300w, https:\/\/volumec.com\/wp-content\/uploads\/2024\/12\/logo-Volumec-768x184.png 768w, https:\/\/volumec.com\/wp-content\/uploads\/2024\/12\/logo-Volumec-600x143.png 600w\" sizes=\"auto, (max-width: 1000px) 100vw, 1000px\" \/><\/div><\/figure>[\/vc_column][vc_column width=\u00bb1\/2&#8243; el_class=\u00bbptm40 cm\u00bb][vc_column_text css=\u00bb\u00bb color=\u00bb#ffffff\u00bb font_size=\u00bbd:100px|pl:45px|pp:45px\u00bb line_height=\u00bb110%\u00bb font_weight=\u00bb300&#8243;]Be <strong>innovative<\/strong>[\/vc_column_text][\/vc_column][\/vc_row]\n<\/div>","protected":false},"excerpt":{"rendered":"<p>[vc_row full_width=\u00bbstretch_row\u00bb css=\u00bb.vc_custom_1741128513633{padding-top: 70px !important;padding-bottom: 70px !important;background: #13212E url(http:\/\/volumec.com\/wp-content\/uploads\/2024\/12\/Be-innovative.jpg?id=277) !important;}\u00bb][vc_column][vc_column_text css=\u00bb\u00bb text_align=\u00bbcenter\u00bb color=\u00bb#ffffff\u00bb] WMO [\/vc_column_text][\/vc_column][\/vc_row][vc_row full_width=\u00bbstretch_row\u00bb el_class=\u00bbptd80 pbd80 ptm40 pbm40&#8243;][vc_column width=\u00bb1\/2&#8243;][vc_column_text css=\u00bb\u00bb text_transform=\u00bbuppercase\u00bb] Cerradero motorizado [\/vc_column_text][vc_column_text css=\u00bb\u00bb el_class=\u00bbmtd50 mtm40 mbd40 mbm30&#8243;]Barras de golpeo compuestas por transportador de rodillos + eje lineal motorizado por motor brushless y medici\u00f3n por encoder, sistema de control por pantalla t\u00e1ctil&hellip;<\/p>\n","protected":false},"author":3,"featured_media":0,"parent":456,"menu_order":0,"comment_status":"closed","ping_status":"closed","template":"","meta":{"_acf_changed":false,"inline_featured_image":false,"footnotes":""},"class_list":["post-3922","page","type-page","status-publish","hentry","entry","no-media"],"acf":[],"yoast_head":"<!-- This site is optimized with the Yoast SEO plugin v25.1 - https:\/\/yoast.com\/wordpress\/plugins\/seo\/ -->\n<title>WMO - Volumec<\/title>\n<meta name=\"robots\" content=\"index, follow, max-snippet:-1, max-image-preview:large, max-video-preview:-1\" \/>\n<link rel=\"canonical\" href=\"https:\/\/volumec.com\/es\/tope-de-longitud\/wmo\/\" \/>\n<meta property=\"og:locale\" content=\"es_ES\" \/>\n<meta property=\"og:type\" content=\"article\" \/>\n<meta property=\"og:title\" content=\"WMO - Volumec\" \/>\n<meta property=\"og:description\" content=\"[vc_row full_width=\u00bbstretch_row\u00bb css=\u00bb.vc_custom_1741128513633{padding-top: 70px !important;padding-bottom: 70px !important;background: #13212E url(http:\/\/volumec.com\/wp-content\/uploads\/2024\/12\/Be-innovative.jpg?id=277) !important;}\u00bb][vc_column][vc_column_text css=\u00bb\u00bb text_align=\u00bbcenter\u00bb color=\u00bb#ffffff\u00bb] WMO [\/vc_column_text][\/vc_column][\/vc_row][vc_row full_width=\u00bbstretch_row\u00bb el_class=\u00bbptd80 pbd80 ptm40 pbm40&#8243;][vc_column width=\u00bb1\/2&#8243;][vc_column_text css=\u00bb\u00bb text_transform=\u00bbuppercase\u00bb] Cerradero motorizado [\/vc_column_text][vc_column_text css=\u00bb\u00bb el_class=\u00bbmtd50 mtm40 mbd40 mbm30&#8243;]Barras de golpeo compuestas por transportador de rodillos + eje lineal motorizado por motor brushless y medici\u00f3n por encoder, sistema de control por pantalla t\u00e1ctil&hellip;\" \/>\n<meta property=\"og:url\" content=\"https:\/\/volumec.com\/es\/tope-de-longitud\/wmo\/\" \/>\n<meta property=\"og:site_name\" content=\"Volumec\" \/>\n<meta property=\"article:modified_time\" content=\"2025-11-05T08:37:33+00:00\" \/>\n<meta name=\"twitter:card\" content=\"summary_large_image\" \/>\n<meta name=\"twitter:label1\" content=\"Tiempo de lectura\" \/>\n\t<meta name=\"twitter:data1\" content=\"3 minutos\" \/>\n<script type=\"application\/ld+json\" class=\"yoast-schema-graph\">{\"@context\":\"https:\/\/schema.org\",\"@graph\":[{\"@type\":\"WebPage\",\"@id\":\"https:\/\/volumec.com\/es\/tope-de-longitud\/wmo\/\",\"url\":\"https:\/\/volumec.com\/es\/tope-de-longitud\/wmo\/\",\"name\":\"WMO - Volumec\",\"isPartOf\":{\"@id\":\"https:\/\/www.volumec.com\/en\/#website\"},\"datePublished\":\"2025-03-04T10:50:46+00:00\",\"dateModified\":\"2025-11-05T08:37:33+00:00\",\"breadcrumb\":{\"@id\":\"https:\/\/volumec.com\/es\/tope-de-longitud\/wmo\/#breadcrumb\"},\"inLanguage\":\"es\",\"potentialAction\":[{\"@type\":\"ReadAction\",\"target\":[\"https:\/\/volumec.com\/es\/tope-de-longitud\/wmo\/\"]}]},{\"@type\":\"BreadcrumbList\",\"@id\":\"https:\/\/volumec.com\/es\/tope-de-longitud\/wmo\/#breadcrumb\",\"itemListElement\":[{\"@type\":\"ListItem\",\"position\":1,\"name\":\"Home\",\"item\":\"https:\/\/volumec.com\/es\/\"},{\"@type\":\"ListItem\",\"position\":2,\"name\":\"Tope de longitud\",\"item\":\"https:\/\/volumec.com\/prodotti\/battute-di-riscontro\/\"},{\"@type\":\"ListItem\",\"position\":3,\"name\":\"WMO\"}]},{\"@type\":\"WebSite\",\"@id\":\"https:\/\/www.volumec.com\/en\/#website\",\"url\":\"https:\/\/www.volumec.com\/en\/\",\"name\":\"Volumec.com\",\"description\":\"\",\"publisher\":{\"@id\":\"https:\/\/www.volumec.com\/en\/#organization\"},\"alternateName\":\"be innovative\",\"potentialAction\":[{\"@type\":\"SearchAction\",\"target\":{\"@type\":\"EntryPoint\",\"urlTemplate\":\"https:\/\/www.volumec.com\/en\/?s={search_term_string}\"},\"query-input\":{\"@type\":\"PropertyValueSpecification\",\"valueRequired\":true,\"valueName\":\"search_term_string\"}}],\"inLanguage\":\"es\"},{\"@type\":\"Organization\",\"@id\":\"https:\/\/www.volumec.com\/en\/#organization\",\"name\":\"Volumec\",\"url\":\"https:\/\/www.volumec.com\/en\/\",\"logo\":{\"@type\":\"ImageObject\",\"inLanguage\":\"es\",\"@id\":\"https:\/\/www.volumec.com\/en\/#\/schema\/logo\/image\/\",\"url\":\"https:\/\/volumec.com\/wp-content\/uploads\/2024\/12\/Volumec-logo.png\",\"contentUrl\":\"https:\/\/volumec.com\/wp-content\/uploads\/2024\/12\/Volumec-logo.png\",\"width\":320,\"height\":77,\"caption\":\"Volumec\"},\"image\":{\"@id\":\"https:\/\/www.volumec.com\/en\/#\/schema\/logo\/image\/\"}}]}<\/script>\n<!-- \/ Yoast SEO plugin. -->","yoast_head_json":{"title":"WMO - Volumec","robots":{"index":"index","follow":"follow","max-snippet":"max-snippet:-1","max-image-preview":"max-image-preview:large","max-video-preview":"max-video-preview:-1"},"canonical":"https:\/\/volumec.com\/es\/tope-de-longitud\/wmo\/","og_locale":"es_ES","og_type":"article","og_title":"WMO - Volumec","og_description":"[vc_row full_width=\u00bbstretch_row\u00bb css=\u00bb.vc_custom_1741128513633{padding-top: 70px !important;padding-bottom: 70px !important;background: #13212E url(http:\/\/volumec.com\/wp-content\/uploads\/2024\/12\/Be-innovative.jpg?id=277) !important;}\u00bb][vc_column][vc_column_text css=\u00bb\u00bb text_align=\u00bbcenter\u00bb color=\u00bb#ffffff\u00bb] WMO [\/vc_column_text][\/vc_column][\/vc_row][vc_row full_width=\u00bbstretch_row\u00bb el_class=\u00bbptd80 pbd80 ptm40 pbm40&#8243;][vc_column width=\u00bb1\/2&#8243;][vc_column_text css=\u00bb\u00bb text_transform=\u00bbuppercase\u00bb] Cerradero motorizado [\/vc_column_text][vc_column_text css=\u00bb\u00bb el_class=\u00bbmtd50 mtm40 mbd40 mbm30&#8243;]Barras de golpeo compuestas por transportador de rodillos + eje lineal motorizado por motor brushless y medici\u00f3n por encoder, sistema de control por pantalla t\u00e1ctil&hellip;","og_url":"https:\/\/volumec.com\/es\/tope-de-longitud\/wmo\/","og_site_name":"Volumec","article_modified_time":"2025-11-05T08:37:33+00:00","twitter_card":"summary_large_image","twitter_misc":{"Tiempo de lectura":"3 minutos"},"schema":{"@context":"https:\/\/schema.org","@graph":[{"@type":"WebPage","@id":"https:\/\/volumec.com\/es\/tope-de-longitud\/wmo\/","url":"https:\/\/volumec.com\/es\/tope-de-longitud\/wmo\/","name":"WMO - Volumec","isPartOf":{"@id":"https:\/\/www.volumec.com\/en\/#website"},"datePublished":"2025-03-04T10:50:46+00:00","dateModified":"2025-11-05T08:37:33+00:00","breadcrumb":{"@id":"https:\/\/volumec.com\/es\/tope-de-longitud\/wmo\/#breadcrumb"},"inLanguage":"es","potentialAction":[{"@type":"ReadAction","target":["https:\/\/volumec.com\/es\/tope-de-longitud\/wmo\/"]}]},{"@type":"BreadcrumbList","@id":"https:\/\/volumec.com\/es\/tope-de-longitud\/wmo\/#breadcrumb","itemListElement":[{"@type":"ListItem","position":1,"name":"Home","item":"https:\/\/volumec.com\/es\/"},{"@type":"ListItem","position":2,"name":"Tope de longitud","item":"https:\/\/volumec.com\/prodotti\/battute-di-riscontro\/"},{"@type":"ListItem","position":3,"name":"WMO"}]},{"@type":"WebSite","@id":"https:\/\/www.volumec.com\/en\/#website","url":"https:\/\/www.volumec.com\/en\/","name":"Volumec.com","description":"","publisher":{"@id":"https:\/\/www.volumec.com\/en\/#organization"},"alternateName":"be innovative","potentialAction":[{"@type":"SearchAction","target":{"@type":"EntryPoint","urlTemplate":"https:\/\/www.volumec.com\/en\/?s={search_term_string}"},"query-input":{"@type":"PropertyValueSpecification","valueRequired":true,"valueName":"search_term_string"}}],"inLanguage":"es"},{"@type":"Organization","@id":"https:\/\/www.volumec.com\/en\/#organization","name":"Volumec","url":"https:\/\/www.volumec.com\/en\/","logo":{"@type":"ImageObject","inLanguage":"es","@id":"https:\/\/www.volumec.com\/en\/#\/schema\/logo\/image\/","url":"https:\/\/volumec.com\/wp-content\/uploads\/2024\/12\/Volumec-logo.png","contentUrl":"https:\/\/volumec.com\/wp-content\/uploads\/2024\/12\/Volumec-logo.png","width":320,"height":77,"caption":"Volumec"},"image":{"@id":"https:\/\/www.volumec.com\/en\/#\/schema\/logo\/image\/"}}]}},"_links":{"self":[{"href":"https:\/\/volumec.com\/es\/wp-json\/wp\/v2\/pages\/3922","targetHints":{"allow":["GET"]}}],"collection":[{"href":"https:\/\/volumec.com\/es\/wp-json\/wp\/v2\/pages"}],"about":[{"href":"https:\/\/volumec.com\/es\/wp-json\/wp\/v2\/types\/page"}],"author":[{"embeddable":true,"href":"https:\/\/volumec.com\/es\/wp-json\/wp\/v2\/users\/3"}],"replies":[{"embeddable":true,"href":"https:\/\/volumec.com\/es\/wp-json\/wp\/v2\/comments?post=3922"}],"version-history":[{"count":5,"href":"https:\/\/volumec.com\/es\/wp-json\/wp\/v2\/pages\/3922\/revisions"}],"predecessor-version":[{"id":9882,"href":"https:\/\/volumec.com\/es\/wp-json\/wp\/v2\/pages\/3922\/revisions\/9882"}],"up":[{"embeddable":true,"href":"https:\/\/volumec.com\/es\/wp-json\/wp\/v2\/pages\/456"}],"wp:attachment":[{"href":"https:\/\/volumec.com\/es\/wp-json\/wp\/v2\/media?parent=3922"}],"curies":[{"name":"wp","href":"https:\/\/api.w.org\/{rel}","templated":true}]}}