{"id":1077,"date":"2024-12-05T10:36:51","date_gmt":"2024-12-05T09:36:51","guid":{"rendered":"http:\/\/volumec.com\/?page_id=1077"},"modified":"2025-05-15T12:12:22","modified_gmt":"2025-05-15T10:12:22","slug":"contacto","status":"publish","type":"page","link":"https:\/\/volumec.com\/es\/contacto\/","title":{"rendered":"Contacto"},"content":{"rendered":"<div class=\"wpb-content-wrapper\">[vc_row full_width=\u00bbstretch_row\u00bb css=\u00bb.vc_custom_1741126644926{padding-top: 70px !important;padding-bottom: 70px !important;background: #13212E url(http:\/\/volumec.com\/wp-content\/uploads\/2024\/12\/Be-innovative.jpg?id=277) !important;}\u00bb][vc_column][vc_column_text css=\u00bb\u00bb text_align=\u00bbcenter\u00bb color=\u00bb#ffffff\u00bb]\n<h1>CONTACTOS<\/h1>\n[\/vc_column_text]<style>.vcex-breadcrumbs.vcex_69fb30ebeb914 .sep{color:#ffffff;}.vcex-breadcrumbs.vcex_69fb30ebeb914{text-align:center;color:#ffffff;--wpex-link-color:#ffffff;}<\/style><nav class=\"vcex-breadcrumbs vcex-breadcrumbs--links-inherit-color vcex-breadcrumbs--custom-color vcex_69fb30ebeb914\"><span><span><a href=\"https:\/\/volumec.com\/es\/\">Home<\/a><\/span><\/span><\/nav>[\/vc_column][\/vc_row][vc_row][vc_column width=\u00bb1\/2&#8243;]<div class=\"vcex-spacing wpex-w-100 wpex-clear\" style=\"height:50px;\"><\/div>\n<div class=\"wpcf7 no-js\" id=\"wpcf7-f3591-o1\" lang=\"it-IT\" dir=\"ltr\" data-wpcf7-id=\"3591\">\n<div class=\"screen-reader-response\"><p role=\"status\" aria-live=\"polite\" aria-atomic=\"true\"><\/p> <ul><\/ul><\/div>\n<form action=\"\/es\/wp-json\/wp\/v2\/pages\/1077#wpcf7-f3591-o1\" method=\"post\" class=\"wpcf7-form init\" aria-label=\"Modulo di contatto\" novalidate=\"novalidate\" data-status=\"init\">\n<div style=\"display: none;\">\n<input type=\"hidden\" name=\"_wpcf7\" value=\"3591\" \/>\n<input type=\"hidden\" name=\"_wpcf7_version\" value=\"6.0.6\" \/>\n<input type=\"hidden\" name=\"_wpcf7_locale\" value=\"it_IT\" \/>\n<input type=\"hidden\" name=\"_wpcf7_unit_tag\" value=\"wpcf7-f3591-o1\" \/>\n<input type=\"hidden\" name=\"_wpcf7_container_post\" value=\"0\" \/>\n<input type=\"hidden\" name=\"_wpcf7_posted_data_hash\" value=\"\" \/>\n<\/div>\n<p>Solicitar informaci\u00f3n sobre:\n<\/p>\n<p><span class=\"wpcf7-form-control-wrap\" data-name=\"select-731\"><select class=\"wpcf7-form-control wpcf7-select wpcf7-validates-as-required\" aria-required=\"true\" aria-invalid=\"false\" name=\"select-731\"><option value=\"\">Seleziona prodotto:<\/option><option value=\"Brazos de taladro Drilltronic: MANUALES\">Brazos de taladro Drilltronic: MANUALES<\/option><option value=\"Brazos de taladro Drilltronic: SEMIAUTOM\u00c1TICOS\">Brazos de taladro Drilltronic: SEMIAUTOM\u00c1TICOS<\/option><option value=\"Brazos de taladro Drilltronic: AUTOM\u00c1TICA CNC\">Brazos de taladro Drilltronic: AUTOM\u00c1TICA CNC<\/option><option value=\"Roscadoras el\u00e9tricos: JOYTAP 3\">Roscadoras el\u00e9tricos: JOYTAP 3<\/option><option value=\"Roscadoras el\u00e9tricos: JOYTAP 2\">Roscadoras el\u00e9tricos: JOYTAP 2<\/option><option value=\"Roscadoras el\u00e9tricos: SNIPER\">Roscadoras el\u00e9tricos: SNIPER<\/option><option value=\"Roscadoras neum\u00e1ticos: ET\">Roscadoras neum\u00e1ticos: ET<\/option><option value=\"Roscadoras neum\u00e1ticos: VT\/VTS\">Roscadoras neum\u00e1ticos: VT\/VTS<\/option><option value=\"Atornillador \u2013 Instalaci\u00f3n de insertos: JOYTAP 3\">Atornillador \u2013 Instalaci\u00f3n de insertos: JOYTAP 3<\/option><option value=\"Atornillador \u2013 Instalaci\u00f3n de insertos: JOYTAP 2\">Atornillador \u2013 Instalaci\u00f3n de insertos: JOYTAP 2<\/option><option value=\"Unidades para robots: SERIE U e UJ\">Unidades para robots: SERIE U e UJ<\/option><option value=\"Brazos articulados equilibrados: EASYARM 1\">Brazos articulados equilibrados: EASYARM 1<\/option><option value=\"Brazos articulados equilibrados: EASYARM 2\">Brazos articulados equilibrados: EASYARM 2<\/option><option value=\"Brazos articulados equilibrados: EASYARM 3\">Brazos articulados equilibrados: EASYARM 3<\/option><option value=\"Brazos articulados equilibrados: EASYARM 4\">Brazos articulados equilibrados: EASYARM 4<\/option><option value=\"Brazos articulados equilibrados: EAT 3\">Brazos articulados equilibrados: EAT 3<\/option><option value=\"Manipuladores m\u00f3viles: RM01\">Manipuladores m\u00f3viles: RM01<\/option><option value=\"Manipuladores m\u00f3viles: RM02\">Manipuladores m\u00f3viles: RM02<\/option><option value=\"Manipuladores m\u00f3viles: EASYARM MANIPULATOR\">Manipuladores m\u00f3viles: EASYARM MANIPULATOR<\/option><option value=\"Topes de longitud: WMA\">Topes de longitud: WMA<\/option><option value=\"Topes de longitud: WMO\">Topes de longitud: WMO<\/option><\/select><\/span>\n<\/p>\n<p><label> Nombre y Apellidos *<br \/>\n<span class=\"wpcf7-form-control-wrap\" data-name=\"your-name\"><input size=\"40\" maxlength=\"400\" class=\"wpcf7-form-control wpcf7-text wpcf7-validates-as-required\" autocomplete=\"name\" aria-required=\"true\" aria-invalid=\"false\" value=\"\" type=\"text\" name=\"your-name\" \/><\/span> <\/label>\n<\/p>\n<p><label> Agencia *<br \/>\n<span class=\"wpcf7-form-control-wrap\" data-name=\"text-519\"><input size=\"40\" maxlength=\"400\" class=\"wpcf7-form-control wpcf7-text wpcf7-validates-as-required\" aria-required=\"true\" aria-invalid=\"false\" value=\"\" type=\"text\" name=\"text-519\" \/><\/span> <\/label>\n<\/p>\n<p><label> Direcc\u00econ<br \/>\n<span class=\"wpcf7-form-control-wrap\" data-name=\"text-194\"><input size=\"40\" maxlength=\"400\" class=\"wpcf7-form-control wpcf7-text\" aria-invalid=\"false\" value=\"\" type=\"text\" name=\"text-194\" \/><\/span> <\/label>\n<\/p>\n<p><label> Aldea *<br \/>\n<span class=\"wpcf7-form-control-wrap\" data-name=\"text-356\"><input size=\"40\" maxlength=\"400\" class=\"wpcf7-form-control wpcf7-text wpcf7-validates-as-required\" aria-required=\"true\" aria-invalid=\"false\" value=\"\" type=\"text\" name=\"text-356\" \/><\/span> <\/label>\n<\/p>\n<p><label> Provincia *<br \/>\n<span class=\"wpcf7-form-control-wrap\" data-name=\"text-481\"><input size=\"40\" maxlength=\"400\" class=\"wpcf7-form-control wpcf7-text wpcf7-validates-as-required\" aria-required=\"true\" aria-invalid=\"false\" value=\"\" type=\"text\" name=\"text-481\" \/><\/span> <\/label>\n<\/p>\n<p><label> C.P. *<br \/>\n<span class=\"wpcf7-form-control-wrap\" data-name=\"number-827\"><input class=\"wpcf7-form-control wpcf7-number wpcf7-validates-as-required wpcf7-validates-as-number\" aria-required=\"true\" aria-invalid=\"false\" value=\"\" type=\"number\" name=\"number-827\" \/><\/span> <\/label>\n<\/p>\n<p><label> Estado *<br \/>\n<span class=\"wpcf7-form-control-wrap\" data-name=\"text-955\"><input size=\"40\" maxlength=\"400\" class=\"wpcf7-form-control wpcf7-text wpcf7-validates-as-required\" aria-required=\"true\" aria-invalid=\"false\" value=\"\" type=\"text\" name=\"text-955\" \/><\/span> <\/label>\n<\/p>\n<p><label> Tel\u00e9fono *<br \/>\n<span class=\"wpcf7-form-control-wrap\" data-name=\"tel-534\"><input size=\"40\" maxlength=\"400\" class=\"wpcf7-form-control wpcf7-tel wpcf7-validates-as-required wpcf7-text wpcf7-validates-as-tel\" aria-required=\"true\" aria-invalid=\"false\" value=\"\" type=\"tel\" name=\"tel-534\" \/><\/span> <\/label>\n<\/p>\n<p><label> Tu correo electr\u00f3nico *<br \/>\n<span class=\"wpcf7-form-control-wrap\" data-name=\"your-email\"><input size=\"40\" maxlength=\"400\" class=\"wpcf7-form-control wpcf7-email wpcf7-validates-as-required wpcf7-text wpcf7-validates-as-email\" autocomplete=\"email\" aria-required=\"true\" aria-invalid=\"false\" value=\"\" type=\"email\" name=\"your-email\" \/><\/span> <\/label>\n<\/p>\n<p><label> Texto del mensaje<br \/>\n<span class=\"wpcf7-form-control-wrap\" data-name=\"your-message\"><textarea cols=\"40\" rows=\"10\" maxlength=\"2000\" class=\"wpcf7-form-control wpcf7-textarea\" aria-invalid=\"false\" name=\"your-message\"><\/textarea><\/span> <\/label>\n<\/p>\n<p>Doy mi consentimiento para el tratamiento de datos personales de conformidad con el art. 13 del Reglamento UE 2016\/679 (GDPR). Las condiciones est\u00e1n expresadas en la p\u00e1gina de informaci\u00f3n de privacidad de este sitio web.*.\n<\/p>\n<p><span class=\"wpcf7-form-control-wrap\" data-name=\"acceptance-854\"><span class=\"wpcf7-form-control wpcf7-acceptance\"><span class=\"wpcf7-list-item\"><label><input type=\"checkbox\" name=\"acceptance-854\" value=\"1\" aria-invalid=\"false\" \/><span class=\"wpcf7-list-item-label\">Acepto<\/span><\/label><\/span><\/span><\/span>\n<\/p>\n<p><input class=\"wpcf7-form-control wpcf7-submit has-spinner\" type=\"submit\" value=\"enviar mensaje\" \/>\n<\/p><input type='hidden' class='wpcf7-pum' value='{\"closepopup\":false,\"closedelay\":0,\"openpopup\":false,\"openpopup_id\":0}' \/><div class=\"wpcf7-response-output\" aria-hidden=\"true\"><\/div>\n<\/form>\n<\/div>\n<div class=\"vcex-spacing wpex-w-100 wpex-clear\" style=\"height:50px;\"><\/div>[\/vc_column][vc_column width=\u00bb1\/2&#8243;]<div class=\"vcex-spacing wpex-w-100 wpex-clear\" style=\"height:50px;\"><\/div>[vc_gmaps link=\u00bb#E-8_JTNDaWZyYW1lJTIwc3JjJTNEJTIyaHR0cHMlM0ElMkYlMkZ3d3cuZ29vZ2xlLmNvbSUyRm1hcHMlMkZlbWJlZCUzRnBiJTNEJTIxMW0xOCUyMTFtMTIlMjExbTMlMjExZDI3MTUuNjAwMTEwNjA3NDM2JTIxMmQxMi4xNjY5NzUwNjM5NDU2NSUyMTNkNDUuODc1NzczMDk3OTI1OTIlMjEybTMlMjExZjAlMjEyZjAlMjEzZjAlMjEzbTIlMjExaTEwMjQlMjEyaTc2OCUyMTRmMTMuMSUyMTNtMyUyMTFtMiUyMTFzMHg0Nzc5MTgzNjkxOGE5NmRmJTI1M0EweDc2OTJkYjRkMGMzZDViNTQlMjEyc1ZvbHVtZWMlMjUyMCUyNUMyJTI1QUUlMjUyMFMuUi5MLiUyNTIwTWFjaGluZXMlMjUyMGFuZCUyNTIwRWFzeWFybSUyMTVlMCUyMTNtMiUyMTFzaXQlMjEyc2l0JTIxNHYxNzQxMjY4NDU3ODQ0JTIxNW0yJTIxMXNpdCUyMTJzaXQlMjIlMjB3aWR0aCUzRCUyMjYwMCUyMiUyMGhlaWdodCUzRCUyMjQ1MCUyMiUyMHN0eWxlJTNEJTIyYm9yZGVyJTNBMCUzQiUyMiUyMGFsbG93ZnVsbHNjcmVlbiUzRCUyMiUyMiUyMGxvYWRpbmclM0QlMjJsYXp5JTIyJTIwcmVmZXJyZXJwb2xpY3klM0QlMjJuby1yZWZlcnJlci13aGVuLWRvd25ncmFkZSUyMiUzRSUzQyUyRmlmcmFtZSUzRQ==\u00bb css=\u00bb\u00bb]<div class=\"vcex-spacing wpex-w-100 wpex-clear\" style=\"height:50px;\"><\/div>[\/vc_column][\/vc_row][vc_row css_animation=\u00bbfadeIn\u00bb full_width=\u00bbstretch_row\u00bb content_placement=\u00bbmiddle\u00bb parallax=\u00bbcontent-moving\u00bb parallax_image=\u00bb280&#8243; el_class=\u00bbriga_banner ptd30 pbd30 ptm40 pbm40&#8243;][vc_column width=\u00bb1\/2&#8243;]<style>.vcex-image.vcex_69fb30ec04056 .vcex-image-inner{max-width:600px;}<\/style><figure class=\"vcex-image vcex-module vcex_69fb30ec04056\"><div class=\"vcex-image-inner wpex-relative wpex-inline-block\"><img width=\"1000\" height=\"239\" src=\"https:\/\/volumec.com\/wp-content\/uploads\/2024\/12\/logo-Volumec.png\" class=\"vcex-image-img wpex-align-middle\" alt=\"\" loading=\"lazy\" decoding=\"async\" srcset=\"https:\/\/volumec.com\/wp-content\/uploads\/2024\/12\/logo-Volumec.png 1000w, https:\/\/volumec.com\/wp-content\/uploads\/2024\/12\/logo-Volumec-300x72.png 300w, https:\/\/volumec.com\/wp-content\/uploads\/2024\/12\/logo-Volumec-768x184.png 768w, https:\/\/volumec.com\/wp-content\/uploads\/2024\/12\/logo-Volumec-600x143.png 600w\" sizes=\"auto, (max-width: 1000px) 100vw, 1000px\" \/><\/div><\/figure>[\/vc_column][vc_column width=\u00bb1\/2&#8243;][vc_column_text css=\u00bb\u00bb color=\u00bb#fefefe\u00bb font_size=\u00bbd:100|pl:45|pp:45&#8243; line_height=\u00bb110%\u00bb font_weight=\u00bb300&#8243;]Be <strong>innovative<\/strong>[\/vc_column_text][\/vc_column][\/vc_row][vc_row][vc_column][\/vc_column][\/vc_row]\n<\/div>","protected":false},"excerpt":{"rendered":"<p>[vc_row full_width=\u00bbstretch_row\u00bb css=\u00bb.vc_custom_1741126644926{padding-top: 70px !important;padding-bottom: 70px !important;background: #13212E url(http:\/\/volumec.com\/wp-content\/uploads\/2024\/12\/Be-innovative.jpg?id=277) !important;}\u00bb][vc_column][vc_column_text css=\u00bb\u00bb text_align=\u00bbcenter\u00bb color=\u00bb#ffffff\u00bb] CONTACTOS [\/vc_column_text][\/vc_column][\/vc_row][vc_row][vc_column width=\u00bb1\/2&#8243;][\/vc_column][vc_column width=\u00bb1\/2&#8243;][vc_gmaps link=\u00bb#E-8_JTNDaWZyYW1lJTIwc3JjJTNEJTIyaHR0cHMlM0ElMkYlMkZ3d3cuZ29vZ2xlLmNvbSUyRm1hcHMlMkZlbWJlZCUzRnBiJTNEJTIxMW0xOCUyMTFtMTIlMjExbTMlMjExZDI3MTUuNjAwMTEwNjA3NDM2JTIxMmQxMi4xNjY5NzUwNjM5NDU2NSUyMTNkNDUuODc1NzczMDk3OTI1OTIlMjEybTMlMjExZjAlMjEyZjAlMjEzZjAlMjEzbTIlMjExaTEwMjQlMjEyaTc2OCUyMTRmMTMuMSUyMTNtMyUyMTFtMiUyMTFzMHg0Nzc5MTgzNjkxOGE5NmRmJTI1M0EweDc2OTJkYjRkMGMzZDViNTQlMjEyc1ZvbHVtZWMlMjUyMCUyNUMyJTI1QUUlMjUyMFMuUi5MLiUyNTIwTWFjaGluZXMlMjUyMGFuZCUyNTIwRWFzeWFybSUyMTVlMCUyMTNtMiUyMTFzaXQlMjEyc2l0JTIxNHYxNzQxMjY4NDU3ODQ0JTIxNW0yJTIxMXNpdCUyMTJzaXQlMjIlMjB3aWR0aCUzRCUyMjYwMCUyMiUyMGhlaWdodCUzRCUyMjQ1MCUyMiUyMHN0eWxlJTNEJTIyYm9yZGVyJTNBMCUzQiUyMiUyMGFsbG93ZnVsbHNjcmVlbiUzRCUyMiUyMiUyMGxvYWRpbmclM0QlMjJsYXp5JTIyJTIwcmVmZXJyZXJwb2xpY3klM0QlMjJuby1yZWZlcnJlci13aGVuLWRvd25ncmFkZSUyMiUzRSUzQyUyRmlmcmFtZSUzRQ==\u00bb css=\u00bb\u00bb][\/vc_column][\/vc_row][vc_row css_animation=\u00bbfadeIn\u00bb full_width=\u00bbstretch_row\u00bb content_placement=\u00bbmiddle\u00bb parallax=\u00bbcontent-moving\u00bb parallax_image=\u00bb280&#8243; el_class=\u00bbriga_banner ptd30 pbd30 ptm40 pbm40&#8243;][vc_column width=\u00bb1\/2&#8243;][\/vc_column][vc_column width=\u00bb1\/2&#8243;][vc_column_text css=\u00bb\u00bb color=\u00bb#fefefe\u00bb font_size=\u00bbd:100|pl:45|pp:45&#8243; line_height=\u00bb110%\u00bb font_weight=\u00bb300&#8243;]Be innovative[\/vc_column_text][\/vc_column][\/vc_row][vc_row][vc_column][\/vc_column][\/vc_row]<\/p>\n","protected":false},"author":1,"featured_media":0,"parent":0,"menu_order":0,"comment_status":"closed","ping_status":"closed","template":"","meta":{"_acf_changed":false,"inline_featured_image":false,"footnotes":""},"class_list":["post-1077","page","type-page","status-publish","hentry","entry","no-media"],"acf":[],"yoast_head":"<!-- This site is optimized with the Yoast SEO plugin v25.1 - https:\/\/yoast.com\/wordpress\/plugins\/seo\/ -->\n<title>Contacto - Volumec<\/title>\n<meta name=\"robots\" content=\"index, follow, max-snippet:-1, max-image-preview:large, max-video-preview:-1\" \/>\n<link rel=\"canonical\" href=\"https:\/\/volumec.com\/contatti\/\" \/>\n<meta property=\"og:locale\" content=\"es_ES\" \/>\n<meta property=\"og:type\" content=\"article\" \/>\n<meta property=\"og:title\" content=\"Contacto - Volumec\" \/>\n<meta property=\"og:description\" content=\"[vc_row full_width=\u00bbstretch_row\u00bb css=\u00bb.vc_custom_1741126644926{padding-top: 70px !important;padding-bottom: 70px !important;background: #13212E url(http:\/\/volumec.com\/wp-content\/uploads\/2024\/12\/Be-innovative.jpg?id=277) !important;}\u00bb][vc_column][vc_column_text css=\u00bb\u00bb text_align=\u00bbcenter\u00bb color=\u00bb#ffffff\u00bb] CONTACTOS [\/vc_column_text][\/vc_column][\/vc_row][vc_row][vc_column width=\u00bb1\/2&#8243;][\/vc_column][vc_column width=\u00bb1\/2&#8243;][vc_gmaps link=\u00bb#E-8_JTNDaWZyYW1lJTIwc3JjJTNEJTIyaHR0cHMlM0ElMkYlMkZ3d3cuZ29vZ2xlLmNvbSUyRm1hcHMlMkZlbWJlZCUzRnBiJTNEJTIxMW0xOCUyMTFtMTIlMjExbTMlMjExZDI3MTUuNjAwMTEwNjA3NDM2JTIxMmQxMi4xNjY5NzUwNjM5NDU2NSUyMTNkNDUuODc1NzczMDk3OTI1OTIlMjEybTMlMjExZjAlMjEyZjAlMjEzZjAlMjEzbTIlMjExaTEwMjQlMjEyaTc2OCUyMTRmMTMuMSUyMTNtMyUyMTFtMiUyMTFzMHg0Nzc5MTgzNjkxOGE5NmRmJTI1M0EweDc2OTJkYjRkMGMzZDViNTQlMjEyc1ZvbHVtZWMlMjUyMCUyNUMyJTI1QUUlMjUyMFMuUi5MLiUyNTIwTWFjaGluZXMlMjUyMGFuZCUyNTIwRWFzeWFybSUyMTVlMCUyMTNtMiUyMTFzaXQlMjEyc2l0JTIxNHYxNzQxMjY4NDU3ODQ0JTIxNW0yJTIxMXNpdCUyMTJzaXQlMjIlMjB3aWR0aCUzRCUyMjYwMCUyMiUyMGhlaWdodCUzRCUyMjQ1MCUyMiUyMHN0eWxlJTNEJTIyYm9yZGVyJTNBMCUzQiUyMiUyMGFsbG93ZnVsbHNjcmVlbiUzRCUyMiUyMiUyMGxvYWRpbmclM0QlMjJsYXp5JTIyJTIwcmVmZXJyZXJwb2xpY3klM0QlMjJuby1yZWZlcnJlci13aGVuLWRvd25ncmFkZSUyMiUzRSUzQyUyRmlmcmFtZSUzRQ==\u00bb css=\u00bb\u00bb][\/vc_column][\/vc_row][vc_row css_animation=\u00bbfadeIn\u00bb full_width=\u00bbstretch_row\u00bb content_placement=\u00bbmiddle\u00bb parallax=\u00bbcontent-moving\u00bb parallax_image=\u00bb280&#8243; el_class=\u00bbriga_banner ptd30 pbd30 ptm40 pbm40&#8243;][vc_column width=\u00bb1\/2&#8243;][\/vc_column][vc_column width=\u00bb1\/2&#8243;][vc_column_text css=\u00bb\u00bb color=\u00bb#fefefe\u00bb font_size=\u00bbd:100|pl:45|pp:45&#8243; line_height=\u00bb110%\u00bb font_weight=\u00bb300&#8243;]Be innovative[\/vc_column_text][\/vc_column][\/vc_row][vc_row][vc_column][\/vc_column][\/vc_row]\" \/>\n<meta property=\"og:url\" content=\"https:\/\/volumec.com\/contatti\/\" \/>\n<meta property=\"og:site_name\" content=\"Volumec\" \/>\n<meta property=\"article:modified_time\" content=\"2025-05-15T10:12:22+00:00\" \/>\n<meta name=\"twitter:card\" content=\"summary_large_image\" \/>\n<meta name=\"twitter:label1\" content=\"Tiempo de lectura\" \/>\n\t<meta name=\"twitter:data1\" content=\"1 minuto\" \/>\n<script type=\"application\/ld+json\" class=\"yoast-schema-graph\">{\"@context\":\"https:\/\/schema.org\",\"@graph\":[{\"@type\":\"WebPage\",\"@id\":\"https:\/\/volumec.com\/contatti\/\",\"url\":\"https:\/\/volumec.com\/contatti\/\",\"name\":\"Contacto - Volumec\",\"isPartOf\":{\"@id\":\"https:\/\/www.volumec.com\/en\/#website\"},\"datePublished\":\"2024-12-05T09:36:51+00:00\",\"dateModified\":\"2025-05-15T10:12:22+00:00\",\"breadcrumb\":{\"@id\":\"https:\/\/volumec.com\/contatti\/#breadcrumb\"},\"inLanguage\":\"es\",\"potentialAction\":[{\"@type\":\"ReadAction\",\"target\":[\"https:\/\/volumec.com\/contatti\/\"]}]},{\"@type\":\"BreadcrumbList\",\"@id\":\"https:\/\/volumec.com\/contatti\/#breadcrumb\",\"itemListElement\":[{\"@type\":\"ListItem\",\"position\":1,\"name\":\"Home\",\"item\":\"https:\/\/volumec.com\/es\/\"},{\"@type\":\"ListItem\",\"position\":2,\"name\":\"Contacto\"}]},{\"@type\":\"WebSite\",\"@id\":\"https:\/\/www.volumec.com\/en\/#website\",\"url\":\"https:\/\/www.volumec.com\/en\/\",\"name\":\"Volumec.com\",\"description\":\"\",\"publisher\":{\"@id\":\"https:\/\/www.volumec.com\/en\/#organization\"},\"alternateName\":\"be innovative\",\"potentialAction\":[{\"@type\":\"SearchAction\",\"target\":{\"@type\":\"EntryPoint\",\"urlTemplate\":\"https:\/\/www.volumec.com\/en\/?s={search_term_string}\"},\"query-input\":{\"@type\":\"PropertyValueSpecification\",\"valueRequired\":true,\"valueName\":\"search_term_string\"}}],\"inLanguage\":\"es\"},{\"@type\":\"Organization\",\"@id\":\"https:\/\/www.volumec.com\/en\/#organization\",\"name\":\"Volumec\",\"url\":\"https:\/\/www.volumec.com\/en\/\",\"logo\":{\"@type\":\"ImageObject\",\"inLanguage\":\"es\",\"@id\":\"https:\/\/www.volumec.com\/en\/#\/schema\/logo\/image\/\",\"url\":\"https:\/\/volumec.com\/wp-content\/uploads\/2024\/12\/Volumec-logo.png\",\"contentUrl\":\"https:\/\/volumec.com\/wp-content\/uploads\/2024\/12\/Volumec-logo.png\",\"width\":320,\"height\":77,\"caption\":\"Volumec\"},\"image\":{\"@id\":\"https:\/\/www.volumec.com\/en\/#\/schema\/logo\/image\/\"}}]}<\/script>\n<!-- \/ Yoast SEO plugin. -->","yoast_head_json":{"title":"Contacto - Volumec","robots":{"index":"index","follow":"follow","max-snippet":"max-snippet:-1","max-image-preview":"max-image-preview:large","max-video-preview":"max-video-preview:-1"},"canonical":"https:\/\/volumec.com\/contatti\/","og_locale":"es_ES","og_type":"article","og_title":"Contacto - Volumec","og_description":"[vc_row full_width=\u00bbstretch_row\u00bb css=\u00bb.vc_custom_1741126644926{padding-top: 70px !important;padding-bottom: 70px !important;background: #13212E url(http:\/\/volumec.com\/wp-content\/uploads\/2024\/12\/Be-innovative.jpg?id=277) !important;}\u00bb][vc_column][vc_column_text css=\u00bb\u00bb text_align=\u00bbcenter\u00bb color=\u00bb#ffffff\u00bb] CONTACTOS [\/vc_column_text][\/vc_column][\/vc_row][vc_row][vc_column width=\u00bb1\/2&#8243;][\/vc_column][vc_column width=\u00bb1\/2&#8243;][vc_gmaps link=\u00bb#E-8_JTNDaWZyYW1lJTIwc3JjJTNEJTIyaHR0cHMlM0ElMkYlMkZ3d3cuZ29vZ2xlLmNvbSUyRm1hcHMlMkZlbWJlZCUzRnBiJTNEJTIxMW0xOCUyMTFtMTIlMjExbTMlMjExZDI3MTUuNjAwMTEwNjA3NDM2JTIxMmQxMi4xNjY5NzUwNjM5NDU2NSUyMTNkNDUuODc1NzczMDk3OTI1OTIlMjEybTMlMjExZjAlMjEyZjAlMjEzZjAlMjEzbTIlMjExaTEwMjQlMjEyaTc2OCUyMTRmMTMuMSUyMTNtMyUyMTFtMiUyMTFzMHg0Nzc5MTgzNjkxOGE5NmRmJTI1M0EweDc2OTJkYjRkMGMzZDViNTQlMjEyc1ZvbHVtZWMlMjUyMCUyNUMyJTI1QUUlMjUyMFMuUi5MLiUyNTIwTWFjaGluZXMlMjUyMGFuZCUyNTIwRWFzeWFybSUyMTVlMCUyMTNtMiUyMTFzaXQlMjEyc2l0JTIxNHYxNzQxMjY4NDU3ODQ0JTIxNW0yJTIxMXNpdCUyMTJzaXQlMjIlMjB3aWR0aCUzRCUyMjYwMCUyMiUyMGhlaWdodCUzRCUyMjQ1MCUyMiUyMHN0eWxlJTNEJTIyYm9yZGVyJTNBMCUzQiUyMiUyMGFsbG93ZnVsbHNjcmVlbiUzRCUyMiUyMiUyMGxvYWRpbmclM0QlMjJsYXp5JTIyJTIwcmVmZXJyZXJwb2xpY3klM0QlMjJuby1yZWZlcnJlci13aGVuLWRvd25ncmFkZSUyMiUzRSUzQyUyRmlmcmFtZSUzRQ==\u00bb css=\u00bb\u00bb][\/vc_column][\/vc_row][vc_row css_animation=\u00bbfadeIn\u00bb full_width=\u00bbstretch_row\u00bb content_placement=\u00bbmiddle\u00bb parallax=\u00bbcontent-moving\u00bb parallax_image=\u00bb280&#8243; el_class=\u00bbriga_banner ptd30 pbd30 ptm40 pbm40&#8243;][vc_column width=\u00bb1\/2&#8243;][\/vc_column][vc_column width=\u00bb1\/2&#8243;][vc_column_text css=\u00bb\u00bb color=\u00bb#fefefe\u00bb font_size=\u00bbd:100|pl:45|pp:45&#8243; line_height=\u00bb110%\u00bb font_weight=\u00bb300&#8243;]Be innovative[\/vc_column_text][\/vc_column][\/vc_row][vc_row][vc_column][\/vc_column][\/vc_row]","og_url":"https:\/\/volumec.com\/contatti\/","og_site_name":"Volumec","article_modified_time":"2025-05-15T10:12:22+00:00","twitter_card":"summary_large_image","twitter_misc":{"Tiempo de lectura":"1 minuto"},"schema":{"@context":"https:\/\/schema.org","@graph":[{"@type":"WebPage","@id":"https:\/\/volumec.com\/contatti\/","url":"https:\/\/volumec.com\/contatti\/","name":"Contacto - Volumec","isPartOf":{"@id":"https:\/\/www.volumec.com\/en\/#website"},"datePublished":"2024-12-05T09:36:51+00:00","dateModified":"2025-05-15T10:12:22+00:00","breadcrumb":{"@id":"https:\/\/volumec.com\/contatti\/#breadcrumb"},"inLanguage":"es","potentialAction":[{"@type":"ReadAction","target":["https:\/\/volumec.com\/contatti\/"]}]},{"@type":"BreadcrumbList","@id":"https:\/\/volumec.com\/contatti\/#breadcrumb","itemListElement":[{"@type":"ListItem","position":1,"name":"Home","item":"https:\/\/volumec.com\/es\/"},{"@type":"ListItem","position":2,"name":"Contacto"}]},{"@type":"WebSite","@id":"https:\/\/www.volumec.com\/en\/#website","url":"https:\/\/www.volumec.com\/en\/","name":"Volumec.com","description":"","publisher":{"@id":"https:\/\/www.volumec.com\/en\/#organization"},"alternateName":"be innovative","potentialAction":[{"@type":"SearchAction","target":{"@type":"EntryPoint","urlTemplate":"https:\/\/www.volumec.com\/en\/?s={search_term_string}"},"query-input":{"@type":"PropertyValueSpecification","valueRequired":true,"valueName":"search_term_string"}}],"inLanguage":"es"},{"@type":"Organization","@id":"https:\/\/www.volumec.com\/en\/#organization","name":"Volumec","url":"https:\/\/www.volumec.com\/en\/","logo":{"@type":"ImageObject","inLanguage":"es","@id":"https:\/\/www.volumec.com\/en\/#\/schema\/logo\/image\/","url":"https:\/\/volumec.com\/wp-content\/uploads\/2024\/12\/Volumec-logo.png","contentUrl":"https:\/\/volumec.com\/wp-content\/uploads\/2024\/12\/Volumec-logo.png","width":320,"height":77,"caption":"Volumec"},"image":{"@id":"https:\/\/www.volumec.com\/en\/#\/schema\/logo\/image\/"}}]}},"_links":{"self":[{"href":"https:\/\/volumec.com\/es\/wp-json\/wp\/v2\/pages\/1077","targetHints":{"allow":["GET"]}}],"collection":[{"href":"https:\/\/volumec.com\/es\/wp-json\/wp\/v2\/pages"}],"about":[{"href":"https:\/\/volumec.com\/es\/wp-json\/wp\/v2\/types\/page"}],"author":[{"embeddable":true,"href":"https:\/\/volumec.com\/es\/wp-json\/wp\/v2\/users\/1"}],"replies":[{"embeddable":true,"href":"https:\/\/volumec.com\/es\/wp-json\/wp\/v2\/comments?post=1077"}],"version-history":[{"count":7,"href":"https:\/\/volumec.com\/es\/wp-json\/wp\/v2\/pages\/1077\/revisions"}],"predecessor-version":[{"id":6456,"href":"https:\/\/volumec.com\/es\/wp-json\/wp\/v2\/pages\/1077\/revisions\/6456"}],"wp:attachment":[{"href":"https:\/\/volumec.com\/es\/wp-json\/wp\/v2\/media?parent=1077"}],"curies":[{"name":"wp","href":"https:\/\/api.w.org\/{rel}","templated":true}]}}