{"id":1071,"date":"2024-12-05T10:36:19","date_gmt":"2024-12-05T09:36:19","guid":{"rendered":"http:\/\/volumec.com\/?page_id=1071"},"modified":"2025-03-18T17:28:41","modified_gmt":"2025-03-18T16:28:41","slug":"empresa","status":"publish","type":"page","link":"https:\/\/volumec.com\/es\/empresa\/","title":{"rendered":"Empresa"},"content":{"rendered":"<div class=\"wpb-content-wrapper\">[vc_row full_width=\u00bbstretch_row\u00bb css=\u00bb.vc_custom_1741126917731{padding-top: 70px !important;padding-bottom: 70px !important;background: #13212E url(http:\/\/volumec.com\/wp-content\/uploads\/2024\/12\/Be-innovative.jpg?id=277) !important;}\u00bb][vc_column][vc_column_text css=\u00bb\u00bb text_align=\u00bbcenter\u00bb color=\u00bb#ffffff\u00bb]\n<h1>EMPRESA<\/h1>\n[\/vc_column_text]<style>.vcex-breadcrumbs.vcex_69e0795432dd4 .sep{color:#ffffff;}.vcex-breadcrumbs.vcex_69e0795432dd4{text-align:center;color:#ffffff;--wpex-link-color:#ffffff;}<\/style><nav class=\"vcex-breadcrumbs vcex-breadcrumbs--links-inherit-color vcex-breadcrumbs--custom-color vcex_69e0795432dd4\"><span><span><a href=\"https:\/\/volumec.com\/es\/\">Home<\/a><\/span><\/span><\/nav>[\/vc_column][\/vc_row][vc_row][vc_column]<div class=\"vcex-spacing wpex-w-100 wpex-clear\" style=\"height:50px;\"><\/div><figure class=\"vcex-image vcex-module wpex-text-center\"><div class=\"vcex-image-inner wpex-relative wpex-inline-block\"><img width=\"1280\" height=\"360\" src=\"https:\/\/volumec.com\/wp-content\/uploads\/2025\/03\/volumec-azienda-ES.jpg\" class=\"vcex-image-img wpex-align-middle\" alt=\"\" loading=\"lazy\" decoding=\"async\" srcset=\"https:\/\/volumec.com\/wp-content\/uploads\/2025\/03\/volumec-azienda-ES.jpg 1280w, https:\/\/volumec.com\/wp-content\/uploads\/2025\/03\/volumec-azienda-ES-300x84.jpg 300w, https:\/\/volumec.com\/wp-content\/uploads\/2025\/03\/volumec-azienda-ES-1024x288.jpg 1024w, https:\/\/volumec.com\/wp-content\/uploads\/2025\/03\/volumec-azienda-ES-768x216.jpg 768w, https:\/\/volumec.com\/wp-content\/uploads\/2025\/03\/volumec-azienda-ES-600x169.jpg 600w\" sizes=\"auto, (max-width: 1280px) 100vw, 1280px\" \/><\/div><\/figure><div class=\"vcex-spacing wpex-w-100 wpex-clear\" style=\"height:50px;\"><\/div>[vc_column_text css=\u00bb\u00bb]Volumec\u00ae es una empresa italiana que tiene como objetivo mejorar la productividad de nuestros clientes y facilitar el trabajo de los operarios de producci\u00f3n a trav\u00e9s de su gama de m\u00e1quinas y brazos ergon\u00f3micos.<\/p>\n<p>Desde 2003, Volumec ha iniciado un intenso programa de investigaci\u00f3n y desarrollo que ha llevado a la creaci\u00f3n de una gama de sistemas de brazo articulado utilizados en operaciones de roscado, perforaci\u00f3n y atornillado.<\/p>\n<p>Para hacer frente a las nuevas exigencias de producci\u00f3n y seguridad, Volumec\u00ae ha lanzado EASYARM, una l\u00ednea de brazos articulados \u00abgravedad cero\u00bb dise\u00f1ada para reducir el esfuerzo f\u00edsico del operario y aumentar la seguridad en las fases de producci\u00f3n. Adem\u00e1s, la gama incluye los manipuladores ROVER y EAM que, gracias a su base m\u00f3vil, pueden ser f\u00e1cilmente transportados a diferentes \u00e1reas de producci\u00f3n. Con un sistema de agarre modular, pueden adaptarse a diferentes formas, piezas y materiales a manipular.<\/p>\n<p>Gracias a la constante innovaci\u00f3n y dedicaci\u00f3n a la satisfacci\u00f3n del cliente, Volumec\u00ae se distingue por su capacidad de ofrecer productos de alta calidad adecuados para una amplia gama de sectores industriales, como la rob\u00f3tica, la mec\u00e1nica, la automatizaci\u00f3n, la aeroespacial, la automoci\u00f3n y muchos m\u00e1s. Con productos como Sniper, Drilltronic, JoyTap, EasyArm y Rover, Volumec se compromete a superar las expectativas de los clientes y proporcionar soluciones avanzadas y flexibles para las necesidades de producci\u00f3n modernas.[\/vc_column_text]<div class=\"vcex-spacing wpex-w-100 wpex-clear\" style=\"height:50px;\"><\/div>[\/vc_column][\/vc_row][vc_row css_animation=\u00bbfadeIn\u00bb full_width=\u00bbstretch_row\u00bb content_placement=\u00bbmiddle\u00bb parallax=\u00bbcontent-moving\u00bb parallax_image=\u00bb277&#8243; el_class=\u00bbriga_banner ptd30 pbd30 ptm40 pbm40&#8243;][vc_column width=\u00bb1\/2&#8243;]<style>.vcex-image.vcex_69e079543968c .vcex-image-inner{max-width:600px;}<\/style><figure class=\"vcex-image vcex-module vcex_69e079543968c\"><div class=\"vcex-image-inner wpex-relative wpex-inline-block\"><img width=\"1000\" height=\"239\" src=\"https:\/\/volumec.com\/wp-content\/uploads\/2024\/12\/logo-Volumec.png\" class=\"vcex-image-img wpex-align-middle\" alt=\"\" loading=\"lazy\" decoding=\"async\" srcset=\"https:\/\/volumec.com\/wp-content\/uploads\/2024\/12\/logo-Volumec.png 1000w, https:\/\/volumec.com\/wp-content\/uploads\/2024\/12\/logo-Volumec-300x72.png 300w, https:\/\/volumec.com\/wp-content\/uploads\/2024\/12\/logo-Volumec-768x184.png 768w, https:\/\/volumec.com\/wp-content\/uploads\/2024\/12\/logo-Volumec-600x143.png 600w\" sizes=\"auto, (max-width: 1000px) 100vw, 1000px\" \/><\/div><\/figure>[\/vc_column][vc_column width=\u00bb1\/2&#8243; el_class=\u00bbptm40 cm\u00bb][vc_column_text css=\u00bb\u00bb color=\u00bb#ffffff\u00bb font_size=\u00bbd:100px|pl:45px|pp:45px\u00bb line_height=\u00bb110%\u00bb font_weight=\u00bb300&#8243;]Be <strong>innovative<\/strong>[\/vc_column_text][\/vc_column][\/vc_row]\n<\/div>","protected":false},"excerpt":{"rendered":"<p>[vc_row full_width=\u00bbstretch_row\u00bb css=\u00bb.vc_custom_1741126917731{padding-top: 70px !important;padding-bottom: 70px !important;background: #13212E url(http:\/\/volumec.com\/wp-content\/uploads\/2024\/12\/Be-innovative.jpg?id=277) !important;}\u00bb][vc_column][vc_column_text css=\u00bb\u00bb text_align=\u00bbcenter\u00bb color=\u00bb#ffffff\u00bb] EMPRESA [\/vc_column_text][\/vc_column][\/vc_row][vc_row][vc_column][vc_column_text css=\u00bb\u00bb]Volumec\u00ae es una empresa italiana que tiene como objetivo mejorar la productividad de nuestros clientes y facilitar el trabajo de los operarios de producci\u00f3n a trav\u00e9s de su gama de m\u00e1quinas y brazos ergon\u00f3micos. Desde 2003, Volumec ha iniciado un&hellip;<\/p>\n","protected":false},"author":1,"featured_media":0,"parent":0,"menu_order":0,"comment_status":"closed","ping_status":"closed","template":"","meta":{"_acf_changed":false,"inline_featured_image":false,"footnotes":""},"class_list":["post-1071","page","type-page","status-publish","hentry","entry","no-media"],"acf":[],"yoast_head":"<!-- This site is optimized with the Yoast SEO plugin v25.1 - https:\/\/yoast.com\/wordpress\/plugins\/seo\/ -->\n<title>Empresa - Volumec<\/title>\n<meta name=\"robots\" content=\"index, follow, max-snippet:-1, max-image-preview:large, max-video-preview:-1\" \/>\n<link rel=\"canonical\" href=\"https:\/\/volumec.com\/azienda\/\" \/>\n<meta property=\"og:locale\" content=\"es_ES\" \/>\n<meta property=\"og:type\" content=\"article\" \/>\n<meta property=\"og:title\" content=\"Empresa - Volumec\" \/>\n<meta property=\"og:description\" content=\"[vc_row full_width=\u00bbstretch_row\u00bb css=\u00bb.vc_custom_1741126917731{padding-top: 70px !important;padding-bottom: 70px !important;background: #13212E url(http:\/\/volumec.com\/wp-content\/uploads\/2024\/12\/Be-innovative.jpg?id=277) !important;}\u00bb][vc_column][vc_column_text css=\u00bb\u00bb text_align=\u00bbcenter\u00bb color=\u00bb#ffffff\u00bb] EMPRESA [\/vc_column_text][\/vc_column][\/vc_row][vc_row][vc_column][vc_column_text css=\u00bb\u00bb]Volumec\u00ae es una empresa italiana que tiene como objetivo mejorar la productividad de nuestros clientes y facilitar el trabajo de los operarios de producci\u00f3n a trav\u00e9s de su gama de m\u00e1quinas y brazos ergon\u00f3micos. Desde 2003, Volumec ha iniciado un&hellip;\" \/>\n<meta property=\"og:url\" content=\"https:\/\/volumec.com\/azienda\/\" \/>\n<meta property=\"og:site_name\" content=\"Volumec\" \/>\n<meta property=\"article:modified_time\" content=\"2025-03-18T16:28:41+00:00\" \/>\n<meta name=\"twitter:card\" content=\"summary_large_image\" \/>\n<meta name=\"twitter:label1\" content=\"Tiempo de lectura\" \/>\n\t<meta name=\"twitter:data1\" content=\"2 minutos\" \/>\n<script type=\"application\/ld+json\" class=\"yoast-schema-graph\">{\"@context\":\"https:\/\/schema.org\",\"@graph\":[{\"@type\":\"WebPage\",\"@id\":\"https:\/\/volumec.com\/azienda\/\",\"url\":\"https:\/\/volumec.com\/azienda\/\",\"name\":\"Empresa - Volumec\",\"isPartOf\":{\"@id\":\"https:\/\/www.volumec.com\/en\/#website\"},\"datePublished\":\"2024-12-05T09:36:19+00:00\",\"dateModified\":\"2025-03-18T16:28:41+00:00\",\"breadcrumb\":{\"@id\":\"https:\/\/volumec.com\/azienda\/#breadcrumb\"},\"inLanguage\":\"es\",\"potentialAction\":[{\"@type\":\"ReadAction\",\"target\":[\"https:\/\/volumec.com\/azienda\/\"]}]},{\"@type\":\"BreadcrumbList\",\"@id\":\"https:\/\/volumec.com\/azienda\/#breadcrumb\",\"itemListElement\":[{\"@type\":\"ListItem\",\"position\":1,\"name\":\"Home\",\"item\":\"https:\/\/volumec.com\/es\/\"},{\"@type\":\"ListItem\",\"position\":2,\"name\":\"Empresa\"}]},{\"@type\":\"WebSite\",\"@id\":\"https:\/\/www.volumec.com\/en\/#website\",\"url\":\"https:\/\/www.volumec.com\/en\/\",\"name\":\"Volumec.com\",\"description\":\"\",\"publisher\":{\"@id\":\"https:\/\/www.volumec.com\/en\/#organization\"},\"alternateName\":\"be innovative\",\"potentialAction\":[{\"@type\":\"SearchAction\",\"target\":{\"@type\":\"EntryPoint\",\"urlTemplate\":\"https:\/\/www.volumec.com\/en\/?s={search_term_string}\"},\"query-input\":{\"@type\":\"PropertyValueSpecification\",\"valueRequired\":true,\"valueName\":\"search_term_string\"}}],\"inLanguage\":\"es\"},{\"@type\":\"Organization\",\"@id\":\"https:\/\/www.volumec.com\/en\/#organization\",\"name\":\"Volumec\",\"url\":\"https:\/\/www.volumec.com\/en\/\",\"logo\":{\"@type\":\"ImageObject\",\"inLanguage\":\"es\",\"@id\":\"https:\/\/www.volumec.com\/en\/#\/schema\/logo\/image\/\",\"url\":\"https:\/\/volumec.com\/wp-content\/uploads\/2024\/12\/Volumec-logo.png\",\"contentUrl\":\"https:\/\/volumec.com\/wp-content\/uploads\/2024\/12\/Volumec-logo.png\",\"width\":320,\"height\":77,\"caption\":\"Volumec\"},\"image\":{\"@id\":\"https:\/\/www.volumec.com\/en\/#\/schema\/logo\/image\/\"}}]}<\/script>\n<!-- \/ Yoast SEO plugin. -->","yoast_head_json":{"title":"Empresa - Volumec","robots":{"index":"index","follow":"follow","max-snippet":"max-snippet:-1","max-image-preview":"max-image-preview:large","max-video-preview":"max-video-preview:-1"},"canonical":"https:\/\/volumec.com\/azienda\/","og_locale":"es_ES","og_type":"article","og_title":"Empresa - Volumec","og_description":"[vc_row full_width=\u00bbstretch_row\u00bb css=\u00bb.vc_custom_1741126917731{padding-top: 70px !important;padding-bottom: 70px !important;background: #13212E url(http:\/\/volumec.com\/wp-content\/uploads\/2024\/12\/Be-innovative.jpg?id=277) !important;}\u00bb][vc_column][vc_column_text css=\u00bb\u00bb text_align=\u00bbcenter\u00bb color=\u00bb#ffffff\u00bb] EMPRESA [\/vc_column_text][\/vc_column][\/vc_row][vc_row][vc_column][vc_column_text css=\u00bb\u00bb]Volumec\u00ae es una empresa italiana que tiene como objetivo mejorar la productividad de nuestros clientes y facilitar el trabajo de los operarios de producci\u00f3n a trav\u00e9s de su gama de m\u00e1quinas y brazos ergon\u00f3micos. Desde 2003, Volumec ha iniciado un&hellip;","og_url":"https:\/\/volumec.com\/azienda\/","og_site_name":"Volumec","article_modified_time":"2025-03-18T16:28:41+00:00","twitter_card":"summary_large_image","twitter_misc":{"Tiempo de lectura":"2 minutos"},"schema":{"@context":"https:\/\/schema.org","@graph":[{"@type":"WebPage","@id":"https:\/\/volumec.com\/azienda\/","url":"https:\/\/volumec.com\/azienda\/","name":"Empresa - Volumec","isPartOf":{"@id":"https:\/\/www.volumec.com\/en\/#website"},"datePublished":"2024-12-05T09:36:19+00:00","dateModified":"2025-03-18T16:28:41+00:00","breadcrumb":{"@id":"https:\/\/volumec.com\/azienda\/#breadcrumb"},"inLanguage":"es","potentialAction":[{"@type":"ReadAction","target":["https:\/\/volumec.com\/azienda\/"]}]},{"@type":"BreadcrumbList","@id":"https:\/\/volumec.com\/azienda\/#breadcrumb","itemListElement":[{"@type":"ListItem","position":1,"name":"Home","item":"https:\/\/volumec.com\/es\/"},{"@type":"ListItem","position":2,"name":"Empresa"}]},{"@type":"WebSite","@id":"https:\/\/www.volumec.com\/en\/#website","url":"https:\/\/www.volumec.com\/en\/","name":"Volumec.com","description":"","publisher":{"@id":"https:\/\/www.volumec.com\/en\/#organization"},"alternateName":"be innovative","potentialAction":[{"@type":"SearchAction","target":{"@type":"EntryPoint","urlTemplate":"https:\/\/www.volumec.com\/en\/?s={search_term_string}"},"query-input":{"@type":"PropertyValueSpecification","valueRequired":true,"valueName":"search_term_string"}}],"inLanguage":"es"},{"@type":"Organization","@id":"https:\/\/www.volumec.com\/en\/#organization","name":"Volumec","url":"https:\/\/www.volumec.com\/en\/","logo":{"@type":"ImageObject","inLanguage":"es","@id":"https:\/\/www.volumec.com\/en\/#\/schema\/logo\/image\/","url":"https:\/\/volumec.com\/wp-content\/uploads\/2024\/12\/Volumec-logo.png","contentUrl":"https:\/\/volumec.com\/wp-content\/uploads\/2024\/12\/Volumec-logo.png","width":320,"height":77,"caption":"Volumec"},"image":{"@id":"https:\/\/www.volumec.com\/en\/#\/schema\/logo\/image\/"}}]}},"_links":{"self":[{"href":"https:\/\/volumec.com\/es\/wp-json\/wp\/v2\/pages\/1071","targetHints":{"allow":["GET"]}}],"collection":[{"href":"https:\/\/volumec.com\/es\/wp-json\/wp\/v2\/pages"}],"about":[{"href":"https:\/\/volumec.com\/es\/wp-json\/wp\/v2\/types\/page"}],"author":[{"embeddable":true,"href":"https:\/\/volumec.com\/es\/wp-json\/wp\/v2\/users\/1"}],"replies":[{"embeddable":true,"href":"https:\/\/volumec.com\/es\/wp-json\/wp\/v2\/comments?post=1071"}],"version-history":[{"count":4,"href":"https:\/\/volumec.com\/es\/wp-json\/wp\/v2\/pages\/1071\/revisions"}],"predecessor-version":[{"id":3615,"href":"https:\/\/volumec.com\/es\/wp-json\/wp\/v2\/pages\/1071\/revisions\/3615"}],"wp:attachment":[{"href":"https:\/\/volumec.com\/es\/wp-json\/wp\/v2\/media?parent=1071"}],"curies":[{"name":"wp","href":"https:\/\/api.w.org\/{rel}","templated":true}]}}