{"id":512,"date":"2024-12-09T10:52:48","date_gmt":"2024-12-09T09:52:48","guid":{"rendered":"http:\/\/volumec.com\/?page_id=512"},"modified":"2025-10-15T11:47:38","modified_gmt":"2025-10-15T09:47:38","slug":"robotereinheit","status":"publish","type":"page","link":"https:\/\/volumec.com\/de\/robotereinheit\/","title":{"rendered":"Robotereinheit"},"content":{"rendered":"<div class=\"wpb-content-wrapper\">[vc_row el_class=&#8220;ptd100 pbd100 ptm50 pbm50&#8243;][vc_column][vc_column_text css=&#8220;&#8220;]Die von Volumec produzierten Roboter-Einheiten sind eine ideale L\u00f6sung zur Optimierung der Bohr-, Gewinde- und Schraubprozesse und schaffen automatisierte Arbeitsstationen, die erhebliche Zeit- und Arbeitskosteneinsparungen gew\u00e4hrleisten.[\/vc_column_text][\/vc_column][\/vc_row][vc_row full_width=&#8220;stretch_row&#8220; gap=&#8220;30&#8243; equal_height=&#8220;yes&#8220; columns_right=&#8220;yes&#8220; el_class=&#8220;prodotti_riga_prodotto ptd130 pbd130 ptm60 pbm60&#8243; css=&#8220;.vc_custom_1733471381571{background-color: #F1F1F1 !important;}&#8220;][vc_column css_animation=&#8220;fadeInRight&#8220; width=&#8220;1\/2&#8243;][vc_column_text css=&#8220;&#8220; el_class=&#8220;mtd20 mtm20 brm&#8220;]\n<h3><strong>Roboter-Einheiten SERIE U und UJ<\/strong><\/h3>\n[\/vc_column_text][vc_column_text css=&#8220;&#8220; el_class=&#8220;mtd20 mtm20&#8243; font_weight=&#8220;normal&#8220;]Jede Einheit der Serie U und UJ ist mit einem modernen 750-Watt-B\u00fcrstenlosen Motor ausgestattet, der \u00fcber ein separates Steuergeh\u00e4use und eine Verbindung zur Steuerung \u00fcber externe Ger\u00e4te (PLC) verf\u00fcgt. Der Schnellwechsel-Spindel erm\u00f6glicht einen automatischen Werkzeugwechsel.<\/p>\n<p>Dar\u00fcber hinaus erm\u00f6glicht das VASTC-Steuerungssystem die Programmierung verschiedener Bearbeitungsparameter wie Geschwindigkeit, Drehung, maximales Drehmoment und Tiefe.[\/vc_column_text]<style>.vcex-button.vcex_69e07922d47cf{border-radius:0px;color:#000000!important;padding:20px;border:2px solid #0b8df1;font-family:Manrope;font-size:16px;font-weight:700;}.vcex-button.vcex_69e07922d47cf:hover{color:#000000!important;}<\/style><div class=\"theme-button-wrap textcenter wpex-clr\"><a href=\"http:\/\/volumec.com\/de\/robotereinheit\/robotereinheiten-serie-u-und-uj\/\" class=\"vcex-button theme-button outline align-center inline bottone1 mtd30 mtm30 vcex_69e07922d47cf\"><span class=\"vcex-button-inner theme-button-inner wpex-flex wpex-flex-wrap wpex-items-center wpex-justify-center\">MEHR ENTDECKEN<span class=\"vcex-button-icon vcex-icon-wrap theme-button-icon-right\"><span aria-hidden=\"true\" class=\"fas fa-arrow-right\"><\/span><\/span><\/span><\/a><\/div> [\/vc_column][vc_column css_animation=&#8220;fadeInLeft&#8220; width=&#8220;1\/2&#8243;]<figure class=\"vcex-image vcex-module wpex-text-center\"><div class=\"vcex-image-inner wpex-relative wpex-inline-block\"><img width=\"768\" height=\"595\" src=\"https:\/\/volumec.com\/wp-content\/uploads\/2025\/10\/Robotreinheit-Roboter-Einheiten-Serie-U-Und-Uj.jpg\" class=\"vcex-image-img wpex-align-middle\" alt=\"\" loading=\"lazy\" decoding=\"async\" srcset=\"https:\/\/volumec.com\/wp-content\/uploads\/2025\/10\/Robotreinheit-Roboter-Einheiten-Serie-U-Und-Uj.jpg 768w, https:\/\/volumec.com\/wp-content\/uploads\/2025\/10\/Robotreinheit-Roboter-Einheiten-Serie-U-Und-Uj-300x232.jpg 300w, https:\/\/volumec.com\/wp-content\/uploads\/2025\/10\/Robotreinheit-Roboter-Einheiten-Serie-U-Und-Uj-600x465.jpg 600w\" sizes=\"auto, (max-width: 768px) 100vw, 768px\" \/><\/div><\/figure>[\/vc_column][\/vc_row][vc_row css_animation=&#8220;fadeIn&#8220; full_width=&#8220;stretch_row&#8220; content_placement=&#8220;middle&#8220; parallax=&#8220;content-moving&#8220; parallax_image=&#8220;277&#8243; el_class=&#8220;riga_banner ptd30 pbd30 ptm40 pbm40&#8243;][vc_column width=&#8220;1\/2&#8243;]<style>.vcex-image.vcex_69e07922da362 .vcex-image-inner{max-width:600px;}<\/style><figure class=\"vcex-image vcex-module vcex_69e07922da362\"><div class=\"vcex-image-inner wpex-relative wpex-inline-block\"><img width=\"1000\" height=\"239\" src=\"https:\/\/volumec.com\/wp-content\/uploads\/2024\/12\/logo-Volumec.png\" class=\"vcex-image-img wpex-align-middle\" alt=\"\" loading=\"lazy\" decoding=\"async\" srcset=\"https:\/\/volumec.com\/wp-content\/uploads\/2024\/12\/logo-Volumec.png 1000w, https:\/\/volumec.com\/wp-content\/uploads\/2024\/12\/logo-Volumec-300x72.png 300w, https:\/\/volumec.com\/wp-content\/uploads\/2024\/12\/logo-Volumec-768x184.png 768w, https:\/\/volumec.com\/wp-content\/uploads\/2024\/12\/logo-Volumec-600x143.png 600w\" sizes=\"auto, (max-width: 1000px) 100vw, 1000px\" \/><\/div><\/figure>[\/vc_column][vc_column width=&#8220;1\/2&#8243; el_class=&#8220;ptm40 cm&#8220;][vc_column_text css=&#8220;&#8220; color=&#8220;#ffffff&#8220; font_size=&#8220;d:100px|pl:45px|pp:45px&#8220; line_height=&#8220;110%&#8220; font_weight=&#8220;300&#8243;]Be <strong>innovative<\/strong>[\/vc_column_text][\/vc_column][\/vc_row]\n<\/div>","protected":false},"excerpt":{"rendered":"<p>[vc_row el_class=&#8220;ptd100 pbd100 ptm50 pbm50&#8243;][vc_column][vc_column_text css=&#8220;&#8220;]Die von Volumec produzierten Roboter-Einheiten sind eine ideale L\u00f6sung zur Optimierung der Bohr-, Gewinde- und Schraubprozesse und schaffen automatisierte Arbeitsstationen, die erhebliche Zeit- und Arbeitskosteneinsparungen gew\u00e4hrleisten.[\/vc_column_text][\/vc_column][\/vc_row][vc_row full_width=&#8220;stretch_row&#8220; gap=&#8220;30&#8243; equal_height=&#8220;yes&#8220; columns_right=&#8220;yes&#8220; el_class=&#8220;prodotti_riga_prodotto ptd130 pbd130 ptm60 pbm60&#8243; css=&#8220;.vc_custom_1733471381571{background-color: #F1F1F1 !important;}&#8220;][vc_column css_animation=&#8220;fadeInRight&#8220; width=&#8220;1\/2&#8243;][vc_column_text css=&#8220;&#8220; el_class=&#8220;mtd20 mtm20 brm&#8220;] Roboter-Einheiten SERIE U und UJ [\/vc_column_text][vc_column_text&hellip;<\/p>\n","protected":false},"author":1,"featured_media":0,"parent":0,"menu_order":0,"comment_status":"closed","ping_status":"closed","template":"","meta":{"_acf_changed":false,"inline_featured_image":false,"footnotes":""},"class_list":["post-512","page","type-page","status-publish","hentry","entry","no-media"],"acf":[],"yoast_head":"<!-- This site is optimized with the Yoast SEO plugin v25.1 - https:\/\/yoast.com\/wordpress\/plugins\/seo\/ -->\n<title>Roboter-Einheiten - Volumec<\/title>\n<meta name=\"description\" content=\"Die von Volumec hergestellten Roboter-Einheiten stellen eine ideale L\u00f6sung zur Optimierung von Bohr-, Gewindeschneid- und Schraubprozessen dar.\" \/>\n<meta name=\"robots\" content=\"index, follow, max-snippet:-1, max-image-preview:large, max-video-preview:-1\" \/>\n<link rel=\"canonical\" href=\"https:\/\/volumec.com\/de\/robotereinheit\/\" \/>\n<meta property=\"og:locale\" content=\"de_DE\" \/>\n<meta property=\"og:type\" content=\"article\" \/>\n<meta property=\"og:title\" content=\"Roboter-Einheiten - Volumec\" \/>\n<meta property=\"og:description\" content=\"Die von Volumec hergestellten Roboter-Einheiten stellen eine ideale L\u00f6sung zur Optimierung von Bohr-, Gewindeschneid- und Schraubprozessen dar.\" \/>\n<meta property=\"og:url\" content=\"https:\/\/volumec.com\/de\/robotereinheit\/\" \/>\n<meta property=\"og:site_name\" content=\"Volumec\" \/>\n<meta property=\"article:modified_time\" content=\"2025-10-15T09:47:38+00:00\" \/>\n<meta name=\"twitter:card\" content=\"summary_large_image\" \/>\n<meta name=\"twitter:label1\" content=\"Gesch\u00e4tzte Lesezeit\" \/>\n\t<meta name=\"twitter:data1\" content=\"2\u00a0Minuten\" \/>\n<script type=\"application\/ld+json\" class=\"yoast-schema-graph\">{\"@context\":\"https:\/\/schema.org\",\"@graph\":[{\"@type\":\"WebPage\",\"@id\":\"https:\/\/volumec.com\/de\/robotereinheit\/\",\"url\":\"https:\/\/volumec.com\/de\/robotereinheit\/\",\"name\":\"Roboter-Einheiten - Volumec\",\"isPartOf\":{\"@id\":\"https:\/\/www.volumec.com\/en\/#website\"},\"datePublished\":\"2024-12-09T09:52:48+00:00\",\"dateModified\":\"2025-10-15T09:47:38+00:00\",\"description\":\"Die von Volumec hergestellten Roboter-Einheiten stellen eine ideale L\u00f6sung zur Optimierung von Bohr-, Gewindeschneid- und Schraubprozessen dar.\",\"breadcrumb\":{\"@id\":\"https:\/\/volumec.com\/de\/robotereinheit\/#breadcrumb\"},\"inLanguage\":\"de\",\"potentialAction\":[{\"@type\":\"ReadAction\",\"target\":[\"https:\/\/volumec.com\/de\/robotereinheit\/\"]}]},{\"@type\":\"BreadcrumbList\",\"@id\":\"https:\/\/volumec.com\/de\/robotereinheit\/#breadcrumb\",\"itemListElement\":[{\"@type\":\"ListItem\",\"position\":1,\"name\":\"Home\",\"item\":\"https:\/\/volumec.com\/de\/\"},{\"@type\":\"ListItem\",\"position\":2,\"name\":\"Robotereinheit\"}]},{\"@type\":\"WebSite\",\"@id\":\"https:\/\/www.volumec.com\/en\/#website\",\"url\":\"https:\/\/www.volumec.com\/en\/\",\"name\":\"Volumec.com\",\"description\":\"\",\"publisher\":{\"@id\":\"https:\/\/www.volumec.com\/en\/#organization\"},\"alternateName\":\"be innovative\",\"potentialAction\":[{\"@type\":\"SearchAction\",\"target\":{\"@type\":\"EntryPoint\",\"urlTemplate\":\"https:\/\/www.volumec.com\/en\/?s={search_term_string}\"},\"query-input\":{\"@type\":\"PropertyValueSpecification\",\"valueRequired\":true,\"valueName\":\"search_term_string\"}}],\"inLanguage\":\"de\"},{\"@type\":\"Organization\",\"@id\":\"https:\/\/www.volumec.com\/en\/#organization\",\"name\":\"Volumec\",\"url\":\"https:\/\/www.volumec.com\/en\/\",\"logo\":{\"@type\":\"ImageObject\",\"inLanguage\":\"de\",\"@id\":\"https:\/\/www.volumec.com\/en\/#\/schema\/logo\/image\/\",\"url\":\"https:\/\/volumec.com\/wp-content\/uploads\/2024\/12\/Volumec-logo.png\",\"contentUrl\":\"https:\/\/volumec.com\/wp-content\/uploads\/2024\/12\/Volumec-logo.png\",\"width\":320,\"height\":77,\"caption\":\"Volumec\"},\"image\":{\"@id\":\"https:\/\/www.volumec.com\/en\/#\/schema\/logo\/image\/\"}}]}<\/script>\n<!-- \/ Yoast SEO plugin. -->","yoast_head_json":{"title":"Roboter-Einheiten - Volumec","description":"Die von Volumec hergestellten Roboter-Einheiten stellen eine ideale L\u00f6sung zur Optimierung von Bohr-, Gewindeschneid- und Schraubprozessen dar.","robots":{"index":"index","follow":"follow","max-snippet":"max-snippet:-1","max-image-preview":"max-image-preview:large","max-video-preview":"max-video-preview:-1"},"canonical":"https:\/\/volumec.com\/de\/robotereinheit\/","og_locale":"de_DE","og_type":"article","og_title":"Roboter-Einheiten - Volumec","og_description":"Die von Volumec hergestellten Roboter-Einheiten stellen eine ideale L\u00f6sung zur Optimierung von Bohr-, Gewindeschneid- und Schraubprozessen dar.","og_url":"https:\/\/volumec.com\/de\/robotereinheit\/","og_site_name":"Volumec","article_modified_time":"2025-10-15T09:47:38+00:00","twitter_card":"summary_large_image","twitter_misc":{"Gesch\u00e4tzte Lesezeit":"2\u00a0Minuten"},"schema":{"@context":"https:\/\/schema.org","@graph":[{"@type":"WebPage","@id":"https:\/\/volumec.com\/de\/robotereinheit\/","url":"https:\/\/volumec.com\/de\/robotereinheit\/","name":"Roboter-Einheiten - Volumec","isPartOf":{"@id":"https:\/\/www.volumec.com\/en\/#website"},"datePublished":"2024-12-09T09:52:48+00:00","dateModified":"2025-10-15T09:47:38+00:00","description":"Die von Volumec hergestellten Roboter-Einheiten stellen eine ideale L\u00f6sung zur Optimierung von Bohr-, Gewindeschneid- und Schraubprozessen dar.","breadcrumb":{"@id":"https:\/\/volumec.com\/de\/robotereinheit\/#breadcrumb"},"inLanguage":"de","potentialAction":[{"@type":"ReadAction","target":["https:\/\/volumec.com\/de\/robotereinheit\/"]}]},{"@type":"BreadcrumbList","@id":"https:\/\/volumec.com\/de\/robotereinheit\/#breadcrumb","itemListElement":[{"@type":"ListItem","position":1,"name":"Home","item":"https:\/\/volumec.com\/de\/"},{"@type":"ListItem","position":2,"name":"Robotereinheit"}]},{"@type":"WebSite","@id":"https:\/\/www.volumec.com\/en\/#website","url":"https:\/\/www.volumec.com\/en\/","name":"Volumec.com","description":"","publisher":{"@id":"https:\/\/www.volumec.com\/en\/#organization"},"alternateName":"be innovative","potentialAction":[{"@type":"SearchAction","target":{"@type":"EntryPoint","urlTemplate":"https:\/\/www.volumec.com\/en\/?s={search_term_string}"},"query-input":{"@type":"PropertyValueSpecification","valueRequired":true,"valueName":"search_term_string"}}],"inLanguage":"de"},{"@type":"Organization","@id":"https:\/\/www.volumec.com\/en\/#organization","name":"Volumec","url":"https:\/\/www.volumec.com\/en\/","logo":{"@type":"ImageObject","inLanguage":"de","@id":"https:\/\/www.volumec.com\/en\/#\/schema\/logo\/image\/","url":"https:\/\/volumec.com\/wp-content\/uploads\/2024\/12\/Volumec-logo.png","contentUrl":"https:\/\/volumec.com\/wp-content\/uploads\/2024\/12\/Volumec-logo.png","width":320,"height":77,"caption":"Volumec"},"image":{"@id":"https:\/\/www.volumec.com\/en\/#\/schema\/logo\/image\/"}}]}},"_links":{"self":[{"href":"https:\/\/volumec.com\/de\/wp-json\/wp\/v2\/pages\/512","targetHints":{"allow":["GET"]}}],"collection":[{"href":"https:\/\/volumec.com\/de\/wp-json\/wp\/v2\/pages"}],"about":[{"href":"https:\/\/volumec.com\/de\/wp-json\/wp\/v2\/types\/page"}],"author":[{"embeddable":true,"href":"https:\/\/volumec.com\/de\/wp-json\/wp\/v2\/users\/1"}],"replies":[{"embeddable":true,"href":"https:\/\/volumec.com\/de\/wp-json\/wp\/v2\/comments?post=512"}],"version-history":[{"count":7,"href":"https:\/\/volumec.com\/de\/wp-json\/wp\/v2\/pages\/512\/revisions"}],"predecessor-version":[{"id":8133,"href":"https:\/\/volumec.com\/de\/wp-json\/wp\/v2\/pages\/512\/revisions\/8133"}],"wp:attachment":[{"href":"https:\/\/volumec.com\/de\/wp-json\/wp\/v2\/media?parent=512"}],"curies":[{"name":"wp","href":"https:\/\/api.w.org\/{rel}","templated":true}]}}