{"id":504,"date":"2024-12-09T10:52:13","date_gmt":"2024-12-09T09:52:13","guid":{"rendered":"http:\/\/volumec.com\/?page_id=504"},"modified":"2025-10-15T11:18:41","modified_gmt":"2025-10-15T09:18:41","slug":"pneumatische-gewindeschneidmaschinen","status":"publish","type":"page","link":"https:\/\/volumec.com\/de\/pneumatische-gewindeschneidmaschinen\/","title":{"rendered":"Pneumatische Gewindeschneidmaschinen"},"content":{"rendered":"<div class=\"wpb-content-wrapper\">[vc_row el_class=&#8220;ptd100 pbd100 ptm50 pbm50&#8243;][vc_column][vc_column_text css=&#8220;&#8220;]<strong>Bei pneumatischen Gewindeschneidmaschinen <\/strong>handelt es sich um Werkzeuge, die mit einem pneumatischen System arbeiten, das Druckluft nutzt und f\u00fcr die Durchf\u00fchrung von Gewindeschneidvorg\u00e4ngen, d. h. f\u00fcr die Herstellung von Gewinden in industriellen und handwerklichen Bereichen, konzipiert ist.<\/p>\n<p>Unsere <strong>pneumatischen Gewindeschneidmaschinen <\/strong>zeichnen sich durch eine Struktur mit einem ausgewogenen Gelenkarm aus Aluminium mit einem standardm\u00e4\u00dfig verstellbaren Kopf aus, der das Gewindeschneiden in jedem Winkel erm\u00f6glicht.[\/vc_column_text][\/vc_column][\/vc_row][vc_row full_width=&#8220;stretch_row&#8220; el_class=&#8220;prodotto_riga_configuratore ptd70 pbd90 ptm50 pbm60&#8243; css=&#8220;.vc_custom_1733737463239{background-image: url(http:\/\/volumec.com\/wp-content\/uploads\/2024\/12\/configuratore-bg.jpg?id=401) !important;}&#8220;][vc_column][vc_column_text css_animation=&#8220;fadeInUp&#8220; css=&#8220;&#8220; text_align=&#8220;center&#8220; font_weight=&#8220;700&#8243; color=&#8220;#ffffff&#8220;]\n<h2>Sie wissen nicht, welches Produkt Sie w\u00e4hlen sollen?<br \/>\nNutzen Sie unseren Konfigurator<\/h2>\n[\/vc_column_text]<style>.vcex-button.vcex_69e34bb33f485{border-radius:0px;color:#ffffff!important;padding:20px;border:2px solid #0b8df1;font-family:Manrope;font-size:16px;font-weight:700;}.vcex-button.vcex_69e34bb33f485:hover{color:#ffffff!important;}<\/style><div class=\"theme-button-wrap textcenter wpex-clr\"><a href=\"http:\/\/volumec.com\/de\/gewindeschneidmaschinen-konfigurator\/\" class=\"vcex-button theme-button outline align-center inline bottone1 mtd45 mtm30 vcex_69e34bb33f485\"><span class=\"vcex-button-inner theme-button-inner wpex-flex wpex-flex-wrap wpex-items-center wpex-justify-center\">ZUGRIFF AUF UNSEREN KONFIGURATOR<span class=\"vcex-button-icon vcex-icon-wrap theme-button-icon-right\"><span aria-hidden=\"true\" class=\"fas fa-arrow-right\"><\/span><\/span><\/span><\/a><\/div> [\/vc_column][\/vc_row][vc_row el_class=&#8220;ptd100 pbd100 ptm50 pbm50&#8243;][vc_column][vc_column_text css=&#8220;&#8220;]\n<h2><strong>Pneumatische Gewindeschneider von Volumec.<\/strong><\/h2>\n<p>Im Laufe der Jahre hat Volumec zwei Typen von pneumatischen Gewindeschneidern entwickelt (Mod. ET und Mod. VT\/VTS), die Pr\u00e4zision und Leichtigkeit in jeder Bearbeitung garantieren, mit einem Arbeitsradius von bis zu 1900 mm und einer maximalen Gewindef\u00e4higkeit von M30.[\/vc_column_text][\/vc_column][\/vc_row][vc_row full_width=&#8220;stretch_row&#8220; gap=&#8220;30&#8243; equal_height=&#8220;yes&#8220; columns_right=&#8220;yes&#8220; el_class=&#8220;prodotti_riga_prodotto ptd130 pbd130 ptm60 pbm60&#8243; css=&#8220;.vc_custom_1733471381571{background-color: #F1F1F1 !important;}&#8220;][vc_column css_animation=&#8220;fadeInRight&#8220; width=&#8220;1\/2&#8243;][vc_column_text css=&#8220;&#8220; el_class=&#8220;mtd20 mtm20 brm&#8220;]\n<h3>ET<\/h3>\n[\/vc_column_text][vc_column_text css=&#8220;.vc_custom_1734600535451{margin-top: 10px !important;}&#8220; font_weight=&#8220;700&#8243; font_size=&#8220;28px&#8220; line_height=&#8220;120%&#8220;]<strong>Reichweite max 1280 mm Bis M16<\/strong>[\/vc_column_text][vc_column_text css=&#8220;&#8220; el_class=&#8220;mtd20 mtm20&#8243;]Technische Merkmale:<\/p>\n<ul>\n<li>Ausgewogenes Doppelgelenkarmsystem komplett aus Spezialaluminium, das eine schnelle und pr\u00e4zise Ausrichtung an den L\u00f6chern garantiert, maximaler Radius 1280 mm.<\/li>\n<li>Bei allen Maschinen serienm\u00e4\u00dfig mit multidirektionalem Kopf ausgestattet, der das Gewindeschneiden in jeder Position bis M16 erm\u00f6glicht<\/li>\n<li>Positionierungs-magnet zur schnellen Spindelausrichtung.<\/li>\n<li>Ausgleich und fl\u00fcssige Bewegungen werden durch verstellbare Gasfedern und kugelgelagerte Gelenke gew\u00e4hrleistet<\/li>\n<li>Pneumatischer Motor, der keine zus\u00e4tzlichen Geschwindigkeitsmodule ben\u00f6tigt<\/li>\n<li>Dank der einstellbaren Kupplungen ist das Einf\u00e4deln von Sack- und Durchgangsl\u00f6chern m\u00f6glich<\/li>\n<li>Filtergruppe mit Druckregler und \u00d6ler<\/li>\n<\/ul>\n[\/vc_column_text]<style>.vcex-button.vcex_69e34bb3422b3{border-radius:0px;color:#000000!important;padding:20px;border:2px solid #0b8df1;font-family:Manrope;font-size:16px;font-weight:700;}.vcex-button.vcex_69e34bb3422b3:hover{color:#000000!important;}<\/style><div class=\"theme-button-wrap textcenter wpex-clr\"><a href=\"http:\/\/volumec.com\/de\/pneumatische-gewindeschneidmaschinen\/et\/\" class=\"vcex-button theme-button outline align-center inline bottone1 mtd30 mtm30 vcex_69e34bb3422b3\"><span class=\"vcex-button-inner theme-button-inner wpex-flex wpex-flex-wrap wpex-items-center wpex-justify-center\">MEHR ENTDECKEN<span class=\"vcex-button-icon vcex-icon-wrap theme-button-icon-right\"><span aria-hidden=\"true\" class=\"fas fa-arrow-right\"><\/span><\/span><\/span><\/a><\/div> [\/vc_column][vc_column css_animation=&#8220;fadeInLeft&#8220; width=&#8220;1\/2&#8243;]<figure class=\"vcex-image vcex-module wpex-text-center\"><div class=\"vcex-image-inner wpex-relative wpex-inline-block\"><img width=\"768\" height=\"595\" src=\"https:\/\/volumec.com\/wp-content\/uploads\/2025\/10\/Pneumatischen-Gewindeschneidmaschinen-Et.jpg\" class=\"vcex-image-img wpex-align-middle\" alt=\"\" loading=\"lazy\" decoding=\"async\" srcset=\"https:\/\/volumec.com\/wp-content\/uploads\/2025\/10\/Pneumatischen-Gewindeschneidmaschinen-Et.jpg 768w, https:\/\/volumec.com\/wp-content\/uploads\/2025\/10\/Pneumatischen-Gewindeschneidmaschinen-Et-300x232.jpg 300w, https:\/\/volumec.com\/wp-content\/uploads\/2025\/10\/Pneumatischen-Gewindeschneidmaschinen-Et-600x465.jpg 600w\" sizes=\"auto, (max-width: 768px) 100vw, 768px\" \/><\/div><\/figure>[\/vc_column][\/vc_row][vc_row full_width=&#8220;stretch_row&#8220; gap=&#8220;30&#8243; equal_height=&#8220;yes&#8220; el_class=&#8220;prodotti_riga_prodotto ptd130 pbd130 ptm60 pbm60&#8243;][vc_column css_animation=&#8220;fadeInLeft&#8220; width=&#8220;1\/2&#8243;][vc_column_text css=&#8220;&#8220; el_class=&#8220;mtd20 mtm20 brm&#8220;]\n<h3><strong>VT\/VTS <\/strong><\/h3>\n[\/vc_column_text][vc_column_text css=&#8220;.vc_custom_1734600616406{margin-top: 10px !important;}&#8220; font_weight=&#8220;700&#8243; font_size=&#8220;28px&#8220; line_height=&#8220;120%&#8220;]<strong>Reichweite max 1900 mm Bis M30<\/strong>[\/vc_column_text][vc_column_text css=&#8220;&#8220; el_class=&#8220;mtd20 mtm20&#8243;]Technische Merkmale:<\/p>\n<ul>\n<li>Dreifach ausbalanciertes Gelenkarmsystem, vollst\u00e4ndig aus Spezialaluminium, das eine schnelle und pr\u00e4zise Ausrichtung an den L\u00f6chern garantiert, maximaler Radius 1900 mm.<\/li>\n<li>Bei allen Maschinen serienm\u00e4\u00dfig mit multidirektionalem Kopf ausgestattet, der das Gewindeschneiden in jeder Position bis M30 erm\u00f6glicht<\/li>\n<li>Positionierungsmagnet zur schnellen Spindelausrichtung.<\/li>\n<li>Ausgleich und fl\u00fcssige Bewegungen werden durch verstellbare Gasfedern und kugelgelagerte Gelenke gew\u00e4hrleistet<\/li>\n<li>Pneumatischer Motor, der keine zus\u00e4tzlichen Geschwindigkeitsmodule ben\u00f6tigt<\/li>\n<li>Dank der einstellbaren Kupplungen ist das Einf\u00e4deln von Sack- und Durchgangsl\u00f6chern m\u00f6glich<\/li>\n<li>Filtergruppe mit Druckregler und \u00d6ler<\/li>\n<\/ul>\n[\/vc_column_text]<style>.vcex-button.vcex_69e34bb3481d6{border-radius:0px;color:#000000!important;padding:20px;border:2px solid #0b8df1;font-family:Manrope;font-size:16px;font-weight:700;}.vcex-button.vcex_69e34bb3481d6:hover{color:#000000!important;}<\/style><div class=\"theme-button-wrap textcenter wpex-clr\"><a href=\"http:\/\/volumec.com\/de\/pneumatische-gewindeschneidmaschinen\/vt-vts\/\" class=\"vcex-button theme-button outline align-center inline bottone1 mtd30 mtm30 vcex_69e34bb3481d6\"><span class=\"vcex-button-inner theme-button-inner wpex-flex wpex-flex-wrap wpex-items-center wpex-justify-center\">MEHR ENTDECKEN<span class=\"vcex-button-icon vcex-icon-wrap theme-button-icon-right\"><span aria-hidden=\"true\" class=\"fas fa-arrow-right\"><\/span><\/span><\/span><\/a><\/div> [\/vc_column][vc_column css_animation=&#8220;fadeInRight&#8220; width=&#8220;1\/2&#8243;]<figure class=\"vcex-image vcex-module wpex-text-center\"><div class=\"vcex-image-inner wpex-relative wpex-inline-block\"><img width=\"768\" height=\"595\" src=\"https:\/\/volumec.com\/wp-content\/uploads\/2025\/10\/Pneumatischen-Gewindeschneidmaschinen-Vt-Vts.jpg\" class=\"vcex-image-img wpex-align-middle\" alt=\"\" loading=\"lazy\" decoding=\"async\" srcset=\"https:\/\/volumec.com\/wp-content\/uploads\/2025\/10\/Pneumatischen-Gewindeschneidmaschinen-Vt-Vts.jpg 768w, https:\/\/volumec.com\/wp-content\/uploads\/2025\/10\/Pneumatischen-Gewindeschneidmaschinen-Vt-Vts-300x232.jpg 300w, https:\/\/volumec.com\/wp-content\/uploads\/2025\/10\/Pneumatischen-Gewindeschneidmaschinen-Vt-Vts-600x465.jpg 600w\" sizes=\"auto, (max-width: 768px) 100vw, 768px\" \/><\/div><\/figure>[\/vc_column][\/vc_row][vc_row css_animation=&#8220;fadeIn&#8220; full_width=&#8220;stretch_row&#8220; content_placement=&#8220;middle&#8220; parallax=&#8220;content-moving&#8220; parallax_image=&#8220;277&#8243; el_class=&#8220;riga_banner ptd30 pbd30 ptm40 pbm40&#8243;][vc_column width=&#8220;1\/2&#8243;]<style>.vcex-image.vcex_69e34bb34b507 .vcex-image-inner{max-width:600px;}<\/style><figure class=\"vcex-image vcex-module vcex_69e34bb34b507\"><div class=\"vcex-image-inner wpex-relative wpex-inline-block\"><img width=\"1000\" height=\"239\" src=\"https:\/\/volumec.com\/wp-content\/uploads\/2024\/12\/logo-Volumec.png\" class=\"vcex-image-img wpex-align-middle\" alt=\"\" loading=\"lazy\" decoding=\"async\" srcset=\"https:\/\/volumec.com\/wp-content\/uploads\/2024\/12\/logo-Volumec.png 1000w, https:\/\/volumec.com\/wp-content\/uploads\/2024\/12\/logo-Volumec-300x72.png 300w, https:\/\/volumec.com\/wp-content\/uploads\/2024\/12\/logo-Volumec-768x184.png 768w, https:\/\/volumec.com\/wp-content\/uploads\/2024\/12\/logo-Volumec-600x143.png 600w\" sizes=\"auto, (max-width: 1000px) 100vw, 1000px\" \/><\/div><\/figure>[\/vc_column][vc_column width=&#8220;1\/2&#8243; el_class=&#8220;ptm40 cm&#8220;][vc_column_text css=&#8220;&#8220; color=&#8220;#ffffff&#8220; font_size=&#8220;d:100px|pl:45px|pp:45px&#8220; line_height=&#8220;110%&#8220; font_weight=&#8220;300&#8243;]Be <strong>innovative<\/strong>[\/vc_column_text][\/vc_column][\/vc_row]\n<\/div>","protected":false},"excerpt":{"rendered":"<p>[vc_row el_class=&#8220;ptd100 pbd100 ptm50 pbm50&#8243;][vc_column][vc_column_text css=&#8220;&#8220;]Bei pneumatischen Gewindeschneidmaschinen handelt es sich um Werkzeuge, die mit einem pneumatischen System arbeiten, das Druckluft nutzt und f\u00fcr die Durchf\u00fchrung von Gewindeschneidvorg\u00e4ngen, d. h. f\u00fcr die Herstellung von Gewinden in industriellen und handwerklichen Bereichen, konzipiert ist. Unsere pneumatischen Gewindeschneidmaschinen zeichnen sich durch eine Struktur mit einem ausgewogenen Gelenkarm aus&hellip;<\/p>\n","protected":false},"author":1,"featured_media":0,"parent":0,"menu_order":0,"comment_status":"closed","ping_status":"closed","template":"","meta":{"_acf_changed":false,"inline_featured_image":false,"footnotes":""},"class_list":["post-504","page","type-page","status-publish","hentry","entry","no-media"],"acf":[],"yoast_head":"<!-- This site is optimized with the Yoast SEO plugin v25.1 - https:\/\/yoast.com\/wordpress\/plugins\/seo\/ -->\n<title>Pneumatische Gewindeschneidmaschinen - Volumec<\/title>\n<meta name=\"description\" content=\"Pneumatische Gewindeschneidmaschinen (ET und VT\/VTS) bieten Pr\u00e4zision und Leichtigkeit. Arbeitsradius bis zu 1900 mm und Gewindeschneiden bis M30.\" \/>\n<meta name=\"robots\" content=\"index, follow, max-snippet:-1, max-image-preview:large, max-video-preview:-1\" \/>\n<link rel=\"canonical\" href=\"https:\/\/volumec.com\/de\/pneumatische-gewindeschneidmaschinen\/\" \/>\n<meta property=\"og:locale\" content=\"de_DE\" \/>\n<meta property=\"og:type\" content=\"article\" \/>\n<meta property=\"og:title\" content=\"Pneumatische Gewindeschneidmaschinen - Volumec\" \/>\n<meta property=\"og:description\" content=\"Pneumatische Gewindeschneidmaschinen (ET und VT\/VTS) bieten Pr\u00e4zision und Leichtigkeit. Arbeitsradius bis zu 1900 mm und Gewindeschneiden bis M30.\" \/>\n<meta property=\"og:url\" content=\"https:\/\/volumec.com\/de\/pneumatische-gewindeschneidmaschinen\/\" \/>\n<meta property=\"og:site_name\" content=\"Volumec\" \/>\n<meta property=\"article:modified_time\" content=\"2025-10-15T09:18:41+00:00\" \/>\n<meta name=\"twitter:card\" content=\"summary_large_image\" \/>\n<meta name=\"twitter:label1\" content=\"Gesch\u00e4tzte Lesezeit\" \/>\n\t<meta name=\"twitter:data1\" content=\"4\u00a0Minuten\" \/>\n<script type=\"application\/ld+json\" class=\"yoast-schema-graph\">{\"@context\":\"https:\/\/schema.org\",\"@graph\":[{\"@type\":\"WebPage\",\"@id\":\"https:\/\/volumec.com\/de\/pneumatische-gewindeschneidmaschinen\/\",\"url\":\"https:\/\/volumec.com\/de\/pneumatische-gewindeschneidmaschinen\/\",\"name\":\"Pneumatische Gewindeschneidmaschinen - Volumec\",\"isPartOf\":{\"@id\":\"https:\/\/www.volumec.com\/en\/#website\"},\"datePublished\":\"2024-12-09T09:52:13+00:00\",\"dateModified\":\"2025-10-15T09:18:41+00:00\",\"description\":\"Pneumatische Gewindeschneidmaschinen (ET und VT\/VTS) bieten Pr\u00e4zision und Leichtigkeit. Arbeitsradius bis zu 1900 mm und Gewindeschneiden bis M30.\",\"breadcrumb\":{\"@id\":\"https:\/\/volumec.com\/de\/pneumatische-gewindeschneidmaschinen\/#breadcrumb\"},\"inLanguage\":\"de\",\"potentialAction\":[{\"@type\":\"ReadAction\",\"target\":[\"https:\/\/volumec.com\/de\/pneumatische-gewindeschneidmaschinen\/\"]}]},{\"@type\":\"BreadcrumbList\",\"@id\":\"https:\/\/volumec.com\/de\/pneumatische-gewindeschneidmaschinen\/#breadcrumb\",\"itemListElement\":[{\"@type\":\"ListItem\",\"position\":1,\"name\":\"Home\",\"item\":\"https:\/\/volumec.com\/de\/\"},{\"@type\":\"ListItem\",\"position\":2,\"name\":\"Pneumatische Gewindeschneidmaschinen\"}]},{\"@type\":\"WebSite\",\"@id\":\"https:\/\/www.volumec.com\/en\/#website\",\"url\":\"https:\/\/www.volumec.com\/en\/\",\"name\":\"Volumec.com\",\"description\":\"\",\"publisher\":{\"@id\":\"https:\/\/www.volumec.com\/en\/#organization\"},\"alternateName\":\"be innovative\",\"potentialAction\":[{\"@type\":\"SearchAction\",\"target\":{\"@type\":\"EntryPoint\",\"urlTemplate\":\"https:\/\/www.volumec.com\/en\/?s={search_term_string}\"},\"query-input\":{\"@type\":\"PropertyValueSpecification\",\"valueRequired\":true,\"valueName\":\"search_term_string\"}}],\"inLanguage\":\"de\"},{\"@type\":\"Organization\",\"@id\":\"https:\/\/www.volumec.com\/en\/#organization\",\"name\":\"Volumec\",\"url\":\"https:\/\/www.volumec.com\/en\/\",\"logo\":{\"@type\":\"ImageObject\",\"inLanguage\":\"de\",\"@id\":\"https:\/\/www.volumec.com\/en\/#\/schema\/logo\/image\/\",\"url\":\"https:\/\/volumec.com\/wp-content\/uploads\/2024\/12\/Volumec-logo.png\",\"contentUrl\":\"https:\/\/volumec.com\/wp-content\/uploads\/2024\/12\/Volumec-logo.png\",\"width\":320,\"height\":77,\"caption\":\"Volumec\"},\"image\":{\"@id\":\"https:\/\/www.volumec.com\/en\/#\/schema\/logo\/image\/\"}}]}<\/script>\n<!-- \/ Yoast SEO plugin. -->","yoast_head_json":{"title":"Pneumatische Gewindeschneidmaschinen - Volumec","description":"Pneumatische Gewindeschneidmaschinen (ET und VT\/VTS) bieten Pr\u00e4zision und Leichtigkeit. Arbeitsradius bis zu 1900 mm und Gewindeschneiden bis M30.","robots":{"index":"index","follow":"follow","max-snippet":"max-snippet:-1","max-image-preview":"max-image-preview:large","max-video-preview":"max-video-preview:-1"},"canonical":"https:\/\/volumec.com\/de\/pneumatische-gewindeschneidmaschinen\/","og_locale":"de_DE","og_type":"article","og_title":"Pneumatische Gewindeschneidmaschinen - Volumec","og_description":"Pneumatische Gewindeschneidmaschinen (ET und VT\/VTS) bieten Pr\u00e4zision und Leichtigkeit. Arbeitsradius bis zu 1900 mm und Gewindeschneiden bis M30.","og_url":"https:\/\/volumec.com\/de\/pneumatische-gewindeschneidmaschinen\/","og_site_name":"Volumec","article_modified_time":"2025-10-15T09:18:41+00:00","twitter_card":"summary_large_image","twitter_misc":{"Gesch\u00e4tzte Lesezeit":"4\u00a0Minuten"},"schema":{"@context":"https:\/\/schema.org","@graph":[{"@type":"WebPage","@id":"https:\/\/volumec.com\/de\/pneumatische-gewindeschneidmaschinen\/","url":"https:\/\/volumec.com\/de\/pneumatische-gewindeschneidmaschinen\/","name":"Pneumatische Gewindeschneidmaschinen - Volumec","isPartOf":{"@id":"https:\/\/www.volumec.com\/en\/#website"},"datePublished":"2024-12-09T09:52:13+00:00","dateModified":"2025-10-15T09:18:41+00:00","description":"Pneumatische Gewindeschneidmaschinen (ET und VT\/VTS) bieten Pr\u00e4zision und Leichtigkeit. Arbeitsradius bis zu 1900 mm und Gewindeschneiden bis M30.","breadcrumb":{"@id":"https:\/\/volumec.com\/de\/pneumatische-gewindeschneidmaschinen\/#breadcrumb"},"inLanguage":"de","potentialAction":[{"@type":"ReadAction","target":["https:\/\/volumec.com\/de\/pneumatische-gewindeschneidmaschinen\/"]}]},{"@type":"BreadcrumbList","@id":"https:\/\/volumec.com\/de\/pneumatische-gewindeschneidmaschinen\/#breadcrumb","itemListElement":[{"@type":"ListItem","position":1,"name":"Home","item":"https:\/\/volumec.com\/de\/"},{"@type":"ListItem","position":2,"name":"Pneumatische Gewindeschneidmaschinen"}]},{"@type":"WebSite","@id":"https:\/\/www.volumec.com\/en\/#website","url":"https:\/\/www.volumec.com\/en\/","name":"Volumec.com","description":"","publisher":{"@id":"https:\/\/www.volumec.com\/en\/#organization"},"alternateName":"be innovative","potentialAction":[{"@type":"SearchAction","target":{"@type":"EntryPoint","urlTemplate":"https:\/\/www.volumec.com\/en\/?s={search_term_string}"},"query-input":{"@type":"PropertyValueSpecification","valueRequired":true,"valueName":"search_term_string"}}],"inLanguage":"de"},{"@type":"Organization","@id":"https:\/\/www.volumec.com\/en\/#organization","name":"Volumec","url":"https:\/\/www.volumec.com\/en\/","logo":{"@type":"ImageObject","inLanguage":"de","@id":"https:\/\/www.volumec.com\/en\/#\/schema\/logo\/image\/","url":"https:\/\/volumec.com\/wp-content\/uploads\/2024\/12\/Volumec-logo.png","contentUrl":"https:\/\/volumec.com\/wp-content\/uploads\/2024\/12\/Volumec-logo.png","width":320,"height":77,"caption":"Volumec"},"image":{"@id":"https:\/\/www.volumec.com\/en\/#\/schema\/logo\/image\/"}}]}},"_links":{"self":[{"href":"https:\/\/volumec.com\/de\/wp-json\/wp\/v2\/pages\/504","targetHints":{"allow":["GET"]}}],"collection":[{"href":"https:\/\/volumec.com\/de\/wp-json\/wp\/v2\/pages"}],"about":[{"href":"https:\/\/volumec.com\/de\/wp-json\/wp\/v2\/types\/page"}],"author":[{"embeddable":true,"href":"https:\/\/volumec.com\/de\/wp-json\/wp\/v2\/users\/1"}],"replies":[{"embeddable":true,"href":"https:\/\/volumec.com\/de\/wp-json\/wp\/v2\/comments?post=504"}],"version-history":[{"count":10,"href":"https:\/\/volumec.com\/de\/wp-json\/wp\/v2\/pages\/504\/revisions"}],"predecessor-version":[{"id":8037,"href":"https:\/\/volumec.com\/de\/wp-json\/wp\/v2\/pages\/504\/revisions\/8037"}],"wp:attachment":[{"href":"https:\/\/volumec.com\/de\/wp-json\/wp\/v2\/media?parent=504"}],"curies":[{"name":"wp","href":"https:\/\/api.w.org\/{rel}","templated":true}]}}