{"id":496,"date":"2024-12-05T12:16:08","date_gmt":"2024-12-05T11:16:08","guid":{"rendered":"http:\/\/volumec.com\/?page_id=496"},"modified":"2025-10-15T11:03:54","modified_gmt":"2025-10-15T09:03:54","slug":"elektrische-gewindeschneidmaschine","status":"publish","type":"page","link":"https:\/\/volumec.com\/de\/elektrische-gewindeschneidmaschine\/","title":{"rendered":"Elektrische gewindeschneidmaschine"},"content":{"rendered":"<div class=\"wpb-content-wrapper\">[vc_row el_class=&#8220;ptd100 pbd100 ptm50 pbm50&#8243;][vc_column][vc_column_text css=&#8220;&#8220;]<strong>Elektrische Gewindeschneidmaschinen<\/strong> sind Maschinen, die im industriellen und handwerklichen Bereich zur Herstellung von Gewinden an Metallteilen oder anderen Materialien eingesetzt werden und mit normaler elektrischer Leistung betrieben werden.<\/p>\n<p>Unsere <strong>elektrischen Gewindeschneidmaschinen <\/strong>zeichnen sich durch einen speziell ausbalancierten Gelenkarm aus Aluminium aus, der neben der Blockierung der bearbeitungsbedingten Drehmomente auch eine schnelle und pr\u00e4zise Werkzeugausrichtung gew\u00e4hrleistet.[\/vc_column_text][\/vc_column][\/vc_row][vc_row full_width=&#8220;stretch_row&#8220; el_class=&#8220;prodotto_riga_configuratore ptd70 pbd90 ptm50 pbm60&#8243; css=&#8220;.vc_custom_1733737463239{background-image: url(http:\/\/volumec.com\/wp-content\/uploads\/2024\/12\/configuratore-bg.jpg?id=401) !important;}&#8220;][vc_column][vc_column_text css_animation=&#8220;fadeInUp&#8220; css=&#8220;&#8220; text_align=&#8220;center&#8220; font_weight=&#8220;700&#8243; color=&#8220;#ffffff&#8220;]\n<h2>Sie wissen nicht, welches Produkt Sie w\u00e4hlen sollen?<br \/>\nNutzen Sie unseren Konfigurator<\/h2>\n[\/vc_column_text]<style>.vcex-button.vcex_69e07920d40a2{border-radius:0px;color:#ffffff!important;padding:20px;border:2px solid #0b8df1;font-family:Manrope;font-size:16px;font-weight:700;}.vcex-button.vcex_69e07920d40a2:hover{color:#ffffff!important;}<\/style><div class=\"theme-button-wrap textcenter wpex-clr\"><a href=\"http:\/\/volumec.com\/de\/gewindeschneidmaschinen-konfigurator\/\" class=\"vcex-button theme-button outline align-center inline bottone1 mtd45 mtm30 vcex_69e07920d40a2\"><span class=\"vcex-button-inner theme-button-inner wpex-flex wpex-flex-wrap wpex-items-center wpex-justify-center\">ZUGRIFF AUF UNSEREN KONFIGURATOR<span class=\"vcex-button-icon vcex-icon-wrap theme-button-icon-right\"><span aria-hidden=\"true\" class=\"fas fa-arrow-right\"><\/span><\/span><\/span><\/a><\/div> [\/vc_column][\/vc_row][vc_row el_class=&#8220;ptd100 pbd100 ptm50 pbm50&#8243;][vc_column][vc_column_text css=&#8220;&#8220;]\n<h2><strong>W\u00e4hlen Sie das beste Modell und die beste Konfiguration f\u00fcr Ihre Arbeit.<\/strong><\/h2>\n<p>Die von Volumec entwickelten und hergestellten elektrischen Gewindeschneidmaschinen Joytap sind so konzipiert, dass sie die spezifischen Gewinde- und Schraubanforderungen von Unternehmen optimal erf\u00fcllen, die zuverl\u00e4ssige, leistungsstarke und dennoch einfach zu bedienende Maschinen w\u00fcnschen. Verschiedene Modelle verf\u00fcgbar, basierend auf Anwendungen von M2 bis M48. Alle unsere elektrischen Gewindeschneidmaschinen Joytap und Sniper sind mit b\u00fcrstenlosen Motoren der neuen Generation und zuverl\u00e4ssigen und robusten Gelenkarmen auch f\u00fcr den intensiven Einsatz ausgestattet .<\/p>\n<p><strong>NICHT NUR F\u00dcR DAS GEWINDESCHNEIDEN<\/strong><\/p>\n<p>Joytap -Modelle k\u00f6nnen f\u00fcr automatisches Gewindeschneiden, drehmomentgesteuertes Schrauben und Einsetzen von Eins\u00e4tzen programmiert werden.[\/vc_column_text][\/vc_column][\/vc_row][vc_row full_width=&#8220;stretch_row&#8220; gap=&#8220;30&#8243; equal_height=&#8220;yes&#8220; columns_right=&#8220;yes&#8220; el_class=&#8220;prodotti_riga_prodotto ptd130 pbd130 ptm60 pbm60&#8243; css=&#8220;.vc_custom_1733471381571{background-color: #F1F1F1 !important;}&#8220;][vc_column css_animation=&#8220;fadeInRight&#8220; width=&#8220;1\/2&#8243;][vc_column_text css=&#8220;&#8220; el_class=&#8220;mtd20 mtm20 brm&#8220;]\n<h3><strong>Joytap 3 Evo2<\/strong><\/h3>\n[\/vc_column_text][vc_column_text css=&#8220;.vc_custom_1734539724815{margin-top: 10px !important;}&#8220; font_weight=&#8220;700&#8243; font_size=&#8220;28px&#8220; line_height=&#8220;120%&#8220;]<strong>Radius 2000 mm <\/strong><strong>bis M48 &#8211; schrauben bis 400 Nm<\/strong>[\/vc_column_text][vc_column_text css=&#8220;&#8220; el_class=&#8220;mtd20 mtm20&#8243; font_weight=&#8220;700&#8243;]Joytap ist die elektrische Gewindeschneidmaschine, die f\u00fcr Leistung, Qualit\u00e4t und geringen Verbrauch steht. Seine einzigartigen technischen Eigenschaften, das Ergebnis jahrelanger Entwicklung, erm\u00f6glichen die Durchf\u00fchrung folgender Vorg\u00e4nge mit derselben Maschine: Gewindeschneiden, Schrauben mit Drehmomentkontrolle, Einbau von Eins\u00e4tzen\/ Helicoil , Senken und Reiben.[\/vc_column_text][vc_column_text css=&#8220;&#8220; el_class=&#8220;mtd20 mtm20&#8243;]<strong>Eigenschaften<\/strong><\/p>\n<ul>\n<li>Neue Aluminiumstruktur mit dreifachem Gelenkarm, entwickelt mit exklusivem Volumec-Profil, das Pr\u00e4zision und Steifigkeit bei der Verarbeitung garantiert<\/li>\n<li>Ideal f\u00fcr vertikale, horizontale und mittlere Winkelgewinde<\/li>\n<li>Verbesserte Gelenkarmmechanik f\u00fcr Fl\u00fcssigkeit und Kraft<\/li>\n<li>B\u00fcrstenloser Motor ab 750 Warr der neuen Generation (G2) mit un\u00fcbertroffener Leistung und Zuverl\u00e4ssigkeit<\/li>\n<li>Verkabelung , die bei Bewegungen keine umst\u00e4ndlichen Anpassungen erfordert<\/li>\n<li>Panel es touch VASTC, das fortschrittlichste auf dem Markt f\u00fcr automatisches Schrauben\/Gewindeschneiden mit Drehmomentkontrolle, Spanabfuhr und vielen anderen neuen Funktionen und mit Drehmoment (Nm), wodurch Bearbeitungsprogramme auch aus der Ferne gespeichert werden k\u00f6nnen<\/li>\n<li>Im Lieferumfang ist auch ein multidirektionaler Kopf mit automatischer Werkst\u00fcckausrichtung von 0\u201390\u00b0 enthalten<\/li>\n<li>Reduzierter Verbrauch und minimaler L\u00e4rm<\/li>\n<\/ul>\n[\/vc_column_text]<style>.vcex-button.vcex_69e07920d6e65{border-radius:0px;color:#000000!important;padding:20px;border:2px solid #0b8df1;font-family:Manrope;font-size:16px;font-weight:700;}.vcex-button.vcex_69e07920d6e65:hover{color:#000000!important;}<\/style><div class=\"theme-button-wrap textcenter wpex-clr\"><a href=\"http:\/\/volumec.com\/de\/elektrische-gewindeschneidmaschine\/joytap-3\/\" class=\"vcex-button theme-button outline align-center inline bottone1 mtd30 mtm30 vcex_69e07920d6e65\"><span class=\"vcex-button-inner theme-button-inner wpex-flex wpex-flex-wrap wpex-items-center wpex-justify-center\">MEHR ENTDECKEN<span class=\"vcex-button-icon vcex-icon-wrap theme-button-icon-right\"><span aria-hidden=\"true\" class=\"fas fa-arrow-right\"><\/span><\/span><\/span><\/a><\/div> [\/vc_column][vc_column css_animation=&#8220;fadeInLeft&#8220; width=&#8220;1\/2&#8243;]<figure class=\"vcex-image vcex-module wpex-text-center\"><div class=\"vcex-image-inner wpex-relative wpex-inline-block\"><img width=\"768\" height=\"595\" src=\"https:\/\/volumec.com\/wp-content\/uploads\/2025\/10\/Elektrische-Gewindeschneidmaschinen-Joytap-3-Evo2.jpg\" class=\"vcex-image-img wpex-align-middle\" alt=\"\" loading=\"lazy\" decoding=\"async\" srcset=\"https:\/\/volumec.com\/wp-content\/uploads\/2025\/10\/Elektrische-Gewindeschneidmaschinen-Joytap-3-Evo2.jpg 768w, https:\/\/volumec.com\/wp-content\/uploads\/2025\/10\/Elektrische-Gewindeschneidmaschinen-Joytap-3-Evo2-300x232.jpg 300w, https:\/\/volumec.com\/wp-content\/uploads\/2025\/10\/Elektrische-Gewindeschneidmaschinen-Joytap-3-Evo2-600x465.jpg 600w\" sizes=\"auto, (max-width: 768px) 100vw, 768px\" \/><\/div><\/figure>[\/vc_column][\/vc_row][vc_row full_width=&#8220;stretch_row&#8220; gap=&#8220;30&#8243; equal_height=&#8220;yes&#8220; el_class=&#8220;prodotti_riga_prodotto ptd130 pbd130 ptm60 pbm60&#8243;][vc_column css_animation=&#8220;fadeInLeft&#8220; width=&#8220;1\/2&#8243;][vc_column_text css=&#8220;&#8220; el_class=&#8220;mtd20 mtm20 brm&#8220;]\n<h3><strong>Joytap 2 Evo2<\/strong><\/h3>\n[\/vc_column_text][vc_column_text css=&#8220;.vc_custom_1734539624703{margin-top: 10px !important;}&#8220; font_weight=&#8220;700&#8243; font_size=&#8220;28px&#8220; line_height=&#8220;120%&#8220;]<strong>Radius 1370 mm <\/strong><strong>bis M24 \u2013 schrauben bis 180 Nm<\/strong>[\/vc_column_text][vc_column_text css=&#8220;&#8220; el_class=&#8220;mtd20 mtm20&#8243; font_weight=&#8220;700&#8243;]Joytap ist die elektrische Gewindeschneidmaschine, die f\u00fcr Leistung, Qualit\u00e4t und geringen Verbrauch steht. Seine einzigartigen technischen Eigenschaften, das Ergebnis jahrelanger Entwicklung, erm\u00f6glichen die Durchf\u00fchrung folgender Vorg\u00e4nge mit derselben Maschine: Gewindeschneiden, Schrauben mit Drehmomentkontrolle, Einbau von Eins\u00e4tzen\/ Helicoil , Senken und Reiben.[\/vc_column_text][vc_column_text css=&#8220;&#8220; el_class=&#8220;mtd20 mtm20&#8243;]<strong>Eigenschaften<\/strong>:<\/p>\n<ul>\n<li>Neue Aluminiumstruktur mit doppeltem Gelenkarm, entwickelt mit exklusivem Volumenprofil , das im Vergleich zu anderen Modellen eine h\u00f6here Steifigkeit und Pr\u00e4zision bietet<\/li>\n<li>Weitreichende Einstellung der Arbeitsgeschwindigkeit bei konstantem Drehmoment<\/li>\n<li>Verbesserte Gelenkarmmechanik f\u00fcr Fl\u00fcssigkeit und Kraft<\/li>\n<li>B\u00fcrstenloser Motor ab 750 Watt der neuen Generation (G2) mit un\u00fcbertroffener Leistung und Zuverl\u00e4ssigkeit<\/li>\n<li>Im Lieferumfang ist auch ein multidirektionaler Kopf mit automatischer Werkst\u00fcckausrichtung von 0\u201390\u00b0 enthalten<\/li>\n<li>Integrierte abgeschirmte Verkabelung, die bei Bewegungen keine umst\u00e4ndlichen Anpassungen erfordert<\/li>\n<li>Panel es ber\u00fchren Vastc , das fortschrittlichste auf dem Markt f\u00fcr automatisches Schrauben\/Gewindeschneiden mit Drehmomentkontrolle, Spanabfuhr und vielen anderen neuen Funktionen sowie mit Drehmoment (Nm), wodurch Bearbeitungsprogramme auch aus der Ferne gespeichert werden k\u00f6nnen<\/li>\n<li>Reduzierter Verbrauch und minimaler L\u00e4rm<\/li>\n<\/ul>\n[\/vc_column_text]<style>.vcex-button.vcex_69e07920dccff{border-radius:0px;color:#000000!important;padding:20px;border:2px solid #0b8df1;font-family:Manrope;font-size:16px;font-weight:700;}.vcex-button.vcex_69e07920dccff:hover{color:#000000!important;}<\/style><div class=\"theme-button-wrap textcenter wpex-clr\"><a href=\"http:\/\/volumec.com\/de\/elektrische-gewindeschneidmaschine\/joytap-2\/\" class=\"vcex-button theme-button outline align-center inline bottone1 mtd30 mtm30 vcex_69e07920dccff\"><span class=\"vcex-button-inner theme-button-inner wpex-flex wpex-flex-wrap wpex-items-center wpex-justify-center\">MEHR ENTDECKEN<span class=\"vcex-button-icon vcex-icon-wrap theme-button-icon-right\"><span aria-hidden=\"true\" class=\"fas fa-arrow-right\"><\/span><\/span><\/span><\/a><\/div> [\/vc_column][vc_column css_animation=&#8220;fadeInRight&#8220; width=&#8220;1\/2&#8243;]<figure class=\"vcex-image vcex-module wpex-text-center\"><div class=\"vcex-image-inner wpex-relative wpex-inline-block\"><img width=\"768\" height=\"595\" src=\"https:\/\/volumec.com\/wp-content\/uploads\/2025\/10\/Elektrische-Gewindeschneidmaschinen-Joytap-2-Evo2.jpg\" class=\"vcex-image-img wpex-align-middle\" alt=\"\" loading=\"lazy\" decoding=\"async\" srcset=\"https:\/\/volumec.com\/wp-content\/uploads\/2025\/10\/Elektrische-Gewindeschneidmaschinen-Joytap-2-Evo2.jpg 768w, https:\/\/volumec.com\/wp-content\/uploads\/2025\/10\/Elektrische-Gewindeschneidmaschinen-Joytap-2-Evo2-300x232.jpg 300w, https:\/\/volumec.com\/wp-content\/uploads\/2025\/10\/Elektrische-Gewindeschneidmaschinen-Joytap-2-Evo2-600x465.jpg 600w\" sizes=\"auto, (max-width: 768px) 100vw, 768px\" \/><\/div><\/figure>[\/vc_column][\/vc_row][vc_row full_width=&#8220;stretch_row&#8220; gap=&#8220;30&#8243; equal_height=&#8220;yes&#8220; columns_right=&#8220;yes&#8220; el_class=&#8220;prodotti_riga_prodotto ptd130 pbd130 ptm60 pbm60&#8243; css=&#8220;.vc_custom_1733471381571{background-color: #F1F1F1 !important;}&#8220;][vc_column css_animation=&#8220;fadeInRight&#8220; width=&#8220;1\/2&#8243;][vc_column_text css=&#8220;&#8220; el_class=&#8220;mtd20 mtm20 brm&#8220;]\n<h3><strong>Sniper SNP400<\/strong><\/h3>\n[\/vc_column_text][vc_column_text css=&#8220;.vc_custom_1734539535935{margin-top: 10px !important;}&#8220; font_weight=&#8220;700&#8243; font_size=&#8220;28px&#8220; line_height=&#8220;120%&#8220;]Radius 1100 mm bis M16.[\/vc_column_text][vc_column_text css=&#8220;&#8220; el_class=&#8220;mtd20 mtm20&#8243; font_weight=&#8220;700&#8243;]Sniper ist dank ihrer Aluminiumstruktur kompakt und einfach zu handhaben. Sie ist eine elektrische Gewindeschneidmaschine mit einem b\u00fcrstenlosen 400-Watt-Motor, die ein breites Spektrum an Gewindeschneidarbeiten f\u00fcr jede Art von Material erm\u00f6glicht. Die Steuereinheit ist vollst\u00e4ndig im Gelenkarm integriert.[\/vc_column_text][vc_column_text css=&#8220;&#8220; el_class=&#8220;mtd20 mtm20&#8243;]Technische Merkmale:<\/p>\n<ul>\n<li>Ausgewogenes Gelenkarmsystem, vollst\u00e4ndig aus Spezialaluminium gefertigt, das eine schnelle und pr\u00e4zise Ausrichtung an den L\u00f6chern garantiert.<\/li>\n<li>400 W (220 V) B\u00fcrstenloser Motor, vollst\u00e4ndig in den Arm integriert, mit hoher Leistung, minimaler Ger\u00e4uschentwicklung und geringem Verbrauch<\/li>\n<li>Umfangreiche Anpassung der Gewindeschneidgeschwindigkeit ohne Verwendung von Modulen<\/li>\n<li>Maximale Geschwindigkeit gegen den Uhrzeigersinn f\u00fcr schnellen Werkzeugaustritt.<\/li>\n<li>Gelenkarm mit verstellbarer Balance<\/li>\n<li>M\u00f6glichkeit des Gewindeschneidens von Sack- und Durchgangsl\u00f6chern dank der einstellbaren Kupplungen und des Tiefensensors (optional)<\/li>\n<\/ul>\n[\/vc_column_text]<style>.vcex-button.vcex_69e07920e0ceb{border-radius:0px;color:#000000!important;padding:20px;border:2px solid #0b8df1;font-family:Manrope;font-size:16px;font-weight:700;}.vcex-button.vcex_69e07920e0ceb:hover{color:#000000!important;}<\/style><div class=\"theme-button-wrap textcenter wpex-clr\"><a href=\"http:\/\/volumec.com\/de\/elektrische-gewindeschneidmaschine\/sniper-snp400\/\" class=\"vcex-button theme-button outline align-center inline bottone1 mtd30 mtm30 vcex_69e07920e0ceb\"><span class=\"vcex-button-inner theme-button-inner wpex-flex wpex-flex-wrap wpex-items-center wpex-justify-center\">MEHR ERFAHREN<span class=\"vcex-button-icon vcex-icon-wrap theme-button-icon-right\"><span aria-hidden=\"true\" class=\"fas fa-arrow-right\"><\/span><\/span><\/span><\/a><\/div> [\/vc_column][vc_column css_animation=&#8220;fadeInLeft&#8220; width=&#8220;1\/2&#8243;]<figure class=\"vcex-image vcex-module wpex-text-center\"><div class=\"vcex-image-inner wpex-relative wpex-inline-block\"><img width=\"768\" height=\"595\" src=\"https:\/\/volumec.com\/wp-content\/uploads\/2025\/10\/Elektrische-Gewindeschneidmaschinen-Sniper-Snp400.jpg\" class=\"vcex-image-img wpex-align-middle\" alt=\"\" loading=\"lazy\" decoding=\"async\" srcset=\"https:\/\/volumec.com\/wp-content\/uploads\/2025\/10\/Elektrische-Gewindeschneidmaschinen-Sniper-Snp400.jpg 768w, https:\/\/volumec.com\/wp-content\/uploads\/2025\/10\/Elektrische-Gewindeschneidmaschinen-Sniper-Snp400-300x232.jpg 300w, https:\/\/volumec.com\/wp-content\/uploads\/2025\/10\/Elektrische-Gewindeschneidmaschinen-Sniper-Snp400-600x465.jpg 600w\" sizes=\"auto, (max-width: 768px) 100vw, 768px\" \/><\/div><\/figure>[\/vc_column][\/vc_row][vc_row css_animation=&#8220;fadeIn&#8220; full_width=&#8220;stretch_row&#8220; content_placement=&#8220;middle&#8220; parallax=&#8220;content-moving&#8220; parallax_image=&#8220;277&#8243; el_class=&#8220;riga_banner ptd30 pbd30 ptm40 pbm40&#8243;][vc_column width=&#8220;1\/2&#8243;]<style>.vcex-image.vcex_69e07920e3fbc .vcex-image-inner{max-width:600px;}<\/style><figure class=\"vcex-image vcex-module vcex_69e07920e3fbc\"><div class=\"vcex-image-inner wpex-relative wpex-inline-block\"><img width=\"1000\" height=\"239\" src=\"https:\/\/volumec.com\/wp-content\/uploads\/2024\/12\/logo-Volumec.png\" class=\"vcex-image-img wpex-align-middle\" alt=\"\" loading=\"lazy\" decoding=\"async\" srcset=\"https:\/\/volumec.com\/wp-content\/uploads\/2024\/12\/logo-Volumec.png 1000w, https:\/\/volumec.com\/wp-content\/uploads\/2024\/12\/logo-Volumec-300x72.png 300w, https:\/\/volumec.com\/wp-content\/uploads\/2024\/12\/logo-Volumec-768x184.png 768w, https:\/\/volumec.com\/wp-content\/uploads\/2024\/12\/logo-Volumec-600x143.png 600w\" sizes=\"auto, (max-width: 1000px) 100vw, 1000px\" \/><\/div><\/figure>[\/vc_column][vc_column width=&#8220;1\/2&#8243; el_class=&#8220;ptm40 cm&#8220;][vc_column_text css=&#8220;&#8220; color=&#8220;#ffffff&#8220; font_size=&#8220;d:100px|pl:45px|pp:45px&#8220; line_height=&#8220;110%&#8220; font_weight=&#8220;300&#8243;]Be <strong>innovative<\/strong>[\/vc_column_text][\/vc_column][\/vc_row]\n<\/div>","protected":false},"excerpt":{"rendered":"<p>[vc_row el_class=&#8220;ptd100 pbd100 ptm50 pbm50&#8243;][vc_column][vc_column_text css=&#8220;&#8220;]Elektrische Gewindeschneidmaschinen sind Maschinen, die im industriellen und handwerklichen Bereich zur Herstellung von Gewinden an Metallteilen oder anderen Materialien eingesetzt werden und mit normaler elektrischer Leistung betrieben werden. Unsere elektrischen Gewindeschneidmaschinen zeichnen sich durch einen speziell ausbalancierten Gelenkarm aus Aluminium aus, der neben der Blockierung der bearbeitungsbedingten Drehmomente auch eine&hellip;<\/p>\n","protected":false},"author":1,"featured_media":0,"parent":0,"menu_order":0,"comment_status":"closed","ping_status":"closed","template":"","meta":{"_acf_changed":false,"inline_featured_image":false,"footnotes":""},"class_list":["post-496","page","type-page","status-publish","hentry","entry","no-media"],"acf":[],"yoast_head":"<!-- This site is optimized with the Yoast SEO plugin v25.1 - https:\/\/yoast.com\/wordpress\/plugins\/seo\/ -->\n<title>Elektrische Gewindeschneidmaschinen - Volumec<\/title>\n<meta name=\"description\" content=\"Elektrische Gewindeschneidmaschinen sind Maschinen, die in Industrie und Handwerk eingesetzt werden, um Gewinde an metallischen Bauteilen oder anderen Materialien zu erstellen.\" \/>\n<meta name=\"robots\" content=\"index, follow, max-snippet:-1, max-image-preview:large, max-video-preview:-1\" \/>\n<link rel=\"canonical\" href=\"https:\/\/volumec.com\/de\/elektrische-gewindeschneidmaschine\/\" \/>\n<meta property=\"og:locale\" content=\"de_DE\" \/>\n<meta property=\"og:type\" content=\"article\" \/>\n<meta property=\"og:title\" content=\"Elektrische Gewindeschneidmaschinen - Volumec\" \/>\n<meta property=\"og:description\" content=\"Elektrische Gewindeschneidmaschinen sind Maschinen, die in Industrie und Handwerk eingesetzt werden, um Gewinde an metallischen Bauteilen oder anderen Materialien zu erstellen.\" \/>\n<meta property=\"og:url\" content=\"https:\/\/volumec.com\/de\/elektrische-gewindeschneidmaschine\/\" \/>\n<meta property=\"og:site_name\" content=\"Volumec\" \/>\n<meta property=\"article:modified_time\" content=\"2025-10-15T09:03:54+00:00\" \/>\n<meta name=\"twitter:card\" content=\"summary_large_image\" \/>\n<meta name=\"twitter:label1\" content=\"Gesch\u00e4tzte Lesezeit\" \/>\n\t<meta name=\"twitter:data1\" content=\"7\u00a0Minuten\" \/>\n<script type=\"application\/ld+json\" class=\"yoast-schema-graph\">{\"@context\":\"https:\/\/schema.org\",\"@graph\":[{\"@type\":\"WebPage\",\"@id\":\"https:\/\/volumec.com\/de\/elektrische-gewindeschneidmaschine\/\",\"url\":\"https:\/\/volumec.com\/de\/elektrische-gewindeschneidmaschine\/\",\"name\":\"Elektrische Gewindeschneidmaschinen - Volumec\",\"isPartOf\":{\"@id\":\"https:\/\/www.volumec.com\/en\/#website\"},\"datePublished\":\"2024-12-05T11:16:08+00:00\",\"dateModified\":\"2025-10-15T09:03:54+00:00\",\"description\":\"Elektrische Gewindeschneidmaschinen sind Maschinen, die in Industrie und Handwerk eingesetzt werden, um Gewinde an metallischen Bauteilen oder anderen Materialien zu erstellen.\",\"breadcrumb\":{\"@id\":\"https:\/\/volumec.com\/de\/elektrische-gewindeschneidmaschine\/#breadcrumb\"},\"inLanguage\":\"de\",\"potentialAction\":[{\"@type\":\"ReadAction\",\"target\":[\"https:\/\/volumec.com\/de\/elektrische-gewindeschneidmaschine\/\"]}]},{\"@type\":\"BreadcrumbList\",\"@id\":\"https:\/\/volumec.com\/de\/elektrische-gewindeschneidmaschine\/#breadcrumb\",\"itemListElement\":[{\"@type\":\"ListItem\",\"position\":1,\"name\":\"Home\",\"item\":\"https:\/\/volumec.com\/de\/\"},{\"@type\":\"ListItem\",\"position\":2,\"name\":\"Elektrische gewindeschneidmaschine\"}]},{\"@type\":\"WebSite\",\"@id\":\"https:\/\/www.volumec.com\/en\/#website\",\"url\":\"https:\/\/www.volumec.com\/en\/\",\"name\":\"Volumec.com\",\"description\":\"\",\"publisher\":{\"@id\":\"https:\/\/www.volumec.com\/en\/#organization\"},\"alternateName\":\"be innovative\",\"potentialAction\":[{\"@type\":\"SearchAction\",\"target\":{\"@type\":\"EntryPoint\",\"urlTemplate\":\"https:\/\/www.volumec.com\/en\/?s={search_term_string}\"},\"query-input\":{\"@type\":\"PropertyValueSpecification\",\"valueRequired\":true,\"valueName\":\"search_term_string\"}}],\"inLanguage\":\"de\"},{\"@type\":\"Organization\",\"@id\":\"https:\/\/www.volumec.com\/en\/#organization\",\"name\":\"Volumec\",\"url\":\"https:\/\/www.volumec.com\/en\/\",\"logo\":{\"@type\":\"ImageObject\",\"inLanguage\":\"de\",\"@id\":\"https:\/\/www.volumec.com\/en\/#\/schema\/logo\/image\/\",\"url\":\"https:\/\/volumec.com\/wp-content\/uploads\/2024\/12\/Volumec-logo.png\",\"contentUrl\":\"https:\/\/volumec.com\/wp-content\/uploads\/2024\/12\/Volumec-logo.png\",\"width\":320,\"height\":77,\"caption\":\"Volumec\"},\"image\":{\"@id\":\"https:\/\/www.volumec.com\/en\/#\/schema\/logo\/image\/\"}}]}<\/script>\n<!-- \/ Yoast SEO plugin. -->","yoast_head_json":{"title":"Elektrische Gewindeschneidmaschinen - Volumec","description":"Elektrische Gewindeschneidmaschinen sind Maschinen, die in Industrie und Handwerk eingesetzt werden, um Gewinde an metallischen Bauteilen oder anderen Materialien zu erstellen.","robots":{"index":"index","follow":"follow","max-snippet":"max-snippet:-1","max-image-preview":"max-image-preview:large","max-video-preview":"max-video-preview:-1"},"canonical":"https:\/\/volumec.com\/de\/elektrische-gewindeschneidmaschine\/","og_locale":"de_DE","og_type":"article","og_title":"Elektrische Gewindeschneidmaschinen - Volumec","og_description":"Elektrische Gewindeschneidmaschinen sind Maschinen, die in Industrie und Handwerk eingesetzt werden, um Gewinde an metallischen Bauteilen oder anderen Materialien zu erstellen.","og_url":"https:\/\/volumec.com\/de\/elektrische-gewindeschneidmaschine\/","og_site_name":"Volumec","article_modified_time":"2025-10-15T09:03:54+00:00","twitter_card":"summary_large_image","twitter_misc":{"Gesch\u00e4tzte Lesezeit":"7\u00a0Minuten"},"schema":{"@context":"https:\/\/schema.org","@graph":[{"@type":"WebPage","@id":"https:\/\/volumec.com\/de\/elektrische-gewindeschneidmaschine\/","url":"https:\/\/volumec.com\/de\/elektrische-gewindeschneidmaschine\/","name":"Elektrische Gewindeschneidmaschinen - Volumec","isPartOf":{"@id":"https:\/\/www.volumec.com\/en\/#website"},"datePublished":"2024-12-05T11:16:08+00:00","dateModified":"2025-10-15T09:03:54+00:00","description":"Elektrische Gewindeschneidmaschinen sind Maschinen, die in Industrie und Handwerk eingesetzt werden, um Gewinde an metallischen Bauteilen oder anderen Materialien zu erstellen.","breadcrumb":{"@id":"https:\/\/volumec.com\/de\/elektrische-gewindeschneidmaschine\/#breadcrumb"},"inLanguage":"de","potentialAction":[{"@type":"ReadAction","target":["https:\/\/volumec.com\/de\/elektrische-gewindeschneidmaschine\/"]}]},{"@type":"BreadcrumbList","@id":"https:\/\/volumec.com\/de\/elektrische-gewindeschneidmaschine\/#breadcrumb","itemListElement":[{"@type":"ListItem","position":1,"name":"Home","item":"https:\/\/volumec.com\/de\/"},{"@type":"ListItem","position":2,"name":"Elektrische gewindeschneidmaschine"}]},{"@type":"WebSite","@id":"https:\/\/www.volumec.com\/en\/#website","url":"https:\/\/www.volumec.com\/en\/","name":"Volumec.com","description":"","publisher":{"@id":"https:\/\/www.volumec.com\/en\/#organization"},"alternateName":"be innovative","potentialAction":[{"@type":"SearchAction","target":{"@type":"EntryPoint","urlTemplate":"https:\/\/www.volumec.com\/en\/?s={search_term_string}"},"query-input":{"@type":"PropertyValueSpecification","valueRequired":true,"valueName":"search_term_string"}}],"inLanguage":"de"},{"@type":"Organization","@id":"https:\/\/www.volumec.com\/en\/#organization","name":"Volumec","url":"https:\/\/www.volumec.com\/en\/","logo":{"@type":"ImageObject","inLanguage":"de","@id":"https:\/\/www.volumec.com\/en\/#\/schema\/logo\/image\/","url":"https:\/\/volumec.com\/wp-content\/uploads\/2024\/12\/Volumec-logo.png","contentUrl":"https:\/\/volumec.com\/wp-content\/uploads\/2024\/12\/Volumec-logo.png","width":320,"height":77,"caption":"Volumec"},"image":{"@id":"https:\/\/www.volumec.com\/en\/#\/schema\/logo\/image\/"}}]}},"_links":{"self":[{"href":"https:\/\/volumec.com\/de\/wp-json\/wp\/v2\/pages\/496","targetHints":{"allow":["GET"]}}],"collection":[{"href":"https:\/\/volumec.com\/de\/wp-json\/wp\/v2\/pages"}],"about":[{"href":"https:\/\/volumec.com\/de\/wp-json\/wp\/v2\/types\/page"}],"author":[{"embeddable":true,"href":"https:\/\/volumec.com\/de\/wp-json\/wp\/v2\/users\/1"}],"replies":[{"embeddable":true,"href":"https:\/\/volumec.com\/de\/wp-json\/wp\/v2\/comments?post=496"}],"version-history":[{"count":16,"href":"https:\/\/volumec.com\/de\/wp-json\/wp\/v2\/pages\/496\/revisions"}],"predecessor-version":[{"id":7973,"href":"https:\/\/volumec.com\/de\/wp-json\/wp\/v2\/pages\/496\/revisions\/7973"}],"wp:attachment":[{"href":"https:\/\/volumec.com\/de\/wp-json\/wp\/v2\/media?parent=496"}],"curies":[{"name":"wp","href":"https:\/\/api.w.org\/{rel}","templated":true}]}}