{"id":488,"date":"2024-12-05T12:16:57","date_gmt":"2024-12-05T11:16:57","guid":{"rendered":"http:\/\/volumec.com\/?page_id=488"},"modified":"2025-10-24T12:42:11","modified_gmt":"2025-10-24T10:42:11","slug":"mobile-manipulator","status":"publish","type":"page","link":"https:\/\/volumec.com\/de\/mobile-manipulator\/","title":{"rendered":"Mobile Manipulator"},"content":{"rendered":"<div class=\"wpb-content-wrapper\">[vc_row el_class=&#8220;ptd100 pbd100 ptm50 pbm50&#8243;][vc_column][vc_column_text css=&#8220;&#8220;]<strong>Die mobilen Manipulatoren RM01, RM02 und EAM sind ergonomische Armsysteme, mit denen Sie Lasten von bis zu 100 kg<\/strong> handhaben k\u00f6nnen. Dank ihrer mobilen Basis k\u00f6nnen sie problemlos in verschiedene Produktionsbereiche transportiert und mit dem modularen Greifsystem an unterschiedliche angepasst werden Formen und Teile, die bearbeitet werden sollen.<\/p>\n<p>Unsere mobilen Manipulatoren Rover und Easyarm Manipulatoren sind eine Kombination aus Ergonomie und Vielseitigkeit und wurden entwickelt, um die Produktivit\u00e4t und Sicherheit von Bedienern in den Bereichen Montage, Logistik und Materialtransport zu verbessern und Pr\u00e4zision und Anpassungsf\u00e4higkeit zu gew\u00e4hrleisten.[\/vc_column_text][\/vc_column][\/vc_row][vc_row full_width=&#8220;stretch_row&#8220; el_class=&#8220;prodotto_riga_configuratore ptd70 pbd90 ptm50 pbm60&#8243; css=&#8220;.vc_custom_1733737463239{background-image: url(http:\/\/volumec.com\/wp-content\/uploads\/2024\/12\/configuratore-bg.jpg?id=401) !important;}&#8220;][vc_column][vc_column_text css_animation=&#8220;fadeInUp&#8220; css=&#8220;&#8220; text_align=&#8220;center&#8220; font_weight=&#8220;700&#8243; color=&#8220;#ffffff&#8220;]\n<h2 style=\"text-align: center;\"><strong>Rover oder Easyarm Manipulator: ein mobiler Manipulator, den Sie \u00fcberall platzieren k\u00f6nnen.<\/strong><\/h2>\n[\/vc_column_text][\/vc_column][\/vc_row][vc_row full_width=&#8220;stretch_row&#8220; gap=&#8220;30&#8243; equal_height=&#8220;yes&#8220; columns_right=&#8220;yes&#8220; el_class=&#8220;prodotti_riga_prodotto ptd130 pbd130 ptm60 pbm60&#8243; css=&#8220;.vc_custom_1733471381571{background-color: #F1F1F1 !important;}&#8220;][vc_column css_animation=&#8220;fadeInRight&#8220; width=&#8220;1\/2&#8243;][vc_column_text css=&#8220;&#8220; el_class=&#8220;mtd20 mtm20 brm&#8220;]\n<h3><strong>Rover- Manipulator RM01<\/strong><\/h3>\n[\/vc_column_text][vc_column_text css=&#8220;&#8220; el_class=&#8220;mtd20 mtm20&#8243;]Technische Eigenschaften<\/p>\n<p><strong>Der Rover- Manipulator RM01 verf\u00fcgt \u00fcber eine maximale Tragf\u00e4higkeit von 100 kg<\/strong> und ein austauschbares Greifsystem je nach Bedarf oder Werkst\u00fcckart.\u00a0Der Kopf kann manuell gedreht oder auf mehreren Achsen motorisiert werden und ist daher in der Lage, die Teile w\u00e4hrend der Hebephase automatisch zu drehen.<\/p>\n<p>Der Rover RM01 wird zu einem mobilen Manipulator, wenn er mit den Trolleys CSM001 und CSM002 ausgestattet ist, kann aber auch am Boden oder an der Decke befestigt werden.[\/vc_column_text]<style>.vcex-button.vcex_69e062888c39f{border-radius:0px;color:#000000!important;padding:20px;border:2px solid #0b8df1;font-family:Manrope;font-size:16px;font-weight:700;}.vcex-button.vcex_69e062888c39f:hover{color:#000000!important;}<\/style><div class=\"theme-button-wrap textcenter wpex-clr\"><a href=\"https:\/\/volumec.com\/de\/mobile-manipulator\/rover-manipulator-rm01\/\" class=\"vcex-button theme-button outline align-center inline bottone1 mtd30 mtm30 vcex_69e062888c39f\"><span class=\"vcex-button-inner theme-button-inner wpex-flex wpex-flex-wrap wpex-items-center wpex-justify-center\">MEHR ENTDECKEN<span class=\"vcex-button-icon vcex-icon-wrap theme-button-icon-right\"><span aria-hidden=\"true\" class=\"fas fa-arrow-right\"><\/span><\/span><\/span><\/a><\/div> [\/vc_column][vc_column css_animation=&#8220;fadeInLeft&#8220; width=&#8220;1\/2&#8243;]<figure class=\"vcex-image vcex-module wpex-text-center\"><div class=\"vcex-image-inner wpex-relative wpex-inline-block\"><img width=\"768\" height=\"595\" src=\"https:\/\/volumec.com\/wp-content\/uploads\/2025\/10\/Mobilen-Manipulatoren-Rover-Manipulator-Rm01.jpg\" class=\"vcex-image-img wpex-align-middle\" alt=\"\" loading=\"lazy\" decoding=\"async\" srcset=\"https:\/\/volumec.com\/wp-content\/uploads\/2025\/10\/Mobilen-Manipulatoren-Rover-Manipulator-Rm01.jpg 768w, https:\/\/volumec.com\/wp-content\/uploads\/2025\/10\/Mobilen-Manipulatoren-Rover-Manipulator-Rm01-300x232.jpg 300w, https:\/\/volumec.com\/wp-content\/uploads\/2025\/10\/Mobilen-Manipulatoren-Rover-Manipulator-Rm01-600x465.jpg 600w\" sizes=\"auto, (max-width: 768px) 100vw, 768px\" \/><\/div><\/figure>[\/vc_column][\/vc_row][vc_row full_width=&#8220;stretch_row&#8220; gap=&#8220;30&#8243; equal_height=&#8220;yes&#8220; el_class=&#8220;prodotti_riga_prodotto ptd130 pbd130 ptm60 pbm60&#8243;][vc_column css_animation=&#8220;fadeInLeft&#8220; width=&#8220;1\/2&#8243;][vc_column_text css=&#8220;&#8220; el_class=&#8220;mtd20 mtm20 brm&#8220;]\n<h3><strong>Rover- Manipulator RM02<\/strong><\/h3>\n[\/vc_column_text][vc_column_text css=&#8220;&#8220; el_class=&#8220;mtd20 mtm20&#8243;]Technische Eigenschaften<\/p>\n<p><strong>Der Rover- Manipulator RM02 verf\u00fcgt \u00fcber eine maximale Tragf\u00e4higkeit von 50 kg<\/strong> und ein austauschbares Greifsystem je nach Bedarf oder Art der Teile.\u00a0Das Doppelgelenk stellt eine einzigartige L\u00f6sung dar, die es Ihnen erm\u00f6glicht, die H\u00f6he des Greifsystems vor der Durchf\u00fchrung der Manipulation anzupassen.<\/p>\n<p>Der Rover RM02 wird zu einem mobilen Manipulator, wenn er mit den Wagen CSM001 und CSM002 ausgestattet ist, kann aber auch am Boden oder an der Decke befestigt werden.[\/vc_column_text]<style>.vcex-button.vcex_69e06288929a2{border-radius:0px;color:#000000!important;padding:20px;border:2px solid #0b8df1;font-family:Manrope;font-size:16px;font-weight:700;}.vcex-button.vcex_69e06288929a2:hover{color:#000000!important;}<\/style><div class=\"theme-button-wrap textcenter wpex-clr\"><a href=\"https:\/\/volumec.com\/de\/mobile-manipulator\/rover-manipolatore-rm02\/\" class=\"vcex-button theme-button outline align-center inline bottone1 mtd30 mtm30 vcex_69e06288929a2\"><span class=\"vcex-button-inner theme-button-inner wpex-flex wpex-flex-wrap wpex-items-center wpex-justify-center\">MEHR ENTDECKEN<span class=\"vcex-button-icon vcex-icon-wrap theme-button-icon-right\"><span aria-hidden=\"true\" class=\"fas fa-arrow-right\"><\/span><\/span><\/span><\/a><\/div> [\/vc_column][vc_column css_animation=&#8220;fadeInRight&#8220; width=&#8220;1\/2&#8243;]<figure class=\"vcex-image vcex-module wpex-text-center\"><div class=\"vcex-image-inner wpex-relative wpex-inline-block\"><img width=\"768\" height=\"595\" src=\"https:\/\/volumec.com\/wp-content\/uploads\/2025\/10\/Mobilen-Manipulatoren-Rover-Manipulator-Rm02.jpg\" class=\"vcex-image-img wpex-align-middle\" alt=\"\" loading=\"lazy\" decoding=\"async\" srcset=\"https:\/\/volumec.com\/wp-content\/uploads\/2025\/10\/Mobilen-Manipulatoren-Rover-Manipulator-Rm02.jpg 768w, https:\/\/volumec.com\/wp-content\/uploads\/2025\/10\/Mobilen-Manipulatoren-Rover-Manipulator-Rm02-300x232.jpg 300w, https:\/\/volumec.com\/wp-content\/uploads\/2025\/10\/Mobilen-Manipulatoren-Rover-Manipulator-Rm02-600x465.jpg 600w\" sizes=\"auto, (max-width: 768px) 100vw, 768px\" \/><\/div><\/figure>[\/vc_column][\/vc_row][vc_row full_width=&#8220;stretch_row&#8220; gap=&#8220;30&#8243; equal_height=&#8220;yes&#8220; columns_right=&#8220;yes&#8220; el_class=&#8220;prodotti_riga_prodotto ptd130 pbd130 ptm60 pbm60&#8243; css=&#8220;.vc_custom_1733471381571{background-color: #F1F1F1 !important;}&#8220;][vc_column css_animation=&#8220;fadeInRight&#8220; width=&#8220;1\/2&#8243;][vc_column_text css=&#8220;&#8220; el_class=&#8220;mtd20 mtm20 brm&#8220;]\n<h3><strong>EasyArm Manipulator EAM2 \/EAM3<\/strong><\/h3>\n[\/vc_column_text][vc_column_text css=&#8220;&#8220; el_class=&#8220;mtd20 mtm20&#8243;]Technische Eigenschaften<\/p>\n<p><strong>EAM ist ein Manipulator, der f\u00fcr den wendigen und schnellen Umgang mit Lasten von bis zu 30 kg konzipiert ist.<\/strong> Dank des Rollwagens ist er leicht zu transportieren und kann eine Hubh\u00f6he von \u00fcber 2 Metern erreichen, was ihn ideal f\u00fcr eine Vielzahl von Anwendungen macht.<\/p>\n<p>Das modulare Griffsystem bietet vielseitige Optionen, darunter pneumatische Magnete, Saugn\u00e4pfe und Haken, und erm\u00f6glicht so die Anpassung an unterschiedliche Materialien und Formen. Diese Vielseitigkeit macht es perfekt f\u00fcr Aufgaben wie Montage, Logistik und Materialtransport und gew\u00e4hrleistet Pr\u00e4zision und Anpassungsf\u00e4higkeit.<\/p>\n<p>Die robuste Bauweise des Manipulators gew\u00e4hrleistet eine hohe Zuverl\u00e4ssigkeit und Sicherheit im Einsatz. Daher stellt EAM eine wirksame L\u00f6sung zur Verbesserung der Produktivit\u00e4t und betrieblichen Effizienz in modernen Industrien dar.[\/vc_column_text]<style>.vcex-button.vcex_69e0628896973{border-radius:0px;color:#000000!important;padding:20px;border:2px solid #0b8df1;font-family:Manrope;font-size:16px;font-weight:700;}.vcex-button.vcex_69e0628896973:hover{color:#000000!important;}<\/style><div class=\"theme-button-wrap textcenter wpex-clr\"><a href=\"https:\/\/volumec.com\/de\/mobile-manipulator\/easyarm-manipolatore-eam2-eam3\/\" class=\"vcex-button theme-button outline align-center inline bottone1 mtd30 mtm30 vcex_69e0628896973\"><span class=\"vcex-button-inner theme-button-inner wpex-flex wpex-flex-wrap wpex-items-center wpex-justify-center\">MEHR ENTDECKEN<span class=\"vcex-button-icon vcex-icon-wrap theme-button-icon-right\"><span aria-hidden=\"true\" class=\"fas fa-arrow-right\"><\/span><\/span><\/span><\/a><\/div> [\/vc_column][vc_column css_animation=&#8220;fadeInLeft&#8220; width=&#8220;1\/2&#8243;]<figure class=\"vcex-image vcex-module wpex-text-center\"><div class=\"vcex-image-inner wpex-relative wpex-inline-block\"><img width=\"768\" height=\"595\" src=\"https:\/\/volumec.com\/wp-content\/uploads\/2025\/10\/Mobilen-Manipulatoren-Easyarm-Eam2-Eam3.jpg\" class=\"vcex-image-img wpex-align-middle\" alt=\"\" loading=\"lazy\" decoding=\"async\" srcset=\"https:\/\/volumec.com\/wp-content\/uploads\/2025\/10\/Mobilen-Manipulatoren-Easyarm-Eam2-Eam3.jpg 768w, https:\/\/volumec.com\/wp-content\/uploads\/2025\/10\/Mobilen-Manipulatoren-Easyarm-Eam2-Eam3-300x232.jpg 300w, https:\/\/volumec.com\/wp-content\/uploads\/2025\/10\/Mobilen-Manipulatoren-Easyarm-Eam2-Eam3-600x465.jpg 600w\" sizes=\"auto, (max-width: 768px) 100vw, 768px\" \/><\/div><\/figure>[\/vc_column][\/vc_row][vc_row css_animation=&#8220;fadeIn&#8220; full_width=&#8220;stretch_row&#8220; content_placement=&#8220;middle&#8220; parallax=&#8220;content-moving&#8220; parallax_image=&#8220;277&#8243; el_class=&#8220;riga_banner ptd30 pbd30 ptm40 pbm40&#8243;][vc_column width=&#8220;1\/2&#8243;]<style>.vcex-image.vcex_69e0628899be2 .vcex-image-inner{max-width:600px;}<\/style><figure class=\"vcex-image vcex-module vcex_69e0628899be2\"><div class=\"vcex-image-inner wpex-relative wpex-inline-block\"><img width=\"1000\" height=\"239\" src=\"https:\/\/volumec.com\/wp-content\/uploads\/2024\/12\/logo-Volumec.png\" class=\"vcex-image-img wpex-align-middle\" alt=\"\" loading=\"lazy\" decoding=\"async\" srcset=\"https:\/\/volumec.com\/wp-content\/uploads\/2024\/12\/logo-Volumec.png 1000w, https:\/\/volumec.com\/wp-content\/uploads\/2024\/12\/logo-Volumec-300x72.png 300w, https:\/\/volumec.com\/wp-content\/uploads\/2024\/12\/logo-Volumec-768x184.png 768w, https:\/\/volumec.com\/wp-content\/uploads\/2024\/12\/logo-Volumec-600x143.png 600w\" sizes=\"auto, (max-width: 1000px) 100vw, 1000px\" \/><\/div><\/figure>[\/vc_column][vc_column width=&#8220;1\/2&#8243; el_class=&#8220;ptm40 cm&#8220;][vc_column_text css=&#8220;&#8220; color=&#8220;#ffffff&#8220; font_size=&#8220;d:100px|pl:45px|pp:45px&#8220; line_height=&#8220;110%&#8220; font_weight=&#8220;300&#8243;]Be <strong>innovative<\/strong>[\/vc_column_text][\/vc_column][\/vc_row]\n<\/div>","protected":false},"excerpt":{"rendered":"<p>[vc_row el_class=&#8220;ptd100 pbd100 ptm50 pbm50&#8243;][vc_column][vc_column_text css=&#8220;&#8220;]Die mobilen Manipulatoren RM01, RM02 und EAM sind ergonomische Armsysteme, mit denen Sie Lasten von bis zu 100 kg handhaben k\u00f6nnen. Dank ihrer mobilen Basis k\u00f6nnen sie problemlos in verschiedene Produktionsbereiche transportiert und mit dem modularen Greifsystem an unterschiedliche angepasst werden Formen und Teile, die bearbeitet werden sollen. Unsere mobilen&hellip;<\/p>\n","protected":false},"author":1,"featured_media":0,"parent":0,"menu_order":0,"comment_status":"closed","ping_status":"closed","template":"","meta":{"_acf_changed":false,"inline_featured_image":false,"footnotes":""},"class_list":["post-488","page","type-page","status-publish","hentry","entry","no-media"],"acf":[],"yoast_head":"<!-- This site is optimized with the Yoast SEO plugin v25.1 - https:\/\/yoast.com\/wordpress\/plugins\/seo\/ -->\n<title>Mobile Manipulator - Volumec<\/title>\n<meta name=\"description\" content=\"Unsere mobilen Manipulatoren erm\u00f6glichen das Handling von bis zu 100 kg und verbessern die Produktivit\u00e4t und Sicherheit.\" \/>\n<meta name=\"robots\" content=\"index, follow, max-snippet:-1, max-image-preview:large, max-video-preview:-1\" \/>\n<link rel=\"canonical\" href=\"https:\/\/volumec.com\/prodotti\/manipolatori\/\" \/>\n<meta property=\"og:locale\" content=\"de_DE\" \/>\n<meta property=\"og:type\" content=\"article\" \/>\n<meta property=\"og:title\" content=\"Mobile Manipulator - Volumec\" \/>\n<meta property=\"og:description\" content=\"Unsere mobilen Manipulatoren erm\u00f6glichen das Handling von bis zu 100 kg und verbessern die Produktivit\u00e4t und Sicherheit.\" \/>\n<meta property=\"og:url\" content=\"https:\/\/volumec.com\/prodotti\/manipolatori\/\" \/>\n<meta property=\"og:site_name\" content=\"Volumec\" \/>\n<meta property=\"article:modified_time\" content=\"2025-10-24T10:42:11+00:00\" \/>\n<meta name=\"twitter:card\" content=\"summary_large_image\" \/>\n<meta name=\"twitter:label1\" content=\"Gesch\u00e4tzte Lesezeit\" \/>\n\t<meta name=\"twitter:data1\" content=\"5\u00a0Minuten\" \/>\n<script type=\"application\/ld+json\" class=\"yoast-schema-graph\">{\"@context\":\"https:\/\/schema.org\",\"@graph\":[{\"@type\":\"WebPage\",\"@id\":\"https:\/\/volumec.com\/prodotti\/manipolatori\/\",\"url\":\"https:\/\/volumec.com\/prodotti\/manipolatori\/\",\"name\":\"Mobile Manipulator - Volumec\",\"isPartOf\":{\"@id\":\"https:\/\/www.volumec.com\/en\/#website\"},\"datePublished\":\"2024-12-05T11:16:57+00:00\",\"dateModified\":\"2025-10-24T10:42:11+00:00\",\"description\":\"Unsere mobilen Manipulatoren erm\u00f6glichen das Handling von bis zu 100 kg und verbessern die Produktivit\u00e4t und Sicherheit.\",\"breadcrumb\":{\"@id\":\"https:\/\/volumec.com\/prodotti\/manipolatori\/#breadcrumb\"},\"inLanguage\":\"de\",\"potentialAction\":[{\"@type\":\"ReadAction\",\"target\":[\"https:\/\/volumec.com\/prodotti\/manipolatori\/\"]}]},{\"@type\":\"BreadcrumbList\",\"@id\":\"https:\/\/volumec.com\/prodotti\/manipolatori\/#breadcrumb\",\"itemListElement\":[{\"@type\":\"ListItem\",\"position\":1,\"name\":\"Home\",\"item\":\"https:\/\/volumec.com\/de\/\"},{\"@type\":\"ListItem\",\"position\":2,\"name\":\"Mobile Manipulator\"}]},{\"@type\":\"WebSite\",\"@id\":\"https:\/\/www.volumec.com\/en\/#website\",\"url\":\"https:\/\/www.volumec.com\/en\/\",\"name\":\"Volumec.com\",\"description\":\"\",\"publisher\":{\"@id\":\"https:\/\/www.volumec.com\/en\/#organization\"},\"alternateName\":\"be innovative\",\"potentialAction\":[{\"@type\":\"SearchAction\",\"target\":{\"@type\":\"EntryPoint\",\"urlTemplate\":\"https:\/\/www.volumec.com\/en\/?s={search_term_string}\"},\"query-input\":{\"@type\":\"PropertyValueSpecification\",\"valueRequired\":true,\"valueName\":\"search_term_string\"}}],\"inLanguage\":\"de\"},{\"@type\":\"Organization\",\"@id\":\"https:\/\/www.volumec.com\/en\/#organization\",\"name\":\"Volumec\",\"url\":\"https:\/\/www.volumec.com\/en\/\",\"logo\":{\"@type\":\"ImageObject\",\"inLanguage\":\"de\",\"@id\":\"https:\/\/www.volumec.com\/en\/#\/schema\/logo\/image\/\",\"url\":\"https:\/\/volumec.com\/wp-content\/uploads\/2024\/12\/Volumec-logo.png\",\"contentUrl\":\"https:\/\/volumec.com\/wp-content\/uploads\/2024\/12\/Volumec-logo.png\",\"width\":320,\"height\":77,\"caption\":\"Volumec\"},\"image\":{\"@id\":\"https:\/\/www.volumec.com\/en\/#\/schema\/logo\/image\/\"}}]}<\/script>\n<!-- \/ Yoast SEO plugin. -->","yoast_head_json":{"title":"Mobile Manipulator - Volumec","description":"Unsere mobilen Manipulatoren erm\u00f6glichen das Handling von bis zu 100 kg und verbessern die Produktivit\u00e4t und Sicherheit.","robots":{"index":"index","follow":"follow","max-snippet":"max-snippet:-1","max-image-preview":"max-image-preview:large","max-video-preview":"max-video-preview:-1"},"canonical":"https:\/\/volumec.com\/prodotti\/manipolatori\/","og_locale":"de_DE","og_type":"article","og_title":"Mobile Manipulator - Volumec","og_description":"Unsere mobilen Manipulatoren erm\u00f6glichen das Handling von bis zu 100 kg und verbessern die Produktivit\u00e4t und Sicherheit.","og_url":"https:\/\/volumec.com\/prodotti\/manipolatori\/","og_site_name":"Volumec","article_modified_time":"2025-10-24T10:42:11+00:00","twitter_card":"summary_large_image","twitter_misc":{"Gesch\u00e4tzte Lesezeit":"5\u00a0Minuten"},"schema":{"@context":"https:\/\/schema.org","@graph":[{"@type":"WebPage","@id":"https:\/\/volumec.com\/prodotti\/manipolatori\/","url":"https:\/\/volumec.com\/prodotti\/manipolatori\/","name":"Mobile Manipulator - Volumec","isPartOf":{"@id":"https:\/\/www.volumec.com\/en\/#website"},"datePublished":"2024-12-05T11:16:57+00:00","dateModified":"2025-10-24T10:42:11+00:00","description":"Unsere mobilen Manipulatoren erm\u00f6glichen das Handling von bis zu 100 kg und verbessern die Produktivit\u00e4t und Sicherheit.","breadcrumb":{"@id":"https:\/\/volumec.com\/prodotti\/manipolatori\/#breadcrumb"},"inLanguage":"de","potentialAction":[{"@type":"ReadAction","target":["https:\/\/volumec.com\/prodotti\/manipolatori\/"]}]},{"@type":"BreadcrumbList","@id":"https:\/\/volumec.com\/prodotti\/manipolatori\/#breadcrumb","itemListElement":[{"@type":"ListItem","position":1,"name":"Home","item":"https:\/\/volumec.com\/de\/"},{"@type":"ListItem","position":2,"name":"Mobile Manipulator"}]},{"@type":"WebSite","@id":"https:\/\/www.volumec.com\/en\/#website","url":"https:\/\/www.volumec.com\/en\/","name":"Volumec.com","description":"","publisher":{"@id":"https:\/\/www.volumec.com\/en\/#organization"},"alternateName":"be innovative","potentialAction":[{"@type":"SearchAction","target":{"@type":"EntryPoint","urlTemplate":"https:\/\/www.volumec.com\/en\/?s={search_term_string}"},"query-input":{"@type":"PropertyValueSpecification","valueRequired":true,"valueName":"search_term_string"}}],"inLanguage":"de"},{"@type":"Organization","@id":"https:\/\/www.volumec.com\/en\/#organization","name":"Volumec","url":"https:\/\/www.volumec.com\/en\/","logo":{"@type":"ImageObject","inLanguage":"de","@id":"https:\/\/www.volumec.com\/en\/#\/schema\/logo\/image\/","url":"https:\/\/volumec.com\/wp-content\/uploads\/2024\/12\/Volumec-logo.png","contentUrl":"https:\/\/volumec.com\/wp-content\/uploads\/2024\/12\/Volumec-logo.png","width":320,"height":77,"caption":"Volumec"},"image":{"@id":"https:\/\/www.volumec.com\/en\/#\/schema\/logo\/image\/"}}]}},"_links":{"self":[{"href":"https:\/\/volumec.com\/de\/wp-json\/wp\/v2\/pages\/488","targetHints":{"allow":["GET"]}}],"collection":[{"href":"https:\/\/volumec.com\/de\/wp-json\/wp\/v2\/pages"}],"about":[{"href":"https:\/\/volumec.com\/de\/wp-json\/wp\/v2\/types\/page"}],"author":[{"embeddable":true,"href":"https:\/\/volumec.com\/de\/wp-json\/wp\/v2\/users\/1"}],"replies":[{"embeddable":true,"href":"https:\/\/volumec.com\/de\/wp-json\/wp\/v2\/comments?post=488"}],"version-history":[{"count":11,"href":"https:\/\/volumec.com\/de\/wp-json\/wp\/v2\/pages\/488\/revisions"}],"predecessor-version":[{"id":8470,"href":"https:\/\/volumec.com\/de\/wp-json\/wp\/v2\/pages\/488\/revisions\/8470"}],"wp:attachment":[{"href":"https:\/\/volumec.com\/de\/wp-json\/wp\/v2\/media?parent=488"}],"curies":[{"name":"wp","href":"https:\/\/api.w.org\/{rel}","templated":true}]}}