{"id":480,"date":"2024-12-09T10:52:30","date_gmt":"2024-12-09T09:52:30","guid":{"rendered":"http:\/\/volumec.com\/?page_id=480"},"modified":"2025-10-15T11:36:11","modified_gmt":"2025-10-15T09:36:11","slug":"schraub-und-einsaetze-system","status":"publish","type":"page","link":"https:\/\/volumec.com\/de\/schraub-und-einsaetze-system\/","title":{"rendered":"Schraub- und eins\u00e4tze system"},"content":{"rendered":"<div class=\"wpb-content-wrapper\">[vc_row el_class=&#8220;ptd100 pbd100 ptm50 pbm50&#8243;][vc_column][vc_column_text css=&#8220;&#8220;]Alle Modelle der Joytap Evo2 k\u00f6nnen dank des fortschrittlichsten VASTC-Kontrollsystems sowohl Schraubarbeiten mit Drehmomentkontrolle, Gewindeschneiden als auch das Einsetzen von Inserts und Helicoils in jede Materialart durchf\u00fchren. Das Kontrollsystem kann einfach programmiert werden, indem verschiedene Rezepte basierend auf der Art der Schraubverbindung, dem Material und dem verwendeten Werkzeug erstellt werden.[\/vc_column_text][\/vc_column][\/vc_row][vc_row full_width=&#8220;stretch_row&#8220; el_class=&#8220;prodotto_riga_configuratore ptd70 pbd90 ptm50 pbm60&#8243; css=&#8220;.vc_custom_1733737463239{background-image: url(http:\/\/volumec.com\/wp-content\/uploads\/2024\/12\/configuratore-bg.jpg?id=401) !important;}&#8220;][vc_column][vc_column_text css_animation=&#8220;fadeInUp&#8220; css=&#8220;&#8220; text_align=&#8220;center&#8220; font_weight=&#8220;700&#8243; color=&#8220;#ffffff&#8220;]\n<h2>Sie wissen nicht, welches Produkt Sie w\u00e4hlen sollen?<br \/>\nNutzen Sie unseren Konfigurator<\/h2>\n[\/vc_column_text]<style>.vcex-button.vcex_69ee30562b982{border-radius:0px;color:#ffffff!important;padding:20px;border:2px solid #0b8df1;font-family:Manrope;font-size:16px;font-weight:700;}.vcex-button.vcex_69ee30562b982:hover{color:#ffffff!important;}<\/style><div class=\"theme-button-wrap textcenter wpex-clr\"><a href=\"#\" class=\"vcex-button theme-button outline align-center inline bottone1 mtd45 mtm30 vcex_69ee30562b982\"><span class=\"vcex-button-inner theme-button-inner wpex-flex wpex-flex-wrap wpex-items-center wpex-justify-center\">ZUGRIFF AUF UNSEREN KONFIGURATOR<span class=\"vcex-button-icon vcex-icon-wrap theme-button-icon-right\"><span aria-hidden=\"true\" class=\"fas fa-arrow-right\"><\/span><\/span><\/span><\/a><\/div> [\/vc_column][\/vc_row][vc_row el_class=&#8220;ptd100 pbd100 ptm50 pbm50&#8243;][vc_column][vc_column_text css=&#8220;&#8220;]\n<h2><strong>Vastc-scanner: schnell &#8211; schnell und pr\u00e4zise<\/strong><\/h2>\n<p>Volumec pr\u00e4sentiert den VASTC-SCANNER, ein innovatives System mit integriertem QR-Leseger\u00e4t, das Gewindeschneid- und Schraubvorg\u00e4nge vereinfachen und beschleunigen soll.<\/p>\n<p>Dank dieser Technologie kann der Bediener einfach den mit der Spindel verbundenen QR-Code (MPA-MPI) scannen und die Maschine l\u00e4dt automatisch die richtigen Einstellungen, wodurch die Fehlerquote und die Bearbeitungszeiten erheblich reduziert werden.<\/p>\n<p>&nbsp;<\/p>\n<h2><strong>W\u00e4hlen Sie das beste Modell und die beste Konfiguration f\u00fcr Ihre Arbeit<\/strong><\/h2>\n<p>Die neuen Joytap Evo2 sind mit einem speziellen Gelenkarm mit einstellbarer Balance ausgestattet, der maximale Ergonomie bei Bewegungen sowie Geschwindigkeit und Pr\u00e4zision bei Operationen bietet. Der multidirektionale Kopf erm\u00f6glicht es Ihnen, auch unerfahrenen Bedienern problemlos in jede Richtung zu arbeiten. In Verbindung mit der gro\u00dfen Auswahl an Schnellspannfuttern, MPA zum Schrauben, MPI zum Platzieren von Eins\u00e4tzen und Kupplungsbuchsen zum Gewindeschneiden bietet Ihnen Volumec eine vollst\u00e4ndige und effiziente L\u00f6sung, um Ihre Arbeit so gut wie m\u00f6glich zu optimieren.[\/vc_column_text][\/vc_column][\/vc_row][vc_row full_width=&#8220;stretch_row&#8220; gap=&#8220;30&#8243; equal_height=&#8220;yes&#8220; el_class=&#8220;prodotti_riga_prodotto ptd130 pbd130 ptm60 pbm60&#8243;][vc_column css_animation=&#8220;fadeInRight&#8220; width=&#8220;1\/2&#8243;]<figure class=\"vcex-image vcex-module wpex-text-center\"><div class=\"vcex-image-inner wpex-relative wpex-inline-block\"><img width=\"768\" height=\"595\" src=\"https:\/\/volumec.com\/wp-content\/uploads\/2025\/10\/Schraub-Und-Einsatze-System-Joytap-3-Evo2.jpg\" class=\"vcex-image-img wpex-align-middle\" alt=\"\" loading=\"lazy\" decoding=\"async\" srcset=\"https:\/\/volumec.com\/wp-content\/uploads\/2025\/10\/Schraub-Und-Einsatze-System-Joytap-3-Evo2.jpg 768w, https:\/\/volumec.com\/wp-content\/uploads\/2025\/10\/Schraub-Und-Einsatze-System-Joytap-3-Evo2-300x232.jpg 300w, https:\/\/volumec.com\/wp-content\/uploads\/2025\/10\/Schraub-Und-Einsatze-System-Joytap-3-Evo2-600x465.jpg 600w\" sizes=\"auto, (max-width: 768px) 100vw, 768px\" \/><\/div><\/figure>[\/vc_column][vc_column css_animation=&#8220;fadeInLeft&#8220; width=&#8220;1\/2&#8243;][vc_column_text css=&#8220;&#8220; el_class=&#8220;mtd20 mtm20 brm&#8220;]\n<h3><strong>Joytap 3 Evo2<\/strong><\/h3>\n[\/vc_column_text][vc_column_text css=&#8220;.vc_custom_1734606135362{margin-top: 10px !important;}&#8220; font_weight=&#8220;700&#8243; font_size=&#8220;28px&#8220; line_height=&#8220;120%&#8220;]<strong>Reichweite 2000mm Gewindebohreinheit bis 400Nm<\/strong><\/p>\n<p><strong>\u00a0<\/strong>[\/vc_column_text][vc_column_text css=&#8220;&#8220; el_class=&#8220;mtd20 mtm20&#8243;]Eigenschaften<\/p>\n<ul>\n<li>Neue Aluminiumstruktur mit dreifachem Gelenkarm und exklusivem Volumec-Profil, das Pr\u00e4zision und Steifigkeit bei der Bearbeitung garantiert<\/li>\n<li>Ideal f\u00fcr vertikale, horizontale und Zwischenwinkelgewinde<\/li>\n<li>Verbesserte Gelenkarmmechanik f\u00fcr Laufruhe und St\u00e4rke<\/li>\n<li>B\u00fcrstenloser Motor der neuen Generation (G2) mit un\u00fcbertroffener Leistung und Zuverl\u00e4ssigkeit<\/li>\n<li>Integrierte, abgeschirmte Verkabelung verhindert umst\u00e4ndliche Anpassungen w\u00e4hrend der Bewegung<\/li>\n<li>Panel Touch VASTC, das fortschrittlichste auf dem Markt f\u00fcr automatisches Schrauben\/Gewindebohren mit Drehmomentkontrolle, Spanabfuhr und vielen weiteren neuen Funktionen sowie mit Drehmoment (Nm), Speichern von Bearbeitungsprogrammen auch aus der Ferne<\/li>\n<li>Multidirektionaler Kopf mit automatischer 0-90\u00b0-St\u00fcckausrichtungssuche ebenfalls enthalten<\/li>\n<li>Geringer Verbrauch und minimale Ger\u00e4uschentwicklung<\/li>\n<\/ul>\n[\/vc_column_text]<style>.vcex-button.vcex_69ee3056322f9{border-radius:0px;color:#000000!important;padding:20px;border:2px solid #0b8df1;font-family:Manrope;font-size:16px;font-weight:700;}.vcex-button.vcex_69ee3056322f9:hover{color:#000000!important;}<\/style><div class=\"theme-button-wrap textcenter wpex-clr\"><a href=\"http:\/\/volumec.com\/de\/schraub-und-einsaetze-system\/joytap-3\/\" class=\"vcex-button theme-button outline align-center inline bottone1 mtd30 mtm30 vcex_69ee3056322f9\"><span class=\"vcex-button-inner theme-button-inner wpex-flex wpex-flex-wrap wpex-items-center wpex-justify-center\">MEHR ENTDECKEN<span class=\"vcex-button-icon vcex-icon-wrap theme-button-icon-right\"><span aria-hidden=\"true\" class=\"fas fa-arrow-right\"><\/span><\/span><\/span><\/a><\/div> [\/vc_column][\/vc_row][vc_row full_width=&#8220;stretch_row&#8220; gap=&#8220;30&#8243; equal_height=&#8220;yes&#8220; columns_right=&#8220;yes&#8220; el_class=&#8220;prodotti_riga_prodotto ptd130 pbd130 ptm60 pbm60&#8243; css=&#8220;.vc_custom_1733471381571{background-color: #F1F1F1 !important;}&#8220;][vc_column css_animation=&#8220;fadeInLeft&#8220; width=&#8220;1\/2&#8243;]<figure class=\"vcex-image vcex-module wpex-text-center\"><div class=\"vcex-image-inner wpex-relative wpex-inline-block\"><img width=\"768\" height=\"595\" src=\"https:\/\/volumec.com\/wp-content\/uploads\/2025\/10\/Schraub-Und-Einsatze-System-Joytap-2-Evo2.jpg\" class=\"vcex-image-img wpex-align-middle\" alt=\"\" loading=\"lazy\" decoding=\"async\" srcset=\"https:\/\/volumec.com\/wp-content\/uploads\/2025\/10\/Schraub-Und-Einsatze-System-Joytap-2-Evo2.jpg 768w, https:\/\/volumec.com\/wp-content\/uploads\/2025\/10\/Schraub-Und-Einsatze-System-Joytap-2-Evo2-300x232.jpg 300w, https:\/\/volumec.com\/wp-content\/uploads\/2025\/10\/Schraub-Und-Einsatze-System-Joytap-2-Evo2-600x465.jpg 600w\" sizes=\"auto, (max-width: 768px) 100vw, 768px\" \/><\/div><\/figure>[\/vc_column][vc_column css_animation=&#8220;fadeInRight&#8220; width=&#8220;1\/2&#8243;][vc_column_text css=&#8220;&#8220; el_class=&#8220;mtd20 mtm20 brm&#8220;]\n<h3><strong>Joytap 2 Evo2<\/strong><\/h3>\n[\/vc_column_text][vc_column_text css=&#8220;.vc_custom_1734606045755{margin-top: 10px !important;}&#8220; font_weight=&#8220;700&#8243; font_size=&#8220;28px&#8220; line_height=&#8220;120%&#8220;]<strong>Reichweite 1300mm Gewindebohreinheit bis 180Nm<\/strong>[\/vc_column_text][vc_column_text css=&#8220;&#8220; el_class=&#8220;mtd20 mtm20&#8243; font_weight=&#8220;700&#8243;]Joytap 2 ist die elektrische Gewindeschneidmaschine, die Leistung, Qualit\u00e4t und geringen Verbrauch garantiert. Ihre einzigartigen technischen Eigenschaften, das Ergebnis jahrelanger Entwicklung, erm\u00f6glichen die Durchf\u00fchrung folgender Vorg\u00e4nge mit derselben Maschine: Gewindeschneiden, drehmomentgesteuertes Schrauben, Einstecken\/ Helicoil -Positionieren, Senken und Bohren.[\/vc_column_text][vc_column_text css=&#8220;&#8220; el_class=&#8220;mtd20 mtm20&#8243;]Eigenschaften<\/p>\n<ul>\n<li>Neue Aluminiumstruktur mit Doppelgelenkarm und exklusivem Volumenprofil , die im Vergleich zu anderen Modellen f\u00fcr mehr Steifigkeit und Pr\u00e4zision sorgt<\/li>\n<li>Weiter Drehzahlbereich bei konstantem Drehmoment<\/li>\n<li>Verbesserte Gelenkarmmechanik f\u00fcr Laufruhe und Haltbarkeit<\/li>\n<li>b\u00fcrstenloser Motor (G2) mit un\u00fcbertroffener Leistung und Zuverl\u00e4ssigkeit<\/li>\n<li>Multidirektionaler Kopf mit automatischer 0-90\u00b0-St\u00fcckausrichtungssuche ebenfalls enthalten<\/li>\n<li>Integrierte, abgeschirmte Verkabelung verhindert umst\u00e4ndliche Anpassungen w\u00e4hrend der Bewegung<\/li>\n<li>Bedienfeld\u200b touch vastc , das fortschrittlichste auf dem Markt f\u00fcr automatisches Schrauben\/Gewindebohren mit Drehmomentkontrolle, Spanabfuhr und vielen weiteren neuen Funktionen und mit Drehmoment (Nm), Speichern von Bearbeitungsprogrammen auch aus der Ferne<\/li>\n<li>Geringer Verbrauch und minimale Ger\u00e4uschentwicklung<\/li>\n<\/ul>\n[\/vc_column_text]<style>.vcex-button.vcex_69ee3056364e1{border-radius:0px;color:#000000!important;padding:20px;border:2px solid #0b8df1;font-family:Manrope;font-size:16px;font-weight:700;}.vcex-button.vcex_69ee3056364e1:hover{color:#000000!important;}<\/style><div class=\"theme-button-wrap textcenter wpex-clr\"><a href=\"http:\/\/volumec.com\/de\/schraub-und-einsaetze-system\/joytap-2\/\" class=\"vcex-button theme-button outline align-center inline bottone1 mtd30 mtm30 vcex_69ee3056364e1\"><span class=\"vcex-button-inner theme-button-inner wpex-flex wpex-flex-wrap wpex-items-center wpex-justify-center\">MEHR ENTDECKEN<span class=\"vcex-button-icon vcex-icon-wrap theme-button-icon-right\"><span aria-hidden=\"true\" class=\"fas fa-arrow-right\"><\/span><\/span><\/span><\/a><\/div> [\/vc_column][\/vc_row][vc_row css_animation=&#8220;fadeIn&#8220; full_width=&#8220;stretch_row&#8220; content_placement=&#8220;middle&#8220; parallax=&#8220;content-moving&#8220; parallax_image=&#8220;277&#8243; el_class=&#8220;riga_banner ptd30 pbd30 ptm40 pbm40&#8243;][vc_column width=&#8220;1\/2&#8243;]<style>.vcex-image.vcex_69ee305637d4c .vcex-image-inner{max-width:600px;}<\/style><figure class=\"vcex-image vcex-module vcex_69ee305637d4c\"><div class=\"vcex-image-inner wpex-relative wpex-inline-block\"><img width=\"1000\" height=\"239\" src=\"https:\/\/volumec.com\/wp-content\/uploads\/2024\/12\/logo-Volumec.png\" class=\"vcex-image-img wpex-align-middle\" alt=\"\" loading=\"lazy\" decoding=\"async\" srcset=\"https:\/\/volumec.com\/wp-content\/uploads\/2024\/12\/logo-Volumec.png 1000w, https:\/\/volumec.com\/wp-content\/uploads\/2024\/12\/logo-Volumec-300x72.png 300w, https:\/\/volumec.com\/wp-content\/uploads\/2024\/12\/logo-Volumec-768x184.png 768w, https:\/\/volumec.com\/wp-content\/uploads\/2024\/12\/logo-Volumec-600x143.png 600w\" sizes=\"auto, (max-width: 1000px) 100vw, 1000px\" \/><\/div><\/figure>[\/vc_column][vc_column width=&#8220;1\/2&#8243; el_class=&#8220;ptm40 cm&#8220;][vc_column_text css=&#8220;&#8220; color=&#8220;#ffffff&#8220; font_size=&#8220;d:100px|pl:45px|pp:45px&#8220; line_height=&#8220;110%&#8220; font_weight=&#8220;300&#8243;]Be <strong>innovative<\/strong>[\/vc_column_text][\/vc_column][\/vc_row]\n<\/div>","protected":false},"excerpt":{"rendered":"<p>[vc_row el_class=&#8220;ptd100 pbd100 ptm50 pbm50&#8243;][vc_column][vc_column_text css=&#8220;&#8220;]Alle Modelle der Joytap Evo2 k\u00f6nnen dank des fortschrittlichsten VASTC-Kontrollsystems sowohl Schraubarbeiten mit Drehmomentkontrolle, Gewindeschneiden als auch das Einsetzen von Inserts und Helicoils in jede Materialart durchf\u00fchren. Das Kontrollsystem kann einfach programmiert werden, indem verschiedene Rezepte basierend auf der Art der Schraubverbindung, dem Material und dem verwendeten Werkzeug erstellt werden.[\/vc_column_text][\/vc_column][\/vc_row][vc_row&hellip;<\/p>\n","protected":false},"author":1,"featured_media":0,"parent":0,"menu_order":0,"comment_status":"closed","ping_status":"closed","template":"","meta":{"_acf_changed":false,"inline_featured_image":false,"footnotes":""},"class_list":["post-480","page","type-page","status-publish","hentry","entry","no-media"],"acf":[],"yoast_head":"<!-- This site is optimized with the Yoast SEO plugin v25.1 - https:\/\/yoast.com\/wordpress\/plugins\/seo\/ -->\n<title>Schraub- und eins\u00e4tze system - Volumec<\/title>\n<meta name=\"description\" content=\"Volumec-Schraub- und Einsetzarmen mit einem Bewegungsradius von bis zu 2000 mm und einem Anzugsmoment von bis zu 400 Nm.\" \/>\n<meta name=\"robots\" content=\"index, follow, max-snippet:-1, max-image-preview:large, max-video-preview:-1\" \/>\n<link rel=\"canonical\" href=\"https:\/\/volumec.com\/de\/schraub-und-einsaetze-system\/\" \/>\n<meta property=\"og:locale\" content=\"de_DE\" \/>\n<meta property=\"og:type\" content=\"article\" \/>\n<meta property=\"og:title\" content=\"Schraub- und eins\u00e4tze system - Volumec\" \/>\n<meta property=\"og:description\" content=\"Volumec-Schraub- und Einsetzarmen mit einem Bewegungsradius von bis zu 2000 mm und einem Anzugsmoment von bis zu 400 Nm.\" \/>\n<meta property=\"og:url\" content=\"https:\/\/volumec.com\/de\/schraub-und-einsaetze-system\/\" \/>\n<meta property=\"og:site_name\" content=\"Volumec\" \/>\n<meta property=\"article:modified_time\" content=\"2025-10-15T09:36:11+00:00\" \/>\n<meta name=\"twitter:card\" content=\"summary_large_image\" \/>\n<meta name=\"twitter:label1\" content=\"Gesch\u00e4tzte Lesezeit\" \/>\n\t<meta name=\"twitter:data1\" content=\"5\u00a0Minuten\" \/>\n<script type=\"application\/ld+json\" class=\"yoast-schema-graph\">{\"@context\":\"https:\/\/schema.org\",\"@graph\":[{\"@type\":\"WebPage\",\"@id\":\"https:\/\/volumec.com\/de\/schraub-und-einsaetze-system\/\",\"url\":\"https:\/\/volumec.com\/de\/schraub-und-einsaetze-system\/\",\"name\":\"Schraub- und eins\u00e4tze system - Volumec\",\"isPartOf\":{\"@id\":\"https:\/\/www.volumec.com\/en\/#website\"},\"datePublished\":\"2024-12-09T09:52:30+00:00\",\"dateModified\":\"2025-10-15T09:36:11+00:00\",\"description\":\"Volumec-Schraub- und Einsetzarmen mit einem Bewegungsradius von bis zu 2000 mm und einem Anzugsmoment von bis zu 400 Nm.\",\"breadcrumb\":{\"@id\":\"https:\/\/volumec.com\/de\/schraub-und-einsaetze-system\/#breadcrumb\"},\"inLanguage\":\"de\",\"potentialAction\":[{\"@type\":\"ReadAction\",\"target\":[\"https:\/\/volumec.com\/de\/schraub-und-einsaetze-system\/\"]}]},{\"@type\":\"BreadcrumbList\",\"@id\":\"https:\/\/volumec.com\/de\/schraub-und-einsaetze-system\/#breadcrumb\",\"itemListElement\":[{\"@type\":\"ListItem\",\"position\":1,\"name\":\"Home\",\"item\":\"https:\/\/volumec.com\/de\/\"},{\"@type\":\"ListItem\",\"position\":2,\"name\":\"Schraub- und eins\u00e4tze system\"}]},{\"@type\":\"WebSite\",\"@id\":\"https:\/\/www.volumec.com\/en\/#website\",\"url\":\"https:\/\/www.volumec.com\/en\/\",\"name\":\"Volumec.com\",\"description\":\"\",\"publisher\":{\"@id\":\"https:\/\/www.volumec.com\/en\/#organization\"},\"alternateName\":\"be innovative\",\"potentialAction\":[{\"@type\":\"SearchAction\",\"target\":{\"@type\":\"EntryPoint\",\"urlTemplate\":\"https:\/\/www.volumec.com\/en\/?s={search_term_string}\"},\"query-input\":{\"@type\":\"PropertyValueSpecification\",\"valueRequired\":true,\"valueName\":\"search_term_string\"}}],\"inLanguage\":\"de\"},{\"@type\":\"Organization\",\"@id\":\"https:\/\/www.volumec.com\/en\/#organization\",\"name\":\"Volumec\",\"url\":\"https:\/\/www.volumec.com\/en\/\",\"logo\":{\"@type\":\"ImageObject\",\"inLanguage\":\"de\",\"@id\":\"https:\/\/www.volumec.com\/en\/#\/schema\/logo\/image\/\",\"url\":\"https:\/\/volumec.com\/wp-content\/uploads\/2024\/12\/Volumec-logo.png\",\"contentUrl\":\"https:\/\/volumec.com\/wp-content\/uploads\/2024\/12\/Volumec-logo.png\",\"width\":320,\"height\":77,\"caption\":\"Volumec\"},\"image\":{\"@id\":\"https:\/\/www.volumec.com\/en\/#\/schema\/logo\/image\/\"}}]}<\/script>\n<!-- \/ Yoast SEO plugin. -->","yoast_head_json":{"title":"Schraub- und eins\u00e4tze system - Volumec","description":"Volumec-Schraub- und Einsetzarmen mit einem Bewegungsradius von bis zu 2000 mm und einem Anzugsmoment von bis zu 400 Nm.","robots":{"index":"index","follow":"follow","max-snippet":"max-snippet:-1","max-image-preview":"max-image-preview:large","max-video-preview":"max-video-preview:-1"},"canonical":"https:\/\/volumec.com\/de\/schraub-und-einsaetze-system\/","og_locale":"de_DE","og_type":"article","og_title":"Schraub- und eins\u00e4tze system - Volumec","og_description":"Volumec-Schraub- und Einsetzarmen mit einem Bewegungsradius von bis zu 2000 mm und einem Anzugsmoment von bis zu 400 Nm.","og_url":"https:\/\/volumec.com\/de\/schraub-und-einsaetze-system\/","og_site_name":"Volumec","article_modified_time":"2025-10-15T09:36:11+00:00","twitter_card":"summary_large_image","twitter_misc":{"Gesch\u00e4tzte Lesezeit":"5\u00a0Minuten"},"schema":{"@context":"https:\/\/schema.org","@graph":[{"@type":"WebPage","@id":"https:\/\/volumec.com\/de\/schraub-und-einsaetze-system\/","url":"https:\/\/volumec.com\/de\/schraub-und-einsaetze-system\/","name":"Schraub- und eins\u00e4tze system - Volumec","isPartOf":{"@id":"https:\/\/www.volumec.com\/en\/#website"},"datePublished":"2024-12-09T09:52:30+00:00","dateModified":"2025-10-15T09:36:11+00:00","description":"Volumec-Schraub- und Einsetzarmen mit einem Bewegungsradius von bis zu 2000 mm und einem Anzugsmoment von bis zu 400 Nm.","breadcrumb":{"@id":"https:\/\/volumec.com\/de\/schraub-und-einsaetze-system\/#breadcrumb"},"inLanguage":"de","potentialAction":[{"@type":"ReadAction","target":["https:\/\/volumec.com\/de\/schraub-und-einsaetze-system\/"]}]},{"@type":"BreadcrumbList","@id":"https:\/\/volumec.com\/de\/schraub-und-einsaetze-system\/#breadcrumb","itemListElement":[{"@type":"ListItem","position":1,"name":"Home","item":"https:\/\/volumec.com\/de\/"},{"@type":"ListItem","position":2,"name":"Schraub- und eins\u00e4tze system"}]},{"@type":"WebSite","@id":"https:\/\/www.volumec.com\/en\/#website","url":"https:\/\/www.volumec.com\/en\/","name":"Volumec.com","description":"","publisher":{"@id":"https:\/\/www.volumec.com\/en\/#organization"},"alternateName":"be innovative","potentialAction":[{"@type":"SearchAction","target":{"@type":"EntryPoint","urlTemplate":"https:\/\/www.volumec.com\/en\/?s={search_term_string}"},"query-input":{"@type":"PropertyValueSpecification","valueRequired":true,"valueName":"search_term_string"}}],"inLanguage":"de"},{"@type":"Organization","@id":"https:\/\/www.volumec.com\/en\/#organization","name":"Volumec","url":"https:\/\/www.volumec.com\/en\/","logo":{"@type":"ImageObject","inLanguage":"de","@id":"https:\/\/www.volumec.com\/en\/#\/schema\/logo\/image\/","url":"https:\/\/volumec.com\/wp-content\/uploads\/2024\/12\/Volumec-logo.png","contentUrl":"https:\/\/volumec.com\/wp-content\/uploads\/2024\/12\/Volumec-logo.png","width":320,"height":77,"caption":"Volumec"},"image":{"@id":"https:\/\/www.volumec.com\/en\/#\/schema\/logo\/image\/"}}]}},"_links":{"self":[{"href":"https:\/\/volumec.com\/de\/wp-json\/wp\/v2\/pages\/480","targetHints":{"allow":["GET"]}}],"collection":[{"href":"https:\/\/volumec.com\/de\/wp-json\/wp\/v2\/pages"}],"about":[{"href":"https:\/\/volumec.com\/de\/wp-json\/wp\/v2\/types\/page"}],"author":[{"embeddable":true,"href":"https:\/\/volumec.com\/de\/wp-json\/wp\/v2\/users\/1"}],"replies":[{"embeddable":true,"href":"https:\/\/volumec.com\/de\/wp-json\/wp\/v2\/comments?post=480"}],"version-history":[{"count":11,"href":"https:\/\/volumec.com\/de\/wp-json\/wp\/v2\/pages\/480\/revisions"}],"predecessor-version":[{"id":8096,"href":"https:\/\/volumec.com\/de\/wp-json\/wp\/v2\/pages\/480\/revisions\/8096"}],"wp:attachment":[{"href":"https:\/\/volumec.com\/de\/wp-json\/wp\/v2\/media?parent=480"}],"curies":[{"name":"wp","href":"https:\/\/api.w.org\/{rel}","templated":true}]}}