{"id":472,"date":"2024-12-05T12:16:27","date_gmt":"2024-12-05T11:16:27","guid":{"rendered":"http:\/\/volumec.com\/?page_id=472"},"modified":"2025-10-24T12:27:18","modified_gmt":"2025-10-24T10:27:18","slug":"bohrarm","status":"publish","type":"page","link":"https:\/\/volumec.com\/de\/bohrarm\/","title":{"rendered":"Bohrarme"},"content":{"rendered":"<div class=\"wpb-content-wrapper\">[vc_row el_class=&#8220;ptd100 pbd100 ptm50 pbm50&#8243;][vc_column][vc_column_text css=&#8220;&#8220;]<strong>Bohrarme<\/strong> sind wesentliche Werkzeuge in verschiedenen Industriebereichen, von der mechanischen Produktion bis zur Materialverarbeitung. Unsere Bohrarme wurden entwickelt, um maximale Flexibilit\u00e4t bei der Bearbeitung zu bieten und pr\u00e4zise Bohrungen auf verschiedenen Oberfl\u00e4chen und Materialien zu erm\u00f6glichen, wodurch Fehlermargen reduziert und die Produktivit\u00e4t gesteigert wird. Die Bohrarme von Volumec sind darauf ausgelegt, eine flie\u00dfende und schnelle Positionierung zu gew\u00e4hrleisten und dabei Steifigkeit und Pr\u00e4zision w\u00e4hrend der Bohrvorg\u00e4nge sicherzustellen. Unsere Bohrarme wurden entwickelt, um maximale Verarbeitungsflexibilit\u00e4t zu bieten, die pr\u00e4zises Bohren auf verschiedenen Oberfl\u00e4chen und Materialien erm\u00f6glicht, die Betriebsabl\u00e4ufe vereinfacht und die Produktivit\u00e4t erh\u00f6ht.<\/p>\n<p>Die Bohrarme von Drilltronic sind so konzipiert, dass sie von Bedienern ohne Kenntnisse in CAD-CAM-Programmierung verwendet werden k\u00f6nnen, sowohl im manuellen, halbautomatischen als auch im vollautomatischen (CNC) Modus.<\/p>\n<p>Die Fl\u00fcssigkeit und Geschwindigkeit bei der Positionierung werden durch hochwertige Mechanik gew\u00e4hrleistet, die gleichzeitig Steifigkeit und Pr\u00e4zision w\u00e4hrend der Bohr-Gewindebohr-, Senk- und Fr\u00e4svorg\u00e4nge sicherstellt.[\/vc_column_text][\/vc_column][\/vc_row][vc_row full_width=&#8220;stretch_row&#8220; el_class=&#8220;prodotto_riga_configuratore ptd70 pbd90 ptm50 pbm60&#8243; css=&#8220;.vc_custom_1733737463239{background-image: url(http:\/\/volumec.com\/wp-content\/uploads\/2024\/12\/configuratore-bg.jpg?id=401) !important;}&#8220;][vc_column][vc_column_text css=&#8220;&#8220; color=&#8220;#ffffff&#8220; text_align=&#8220;center&#8220;]\n<h3><strong>Arten von Bohrarmen: Eigenschaften und Anwendungen<\/strong><\/h3>\n[\/vc_column_text][vc_column_text css=&#8220;&#8220; color=&#8220;#fefefe&#8220; text_align=&#8220;center&#8220;]Die Wahl der richtigen Bohrarme f\u00fcr Ihre Bed\u00fcrfnisse bedeutet eine Investition in ein optimiertes Bearbeitungsverfahren, bei dem Pr\u00e4zision und Sicherheit stets gew\u00e4hrleistet sind. Abh\u00e4ngig von Ihren Anforderungen k\u00f6nnen Sie Ihre Bohrarmstation in manueller, halbautomatischer oder CNC-automatischer Version erwerben.[\/vc_column_text][\/vc_column][\/vc_row][vc_row full_width=&#8220;stretch_row&#8220; gap=&#8220;30&#8243; equal_height=&#8220;yes&#8220; columns_right=&#8220;yes&#8220; el_class=&#8220;prodotti_riga_prodotto ptd130 pbd130 ptm60 pbm60&#8243; css=&#8220;.vc_custom_1733471381571{background-color: #F1F1F1 !important;}&#8220;][vc_column css_animation=&#8220;fadeInRight&#8220; width=&#8220;1\/2&#8243;][vc_column_text css=&#8220;&#8220; el_class=&#8220;mtd20 mtm20 brm&#8220;]\n<h3><strong>Manuelle Bohrarme<\/strong><\/h3>\n[\/vc_column_text][vc_column_text css=&#8220;&#8220; el_class=&#8220;mtd20 mtm20&#8243; font_weight=&#8220;normal&#8220;]Manuelle Bewegung und Verriegelung (x\/y) des Arms, mit manuellem Bohrvorschub (z).[\/vc_column_text]<style>.vcex-button.vcex_69e0665c40693{border-radius:0px;color:#000000!important;padding:20px;border:2px solid #0b8df1;font-family:Manrope;font-size:16px;font-weight:700;}.vcex-button.vcex_69e0665c40693:hover{color:#000000!important;}<\/style><div class=\"theme-button-wrap textcenter wpex-clr\"><a href=\"https:\/\/volumec.com\/de\/bohrarm\/manual-bohrarme\/\" class=\"vcex-button theme-button outline align-center inline bottone1 mtd30 mtm30 vcex_69e0665c40693\"><span class=\"vcex-button-inner theme-button-inner wpex-flex wpex-flex-wrap wpex-items-center wpex-justify-center\">MEHR ENTDECKEN<span class=\"vcex-button-icon vcex-icon-wrap theme-button-icon-right\"><span aria-hidden=\"true\" class=\"fas fa-arrow-right\"><\/span><\/span><\/span><\/a><\/div> [\/vc_column][vc_column css_animation=&#8220;fadeInLeft&#8220; width=&#8220;1\/2&#8243;]<figure class=\"vcex-image vcex-module wpex-text-center\"><div class=\"vcex-image-inner wpex-relative wpex-inline-block\"><img width=\"768\" height=\"595\" src=\"https:\/\/volumec.com\/wp-content\/uploads\/2025\/10\/Bohrarme-Manuelle-Bohrarme.jpg\" class=\"vcex-image-img wpex-align-middle\" alt=\"\" loading=\"lazy\" decoding=\"async\" srcset=\"https:\/\/volumec.com\/wp-content\/uploads\/2025\/10\/Bohrarme-Manuelle-Bohrarme.jpg 768w, https:\/\/volumec.com\/wp-content\/uploads\/2025\/10\/Bohrarme-Manuelle-Bohrarme-300x232.jpg 300w, https:\/\/volumec.com\/wp-content\/uploads\/2025\/10\/Bohrarme-Manuelle-Bohrarme-600x465.jpg 600w\" sizes=\"auto, (max-width: 768px) 100vw, 768px\" \/><\/div><\/figure>[\/vc_column][\/vc_row][vc_row full_width=&#8220;stretch_row&#8220; gap=&#8220;30&#8243; equal_height=&#8220;yes&#8220; el_class=&#8220;prodotti_riga_prodotto ptd130 pbd130 ptm60 pbm60&#8243;][vc_column css_animation=&#8220;fadeInLeft&#8220; width=&#8220;1\/2&#8243;][vc_column_text css=&#8220;&#8220; el_class=&#8220;mtd20 mtm20 brm&#8220;]\n<h3><strong>Semi-auto Bohrarme<\/strong><\/h3>\n[\/vc_column_text][vc_column_text css=&#8220;&#8220; el_class=&#8220;mtd20 mtm20&#8243; font_weight=&#8220;normal&#8220;]Programmierung der Arbeitskoordinaten (x\/y) mit automatischer Verriegelung des Arms durch das VAPS-Steuerungssystem, mit automatischem Bohr- und Gewindeschneidvorschub (VAPS-Z).[\/vc_column_text]<style>.vcex-button.vcex_69e0665c4705c{border-radius:0px;color:#000000!important;padding:20px;border:2px solid #0b8df1;font-family:Manrope;font-size:16px;font-weight:700;}.vcex-button.vcex_69e0665c4705c:hover{color:#000000!important;}<\/style><div class=\"theme-button-wrap textcenter wpex-clr\"><a href=\"https:\/\/volumec.com\/de\/bohrarm\/semi-auto-bohrarme\/\" class=\"vcex-button theme-button outline align-center inline bottone1 mtd30 mtm30 vcex_69e0665c4705c\"><span class=\"vcex-button-inner theme-button-inner wpex-flex wpex-flex-wrap wpex-items-center wpex-justify-center\">MEHR ENTDECKEN<span class=\"vcex-button-icon vcex-icon-wrap theme-button-icon-right\"><span aria-hidden=\"true\" class=\"fas fa-arrow-right\"><\/span><\/span><\/span><\/a><\/div> [\/vc_column][vc_column css_animation=&#8220;fadeInRight&#8220; width=&#8220;1\/2&#8243;]<figure class=\"vcex-image vcex-module wpex-text-center\"><div class=\"vcex-image-inner wpex-relative wpex-inline-block\"><img width=\"768\" height=\"595\" src=\"https:\/\/volumec.com\/wp-content\/uploads\/2025\/10\/Bohrarme-Semi-Auto-Bohrarme.jpg\" class=\"vcex-image-img wpex-align-middle\" alt=\"\" loading=\"lazy\" decoding=\"async\" srcset=\"https:\/\/volumec.com\/wp-content\/uploads\/2025\/10\/Bohrarme-Semi-Auto-Bohrarme.jpg 768w, https:\/\/volumec.com\/wp-content\/uploads\/2025\/10\/Bohrarme-Semi-Auto-Bohrarme-300x232.jpg 300w, https:\/\/volumec.com\/wp-content\/uploads\/2025\/10\/Bohrarme-Semi-Auto-Bohrarme-600x465.jpg 600w\" sizes=\"auto, (max-width: 768px) 100vw, 768px\" \/><\/div><\/figure>[\/vc_column][\/vc_row][vc_row full_width=&#8220;stretch_row&#8220; gap=&#8220;30&#8243; equal_height=&#8220;yes&#8220; columns_right=&#8220;yes&#8220; el_class=&#8220;prodotti_riga_prodotto ptd130 pbd130 ptm60 pbm60&#8243; css=&#8220;.vc_custom_1733471381571{background-color: #F1F1F1 !important;}&#8220;][vc_column css_animation=&#8220;fadeInRight&#8220; width=&#8220;1\/2&#8243;][vc_column_text css=&#8220;&#8220; el_class=&#8220;mtd20 mtm20 brm&#8220;]\n<h3><strong>Automatische Bohrarme \u2013 Vollautomatische CNC<\/strong><\/h3>\n[\/vc_column_text][vc_column_text css=&#8220;&#8220; el_class=&#8220;mtd20 mtm20&#8243; font_weight=&#8220;normal&#8220;]Vollst\u00e4ndig automatisches und programmierbares Positionierungs- und Bohrsystem (x\/y\/z) \u00fcber das VAPS-CNC-Steuerungssystem. Das neue VAPS-Steuerungssystem (Volumec\u00ae Assisted Positioning System) mit Touchscreen-Bedieneroberfl\u00e4che erm\u00f6glicht Bohr- und Gewindeschneidvorg\u00e4nge an voreingestellten Positionen und macht das manuelle Anrei\u00dfen, wie bei herk\u00f6mmlichen Bohrmaschinen, \u00fcberfl\u00fcssig.[\/vc_column_text]<style>.vcex-button.vcex_69e0665c4b205{border-radius:0px;color:#000000!important;padding:20px;border:2px solid #0b8df1;font-family:Manrope;font-size:16px;font-weight:700;}.vcex-button.vcex_69e0665c4b205:hover{color:#000000!important;}<\/style><div class=\"theme-button-wrap textcenter wpex-clr\"><a href=\"https:\/\/volumec.com\/de\/bohrarm\/automatic-cnc-bohrarme\/\" class=\"vcex-button theme-button outline align-center inline bottone1 mtd30 mtm30 vcex_69e0665c4b205\"><span class=\"vcex-button-inner theme-button-inner wpex-flex wpex-flex-wrap wpex-items-center wpex-justify-center\">MEHR ENTDECKEN<span class=\"vcex-button-icon vcex-icon-wrap theme-button-icon-right\"><span aria-hidden=\"true\" class=\"fas fa-arrow-right\"><\/span><\/span><\/span><\/a><\/div> [\/vc_column][vc_column css_animation=&#8220;fadeInLeft&#8220; width=&#8220;1\/2&#8243;]<figure class=\"vcex-image vcex-module wpex-text-center\"><div class=\"vcex-image-inner wpex-relative wpex-inline-block\"><img width=\"768\" height=\"595\" src=\"https:\/\/volumec.com\/wp-content\/uploads\/2025\/10\/Bohrarme-Automatische-Bohrarme-\u2013-Vollautomatische-Cnc.jpg\" class=\"vcex-image-img wpex-align-middle\" alt=\"\" loading=\"lazy\" decoding=\"async\" srcset=\"https:\/\/volumec.com\/wp-content\/uploads\/2025\/10\/Bohrarme-Automatische-Bohrarme-\u2013-Vollautomatische-Cnc.jpg 768w, https:\/\/volumec.com\/wp-content\/uploads\/2025\/10\/Bohrarme-Automatische-Bohrarme-\u2013-Vollautomatische-Cnc-300x232.jpg 300w, https:\/\/volumec.com\/wp-content\/uploads\/2025\/10\/Bohrarme-Automatische-Bohrarme-\u2013-Vollautomatische-Cnc-600x465.jpg 600w\" sizes=\"auto, (max-width: 768px) 100vw, 768px\" \/><\/div><\/figure>[\/vc_column][\/vc_row][vc_row css_animation=&#8220;fadeIn&#8220; full_width=&#8220;stretch_row&#8220; content_placement=&#8220;middle&#8220; parallax=&#8220;content-moving&#8220; parallax_image=&#8220;277&#8243; el_class=&#8220;riga_banner ptd30 pbd30 ptm40 pbm40&#8243;][vc_column width=&#8220;1\/2&#8243;]<style>.vcex-image.vcex_69e0665c4eaf3 .vcex-image-inner{max-width:600px;}<\/style><figure class=\"vcex-image vcex-module vcex_69e0665c4eaf3\"><div class=\"vcex-image-inner wpex-relative wpex-inline-block\"><img width=\"1000\" height=\"239\" src=\"https:\/\/volumec.com\/wp-content\/uploads\/2024\/12\/logo-Volumec.png\" class=\"vcex-image-img wpex-align-middle\" alt=\"\" loading=\"lazy\" decoding=\"async\" srcset=\"https:\/\/volumec.com\/wp-content\/uploads\/2024\/12\/logo-Volumec.png 1000w, https:\/\/volumec.com\/wp-content\/uploads\/2024\/12\/logo-Volumec-300x72.png 300w, https:\/\/volumec.com\/wp-content\/uploads\/2024\/12\/logo-Volumec-768x184.png 768w, https:\/\/volumec.com\/wp-content\/uploads\/2024\/12\/logo-Volumec-600x143.png 600w\" sizes=\"auto, (max-width: 1000px) 100vw, 1000px\" \/><\/div><\/figure>[\/vc_column][vc_column width=&#8220;1\/2&#8243; el_class=&#8220;ptm40 cm&#8220;][vc_column_text css=&#8220;&#8220; color=&#8220;#ffffff&#8220; font_size=&#8220;d:100px|pl:45px|pp:45px&#8220; line_height=&#8220;110%&#8220; font_weight=&#8220;300&#8243;]Be <strong>innovative<\/strong>[\/vc_column_text][\/vc_column][\/vc_row]\n<\/div>","protected":false},"excerpt":{"rendered":"<p>[vc_row el_class=&#8220;ptd100 pbd100 ptm50 pbm50&#8243;][vc_column][vc_column_text css=&#8220;&#8220;]Bohrarme sind wesentliche Werkzeuge in verschiedenen Industriebereichen, von der mechanischen Produktion bis zur Materialverarbeitung. Unsere Bohrarme wurden entwickelt, um maximale Flexibilit\u00e4t bei der Bearbeitung zu bieten und pr\u00e4zise Bohrungen auf verschiedenen Oberfl\u00e4chen und Materialien zu erm\u00f6glichen, wodurch Fehlermargen reduziert und die Produktivit\u00e4t gesteigert wird. Die Bohrarme von Volumec sind darauf&hellip;<\/p>\n","protected":false},"author":1,"featured_media":0,"parent":0,"menu_order":0,"comment_status":"closed","ping_status":"closed","template":"","meta":{"_acf_changed":false,"inline_featured_image":false,"footnotes":""},"class_list":["post-472","page","type-page","status-publish","hentry","entry","no-media"],"acf":[],"yoast_head":"<!-- This site is optimized with the Yoast SEO plugin v25.1 - https:\/\/yoast.com\/wordpress\/plugins\/seo\/ -->\n<title>Bohrarm; elektrischer automatischer Bohrarme - Volumec<\/title>\n<meta name=\"description\" content=\"Drilltronic ist ein Radialbohrarm, der Bohren, Gewindeschneiden und Senken an verschiedenen Materialtypen erm\u00f6glicht.\" \/>\n<meta name=\"robots\" content=\"index, follow, max-snippet:-1, max-image-preview:large, max-video-preview:-1\" \/>\n<link rel=\"canonical\" href=\"https:\/\/volumec.com\/prodotti\/bracci-di-foratura\/\" \/>\n<meta property=\"og:locale\" content=\"de_DE\" \/>\n<meta property=\"og:type\" content=\"article\" \/>\n<meta property=\"og:title\" content=\"Bohrarm; elektrischer automatischer Bohrarme - Volumec\" \/>\n<meta property=\"og:description\" content=\"Drilltronic ist ein Radialbohrarm, der Bohren, Gewindeschneiden und Senken an verschiedenen Materialtypen erm\u00f6glicht.\" \/>\n<meta property=\"og:url\" content=\"https:\/\/volumec.com\/prodotti\/bracci-di-foratura\/\" \/>\n<meta property=\"og:site_name\" content=\"Volumec\" \/>\n<meta property=\"article:modified_time\" content=\"2025-10-24T10:27:18+00:00\" \/>\n<meta name=\"twitter:card\" content=\"summary_large_image\" \/>\n<meta name=\"twitter:label1\" content=\"Gesch\u00e4tzte Lesezeit\" \/>\n\t<meta name=\"twitter:data1\" content=\"4\u00a0Minuten\" \/>\n<script type=\"application\/ld+json\" class=\"yoast-schema-graph\">{\"@context\":\"https:\/\/schema.org\",\"@graph\":[{\"@type\":\"WebPage\",\"@id\":\"https:\/\/volumec.com\/prodotti\/bracci-di-foratura\/\",\"url\":\"https:\/\/volumec.com\/prodotti\/bracci-di-foratura\/\",\"name\":\"Bohrarm; elektrischer automatischer Bohrarme - Volumec\",\"isPartOf\":{\"@id\":\"https:\/\/www.volumec.com\/en\/#website\"},\"datePublished\":\"2024-12-05T11:16:27+00:00\",\"dateModified\":\"2025-10-24T10:27:18+00:00\",\"description\":\"Drilltronic ist ein Radialbohrarm, der Bohren, Gewindeschneiden und Senken an verschiedenen Materialtypen erm\u00f6glicht.\",\"breadcrumb\":{\"@id\":\"https:\/\/volumec.com\/prodotti\/bracci-di-foratura\/#breadcrumb\"},\"inLanguage\":\"de\",\"potentialAction\":[{\"@type\":\"ReadAction\",\"target\":[\"https:\/\/volumec.com\/prodotti\/bracci-di-foratura\/\"]}]},{\"@type\":\"BreadcrumbList\",\"@id\":\"https:\/\/volumec.com\/prodotti\/bracci-di-foratura\/#breadcrumb\",\"itemListElement\":[{\"@type\":\"ListItem\",\"position\":1,\"name\":\"Home\",\"item\":\"https:\/\/volumec.com\/de\/\"},{\"@type\":\"ListItem\",\"position\":2,\"name\":\"Bohrarme\"}]},{\"@type\":\"WebSite\",\"@id\":\"https:\/\/www.volumec.com\/en\/#website\",\"url\":\"https:\/\/www.volumec.com\/en\/\",\"name\":\"Volumec.com\",\"description\":\"\",\"publisher\":{\"@id\":\"https:\/\/www.volumec.com\/en\/#organization\"},\"alternateName\":\"be innovative\",\"potentialAction\":[{\"@type\":\"SearchAction\",\"target\":{\"@type\":\"EntryPoint\",\"urlTemplate\":\"https:\/\/www.volumec.com\/en\/?s={search_term_string}\"},\"query-input\":{\"@type\":\"PropertyValueSpecification\",\"valueRequired\":true,\"valueName\":\"search_term_string\"}}],\"inLanguage\":\"de\"},{\"@type\":\"Organization\",\"@id\":\"https:\/\/www.volumec.com\/en\/#organization\",\"name\":\"Volumec\",\"url\":\"https:\/\/www.volumec.com\/en\/\",\"logo\":{\"@type\":\"ImageObject\",\"inLanguage\":\"de\",\"@id\":\"https:\/\/www.volumec.com\/en\/#\/schema\/logo\/image\/\",\"url\":\"https:\/\/volumec.com\/wp-content\/uploads\/2024\/12\/Volumec-logo.png\",\"contentUrl\":\"https:\/\/volumec.com\/wp-content\/uploads\/2024\/12\/Volumec-logo.png\",\"width\":320,\"height\":77,\"caption\":\"Volumec\"},\"image\":{\"@id\":\"https:\/\/www.volumec.com\/en\/#\/schema\/logo\/image\/\"}}]}<\/script>\n<!-- \/ Yoast SEO plugin. -->","yoast_head_json":{"title":"Bohrarm; elektrischer automatischer Bohrarme - Volumec","description":"Drilltronic ist ein Radialbohrarm, der Bohren, Gewindeschneiden und Senken an verschiedenen Materialtypen erm\u00f6glicht.","robots":{"index":"index","follow":"follow","max-snippet":"max-snippet:-1","max-image-preview":"max-image-preview:large","max-video-preview":"max-video-preview:-1"},"canonical":"https:\/\/volumec.com\/prodotti\/bracci-di-foratura\/","og_locale":"de_DE","og_type":"article","og_title":"Bohrarm; elektrischer automatischer Bohrarme - Volumec","og_description":"Drilltronic ist ein Radialbohrarm, der Bohren, Gewindeschneiden und Senken an verschiedenen Materialtypen erm\u00f6glicht.","og_url":"https:\/\/volumec.com\/prodotti\/bracci-di-foratura\/","og_site_name":"Volumec","article_modified_time":"2025-10-24T10:27:18+00:00","twitter_card":"summary_large_image","twitter_misc":{"Gesch\u00e4tzte Lesezeit":"4\u00a0Minuten"},"schema":{"@context":"https:\/\/schema.org","@graph":[{"@type":"WebPage","@id":"https:\/\/volumec.com\/prodotti\/bracci-di-foratura\/","url":"https:\/\/volumec.com\/prodotti\/bracci-di-foratura\/","name":"Bohrarm; elektrischer automatischer Bohrarme - Volumec","isPartOf":{"@id":"https:\/\/www.volumec.com\/en\/#website"},"datePublished":"2024-12-05T11:16:27+00:00","dateModified":"2025-10-24T10:27:18+00:00","description":"Drilltronic ist ein Radialbohrarm, der Bohren, Gewindeschneiden und Senken an verschiedenen Materialtypen erm\u00f6glicht.","breadcrumb":{"@id":"https:\/\/volumec.com\/prodotti\/bracci-di-foratura\/#breadcrumb"},"inLanguage":"de","potentialAction":[{"@type":"ReadAction","target":["https:\/\/volumec.com\/prodotti\/bracci-di-foratura\/"]}]},{"@type":"BreadcrumbList","@id":"https:\/\/volumec.com\/prodotti\/bracci-di-foratura\/#breadcrumb","itemListElement":[{"@type":"ListItem","position":1,"name":"Home","item":"https:\/\/volumec.com\/de\/"},{"@type":"ListItem","position":2,"name":"Bohrarme"}]},{"@type":"WebSite","@id":"https:\/\/www.volumec.com\/en\/#website","url":"https:\/\/www.volumec.com\/en\/","name":"Volumec.com","description":"","publisher":{"@id":"https:\/\/www.volumec.com\/en\/#organization"},"alternateName":"be innovative","potentialAction":[{"@type":"SearchAction","target":{"@type":"EntryPoint","urlTemplate":"https:\/\/www.volumec.com\/en\/?s={search_term_string}"},"query-input":{"@type":"PropertyValueSpecification","valueRequired":true,"valueName":"search_term_string"}}],"inLanguage":"de"},{"@type":"Organization","@id":"https:\/\/www.volumec.com\/en\/#organization","name":"Volumec","url":"https:\/\/www.volumec.com\/en\/","logo":{"@type":"ImageObject","inLanguage":"de","@id":"https:\/\/www.volumec.com\/en\/#\/schema\/logo\/image\/","url":"https:\/\/volumec.com\/wp-content\/uploads\/2024\/12\/Volumec-logo.png","contentUrl":"https:\/\/volumec.com\/wp-content\/uploads\/2024\/12\/Volumec-logo.png","width":320,"height":77,"caption":"Volumec"},"image":{"@id":"https:\/\/www.volumec.com\/en\/#\/schema\/logo\/image\/"}}]}},"_links":{"self":[{"href":"https:\/\/volumec.com\/de\/wp-json\/wp\/v2\/pages\/472","targetHints":{"allow":["GET"]}}],"collection":[{"href":"https:\/\/volumec.com\/de\/wp-json\/wp\/v2\/pages"}],"about":[{"href":"https:\/\/volumec.com\/de\/wp-json\/wp\/v2\/types\/page"}],"author":[{"embeddable":true,"href":"https:\/\/volumec.com\/de\/wp-json\/wp\/v2\/users\/1"}],"replies":[{"embeddable":true,"href":"https:\/\/volumec.com\/de\/wp-json\/wp\/v2\/comments?post=472"}],"version-history":[{"count":13,"href":"https:\/\/volumec.com\/de\/wp-json\/wp\/v2\/pages\/472\/revisions"}],"predecessor-version":[{"id":8446,"href":"https:\/\/volumec.com\/de\/wp-json\/wp\/v2\/pages\/472\/revisions\/8446"}],"wp:attachment":[{"href":"https:\/\/volumec.com\/de\/wp-json\/wp\/v2\/media?parent=472"}],"curies":[{"name":"wp","href":"https:\/\/api.w.org\/{rel}","templated":true}]}}