{"id":454,"date":"2024-12-09T10:53:06","date_gmt":"2024-12-09T09:53:06","guid":{"rendered":"http:\/\/volumec.com\/?page_id=454"},"modified":"2025-10-24T12:32:33","modified_gmt":"2025-10-24T10:32:33","slug":"laengenanschlag","status":"publish","type":"page","link":"https:\/\/volumec.com\/de\/laengenanschlag\/","title":{"rendered":"L\u00e4ngenanschlag"},"content":{"rendered":"<div class=\"wpb-content-wrapper\">[vc_row el_class=&#8220;ptd100 pbd100 ptm50 pbm50&#8243;][vc_column][vc_column_text css=&#8220;&#8220;]\n<p class=\"p1\">Der <span class=\"s1\"><b>L\u00e4ngenanschlag <\/b><\/span>ist ein Ger\u00e4t, das dazu dient, die Ma\u00dfe von Teilen vor der Verarbeitung sowohl im manuellen als auch im automatischen Modus (z. B. Schneiden mit einer S\u00e4ge) einzustellen. Das System umfasst eine Rollenbahn und eine integrierte Linearachse, die die Referenz auf das gew\u00fcnschte Ma\u00df positionieren und so im Vergleich zur manuellen Messung erhebliche Zeiteinsparungen und h\u00f6here Pr\u00e4zision gew\u00e4hrleisten.<\/p>\n[\/vc_column_text][\/vc_column][\/vc_row][vc_row el_class=&#8220;ptd100 pbd100 ptm50 pbm50&#8243;][vc_column][vc_column_text css=&#8220;&#8220;]\n<h2><strong>Verf\u00fcgbare Modelle<\/strong><\/h2>\n<p class=\"p1\">Volumec produziert WMA- <span class=\"s1\"><b>L\u00e4ngenanschlag <\/b><\/span>mit manueller Bewegung und WMO- <span class=\"s1\"><b>L\u00e4ngenanschlag <\/b><\/span>mit automatischem Motorbetrieb.<\/p>\n[\/vc_column_text][\/vc_column][\/vc_row][vc_row full_width=&#8220;stretch_row&#8220; gap=&#8220;30&#8243; equal_height=&#8220;yes&#8220; columns_right=&#8220;yes&#8220; el_class=&#8220;prodotti_riga_prodotto ptd130 pbd130 ptm60 pbm60&#8243; css=&#8220;.vc_custom_1733471381571{background-color: #F1F1F1 !important;}&#8220;][vc_column css_animation=&#8220;fadeInRight&#8220; width=&#8220;1\/2&#8243;][vc_column_text css=&#8220;&#8220; el_class=&#8220;mtd20 mtm20 brm&#8220;]\n<h3>WMA<\/h3>\n[\/vc_column_text][vc_column_text css=&#8220;.vc_custom_1736541541522{margin-top: 10px !important;}&#8220; font_weight=&#8220;700&#8243; font_size=&#8220;28px&#8220; line_height=&#8220;120%&#8220;]\n<p class=\"p1\"><strong>Manuelle Anschl\u00e4ge<\/strong><\/p>\n[\/vc_column_text][vc_column_text css=&#8220;&#8220; el_class=&#8220;mtd20 mtm20&#8243;]\n<p class=\"p1\"><strong><span class=\"s1\">L\u00e4ngenanschlag <\/span><\/strong>bestehend aus Rollenbahn + Linearachse mit Riemenantrieb, manuell bewegter R\u00fcckmeldeanschlag mit Digitalanzeige.<\/p>\n<p class=\"p1\">Verf\u00fcgbare L\u00e4ngen von 1000 mm bis 6000 mm kombinierbar mit S\u00e4gen, Schneidemaschinen, Bohrmaschinen, Scheren und Biegemaschinen.<\/p>\n<p class=\"p1\">Tragkraft 100 kg\/m und Auflagefl\u00e4chenbreite 265 mm<\/p>\n[\/vc_column_text]<style>.vcex-button.vcex_69e06294030a0{border-radius:0px;color:#000000!important;padding:20px;border:2px solid #0b8df1;font-family:Manrope;font-size:16px;font-weight:700;}.vcex-button.vcex_69e06294030a0:hover{color:#000000!important;}<\/style><div class=\"theme-button-wrap textcenter wpex-clr\"><a href=\"https:\/\/volumec.com\/de\/laengenanschlag\/wma\/\" class=\"vcex-button theme-button outline align-center inline bottone1 mtd30 mtm30 vcex_69e06294030a0\"><span class=\"vcex-button-inner theme-button-inner wpex-flex wpex-flex-wrap wpex-items-center wpex-justify-center\">MEHR ENTDECKEN<span class=\"vcex-button-icon vcex-icon-wrap theme-button-icon-right\"><span aria-hidden=\"true\" class=\"fas fa-arrow-right\"><\/span><\/span><\/span><\/a><\/div> [\/vc_column][vc_column css_animation=&#8220;fadeInLeft&#8220; width=&#8220;1\/2&#8243;]<figure class=\"vcex-image vcex-module wpex-text-center\"><div class=\"vcex-image-inner wpex-relative wpex-inline-block\"><img width=\"768\" height=\"595\" src=\"https:\/\/volumec.com\/wp-content\/uploads\/2025\/10\/Laengenanschlag-Wma.jpg\" class=\"vcex-image-img wpex-align-middle\" alt=\"\" loading=\"lazy\" decoding=\"async\" srcset=\"https:\/\/volumec.com\/wp-content\/uploads\/2025\/10\/Laengenanschlag-Wma.jpg 768w, https:\/\/volumec.com\/wp-content\/uploads\/2025\/10\/Laengenanschlag-Wma-300x232.jpg 300w, https:\/\/volumec.com\/wp-content\/uploads\/2025\/10\/Laengenanschlag-Wma-600x465.jpg 600w\" sizes=\"auto, (max-width: 768px) 100vw, 768px\" \/><\/div><\/figure>[\/vc_column][\/vc_row][vc_row full_width=&#8220;stretch_row&#8220; gap=&#8220;30&#8243; equal_height=&#8220;yes&#8220; el_class=&#8220;prodotti_riga_prodotto ptd130 pbd130 ptm60 pbm60&#8243;][vc_column css_animation=&#8220;fadeInLeft&#8220; width=&#8220;1\/2&#8243;][vc_column_text css=&#8220;&#8220; el_class=&#8220;mtd20 mtm20 brm&#8220;]\n<h3>Weltorganisation f\u00fcr geistiges Eigentum (WMO)<\/h3>\n[\/vc_column_text][vc_column_text css=&#8220;.vc_custom_1736541778772{margin-top: 10px !important;}&#8220; font_weight=&#8220;700&#8243; font_size=&#8220;28px&#8220; line_height=&#8220;120%&#8220;]\n<p class=\"p1\"><strong>Motorisierte Anschl\u00e4ge<\/strong><\/p>\n[\/vc_column_text][vc_column_text css=&#8220;&#8220; el_class=&#8220;mtd20 mtm20&#8243;]\n<p class=\"p1\"><span class=\"s1\"><b>L\u00e4ngenanschlag <\/b><\/span>bestehend aus Rollenbahn + Linearachse, angetrieben durch b\u00fcrstenlosen Motor und Messung durch Encoder, programmierbares Touchscreen-Steuerungssystem, bereit zur Verbindung mit S\u00e4gen, Schneidemaschinen, Bohrern, Scheren und Biegemaschinen.<\/p>\n<p class=\"p1\">Modelle in verschiedenen L\u00e4ngen erh\u00e4ltlich, von 1000 mm bis 6000 mm.<\/p>\n<p class=\"p1\">Tragkraft 100 kg\/m und Auflagefl\u00e4chenbreite 265 mm<\/p>\n[\/vc_column_text]<style>.vcex-button.vcex_69e0629409b81{border-radius:0px;color:#000000!important;padding:20px;border:2px solid #0b8df1;font-family:Manrope;font-size:16px;font-weight:700;}.vcex-button.vcex_69e0629409b81:hover{color:#000000!important;}<\/style><div class=\"theme-button-wrap textcenter wpex-clr\"><a href=\"https:\/\/volumec.com\/de\/laengenanschlag\/wmo\/\" class=\"vcex-button theme-button outline align-center inline bottone1 mtd30 mtm30 vcex_69e0629409b81\"><span class=\"vcex-button-inner theme-button-inner wpex-flex wpex-flex-wrap wpex-items-center wpex-justify-center\">MEHR ENTDECKEN<span class=\"vcex-button-icon vcex-icon-wrap theme-button-icon-right\"><span aria-hidden=\"true\" class=\"fas fa-arrow-right\"><\/span><\/span><\/span><\/a><\/div> [\/vc_column][vc_column css_animation=&#8220;fadeInRight&#8220; width=&#8220;1\/2&#8243;]<figure class=\"vcex-image vcex-module wpex-text-center\"><div class=\"vcex-image-inner wpex-relative wpex-inline-block\"><img width=\"768\" height=\"595\" src=\"https:\/\/volumec.com\/wp-content\/uploads\/2025\/10\/Laengenanschlag-Wmo.jpg\" class=\"vcex-image-img wpex-align-middle\" alt=\"\" loading=\"lazy\" decoding=\"async\" srcset=\"https:\/\/volumec.com\/wp-content\/uploads\/2025\/10\/Laengenanschlag-Wmo.jpg 768w, https:\/\/volumec.com\/wp-content\/uploads\/2025\/10\/Laengenanschlag-Wmo-300x232.jpg 300w, https:\/\/volumec.com\/wp-content\/uploads\/2025\/10\/Laengenanschlag-Wmo-600x465.jpg 600w\" sizes=\"auto, (max-width: 768px) 100vw, 768px\" \/><\/div><\/figure>[\/vc_column][\/vc_row][vc_row css_animation=&#8220;fadeIn&#8220; full_width=&#8220;stretch_row&#8220; content_placement=&#8220;middle&#8220; parallax=&#8220;content-moving&#8220; parallax_image=&#8220;277&#8243; el_class=&#8220;riga_banner ptd30 pbd30 ptm40 pbm40&#8243;][vc_column width=&#8220;1\/2&#8243;]<style>.vcex-image.vcex_69e062940cf5c .vcex-image-inner{max-width:600px;}<\/style><figure class=\"vcex-image vcex-module vcex_69e062940cf5c\"><div class=\"vcex-image-inner wpex-relative wpex-inline-block\"><img width=\"1000\" height=\"239\" src=\"https:\/\/volumec.com\/wp-content\/uploads\/2024\/12\/logo-Volumec.png\" class=\"vcex-image-img wpex-align-middle\" alt=\"\" loading=\"lazy\" decoding=\"async\" srcset=\"https:\/\/volumec.com\/wp-content\/uploads\/2024\/12\/logo-Volumec.png 1000w, https:\/\/volumec.com\/wp-content\/uploads\/2024\/12\/logo-Volumec-300x72.png 300w, https:\/\/volumec.com\/wp-content\/uploads\/2024\/12\/logo-Volumec-768x184.png 768w, https:\/\/volumec.com\/wp-content\/uploads\/2024\/12\/logo-Volumec-600x143.png 600w\" sizes=\"auto, (max-width: 1000px) 100vw, 1000px\" \/><\/div><\/figure>[\/vc_column][vc_column width=&#8220;1\/2&#8243; el_class=&#8220;ptm40 cm&#8220;][vc_column_text css=&#8220;&#8220; color=&#8220;#ffffff&#8220; font_size=&#8220;d:100px|pl:45px|pp:45px&#8220; line_height=&#8220;110%&#8220; font_weight=&#8220;300&#8243;]Be <strong>innovative<\/strong>[\/vc_column_text][\/vc_column][\/vc_row]\n<\/div>","protected":false},"excerpt":{"rendered":"<p>[vc_row el_class=&#8220;ptd100 pbd100 ptm50 pbm50&#8243;][vc_column][vc_column_text css=&#8220;&#8220;] Der L\u00e4ngenanschlag ist ein Ger\u00e4t, das dazu dient, die Ma\u00dfe von Teilen vor der Verarbeitung sowohl im manuellen als auch im automatischen Modus (z. B. Schneiden mit einer S\u00e4ge) einzustellen. Das System umfasst eine Rollenbahn und eine integrierte Linearachse, die die Referenz auf das gew\u00fcnschte Ma\u00df positionieren und so&hellip;<\/p>\n","protected":false},"author":1,"featured_media":0,"parent":0,"menu_order":0,"comment_status":"closed","ping_status":"closed","template":"","meta":{"_acf_changed":false,"inline_featured_image":false,"footnotes":""},"class_list":["post-454","page","type-page","status-publish","hentry","entry","no-media"],"acf":[],"yoast_head":"<!-- This site is optimized with the Yoast SEO plugin v25.1 - https:\/\/yoast.com\/wordpress\/plugins\/seo\/ -->\n<title>L\u00e4ngenanschlag - Volumec<\/title>\n<meta name=\"description\" content=\"Manuelle oder motorisierte Anschl\u00e4ge mit Rollen und linearer Achse von 1000 bis 6000 mm. Tragf\u00e4higkeit von 100 kg\/m und Auflagefl\u00e4chenbreite von 265 mm.\" \/>\n<meta name=\"robots\" content=\"index, follow, max-snippet:-1, max-image-preview:large, max-video-preview:-1\" \/>\n<link rel=\"canonical\" href=\"https:\/\/volumec.com\/prodotti\/battute-di-riscontro\/\" \/>\n<meta property=\"og:locale\" content=\"de_DE\" \/>\n<meta property=\"og:type\" content=\"article\" \/>\n<meta property=\"og:title\" content=\"L\u00e4ngenanschlag - Volumec\" \/>\n<meta property=\"og:description\" content=\"Manuelle oder motorisierte Anschl\u00e4ge mit Rollen und linearer Achse von 1000 bis 6000 mm. Tragf\u00e4higkeit von 100 kg\/m und Auflagefl\u00e4chenbreite von 265 mm.\" \/>\n<meta property=\"og:url\" content=\"https:\/\/volumec.com\/prodotti\/battute-di-riscontro\/\" \/>\n<meta property=\"og:site_name\" content=\"Volumec\" \/>\n<meta property=\"article:modified_time\" content=\"2025-10-24T10:32:33+00:00\" \/>\n<meta name=\"twitter:card\" content=\"summary_large_image\" \/>\n<meta name=\"twitter:label1\" content=\"Gesch\u00e4tzte Lesezeit\" \/>\n\t<meta name=\"twitter:data1\" content=\"3\u00a0Minuten\" \/>\n<script type=\"application\/ld+json\" class=\"yoast-schema-graph\">{\"@context\":\"https:\/\/schema.org\",\"@graph\":[{\"@type\":\"WebPage\",\"@id\":\"https:\/\/volumec.com\/prodotti\/battute-di-riscontro\/\",\"url\":\"https:\/\/volumec.com\/prodotti\/battute-di-riscontro\/\",\"name\":\"L\u00e4ngenanschlag - Volumec\",\"isPartOf\":{\"@id\":\"https:\/\/www.volumec.com\/en\/#website\"},\"datePublished\":\"2024-12-09T09:53:06+00:00\",\"dateModified\":\"2025-10-24T10:32:33+00:00\",\"description\":\"Manuelle oder motorisierte Anschl\u00e4ge mit Rollen und linearer Achse von 1000 bis 6000 mm. Tragf\u00e4higkeit von 100 kg\/m und Auflagefl\u00e4chenbreite von 265 mm.\",\"breadcrumb\":{\"@id\":\"https:\/\/volumec.com\/prodotti\/battute-di-riscontro\/#breadcrumb\"},\"inLanguage\":\"de\",\"potentialAction\":[{\"@type\":\"ReadAction\",\"target\":[\"https:\/\/volumec.com\/prodotti\/battute-di-riscontro\/\"]}]},{\"@type\":\"BreadcrumbList\",\"@id\":\"https:\/\/volumec.com\/prodotti\/battute-di-riscontro\/#breadcrumb\",\"itemListElement\":[{\"@type\":\"ListItem\",\"position\":1,\"name\":\"Home\",\"item\":\"https:\/\/volumec.com\/de\/\"},{\"@type\":\"ListItem\",\"position\":2,\"name\":\"L\u00e4ngenanschlag\"}]},{\"@type\":\"WebSite\",\"@id\":\"https:\/\/www.volumec.com\/en\/#website\",\"url\":\"https:\/\/www.volumec.com\/en\/\",\"name\":\"Volumec.com\",\"description\":\"\",\"publisher\":{\"@id\":\"https:\/\/www.volumec.com\/en\/#organization\"},\"alternateName\":\"be innovative\",\"potentialAction\":[{\"@type\":\"SearchAction\",\"target\":{\"@type\":\"EntryPoint\",\"urlTemplate\":\"https:\/\/www.volumec.com\/en\/?s={search_term_string}\"},\"query-input\":{\"@type\":\"PropertyValueSpecification\",\"valueRequired\":true,\"valueName\":\"search_term_string\"}}],\"inLanguage\":\"de\"},{\"@type\":\"Organization\",\"@id\":\"https:\/\/www.volumec.com\/en\/#organization\",\"name\":\"Volumec\",\"url\":\"https:\/\/www.volumec.com\/en\/\",\"logo\":{\"@type\":\"ImageObject\",\"inLanguage\":\"de\",\"@id\":\"https:\/\/www.volumec.com\/en\/#\/schema\/logo\/image\/\",\"url\":\"https:\/\/volumec.com\/wp-content\/uploads\/2024\/12\/Volumec-logo.png\",\"contentUrl\":\"https:\/\/volumec.com\/wp-content\/uploads\/2024\/12\/Volumec-logo.png\",\"width\":320,\"height\":77,\"caption\":\"Volumec\"},\"image\":{\"@id\":\"https:\/\/www.volumec.com\/en\/#\/schema\/logo\/image\/\"}}]}<\/script>\n<!-- \/ Yoast SEO plugin. -->","yoast_head_json":{"title":"L\u00e4ngenanschlag - Volumec","description":"Manuelle oder motorisierte Anschl\u00e4ge mit Rollen und linearer Achse von 1000 bis 6000 mm. Tragf\u00e4higkeit von 100 kg\/m und Auflagefl\u00e4chenbreite von 265 mm.","robots":{"index":"index","follow":"follow","max-snippet":"max-snippet:-1","max-image-preview":"max-image-preview:large","max-video-preview":"max-video-preview:-1"},"canonical":"https:\/\/volumec.com\/prodotti\/battute-di-riscontro\/","og_locale":"de_DE","og_type":"article","og_title":"L\u00e4ngenanschlag - Volumec","og_description":"Manuelle oder motorisierte Anschl\u00e4ge mit Rollen und linearer Achse von 1000 bis 6000 mm. Tragf\u00e4higkeit von 100 kg\/m und Auflagefl\u00e4chenbreite von 265 mm.","og_url":"https:\/\/volumec.com\/prodotti\/battute-di-riscontro\/","og_site_name":"Volumec","article_modified_time":"2025-10-24T10:32:33+00:00","twitter_card":"summary_large_image","twitter_misc":{"Gesch\u00e4tzte Lesezeit":"3\u00a0Minuten"},"schema":{"@context":"https:\/\/schema.org","@graph":[{"@type":"WebPage","@id":"https:\/\/volumec.com\/prodotti\/battute-di-riscontro\/","url":"https:\/\/volumec.com\/prodotti\/battute-di-riscontro\/","name":"L\u00e4ngenanschlag - Volumec","isPartOf":{"@id":"https:\/\/www.volumec.com\/en\/#website"},"datePublished":"2024-12-09T09:53:06+00:00","dateModified":"2025-10-24T10:32:33+00:00","description":"Manuelle oder motorisierte Anschl\u00e4ge mit Rollen und linearer Achse von 1000 bis 6000 mm. Tragf\u00e4higkeit von 100 kg\/m und Auflagefl\u00e4chenbreite von 265 mm.","breadcrumb":{"@id":"https:\/\/volumec.com\/prodotti\/battute-di-riscontro\/#breadcrumb"},"inLanguage":"de","potentialAction":[{"@type":"ReadAction","target":["https:\/\/volumec.com\/prodotti\/battute-di-riscontro\/"]}]},{"@type":"BreadcrumbList","@id":"https:\/\/volumec.com\/prodotti\/battute-di-riscontro\/#breadcrumb","itemListElement":[{"@type":"ListItem","position":1,"name":"Home","item":"https:\/\/volumec.com\/de\/"},{"@type":"ListItem","position":2,"name":"L\u00e4ngenanschlag"}]},{"@type":"WebSite","@id":"https:\/\/www.volumec.com\/en\/#website","url":"https:\/\/www.volumec.com\/en\/","name":"Volumec.com","description":"","publisher":{"@id":"https:\/\/www.volumec.com\/en\/#organization"},"alternateName":"be innovative","potentialAction":[{"@type":"SearchAction","target":{"@type":"EntryPoint","urlTemplate":"https:\/\/www.volumec.com\/en\/?s={search_term_string}"},"query-input":{"@type":"PropertyValueSpecification","valueRequired":true,"valueName":"search_term_string"}}],"inLanguage":"de"},{"@type":"Organization","@id":"https:\/\/www.volumec.com\/en\/#organization","name":"Volumec","url":"https:\/\/www.volumec.com\/en\/","logo":{"@type":"ImageObject","inLanguage":"de","@id":"https:\/\/www.volumec.com\/en\/#\/schema\/logo\/image\/","url":"https:\/\/volumec.com\/wp-content\/uploads\/2024\/12\/Volumec-logo.png","contentUrl":"https:\/\/volumec.com\/wp-content\/uploads\/2024\/12\/Volumec-logo.png","width":320,"height":77,"caption":"Volumec"},"image":{"@id":"https:\/\/www.volumec.com\/en\/#\/schema\/logo\/image\/"}}]}},"_links":{"self":[{"href":"https:\/\/volumec.com\/de\/wp-json\/wp\/v2\/pages\/454","targetHints":{"allow":["GET"]}}],"collection":[{"href":"https:\/\/volumec.com\/de\/wp-json\/wp\/v2\/pages"}],"about":[{"href":"https:\/\/volumec.com\/de\/wp-json\/wp\/v2\/types\/page"}],"author":[{"embeddable":true,"href":"https:\/\/volumec.com\/de\/wp-json\/wp\/v2\/users\/1"}],"replies":[{"embeddable":true,"href":"https:\/\/volumec.com\/de\/wp-json\/wp\/v2\/comments?post=454"}],"version-history":[{"count":12,"href":"https:\/\/volumec.com\/de\/wp-json\/wp\/v2\/pages\/454\/revisions"}],"predecessor-version":[{"id":8455,"href":"https:\/\/volumec.com\/de\/wp-json\/wp\/v2\/pages\/454\/revisions\/8455"}],"wp:attachment":[{"href":"https:\/\/volumec.com\/de\/wp-json\/wp\/v2\/media?parent=454"}],"curies":[{"name":"wp","href":"https:\/\/api.w.org\/{rel}","templated":true}]}}