{"id":438,"date":"2021-08-24T14:55:13","date_gmt":"2021-08-24T12:55:13","guid":{"rendered":"http:\/\/volumec.com\/?page_id=438"},"modified":"2025-05-14T14:27:02","modified_gmt":"2025-05-14T12:27:02","slug":"home","status":"publish","type":"page","link":"https:\/\/volumec.com\/de\/","title":{"rendered":"Home"},"content":{"rendered":"<div class=\"wpb-content-wrapper\">[vc_row css_animation=&#8220;fadeInUp&#8220; el_class=&#8220;ptd100 pbd200 ptm50 pbm100&#8243;][vc_column][vc_column_text css=&#8220;&#8220; text_align=&#8220;center&#8220;]\n<h2>Die <strong>technologie<\/strong>, die zeit in wert <strong>verwandelt<\/strong><\/h2>\n[\/vc_column_text][vc_column_text css=&#8220;&#8220; el_class=&#8220;mtd50 mtm40&#8243; text_align=&#8220;center&#8220;]Volumec\u00ae ist ein italienisches Unternehmen, das darauf abzielt, die Produktivit\u00e4t unserer Kunden zu verbessern und die Arbeit der Produktionsmitarbeiter durch sein Angebot an Maschinen und ergonomischen Armen zu erleichtern.[\/vc_column_text][\/vc_column][\/vc_row][vc_row full_width=&#8220;stretch_row&#8220; content_placement=&#8220;middle&#8220; el_class=&#8220;ptd70 pbd70 ptm50 pbm50&#8243; css=&#8220;.vc_custom_1733391809404{background-color: #131A1F !important;}&#8220;][vc_column css_animation=&#8220;fadeInLeft&#8220; width=&#8220;5\/12&#8243;][vc_column_text css=&#8220;&#8220; color=&#8220;#0c8df2&#8243; font_size=&#8220;18px&#8220;]Wie wir arbeiten[\/vc_column_text][vc_column_text css=&#8220;&#8220; el_class=&#8220;mtd20 mtm20 brm&#8220; color=&#8220;#ffffff&#8220; font_size=&#8220;10px&#8220;]\n<h3>So entwickeln wir uns<br \/>\nUnsere Produkte<\/h3>\n[\/vc_column_text][vc_separator color=&#8220;custom&#8220; css=&#8220;&#8220; accent_color=&#8220;#FFFFFF75&#8243; el_class=&#8220;mtd50 mtm40&#8243;]<style>.vcex-icon-box.vcex_69e06281a2b89 .vcex-icon-box-heading{margin-bottom:0px;color:#ffffff;font-weight:700;}.vcex-icon-box.vcex_69e06281a2b89 .vcex-icon-box-icon{color:#ffffff;}<\/style><div class=\"vcex-module vcex-icon-box vcex-icon-box-one wpex-flex wpex-items-center wpex-text-left mtd30 mbd30 mtm20 mbm20 vcex_69e06281a2b89\"><div class=\"vcex-icon-box-symbol vcex-icon-box-symbol--icon wpex-flex-shrink-0 wpex-mr-25\"><div class=\"vcex-icon-box-icon wpex-items-center wpex-justify-center wpex-child-inherit-color wpex-text-center wpex-leading-none wpex-flex wpex-text-1\"><span class=\"fa-light fa-arrow-down-right\" aria-hidden=\"true\"><\/span><\/div><\/div><div class=\"vcex-icon-box-text wpex-flex-grow\"><span class=\"vcex-icon-box-heading wpex-heading wpex-text-md\">Forschung und Entwicklung<\/span><\/div><\/div>[vc_separator color=&#8220;custom&#8220; css=&#8220;&#8220; accent_color=&#8220;#FFFFFF75&#8243;]<style>.vcex-icon-box.vcex_69e06281a5a09 .vcex-icon-box-heading{margin-bottom:0px;color:#ffffff;font-weight:700;}.vcex-icon-box.vcex_69e06281a5a09 .vcex-icon-box-icon{color:#ffffff;}<\/style><div class=\"vcex-module vcex-icon-box vcex-icon-box-one wpex-flex wpex-items-center wpex-text-left mtd30 mbd30 mtm20 mbm20 vcex_69e06281a5a09\"><div class=\"vcex-icon-box-symbol vcex-icon-box-symbol--icon wpex-flex-shrink-0 wpex-mr-25\"><div class=\"vcex-icon-box-icon wpex-items-center wpex-justify-center wpex-child-inherit-color wpex-text-center wpex-leading-none wpex-flex wpex-text-1\"><span class=\"fa-light fa-arrow-down-right\" aria-hidden=\"true\"><\/span><\/div><\/div><div class=\"vcex-icon-box-text wpex-flex-grow\"><span class=\"vcex-icon-box-heading wpex-heading wpex-text-md\">Studie und Planung der Idee<\/span><\/div><\/div>[vc_separator color=&#8220;custom&#8220; css=&#8220;&#8220; accent_color=&#8220;#FFFFFF75&#8243;]<style>.vcex-icon-box.vcex_69e06281a84df .vcex-icon-box-heading{margin-bottom:0px;color:#ffffff;font-weight:700;}.vcex-icon-box.vcex_69e06281a84df .vcex-icon-box-icon{color:#ffffff;}<\/style><div class=\"vcex-module vcex-icon-box vcex-icon-box-one wpex-flex wpex-items-center wpex-text-left mtd30 mbd30 mtm20 mbm20 vcex_69e06281a84df\"><div class=\"vcex-icon-box-symbol vcex-icon-box-symbol--icon wpex-flex-shrink-0 wpex-mr-25\"><div class=\"vcex-icon-box-icon wpex-items-center wpex-justify-center wpex-child-inherit-color wpex-text-center wpex-leading-none wpex-flex wpex-text-1\"><span class=\"fa-light fa-arrow-down-right\" aria-hidden=\"true\"><\/span><\/div><\/div><div class=\"vcex-icon-box-text wpex-flex-grow\"><span class=\"vcex-icon-box-heading wpex-heading wpex-text-md\">Produktion und Umsetzung<\/span><\/div><\/div>[vc_separator color=&#8220;custom&#8220; css=&#8220;&#8220; accent_color=&#8220;#FFFFFF75&#8243;]<style>.vcex-button.vcex_69e06281acdbe{border-radius:0px;color:#0b8df1!important;padding-block:12px;font-family:Manrope;font-size:16px;font-weight:700;}.vcex-button.vcex_69e06281acdbe:hover{color:#0b8df1!important;}<\/style><a href=\"http:\/\/volumec.com\/de\/unternehmen\/\" class=\"vcex-button theme-txt-link wpex-inline-block inline bottone2 mtd45 mtm30 vcex_69e06281acdbe\"><span class=\"vcex-button-inner theme-button-inner wpex-flex wpex-flex-wrap wpex-items-center wpex-justify-center\">MEHR ENTDECKEN<span class=\"vcex-button-icon vcex-icon-wrap theme-button-icon-right\"><span aria-hidden=\"true\" class=\"fas fa-arrow-down\"><\/span><\/span><\/span><\/a> [\/vc_column][vc_column css_animation=&#8220;fadeInRight&#8220; width=&#8220;7\/12&#8243; el_class=&#8220;mtm40&#8243;]<figure class=\"vcex-image vcex-module\"><div class=\"vcex-image-inner wpex-relative wpex-inline-block\"><img width=\"913\" height=\"577\" src=\"https:\/\/volumec.com\/wp-content\/uploads\/2024\/12\/Ecco-come-sviluppiamo-i-nostri-prodotti.jpg\" class=\"vcex-image-img wpex-align-middle\" alt=\"\" loading=\"lazy\" decoding=\"async\" srcset=\"https:\/\/volumec.com\/wp-content\/uploads\/2024\/12\/Ecco-come-sviluppiamo-i-nostri-prodotti.jpg 913w, https:\/\/volumec.com\/wp-content\/uploads\/2024\/12\/Ecco-come-sviluppiamo-i-nostri-prodotti-300x190.jpg 300w, https:\/\/volumec.com\/wp-content\/uploads\/2024\/12\/Ecco-come-sviluppiamo-i-nostri-prodotti-768x485.jpg 768w, https:\/\/volumec.com\/wp-content\/uploads\/2024\/12\/Ecco-come-sviluppiamo-i-nostri-prodotti-600x379.jpg 600w\" sizes=\"auto, (max-width: 913px) 100vw, 913px\" \/><\/div><\/figure>[\/vc_column][\/vc_row][vc_row el_class=&#8220;ptd100 pbd100 ptm50 pbm50&#8243;][vc_column][vc_column_text css_animation=&#8220;fadeInUp&#8220; css=&#8220;&#8220; text_align=&#8220;center&#8220;]\n<h2>Unsere <strong>Produkte<\/strong><\/h2>\n[\/vc_column_text][\/vc_column][\/vc_row][vc_row full_width=&#8220;stretch_row&#8220; equal_height=&#8220;yes&#8220; columns_right=&#8220;yes&#8220; el_class=&#8220;home_riga_prodotti&#8220; css=&#8220;.vc_custom_1733393227510{background-color: #F1F1F1 !important;}&#8220;][vc_column css_animation=&#8220;fadeInRight&#8220; width=&#8220;1\/2&#8243; el_class=&#8220;home_riga_prodotti_col1 rd&#8220;][vc_column_text css=&#8220;&#8220; el_class=&#8220;mtd20 mtm20 brm&#8220;]\n<h3>Elektrische Gewindeschneidmaschinen<\/h3>\n[\/vc_column_text][vc_column_text css=&#8220;&#8220; el_class=&#8220;mtd20 mtm20&#8243;]<strong>Elektrische Gewindeschneidmaschinen<\/strong>\u00a0sind Maschinen, die im industriellen und handwerklichen Bereich zur Herstellung von Gewinden an Metallteilen oder anderen Materialien eingesetzt werden und mit normaler elektrischer Leistung betrieben werden.[\/vc_column_text]<style>.vcex-button.vcex_69e06281b327a{border-radius:0px;color:#000000!important;padding:20px;border:2px solid #0b8df1;font-family:Manrope;font-size:16px;font-weight:700;}.vcex-button.vcex_69e06281b327a:hover{color:#000000!important;}<\/style><a href=\"http:\/\/volumec.com\/de\/elektrische-gewindeschneidmaschine\/\" class=\"vcex-button theme-button outline inline bottone1 mtd45 mtm30 vcex_69e06281b327a\"><span class=\"vcex-button-inner theme-button-inner wpex-flex wpex-flex-wrap wpex-items-center wpex-justify-center\">MEHR ERFAHREN<span class=\"vcex-button-icon vcex-icon-wrap theme-button-icon-right\"><span aria-hidden=\"true\" class=\"fas fa-arrow-right\"><\/span><\/span><\/span><\/a> [\/vc_column][vc_column css_animation=&#8220;fadeInLeft&#8220; width=&#8220;1\/2&#8243; el_class=&#8220;home_riga_prodotti_col2&#8243; css=&#8220;.vc_custom_1741472157128{background-image: url(http:\/\/volumec.com\/wp-content\/uploads\/2025\/02\/maschiatrici-elettriche.jpg?id=2093) !important;}&#8220;][\/vc_column][\/vc_row][vc_row full_width=&#8220;stretch_row&#8220; equal_height=&#8220;yes&#8220; el_class=&#8220;home_riga_prodotti&#8220; css=&#8220;.vc_custom_1733393944895{background-color: #F1F1F1 !important;}&#8220;][vc_column css_animation=&#8220;fadeInLeft&#8220; width=&#8220;1\/2&#8243; el_class=&#8220;home_riga_prodotti_col1&#8243;][vc_column_text css=&#8220;&#8220; el_class=&#8220;mtd20 mtm20 brm&#8220;]\n<h3>Bohrarme<\/h3>\n[\/vc_column_text][vc_column_text css=&#8220;&#8220; el_class=&#8220;mtd20 mtm20&#8243;]<strong>Bohrarme<\/strong>\u00a0sind wesentliche Werkzeuge in verschiedenen Industriebereichen, von der mechanischen Produktion bis zur Materialverarbeitung. Unsere Bohrarme wurden entwickelt, um maximale Flexibilit\u00e4t bei der Bearbeitung zu bieten und pr\u00e4zise Bohrungen auf verschiedenen Oberfl\u00e4chen und Materialien zu erm\u00f6glichen, wodurch Fehlermargen reduziert und die Produktivit\u00e4t gesteigert wird.[\/vc_column_text]<style>.vcex-button.vcex_69e06281b582d{border-radius:0px;color:#000000!important;padding:20px;border:2px solid #0b8df1;font-family:Manrope;font-size:16px;font-weight:700;}.vcex-button.vcex_69e06281b582d:hover{color:#000000!important;}<\/style><a href=\"http:\/\/volumec.com\/de\/bohrarm\/\" class=\"vcex-button theme-button outline inline bottone1 mtd45 mtm30 vcex_69e06281b582d\"><span class=\"vcex-button-inner theme-button-inner wpex-flex wpex-flex-wrap wpex-items-center wpex-justify-center\">MEHR ERFAHREN<span class=\"vcex-button-icon vcex-icon-wrap theme-button-icon-right\"><span aria-hidden=\"true\" class=\"fas fa-arrow-right\"><\/span><\/span><\/span><\/a> [\/vc_column][vc_column css_animation=&#8220;fadeInRight&#8220; width=&#8220;1\/2&#8243; el_class=&#8220;home_riga_prodotti_col2&#8243; css=&#8220;.vc_custom_1741472601325{background-image: url(http:\/\/volumec.com\/wp-content\/uploads\/2025\/03\/bracci-di-foratura.jpg?id=3215) !important;}&#8220;][\/vc_column][\/vc_row][vc_row full_width=&#8220;stretch_row&#8220; equal_height=&#8220;yes&#8220; columns_right=&#8220;yes&#8220; el_class=&#8220;home_riga_prodotti&#8220; css=&#8220;.vc_custom_1733393967274{background-color: #F1F1F1 !important;}&#8220;][vc_column css_animation=&#8220;fadeInRight&#8220; width=&#8220;1\/2&#8243; el_class=&#8220;home_riga_prodotti_col1 rd&#8220;][vc_column_text css=&#8220;&#8220; el_class=&#8220;mtd20 mtm20 brm&#8220;]\n<h3>Ausbalanciertes gelenkarm system<\/h3>\n[\/vc_column_text][vc_column_text css=&#8220;&#8220; el_class=&#8220;mtd20 mtm20&#8243;]Volumec\u00ae kreiert eine neue Reihe von\u00a0<strong>Gelenkarmen<\/strong>\u00a0Easyarm Evo2 wurde zum Ausbalancieren von Ger\u00e4ten oder Werkzeugen mit einem Gewicht zwischen 1 und 40 kg entwickelt.[\/vc_column_text]<style>.vcex-button.vcex_69e06281b7f1a{border-radius:0px;color:#000000!important;padding:20px;border:2px solid #0b8df1;font-family:Manrope;font-size:16px;font-weight:700;}.vcex-button.vcex_69e06281b7f1a:hover{color:#000000!important;}<\/style><a href=\"http:\/\/volumec.com\/de\/ausbalanciertes-gelenkarm-system\/\" class=\"vcex-button theme-button outline inline bottone1 mtd45 mtm30 vcex_69e06281b7f1a\"><span class=\"vcex-button-inner theme-button-inner wpex-flex wpex-flex-wrap wpex-items-center wpex-justify-center\">MEHR ERFAHREN<span class=\"vcex-button-icon vcex-icon-wrap theme-button-icon-right\"><span aria-hidden=\"true\" class=\"fas fa-arrow-right\"><\/span><\/span><\/span><\/a> [\/vc_column][vc_column css_animation=&#8220;fadeInLeft&#8220; width=&#8220;1\/2&#8243; el_class=&#8220;home_riga_prodotti_col2&#8243; css=&#8220;.vc_custom_1741472783459{background-image: url(http:\/\/volumec.com\/wp-content\/uploads\/2025\/03\/bracci-articolati-bilanciati.jpg?id=3221) !important;}&#8220;][\/vc_column][\/vc_row][vc_row full_width=&#8220;stretch_row&#8220; equal_height=&#8220;yes&#8220; el_class=&#8220;home_riga_prodotti pbm20&#8243; css=&#8220;.vc_custom_1733394541831{background-color: #F1F1F1 !important;}&#8220;][vc_column css_animation=&#8220;fadeInLeft&#8220; width=&#8220;1\/2&#8243; el_class=&#8220;home_riga_prodotti_col1&#8243;][vc_column_text css=&#8220;&#8220; el_class=&#8220;mtd20 mtm20 brm&#8220;]\n<h3>Mobile Manipulator<\/h3>\n[\/vc_column_text][vc_column_text css=&#8220;&#8220; el_class=&#8220;mtd20 mtm20&#8243;]<strong>Die mobilen Manipulatoren RM01, RM02 und EAM sind ergonomische Armsysteme, mit denen Sie Lasten von bis zu 100 kg<\/strong>\u00a0handhaben k\u00f6nnen.[\/vc_column_text]<style>.vcex-button.vcex_69e06281ba5ba{border-radius:0px;color:#000000!important;padding:20px;border:2px solid #0b8df1;font-family:Manrope;font-size:16px;font-weight:700;}.vcex-button.vcex_69e06281ba5ba:hover{color:#000000!important;}<\/style><a href=\"http:\/\/volumec.com\/de\/mobile-manipulator\/\" class=\"vcex-button theme-button outline inline bottone1 mtd45 mtm30 vcex_69e06281ba5ba\"><span class=\"vcex-button-inner theme-button-inner wpex-flex wpex-flex-wrap wpex-items-center wpex-justify-center\">MEHR ERFAHREN<span class=\"vcex-button-icon vcex-icon-wrap theme-button-icon-right\"><span aria-hidden=\"true\" class=\"fas fa-arrow-right\"><\/span><\/span><\/span><\/a> [\/vc_column][vc_column css_animation=&#8220;fadeInRight&#8220; width=&#8220;1\/2&#8243; el_class=&#8220;home_riga_prodotti_col2&#8243; css=&#8220;.vc_custom_1733729615271{background-image: url(http:\/\/volumec.com\/wp-content\/uploads\/2024\/12\/Manipolatori.jpg?id=269) !important;}&#8220;][\/vc_column][\/vc_row][vc_row el_class=&#8220;ptd80 pbd80 ptm50 pbm50&#8243;][vc_column]<style>.vcex-button.vcex_69e06281bcc5d{border-radius:0px;color:#000000!important;padding:20px;border:2px solid #0b8df1;font-family:Manrope;font-size:16px;font-weight:700;}.vcex-button.vcex_69e06281bcc5d:hover{color:#000000!important;}<\/style><div class=\"theme-button-wrap textcenter wpex-clr\"><a href=\"#\" class=\"vcex-button theme-button outline align-center inline bottone1 mtd45 mtm30  wpb_animate_when_almost_visible wpb_fadeInUp fadeInUp vcex_69e06281bcc5d\"><span class=\"vcex-button-inner theme-button-inner wpex-flex wpex-flex-wrap wpex-items-center wpex-justify-center\">ALLE ANZEIGEN<span class=\"vcex-button-icon vcex-icon-wrap theme-button-icon-right\"><span aria-hidden=\"true\" class=\"fas fa-arrow-right\"><\/span><\/span><\/span><\/a><\/div> [\/vc_column][\/vc_row][vc_row css_animation=&#8220;fadeIn&#8220; full_width=&#8220;stretch_row&#8220; content_placement=&#8220;middle&#8220; parallax=&#8220;content-moving&#8220; parallax_image=&#8220;277&#8243; el_class=&#8220;riga_banner ptd30 pbd30 ptm40 pbm40&#8243;][vc_column width=&#8220;1\/2&#8243;]<style>.vcex-image.vcex_69e06281be4c9 .vcex-image-inner{max-width:600px;}<\/style><figure class=\"vcex-image vcex-module vcex_69e06281be4c9\"><div class=\"vcex-image-inner wpex-relative wpex-inline-block\"><img width=\"1000\" height=\"239\" src=\"https:\/\/volumec.com\/wp-content\/uploads\/2024\/12\/logo-Volumec.png\" class=\"vcex-image-img wpex-align-middle\" alt=\"\" loading=\"lazy\" decoding=\"async\" srcset=\"https:\/\/volumec.com\/wp-content\/uploads\/2024\/12\/logo-Volumec.png 1000w, https:\/\/volumec.com\/wp-content\/uploads\/2024\/12\/logo-Volumec-300x72.png 300w, https:\/\/volumec.com\/wp-content\/uploads\/2024\/12\/logo-Volumec-768x184.png 768w, https:\/\/volumec.com\/wp-content\/uploads\/2024\/12\/logo-Volumec-600x143.png 600w\" sizes=\"auto, (max-width: 1000px) 100vw, 1000px\" \/><\/div><\/figure>[\/vc_column][vc_column width=&#8220;1\/2&#8243; el_class=&#8220;ptm40 cm&#8220;][vc_column_text css=&#8220;&#8220; color=&#8220;#ffffff&#8220; font_size=&#8220;d:100px|pl:45px|pp:45px&#8220; line_height=&#8220;110%&#8220; font_weight=&#8220;300&#8243;]Be <strong>innovative<\/strong>[\/vc_column_text][\/vc_column][\/vc_row][vc_row full_width=&#8220;stretch_row&#8220; el_class=&#8220;ptd100 pbd130 ptm50 pbm60&#8243; css=&#8220;.vc_custom_1733395221913{background-color: #F1F1F1 !important;}&#8220;][vc_column][vc_column_text css_animation=&#8220;fadeInUp&#8220; css=&#8220;&#8220; text_align=&#8220;center&#8220;]\n<h2>Unsere neuesten <strong>nachrichten<\/strong><\/h2>\n[\/vc_column_text][vc_basic_grid post_type=&#8220;post&#8220; max_items=&#8220;3&#8243; gap=&#8220;35&#8243; item=&#8220;347&#8243; css=&#8220;&#8220; grid_id=&#8220;vc_gid:1747225613511-61b7f3c2-104c-4&#8243; el_class=&#8220;mtd90 mtm50&#8243;][\/vc_column][\/vc_row]\n<\/div>","protected":false},"excerpt":{"rendered":"<p>[vc_row css_animation=&#8220;fadeInUp&#8220; el_class=&#8220;ptd100 pbd200 ptm50 pbm100&#8243;][vc_column][vc_column_text css=&#8220;&#8220; text_align=&#8220;center&#8220;] Die technologie, die zeit in wert verwandelt [\/vc_column_text][vc_column_text css=&#8220;&#8220; el_class=&#8220;mtd50 mtm40&#8243; text_align=&#8220;center&#8220;]Volumec\u00ae ist ein italienisches Unternehmen, das darauf abzielt, die Produktivit\u00e4t unserer Kunden zu verbessern und die Arbeit der Produktionsmitarbeiter durch sein Angebot an Maschinen und ergonomischen Armen zu erleichtern.[\/vc_column_text][\/vc_column][\/vc_row][vc_row full_width=&#8220;stretch_row&#8220; content_placement=&#8220;middle&#8220; el_class=&#8220;ptd70 pbd70 ptm50 pbm50&#8243; css=&#8220;.vc_custom_1733391809404{background-color:&hellip;<\/p>\n","protected":false},"author":1,"featured_media":0,"parent":0,"menu_order":0,"comment_status":"closed","ping_status":"closed","template":"","meta":{"_acf_changed":false,"inline_featured_image":false,"footnotes":""},"class_list":["post-438","page","type-page","status-publish","hentry","entry","no-media"],"acf":[],"yoast_head":"<!-- This site is optimized with the Yoast SEO plugin v25.1 - https:\/\/yoast.com\/wordpress\/plugins\/seo\/ -->\n<title>Home - Volumec<\/title>\n<meta name=\"robots\" content=\"index, follow, max-snippet:-1, max-image-preview:large, max-video-preview:-1\" \/>\n<link rel=\"canonical\" href=\"https:\/\/volumec.com\/de\/\" \/>\n<meta property=\"og:locale\" content=\"de_DE\" \/>\n<meta property=\"og:type\" content=\"article\" \/>\n<meta property=\"og:title\" content=\"Home - Volumec\" \/>\n<meta property=\"og:description\" content=\"[vc_row css_animation=&#8220;fadeInUp&#8220; el_class=&#8220;ptd100 pbd200 ptm50 pbm100&#8243;][vc_column][vc_column_text css=&#8220;&#8220; text_align=&#8220;center&#8220;] Die technologie, die zeit in wert verwandelt [\/vc_column_text][vc_column_text css=&#8220;&#8220; el_class=&#8220;mtd50 mtm40&#8243; text_align=&#8220;center&#8220;]Volumec\u00ae ist ein italienisches Unternehmen, das darauf abzielt, die Produktivit\u00e4t unserer Kunden zu verbessern und die Arbeit der Produktionsmitarbeiter durch sein Angebot an Maschinen und ergonomischen Armen zu erleichtern.[\/vc_column_text][\/vc_column][\/vc_row][vc_row full_width=&#8220;stretch_row&#8220; content_placement=&#8220;middle&#8220; el_class=&#8220;ptd70 pbd70 ptm50 pbm50&#8243; css=&#8220;.vc_custom_1733391809404{background-color:&hellip;\" \/>\n<meta property=\"og:url\" content=\"https:\/\/volumec.com\/de\/\" \/>\n<meta property=\"og:site_name\" content=\"Volumec\" \/>\n<meta property=\"article:modified_time\" content=\"2025-05-14T12:27:02+00:00\" \/>\n<meta name=\"twitter:card\" content=\"summary_large_image\" \/>\n<meta name=\"twitter:label1\" content=\"Gesch\u00e4tzte Lesezeit\" \/>\n\t<meta name=\"twitter:data1\" content=\"7\u00a0Minuten\" \/>\n<script type=\"application\/ld+json\" class=\"yoast-schema-graph\">{\"@context\":\"https:\/\/schema.org\",\"@graph\":[{\"@type\":\"WebPage\",\"@id\":\"https:\/\/volumec.com\/de\/\",\"url\":\"https:\/\/volumec.com\/de\/\",\"name\":\"Home - Volumec\",\"isPartOf\":{\"@id\":\"https:\/\/www.volumec.com\/en\/#website\"},\"datePublished\":\"2021-08-24T12:55:13+00:00\",\"dateModified\":\"2025-05-14T12:27:02+00:00\",\"breadcrumb\":{\"@id\":\"https:\/\/volumec.com\/de\/#breadcrumb\"},\"inLanguage\":\"de\",\"potentialAction\":[{\"@type\":\"ReadAction\",\"target\":[\"https:\/\/volumec.com\/de\/\"]}]},{\"@type\":\"BreadcrumbList\",\"@id\":\"https:\/\/volumec.com\/de\/#breadcrumb\",\"itemListElement\":[{\"@type\":\"ListItem\",\"position\":1,\"name\":\"Home\",\"item\":\"https:\/\/volumec.com\/de\/\"},{\"@type\":\"ListItem\",\"position\":2,\"name\":\"Home\"}]},{\"@type\":\"WebSite\",\"@id\":\"https:\/\/www.volumec.com\/en\/#website\",\"url\":\"https:\/\/www.volumec.com\/en\/\",\"name\":\"Volumec.com\",\"description\":\"\",\"publisher\":{\"@id\":\"https:\/\/www.volumec.com\/en\/#organization\"},\"alternateName\":\"be innovative\",\"potentialAction\":[{\"@type\":\"SearchAction\",\"target\":{\"@type\":\"EntryPoint\",\"urlTemplate\":\"https:\/\/www.volumec.com\/en\/?s={search_term_string}\"},\"query-input\":{\"@type\":\"PropertyValueSpecification\",\"valueRequired\":true,\"valueName\":\"search_term_string\"}}],\"inLanguage\":\"de\"},{\"@type\":\"Organization\",\"@id\":\"https:\/\/www.volumec.com\/en\/#organization\",\"name\":\"Volumec\",\"url\":\"https:\/\/www.volumec.com\/en\/\",\"logo\":{\"@type\":\"ImageObject\",\"inLanguage\":\"de\",\"@id\":\"https:\/\/www.volumec.com\/en\/#\/schema\/logo\/image\/\",\"url\":\"https:\/\/volumec.com\/wp-content\/uploads\/2024\/12\/Volumec-logo.png\",\"contentUrl\":\"https:\/\/volumec.com\/wp-content\/uploads\/2024\/12\/Volumec-logo.png\",\"width\":320,\"height\":77,\"caption\":\"Volumec\"},\"image\":{\"@id\":\"https:\/\/www.volumec.com\/en\/#\/schema\/logo\/image\/\"}}]}<\/script>\n<!-- \/ Yoast SEO plugin. -->","yoast_head_json":{"title":"Home - Volumec","robots":{"index":"index","follow":"follow","max-snippet":"max-snippet:-1","max-image-preview":"max-image-preview:large","max-video-preview":"max-video-preview:-1"},"canonical":"https:\/\/volumec.com\/de\/","og_locale":"de_DE","og_type":"article","og_title":"Home - Volumec","og_description":"[vc_row css_animation=&#8220;fadeInUp&#8220; el_class=&#8220;ptd100 pbd200 ptm50 pbm100&#8243;][vc_column][vc_column_text css=&#8220;&#8220; text_align=&#8220;center&#8220;] Die technologie, die zeit in wert verwandelt [\/vc_column_text][vc_column_text css=&#8220;&#8220; el_class=&#8220;mtd50 mtm40&#8243; text_align=&#8220;center&#8220;]Volumec\u00ae ist ein italienisches Unternehmen, das darauf abzielt, die Produktivit\u00e4t unserer Kunden zu verbessern und die Arbeit der Produktionsmitarbeiter durch sein Angebot an Maschinen und ergonomischen Armen zu erleichtern.[\/vc_column_text][\/vc_column][\/vc_row][vc_row full_width=&#8220;stretch_row&#8220; content_placement=&#8220;middle&#8220; el_class=&#8220;ptd70 pbd70 ptm50 pbm50&#8243; css=&#8220;.vc_custom_1733391809404{background-color:&hellip;","og_url":"https:\/\/volumec.com\/de\/","og_site_name":"Volumec","article_modified_time":"2025-05-14T12:27:02+00:00","twitter_card":"summary_large_image","twitter_misc":{"Gesch\u00e4tzte Lesezeit":"7\u00a0Minuten"},"schema":{"@context":"https:\/\/schema.org","@graph":[{"@type":"WebPage","@id":"https:\/\/volumec.com\/de\/","url":"https:\/\/volumec.com\/de\/","name":"Home - Volumec","isPartOf":{"@id":"https:\/\/www.volumec.com\/en\/#website"},"datePublished":"2021-08-24T12:55:13+00:00","dateModified":"2025-05-14T12:27:02+00:00","breadcrumb":{"@id":"https:\/\/volumec.com\/de\/#breadcrumb"},"inLanguage":"de","potentialAction":[{"@type":"ReadAction","target":["https:\/\/volumec.com\/de\/"]}]},{"@type":"BreadcrumbList","@id":"https:\/\/volumec.com\/de\/#breadcrumb","itemListElement":[{"@type":"ListItem","position":1,"name":"Home","item":"https:\/\/volumec.com\/de\/"},{"@type":"ListItem","position":2,"name":"Home"}]},{"@type":"WebSite","@id":"https:\/\/www.volumec.com\/en\/#website","url":"https:\/\/www.volumec.com\/en\/","name":"Volumec.com","description":"","publisher":{"@id":"https:\/\/www.volumec.com\/en\/#organization"},"alternateName":"be innovative","potentialAction":[{"@type":"SearchAction","target":{"@type":"EntryPoint","urlTemplate":"https:\/\/www.volumec.com\/en\/?s={search_term_string}"},"query-input":{"@type":"PropertyValueSpecification","valueRequired":true,"valueName":"search_term_string"}}],"inLanguage":"de"},{"@type":"Organization","@id":"https:\/\/www.volumec.com\/en\/#organization","name":"Volumec","url":"https:\/\/www.volumec.com\/en\/","logo":{"@type":"ImageObject","inLanguage":"de","@id":"https:\/\/www.volumec.com\/en\/#\/schema\/logo\/image\/","url":"https:\/\/volumec.com\/wp-content\/uploads\/2024\/12\/Volumec-logo.png","contentUrl":"https:\/\/volumec.com\/wp-content\/uploads\/2024\/12\/Volumec-logo.png","width":320,"height":77,"caption":"Volumec"},"image":{"@id":"https:\/\/www.volumec.com\/en\/#\/schema\/logo\/image\/"}}]}},"_links":{"self":[{"href":"https:\/\/volumec.com\/de\/wp-json\/wp\/v2\/pages\/438","targetHints":{"allow":["GET"]}}],"collection":[{"href":"https:\/\/volumec.com\/de\/wp-json\/wp\/v2\/pages"}],"about":[{"href":"https:\/\/volumec.com\/de\/wp-json\/wp\/v2\/types\/page"}],"author":[{"embeddable":true,"href":"https:\/\/volumec.com\/de\/wp-json\/wp\/v2\/users\/1"}],"replies":[{"embeddable":true,"href":"https:\/\/volumec.com\/de\/wp-json\/wp\/v2\/comments?post=438"}],"version-history":[{"count":23,"href":"https:\/\/volumec.com\/de\/wp-json\/wp\/v2\/pages\/438\/revisions"}],"predecessor-version":[{"id":6286,"href":"https:\/\/volumec.com\/de\/wp-json\/wp\/v2\/pages\/438\/revisions\/6286"}],"wp:attachment":[{"href":"https:\/\/volumec.com\/de\/wp-json\/wp\/v2\/media?parent=438"}],"curies":[{"name":"wp","href":"https:\/\/api.w.org\/{rel}","templated":true}]}}