{"id":3921,"date":"2025-03-04T11:50:46","date_gmt":"2025-03-04T10:50:46","guid":{"rendered":"http:\/\/volumec.com\/laengenanschlag\/wmo\/"},"modified":"2025-11-05T09:36:30","modified_gmt":"2025-11-05T08:36:30","slug":"wmo","status":"publish","type":"page","link":"https:\/\/volumec.com\/de\/laengenanschlag\/wmo\/","title":{"rendered":"WMO"},"content":{"rendered":"<div class=\"wpb-content-wrapper\">[vc_row full_width=&#8220;stretch_row&#8220; css=&#8220;.vc_custom_1741128513633{padding-top: 70px !important;padding-bottom: 70px !important;background: #13212E url(http:\/\/volumec.com\/wp-content\/uploads\/2024\/12\/Be-innovative.jpg?id=277) !important;}&#8220;][vc_column][vc_column_text css=&#8220;&#8220; text_align=&#8220;center&#8220; color=&#8220;#ffffff&#8220;]\n<h1>WMO<\/h1>\n[\/vc_column_text]<style>.vcex-breadcrumbs.vcex_69e0795822d3d .sep{color:#ffffff;}.vcex-breadcrumbs.vcex_69e0795822d3d{text-align:center;color:#ffffff;--wpex-link-color:#ffffff;}<\/style><nav class=\"vcex-breadcrumbs vcex-breadcrumbs--links-inherit-color vcex-breadcrumbs--custom-color vcex_69e0795822d3d\"><span><span><a href=\"https:\/\/volumec.com\/de\/\">Home<\/a><\/span><\/span><\/nav>[\/vc_column][\/vc_row][vc_row full_width=&#8220;stretch_row&#8220; el_class=&#8220;ptd80 pbd80 ptm40 pbm40&#8243;][vc_column width=&#8220;1\/2&#8243;][vc_column_text css=&#8220;&#8220; text_transform=&#8220;uppercase&#8220;]\n<h2><strong>Manueller Kontrollstopp<br \/>\n<\/strong><\/h2>\n[\/vc_column_text][vc_column_text css=&#8220;&#8220; el_class=&#8220;mtd50 mtm40 mbd40 mbm30&#8243;]Kontrollstopp bestehend aus Rollenbahn + linearer Achse, angetrieben durch b\u00fcrstenlosen Motor und Messung durch Encoder, programmierbares Touchscreen-Steuerungssystem f\u00fcr die Verbindung mit S\u00e4gen, Trennmaschinen, Bohrern, Scheren und Biegemaschinen. Modelle in verschiedenen L\u00e4ngen erh\u00e4ltlich, von 1000 mm bis 6000 mm. Kapazit\u00e4t 100 kg\/m und Breite der Auflagefl\u00e4che 265 mm.[\/vc_column_text][\/vc_column][vc_column width=&#8220;1\/2&#8243; el_class=&#8220;mtm20&#8243;]<div class=\"wpex-slider-preloaderimg wpex-relative\"><img width=\"800\" height=\"616\" src=\"https:\/\/volumec.com\/wp-content\/uploads\/2025\/11\/Langenanschlag-WMO.png\" class=\"skip-lazy\" alt=\"\" data-no-lazy=\"1\" srcset=\"https:\/\/volumec.com\/wp-content\/uploads\/2025\/11\/Langenanschlag-WMO.png 800w, https:\/\/volumec.com\/wp-content\/uploads\/2025\/11\/Langenanschlag-WMO-300x231.png 300w, https:\/\/volumec.com\/wp-content\/uploads\/2025\/11\/Langenanschlag-WMO-768x591.png 768w, https:\/\/volumec.com\/wp-content\/uploads\/2025\/11\/Langenanschlag-WMO-600x462.png 600w\" sizes=\"(max-width: 800px) 100vw, 800px\" \/><\/div><div class=\"vcex-image-slider vcex-module wpex-slider slider-pro wpex-clr\" data-loop=\"true\" data-auto-play-delay=\"5000\" data-animation-speed=\"600\" data-height-animation-duration=\"500\" data-thumbnail-height=\"70\" data-thumbnail-width=\"70\" data-reach-video-action=\"none\"><div class=\"wpex-slider-slides sp-slides\"><div class=\"wpex-slider-slide sp-slide\"><div class=\"wpex-slider-media wpex-relative\"><img width=\"800\" height=\"616\" src=\"https:\/\/volumec.com\/wp-content\/uploads\/2025\/11\/Langenanschlag-WMO.png\" class=\"skip-lazy\" alt=\"\" data-no-lazy=\"1\" srcset=\"https:\/\/volumec.com\/wp-content\/uploads\/2025\/11\/Langenanschlag-WMO.png 800w, https:\/\/volumec.com\/wp-content\/uploads\/2025\/11\/Langenanschlag-WMO-300x231.png 300w, https:\/\/volumec.com\/wp-content\/uploads\/2025\/11\/Langenanschlag-WMO-768x591.png 768w, https:\/\/volumec.com\/wp-content\/uploads\/2025\/11\/Langenanschlag-WMO-600x462.png 600w\" sizes=\"(max-width: 800px) 100vw, 800px\" \/><\/div><\/div><\/div><\/div>[\/vc_column][\/vc_row][vc_row el_class=&#8220;mtd20 mtm20&#8243; css=&#8220;.vc_custom_1741447882504{margin-bottom: 50px !important;}&#8220;][vc_column el_class=&#8220;cd cm&#8220; css=&#8220;.vc_custom_1740949684561{padding-bottom: 35px !important;}&#8220;]<style>.vcex-button.vcex_69e079582c095{border-radius:0px;color:#000000!important;padding:20px;border:2px solid #0b8df1;font-family:Manrope;font-size:16px;font-weight:700;}.vcex-button.vcex_69e079582c095:hover{color:#000000!important;}<\/style><div class=\"theme-button-wrap textcenter wpex-clr\"><a href=\"http:\/\/volumec.com\/de\/fragen-sie-uns-an\/\" class=\"vcex-button theme-button outline align-center inline bottone1 mtd30 mtm30 vcex_69e079582c095\"><span class=\"vcex-button-inner theme-button-inner wpex-flex wpex-flex-wrap wpex-items-center wpex-justify-center\">FRAGEN SIE UNS AN<span class=\"vcex-button-icon vcex-icon-wrap theme-button-icon-right\"><span aria-hidden=\"true\" class=\"fas fa-arrow-right\"><\/span><\/span><\/span><\/a><\/div> [\/vc_column][\/vc_row][vc_row full_width=&#8220;stretch_row&#8220; el_class=&#8220;ptd70 ptm50&#8243; css=&#8220;.vc_custom_1734433790933{background-color: #F1F1F1 !important;}&#8220;][vc_column]<div class=\"vcex-spacing wpex-w-100 wpex-clear\" style=\"height:50px;\"><\/div><div class=\"cq-datatable   cq-datatable-medium cq-datatable-gray\"><div class=\"cq-datatable-row cq-datatable-header cq-datatable-bg-customized\" style=\"background:#121A1E\"><div class=\"cq-datatable-cell\" data-title=\"Modell\"> Modell <\/div><div class=\"cq-datatable-cell\" data-title=\"L\u00e4nge (mm)\"> L\u00e4nge (mm) <\/div><\/div><div class=\"cq-datatable-row cq-datatable-data\"><div class=\"cq-datatable-cell\"> WMO1000 <\/div><div class=\"cq-datatable-cell\"> 1000 <\/div><\/div><div class=\"cq-datatable-row cq-datatable-data\"><div class=\"cq-datatable-cell\"> WMO2000 <\/div><div class=\"cq-datatable-cell\"> 2000 <\/div><\/div><div class=\"cq-datatable-row cq-datatable-data\"><div class=\"cq-datatable-cell\"> WMO3000 <\/div><div class=\"cq-datatable-cell\"> 3000 <\/div><\/div><div class=\"cq-datatable-row cq-datatable-data\"><div class=\"cq-datatable-cell\"> WMO4000 <\/div><div class=\"cq-datatable-cell\"> 4000 <\/div><\/div><div class=\"cq-datatable-row cq-datatable-data\"><div class=\"cq-datatable-cell\"> WMO4000 <\/div><div class=\"cq-datatable-cell\"> 4000 <\/div><\/div><div class=\"cq-datatable-row cq-datatable-data\"><div class=\"cq-datatable-cell\"> WMO6000 <\/div><div class=\"cq-datatable-cell\"> 6000 <\/div><\/div><div class=\"cq-datatable-row cq-datatable-data\"><div class=\"cq-datatable-cell\"> OLTRE <\/div><\/div>\n<\/div>[\/vc_column][\/vc_row][vc_row full_width=&#8220;stretch_row&#8220; local_scroll_id=&#8220;info&#8220; css=&#8220;.vc_custom_1740392980023{margin-bottom: -35px !important;background-color: #F1F1F1 !important;}&#8220; el_class=&#8220;ptd50 ptm50 pbd50 pbm50&#8243;][vc_column][vc_column_text css=&#8220;&#8220;]\n<h2 style=\"text-align: center;\"><strong>OPTIONAL<\/strong><\/h2>\n[\/vc_column_text][\/vc_column][\/vc_row][vc_row full_width=&#8220;stretch_row&#8220; el_class=&#8220;ptd40 mtm40&#8243; css=&#8220;.vc_custom_1740932706502{padding-bottom: 50px !important;background-color: #F1F1F1 !important;}&#8220;][vc_column width=&#8220;1\/3&#8243;]<style>.vcex-image.vcex_69e079582fb42 .vcex-image-img{border-radius:0px;border-color:#00000042;}<\/style><figure class=\"vcex-image vcex-module wpex-text-center vcex_69e079582fb42\"><div class=\"vcex-image-inner wpex-relative wpex-inline-block\"><a href=\"https:\/\/volumec.com\/wp-content\/uploads\/2025\/03\/fermo-di-stazionamento-pneumatico-.jpg\" class=\"wpex-lightbox\"><img width=\"800\" height=\"800\" src=\"https:\/\/volumec.com\/wp-content\/uploads\/2025\/03\/fermo-di-stazionamento-pneumatico-.jpg\" class=\"vcex-image-img wpex-align-middle wpex-border wpex-border-solid\" alt=\"\" loading=\"lazy\" decoding=\"async\" srcset=\"https:\/\/volumec.com\/wp-content\/uploads\/2025\/03\/fermo-di-stazionamento-pneumatico-.jpg 800w, https:\/\/volumec.com\/wp-content\/uploads\/2025\/03\/fermo-di-stazionamento-pneumatico--300x300.jpg 300w, https:\/\/volumec.com\/wp-content\/uploads\/2025\/03\/fermo-di-stazionamento-pneumatico--150x150.jpg 150w, https:\/\/volumec.com\/wp-content\/uploads\/2025\/03\/fermo-di-stazionamento-pneumatico--768x768.jpg 768w, https:\/\/volumec.com\/wp-content\/uploads\/2025\/03\/fermo-di-stazionamento-pneumatico--600x600.jpg 600w, https:\/\/volumec.com\/wp-content\/uploads\/2025\/03\/fermo-di-stazionamento-pneumatico--100x100.jpg 100w, https:\/\/volumec.com\/wp-content\/uploads\/2025\/03\/fermo-di-stazionamento-pneumatico--460x460.jpg 460w\" sizes=\"auto, (max-width: 800px) 100vw, 800px\" \/><\/a><\/div><\/figure>[vc_column_text css=&#8220;&#8220; font_size=&#8220;19px&#8220; line_height=&#8220;100%&#8220; font_weight=&#8220;700&#8243; el_class=&#8220;mtd20 mtm20&#8243;]\n<p class=\"mb-2\">REIFENPARKVERRIEGELUNG<\/p>\n[\/vc_column_text][\/vc_column][vc_column width=&#8220;1\/3&#8243; el_class=&#8220;mtm40&#8243;]<style>.vcex-image.vcex_69e0795832153 .vcex-image-img{border-radius:0px;border-color:#00000042;}<\/style><figure class=\"vcex-image vcex-module wpex-text-center vcex_69e0795832153\"><div class=\"vcex-image-inner wpex-relative wpex-inline-block\"><a href=\"https:\/\/volumec.com\/wp-content\/uploads\/2025\/03\/battuta-con-assorbimento-urti.jpg\" class=\"wpex-lightbox\"><img width=\"800\" height=\"800\" src=\"https:\/\/volumec.com\/wp-content\/uploads\/2025\/03\/battuta-con-assorbimento-urti.jpg\" class=\"vcex-image-img wpex-align-middle wpex-border wpex-border-solid\" alt=\"\" loading=\"lazy\" decoding=\"async\" srcset=\"https:\/\/volumec.com\/wp-content\/uploads\/2025\/03\/battuta-con-assorbimento-urti.jpg 800w, https:\/\/volumec.com\/wp-content\/uploads\/2025\/03\/battuta-con-assorbimento-urti-300x300.jpg 300w, https:\/\/volumec.com\/wp-content\/uploads\/2025\/03\/battuta-con-assorbimento-urti-150x150.jpg 150w, https:\/\/volumec.com\/wp-content\/uploads\/2025\/03\/battuta-con-assorbimento-urti-768x768.jpg 768w, https:\/\/volumec.com\/wp-content\/uploads\/2025\/03\/battuta-con-assorbimento-urti-600x600.jpg 600w, https:\/\/volumec.com\/wp-content\/uploads\/2025\/03\/battuta-con-assorbimento-urti-100x100.jpg 100w, https:\/\/volumec.com\/wp-content\/uploads\/2025\/03\/battuta-con-assorbimento-urti-460x460.jpg 460w\" sizes=\"auto, (max-width: 800px) 100vw, 800px\" \/><\/a><\/div><\/figure>[vc_column_text css=&#8220;&#8220; font_size=&#8220;19px&#8220; line_height=&#8220;100%&#8220; font_weight=&#8220;700&#8243; el_class=&#8220;mtd20 mtm20&#8243;]STOPP MIT STOSSD\u00c4MPFUNG[\/vc_column_text][\/vc_column][vc_column width=&#8220;1\/3&#8243; el_class=&#8220;mtm40&#8243;]<style>.vcex-image.vcex_69e0795833dae .vcex-image-img{border-radius:0px;border-color:#00000042;}<\/style><figure class=\"vcex-image vcex-module wpex-text-center vcex_69e0795833dae\"><div class=\"vcex-image-inner wpex-relative wpex-inline-block\"><a href=\"https:\/\/volumec.com\/wp-content\/uploads\/2025\/03\/battuta-con-disimpegno-rulliera.jpg\" class=\"wpex-lightbox\"><img width=\"800\" height=\"800\" src=\"https:\/\/volumec.com\/wp-content\/uploads\/2025\/03\/battuta-con-disimpegno-rulliera.jpg\" class=\"vcex-image-img wpex-align-middle wpex-border wpex-border-solid\" alt=\"\" loading=\"lazy\" decoding=\"async\" srcset=\"https:\/\/volumec.com\/wp-content\/uploads\/2025\/03\/battuta-con-disimpegno-rulliera.jpg 800w, https:\/\/volumec.com\/wp-content\/uploads\/2025\/03\/battuta-con-disimpegno-rulliera-300x300.jpg 300w, https:\/\/volumec.com\/wp-content\/uploads\/2025\/03\/battuta-con-disimpegno-rulliera-150x150.jpg 150w, https:\/\/volumec.com\/wp-content\/uploads\/2025\/03\/battuta-con-disimpegno-rulliera-768x768.jpg 768w, https:\/\/volumec.com\/wp-content\/uploads\/2025\/03\/battuta-con-disimpegno-rulliera-600x600.jpg 600w, https:\/\/volumec.com\/wp-content\/uploads\/2025\/03\/battuta-con-disimpegno-rulliera-100x100.jpg 100w, https:\/\/volumec.com\/wp-content\/uploads\/2025\/03\/battuta-con-disimpegno-rulliera-460x460.jpg 460w\" sizes=\"auto, (max-width: 800px) 100vw, 800px\" \/><\/a><\/div><\/figure>[vc_column_text css=&#8220;&#8220; font_size=&#8220;19px&#8220; line_height=&#8220;100%&#8220; font_weight=&#8220;700&#8243; el_class=&#8220;mtd20 mtm20&#8243;]\n<p class=\"mb-2\">STOPP MIT ROLLENFREIGABE<\/p>\n[\/vc_column_text][\/vc_column][\/vc_row][vc_row css_animation=&#8220;fadeIn&#8220; full_width=&#8220;stretch_row&#8220; content_placement=&#8220;middle&#8220; parallax=&#8220;content-moving&#8220; parallax_image=&#8220;277&#8243; el_class=&#8220;riga_banner ptd30 pbd30 ptm40 pbm40&#8243;][vc_column width=&#8220;1\/2&#8243;]<style>.vcex-image.vcex_69e07958359fa .vcex-image-inner{max-width:600px;}<\/style><figure class=\"vcex-image vcex-module vcex_69e07958359fa\"><div class=\"vcex-image-inner wpex-relative wpex-inline-block\"><img width=\"1000\" height=\"239\" src=\"https:\/\/volumec.com\/wp-content\/uploads\/2024\/12\/logo-Volumec.png\" class=\"vcex-image-img wpex-align-middle\" alt=\"\" loading=\"lazy\" decoding=\"async\" srcset=\"https:\/\/volumec.com\/wp-content\/uploads\/2024\/12\/logo-Volumec.png 1000w, https:\/\/volumec.com\/wp-content\/uploads\/2024\/12\/logo-Volumec-300x72.png 300w, https:\/\/volumec.com\/wp-content\/uploads\/2024\/12\/logo-Volumec-768x184.png 768w, https:\/\/volumec.com\/wp-content\/uploads\/2024\/12\/logo-Volumec-600x143.png 600w\" sizes=\"auto, (max-width: 1000px) 100vw, 1000px\" \/><\/div><\/figure>[\/vc_column][vc_column width=&#8220;1\/2&#8243; el_class=&#8220;ptm40 cm&#8220;][vc_column_text css=&#8220;&#8220; color=&#8220;#ffffff&#8220; font_size=&#8220;d:100px|pl:45px|pp:45px&#8220; line_height=&#8220;110%&#8220; font_weight=&#8220;300&#8243;]Be <strong>innovative<\/strong>[\/vc_column_text][\/vc_column][\/vc_row]\n<\/div>","protected":false},"excerpt":{"rendered":"<p>[vc_row full_width=&#8220;stretch_row&#8220; css=&#8220;.vc_custom_1741128513633{padding-top: 70px !important;padding-bottom: 70px !important;background: #13212E url(http:\/\/volumec.com\/wp-content\/uploads\/2024\/12\/Be-innovative.jpg?id=277) !important;}&#8220;][vc_column][vc_column_text css=&#8220;&#8220; text_align=&#8220;center&#8220; color=&#8220;#ffffff&#8220;] WMO [\/vc_column_text][\/vc_column][\/vc_row][vc_row full_width=&#8220;stretch_row&#8220; el_class=&#8220;ptd80 pbd80 ptm40 pbm40&#8243;][vc_column width=&#8220;1\/2&#8243;][vc_column_text css=&#8220;&#8220; text_transform=&#8220;uppercase&#8220;] Manueller Kontrollstopp [\/vc_column_text][vc_column_text css=&#8220;&#8220; el_class=&#8220;mtd50 mtm40 mbd40 mbm30&#8243;]Kontrollstopp bestehend aus Rollenbahn + linearer Achse, angetrieben durch b\u00fcrstenlosen Motor und Messung durch Encoder, programmierbares Touchscreen-Steuerungssystem f\u00fcr die Verbindung mit S\u00e4gen, Trennmaschinen, Bohrern, Scheren&hellip;<\/p>\n","protected":false},"author":3,"featured_media":0,"parent":454,"menu_order":0,"comment_status":"closed","ping_status":"closed","template":"","meta":{"_acf_changed":false,"inline_featured_image":false,"footnotes":""},"class_list":["post-3921","page","type-page","status-publish","hentry","entry","no-media"],"acf":[],"yoast_head":"<!-- This site is optimized with the Yoast SEO plugin v25.1 - https:\/\/yoast.com\/wordpress\/plugins\/seo\/ -->\n<title>WMO - Volumec<\/title>\n<meta name=\"robots\" content=\"index, follow, max-snippet:-1, max-image-preview:large, max-video-preview:-1\" \/>\n<link rel=\"canonical\" href=\"https:\/\/volumec.com\/de\/laengenanschlag\/wmo\/\" \/>\n<meta property=\"og:locale\" content=\"de_DE\" \/>\n<meta property=\"og:type\" content=\"article\" \/>\n<meta property=\"og:title\" content=\"WMO - Volumec\" \/>\n<meta property=\"og:description\" content=\"[vc_row full_width=&#8220;stretch_row&#8220; css=&#8220;.vc_custom_1741128513633{padding-top: 70px !important;padding-bottom: 70px !important;background: #13212E url(http:\/\/volumec.com\/wp-content\/uploads\/2024\/12\/Be-innovative.jpg?id=277) !important;}&#8220;][vc_column][vc_column_text css=&#8220;&#8220; text_align=&#8220;center&#8220; color=&#8220;#ffffff&#8220;] WMO [\/vc_column_text][\/vc_column][\/vc_row][vc_row full_width=&#8220;stretch_row&#8220; el_class=&#8220;ptd80 pbd80 ptm40 pbm40&#8243;][vc_column width=&#8220;1\/2&#8243;][vc_column_text css=&#8220;&#8220; text_transform=&#8220;uppercase&#8220;] Manueller Kontrollstopp [\/vc_column_text][vc_column_text css=&#8220;&#8220; el_class=&#8220;mtd50 mtm40 mbd40 mbm30&#8243;]Kontrollstopp bestehend aus Rollenbahn + linearer Achse, angetrieben durch b\u00fcrstenlosen Motor und Messung durch Encoder, programmierbares Touchscreen-Steuerungssystem f\u00fcr die Verbindung mit S\u00e4gen, Trennmaschinen, Bohrern, Scheren&hellip;\" \/>\n<meta property=\"og:url\" content=\"https:\/\/volumec.com\/de\/laengenanschlag\/wmo\/\" \/>\n<meta property=\"og:site_name\" content=\"Volumec\" \/>\n<meta property=\"article:modified_time\" content=\"2025-11-05T08:36:30+00:00\" \/>\n<meta name=\"twitter:card\" content=\"summary_large_image\" \/>\n<meta name=\"twitter:label1\" content=\"Gesch\u00e4tzte Lesezeit\" \/>\n\t<meta name=\"twitter:data1\" content=\"3\u00a0Minuten\" \/>\n<script type=\"application\/ld+json\" class=\"yoast-schema-graph\">{\"@context\":\"https:\/\/schema.org\",\"@graph\":[{\"@type\":\"WebPage\",\"@id\":\"https:\/\/volumec.com\/de\/laengenanschlag\/wmo\/\",\"url\":\"https:\/\/volumec.com\/de\/laengenanschlag\/wmo\/\",\"name\":\"WMO - Volumec\",\"isPartOf\":{\"@id\":\"https:\/\/www.volumec.com\/en\/#website\"},\"datePublished\":\"2025-03-04T10:50:46+00:00\",\"dateModified\":\"2025-11-05T08:36:30+00:00\",\"breadcrumb\":{\"@id\":\"https:\/\/volumec.com\/de\/laengenanschlag\/wmo\/#breadcrumb\"},\"inLanguage\":\"de\",\"potentialAction\":[{\"@type\":\"ReadAction\",\"target\":[\"https:\/\/volumec.com\/de\/laengenanschlag\/wmo\/\"]}]},{\"@type\":\"BreadcrumbList\",\"@id\":\"https:\/\/volumec.com\/de\/laengenanschlag\/wmo\/#breadcrumb\",\"itemListElement\":[{\"@type\":\"ListItem\",\"position\":1,\"name\":\"Home\",\"item\":\"https:\/\/volumec.com\/de\/\"},{\"@type\":\"ListItem\",\"position\":2,\"name\":\"L\u00e4ngenanschlag\",\"item\":\"https:\/\/volumec.com\/prodotti\/battute-di-riscontro\/\"},{\"@type\":\"ListItem\",\"position\":3,\"name\":\"WMO\"}]},{\"@type\":\"WebSite\",\"@id\":\"https:\/\/www.volumec.com\/en\/#website\",\"url\":\"https:\/\/www.volumec.com\/en\/\",\"name\":\"Volumec.com\",\"description\":\"\",\"publisher\":{\"@id\":\"https:\/\/www.volumec.com\/en\/#organization\"},\"alternateName\":\"be innovative\",\"potentialAction\":[{\"@type\":\"SearchAction\",\"target\":{\"@type\":\"EntryPoint\",\"urlTemplate\":\"https:\/\/www.volumec.com\/en\/?s={search_term_string}\"},\"query-input\":{\"@type\":\"PropertyValueSpecification\",\"valueRequired\":true,\"valueName\":\"search_term_string\"}}],\"inLanguage\":\"de\"},{\"@type\":\"Organization\",\"@id\":\"https:\/\/www.volumec.com\/en\/#organization\",\"name\":\"Volumec\",\"url\":\"https:\/\/www.volumec.com\/en\/\",\"logo\":{\"@type\":\"ImageObject\",\"inLanguage\":\"de\",\"@id\":\"https:\/\/www.volumec.com\/en\/#\/schema\/logo\/image\/\",\"url\":\"https:\/\/volumec.com\/wp-content\/uploads\/2024\/12\/Volumec-logo.png\",\"contentUrl\":\"https:\/\/volumec.com\/wp-content\/uploads\/2024\/12\/Volumec-logo.png\",\"width\":320,\"height\":77,\"caption\":\"Volumec\"},\"image\":{\"@id\":\"https:\/\/www.volumec.com\/en\/#\/schema\/logo\/image\/\"}}]}<\/script>\n<!-- \/ Yoast SEO plugin. -->","yoast_head_json":{"title":"WMO - Volumec","robots":{"index":"index","follow":"follow","max-snippet":"max-snippet:-1","max-image-preview":"max-image-preview:large","max-video-preview":"max-video-preview:-1"},"canonical":"https:\/\/volumec.com\/de\/laengenanschlag\/wmo\/","og_locale":"de_DE","og_type":"article","og_title":"WMO - Volumec","og_description":"[vc_row full_width=&#8220;stretch_row&#8220; css=&#8220;.vc_custom_1741128513633{padding-top: 70px !important;padding-bottom: 70px !important;background: #13212E url(http:\/\/volumec.com\/wp-content\/uploads\/2024\/12\/Be-innovative.jpg?id=277) !important;}&#8220;][vc_column][vc_column_text css=&#8220;&#8220; text_align=&#8220;center&#8220; color=&#8220;#ffffff&#8220;] WMO [\/vc_column_text][\/vc_column][\/vc_row][vc_row full_width=&#8220;stretch_row&#8220; el_class=&#8220;ptd80 pbd80 ptm40 pbm40&#8243;][vc_column width=&#8220;1\/2&#8243;][vc_column_text css=&#8220;&#8220; text_transform=&#8220;uppercase&#8220;] Manueller Kontrollstopp [\/vc_column_text][vc_column_text css=&#8220;&#8220; el_class=&#8220;mtd50 mtm40 mbd40 mbm30&#8243;]Kontrollstopp bestehend aus Rollenbahn + linearer Achse, angetrieben durch b\u00fcrstenlosen Motor und Messung durch Encoder, programmierbares Touchscreen-Steuerungssystem f\u00fcr die Verbindung mit S\u00e4gen, Trennmaschinen, Bohrern, Scheren&hellip;","og_url":"https:\/\/volumec.com\/de\/laengenanschlag\/wmo\/","og_site_name":"Volumec","article_modified_time":"2025-11-05T08:36:30+00:00","twitter_card":"summary_large_image","twitter_misc":{"Gesch\u00e4tzte Lesezeit":"3\u00a0Minuten"},"schema":{"@context":"https:\/\/schema.org","@graph":[{"@type":"WebPage","@id":"https:\/\/volumec.com\/de\/laengenanschlag\/wmo\/","url":"https:\/\/volumec.com\/de\/laengenanschlag\/wmo\/","name":"WMO - Volumec","isPartOf":{"@id":"https:\/\/www.volumec.com\/en\/#website"},"datePublished":"2025-03-04T10:50:46+00:00","dateModified":"2025-11-05T08:36:30+00:00","breadcrumb":{"@id":"https:\/\/volumec.com\/de\/laengenanschlag\/wmo\/#breadcrumb"},"inLanguage":"de","potentialAction":[{"@type":"ReadAction","target":["https:\/\/volumec.com\/de\/laengenanschlag\/wmo\/"]}]},{"@type":"BreadcrumbList","@id":"https:\/\/volumec.com\/de\/laengenanschlag\/wmo\/#breadcrumb","itemListElement":[{"@type":"ListItem","position":1,"name":"Home","item":"https:\/\/volumec.com\/de\/"},{"@type":"ListItem","position":2,"name":"L\u00e4ngenanschlag","item":"https:\/\/volumec.com\/prodotti\/battute-di-riscontro\/"},{"@type":"ListItem","position":3,"name":"WMO"}]},{"@type":"WebSite","@id":"https:\/\/www.volumec.com\/en\/#website","url":"https:\/\/www.volumec.com\/en\/","name":"Volumec.com","description":"","publisher":{"@id":"https:\/\/www.volumec.com\/en\/#organization"},"alternateName":"be innovative","potentialAction":[{"@type":"SearchAction","target":{"@type":"EntryPoint","urlTemplate":"https:\/\/www.volumec.com\/en\/?s={search_term_string}"},"query-input":{"@type":"PropertyValueSpecification","valueRequired":true,"valueName":"search_term_string"}}],"inLanguage":"de"},{"@type":"Organization","@id":"https:\/\/www.volumec.com\/en\/#organization","name":"Volumec","url":"https:\/\/www.volumec.com\/en\/","logo":{"@type":"ImageObject","inLanguage":"de","@id":"https:\/\/www.volumec.com\/en\/#\/schema\/logo\/image\/","url":"https:\/\/volumec.com\/wp-content\/uploads\/2024\/12\/Volumec-logo.png","contentUrl":"https:\/\/volumec.com\/wp-content\/uploads\/2024\/12\/Volumec-logo.png","width":320,"height":77,"caption":"Volumec"},"image":{"@id":"https:\/\/www.volumec.com\/en\/#\/schema\/logo\/image\/"}}]}},"_links":{"self":[{"href":"https:\/\/volumec.com\/de\/wp-json\/wp\/v2\/pages\/3921","targetHints":{"allow":["GET"]}}],"collection":[{"href":"https:\/\/volumec.com\/de\/wp-json\/wp\/v2\/pages"}],"about":[{"href":"https:\/\/volumec.com\/de\/wp-json\/wp\/v2\/types\/page"}],"author":[{"embeddable":true,"href":"https:\/\/volumec.com\/de\/wp-json\/wp\/v2\/users\/3"}],"replies":[{"embeddable":true,"href":"https:\/\/volumec.com\/de\/wp-json\/wp\/v2\/comments?post=3921"}],"version-history":[{"count":5,"href":"https:\/\/volumec.com\/de\/wp-json\/wp\/v2\/pages\/3921\/revisions"}],"predecessor-version":[{"id":9876,"href":"https:\/\/volumec.com\/de\/wp-json\/wp\/v2\/pages\/3921\/revisions\/9876"}],"up":[{"embeddable":true,"href":"https:\/\/volumec.com\/de\/wp-json\/wp\/v2\/pages\/454"}],"wp:attachment":[{"href":"https:\/\/volumec.com\/de\/wp-json\/wp\/v2\/media?parent=3921"}],"curies":[{"name":"wp","href":"https:\/\/api.w.org\/{rel}","templated":true}]}}