{"id":3744,"date":"2025-02-09T11:39:21","date_gmt":"2025-02-09T10:39:21","guid":{"rendered":"http:\/\/volumec.com\/elektrische-gewindeschneidmaschine\/sniper\/"},"modified":"2025-10-27T10:32:22","modified_gmt":"2025-10-27T09:32:22","slug":"sniper-snp400","status":"publish","type":"page","link":"https:\/\/volumec.com\/de\/elektrische-gewindeschneidmaschine\/sniper-snp400\/","title":{"rendered":"SNIPER"},"content":{"rendered":"<div class=\"wpb-content-wrapper\">[vc_row full_width=&#8220;stretch_row&#8220; css=&#8220;.vc_custom_1741127814658{padding-top: 70px !important;padding-bottom: 70px !important;background: #13212E url(http:\/\/volumec.com\/wp-content\/uploads\/2024\/12\/Be-innovative.jpg?id=277) !important;}&#8220;][vc_column][vc_column_text css=&#8220;&#8220;]\n<h1 style=\"text-align: center;\">SNIPER<\/h1>\n[\/vc_column_text]<style>.vcex-breadcrumbs.vcex_69e3480e1e0cc .sep{color:#ffffff;}.vcex-breadcrumbs.vcex_69e3480e1e0cc{text-align:center;color:#ffffff;--wpex-link-color:#ffffff;}<\/style><nav class=\"vcex-breadcrumbs vcex-breadcrumbs--links-inherit-color vcex-breadcrumbs--custom-color vcex_69e3480e1e0cc\"><span><span><a href=\"https:\/\/volumec.com\/de\/\">Home<\/a><\/span><\/span><\/nav>[\/vc_column][\/vc_row][vc_row full_width=&#8220;stretch_row&#8220; el_class=&#8220;ptd80 pbd80 ptm40 pbm40&#8243;][vc_column width=&#8220;1\/2&#8243;][vc_column_text css=&#8220;&#8220;]\n<h2><strong>Merkmale<\/strong><\/h2>\n[\/vc_column_text]<style>.vcex-icon-box.vcex_69e3480e244cd .vcex-icon-box-heading{margin-bottom:0px;font-weight:700;}<\/style><div class=\"vcex-module vcex-icon-box vcex-icon-box-one wpex-flex wpex-items-center wpex-text-left mtd30 mbd30 mtm20 mbm20 vcex_69e3480e244cd\"><div class=\"vcex-icon-box-symbol vcex-icon-box-symbol--icon wpex-flex-shrink-0 wpex-mr-25\"><div class=\"vcex-icon-box-icon wpex-items-center wpex-justify-center wpex-child-inherit-color wpex-text-center wpex-leading-none wpex-flex wpex-text-1\"><span class=\"fa-light fa-arrow-down-right\" aria-hidden=\"true\"><\/span><\/div><\/div><div class=\"vcex-icon-box-text wpex-flex-grow\"><span class=\"vcex-icon-box-heading wpex-heading wpex-text-md\">Gelenkarm System, vollst\u00e4ndig aus Spezialaluminium, garantiert Stabilit\u00e4t und eine pr\u00e4zise Ausrichtung<\/span><\/div><\/div><style>.vcex-icon-box.vcex_69e3480e27173 .vcex-icon-box-heading{margin-bottom:0px;font-weight:700;}<\/style><div class=\"vcex-module vcex-icon-box vcex-icon-box-one wpex-flex wpex-items-center wpex-text-left mtd30 mbd30 mtm20 mbm20 vcex_69e3480e27173\"><div class=\"vcex-icon-box-symbol vcex-icon-box-symbol--icon wpex-flex-shrink-0 wpex-mr-25\"><div class=\"vcex-icon-box-icon wpex-items-center wpex-justify-center wpex-child-inherit-color wpex-text-center wpex-leading-none wpex-flex wpex-text-1\"><span class=\"fa-light fa-arrow-down-right\" aria-hidden=\"true\"><\/span><\/div><\/div><div class=\"vcex-icon-box-text wpex-flex-grow\"><span class=\"vcex-icon-box-heading wpex-heading wpex-text-md\">B\u00fcrstenloser Elektromotor 400 W ( 220 V) vollst\u00e4ndig in den Gelenkarm integriert, hohe Leistung, minimale Ger\u00e4usche und niedriger Energieverbrauch.<\/span><\/div><\/div><style>.vcex-icon-box.vcex_69e3480e29c08 .vcex-icon-box-heading{margin-bottom:0px;font-weight:700;}<\/style><div class=\"vcex-module vcex-icon-box vcex-icon-box-one wpex-flex wpex-items-center wpex-text-left mtd30 mbd30 mtm20 mbm20 vcex_69e3480e29c08\"><div class=\"vcex-icon-box-symbol vcex-icon-box-symbol--icon wpex-flex-shrink-0 wpex-mr-25\"><div class=\"vcex-icon-box-icon wpex-items-center wpex-justify-center wpex-child-inherit-color wpex-text-center wpex-leading-none wpex-flex wpex-text-1\"><span class=\"fa-light fa-arrow-down-right\" aria-hidden=\"true\"><\/span><\/div><\/div><div class=\"vcex-icon-box-text wpex-flex-grow\"><span class=\"vcex-icon-box-heading wpex-heading wpex-text-md\">Gro\u00dfer Drehzahlbereich \u00fcber Potentiometer einstellbar ohne den Einsatz von zus\u00e4tzlichen Modulen<\/span><\/div><\/div><style>.vcex-icon-box.vcex_69e3480e2c675 .vcex-icon-box-heading{margin-bottom:0px;font-weight:700;}<\/style><div class=\"vcex-module vcex-icon-box vcex-icon-box-one wpex-flex wpex-items-center wpex-text-left mtd30 mbd30 mtm20 mbm20 vcex_69e3480e2c675\"><div class=\"vcex-icon-box-symbol vcex-icon-box-symbol--icon wpex-flex-shrink-0 wpex-mr-25\"><div class=\"vcex-icon-box-icon wpex-items-center wpex-justify-center wpex-child-inherit-color wpex-text-center wpex-leading-none wpex-flex wpex-text-1\"><span class=\"fa-light fa-arrow-down-right\" aria-hidden=\"true\"><\/span><\/div><\/div><div class=\"vcex-icon-box-text wpex-flex-grow\"><span class=\"vcex-icon-box-heading wpex-heading wpex-text-md\">Gelenkarm mit einstellbarem Gewichtsausgleich<\/span><\/div><\/div><style>.vcex-icon-box.vcex_69e3480e2f0f8 .vcex-icon-box-heading{margin-bottom:0px;font-weight:700;}<\/style><div class=\"vcex-module vcex-icon-box vcex-icon-box-one wpex-flex wpex-items-center wpex-text-left mtd30 mbd30 mtm20 mbm20 vcex_69e3480e2f0f8\"><div class=\"vcex-icon-box-symbol vcex-icon-box-symbol--icon wpex-flex-shrink-0 wpex-mr-25\"><div class=\"vcex-icon-box-icon wpex-items-center wpex-justify-center wpex-child-inherit-color wpex-text-center wpex-leading-none wpex-flex wpex-text-1\"><span class=\"fa-light fa-arrow-down-right\" aria-hidden=\"true\"><\/span><\/div><\/div><div class=\"vcex-icon-box-text wpex-flex-grow\"><span class=\"vcex-icon-box-heading wpex-heading wpex-text-md\">Durch einstellbare Kupplungen ist es m\u00f6glich sowohl Durchgangsgewinde als auch Sachlochgewinde zu schneiden<\/span><\/div><\/div>[\/vc_column][vc_column width=&#8220;1\/2&#8243;]<div class=\"wpex-slider-preloaderimg wpex-relative\"><img width=\"800\" height=\"800\" src=\"https:\/\/volumec.com\/wp-content\/uploads\/2025\/10\/Elektrische-gewindeschneidmaschine-Sniper-01-.png\" class=\"skip-lazy\" alt=\"\" data-no-lazy=\"1\" srcset=\"https:\/\/volumec.com\/wp-content\/uploads\/2025\/10\/Elektrische-gewindeschneidmaschine-Sniper-01-.png 800w, https:\/\/volumec.com\/wp-content\/uploads\/2025\/10\/Elektrische-gewindeschneidmaschine-Sniper-01--300x300.png 300w, https:\/\/volumec.com\/wp-content\/uploads\/2025\/10\/Elektrische-gewindeschneidmaschine-Sniper-01--150x150.png 150w, https:\/\/volumec.com\/wp-content\/uploads\/2025\/10\/Elektrische-gewindeschneidmaschine-Sniper-01--768x768.png 768w, https:\/\/volumec.com\/wp-content\/uploads\/2025\/10\/Elektrische-gewindeschneidmaschine-Sniper-01--600x600.png 600w, https:\/\/volumec.com\/wp-content\/uploads\/2025\/10\/Elektrische-gewindeschneidmaschine-Sniper-01--100x100.png 100w, https:\/\/volumec.com\/wp-content\/uploads\/2025\/10\/Elektrische-gewindeschneidmaschine-Sniper-01--460x460.png 460w\" sizes=\"(max-width: 800px) 100vw, 800px\" \/><\/div><div class=\"vcex-image-slider vcex-module wpex-slider slider-pro wpex-clr\" data-loop=\"true\" data-auto-play-delay=\"5000\" data-animation-speed=\"600\" data-height-animation-duration=\"500\" data-thumbnail-height=\"70\" data-thumbnail-width=\"70\" data-reach-video-action=\"none\"><div class=\"wpex-slider-slides sp-slides\"><div class=\"wpex-slider-slide sp-slide\"><div class=\"wpex-slider-media wpex-relative\"><img width=\"800\" height=\"800\" src=\"https:\/\/volumec.com\/wp-content\/uploads\/2025\/10\/Elektrische-gewindeschneidmaschine-Sniper-01-.png\" class=\"skip-lazy\" alt=\"\" data-no-lazy=\"1\" srcset=\"https:\/\/volumec.com\/wp-content\/uploads\/2025\/10\/Elektrische-gewindeschneidmaschine-Sniper-01-.png 800w, https:\/\/volumec.com\/wp-content\/uploads\/2025\/10\/Elektrische-gewindeschneidmaschine-Sniper-01--300x300.png 300w, https:\/\/volumec.com\/wp-content\/uploads\/2025\/10\/Elektrische-gewindeschneidmaschine-Sniper-01--150x150.png 150w, https:\/\/volumec.com\/wp-content\/uploads\/2025\/10\/Elektrische-gewindeschneidmaschine-Sniper-01--768x768.png 768w, https:\/\/volumec.com\/wp-content\/uploads\/2025\/10\/Elektrische-gewindeschneidmaschine-Sniper-01--600x600.png 600w, https:\/\/volumec.com\/wp-content\/uploads\/2025\/10\/Elektrische-gewindeschneidmaschine-Sniper-01--100x100.png 100w, https:\/\/volumec.com\/wp-content\/uploads\/2025\/10\/Elektrische-gewindeschneidmaschine-Sniper-01--460x460.png 460w\" sizes=\"(max-width: 800px) 100vw, 800px\" \/><\/div><\/div><\/div><\/div>[\/vc_column][\/vc_row][vc_row el_class=&#8220;mtd20 mtm20&#8243;][vc_column width=&#8220;1\/3&#8243; el_class=&#8220;cd cm&#8220;][\/vc_column][vc_column width=&#8220;1\/3&#8243; el_class=&#8220;popmake-7078&#8243;]<style>.vcex-button.vcex_69e3480e37152{border-radius:0px;color:#000000!important;padding:20px;border:2px solid #FE0100;font-family:Manrope;font-size:16px;font-weight:700;}.vcex-button.vcex_69e3480e37152:hover{color:#000000!important;}<\/style><a href=\"#\" class=\"vcex-button theme-button outline inline bottone1 bottone_rosso vcex_69e3480e37152\"><span class=\"vcex-button-inner theme-button-inner wpex-flex wpex-flex-wrap wpex-items-center wpex-justify-center\">ENTLADEN DIE BROSCH\u00dcRE<span class=\"vcex-button-icon vcex-icon-wrap theme-button-icon-right\"><span aria-hidden=\"true\" class=\"fas fa-arrow-right\"><\/span><\/span><\/span><\/a> [\/vc_column][vc_column width=&#8220;1\/3&#8243;][\/vc_column][\/vc_row][vc_row el_class=&#8220;mtd70 mtm50 mbd65 mbm50&#8243;][vc_column][vc_column_text css=&#8220;&#8220;]\n<h2 style=\"text-align: center;\">Elektrische Gewindeschneidmaschine mit <strong>ausbalanciertem Arm<\/strong><\/h2>\n[\/vc_column_text][vc_column_text css=&#8220;&#8220; el_class=&#8220;mtd50 mtm40&#8243; text_align=&#8220;center&#8220;]Sniper ist eine elektronische Gewindeschneidmaschine, welche mit einem b\u00fcrstenlosen Motor mit 400 Watt Leistung ausgestattet ist und Gewinde \u00fcber einen gro\u00dfen Bereich in verschiedenen Materialien schneiden kann.<br \/>\nDank der Aluminiumbauweise ist die Maschine kompakt und handlich. Die Steuerung ist vollst\u00e4ndig in den Gelenkarm integriert[\/vc_column_text][\/vc_column][\/vc_row][vc_row full_width=&#8220;stretch_row&#8220; el_class=&#8220;ptd70 ptm50&#8243; css=&#8220;.vc_custom_1734433790933{background-color: #F1F1F1 !important;}&#8220;][vc_column]<div class=\"cq-datatable   cq-datatable-medium cq-datatable-gray\"><div class=\"cq-datatable-row cq-datatable-header cq-datatable-bg-customized\" style=\"background:#121A1E\"><div class=\"cq-datatable-cell\" data-title=\"Modell\"> Modell <\/div><div class=\"cq-datatable-cell\" data-title=\"Gewindetypeignung Stahl (Metrisches)\"> Gewindetypeignung Stahl (Metrisches) <\/div><div class=\"cq-datatable-cell\" data-title=\"Gewindetypeignung Stahl (Inches)\"> Gewindetypeignung Stahl (Inches) <\/div><div class=\"cq-datatable-cell\" data-title=\"Gewindeschneidleistug in Alu\"> Gewindeschneidleistug in Alu <\/div><div class=\"cq-datatable-cell\" data-title=\"Geschwindigkeit (U.\/min)\"> Geschwindigkeit (U.\/min) <\/div><div class=\"cq-datatable-cell\" data-title=\"Drehmoment\"> Drehmoment <\/div><div class=\"cq-datatable-cell\" data-title=\"Spindel\"> Spindel <\/div><\/div><div class=\"cq-datatable-row cq-datatable-data\"><div class=\"cq-datatable-cell\"> SNP 400 <\/div><div class=\"cq-datatable-cell\"> M2 - M14 <\/div><div class=\"cq-datatable-cell\"> 1\/8\u201d - 9\/16\u201d <\/div><div class=\"cq-datatable-cell\"> M2 - M16 <\/div><div class=\"cq-datatable-cell\"> 40-450 <\/div><div class=\"cq-datatable-cell\"> 39 <\/div><div class=\"cq-datatable-cell\"> \u00d819 GR1 <\/div><\/div>\n<\/div>[\/vc_column][\/vc_row][vc_row full_width=&#8220;stretch_row&#8220; local_scroll_id=&#8220;info&#8220; css=&#8220;.vc_custom_1734433956496{background-color: #F1F1F1 !important;}&#8220; el_class=&#8220;ptd50 ptm50 pbd50 pbm50&#8243;][vc_column][vc_column_text css=&#8220;&#8220;]\n<h2 style=\"text-align: center;\">An <strong>welchem modell<\/strong> sind sie <strong>interessiert<\/strong>?<\/h2>\n[\/vc_column_text][vc_column_text css=&#8220;.vc_custom_1739185206123{margin-top: 15px !important;}&#8220; text_align=&#8220;center&#8220;]Seleziona il modello qui sotto:[\/vc_column_text][vc_row_inner][vc_column_inner el_class=&#8220;no_quick_view&#8220;]<div class=\"woocommerce columns-3 \"><span class=\"wpfHidden\" data-shortcode-attribute=\"{&quot;limit&quot;:&quot;-1&quot;,&quot;columns&quot;:&quot;3&quot;,&quot;rows&quot;:&quot;&quot;,&quot;orderby&quot;:&quot;title&quot;,&quot;order&quot;:&quot;ASC&quot;,&quot;ids&quot;:&quot;1990&quot;,&quot;skus&quot;:&quot;&quot;,&quot;category&quot;:&quot;&quot;,&quot;cat_operator&quot;:&quot;IN&quot;,&quot;attribute&quot;:&quot;&quot;,&quot;terms&quot;:&quot;&quot;,&quot;terms_operator&quot;:&quot;IN&quot;,&quot;tag&quot;:&quot;&quot;,&quot;tag_operator&quot;:&quot;IN&quot;,&quot;visibility&quot;:&quot;visible&quot;,&quot;class&quot;:&quot;&quot;,&quot;page&quot;:1,&quot;paginate&quot;:false,&quot;cache&quot;:false}\"><\/span>\n\t<ul class=\"products wpex-grid wpex-grid-cols-3 wpex-pp-grid-cols-1 wpex-gap-20 wpex-clear\">\n\n<li class=\"entry has-media product type-product post-3973 status-publish first instock product_cat-elektrische-gewindeschneidmaschine has-post-thumbnail shipping-taxable purchasable product-type-simple\">\n\t<div class=\"product-inner wpex-flex wpex-flex-col wpex-flex-grow wpex-relative textcenter\"><div class=\"wpex-loop-product-images wpex-overflow-hidden wpex-relative\"><a href=\"https:\/\/volumec.com\/de\/prodotto\/snp400\/\" class=\"woocommerce-LoopProduct-link woocommerce-loop-product__link\"><img width=\"800\" height=\"800\" src=\"https:\/\/volumec.com\/wp-content\/uploads\/2025\/02\/Sniper-01.png\" class=\"woo-entry-image-main wp-post-image\" alt=\"SNP400\" loading=\"lazy\" decoding=\"async\" srcset=\"https:\/\/volumec.com\/wp-content\/uploads\/2025\/02\/Sniper-01.png 800w, https:\/\/volumec.com\/wp-content\/uploads\/2025\/02\/Sniper-01-300x300.png 300w, https:\/\/volumec.com\/wp-content\/uploads\/2025\/02\/Sniper-01-150x150.png 150w, https:\/\/volumec.com\/wp-content\/uploads\/2025\/02\/Sniper-01-768x768.png 768w, https:\/\/volumec.com\/wp-content\/uploads\/2025\/02\/Sniper-01-600x600.png 600w, https:\/\/volumec.com\/wp-content\/uploads\/2025\/02\/Sniper-01-100x100.png 100w, https:\/\/volumec.com\/wp-content\/uploads\/2025\/02\/Sniper-01-460x460.png 460w\" sizes=\"auto, (max-width: 800px) 100vw, 800px\" \/><\/a>\t\t<div class=\"wpex-loop-product-add-to-cart wpex-absolute wpex-bottom-0 wpex-left-0 wpex-right-0 wpex-text-center wpex-transition-all wpex-duration-250 wpex-z-2 wpex-translate-y-100 wpex-invisible\"><a href=\"?add-to-cart=3973\" aria-describedby=\"woocommerce_loop_add_to_cart_link_describedby_3973\" data-quantity=\"1\" class=\"button product_type_simple add_to_cart_button ajax_add_to_cart\" data-product_id=\"3973\" data-product_sku=\"\" aria-label=\"In den Warenkorb legen: \u201eSNP400\u201c\" rel=\"nofollow\" data-success_message=\"\u201eSNP400\u201c wurde deinem Warenkorb hinzugef\u00fcgt\">Zum Angebot hinzuf\u00fcgen<\/a>\t<span id=\"woocommerce_loop_add_to_cart_link_describedby_3973\" class=\"screen-reader-text\">\n\t\t\t<\/span>\n<\/div>\n\t<\/div><div class=\"product-details wpex-pt-15\"><a href=\"https:\/\/volumec.com\/de\/prodotto\/snp400\/\"><h2 class=\"woocommerce-loop-product__title\">SNP400<\/h2><\/a>\n<\/div><a href=\"?quick-view=3973\" class=\"woosq-btn woosq-btn-3973\" data-id=\"3973\" data-effect=\"mfp-fade\" data-context=\"default\" rel=\"nofollow\">Hinzuf\u00fcgen<\/a><\/div><\/li>\n<\/ul>\n<\/div>[\/vc_column_inner][\/vc_row_inner][\/vc_column][\/vc_row][vc_row el_class=&#8220;ptd50 pbd50 ptm50 pbm50&#8243;][vc_column][vc_column_text css=&#8220;&#8220; font_weight=&#8220;700&#8243;]\n<h2 style=\"text-align: center;\">VIDEO<\/h2>\n[\/vc_column_text][vc_row_inner][vc_column_inner][vc_video link=&#8220;https:\/\/youtu.be\/KK4xxyrY3UM&#8220; align=&#8220;center&#8220; css=&#8220;&#8220; el_class=&#8220;mtd30 mtm30&#8243;][\/vc_column_inner][\/vc_row_inner][\/vc_column][\/vc_row]\n<\/div>","protected":false},"excerpt":{"rendered":"<p>[vc_row full_width=&#8220;stretch_row&#8220; css=&#8220;.vc_custom_1741127814658{padding-top: 70px !important;padding-bottom: 70px !important;background: #13212E url(http:\/\/volumec.com\/wp-content\/uploads\/2024\/12\/Be-innovative.jpg?id=277) !important;}&#8220;][vc_column][vc_column_text css=&#8220;&#8220;] SNIPER [\/vc_column_text][\/vc_column][\/vc_row][vc_row full_width=&#8220;stretch_row&#8220; el_class=&#8220;ptd80 pbd80 ptm40 pbm40&#8243;][vc_column width=&#8220;1\/2&#8243;][vc_column_text css=&#8220;&#8220;] Merkmale [\/vc_column_text][\/vc_column][vc_column width=&#8220;1\/2&#8243;][\/vc_column][\/vc_row][vc_row el_class=&#8220;mtd20 mtm20&#8243;][vc_column width=&#8220;1\/3&#8243; el_class=&#8220;cd cm&#8220;][\/vc_column][vc_column width=&#8220;1\/3&#8243; el_class=&#8220;popmake-7078&#8243;][\/vc_column][vc_column width=&#8220;1\/3&#8243;][\/vc_column][\/vc_row][vc_row el_class=&#8220;mtd70 mtm50 mbd65 mbm50&#8243;][vc_column][vc_column_text css=&#8220;&#8220;] Elektrische Gewindeschneidmaschine mit ausbalanciertem Arm [\/vc_column_text][vc_column_text css=&#8220;&#8220; el_class=&#8220;mtd50 mtm40&#8243; text_align=&#8220;center&#8220;]Sniper ist eine elektronische Gewindeschneidmaschine, welche mit einem b\u00fcrstenlosen Motor&hellip;<\/p>\n","protected":false},"author":3,"featured_media":0,"parent":496,"menu_order":0,"comment_status":"closed","ping_status":"closed","template":"","meta":{"_acf_changed":false,"inline_featured_image":false,"footnotes":""},"class_list":["post-3744","page","type-page","status-publish","hentry","entry","no-media"],"acf":[],"yoast_head":"<!-- This site is optimized with the Yoast SEO plugin v25.1 - https:\/\/yoast.com\/wordpress\/plugins\/seo\/ -->\n<title>SNIPER - Volumec<\/title>\n<meta name=\"robots\" content=\"index, follow, max-snippet:-1, max-image-preview:large, max-video-preview:-1\" \/>\n<link rel=\"canonical\" href=\"https:\/\/volumec.com\/de\/elektrische-gewindeschneidmaschine\/sniper-snp400\/\" \/>\n<meta property=\"og:locale\" content=\"de_DE\" \/>\n<meta property=\"og:type\" content=\"article\" \/>\n<meta property=\"og:title\" content=\"SNIPER - Volumec\" \/>\n<meta property=\"og:description\" content=\"[vc_row full_width=&#8220;stretch_row&#8220; css=&#8220;.vc_custom_1741127814658{padding-top: 70px !important;padding-bottom: 70px !important;background: #13212E url(http:\/\/volumec.com\/wp-content\/uploads\/2024\/12\/Be-innovative.jpg?id=277) !important;}&#8220;][vc_column][vc_column_text css=&#8220;&#8220;] SNIPER [\/vc_column_text][\/vc_column][\/vc_row][vc_row full_width=&#8220;stretch_row&#8220; el_class=&#8220;ptd80 pbd80 ptm40 pbm40&#8243;][vc_column width=&#8220;1\/2&#8243;][vc_column_text css=&#8220;&#8220;] Merkmale [\/vc_column_text][\/vc_column][vc_column width=&#8220;1\/2&#8243;][\/vc_column][\/vc_row][vc_row el_class=&#8220;mtd20 mtm20&#8243;][vc_column width=&#8220;1\/3&#8243; el_class=&#8220;cd cm&#8220;][\/vc_column][vc_column width=&#8220;1\/3&#8243; el_class=&#8220;popmake-7078&#8243;][\/vc_column][vc_column width=&#8220;1\/3&#8243;][\/vc_column][\/vc_row][vc_row el_class=&#8220;mtd70 mtm50 mbd65 mbm50&#8243;][vc_column][vc_column_text css=&#8220;&#8220;] Elektrische Gewindeschneidmaschine mit ausbalanciertem Arm [\/vc_column_text][vc_column_text css=&#8220;&#8220; el_class=&#8220;mtd50 mtm40&#8243; text_align=&#8220;center&#8220;]Sniper ist eine elektronische Gewindeschneidmaschine, welche mit einem b\u00fcrstenlosen Motor&hellip;\" \/>\n<meta property=\"og:url\" content=\"https:\/\/volumec.com\/de\/elektrische-gewindeschneidmaschine\/sniper-snp400\/\" \/>\n<meta property=\"og:site_name\" content=\"Volumec\" \/>\n<meta property=\"article:modified_time\" content=\"2025-10-27T09:32:22+00:00\" \/>\n<meta name=\"twitter:card\" content=\"summary_large_image\" \/>\n<meta name=\"twitter:label1\" content=\"Gesch\u00e4tzte Lesezeit\" \/>\n\t<meta name=\"twitter:data1\" content=\"4\u00a0Minuten\" \/>\n<script type=\"application\/ld+json\" class=\"yoast-schema-graph\">{\"@context\":\"https:\/\/schema.org\",\"@graph\":[{\"@type\":\"WebPage\",\"@id\":\"https:\/\/volumec.com\/de\/elektrische-gewindeschneidmaschine\/sniper-snp400\/\",\"url\":\"https:\/\/volumec.com\/de\/elektrische-gewindeschneidmaschine\/sniper-snp400\/\",\"name\":\"SNIPER - Volumec\",\"isPartOf\":{\"@id\":\"https:\/\/www.volumec.com\/en\/#website\"},\"datePublished\":\"2025-02-09T10:39:21+00:00\",\"dateModified\":\"2025-10-27T09:32:22+00:00\",\"breadcrumb\":{\"@id\":\"https:\/\/volumec.com\/de\/elektrische-gewindeschneidmaschine\/sniper-snp400\/#breadcrumb\"},\"inLanguage\":\"de\",\"potentialAction\":[{\"@type\":\"ReadAction\",\"target\":[\"https:\/\/volumec.com\/de\/elektrische-gewindeschneidmaschine\/sniper-snp400\/\"]}]},{\"@type\":\"BreadcrumbList\",\"@id\":\"https:\/\/volumec.com\/de\/elektrische-gewindeschneidmaschine\/sniper-snp400\/#breadcrumb\",\"itemListElement\":[{\"@type\":\"ListItem\",\"position\":1,\"name\":\"Home\",\"item\":\"https:\/\/volumec.com\/de\/\"},{\"@type\":\"ListItem\",\"position\":2,\"name\":\"Elektrische gewindeschneidmaschine\",\"item\":\"https:\/\/volumec.com\/de\/elektrische-gewindeschneidmaschine\/\"},{\"@type\":\"ListItem\",\"position\":3,\"name\":\"SNIPER\"}]},{\"@type\":\"WebSite\",\"@id\":\"https:\/\/www.volumec.com\/en\/#website\",\"url\":\"https:\/\/www.volumec.com\/en\/\",\"name\":\"Volumec.com\",\"description\":\"\",\"publisher\":{\"@id\":\"https:\/\/www.volumec.com\/en\/#organization\"},\"alternateName\":\"be innovative\",\"potentialAction\":[{\"@type\":\"SearchAction\",\"target\":{\"@type\":\"EntryPoint\",\"urlTemplate\":\"https:\/\/www.volumec.com\/en\/?s={search_term_string}\"},\"query-input\":{\"@type\":\"PropertyValueSpecification\",\"valueRequired\":true,\"valueName\":\"search_term_string\"}}],\"inLanguage\":\"de\"},{\"@type\":\"Organization\",\"@id\":\"https:\/\/www.volumec.com\/en\/#organization\",\"name\":\"Volumec\",\"url\":\"https:\/\/www.volumec.com\/en\/\",\"logo\":{\"@type\":\"ImageObject\",\"inLanguage\":\"de\",\"@id\":\"https:\/\/www.volumec.com\/en\/#\/schema\/logo\/image\/\",\"url\":\"https:\/\/volumec.com\/wp-content\/uploads\/2024\/12\/Volumec-logo.png\",\"contentUrl\":\"https:\/\/volumec.com\/wp-content\/uploads\/2024\/12\/Volumec-logo.png\",\"width\":320,\"height\":77,\"caption\":\"Volumec\"},\"image\":{\"@id\":\"https:\/\/www.volumec.com\/en\/#\/schema\/logo\/image\/\"}}]}<\/script>\n<!-- \/ Yoast SEO plugin. -->","yoast_head_json":{"title":"SNIPER - Volumec","robots":{"index":"index","follow":"follow","max-snippet":"max-snippet:-1","max-image-preview":"max-image-preview:large","max-video-preview":"max-video-preview:-1"},"canonical":"https:\/\/volumec.com\/de\/elektrische-gewindeschneidmaschine\/sniper-snp400\/","og_locale":"de_DE","og_type":"article","og_title":"SNIPER - Volumec","og_description":"[vc_row full_width=&#8220;stretch_row&#8220; css=&#8220;.vc_custom_1741127814658{padding-top: 70px !important;padding-bottom: 70px !important;background: #13212E url(http:\/\/volumec.com\/wp-content\/uploads\/2024\/12\/Be-innovative.jpg?id=277) !important;}&#8220;][vc_column][vc_column_text css=&#8220;&#8220;] SNIPER [\/vc_column_text][\/vc_column][\/vc_row][vc_row full_width=&#8220;stretch_row&#8220; el_class=&#8220;ptd80 pbd80 ptm40 pbm40&#8243;][vc_column width=&#8220;1\/2&#8243;][vc_column_text css=&#8220;&#8220;] Merkmale [\/vc_column_text][\/vc_column][vc_column width=&#8220;1\/2&#8243;][\/vc_column][\/vc_row][vc_row el_class=&#8220;mtd20 mtm20&#8243;][vc_column width=&#8220;1\/3&#8243; el_class=&#8220;cd cm&#8220;][\/vc_column][vc_column width=&#8220;1\/3&#8243; el_class=&#8220;popmake-7078&#8243;][\/vc_column][vc_column width=&#8220;1\/3&#8243;][\/vc_column][\/vc_row][vc_row el_class=&#8220;mtd70 mtm50 mbd65 mbm50&#8243;][vc_column][vc_column_text css=&#8220;&#8220;] Elektrische Gewindeschneidmaschine mit ausbalanciertem Arm [\/vc_column_text][vc_column_text css=&#8220;&#8220; el_class=&#8220;mtd50 mtm40&#8243; text_align=&#8220;center&#8220;]Sniper ist eine elektronische Gewindeschneidmaschine, welche mit einem b\u00fcrstenlosen Motor&hellip;","og_url":"https:\/\/volumec.com\/de\/elektrische-gewindeschneidmaschine\/sniper-snp400\/","og_site_name":"Volumec","article_modified_time":"2025-10-27T09:32:22+00:00","twitter_card":"summary_large_image","twitter_misc":{"Gesch\u00e4tzte Lesezeit":"4\u00a0Minuten"},"schema":{"@context":"https:\/\/schema.org","@graph":[{"@type":"WebPage","@id":"https:\/\/volumec.com\/de\/elektrische-gewindeschneidmaschine\/sniper-snp400\/","url":"https:\/\/volumec.com\/de\/elektrische-gewindeschneidmaschine\/sniper-snp400\/","name":"SNIPER - Volumec","isPartOf":{"@id":"https:\/\/www.volumec.com\/en\/#website"},"datePublished":"2025-02-09T10:39:21+00:00","dateModified":"2025-10-27T09:32:22+00:00","breadcrumb":{"@id":"https:\/\/volumec.com\/de\/elektrische-gewindeschneidmaschine\/sniper-snp400\/#breadcrumb"},"inLanguage":"de","potentialAction":[{"@type":"ReadAction","target":["https:\/\/volumec.com\/de\/elektrische-gewindeschneidmaschine\/sniper-snp400\/"]}]},{"@type":"BreadcrumbList","@id":"https:\/\/volumec.com\/de\/elektrische-gewindeschneidmaschine\/sniper-snp400\/#breadcrumb","itemListElement":[{"@type":"ListItem","position":1,"name":"Home","item":"https:\/\/volumec.com\/de\/"},{"@type":"ListItem","position":2,"name":"Elektrische gewindeschneidmaschine","item":"https:\/\/volumec.com\/de\/elektrische-gewindeschneidmaschine\/"},{"@type":"ListItem","position":3,"name":"SNIPER"}]},{"@type":"WebSite","@id":"https:\/\/www.volumec.com\/en\/#website","url":"https:\/\/www.volumec.com\/en\/","name":"Volumec.com","description":"","publisher":{"@id":"https:\/\/www.volumec.com\/en\/#organization"},"alternateName":"be innovative","potentialAction":[{"@type":"SearchAction","target":{"@type":"EntryPoint","urlTemplate":"https:\/\/www.volumec.com\/en\/?s={search_term_string}"},"query-input":{"@type":"PropertyValueSpecification","valueRequired":true,"valueName":"search_term_string"}}],"inLanguage":"de"},{"@type":"Organization","@id":"https:\/\/www.volumec.com\/en\/#organization","name":"Volumec","url":"https:\/\/www.volumec.com\/en\/","logo":{"@type":"ImageObject","inLanguage":"de","@id":"https:\/\/www.volumec.com\/en\/#\/schema\/logo\/image\/","url":"https:\/\/volumec.com\/wp-content\/uploads\/2024\/12\/Volumec-logo.png","contentUrl":"https:\/\/volumec.com\/wp-content\/uploads\/2024\/12\/Volumec-logo.png","width":320,"height":77,"caption":"Volumec"},"image":{"@id":"https:\/\/www.volumec.com\/en\/#\/schema\/logo\/image\/"}}]}},"_links":{"self":[{"href":"https:\/\/volumec.com\/de\/wp-json\/wp\/v2\/pages\/3744","targetHints":{"allow":["GET"]}}],"collection":[{"href":"https:\/\/volumec.com\/de\/wp-json\/wp\/v2\/pages"}],"about":[{"href":"https:\/\/volumec.com\/de\/wp-json\/wp\/v2\/types\/page"}],"author":[{"embeddable":true,"href":"https:\/\/volumec.com\/de\/wp-json\/wp\/v2\/users\/3"}],"replies":[{"embeddable":true,"href":"https:\/\/volumec.com\/de\/wp-json\/wp\/v2\/comments?post=3744"}],"version-history":[{"count":5,"href":"https:\/\/volumec.com\/de\/wp-json\/wp\/v2\/pages\/3744\/revisions"}],"predecessor-version":[{"id":8897,"href":"https:\/\/volumec.com\/de\/wp-json\/wp\/v2\/pages\/3744\/revisions\/8897"}],"up":[{"embeddable":true,"href":"https:\/\/volumec.com\/de\/wp-json\/wp\/v2\/pages\/496"}],"wp:attachment":[{"href":"https:\/\/volumec.com\/de\/wp-json\/wp\/v2\/media?parent=3744"}],"curies":[{"name":"wp","href":"https:\/\/api.w.org\/{rel}","templated":true}]}}