{"id":1063,"date":"2024-12-05T10:36:19","date_gmt":"2024-12-05T09:36:19","guid":{"rendered":"http:\/\/volumec.com\/?page_id=1063"},"modified":"2025-03-18T17:29:39","modified_gmt":"2025-03-18T16:29:39","slug":"unternehmen","status":"publish","type":"page","link":"https:\/\/volumec.com\/de\/unternehmen\/","title":{"rendered":"Unternehmen"},"content":{"rendered":"<div class=\"wpb-content-wrapper\">[vc_row full_width=&#8220;stretch_row&#8220; css=&#8220;.vc_custom_1741126917731{padding-top: 70px !important;padding-bottom: 70px !important;background: #13212E url(http:\/\/volumec.com\/wp-content\/uploads\/2024\/12\/Be-innovative.jpg?id=277) !important;}&#8220;][vc_column][vc_column_text css=&#8220;&#8220; text_align=&#8220;center&#8220; color=&#8220;#ffffff&#8220;]\n<h1>UNTERNEHMEN<\/h1>\n[\/vc_column_text]<style>.vcex-breadcrumbs.vcex_69e062d745f3d .sep{color:#ffffff;}.vcex-breadcrumbs.vcex_69e062d745f3d{text-align:center;color:#ffffff;--wpex-link-color:#ffffff;}<\/style><nav class=\"vcex-breadcrumbs vcex-breadcrumbs--links-inherit-color vcex-breadcrumbs--custom-color vcex_69e062d745f3d\"><span><span><a href=\"https:\/\/volumec.com\/de\/\">Home<\/a><\/span><\/span><\/nav>[\/vc_column][\/vc_row][vc_row][vc_column]<div class=\"vcex-spacing wpex-w-100 wpex-clear\" style=\"height:50px;\"><\/div><figure class=\"vcex-image vcex-module wpex-text-center\"><div class=\"vcex-image-inner wpex-relative wpex-inline-block\"><img width=\"1280\" height=\"360\" src=\"https:\/\/volumec.com\/wp-content\/uploads\/2025\/03\/volumec-azienda-DE.jpg\" class=\"vcex-image-img wpex-align-middle\" alt=\"\" loading=\"lazy\" decoding=\"async\" srcset=\"https:\/\/volumec.com\/wp-content\/uploads\/2025\/03\/volumec-azienda-DE.jpg 1280w, https:\/\/volumec.com\/wp-content\/uploads\/2025\/03\/volumec-azienda-DE-300x84.jpg 300w, https:\/\/volumec.com\/wp-content\/uploads\/2025\/03\/volumec-azienda-DE-1024x288.jpg 1024w, https:\/\/volumec.com\/wp-content\/uploads\/2025\/03\/volumec-azienda-DE-768x216.jpg 768w, https:\/\/volumec.com\/wp-content\/uploads\/2025\/03\/volumec-azienda-DE-600x169.jpg 600w\" sizes=\"auto, (max-width: 1280px) 100vw, 1280px\" \/><\/div><\/figure><div class=\"vcex-spacing wpex-w-100 wpex-clear\" style=\"height:50px;\"><\/div>[vc_column_text css=&#8220;&#8220;]Volumec\u00ae ist ein italienisches Unternehmen, das darauf abzielt, die Produktivit\u00e4t unserer Kunden zu verbessern und die Arbeit der Produktionsmitarbeiter durch sein Angebot an Maschinen und ergonomischen Armen zu erleichtern.<\/p>\n<p>Seit 2003 hat Volumec ein intensives Forschungs- und Entwicklungsprogramm gestartet, das zur Entwicklung einer Reihe von Gelenkarmsystemen gef\u00fchrt hat, die bei Gewindeschneid-, Bohr- und Schraubvorg\u00e4ngen eingesetzt werden.<\/p>\n<p>Um den neuen Produktions- und Sicherheitsanforderungen gerecht zu werden, hat Volumec\u00ae EASYARM auf den Markt gebracht, eine Reihe von &#8222;schwerelosen&#8220; Gelenkarmen, die entwickelt wurden, um die k\u00f6rperliche Anstrengung des Bedieners zu verringern und die Sicherheit in den Produktionsphasen zu erh\u00f6hen.<\/p>\n<p>Hinzu kommt die Reihe der Manipulatoren ROVER und EAM, die dank ihrer mobilen Basis leicht in verschiedene Produktionsbereiche transportiert werden k\u00f6nnen und sich mit dem modularen Greifsystem an verschiedene Werkst\u00fcckformen und zu handhabende Materialien anpassen k\u00f6nnen.<\/p>\n<p>Dank st\u00e4ndiger Innovation und dem Engagement f\u00fcr die Kundenzufriedenheit zeichnet sich Volumec\u00ae durch seine F\u00e4higkeit aus, qualitativ hochwertige Produkte anzubieten, die f\u00fcr eine breite Palette von Industriezweigen wie Robotik, Mechanik, Automatisierung, Luft- und Raumfahrt, Automobilindustrie und vieles mehr geeignet sind.<\/p>\n<p>Mit Produkten wie Sniper, Drilltronic, JoyTap, EasyArm und Rover ist Volumec bestrebt, die Erwartungen der Kunden zu \u00fcbertreffen und fortschrittliche und flexible L\u00f6sungen f\u00fcr moderne Produktionsanforderungen zu liefern.[\/vc_column_text]<div class=\"vcex-spacing wpex-w-100 wpex-clear\" style=\"height:50px;\"><\/div>[\/vc_column][\/vc_row][vc_row css_animation=&#8220;fadeIn&#8220; full_width=&#8220;stretch_row&#8220; content_placement=&#8220;middle&#8220; parallax=&#8220;content-moving&#8220; parallax_image=&#8220;277&#8243; el_class=&#8220;riga_banner ptd30 pbd30 ptm40 pbm40&#8243;][vc_column width=&#8220;1\/2&#8243;]<style>.vcex-image.vcex_69e062d74c81f .vcex-image-inner{max-width:600px;}<\/style><figure class=\"vcex-image vcex-module vcex_69e062d74c81f\"><div class=\"vcex-image-inner wpex-relative wpex-inline-block\"><img width=\"1000\" height=\"239\" src=\"https:\/\/volumec.com\/wp-content\/uploads\/2024\/12\/logo-Volumec.png\" class=\"vcex-image-img wpex-align-middle\" alt=\"\" loading=\"lazy\" decoding=\"async\" srcset=\"https:\/\/volumec.com\/wp-content\/uploads\/2024\/12\/logo-Volumec.png 1000w, https:\/\/volumec.com\/wp-content\/uploads\/2024\/12\/logo-Volumec-300x72.png 300w, https:\/\/volumec.com\/wp-content\/uploads\/2024\/12\/logo-Volumec-768x184.png 768w, https:\/\/volumec.com\/wp-content\/uploads\/2024\/12\/logo-Volumec-600x143.png 600w\" sizes=\"auto, (max-width: 1000px) 100vw, 1000px\" \/><\/div><\/figure>[\/vc_column][vc_column width=&#8220;1\/2&#8243; el_class=&#8220;ptm40 cm&#8220;][vc_column_text css=&#8220;&#8220; color=&#8220;#ffffff&#8220; font_size=&#8220;d:100px|pl:45px|pp:45px&#8220; line_height=&#8220;110%&#8220; font_weight=&#8220;300&#8243;]Be <strong>innovative<\/strong>[\/vc_column_text][\/vc_column][\/vc_row]\n<\/div>","protected":false},"excerpt":{"rendered":"<p>[vc_row full_width=&#8220;stretch_row&#8220; css=&#8220;.vc_custom_1741126917731{padding-top: 70px !important;padding-bottom: 70px !important;background: #13212E url(http:\/\/volumec.com\/wp-content\/uploads\/2024\/12\/Be-innovative.jpg?id=277) !important;}&#8220;][vc_column][vc_column_text css=&#8220;&#8220; text_align=&#8220;center&#8220; color=&#8220;#ffffff&#8220;] UNTERNEHMEN [\/vc_column_text][\/vc_column][\/vc_row][vc_row][vc_column][vc_column_text css=&#8220;&#8220;]Volumec\u00ae ist ein italienisches Unternehmen, das darauf abzielt, die Produktivit\u00e4t unserer Kunden zu verbessern und die Arbeit der Produktionsmitarbeiter durch sein Angebot an Maschinen und ergonomischen Armen zu erleichtern. Seit 2003 hat Volumec ein intensives Forschungs- und Entwicklungsprogramm gestartet, das&hellip;<\/p>\n","protected":false},"author":1,"featured_media":0,"parent":0,"menu_order":0,"comment_status":"closed","ping_status":"closed","template":"","meta":{"_acf_changed":false,"inline_featured_image":false,"footnotes":""},"class_list":["post-1063","page","type-page","status-publish","hentry","entry","no-media"],"acf":[],"yoast_head":"<!-- This site is optimized with the Yoast SEO plugin v25.1 - https:\/\/yoast.com\/wordpress\/plugins\/seo\/ -->\n<title>Unternehmen - Volumec<\/title>\n<meta name=\"robots\" content=\"index, follow, max-snippet:-1, max-image-preview:large, max-video-preview:-1\" \/>\n<link rel=\"canonical\" href=\"https:\/\/volumec.com\/azienda\/\" \/>\n<meta property=\"og:locale\" content=\"de_DE\" \/>\n<meta property=\"og:type\" content=\"article\" \/>\n<meta property=\"og:title\" content=\"Unternehmen - Volumec\" \/>\n<meta property=\"og:description\" content=\"[vc_row full_width=&#8220;stretch_row&#8220; css=&#8220;.vc_custom_1741126917731{padding-top: 70px !important;padding-bottom: 70px !important;background: #13212E url(http:\/\/volumec.com\/wp-content\/uploads\/2024\/12\/Be-innovative.jpg?id=277) !important;}&#8220;][vc_column][vc_column_text css=&#8220;&#8220; text_align=&#8220;center&#8220; color=&#8220;#ffffff&#8220;] UNTERNEHMEN [\/vc_column_text][\/vc_column][\/vc_row][vc_row][vc_column][vc_column_text css=&#8220;&#8220;]Volumec\u00ae ist ein italienisches Unternehmen, das darauf abzielt, die Produktivit\u00e4t unserer Kunden zu verbessern und die Arbeit der Produktionsmitarbeiter durch sein Angebot an Maschinen und ergonomischen Armen zu erleichtern. Seit 2003 hat Volumec ein intensives Forschungs- und Entwicklungsprogramm gestartet, das&hellip;\" \/>\n<meta property=\"og:url\" content=\"https:\/\/volumec.com\/azienda\/\" \/>\n<meta property=\"og:site_name\" content=\"Volumec\" \/>\n<meta property=\"article:modified_time\" content=\"2025-03-18T16:29:39+00:00\" \/>\n<meta name=\"twitter:card\" content=\"summary_large_image\" \/>\n<meta name=\"twitter:label1\" content=\"Gesch\u00e4tzte Lesezeit\" \/>\n\t<meta name=\"twitter:data1\" content=\"2\u00a0Minuten\" \/>\n<script type=\"application\/ld+json\" class=\"yoast-schema-graph\">{\"@context\":\"https:\/\/schema.org\",\"@graph\":[{\"@type\":\"WebPage\",\"@id\":\"https:\/\/volumec.com\/azienda\/\",\"url\":\"https:\/\/volumec.com\/azienda\/\",\"name\":\"Unternehmen - Volumec\",\"isPartOf\":{\"@id\":\"https:\/\/www.volumec.com\/en\/#website\"},\"datePublished\":\"2024-12-05T09:36:19+00:00\",\"dateModified\":\"2025-03-18T16:29:39+00:00\",\"breadcrumb\":{\"@id\":\"https:\/\/volumec.com\/azienda\/#breadcrumb\"},\"inLanguage\":\"de\",\"potentialAction\":[{\"@type\":\"ReadAction\",\"target\":[\"https:\/\/volumec.com\/azienda\/\"]}]},{\"@type\":\"BreadcrumbList\",\"@id\":\"https:\/\/volumec.com\/azienda\/#breadcrumb\",\"itemListElement\":[{\"@type\":\"ListItem\",\"position\":1,\"name\":\"Home\",\"item\":\"https:\/\/volumec.com\/de\/\"},{\"@type\":\"ListItem\",\"position\":2,\"name\":\"Unternehmen\"}]},{\"@type\":\"WebSite\",\"@id\":\"https:\/\/www.volumec.com\/en\/#website\",\"url\":\"https:\/\/www.volumec.com\/en\/\",\"name\":\"Volumec.com\",\"description\":\"\",\"publisher\":{\"@id\":\"https:\/\/www.volumec.com\/en\/#organization\"},\"alternateName\":\"be innovative\",\"potentialAction\":[{\"@type\":\"SearchAction\",\"target\":{\"@type\":\"EntryPoint\",\"urlTemplate\":\"https:\/\/www.volumec.com\/en\/?s={search_term_string}\"},\"query-input\":{\"@type\":\"PropertyValueSpecification\",\"valueRequired\":true,\"valueName\":\"search_term_string\"}}],\"inLanguage\":\"de\"},{\"@type\":\"Organization\",\"@id\":\"https:\/\/www.volumec.com\/en\/#organization\",\"name\":\"Volumec\",\"url\":\"https:\/\/www.volumec.com\/en\/\",\"logo\":{\"@type\":\"ImageObject\",\"inLanguage\":\"de\",\"@id\":\"https:\/\/www.volumec.com\/en\/#\/schema\/logo\/image\/\",\"url\":\"https:\/\/volumec.com\/wp-content\/uploads\/2024\/12\/Volumec-logo.png\",\"contentUrl\":\"https:\/\/volumec.com\/wp-content\/uploads\/2024\/12\/Volumec-logo.png\",\"width\":320,\"height\":77,\"caption\":\"Volumec\"},\"image\":{\"@id\":\"https:\/\/www.volumec.com\/en\/#\/schema\/logo\/image\/\"}}]}<\/script>\n<!-- \/ Yoast SEO plugin. -->","yoast_head_json":{"title":"Unternehmen - Volumec","robots":{"index":"index","follow":"follow","max-snippet":"max-snippet:-1","max-image-preview":"max-image-preview:large","max-video-preview":"max-video-preview:-1"},"canonical":"https:\/\/volumec.com\/azienda\/","og_locale":"de_DE","og_type":"article","og_title":"Unternehmen - Volumec","og_description":"[vc_row full_width=&#8220;stretch_row&#8220; css=&#8220;.vc_custom_1741126917731{padding-top: 70px !important;padding-bottom: 70px !important;background: #13212E url(http:\/\/volumec.com\/wp-content\/uploads\/2024\/12\/Be-innovative.jpg?id=277) !important;}&#8220;][vc_column][vc_column_text css=&#8220;&#8220; text_align=&#8220;center&#8220; color=&#8220;#ffffff&#8220;] UNTERNEHMEN [\/vc_column_text][\/vc_column][\/vc_row][vc_row][vc_column][vc_column_text css=&#8220;&#8220;]Volumec\u00ae ist ein italienisches Unternehmen, das darauf abzielt, die Produktivit\u00e4t unserer Kunden zu verbessern und die Arbeit der Produktionsmitarbeiter durch sein Angebot an Maschinen und ergonomischen Armen zu erleichtern. Seit 2003 hat Volumec ein intensives Forschungs- und Entwicklungsprogramm gestartet, das&hellip;","og_url":"https:\/\/volumec.com\/azienda\/","og_site_name":"Volumec","article_modified_time":"2025-03-18T16:29:39+00:00","twitter_card":"summary_large_image","twitter_misc":{"Gesch\u00e4tzte Lesezeit":"2\u00a0Minuten"},"schema":{"@context":"https:\/\/schema.org","@graph":[{"@type":"WebPage","@id":"https:\/\/volumec.com\/azienda\/","url":"https:\/\/volumec.com\/azienda\/","name":"Unternehmen - Volumec","isPartOf":{"@id":"https:\/\/www.volumec.com\/en\/#website"},"datePublished":"2024-12-05T09:36:19+00:00","dateModified":"2025-03-18T16:29:39+00:00","breadcrumb":{"@id":"https:\/\/volumec.com\/azienda\/#breadcrumb"},"inLanguage":"de","potentialAction":[{"@type":"ReadAction","target":["https:\/\/volumec.com\/azienda\/"]}]},{"@type":"BreadcrumbList","@id":"https:\/\/volumec.com\/azienda\/#breadcrumb","itemListElement":[{"@type":"ListItem","position":1,"name":"Home","item":"https:\/\/volumec.com\/de\/"},{"@type":"ListItem","position":2,"name":"Unternehmen"}]},{"@type":"WebSite","@id":"https:\/\/www.volumec.com\/en\/#website","url":"https:\/\/www.volumec.com\/en\/","name":"Volumec.com","description":"","publisher":{"@id":"https:\/\/www.volumec.com\/en\/#organization"},"alternateName":"be innovative","potentialAction":[{"@type":"SearchAction","target":{"@type":"EntryPoint","urlTemplate":"https:\/\/www.volumec.com\/en\/?s={search_term_string}"},"query-input":{"@type":"PropertyValueSpecification","valueRequired":true,"valueName":"search_term_string"}}],"inLanguage":"de"},{"@type":"Organization","@id":"https:\/\/www.volumec.com\/en\/#organization","name":"Volumec","url":"https:\/\/www.volumec.com\/en\/","logo":{"@type":"ImageObject","inLanguage":"de","@id":"https:\/\/www.volumec.com\/en\/#\/schema\/logo\/image\/","url":"https:\/\/volumec.com\/wp-content\/uploads\/2024\/12\/Volumec-logo.png","contentUrl":"https:\/\/volumec.com\/wp-content\/uploads\/2024\/12\/Volumec-logo.png","width":320,"height":77,"caption":"Volumec"},"image":{"@id":"https:\/\/www.volumec.com\/en\/#\/schema\/logo\/image\/"}}]}},"_links":{"self":[{"href":"https:\/\/volumec.com\/de\/wp-json\/wp\/v2\/pages\/1063","targetHints":{"allow":["GET"]}}],"collection":[{"href":"https:\/\/volumec.com\/de\/wp-json\/wp\/v2\/pages"}],"about":[{"href":"https:\/\/volumec.com\/de\/wp-json\/wp\/v2\/types\/page"}],"author":[{"embeddable":true,"href":"https:\/\/volumec.com\/de\/wp-json\/wp\/v2\/users\/1"}],"replies":[{"embeddable":true,"href":"https:\/\/volumec.com\/de\/wp-json\/wp\/v2\/comments?post=1063"}],"version-history":[{"count":4,"href":"https:\/\/volumec.com\/de\/wp-json\/wp\/v2\/pages\/1063\/revisions"}],"predecessor-version":[{"id":3617,"href":"https:\/\/volumec.com\/de\/wp-json\/wp\/v2\/pages\/1063\/revisions\/3617"}],"wp:attachment":[{"href":"https:\/\/volumec.com\/de\/wp-json\/wp\/v2\/media?parent=1063"}],"curies":[{"name":"wp","href":"https:\/\/api.w.org\/{rel}","templated":true}]}}